{"id":9518,"date":"2023-06-08T12:39:44","date_gmt":"2023-06-08T12:39:44","guid":{"rendered":"https:\/\/moverdb.com\/?page_id=9518"},"modified":"2026-01-08T15:24:25","modified_gmt":"2026-01-08T15:24:25","slug":"moving-companies-serbia","status":"publish","type":"page","link":"https:\/\/moverdb.com\/de\/moving-companies\/moving-companies-serbia\/","title":{"rendered":"Die 3 besten internationalen Umzugsunternehmen in Serbien"},"content":{"rendered":"<p>Wenn Sie einen Umzug innerhalb Serbiens, nach Serbien oder von Serbien aus planen, ziehen Sie vielleicht in Erw\u00e4gung, die Dienste einer Agentur in Anspruch zu nehmen. <a href=\"https:\/\/moverdb.com\/de\/moving-companies\/\" data-internallinksmanager029f6b8e52c=\"79\" title=\"Top 25 Internationale Umzugsunternehmen Online\">Umzugsunternehmen<\/a> um Ihnen bei der Verpackung, dem Transport und der Dokumentation zu helfen. Im Folgenden haben wir eine Liste von serbischen <a href=\"https:\/\/moverdb.com\/de\/international-removals\/\" data-internallinksmanager029f6b8e52c=\"27\" title=\"36 Beste internationale Umzugsunternehmen in Gro\u00dfbritannien\">Umzugsunternehmen<\/a> die Mitglieder der <a href=\"https:\/\/moverdb.com\/de\/iam\/\" data-internallinksmanager029f6b8e52c=\"23\" title=\"International Association of Movers (IAM) erkl\u00e4rt\">Internationaler Verband der M\u00f6belspediteure<\/a> (IAM) und\/oder <a href=\"https:\/\/moverdb.com\/de\/fidi-faim\/\" data-internallinksmanager029f6b8e52c=\"16\" title=\"FIDI &amp; FAIM (FIDI Accredited International Mover) Erl\u00e4utert\">FIDI<\/a> Accredited International Mover (FAIM), die Ihnen bei Ihrem Umzug helfen k\u00f6nnen.<\/p>\n<h2><strong>1. Umsiedlungen auf dem Balkan<\/strong><\/h2>\n<p><img loading=\"lazy\" decoding=\"async\" class=\"alignnone size-full wp-image-9337\" src=\"https:\/\/moverdb.com\/wp-content\/uploads\/Balkan-Relocations-international-moving-company.png\" alt=\"Balkan Relocations internationales Umzugsunternehmen\" width=\"1440\" height=\"677\" data-wp-pid=\"9337\" srcset=\"https:\/\/moverdb.com\/wp-content\/uploads\/Balkan-Relocations-international-moving-company.png 1440w, https:\/\/moverdb.com\/wp-content\/uploads\/Balkan-Relocations-international-moving-company-300x141.png 300w, https:\/\/moverdb.com\/wp-content\/uploads\/Balkan-Relocations-international-moving-company-1024x481.png 1024w, https:\/\/moverdb.com\/wp-content\/uploads\/Balkan-Relocations-international-moving-company-18x8.png 18w, https:\/\/moverdb.com\/wp-content\/uploads\/Balkan-Relocations-international-moving-company-600x282.png 600w\" sizes=\"auto, (max-width: 1440px) 100vw, 1440px\" \/><\/p>\n<ul>\n<li>Lokale Umz\u00fcge<\/li>\n<li>Internationale Umz\u00fcge<\/li>\n<li>Umz\u00fcge im Haushalt<\/li>\n<li>Firmenumz\u00fcge<\/li>\n<li>Optionen f\u00fcr die Verpackung<\/li>\n<li>Land-, See- und Luftverkehr<\/li>\n<li>Zolldienste<\/li>\n<li>Haustier bewegt sich<\/li>\n<li>Versicherung<\/li>\n<li>Lagereinrichtungen<\/li>\n<\/ul>\n<p>Balkan Relocations ist ein Umzugs-, Logistik- und Transportdienstleister, der von Belgrad aus operiert. Sie sind Teil eines globalen Netzwerks von Umzugsagenten und Dienstleistungspartnern, die sie bei der Erbringung von Dienstleistungen au\u00dferhalb Serbiens unterst\u00fctzen. Das Unternehmen ist seit sechs Jahren Mitglied der IAM.<\/p>\n<p>Balkan Relocations bietet einen T\u00fcr-zu-T\u00fcr-Umzugsservice mit einer Auswahl an Verpackungsoptionen an, die von der reinen Zerbrechlichkeitsverpackung \u00fcber die Selbstverpackung mit bereitgestelltem Verpackungsmaterial bis hin zum vollst\u00e4ndigen Verpackungsservice reichen. Sie bieten weltweite Transporte auf dem Land-, See- oder Luftweg mit Zollhilfe und Versicherung. Sie bieten auch Installations- und Montagedienste, Haustierumz\u00fcge, Umzugsdienste und Unterst\u00fctzung bei der Einwanderung an.<\/p>\n<p>Website: <a href=\"http:\/\/www.balkanrelocations.com\" target=\"_blank\" rel=\"noopener\">http:\/\/www.balkanrelocations.com<\/a><\/p>\n<h2><strong>2. Orphee Beinoglou<\/strong><\/h2>\n<p><img loading=\"lazy\" decoding=\"async\" class=\"alignnone size-full wp-image-9408\" src=\"https:\/\/moverdb.com\/wp-content\/uploads\/Orphee-Beinoglou-Serbia-international-moving-company.png\" alt=\"Orphee Beinoglou Serbien internationales Umzugsunternehmen\" width=\"1440\" height=\"680\" data-wp-pid=\"9408\" srcset=\"https:\/\/moverdb.com\/wp-content\/uploads\/Orphee-Beinoglou-Serbia-international-moving-company.png 1440w, https:\/\/moverdb.com\/wp-content\/uploads\/Orphee-Beinoglou-Serbia-international-moving-company-300x142.png 300w, https:\/\/moverdb.com\/wp-content\/uploads\/Orphee-Beinoglou-Serbia-international-moving-company-1024x484.png 1024w, https:\/\/moverdb.com\/wp-content\/uploads\/Orphee-Beinoglou-Serbia-international-moving-company-18x9.png 18w, https:\/\/moverdb.com\/wp-content\/uploads\/Orphee-Beinoglou-Serbia-international-moving-company-600x283.png 600w\" sizes=\"auto, (max-width: 1440px) 100vw, 1440px\" \/><\/p>\n<ul>\n<li>Lokale und nationale Umz\u00fcge<\/li>\n<li>Internationale Umz\u00fcge<\/li>\n<li>Umz\u00fcge im Haushalt<\/li>\n<li>B\u00fcroumz\u00fcge<\/li>\n<li>Haus-zu-Haus-Dienst<\/li>\n<li>Verpackungsservice<\/li>\n<li>See-, Luft- und Landverkehr<\/li>\n<li>Zollabfertigung<\/li>\n<li>Versicherung<\/li>\n<li>Speicherdienste<\/li>\n<\/ul>\n<p>Orphee Beinoglou ist ein G\u00fctertransport- und Logistikunternehmen, das 1923 in <a href=\"https:\/\/moverdb.com\/de\/moving-to-greece\/\" data-internallinksmanager029f6b8e52c=\"353\" title=\"Umzug nach Griechenland? 2026 Lebenshaltungskosten &amp; Umzugstipps\">Griechenland<\/a> mit Niederlassungen in den Balkanl\u00e4ndern und im \u00f6stlichen Mittelmeerraum. Ihr serbisches B\u00fcro befindet sich in Belgrad. Sie nutzen ein globales Netzwerk, das sie bei der Erbringung von Dienstleistungen in anderen L\u00e4ndern unterst\u00fctzt. Das Unternehmen ist seit vier Jahren Mitglied der IAM.<\/p>\n<p>Orphee Beinglou bietet einen pers\u00f6nlichen T\u00fcr-zu-T\u00fcr-Umzugsservice mit einer Umfrage vor dem Umzug, um Ihren Umzug zu planen. Sie bieten einen Verpackungsservice mit speziellem Verpackungsmaterial und geschulten Teams. Sie transportieren Ihr Hab und Gut auf dem See-, Luft- oder Landweg und helfen Ihnen bei der Zollabfertigung, bevor sie Ihr Hab und Gut ausliefern und beim Auspacken helfen.<\/p>\n<p>Website: <a href=\"https:\/\/orbit.rs\" target=\"_blank\" rel=\"noopener\">https:\/\/orbit.rs<\/a><\/p>\n<h2><strong>3. Vision 4 Logistik<\/strong><\/h2>\n<p><img loading=\"lazy\" decoding=\"async\" class=\"alignnone size-full wp-image-9444\" src=\"https:\/\/moverdb.com\/wp-content\/uploads\/Vision-4-Logistics-international-moving-company.png\" alt=\"Vision 4 Logistics internationales Umzugsunternehmen\" width=\"1440\" height=\"678\" data-wp-pid=\"9444\" srcset=\"https:\/\/moverdb.com\/wp-content\/uploads\/Vision-4-Logistics-international-moving-company.png 1440w, https:\/\/moverdb.com\/wp-content\/uploads\/Vision-4-Logistics-international-moving-company-300x141.png 300w, https:\/\/moverdb.com\/wp-content\/uploads\/Vision-4-Logistics-international-moving-company-1024x482.png 1024w, https:\/\/moverdb.com\/wp-content\/uploads\/Vision-4-Logistics-international-moving-company-18x8.png 18w, https:\/\/moverdb.com\/wp-content\/uploads\/Vision-4-Logistics-international-moving-company-600x283.png 600w\" sizes=\"auto, (max-width: 1440px) 100vw, 1440px\" \/><\/p>\n<ul>\n<li>Lokale Umz\u00fcge<\/li>\n<li>Internationale Umz\u00fcge<\/li>\n<li>Umz\u00fcge im Haushalt<\/li>\n<li>Firmenumz\u00fcge<\/li>\n<li>Haus-zu-Haus-Dienst<\/li>\n<li>See-, Stra\u00dfen-, Schienen- und Luftfracht<\/li>\n<li>Auswahl an Ladeoptionen<\/li>\n<li>Zollabfertigung<\/li>\n<li>All-Risk-Versicherung<\/li>\n<li>Lagereinrichtungen<\/li>\n<\/ul>\n<p>Vision 4 Logistics ist ein im Jahr 2018 gegr\u00fcndetes Speditionsunternehmen mit Sitz in Belgrad. Sie bietet internationale Umz\u00fcge \u00fcber ihr Netzwerk ausgew\u00e4hlter Agenten in der ganzen Welt an. Das Unternehmen ist Mitglied der IAM und kann auf f\u00fcnf Jahre Erfahrung zur\u00fcckblicken.<\/p>\n<p>Vision 4 Logistics bietet T\u00fcr-zu-T\u00fcr-Umzugsdienste f\u00fcr lokale und internationale Umz\u00fcge an. Sie verf\u00fcgen \u00fcber professionelles Personal und Ausr\u00fcstung, die sie beim Umzug von Haushalten und Firmenkunden unterst\u00fctzen. Das Unternehmen bietet Schienen-, Luft-, Stra\u00dfen- und Seetransporte an, die volle Containerladungen, weniger als Containerladungen, volle LKW-Ladungen und weniger als LKW-Ladungen umfassen. Als Pr\u00e4ventivma\u00dfnahme bieten sie eine Vollkaskoversicherung an.<\/p>\n<p>Website: <a href=\"http:\/\/www.v4l.rs\" target=\"_blank\" rel=\"noopener\">http:\/\/www.v4l.rs<\/a><\/p>","protected":false},"excerpt":{"rendered":"<p>If you are planning a move within, to or from Serbia, you may be considering employing the services of a moving company to assist you with packing, transportation and documentation. Below we have compiled a list of Serbian removal companies that are members of the International Association of Movers (IAM) and\/or FIDI Accredited International Mover [&hellip;]<\/p>\n","protected":false},"author":4,"featured_media":9337,"parent":190,"menu_order":0,"comment_status":"closed","ping_status":"closed","template":"","meta":{"_genesis_hide_title":false,"_genesis_hide_breadcrumbs":false,"_genesis_hide_singular_image":false,"_genesis_hide_footer_widgets":false,"_genesis_custom_body_class":"","_genesis_custom_post_class":"","_genesis_layout":"","footnotes":""},"class_list":{"0":"post-9518","1":"page","2":"type-page","3":"status-publish","4":"has-post-thumbnail","6":"entry"},"_links":{"self":[{"href":"https:\/\/moverdb.com\/de\/wp-json\/wp\/v2\/pages\/9518","targetHints":{"allow":["GET"]}}],"collection":[{"href":"https:\/\/moverdb.com\/de\/wp-json\/wp\/v2\/pages"}],"about":[{"href":"https:\/\/moverdb.com\/de\/wp-json\/wp\/v2\/types\/page"}],"author":[{"embeddable":true,"href":"https:\/\/moverdb.com\/de\/wp-json\/wp\/v2\/users\/4"}],"replies":[{"embeddable":true,"href":"https:\/\/moverdb.com\/de\/wp-json\/wp\/v2\/comments?post=9518"}],"version-history":[{"count":1,"href":"https:\/\/moverdb.com\/de\/wp-json\/wp\/v2\/pages\/9518\/revisions"}],"predecessor-version":[{"id":9519,"href":"https:\/\/moverdb.com\/de\/wp-json\/wp\/v2\/pages\/9518\/revisions\/9519"}],"up":[{"embeddable":true,"href":"https:\/\/moverdb.com\/de\/wp-json\/wp\/v2\/pages\/190"}],"wp:featuredmedia":[{"embeddable":true,"href":"https:\/\/moverdb.com\/de\/wp-json\/wp\/v2\/media\/9337"}],"wp:attachment":[{"href":"https:\/\/moverdb.com\/de\/wp-json\/wp\/v2\/media?parent=9518"}],"curies":[{"name":"wp","href":"https:\/\/api.w.org\/{rel}","templated":true}]}}