{"id":9512,"date":"2023-06-08T12:42:23","date_gmt":"2023-06-08T12:42:23","guid":{"rendered":"https:\/\/moverdb.com\/?page_id=9512"},"modified":"2026-01-08T15:29:37","modified_gmt":"2026-01-08T15:29:37","slug":"moving-companies-romania","status":"publish","type":"page","link":"https:\/\/moverdb.com\/de\/moving-companies\/moving-companies-romania\/","title":{"rendered":"Die 8 besten internationalen Umzugsunternehmen in Rum\u00e4nien"},"content":{"rendered":"<p>Planen Sie einen Umzug innerhalb, nach oder aus Rum\u00e4nien? Dann sollten Sie die Dienste eines Umzugsunternehmens in Anspruch nehmen. <a href=\"https:\/\/moverdb.com\/de\/moving-companies\/\" data-internallinksmanager029f6b8e52c=\"79\" title=\"Top 25 Internationale Umzugsunternehmen Online\">Umzugsunternehmen<\/a> um Sie bei Ihrem Umzug zu unterst\u00fctzen. Im Folgenden haben wir eine Liste der in Rum\u00e4nien ans\u00e4ssigen Unternehmen zusammengestellt <a href=\"https:\/\/moverdb.com\/de\/international-removals\/\" data-internallinksmanager029f6b8e52c=\"27\" title=\"36 Beste internationale Umzugsunternehmen in Gro\u00dfbritannien\">Umzugsunternehmen<\/a> die Mitglieder der <a href=\"https:\/\/moverdb.com\/de\/iam\/\" data-internallinksmanager029f6b8e52c=\"23\" title=\"International Association of Movers (IAM) erkl\u00e4rt\">Internationaler Verband der M\u00f6belspediteure<\/a> (IAM) und\/oder <a href=\"https:\/\/moverdb.com\/de\/fidi-faim\/\" data-internallinksmanager029f6b8e52c=\"16\" title=\"FIDI &amp; FAIM (FIDI Accredited International Mover) Erl\u00e4utert\">FIDI<\/a> Accredited International Mover (FAIM), die Ihnen bei Ihrem Umzug helfen k\u00f6nnen.<\/p>\n<div id=\"ez-toc-container\" class=\"ez-toc-v2_0_82_2 ez-toc-wrap-left counter-hierarchy ez-toc-counter ez-toc-transparent ez-toc-container-direction\">\n<div class=\"ez-toc-title-container\">\n<p class=\"ez-toc-title\" style=\"cursor:inherit\">Rubriken<\/p>\n<span class=\"ez-toc-title-toggle\"><a href=\"#\" class=\"ez-toc-pull-right ez-toc-btn ez-toc-btn-xs ez-toc-btn-default ez-toc-toggle\" aria-label=\"Inhaltsverzeichnis umschalten\"><span class=\"ez-toc-js-icon-con\"><span class=\"\"><span class=\"eztoc-hide\" style=\"display:none;\">Umschalten auf<\/span><span class=\"ez-toc-icon-toggle-span\"><svg style=\"fill: #999;color:#999\" xmlns=\"http:\/\/www.w3.org\/2000\/svg\" class=\"list-377408\" width=\"20px\" height=\"20px\" viewbox=\"0 0 24 24\" fill=\"none\"><path d=\"M6 6H4v2h2V6zm14 0H8v2h12V6zM4 11h2v2H4v-2zm16 0H8v2h12v-2zM4 16h2v2H4v-2zm16 0H8v2h12v-2z\" fill=\"currentColor\"><\/path><\/svg><svg style=\"fill: #999;color:#999\" class=\"arrow-unsorted-368013\" xmlns=\"http:\/\/www.w3.org\/2000\/svg\" width=\"10px\" height=\"10px\" viewbox=\"0 0 24 24\" version=\"1.2\" baseprofile=\"tiny\"><path d=\"M18.2 9.3l-6.2-6.3-6.2 6.3c-.2.2-.3.4-.3.7s.1.5.3.7c.2.2.4.3.7.3h11c.3 0 .5-.1.7-.3.2-.2.3-.5.3-.7s-.1-.5-.3-.7zM5.8 14.7l6.2 6.3 6.2-6.3c.2-.2.3-.5.3-.7s-.1-.5-.3-.7c-.2-.2-.4-.3-.7-.3h-11c-.3 0-.5.1-.7.3-.2.2-.3.5-.3.7s.1.5.3.7z\"\/><\/svg><\/span><\/span><\/span><\/a><\/span><\/div>\n<nav><ul class='ez-toc-list ez-toc-list-level-1 eztoc-toggle-hide-by-default' ><li class='ez-toc-page-1 ez-toc-heading-level-2'><a class=\"ez-toc-link ez-toc-heading-1\" href=\"https:\/\/moverdb.com\/de\/moving-companies\/moving-companies-romania\/#1_EE_Relo\" >1. EE Relo<\/a><\/li><li class='ez-toc-page-1 ez-toc-heading-level-2'><a class=\"ez-toc-link ez-toc-heading-2\" href=\"https:\/\/moverdb.com\/de\/moving-companies\/moving-companies-romania\/#2_Gosselin\" >2. Gosselin<\/a><\/li><li class='ez-toc-page-1 ez-toc-heading-level-2'><a class=\"ez-toc-link ez-toc-heading-3\" href=\"https:\/\/moverdb.com\/de\/moving-companies\/moving-companies-romania\/#3_Orbit\" >3. Umlaufbahn<\/a><\/li><li class='ez-toc-page-1 ez-toc-heading-level-2'><a class=\"ez-toc-link ez-toc-heading-4\" href=\"https:\/\/moverdb.com\/de\/moving-companies\/moving-companies-romania\/#4_Premier_Moving_Storage\" >4. Premier Umzug &amp; Lagerung<\/a><\/li><li class='ez-toc-page-1 ez-toc-heading-level-2'><a class=\"ez-toc-link ez-toc-heading-5\" href=\"https:\/\/moverdb.com\/de\/moving-companies\/moving-companies-romania\/#5_Rilvan_Group\" >5. Rilvan-Gruppe<\/a><\/li><li class='ez-toc-page-1 ez-toc-heading-level-2'><a class=\"ez-toc-link ez-toc-heading-6\" href=\"https:\/\/moverdb.com\/de\/moving-companies\/moving-companies-romania\/#6_Santa_Fe_Relocation\" >6. Santa Fe Verlegung<\/a><\/li><li class='ez-toc-page-1 ez-toc-heading-level-2'><a class=\"ez-toc-link ez-toc-heading-7\" href=\"https:\/\/moverdb.com\/de\/moving-companies\/moving-companies-romania\/#7_Smartmoving_Logistics\" >7. Smartmoving Logistik<\/a><\/li><li class='ez-toc-page-1 ez-toc-heading-level-2'><a class=\"ez-toc-link ez-toc-heading-8\" href=\"https:\/\/moverdb.com\/de\/moving-companies\/moving-companies-romania\/#8_CDD_Relocation\" >8. CDD Verlagerung<\/a><\/li><li class='ez-toc-page-1 ez-toc-heading-level-2'><a class=\"ez-toc-link ez-toc-heading-9\" href=\"https:\/\/moverdb.com\/de\/moving-companies\/moving-companies-romania\/#Other_Useful_Guides_to_Romania\" >Andere n\u00fctzliche Reisef\u00fchrer f\u00fcr Rum\u00e4nien<\/a><\/li><\/ul><\/nav><\/div>\n<h2><span class=\"ez-toc-section\" id=\"1_EE_Relo\"><\/span><strong>1. EE Relo<\/strong><span class=\"ez-toc-section-end\"><\/span><\/h2>\n<p><img loading=\"lazy\" decoding=\"async\" class=\"alignnone size-full wp-image-9356\" src=\"https:\/\/moverdb.com\/wp-content\/uploads\/EE-Relo-international-moving-company.png\" alt=\"EE Relo Internationales Umzugsunternehmen\" width=\"1440\" height=\"672\" data-wp-pid=\"9356\" srcset=\"https:\/\/moverdb.com\/wp-content\/uploads\/EE-Relo-international-moving-company.png 1440w, https:\/\/moverdb.com\/wp-content\/uploads\/EE-Relo-international-moving-company-300x140.png 300w, https:\/\/moverdb.com\/wp-content\/uploads\/EE-Relo-international-moving-company-1024x478.png 1024w, https:\/\/moverdb.com\/wp-content\/uploads\/EE-Relo-international-moving-company-18x8.png 18w, https:\/\/moverdb.com\/wp-content\/uploads\/EE-Relo-international-moving-company-600x280.png 600w\" sizes=\"auto, (max-width: 1440px) 100vw, 1440px\" \/><\/p>\n<ul>\n<li>Lokale Umz\u00fcge<\/li>\n<li>Internationale Umz\u00fcge<\/li>\n<li>Umz\u00fcge im Haushalt<\/li>\n<li>Gesch\u00e4ftliche Umz\u00fcge<\/li>\n<li>Haus-zu-Haus-Dienste<\/li>\n<li>Umfrage vor dem Umzug<\/li>\n<li>Vollst\u00e4ndiger Verpackungsservice<\/li>\n<li>Zollformalit\u00e4ten<\/li>\n<li>Transport von Haustieren und Autos<\/li>\n<li>L\u00f6sungen f\u00fcr die Lagerung<\/li>\n<\/ul>\n<p>EE Relo ist ein Umzugsmanagementunternehmen mit Niederlassungen in Osteuropa, darunter auch in Bukarest in Rum\u00e4nien. Sie verf\u00fcgen \u00fcber ein umfangreiches Netz von Partnern, die sie bei der Bereitstellung globaler Dienstleistungen unterst\u00fctzen. Sie sind seit neun Jahren Mitglied der IAM.<\/p>\n<p>EE Relo bietet Haus-zu-Haus-Umz\u00fcge und Umzugsdienstleistungen an, die Ihr Haus, Ihr Unternehmen, Ihre Haustiere, Ihr Auto und Ihre Kunstwerke umfassen k\u00f6nnen. Sie bieten einen einzigen Ansprechpartner, der Ihren Umzug verwaltet, einschlie\u00dflich der Bewertung Ihrer Anforderungen, eines vollst\u00e4ndigen Packservice, der Demontage von M\u00f6beln, der Organisation des Transports und des Auspackens. Zu den Umzugsdienstleistungen geh\u00f6ren auch die Suche nach einem neuen Wohnort und einer neuen Schule, Unterst\u00fctzung bei der Einwanderung und Eingew\u00f6hnung mit einem Concierge-Service, der Sie bei der Einrichtung unterst\u00fctzt.<\/p>\n<p>Website: <a href=\"https:\/\/www.eerelo.com\" target=\"_blank\" rel=\"noopener\">https:\/\/www.eerelo.com<\/a><\/p>\n<h2><span class=\"ez-toc-section\" id=\"2_Gosselin\"><\/span><strong>2. Gosselin<\/strong><span class=\"ez-toc-section-end\"><\/span><\/h2>\n<p><img loading=\"lazy\" decoding=\"async\" class=\"alignnone size-full wp-image-9375\" src=\"https:\/\/moverdb.com\/wp-content\/uploads\/Gosselin-Romania-international-moving-company.png\" alt=\"Gosselin Rum\u00e4nien internationales Umzugsunternehmen\" width=\"1440\" height=\"681\" data-wp-pid=\"9375\" srcset=\"https:\/\/moverdb.com\/wp-content\/uploads\/Gosselin-Romania-international-moving-company.png 1440w, https:\/\/moverdb.com\/wp-content\/uploads\/Gosselin-Romania-international-moving-company-300x142.png 300w, https:\/\/moverdb.com\/wp-content\/uploads\/Gosselin-Romania-international-moving-company-1024x484.png 1024w, https:\/\/moverdb.com\/wp-content\/uploads\/Gosselin-Romania-international-moving-company-18x9.png 18w, https:\/\/moverdb.com\/wp-content\/uploads\/Gosselin-Romania-international-moving-company-600x284.png 600w\" sizes=\"auto, (max-width: 1440px) 100vw, 1440px\" \/><\/p>\n<ul>\n<li>Nationale Umz\u00fcge<\/li>\n<li>Internationale Umz\u00fcge<\/li>\n<li>Umz\u00fcge im Haushalt<\/li>\n<li>B\u00fcroumz\u00fcge<\/li>\n<li>Haus-zu-Haus-Dienst<\/li>\n<li>Verpackungsservice<\/li>\n<li>Zollabfertigung<\/li>\n<li>Umgang mit den sch\u00f6nen K\u00fcnsten<\/li>\n<li>Transport von Fahrzeugen und Haustieren<\/li>\n<li>Lagereinrichtungen<\/li>\n<\/ul>\n<p>Gosselin ist ein internationales Umzugs- und Relocation-Unternehmen mit Niederlassungen in 34 L\u00e4ndern. Das rum\u00e4nische B\u00fcro in Bukarest wurde in den sp\u00e4ten 1980er Jahren gegr\u00fcndet. Das Unternehmen nutzt seine eigenen und weitere Netzwerke, um internationale Dienstleistungen zu erbringen, und ist Mitglied der IAM.<\/p>\n<p>Gosselin bietet einen T\u00fcr-zu-T\u00fcr-Umzugsservice mit professionellen Umzugshelfern, die Ihre Gegenst\u00e4nde f\u00fcr den Umzug mit umweltfreundlichem Verpackungsmaterial sicher verpacken und die M\u00f6bel demontieren. Sie organisieren den Transport der Gegenst\u00e4nde mit Zollabfertigung und packen bei der Ankunft die M\u00f6bel aus und bauen sie wieder auf. Sie bieten zus\u00e4tzliche Dienstleistungen wie den Transport von Kunstgegenst\u00e4nden und Antiquit\u00e4ten, den Transport von Autos und Motorr\u00e4dern sowie den Transport von Haustieren an.<\/p>\n<p>Website: <a href=\"http:\/\/www.gosselinmobility.eu\/romania\" target=\"_blank\" rel=\"noopener\">http:\/\/www.gosselinmobility.eu\/romania<\/a><\/p>\n<h2><span class=\"ez-toc-section\" id=\"3_Orbit\"><\/span><strong>3. Umlaufbahn<\/strong><span class=\"ez-toc-section-end\"><\/span><\/h2>\n<p><img loading=\"lazy\" decoding=\"async\" class=\"alignnone size-full wp-image-9406\" src=\"https:\/\/moverdb.com\/wp-content\/uploads\/Orbit-Romania-international-moving-company.png\" alt=\"Orbit Romania internationales Umzugsunternehmen\" width=\"1440\" height=\"678\" data-wp-pid=\"9406\" srcset=\"https:\/\/moverdb.com\/wp-content\/uploads\/Orbit-Romania-international-moving-company.png 1440w, https:\/\/moverdb.com\/wp-content\/uploads\/Orbit-Romania-international-moving-company-300x141.png 300w, https:\/\/moverdb.com\/wp-content\/uploads\/Orbit-Romania-international-moving-company-1024x482.png 1024w, https:\/\/moverdb.com\/wp-content\/uploads\/Orbit-Romania-international-moving-company-18x8.png 18w, https:\/\/moverdb.com\/wp-content\/uploads\/Orbit-Romania-international-moving-company-600x283.png 600w\" sizes=\"auto, (max-width: 1440px) 100vw, 1440px\" \/><\/p>\n<ul>\n<li>Nationale Umz\u00fcge<\/li>\n<li>Internationale Umz\u00fcge<\/li>\n<li>Umz\u00fcge von Haushalten und Mitarbeitern<\/li>\n<li>B\u00fcro- und Industrieumz\u00fcge<\/li>\n<li>Umzugsdienste<\/li>\n<li>Verpackungsservice<\/li>\n<li>Stra\u00dfen-, Luft- und Seefracht<\/li>\n<li>Handhabung von Kunstwerken<\/li>\n<li>Transport von Haustieren und Autos<\/li>\n<li>Versicherung<\/li>\n<\/ul>\n<p>Orbit Romania ist Teil der 1923 gegr\u00fcndeten Orphee Beinglou Group mit Sitz in Athen. Das Unternehmen bietet professionelle Umz\u00fcge und Transportdienstleistungen an und ist in Bukarest ans\u00e4ssig. Das Unternehmen ist seit 21 Jahren Mitglied der IAM und ist von der FIDI akkreditiert.<\/p>\n<p>Orbit bietet einen Hausbesuch an, um Ihren Bedarf zu ermitteln und einen Kostenvoranschlag zu erstellen. Das Angebot umfasst nationale und internationale Umz\u00fcge, Haustier- und Autotransporte, Kunsttransporte und Versicherungen. Sie bieten einen Verpackungsservice, um Ihr Hab und Gut w\u00e4hrend des Transports auf der Stra\u00dfe, in der Luft oder auf See zu sch\u00fctzen, und unterst\u00fctzen Sie bei den Zollformalit\u00e4ten. Zus\u00e4tzliche Dienstleistungen wie Elektriker, Schreiner und Klempner k\u00f6nnen zur Verf\u00fcgung gestellt werden.<\/p>\n<p>Website: <a href=\"http:\/\/www.orbitromania.ro\" target=\"_blank\" rel=\"noopener\">http:\/\/www.orbitromania.ro<\/a><\/p>\n<h2><span class=\"ez-toc-section\" id=\"4_Premier_Moving_Storage\"><\/span><strong>4. Premier Umzug &amp; Lagerung<\/strong><span class=\"ez-toc-section-end\"><\/span><\/h2>\n<p><img loading=\"lazy\" decoding=\"async\" class=\"alignnone size-full wp-image-9414\" src=\"https:\/\/moverdb.com\/wp-content\/uploads\/Premier-Moving-Storage-international-moving-company.png\" alt=\"Premier Moving &amp; Storage internationales Umzugsunternehmen\" width=\"1440\" height=\"670\" data-wp-pid=\"9414\" srcset=\"https:\/\/moverdb.com\/wp-content\/uploads\/Premier-Moving-Storage-international-moving-company.png 1440w, https:\/\/moverdb.com\/wp-content\/uploads\/Premier-Moving-Storage-international-moving-company-300x140.png 300w, https:\/\/moverdb.com\/wp-content\/uploads\/Premier-Moving-Storage-international-moving-company-1024x476.png 1024w, https:\/\/moverdb.com\/wp-content\/uploads\/Premier-Moving-Storage-international-moving-company-18x8.png 18w, https:\/\/moverdb.com\/wp-content\/uploads\/Premier-Moving-Storage-international-moving-company-600x279.png 600w\" sizes=\"auto, (max-width: 1440px) 100vw, 1440px\" \/><\/p>\n<ul>\n<li>Lokale Umz\u00fcge<\/li>\n<li>Internationale Umz\u00fcge<\/li>\n<li>Umz\u00fcge im Haushalt<\/li>\n<li>B\u00fcroumz\u00fcge<\/li>\n<li>Haus-zu-Haus-Dienst<\/li>\n<li>Verpackungsservice<\/li>\n<li>Stra\u00dfen-, See- und Luftverkehr<\/li>\n<li>Einfuhrzollformalit\u00e4ten<\/li>\n<li>Transport von Fahrzeugen und Haustieren<\/li>\n<li>Sichere Lagereinrichtungen<\/li>\n<\/ul>\n<p>Premier Moving &amp; Storage ist ein Umzugsunternehmen, das vor \u00fcber 15 Jahren gegr\u00fcndet wurde und seinen Sitz in Bukarest hat. Das Unternehmen w\u00e4hlt sorgf\u00e4ltig Partner aus, die seine Standards erf\u00fcllen und es bei der Erbringung einer Vielzahl von Dienstleistungen auf internationaler Ebene unterst\u00fctzen. Das Unternehmen ist seit 17 Jahren Mitglied der IAM.<\/p>\n<p>Das Verpackungsteam von Premier Moving &amp; Storage verwendet hochwertige Materialien, die so konzipiert sind, dass sie die zu transportierenden Gegenst\u00e4nde sch\u00fctzen. Sie bauen die M\u00f6bel ab und wieder auf und packen Ihr Hab und Gut aus. Sie organisieren den Transport und erledigen die Zollformalit\u00e4ten. Sie bieten zus\u00e4tzliche Dienstleistungen an, darunter den Transport von Autos, Motorbooten und Haustieren.<\/p>\n<p>Website: <a href=\"http:\/\/www.premiermoving.ro\" target=\"_blank\" rel=\"noopener\">http:\/\/www.premiermoving.ro<\/a><\/p>\n<h2><span class=\"ez-toc-section\" id=\"5_Rilvan_Group\"><\/span><strong>5. Rilvan-Gruppe<\/strong><span class=\"ez-toc-section-end\"><\/span><\/h2>\n<p><img loading=\"lazy\" decoding=\"async\" class=\"alignnone size-full wp-image-9418\" src=\"https:\/\/moverdb.com\/wp-content\/uploads\/Rilvan-Group-international-moving-company.png\" alt=\"Rilvan Group internationales Umzugsunternehmen\" width=\"1440\" height=\"680\" data-wp-pid=\"9418\" srcset=\"https:\/\/moverdb.com\/wp-content\/uploads\/Rilvan-Group-international-moving-company.png 1440w, https:\/\/moverdb.com\/wp-content\/uploads\/Rilvan-Group-international-moving-company-300x142.png 300w, https:\/\/moverdb.com\/wp-content\/uploads\/Rilvan-Group-international-moving-company-1024x484.png 1024w, https:\/\/moverdb.com\/wp-content\/uploads\/Rilvan-Group-international-moving-company-18x9.png 18w, https:\/\/moverdb.com\/wp-content\/uploads\/Rilvan-Group-international-moving-company-600x283.png 600w\" sizes=\"auto, (max-width: 1440px) 100vw, 1440px\" \/><\/p>\n<ul>\n<li>Nationale Umz\u00fcge<\/li>\n<li>Internationale Umz\u00fcge<\/li>\n<li>Umz\u00fcge in Wohnungen<\/li>\n<li>Gesch\u00e4ftliche Umz\u00fcge<\/li>\n<li>Haus-zu-Haus-Dienste<\/li>\n<li>Verpackungsservice<\/li>\n<li>Stra\u00dfen-, Luft- und Seetransport<\/li>\n<li>Transport von Kunstwerken<\/li>\n<li>Transport von Haustieren und Fahrzeugen<\/li>\n<li>Kurz- und Langzeitlagerung<\/li>\n<\/ul>\n<p>Die Rilvan-Gruppe ist ein 1992 gegr\u00fcndetes nationales und internationales Umzugs- und Relocation-Unternehmen mit Sitz in Bukarest in Rum\u00e4nien, <a href=\"https:\/\/moverdb.com\/de\/moving-to-slovenia\/\" data-internallinksmanager029f6b8e52c=\"392\" title=\"Umzug nach Slowenien? 2026 Lebenshaltungskosten &amp; Umzugstipps\">Slowenien<\/a> und <a href=\"https:\/\/moverdb.com\/de\/moving-companies\/moving-companies-moldova\/\" data-internallinksmanager029f6b8e52c=\"290\" title=\"Die besten internationalen Umzugsunternehmen in Moldawien\">Moldawien<\/a>. Sie bedienen Mittel- und Osteuropa und den Rest der Welt \u00fcber internationale Partner. Sie sind seit 31 Jahren Mitglied der IAM und sind von der FIDI akkreditiert.<\/p>\n<p>Die Rilvan-Gruppe bietet T\u00fcr-zu-T\u00fcr-Umz\u00fcge und Umzugsdienstleistungen an, die mit einer Besichtigung vor dem Umzug und einem Kostenvoranschlag beginnen. Sie bieten einen Einpackservice, Transport und Auspacken. Sie bieten Umzugsdienste an, die Visum und Einwanderung, Eingew\u00f6hnungsdienste, Wohnungs- und Schulsuche umfassen. Sie bieten auch zus\u00e4tzliche Dienstleistungen wie den Transport von Haustieren und Fahrzeugen sowie den Umgang mit Kunstgegenst\u00e4nden an.<\/p>\n<p>Website: <a href=\"http:\/\/www.rilvan.eu\" target=\"_blank\" rel=\"noopener\">http:\/\/www.rilvan.eu<\/a><\/p>\n<h2><span class=\"ez-toc-section\" id=\"6_Santa_Fe_Relocation\"><\/span><strong>6. Santa Fe Verlegung<\/strong><span class=\"ez-toc-section-end\"><\/span><\/h2>\n<p><img loading=\"lazy\" decoding=\"async\" class=\"alignnone size-full wp-image-9420\" src=\"https:\/\/moverdb.com\/wp-content\/uploads\/Santa-Fe-Relocation-Romania-international-moving-company.png\" alt=\"Santa Fe Relocation Rum\u00e4nien internationales Umzugsunternehmen\" width=\"1440\" height=\"677\" data-wp-pid=\"9420\" srcset=\"https:\/\/moverdb.com\/wp-content\/uploads\/Santa-Fe-Relocation-Romania-international-moving-company.png 1440w, https:\/\/moverdb.com\/wp-content\/uploads\/Santa-Fe-Relocation-Romania-international-moving-company-300x141.png 300w, https:\/\/moverdb.com\/wp-content\/uploads\/Santa-Fe-Relocation-Romania-international-moving-company-1024x481.png 1024w, https:\/\/moverdb.com\/wp-content\/uploads\/Santa-Fe-Relocation-Romania-international-moving-company-18x8.png 18w, https:\/\/moverdb.com\/wp-content\/uploads\/Santa-Fe-Relocation-Romania-international-moving-company-600x282.png 600w\" sizes=\"auto, (max-width: 1440px) 100vw, 1440px\" \/><\/p>\n<ul>\n<li>Nationale Umz\u00fcge<\/li>\n<li>Internationale Umz\u00fcge<\/li>\n<li>Umz\u00fcge im Haushalt<\/li>\n<li>Unternehmensverlagerungen<\/li>\n<li>Haus-zu-Haus-Dienst<\/li>\n<li>Verpackungsservice<\/li>\n<li>Transport auf der Stra\u00dfe, zur See oder in der Luft<\/li>\n<li>Zollabfertigung<\/li>\n<li>Transport von Haustieren und Fahrzeugen<\/li>\n<li>Kurz- und Langzeitlagerung<\/li>\n<\/ul>\n<p>Santa Fe Relocation ist ein internationales Umzugsunternehmen mit 64 B\u00fcros in 38 L\u00e4ndern, darunter Bukarest in Rum\u00e4nien, das 1991 er\u00f6ffnet wurde. Das Unternehmen ist seit 31 Jahren Mitglied der IAM und ist von der FIDI akkreditiert.<\/p>\n<p>Santa Fe Relocation bietet eine Beratung vor dem Umzug mit einer Hausbesichtigung oder einem Video an. Sie bieten einen umfassenden Service, der auch den Transport von Haustieren und Autos umfassen kann. Sie bieten einen Verpackungsservice an, um Ihr Hab und Gut zu sch\u00fctzen, und arrangieren den Transport auf der Stra\u00dfe, per Flugzeug oder auf dem Seeweg mit Zollabfertigung. Die Umzugsdienste umfassen Abreise, Wohnungs- und Schulsuche, Orientierung, Sprach- und Kulturtraining, Visa und Eingew\u00f6hnungsservice.<\/p>\n<p>Website: <a href=\"https:\/\/www.santaferelo.com\/en\/contact\/our-offices\/romania-bucharest\/\" target=\"_blank\" rel=\"noopener\">https:\/\/www.santaferelo.com\/en\/contact\/our-offices\/romania-bucharest\/<\/a><\/p>\n<h2><span class=\"ez-toc-section\" id=\"7_Smartmoving_Logistics\"><\/span><strong>7. Smartmoving Logistik<\/strong><span class=\"ez-toc-section-end\"><\/span><\/h2>\n<p><img loading=\"lazy\" decoding=\"async\" class=\"alignnone size-full wp-image-9427\" src=\"https:\/\/moverdb.com\/wp-content\/uploads\/Smartmoving-Logistics-international-moving-company.png\" alt=\"Smartmoving Logistics internationales Umzugsunternehmen\" width=\"1440\" height=\"679\" data-wp-pid=\"9427\" srcset=\"https:\/\/moverdb.com\/wp-content\/uploads\/Smartmoving-Logistics-international-moving-company.png 1440w, https:\/\/moverdb.com\/wp-content\/uploads\/Smartmoving-Logistics-international-moving-company-300x141.png 300w, https:\/\/moverdb.com\/wp-content\/uploads\/Smartmoving-Logistics-international-moving-company-1024x483.png 1024w, https:\/\/moverdb.com\/wp-content\/uploads\/Smartmoving-Logistics-international-moving-company-18x8.png 18w, https:\/\/moverdb.com\/wp-content\/uploads\/Smartmoving-Logistics-international-moving-company-600x283.png 600w\" sizes=\"auto, (max-width: 1440px) 100vw, 1440px\" \/><\/p>\n<ul>\n<li>Nationale Umz\u00fcge<\/li>\n<li>Internationale Umz\u00fcge<\/li>\n<li>Umz\u00fcge in Wohnungen<\/li>\n<li>Unternehmen zieht um<\/li>\n<li>Optionaler Verpackungsdienst<\/li>\n<li>Verpackungsmaterial<\/li>\n<li>Organisation des Transports<\/li>\n<li>Zollabfertigung<\/li>\n<li>Versicherung<\/li>\n<li>Lagereinrichtungen<\/li>\n<\/ul>\n<p>Smartmoving Logistics ist ein 2011 gegr\u00fcndetes Full-Service-Umzugsunternehmen mit Sitz in Cluj-Napoca. Sie verf\u00fcgen \u00fcber ein Netzwerk von Umzugs- und Logistikpartnern und Agenten, die es ihnen erm\u00f6glichen, internationale Umz\u00fcge und Relocation Services anzubieten. Das Unternehmen ist seit einem Jahr Mitglied der IAM.<\/p>\n<p>Smartmoving Logistics erstellt einen ma\u00dfgeschneiderten Umzugsplan, der Ihren Bed\u00fcrfnissen und Ihrem Budget entspricht. Sie transportieren Ihr Hab und Gut auf nationaler und internationaler Ebene. Sie bieten zus\u00e4tzliche Dienstleistungen wie das Einpacken Ihrer Sachen mit professionellem Verpackungsmaterial, das Auspacken, die Demontage und den Wiederaufbau von M\u00f6beln, die Zollabfertigung, Versicherungen und Reinigungsdienste.<\/p>\n<p>Website: <a href=\"https:\/\/www.smartmoving.ro\" target=\"_blank\" rel=\"noopener\">https:\/\/www.smartmoving.ro<\/a><\/p>\n<h2><span class=\"ez-toc-section\" id=\"8_CDD_Relocation\"><\/span><strong>8. CDD Verlagerung<\/strong><span class=\"ez-toc-section-end\"><\/span><\/h2>\n<p><img loading=\"lazy\" decoding=\"async\" class=\"alignnone size-full wp-image-9344\" src=\"https:\/\/moverdb.com\/wp-content\/uploads\/CDD-Relocations-international-moving-company.png\" alt=\"CDD Relocations internationales Umzugsunternehmen\" width=\"1440\" height=\"665\" data-wp-pid=\"9344\" srcset=\"https:\/\/moverdb.com\/wp-content\/uploads\/CDD-Relocations-international-moving-company.png 1440w, https:\/\/moverdb.com\/wp-content\/uploads\/CDD-Relocations-international-moving-company-300x139.png 300w, https:\/\/moverdb.com\/wp-content\/uploads\/CDD-Relocations-international-moving-company-1024x473.png 1024w, https:\/\/moverdb.com\/wp-content\/uploads\/CDD-Relocations-international-moving-company-18x8.png 18w, https:\/\/moverdb.com\/wp-content\/uploads\/CDD-Relocations-international-moving-company-600x277.png 600w\" sizes=\"auto, (max-width: 1440px) 100vw, 1440px\" \/><\/p>\n<ul>\n<li>Lokale Umz\u00fcge<\/li>\n<li>Internationale Verlagerungen<\/li>\n<li>Umz\u00fcge von Haushalten<\/li>\n<li>Firmenumz\u00fcge<\/li>\n<li>Haus-zu-Haus-Dienst<\/li>\n<li>Verpackungsservice<\/li>\n<li>Unterst\u00fctzung durch den Zoll<\/li>\n<li>Umzug von Auto und Haustier<\/li>\n<li>All-Risk-Versicherung<\/li>\n<li>Kurz- bis langfristige Lagerung<\/li>\n<\/ul>\n<p>CDD Relocation ist ein 2003 gegr\u00fcndetes Umzugs- und Relocation-Unternehmen mit Sitz in Mogosoaia. Das Unternehmen ist seit 20 Jahren Mitglied der IAM und ist von der FIDI akkreditiert, was ihm Zugang zu einem internationalen Netzwerk von Umzugsunternehmen verschafft.<\/p>\n<p>CDD Relocation bietet ma\u00dfgeschneiderte T\u00fcr-zu-T\u00fcr-L\u00f6sungen f\u00fcr internationale Umz\u00fcge mit einer kostenlosen Beratung und Besichtigung vor dem Umzug. CDD Relocation bietet einen umfassenden Verpackungsservice mit den geeignetsten Verpackungsmaterialien, baut Ihre M\u00f6bel ab und auf und packt sie bei der Ankunft aus. Zu den zus\u00e4tzlichen Dienstleistungen geh\u00f6ren der Umzug von Haustieren, Fahrzeugtransporte, Versicherungen und sichere Lagerung.<\/p>\n<p>Website: <a href=\"http:\/\/www.cddrelocation.ro\" target=\"_blank\" rel=\"noopener\">http:\/\/www.cddrelocation.ro<\/a><\/p>\n<h2><span class=\"ez-toc-section\" id=\"Other_Useful_Guides_to_Romania\"><\/span>Andere n\u00fctzliche Reisef\u00fchrer f\u00fcr Rum\u00e4nien<span class=\"ez-toc-section-end\"><\/span><\/h2>\n<ul>\n<li> <a href=\"https:\/\/moverdb.com\/de\/moving-to-romania\/\">Umzug nach Rum\u00e4nien? 2024 Lebenshaltungskosten &amp; Umzugstipps<\/a><\/li>\n<li> <a href=\"https:\/\/moverdb.com\/de\/moving-to-romania\/moving-to-romania-from-the-uk\/\">Umzug von Gro\u00dfbritannien nach Rum\u00e4nien<\/a><\/li>\n<li> <a href=\"https:\/\/moverdb.com\/de\/moving-to-romania\/best-places-to-live-romania\/\">Die 12 besten Orte zum Leben in Rum\u00e4nien<\/a><\/li>\n<\/ul>","protected":false},"excerpt":{"rendered":"<p>Are you planning on moving within, to or from Romania? Then you may want to consider engaging the services of a moving company to assist you with your move. Below we have compiled a list of Romania based removal companies that are members of the International Association of Movers (IAM) and\/or FIDI Accredited International Mover [&hellip;]<\/p>\n","protected":false},"author":4,"featured_media":9356,"parent":190,"menu_order":0,"comment_status":"closed","ping_status":"closed","template":"","meta":{"_genesis_hide_title":false,"_genesis_hide_breadcrumbs":false,"_genesis_hide_singular_image":false,"_genesis_hide_footer_widgets":false,"_genesis_custom_body_class":"","_genesis_custom_post_class":"","_genesis_layout":"","footnotes":""},"class_list":{"0":"post-9512","1":"page","2":"type-page","3":"status-publish","4":"has-post-thumbnail","6":"entry"},"_links":{"self":[{"href":"https:\/\/moverdb.com\/de\/wp-json\/wp\/v2\/pages\/9512","targetHints":{"allow":["GET"]}}],"collection":[{"href":"https:\/\/moverdb.com\/de\/wp-json\/wp\/v2\/pages"}],"about":[{"href":"https:\/\/moverdb.com\/de\/wp-json\/wp\/v2\/types\/page"}],"author":[{"embeddable":true,"href":"https:\/\/moverdb.com\/de\/wp-json\/wp\/v2\/users\/4"}],"replies":[{"embeddable":true,"href":"https:\/\/moverdb.com\/de\/wp-json\/wp\/v2\/comments?post=9512"}],"version-history":[{"count":3,"href":"https:\/\/moverdb.com\/de\/wp-json\/wp\/v2\/pages\/9512\/revisions"}],"predecessor-version":[{"id":16341,"href":"https:\/\/moverdb.com\/de\/wp-json\/wp\/v2\/pages\/9512\/revisions\/16341"}],"up":[{"embeddable":true,"href":"https:\/\/moverdb.com\/de\/wp-json\/wp\/v2\/pages\/190"}],"wp:featuredmedia":[{"embeddable":true,"href":"https:\/\/moverdb.com\/de\/wp-json\/wp\/v2\/media\/9356"}],"wp:attachment":[{"href":"https:\/\/moverdb.com\/de\/wp-json\/wp\/v2\/media?parent=9512"}],"curies":[{"name":"wp","href":"https:\/\/api.w.org\/{rel}","templated":true}]}}