{"id":945,"date":"2016-09-03T20:39:51","date_gmt":"2016-09-03T20:39:51","guid":{"rendered":"http:\/\/moverdb.com\/?page_id=945"},"modified":"2026-01-08T14:48:12","modified_gmt":"2026-01-08T14:48:12","slug":"dt-bewegt","status":"publish","type":"page","link":"https:\/\/moverdb.com\/de\/dt-moving\/","title":{"rendered":"DT Umzug: Internationale Umz\u00fcge &amp; Umzugsgutachten"},"content":{"rendered":"<p>DT Moving ist ein <a href=\"https:\/\/moverdb.com\/de\/moving-to-the-uk\/\" data-internallinksmanager029f6b8e52c=\"93\" title=\"Umzug in das Vereinigte K\u00f6nigreich? 2026 Lebenshaltungskosten &amp; Umzugstipps\">UK<\/a> basiert <a href=\"https:\/\/moverdb.com\/de\/moving-companies\/\" data-internallinksmanager029f6b8e52c=\"79\" title=\"Top 25 Internationale Umzugsunternehmen Online\">internationales Umzugsunternehmen<\/a> die ihren Kunden eine breite Palette von Dienstleistungen anbietet, die im Folgenden zusammen mit einem Unternehmensprofil und Bewertungen aufgef\u00fchrt sind.<\/p>\n<p><strong><a href=\"https:\/\/moverdb.com\/de\/international-removals\/\" data-internallinksmanager029f6b8e52c=\"27\" title=\"36 Beste internationale Umzugsunternehmen in Gro\u00dfbritannien\">Internationale Umz\u00fcge<\/a><\/strong><\/p>\n<ul>\n<li> Umfrage vor dem Umzug, Kostenvoranschlag und Ressourcen<\/li>\n<li> Packen am Wohnort<\/li>\n<li> Transport auf dem Luft-, See- oder Stra\u00dfenweg<\/li>\n<li> Versicherung abgeschlossen<\/li>\n<li> Fortlaufender Service mit einem Umzugsmanager und einem Tracking-Service<\/li>\n<li> Lieferung an den Wohnsitz<\/li>\n<li> Entladen Sie Ihre Waren aus dem Container \/ LKW \/ Koffer und stellen Sie sie in den Raum Ihrer Wahl<\/li>\n<li> Gegebenenfalls Schutzmaterialien zur Pflege von B\u00f6den und W\u00e4nden anbringen<\/li>\n<li> \u00dcberpr\u00fcfen Sie jeden gelieferten Artikel anhand des urspr\u00fcnglichen Verpackungsinventars (um jedes Paket zu erfassen)<\/li>\n<li> Packen Sie alle Papier-, Polster- und Kartonverpackungen aus und entsorgen Sie sie zum Recycling.<\/li>\n<li> Wir montieren alle vorher angegebenen Gegenst\u00e4nde f\u00fcr Sie wieder, so dass Sie sich um eine Sache weniger k\u00fcmmern m\u00fcssen. Wir k\u00f6nnen auch einen Handwerker organisieren, der Ihnen bei zus\u00e4tzlichen Arbeiten hilft, wenn Sie dies w\u00fcnschen<\/li>\n<li> Sie k\u00f6nnen das Inventar Artikel f\u00fcr Artikel \u00fcberpr\u00fcfen und unterschreiben, wenn Sie mit der Lieferung zufrieden sind.<\/li>\n<li> Zollabfertigung<\/li>\n<\/ul>\n<p><strong>Dienstleistungen am Reiseziel<\/strong><\/p>\n<ul>\n<li> Suche nach Mietwohnungen<\/li>\n<li> Schule suchen<\/li>\n<li> Orientierungsfahrt<\/li>\n<li> Eingew\u00f6hnung<\/li>\n<li> Kulturelle Ausbildung<\/li>\n<li> Eheliche Unterst\u00fctzung<\/li>\n<li> Vermietung von M\u00f6beln<\/li>\n<li> Vor\u00fcbergehende Unterbringung<\/li>\n<li> Dienstleistungen bei der Abreise<\/li>\n<li> Steuer- und Einwanderungsberatung<\/li>\n<\/ul>\n<p><strong>Kunst und Antiquit\u00e4ten<\/strong><\/p>\n<ul>\n<li> Ma\u00dfgeschneiderter Service f\u00fcr jeden Kunden<\/li>\n<li> Beratungsdienst<\/li>\n<li> Vermittlung von Hotels usw. f\u00fcr den Kauf\/die Lieferung der Reise<\/li>\n<li> Antike Sammlung<\/li>\n<li> Verpackungsservice<\/li>\n<li> Versand<\/li>\n<li> Versicherung<\/li>\n<\/ul>\n<p><strong>Lagerung<\/strong><\/p>\n<ul>\n<li> UK und <a href=\"https:\/\/moverdb.com\/de\/moving-to-france\/\" data-internallinksmanager029f6b8e52c=\"315\" title=\"Umzug nach Frankreich? 2026 Lebenshaltungskosten &amp; Umzugstipps\">Frankreich<\/a> - kurz- und langfristige Lagerung in speziell gebauten Lagercontainern<\/li>\n<li> 24-Stunden-Sicherheit und codierter Zugang<\/li>\n<li> Temperaturgesteuert<\/li>\n<li> Brandverh\u00fctung und Sprinkleranlage<\/li>\n<li> Rest der Welt - Netzwerkpartner sorgen f\u00fcr sichere Speicherung<\/li>\n<\/ul>\n<p><strong>Erg\u00e4nzende Dienstleistungen<\/strong><\/p>\n<ul>\n<li> Handwerker (Demontage und Montage von M\u00f6beln, Ger\u00e4ten, Regalen und anderen Gegenst\u00e4nden)<\/li>\n<li> Bildaufh\u00e4ngung<\/li>\n<li> Spezialverpackungen (f\u00fcr zerbrechliche oder hochwertige Gegenst\u00e4nde)<\/li>\n<li> Hausreinigung<\/li>\n<li> Zimmerservice (Auspacken, Waschen, Einr\u00e4umen von <a href=\"https:\/\/moverdb.com\/de\/moving-to-china\/\" data-internallinksmanager029f6b8e52c=\"357\" title=\"Umzug nach China? 2026 Lebenshaltungskosten &amp; Umzugstipps\">china<\/a>Glaswaren, Kleidung, Haushaltsgegenst\u00e4nde)<\/li>\n<li> Elektriker oder Klempner<\/li>\n<li> Demontage und Montage von Satelliten-TV-Antennen<\/li>\n<li> Spezialisierte \"sichere\" Entfernung<\/li>\n<li> Ausbau und Wiedereinbau von Fenstern und T\u00fcrrahmen<\/li>\n<li> Au\u00dfenaufzug (Spezialaufzug) f\u00fcr den Zugang zur Wohnung \u00fcber das Fenster oder den Balkon im Obergeschoss<\/li>\n<li> M\u00f6belverleih<\/li>\n<li> M\u00f6belrestaurierung und -reparatur<\/li>\n<li> Auto-Lagerung<\/li>\n<\/ul>\n<h2>DT Umzugsunternehmen Profil<\/h2>\n<p>DT Moving war fr\u00fcher unter dem Namen David Turner Worldwide Movers bekannt und zieht seit 1870 Menschen rund um den Globus um. Die Gr\u00fcnderfamilie ist noch immer in das Unternehmen involviert, das hochkar\u00e4tige Unternehmen und Privatpersonen rund um die Welt umzieht. <\/p>\n<p>DT Moving hat B\u00fcros sowohl in <a href=\"https:\/\/moverdb.com\/de\/moving-to-london\/\">London<\/a> und <a href=\"https:\/\/moverdb.com\/de\/moving-to-france\/moving-to-paris\/\" data-internallinksmanager029f6b8e52c=\"407\" title=\"Umzug nach Paris? 2026 Lebenshaltungskosten &amp; Umzugstipps\">Paris<\/a>. Sie sind stolz auf ihre Erfahrung und Integrit\u00e4t und geben an, dass die durchschnittliche Betriebszugeh\u00f6rigkeit eines jeden Mitarbeiters etwa 15 Jahre betr\u00e4gt. Zu den Werten des Unternehmens geh\u00f6ren Dienstleistungsqualit\u00e4t, Verantwortung, Einhaltung der Vorschriften und kontinuierliche Verbesserung.<\/p>\n<p>DT Moving hatte nach eigenen Angaben eine <strong>97% Kundenzufriedenheit<\/strong> Bewertung f\u00fcr 2015, die von 95% im Jahr 2014 anstieg.<\/p>\n<p>DT Moving hat die folgenden Akkreditierungen und Mitgliedschaften:<\/p>\n<ul>\n<li> FAIMPLUS-akkreditiert; unabh\u00e4ngig gepr\u00fcft durch Ernst &amp; Young<\/li>\n<li> ISO 9001-2008 akkreditiert, einschlie\u00dflich BS EN 12522\/1 BS EN 12522\/2<\/li>\n<li> Gr\u00fcndungsmitglied von OMNI (The Overseas Moving Network International)<\/li>\n<li> <a href=\"https:\/\/moverdb.com\/de\/fidi-faim\/\">FIDI<\/a> Mitgliedsverband seit 1950 (F\u00e9d\u00e9ration Internationale des D\u00e9m\u00e9nageurs Internationaux)<\/li>\n<li> C-TPAT inspiziert von <a href=\"https:\/\/moverdb.com\/de\/moving-to-the-united-states\/\" data-internallinksmanager029f6b8e52c=\"94\" title=\"Umzug in die Vereinigten Staaten? 2026 Lebenshaltungskosten &amp; Umzugstipps\">US<\/a> Zoll<\/li>\n<li> Autorisiertes Mitglied von The <a href=\"https:\/\/moverdb.com\/de\/britische-vereinigung-der-entferner\/\">Britischer Verband der M\u00f6belpacker<\/a>, DBA, der <a href=\"https:\/\/moverdb.com\/de\/mtc\/\">Movers Trading Club<\/a> (<a href=\"https:\/\/moverdb.com\/de\/mtc\/\" data-internallinksmanager029f6b8e52c=\"30\" title=\"Movers Trading Club (MTC) Erl\u00e4utert\">MTC<\/a>)<\/li>\n<li> Mitglied von <a href=\"https:\/\/moverdb.com\/de\/eura\/\">EuRA<\/a> (Die <a href=\"https:\/\/moverdb.com\/de\/eura\/\" data-internallinksmanager029f6b8e52c=\"13\" title=\"Die Europ\u00e4ische Relocation Association (EuRA) erkl\u00e4rt\">Europ\u00e4ische Relocation-Vereinigung<\/a>)<\/li>\n<li> Mitglied von <a href=\"https:\/\/moverdb.com\/de\/verband-relocation-professionals\/\">ARP<\/a> (Die <a href=\"https:\/\/moverdb.com\/de\/association-relocation-professionals\/\" data-internallinksmanager029f6b8e52c=\"6\" title=\"Die Vereinigung der Relocation Professionals (ARP) erkl\u00e4rt\">Verband der Relocation Professionals<\/a>)<\/li>\n<li> Mitglied von <a href=\"https:\/\/moverdb.com\/de\/ich-bin\/\">IAM<\/a> (<a href=\"https:\/\/moverdb.com\/de\/iam\/\" data-internallinksmanager029f6b8e52c=\"23\" title=\"International Association of Movers (IAM) erkl\u00e4rt\">Internationaler Verband der M\u00f6belspediteure<\/a>)<\/li>\n<li> Mitglied von <a href=\"https:\/\/moverdb.com\/de\/lacma\/\">LACMA<\/a> (Verband lateinamerikanischer und karibischer Spediteure)<\/li>\n<li> Mitglied von <a href=\"https:\/\/moverdb.com\/de\/arbeitnehmer-umzug-rat\/\">Weltweiter ERC<\/a> (Der Verband f\u00fcr Arbeitskr\u00e4ftemobilit\u00e4t)<\/li>\n<li> Erstmals <a href=\"https:\/\/moverdb.com\/de\/fidi-faim\/\" data-internallinksmanager029f6b8e52c=\"16\" title=\"FIDI &amp; FAIM (FIDI Accredited International Mover) Erl\u00e4utert\">FAIM<\/a> ISO (jetzt FAIMPLUS) akkreditierte Organisation<\/li>\n<\/ul>\n<h2>DT Umzugsgutachten<\/h2>\n<p><strong>Positiv<\/strong><\/p>\n<ul>\n<li> <em>\"Sie waren erstaunlich professionell, h\u00f6flich, schnell und effizient. Sie haben alles erkl\u00e4rt und ich kann mir nicht vorstellen, wie sie die Erfahrung noch reibungsloser h\u00e4tten machen k\u00f6nnen.<\/em> - Z. COHEN \u00fcber DT Moving <a href=\"http:\/\/www.dtmoving.com\/about-us\/what-our-customers-say\" target=\"_blank\" rel=\"noopener\">Was unsere Kunden sagen<\/a>.<\/li>\n<li> \"<em>Ich bin gerade von London nach <a href=\"https:\/\/moverdb.com\/de\/umzug-nach-nyc\/\">New York<\/a> und war sehr beeindruckt vom Umzugsservice von Anfang bis Ende. Was eine sehr stressige Zeit h\u00e4tte sein k\u00f6nnen, wurde sehr einfach gemacht.<\/em> - Qype-Benutzer, Dan \u00fcber <a href=\"https:\/\/www.yelp.co.uk\/biz\/dt-moving-london?hrid=_lnG2UpJr3NSw73UR115Pw&#038;utm_campaign=www_review_share_popup&#038;utm_medium=copy_link&#038;utm_source=(direct)\" target=\"_blank\" rel=\"noopener\">Yelp<\/a><\/li>\n<li> \"DT Moving war von Anfang bis Ende hervorragend.\" - MCalder \u00fcber <a href=\"https:\/\/www.yell.com\/biz\/dt-moving-mitcham-3825953\/\" target=\"_blank\" rel=\"noopener\">Schrei<\/a><\/li>\n<li> \"Dies ist das 3. Mal, dass mein Mann und ich aus beruflichen Gr\u00fcnden umgezogen sind, und es war bisher der beste Service.\" - Chris \u00fcber <a href=\"http:\/\/www.allinlondon.co.uk\/directory\/1318\/74781.php\" target=\"_blank\" rel=\"noopener\">Alles in London<\/a>.<\/li>\n<\/ul>\n<p><strong>Negativ<\/strong><\/p>\n<p><em>Wir konnten keine negativen Bewertungen im Internet finden.<\/em>.<\/p>\n<div itemprop=\"review\" itemscope itemtype=\"http:\/\/schema.org\/Review\">\n<span itemprop=\"author\" itemscope=\"\" itemtype=\"http:\/\/schema.org\/Organization\"><span itemprop=\"name\">MoverDB.com<\/span><\/span> Online Website \u00dcberpr\u00fcfung f\u00fcr <span itemprop=\"itemreviewed\" itemscope=\"\" itemtype=\"http:\/\/schema.org\/Brand\"><span itemprop=\"name\">DT-Umzug<\/span><\/span>:<\/p>\n<ol>\n<li> Klare Kontaktangaben auf der Website (einschlie\u00dflich Telefonnummer): <strong>Ja<\/strong><\/li>\n<li> Leicht zu bekommen <a href=\"https:\/\/moverdb.com\/de\/zitate\/\">Angebote f\u00fcr internationale Umz\u00fcge<\/a>? (Online-Formular f\u00fcr Kostenvoranschl\u00e4ge): <strong>Ja<\/strong><\/li>\n<li> Klare Informationen auf der Website: <strong>Ja,<\/strong> Die Website ist recht umfangreich und vermittelt potenziellen Kunden eine gute Vorstellung davon, was das Unternehmen anbieten kann.<\/li>\n<li> Mitgliedschaft in international anerkannten Umzugsorganisationen: <strong>Ja<\/strong>, siehe oben.<\/li>\n<li> Liste der Kunden und\/oder Zeugnisse von fr\u00fcheren Kunden: <strong>Ja,<\/strong>Auf der Website finden sich zahlreiche Kundenempfehlungen, und auch andere Online-Bewertungen sind positiv.<\/li>\n<\/ol>\n<div itemprop=\"reviewRating\" itemscope itemtype=\"http:\/\/schema.org\/Rating\"><meta itemprop=\"worstRating\" content = \"0\" \/><meta itemprop=\"bestRating\" content=\"5\" \/><meta itemprop=\"ratingValue\" content=\"5\"><\/div>\n<p><strong>Gesamtbewertung: 5\/5<\/strong><br \/>\n<strong>Datum der \u00dcberpr\u00fcfung:<\/strong> <span itemprop=\"datePublished\" content=\"2016-09-03\">03\/09\/2016<\/span>\n<\/div>\n<p>Erfahren Sie mehr \u00fcber <a href=\"https:\/\/moverdb.com\/de\/internationale-umzuge\/\">internationale Umz\u00fcge<\/a> und unsere <a href=\"https:\/\/moverdb.com\/de\/bewertungen\/\">\u00dcberpr\u00fcfungsprozess<\/a>.<\/p>\n<p><strong>Website:<\/strong> <a href=\"http:\/\/www.dtmoving.com\" target=\"_blank\" rel=\"noopener\">http:\/\/www.dtmoving.com<\/a><\/p>","protected":false},"excerpt":{"rendered":"<p>DT Moving is a UK based international moving company which offers its clients a full range of services which are listed below, together with a company profile and reviews. International Removals Pre-move survey, quotation and resources Packing at residence Transport by air, sea or road Insurance arranged Ongoing service including a move manager and a [&hellip;]<\/p>\n","protected":false},"author":1,"featured_media":0,"parent":0,"menu_order":0,"comment_status":"closed","ping_status":"closed","template":"","meta":{"_genesis_hide_title":false,"_genesis_hide_breadcrumbs":false,"_genesis_hide_singular_image":false,"_genesis_hide_footer_widgets":false,"_genesis_custom_body_class":"","_genesis_custom_post_class":"","_genesis_layout":"","footnotes":""},"class_list":{"0":"post-945","1":"page","2":"type-page","3":"status-publish","5":"entry"},"_links":{"self":[{"href":"https:\/\/moverdb.com\/de\/wp-json\/wp\/v2\/pages\/945","targetHints":{"allow":["GET"]}}],"collection":[{"href":"https:\/\/moverdb.com\/de\/wp-json\/wp\/v2\/pages"}],"about":[{"href":"https:\/\/moverdb.com\/de\/wp-json\/wp\/v2\/types\/page"}],"author":[{"embeddable":true,"href":"https:\/\/moverdb.com\/de\/wp-json\/wp\/v2\/users\/1"}],"replies":[{"embeddable":true,"href":"https:\/\/moverdb.com\/de\/wp-json\/wp\/v2\/comments?post=945"}],"version-history":[{"count":8,"href":"https:\/\/moverdb.com\/de\/wp-json\/wp\/v2\/pages\/945\/revisions"}],"predecessor-version":[{"id":6201,"href":"https:\/\/moverdb.com\/de\/wp-json\/wp\/v2\/pages\/945\/revisions\/6201"}],"wp:attachment":[{"href":"https:\/\/moverdb.com\/de\/wp-json\/wp\/v2\/media?parent=945"}],"curies":[{"name":"wp","href":"https:\/\/api.w.org\/{rel}","templated":true}]}}