{"id":944,"date":"2016-09-04T13:58:08","date_gmt":"2016-09-04T13:58:08","guid":{"rendered":"http:\/\/moverdb.com\/?page_id=944"},"modified":"2026-01-08T14:48:19","modified_gmt":"2026-01-08T14:48:19","slug":"exzessiv-internationale-umzuge","status":"publish","type":"page","link":"https:\/\/moverdb.com\/de\/excess-international-movers\/","title":{"rendered":"Excess International Movers: Internationale Umz\u00fcge Bewertungen"},"content":{"rendered":"<p>Excess International Movers bietet Firmenkunden, Privatpersonen und Familien eine breite Palette von Dienstleistungen an, die im Folgenden aufgef\u00fchrt sind. Es folgen auch ein Unternehmensprofil und Bewertungen.<\/p>\n<p><strong><a href=\"https:\/\/moverdb.com\/de\/international-removals\/\" data-internallinksmanager029f6b8e52c=\"27\" title=\"36 Beste internationale Umzugsunternehmen in Gro\u00dfbritannien\">Internationale Umz\u00fcge<\/a><\/strong><\/p>\n<ul>\n<li> Luft, See oder Stra\u00dfe<\/li>\n<li> Dienst von T\u00fcr zu T\u00fcr<\/li>\n<li> Spezieller Service f\u00fcr internationale Umz\u00fcge<\/li>\n<li> Ein Umzugskoordinator, der den Umzug von Anfang bis Ende organisiert und alle Fragen beantwortet<\/li>\n<li> Packer und Umzugsunternehmen, die Ihr Hab und Gut mit den besten, von der Industrie zugelassenen Verpackungsmaterialien verpacken - ebenfalls von Excess International Movers bereitgestellt<\/li>\n<li> Umz\u00fcge geladen auf <a href=\"https:\/\/moverdb.com\/de\/containerschifffahrt\/\">Schiffscontainer<\/a> oder zur Verladung in ein Luftfahrzeug genommen<\/li>\n<li> Abgefertigte, gelieferte und entladene Waren an Ihrem neuen Wohnort, B\u00fcro, Hotel oder einem anderen Endpunkt - oder Bereitstellung zur Abholung am gew\u00e4hlten Flughafen<\/li>\n<li> Internationale Umzugsgeb\u00fchren, Zollabfertigung und Terminalgeb\u00fchren<\/li>\n<\/ul>\n<p><strong>Europ\u00e4ische Umz\u00fcge<\/strong><\/p>\n<ul>\n<li> Dienst von T\u00fcr zu T\u00fcr<\/li>\n<li> Engagierter Direktservice. Ihr Umzugsgut wird bei Ihnen zu Hause verpackt, verladen und direkt zu Ihrem neuen Zuhause in Europa transportiert. Sie w\u00e4hlen das Lieferdatum nach Ihren Bed\u00fcrfnissen. <\/li>\n<li> Geteilte Ladung. Geeignet, wenn Sie Waren in kleineren Sendungen transportieren wollen, bei denen der Zeitrahmen weniger wichtig ist. Sie bieten Ihren Kunden zwar immer noch ein festes Datum f\u00fcr die Abholung an, erhalten aber vor der Abholung ein Zeitfenster f\u00fcr die Zustellung, und das Zustelldatum wird best\u00e4tigt, sobald der Zeitplan f\u00fcr die geteilte Ladung feststeht.<\/li>\n<li> Ein engagierter Umzugskoordinator, der Fragen beantwortet und den EU-Umzug von Anfang bis Ende organisiert<\/li>\n<li> Europ\u00e4ische Umz\u00fcge mit professionellem Verpackungsservice unter Verwendung branchen\u00fcblicher Verpackungsmaterialien, damit Ihr Eigentum sicher transportiert werden kann.<\/li>\n<li> Der Umzug wird abgeholt, zugestellt und dann in der neuen Wohnung ausgepackt, wobei der gesamte Inhalt nach Bedarf platziert wird.<\/li>\n<\/ul>\n<p><strong>Lagerungsdienste<\/strong><\/p>\n<ul>\n<li> 24-Stunden-Sicherheit<\/li>\n<li> Der Zugang zu den Waren muss angemeldet werden und kann mit einer zus\u00e4tzlichen Geb\u00fchr verbunden sein.<\/li>\n<li> Rabatte f\u00fcr Studenten<\/li>\n<li> Lagerung in Containern<\/li>\n<\/ul>\n<p><strong>Studentenwerk<\/strong><\/p>\n<ul>\n<li> Spezielle verg\u00fcnstigte Mini-Moves<\/li>\n<li> Sonderpreis f\u00fcr die Lagerung von 5 Boxen<\/li>\n<li> Studenten <a href=\"https:\/\/moverdb.com\/de\/reedereien\/\">Internationaler Versand<\/a><\/li>\n<\/ul>\n<p><strong>Zus\u00e4tzliche Dienstleistungen<\/strong><\/p>\n<ul>\n<li> Versand von Gep\u00e4ck<\/li>\n<li> Unbegleitetes Reisegep\u00e4ck<\/li>\n<li> \u00dcbergep\u00e4ck<\/li>\n<li> <a href=\"https:\/\/moverdb.com\/de\/auto-transport-versand\/\">Transport von Fahrzeugen<\/a><\/li>\n<li> Firmenumzug<\/li>\n<li> Versand von Kunstwerken<\/li>\n<li> Einfuhren<\/li>\n<\/ul>\n<h2>Excess International Movers Unternehmensprofil<\/h2>\n<p>Excess International Movers besteht seit \u00fcber 30 Jahren und wickelt j\u00e4hrlich \u00fcber 50.000 Sendungen sowohl international als auch lokal ab. Sie sagen, sie k\u00f6nnen jede Gr\u00f6\u00dfe der Bewegung zu behandeln und wird in jedem vern\u00fcnftigen Zeitrahmen zu tun. Excess International Movers gibt an, mehr als 25.000 Ziele rund um den Globus anzufahren.<\/p>\n<p>Das Unternehmen deckt alle Aspekte eines Umzugs ins Ausland ab, vom ersten Kostenvoranschlag bis hin zu den Einrichtungsdiensten im Zielland. Das Unternehmen bietet Versandl\u00f6sungen f\u00fcr Einzelpersonen, Familien und Unternehmen an, darunter auch viele hochkar\u00e4tige Blue-Chip-Unternehmen.<\/p>\n<p>Excess International Movers Akkreditierungen und Mitgliedschaften:<\/p>\n<ul>\n<li> <a href=\"https:\/\/moverdb.com\/de\/britische-vereinigung-der-entferner\/\">Der britische Verband der M\u00f6belpacker<\/a> (<a href=\"https:\/\/moverdb.com\/de\/british-association-of-removers\/\" data-internallinksmanager029f6b8e52c=\"9\" title=\"British Association of Removers (BAR) erkl\u00e4rt\">BAR<\/a>)<\/li>\n<li> <a href=\"https:\/\/moverdb.com\/de\/fidi-faim\/\">Der Verband der internationalen M\u00f6belspediteure<\/a> (<a href=\"https:\/\/moverdb.com\/de\/fidi-faim\/\" data-internallinksmanager029f6b8e52c=\"16\" title=\"FIDI &amp; FAIM (FIDI Accredited International Mover) Erl\u00e4utert\">FIDI<\/a>)<\/li>\n<li> <a href=\"https:\/\/moverdb.com\/de\/hgfaa\/\">Amerikanischer Verband der Spediteure von Haushaltswaren<\/a> (HHGFAA)<\/li>\n<li> <a href=\"https:\/\/moverdb.com\/de\/fidi-faim\/\">FAIM Plus<\/a><\/li>\n<li> <a href=\"https:\/\/moverdb.com\/de\/mtc\/\">Der Movers Trading Club<\/a> (<a href=\"https:\/\/moverdb.com\/de\/mtc\/\" data-internallinksmanager029f6b8e52c=\"30\" title=\"Movers Trading Club (MTC) Erl\u00e4utert\">MTC<\/a>)<\/li>\n<li> Die <a href=\"https:\/\/moverdb.com\/de\/ich-bin\/\">Internationaler Verband der M\u00f6belspediteure<\/a> (<a href=\"https:\/\/moverdb.com\/de\/iam\/\" data-internallinksmanager029f6b8e52c=\"23\" title=\"International Association of Movers (IAM) erkl\u00e4rt\">IAM<\/a>)<\/li>\n<li> ISO 9001<\/li>\n<\/ul>\n<h2>Excess International Movers Bewertungen<\/h2>\n<p><strong>Positiv<\/strong><\/p>\n<ul>\n<li> <em>\"Von Anfang an war es ein Vergn\u00fcgen, mit Excess Internationl Movers Gesch\u00e4fte zu machen. Sie sind sehr preisg\u00fcnstig und f\u00fchren einen durch den Prozess. Die Abholung und Lieferung verlief reibungslos und ich k\u00f6nnte nicht zufriedener mit dem Service sein. Sehr zu empfehlen.\"<\/em> - Frau Sophie Hay \u00fcber <a href=\"http:\/\/www.excess-international.com\/reviews\" target=\"_blank\" rel=\"noopener\">Unternehmensbewertungsseite<\/a><\/li>\n<li> <em>\"Hervorragender Service vom Angebot bis zum Versand. Wir w\u00fcrden dieses Unternehmen sehr empfehlen.\"<\/em> - Lisa \u00fcber <a href=\"https:\/\/uk.trustpilot.com\/reviews\/57bc88a00000ff00097f3cfc\" target=\"_blank\" rel=\"noopener\">Trustpilot<\/a>.<\/li>\n<li> <em>\"Wir sind vor kurzem vom <a href=\"https:\/\/moverdb.com\/de\/moving-to-the-uk\/\" data-internallinksmanager029f6b8e52c=\"93\" title=\"Umzug in das Vereinigte K\u00f6nigreich? 2026 Lebenshaltungskosten &amp; Umzugstipps\">UK<\/a> zu <a href=\"https:\/\/moverdb.com\/de\/moving-to-canada\/\" data-internallinksmanager029f6b8e52c=\"265\" title=\"Umzug nach Kanada? 2026 Lebenshaltungskosten &amp; Umzugstipps\">Kanada<\/a>und Excess International hat den ganzen Prozess sehr schmerzlos gemacht. Der Kostenvoranschlag war ziemlich genau (die endg\u00fcltigen Kosten lagen sogar etwas unter dem urspr\u00fcnglichen Kostenvoranschlag, was gut war - keine unangenehmen \u00dcberraschungen in letzter Minute), die Packer haben gro\u00dfartige Arbeit geleistet, und Attila beantwortete gerne alle Fragen, die wir hatten.\"<\/em> - \u00fcber <a href=\"http:\/\/www.reviewcentre.com\/Removal-Companies\/Excess-International-Movers-www-excess-international-com-review_2391382\" target=\"_blank\" rel=\"noopener\">\u00dcberpr\u00fcfung Zentrum<\/a><\/li>\n<li> <em>\"Die M\u00e4nner, die den Umzug und das Packen des Haushalts \u00fcbernahmen, waren absolut #1 - erstklassig in allem, engagierte, harte Arbeiter und sehr h\u00f6flich.\"<\/em> - Anton \u00fcber <a href=\"http:\/\/www.shipping-international.com\/companies\/excess-international-movers.html\" target=\"_blank\" rel=\"noopener\">Versand-International.de<\/a><\/li>\n<\/ul>\n<p><strong>Negativ<\/strong><\/p>\n<ul>\n<li> <em>\"Wir dachten, wir h\u00e4tten eine gute Entscheidung getroffen, nachdem wir einige Angebote eingeholt hatten, aber leider kam es anders als erwartet.<\/em> - Lee\/Frau Alexandria \u00fcber <a href=\"https:\/\/uk.trustpilot.com\/reviews\/57b38afd0000ff00097cab0e\" target=\"_blank\" rel=\"noopener\">Trustpilot<\/a><\/li>\n<li> <em>\"Wir haben immer noch ein Problem, das auf den Jahresanfang (2015) mit EIM zur\u00fcckgeht, als unser Container aus Gro\u00dfbritannien in Neuseeland ankam. Die EIM-Mitarbeiter in Gro\u00dfbritannien haben ein Loch im Dach des Containers mit ihrem eigenen Klebeband verschlossen.<\/em> - Robert Snijders \u00fcber <a href=\"http:\/\/www.removalreviews.co.uk\/movingreviews\/move-from-uk-to-nz-10229\" target=\"_blank\" rel=\"noopener\">Umzugsgutachten<\/a><\/li>\n<li> <em>\"Erb\u00e4rmlicher Service und keine angemessene Kommunikation. Ich w\u00fcrde nicht empfehlen, diese Leute \u00fcberhaupt zu benutzen. Meine Zusammenarbeit war sehr entt\u00e4uschend und frustrierend.\"<\/em> - \u00fcber <a href=\"http:\/\/www.reviewcentre.com\/Removal-Companies\/Excess-International-Movers-www-excess-international-com-review_3918175\" target=\"_blank\" rel=\"noopener\">\u00dcberpr\u00fcfung Zentrum<\/a><\/li>\n<li> <em>\"Ein absolut schreckliches Unternehmen, mit dem man zu tun hat, es f\u00fchlte sich an, als h\u00e4tte man es mit einem Schuldeneintreiber zu tun, wenn man mit ihnen am Telefon spricht.\" -<br \/>\nWill B. \u00fcber <a href=\"https:\/\/www.yelp.co.uk\/biz\/excess-international-movers-london-2?hrid=gh9RC6mlebc__fP5wR0Q8g&#038;utm_campaign=www_review_share_popup&#038;utm_medium=copy_link&#038;utm_source=(direct)\" target=\"_blank\" rel=\"noopener\">Yelp<\/a><\/em><\/li>\n<\/ul>\n<div itemprop=\"review\" itemscope itemtype=\"http:\/\/schema.org\/Review\">\n<span itemprop=\"author\" itemscope=\"\" itemtype=\"http:\/\/schema.org\/Organization\"><span itemprop=\"name\">MoverDB.com<\/span><\/span> Online Website \u00dcberpr\u00fcfung f\u00fcr <span itemprop=\"itemreviewed\" itemscope=\"\" itemtype=\"http:\/\/schema.org\/Brand\"><span itemprop=\"name\">\u00dcbersch\u00fcssige internationale Spediteure<\/span><\/span>:<\/p>\n<ol>\n<li> Klare Kontaktangaben auf der Website (einschlie\u00dflich Telefonnummer): <strong>Ja<\/strong><\/li>\n<li> Leicht zu bekommen <a href=\"https:\/\/moverdb.com\/de\/zitate\/\">Angebote f\u00fcr internationale Umz\u00fcge<\/a>? (Online-Formular f\u00fcr Kostenvoranschl\u00e4ge): <strong>Ja<\/strong><\/li>\n<li> Klare Informationen auf der Website: <strong>Ja,<\/strong> Die Informationen auf der Website sind recht detailliert und vermitteln potenziellen Kunden eine gute Vorstellung von dem, was angeboten wird.<\/li>\n<li> Mitgliedschaft in international anerkannten Umzugsorganisationen: <strong>Ja<\/strong>, siehe oben.<\/li>\n<li> Liste der Kunden und\/oder Zeugnisse von fr\u00fcheren Kunden: <strong>Ja,<\/strong> Auf der Website des Unternehmens finden sich viele positive Kundenstimmen, obwohl die Bewertungen anderswo etwas gemischter ausfallen.<\/li>\n<\/ol>\n<div itemprop=\"reviewRating\" itemscope itemtype=\"http:\/\/schema.org\/Rating\"><meta itemprop=\"worstRating\" content = \"0\" \/><meta itemprop=\"bestRating\" content=\"5\" \/><meta itemprop=\"ratingValue\" content=\"4\"><\/div>\n<p><strong>Gesamtbewertung: 4\/5<\/strong><br \/>\n<strong>Datum der \u00dcberpr\u00fcfung:<\/strong> <span itemprop=\"datePublished\" content=\"2016-09-04\">04\/09\/2016<\/span>\n<\/div>\n<p>Erfahren Sie mehr \u00fcber <a href=\"https:\/\/moverdb.com\/de\/internationale-umzuge\/\">internationale Umz\u00fcge<\/a> und unsere <a href=\"https:\/\/moverdb.com\/de\/bewertungen\/\">\u00dcberpr\u00fcfungsprozess<\/a>.<\/p>\n<p><strong>Website:<\/strong> <a href=\"http:\/\/www.excess-international.com\/\" target=\"_blank\" rel=\"noopener\">http:\/\/www.excess-international.com<\/a><\/p>","protected":false},"excerpt":{"rendered":"<p>Excess International Movers offer corporate clients, individuals and families a wide range of services which are listed below. There also follows a company profile and reviews. International Removals Air, sea or road Door to door service Dedicated service for international relocations A move co-ordinator to organise removals from start to finish and answer any queries [&hellip;]<\/p>\n","protected":false},"author":1,"featured_media":0,"parent":0,"menu_order":0,"comment_status":"closed","ping_status":"closed","template":"","meta":{"_genesis_hide_title":false,"_genesis_hide_breadcrumbs":false,"_genesis_hide_singular_image":false,"_genesis_hide_footer_widgets":false,"_genesis_custom_body_class":"","_genesis_custom_post_class":"","_genesis_layout":"","footnotes":""},"class_list":{"0":"post-944","1":"page","2":"type-page","3":"status-publish","5":"entry"},"_links":{"self":[{"href":"https:\/\/moverdb.com\/de\/wp-json\/wp\/v2\/pages\/944","targetHints":{"allow":["GET"]}}],"collection":[{"href":"https:\/\/moverdb.com\/de\/wp-json\/wp\/v2\/pages"}],"about":[{"href":"https:\/\/moverdb.com\/de\/wp-json\/wp\/v2\/types\/page"}],"author":[{"embeddable":true,"href":"https:\/\/moverdb.com\/de\/wp-json\/wp\/v2\/users\/1"}],"replies":[{"embeddable":true,"href":"https:\/\/moverdb.com\/de\/wp-json\/wp\/v2\/comments?post=944"}],"version-history":[{"count":8,"href":"https:\/\/moverdb.com\/de\/wp-json\/wp\/v2\/pages\/944\/revisions"}],"predecessor-version":[{"id":6207,"href":"https:\/\/moverdb.com\/de\/wp-json\/wp\/v2\/pages\/944\/revisions\/6207"}],"wp:attachment":[{"href":"https:\/\/moverdb.com\/de\/wp-json\/wp\/v2\/media?parent=944"}],"curies":[{"name":"wp","href":"https:\/\/api.w.org\/{rel}","templated":true}]}}