{"id":943,"date":"2016-09-03T18:19:36","date_gmt":"2016-09-03T18:19:36","guid":{"rendered":"http:\/\/moverdb.com\/?page_id=943"},"modified":"2026-01-08T15:20:36","modified_gmt":"2026-01-08T15:20:36","slug":"robinsons","status":"publish","type":"page","link":"https:\/\/moverdb.com\/de\/robinsons\/","title":{"rendered":"Robinsons Umz\u00fcge: Internationaler Umzug &amp; Umz\u00fcge Bewertungen"},"content":{"rendered":"<p>Robinsons Relocation ist ein internationales <a href=\"https:\/\/moverdb.com\/de\/international-removals\/\" data-internallinksmanager029f6b8e52c=\"27\" title=\"36 Beste internationale Umzugsunternehmen in Gro\u00dfbritannien\">Umzugsunternehmen<\/a> die ihren Kunden zahlreiche Dienstleistungen anbieten, um sie beim Umzug ins Ausland zu unterst\u00fctzen. Die Dienstleistungen sind im Folgenden zusammen mit einem Unternehmensprofil und Bewertungen aufgef\u00fchrt.<\/p>\n<p><strong>Internationale Umz\u00fcge<\/strong><\/p>\n<ul>\n<li> Engagierter Umzugsmanager<\/li>\n<li> Von T\u00fcr zu T\u00fcr<\/li>\n<li> Selbstverpackend oder professionell verpackt<\/li>\n<li> Luftfracht oder Seefracht <a href=\"https:\/\/moverdb.com\/de\/containerschifffahrt\/\">internationale Containerschifffahrt<\/a><\/li>\n<li> Volllast- und Teillastoptionen<\/li>\n<li> Auspacken und Wiederzusammenbau<\/li>\n<li> Unterst\u00fctzung durch den Zoll<\/li>\n<li> Versicherung abgeschlossen<\/li>\n<li> Autotransport<\/li>\n<li> Versand von Haustieren<\/li>\n<li> Versand von Kunst und Antiquit\u00e4ten<\/li>\n<li> Betriebsverlagerung<\/li>\n<\/ul>\n<p><strong>Umzugsdienste<\/strong><\/p>\n<ul>\n<li> Ausrichtung des Gebiets<\/li>\n<li> Suche zu Hause<\/li>\n<li> Schule suchen<\/li>\n<li> Dienstleistungen zur Eingew\u00f6hnung<\/li>\n<li> Laufende Betreuung und Mietverwaltung<\/li>\n<li> Dienstleistungen bei der Abreise<\/li>\n<li> Visum und Einwanderung<\/li>\n<li> Interkulturell und Sprache<\/li>\n<li> Eheliche Unterst\u00fctzung<\/li>\n<\/ul>\n<p><strong>Lagerung<\/strong><\/p>\n<ul>\n<li> Lang- und Kurzfristig<\/li>\n<li> Lagerung von M\u00f6beln<\/li>\n<li> Lagerung von Fahrzeugen<\/li>\n<li> Kommerzielle Lagerung<\/li>\n<li> Speicherung von Dokumenten<\/li>\n<li> 8 Zweige zur Auswahl<\/li>\n<li> Professionell verpackt<\/li>\n<li> Versicherung automatisch<\/li>\n<li> 24 Stunden CCTV<\/li>\n<\/ul>\n<p><strong><a href=\"https:\/\/moverdb.com\/de\/moving-to-the-uk\/\" data-internallinksmanager029f6b8e52c=\"93\" title=\"Umzug in das Vereinigte K\u00f6nigreich? 2026 Lebenshaltungskosten &amp; Umzugstipps\">UK<\/a> Hausumz\u00fcge<\/strong><\/p>\n<ul>\n<li> Von T\u00fcr zu T\u00fcr<\/li>\n<li> Vollst\u00e4ndige Dienstleistung<\/li>\n<li> Betriebsverlagerung<\/li>\n<\/ul>\n<h2>Robinsons Relocation Unternehmensprofil<\/h2>\n<p>Robinsons wurde 1895 von Alfred Robinson gegr\u00fcndet, und das Unternehmen begann mit dem Umschlag von Kohle. Die Konkurrenz war gro\u00df, so dass Alfred Robinson beschloss, auf das Umzugsgesch\u00e4ft umzusteigen. <\/p>\n<p>Das Unternehmen expandierte in den 1960er Jahren mit dem Aufkommen der Massenauswanderung in die USA in den Bereich der internationalen Umz\u00fcge. <a href=\"https:\/\/moverdb.com\/de\/moving-to-australia\/living-in-australia\/\" data-internallinksmanager029f6b8e52c=\"240\" title=\"21 Geheimnisse \u00fcber das Leben in Australien, die man vor dem Umzug kennen sollte\">Australien<\/a>. Der Enkel von Alfred Robinson ist heute der Vorsitzende des Unternehmens.<\/p>\n<p>Robinsons ist einer der f\u00fcnf gr\u00f6\u00dften Exporteure von pers\u00f6nlichen G\u00fctern im Vereinigten K\u00f6nigreich. Ihr Ziel ist es, ihren Kunden, sowohl Privat- als auch Firmenkunden, einen ma\u00dfgeschneiderten Plan anzubieten, um sicherzustellen, dass ihr Umzug m\u00fchelos und ohne versteckte Kosten vonstatten geht. <\/p>\n<p>Das Unternehmen verf\u00fcgt \u00fcber sechs speziell gebaute Lagerh\u00e4user in den wichtigsten Zentren des Vereinigten K\u00f6nigreichs. Au\u00dferdem verf\u00fcgt es \u00fcber einen Fuhrpark von 60 Fahrzeugen und \u00fcber 150 hochqualifizierte Mitarbeiter.<\/p>\n<p>Eine Liste von Robinsons Mitgliedschaften und Akkreditierungen:<\/p>\n<ul>\n<li> <a href=\"https:\/\/moverdb.com\/de\/britische-vereinigung-der-entferner\/\">Der britische Verband der M\u00f6belpacker<\/a> (<a href=\"https:\/\/moverdb.com\/de\/british-association-of-removers\/\" data-internallinksmanager029f6b8e52c=\"9\" title=\"British Association of Removers (BAR) erkl\u00e4rt\">BAR<\/a>)<\/li>\n<li> <a href=\"https:\/\/moverdb.com\/de\/bar-over-see\/\">Der britische Verband der Umzugsunternehmen in \u00dcbersee<\/a><\/li>\n<li> Britischer Verband f\u00fcr internationale Fracht (BIFA)<\/li>\n<li> Weltweite Beruhigung<\/li>\n<li> <a href=\"https:\/\/moverdb.com\/de\/fidi-faim\/\">Internationaler Verband der internationalen M\u00f6belspediteure<\/a> (<a href=\"https:\/\/moverdb.com\/de\/fidi-faim\/\" data-internallinksmanager029f6b8e52c=\"16\" title=\"FIDI &amp; FAIM (FIDI Accredited International Mover) Erl\u00e4utert\">FIDI<\/a>)<\/li>\n<li> Overseas Moving Network Incorporated (OMNI)<\/li>\n<li> FAIM Plus<\/li>\n<li> <a href=\"https:\/\/moverdb.com\/de\/eura\/\">EuRA<\/a><\/li>\n<li> ISO 9901:2008<\/li>\n<li> ISO 14001 :2004<\/li>\n<li> Der Verband der Kunst- und Antiquit\u00e4tenh\u00e4ndler (LAPADA)<\/li>\n<li> Britische M\u00f6belhersteller (BFM)<\/li>\n<\/ul>\n<h2>Robinsons Relocation Bewertungen<\/h2>\n<p><strong>Positiv:<\/strong><\/p>\n<ul>\n<li> <em>\"Robinsons war sehr geduldig mit unserer manchmal \"schwierigen\" Reise, um einen tats\u00e4chlichen Umzugstermin zu bekommen, und hat sich gerne mit mir abgestimmt. Die Mitarbeiter im B\u00fcro waren hilfreich, sympathisch und freundlich. Als dann der Tag gekommen war, kamen die Jungs, um das Haus f\u00fcr den Umzug zu packen. <a href=\"https:\/\/moverdb.com\/de\/moving-to-the-united-states\/\" data-internallinksmanager029f6b8e52c=\"94\" title=\"Umzug in die Vereinigten Staaten? 2026 Lebenshaltungskosten &amp; Umzugstipps\">us<\/a> waren freundlich, professionell, aber vor allem gewissenhaft.\"<\/em> - Charlie K. Brisker \u00fcber <a href=\"https:\/\/uk.trustpilot.com\/reviews\/57c6b04b0000ff000982140f\" target=\"_blank\" rel=\"noopener\">Trustpilot<\/a><\/li>\n<li> <em>\"Wir hatten eine ausgezeichnete Erfahrung mit Robinsons und waren daher ziemlich \u00fcberrascht, als ich eine gegenteilige Bewertung sah. Wir sind schon mehrmals in verschiedene Teile der Welt umgezogen und haben Robinsons jedes Mal unser Vertrauen geschenkt, seit wir sie in den 90er Jahren zum ersten Mal beauftragt haben.\"<\/em> - Aiden Roberts \u00fcber <a href=\"http:\/\/www.removalreviews.co.uk\/movingreviews\/really-great-service-thank-you-robinsons-6974\" target=\"_blank\" rel=\"noopener\">Umzugsgutachten<\/a> <\/li>\n<\/ul>\n<p><strong>Negativ:<\/strong><\/p>\n<ul>\n<li> <em>\"Die ersten beiden M\u00e4nner, die kamen, waren fantastisch. Dann kamen drei weitere! Sie steckten ihre Handys in unsere Steckdosen, um Musik zu machen!!! Das Einpacken von kleineren Gegenst\u00e4nden war gro\u00dfartig! Keine Besch\u00e4digungen! Aber der Mangel an Sorgfalt und Respekt f\u00fcr gr\u00f6\u00dfere Gegenst\u00e4nde war schockierend! \"<\/em> - Sharon Card \u00fcber <a href=\"https:\/\/www.trustpilot.com\/users\/55ed817e0000ff0001d9df65\" target=\"_blank\" rel=\"noopener\">Trustpilot<\/a> <\/li>\n<li> \"<em>Nach einigen Recherchen dachte ich, ich h\u00e4tte ein seri\u00f6ses Unternehmen ausgew\u00e4hlt, das meinen internationalen Umzug abwickelt. Ich h\u00e4tte mich nicht mehr irren k\u00f6nnen.\" <\/em>Eric \u00fcber <a href=\"http:\/\/www.removalreviews.co.uk\/movingreviews\/absolute-disgrace-2741\" target=\"_blank\" rel=\"noopener\">Umzugsgutachten<\/a> <\/li>\n<\/ul>\n<div itemprop=\"review\" itemscope itemtype=\"http:\/\/schema.org\/Review\">\n<span itemprop=\"author\" itemscope=\"\" itemtype=\"http:\/\/schema.org\/Organization\"><span itemprop=\"name\">MoverDB.com<\/span><\/span> Online Website \u00dcberpr\u00fcfung f\u00fcr <span itemprop=\"itemreviewed\" itemscope=\"\" itemtype=\"http:\/\/schema.org\/Brand\"><span itemprop=\"name\">Robinsons-Umzug<\/span><\/span>:<\/p>\n<ol>\n<li> Klare Kontaktangaben auf der Website (einschlie\u00dflich Telefonnummer): <strong>Ja<\/strong><\/li>\n<li> Leicht zu bekommen <a href=\"https:\/\/moverdb.com\/de\/zitate\/\">Angebote f\u00fcr internationale Umz\u00fcge<\/a>? (Online-Formular f\u00fcr Kostenvoranschl\u00e4ge): <strong>Ja<\/strong><\/li>\n<li> Klare Informationen auf der Website: <strong>Ja,<\/strong> gute Informationen \u00fcber alle angebotenen Dienstleistungen.<\/li>\n<li> Mitgliedschaft in international anerkannten Umzugsorganisationen: <strong>Ja<\/strong>viele siehe oben.<\/li>\n<li> Liste der Kunden und\/oder Zeugnisse von fr\u00fcheren Kunden: <strong>Ja,<\/strong> aber nicht auf ihrer Website, sondern auf TrustPilot, wo sie eine sehr positive Bewertung haben.<\/li>\n<\/ol>\n<div itemprop=\"reviewRating\" itemscope itemtype=\"http:\/\/schema.org\/Rating\"><meta itemprop=\"worstRating\" content = \"0\" \/><meta itemprop=\"bestRating\" content=\"5\" \/><meta itemprop=\"ratingValue\" content=\"5\"><\/div>\n<p><strong>Gesamtbewertung: 5\/5<\/strong><br \/>\n<strong>Datum der \u00dcberpr\u00fcfung:<\/strong> <span itemprop=\"datePublished\" content=\"2016-09-03\">03\/09\/2016<\/span>\n<\/div>\n<p>Erfahren Sie mehr \u00fcber <a href=\"https:\/\/moverdb.com\/de\/internationale-umzuge\/\">internationale Umzugsunternehmen<\/a> und unsere <a href=\"https:\/\/moverdb.com\/de\/bewertungen\/\">\u00dcberpr\u00fcfungsprozess<\/a>.<\/p>\n<p><strong>Website:<\/strong> <a href=\"http:\/\/www.robinsonsrelo.com\" target=\"_blank\" rel=\"noopener\">http:\/\/www.robinsonsrelo.com<\/a><\/p>","protected":false},"excerpt":{"rendered":"<p>Robinsons Relocation are an international removal company which offer their clients many services to assist them in relocating abroad. The services are listed below together with a company profile and reviews. International Removals Dedicated move manager Door to door Self-packing or professionally packed Air freight or sea freight international container shipping full load and part [&hellip;]<\/p>\n","protected":false},"author":1,"featured_media":0,"parent":0,"menu_order":0,"comment_status":"closed","ping_status":"closed","template":"","meta":{"_genesis_hide_title":false,"_genesis_hide_breadcrumbs":false,"_genesis_hide_singular_image":false,"_genesis_hide_footer_widgets":false,"_genesis_custom_body_class":"","_genesis_custom_post_class":"","_genesis_layout":"","footnotes":""},"class_list":{"0":"post-943","1":"page","2":"type-page","3":"status-publish","5":"entry"},"_links":{"self":[{"href":"https:\/\/moverdb.com\/de\/wp-json\/wp\/v2\/pages\/943","targetHints":{"allow":["GET"]}}],"collection":[{"href":"https:\/\/moverdb.com\/de\/wp-json\/wp\/v2\/pages"}],"about":[{"href":"https:\/\/moverdb.com\/de\/wp-json\/wp\/v2\/types\/page"}],"author":[{"embeddable":true,"href":"https:\/\/moverdb.com\/de\/wp-json\/wp\/v2\/users\/1"}],"replies":[{"embeddable":true,"href":"https:\/\/moverdb.com\/de\/wp-json\/wp\/v2\/comments?post=943"}],"version-history":[{"count":5,"href":"https:\/\/moverdb.com\/de\/wp-json\/wp\/v2\/pages\/943\/revisions"}],"predecessor-version":[{"id":6233,"href":"https:\/\/moverdb.com\/de\/wp-json\/wp\/v2\/pages\/943\/revisions\/6233"}],"wp:attachment":[{"href":"https:\/\/moverdb.com\/de\/wp-json\/wp\/v2\/media?parent=943"}],"curies":[{"name":"wp","href":"https:\/\/api.w.org\/{rel}","templated":true}]}}