{"id":942,"date":"2016-09-04T17:22:17","date_gmt":"2016-09-04T17:22:17","guid":{"rendered":"http:\/\/moverdb.com\/?page_id=942"},"modified":"2026-01-08T14:47:57","modified_gmt":"2026-01-08T14:47:57","slug":"stadt-umzug-lagerung","status":"publish","type":"page","link":"https:\/\/moverdb.com\/de\/city-moving-storage\/","title":{"rendered":"Stadt Umzug und Lagerung: Internationale Umz\u00fcge Bewertungen"},"content":{"rendered":"<p>City Moving and Storage bietet sowohl \u00dcbersee- als auch Ortsumz\u00fcge f\u00fcr Gesch\u00e4fts- und Privatkunden an. Es folgt eine Liste dieser Dienstleistungen, zusammen mit einem Unternehmensprofil und Bewertungen.<\/p>\n<p><strong>Anmerkung:<\/strong> City Moving and Storage ist nicht zu verwechseln mit City Removals, einer separaten Firma, die verwirrenderweise auch Folgendes anbietet <a href=\"https:\/\/moverdb.com\/de\/internationale-umzuge\/\">internationale Umz\u00fcge<\/a>.<\/p>\n<p><strong>Umzugsdienste<\/strong><\/p>\n<ul>\n<li> Auspacken und Entr\u00fcmpeln Kompletter Einpackservice<\/li>\n<li> Verpacken von Antiquit\u00e4ten und Kunstgegenst\u00e4nden<\/li>\n<li> Seefrachtdienste per LCL (less than container load) oder FCL (full container load) <a href=\"https:\/\/moverdb.com\/de\/containerschifffahrt\/\">Containerschifffahrt<\/a>.<\/li>\n<li> W\u00f6chentliche Umzugsdienste nach Europa<\/li>\n<li> Zollabfertigung und Formalit\u00e4ten<\/li>\n<li> Auspacken und Beseitigung von Schutt<\/li>\n<\/ul>\n<p><strong>Lagerungsdienste<\/strong><\/p>\n<ul>\n<li> Beladung der Container<\/li>\n<li> Verpackungsbeh\u00e4lter<\/li>\n<li> Verschlie\u00dfen von Beh\u00e4ltern<\/li>\n<li> Stauen von Containern<\/li>\n<\/ul>\n<h2>City Moving and Storage Unternehmensprofil<\/h2>\n<p>City Moving and Storage ist eine private Gesellschaft mit beschr\u00e4nkter Haftung, die ihre T\u00e4tigkeit 1986 aufnahm. Ihr Hauptsitz befindet sich in <a href=\"https:\/\/moverdb.com\/de\/moving-to-london\/\">London<\/a> mit globalen Gesch\u00e4ftspartnern in der ganzen Welt. Das Unternehmen versendet pers\u00f6nliche und gesch\u00e4ftliche Gegenst\u00e4nde in die ganze Welt und ist stolz darauf, professionelle, gut ausgebildete Mitarbeiter zu haben, die den Prozess von T\u00fcr zu T\u00fcr begleiten.<\/p>\n<p>Das Unternehmen ist auf den Transport von Antiquit\u00e4ten, Kunstwerken, Klavieren und Autos rund um den Globus spezialisiert. Das Unternehmen verf\u00fcgt \u00fcber eine Spezialabteilung f\u00fcr Skandinavien mit w\u00f6chentlichen Abfahrten von London aus. Die Kunden werden \u00fcber ihre Sendungen auf dem Laufenden gehalten und in jeder Phase der Reise benachrichtigt. <\/p>\n<p>City Moving and Storage hat Akkreditierungen von:<\/p>\n<ul>\n<li> <a href=\"https:\/\/moverdb.com\/de\/britische-vereinigung-der-entferner\/\">Der britische Verband der M\u00f6belpacker<\/a> (<a href=\"https:\/\/moverdb.com\/de\/british-association-of-removers\/\" data-internallinksmanager029f6b8e52c=\"9\" title=\"British Association of Removers (BAR) erkl\u00e4rt\">BAR<\/a>)<\/li>\n<li> <a href=\"https:\/\/moverdb.com\/de\/fidi-faim\/\">Der Verband der internationalen Spediteure<\/a> (<a href=\"https:\/\/moverdb.com\/de\/fidi-faim\/\" data-internallinksmanager029f6b8e52c=\"16\" title=\"FIDI &amp; FAIM (FIDI Accredited International Mover) Erl\u00e4utert\">FIDI<\/a>)<\/li>\n<li> Qualit\u00e4tsgesicherte Dienstleistungsnorm - BS EN 12522<\/li>\n<\/ul>\n<p><strong>City Moving and Storage Bewertungen<\/strong><\/p>\n<p>Wir konnten online weder positive noch negative Bewertungen f\u00fcr City Moving and Storage finden.<\/p>\n<div itemprop=\"review\" itemscope itemtype=\"http:\/\/schema.org\/Review\">\n<span itemprop=\"author\" itemscope=\"\" itemtype=\"http:\/\/schema.org\/Organization\"><span itemprop=\"name\">MoverDB.com<\/span><\/span> Online Website \u00dcberpr\u00fcfung f\u00fcr <span itemprop=\"itemreviewed\" itemscope=\"\" itemtype=\"http:\/\/schema.org\/Brand\"><span itemprop=\"name\">Stadt Umzug und Lagerung<\/span><\/span>:<\/p>\n<ol>\n<li> Klare Kontaktangaben auf der Website (einschlie\u00dflich Telefonnummer): <strong>Ja<\/strong><\/li>\n<li> Leicht zu bekommen <a href=\"https:\/\/moverdb.com\/de\/zitate\/\">Angebote f\u00fcr internationale Umz\u00fcge<\/a>? (Online-Formular f\u00fcr Kostenvoranschl\u00e4ge): <strong>Grundlegend<\/strong>Sie haben ein Kontaktformular auf ihrer Homepage, geben aber nicht an, ob sie Kostenvoranschl\u00e4ge anbieten.<\/li>\n<li> Klare Informationen auf der Website: <strong>Nein,<\/strong> Die Website wurde 2008 eingerichtet und verr\u00e4t nur sehr wenig \u00fcber das Unternehmen oder die von ihm angebotenen Aktivit\u00e4ten.<\/li>\n<li> Mitgliedschaft in international anerkannten Umzugsorganisationen: <strong>Ja<\/strong>, siehe oben.<\/li>\n<li> Liste der Kunden und\/oder Zeugnisse von fr\u00fcheren Kunden: <strong>Nein,<\/strong> Auch hier ist der Inhalt der Website minimal und enth\u00e4lt keine Kundenaussagen oder Kundenlisten, und es scheinen keine Bewertungen online zu existieren.<\/li>\n<\/ol>\n<div itemprop=\"reviewRating\" itemscope itemtype=\"http:\/\/schema.org\/Rating\"><meta itemprop=\"worstRating\" content = \"0\" \/><meta itemprop=\"bestRating\" content=\"5\" \/><meta itemprop=\"ratingValue\" content=\"2.5\"><\/div>\n<p><strong>Gesamtbewertung: 2.5\/5<\/strong><br \/>\n<strong>Datum der \u00dcberpr\u00fcfung:<\/strong> <span itemprop=\"datePublished\" content=\"2016-09-04\">04\/09\/2016<\/span>\n<\/div>\n<p>Mehr \u00fcber <a href=\"https:\/\/moverdb.com\/de\/umzugsunternehmen\/\">internationale Umzugsunternehmen<\/a> und unsere <a href=\"https:\/\/moverdb.com\/de\/bewertungen\/\">\u00dcberpr\u00fcfungsprozess<\/a>.<\/p>\n<p><strong>Website:<\/strong> <a href=\"http:\/\/www.citymoving.co.uk\" target=\"_blank\" rel=\"noopener\">http:\/\/www.citymoving.co.uk<\/a><\/p>","protected":false},"excerpt":{"rendered":"<p>City Moving and Storage offer both overseas and local moves to both business and private clients. There follows a list of these services, together with a company profile and reviews. Note: City Moving and Storage, should not be confused with City Removals, which is a separate company that also confusingly offers international removals. Moving Services [&hellip;]<\/p>\n","protected":false},"author":1,"featured_media":0,"parent":0,"menu_order":0,"comment_status":"closed","ping_status":"closed","template":"","meta":{"_genesis_hide_title":false,"_genesis_hide_breadcrumbs":false,"_genesis_hide_singular_image":false,"_genesis_hide_footer_widgets":false,"_genesis_custom_body_class":"","_genesis_custom_post_class":"","_genesis_layout":"","footnotes":""},"class_list":{"0":"post-942","1":"page","2":"type-page","3":"status-publish","5":"entry"},"_links":{"self":[{"href":"https:\/\/moverdb.com\/de\/wp-json\/wp\/v2\/pages\/942","targetHints":{"allow":["GET"]}}],"collection":[{"href":"https:\/\/moverdb.com\/de\/wp-json\/wp\/v2\/pages"}],"about":[{"href":"https:\/\/moverdb.com\/de\/wp-json\/wp\/v2\/types\/page"}],"author":[{"embeddable":true,"href":"https:\/\/moverdb.com\/de\/wp-json\/wp\/v2\/users\/1"}],"replies":[{"embeddable":true,"href":"https:\/\/moverdb.com\/de\/wp-json\/wp\/v2\/comments?post=942"}],"version-history":[{"count":5,"href":"https:\/\/moverdb.com\/de\/wp-json\/wp\/v2\/pages\/942\/revisions"}],"predecessor-version":[{"id":6191,"href":"https:\/\/moverdb.com\/de\/wp-json\/wp\/v2\/pages\/942\/revisions\/6191"}],"wp:attachment":[{"href":"https:\/\/moverdb.com\/de\/wp-json\/wp\/v2\/media?parent=942"}],"curies":[{"name":"wp","href":"https:\/\/api.w.org\/{rel}","templated":true}]}}