{"id":941,"date":"2016-07-25T11:02:02","date_gmt":"2016-07-25T11:02:02","guid":{"rendered":"http:\/\/moverdb.com\/?page_id=941"},"modified":"2026-01-08T15:30:36","modified_gmt":"2026-01-08T15:30:36","slug":"united-van-lines","status":"publish","type":"page","link":"https:\/\/moverdb.com\/de\/united-van-lines\/","title":{"rendered":"Vereinigte Van Lines: Internationale Umzugsdienstleistungen &amp; Bewertungen"},"content":{"rendered":"<p>United Van Lines bietet seinen Kunden zahlreiche Umzugsdienstleistungen sowohl international als auch innerhalb der <a href=\"https:\/\/moverdb.com\/de\/moving-to-the-united-states\/\" data-internallinksmanager029f6b8e52c=\"94\" title=\"Umzug in die Vereinigten Staaten? 2026 Lebenshaltungskosten &amp; Umzugstipps\">US<\/a>. Im Folgenden finden Sie eine Liste dieser Dienstleistungen sowie ein Unternehmensprofil und Bewertungen.<\/p>\n<p><strong>Internationale Umz\u00fcge<\/strong><\/p>\n<ul>\n<li> Planung und Vorbereitung des Umzugs<\/li>\n<li> Bedarfsermittlung und Sch\u00e4tzung<\/li>\n<li> Zielvorschau Reise<\/li>\n<li> Sprachtraining und kulturelle Orientierung<\/li>\n<li> Umzugsmanagement<\/li>\n<li> Planung von Dienstleistungen<\/li>\n<li> Internationales Versandverfahren<\/li>\n<li> Verfolgung und Zustellung<\/li>\n<li> Niederlassungsdienste - Banken, \u00c4rzte usw.<\/li>\n<li> Visa- und Einwanderungsdienste<\/li>\n<li> Einwanderungsprozesse f\u00fcr Unternehmen<\/li>\n<li> Individuelle Einwanderungsprozesse<\/li>\n<li> Wohnungshilfe - vor\u00fcbergehend oder dauerhaft<\/li>\n<li> Haussuchungsdienste<\/li>\n<li> Vor\u00fcbergehende Unterbringung<\/li>\n<li> Verwaltung von Immobilien und Mietverh\u00e4ltnissen<\/li>\n<li> Unterst\u00fctzung beim Umzug der Familie<\/li>\n<li> Visum- und Reisepassverfahren<\/li>\n<li> Unterst\u00fctzung des Partners\/Ehepartners<\/li>\n<li> Schulische Unterst\u00fctzung<\/li>\n<li> Kulturelle und sprachliche Ausbildung<\/li>\n<li> Umsiedlung von Haustieren<\/li>\n<li> Versicherung<\/li>\n<\/ul>\n<p><strong>Umzug mit United<\/strong><\/p>\n<ul>\n<li> Lokale Umz\u00fcge<\/li>\n<li> Internationale Umz\u00fcge<\/li>\n<li> Umz\u00fcge \u00fcber gro\u00dfe Entfernungen<\/li>\n<li> Firmenumz\u00fcge<\/li>\n<li> Milit\u00e4rische und staatliche Umz\u00fcge<\/li>\n<li> Automotive bewegt sich<\/li>\n<\/ul>\n<p><strong>Verpackung und Lagerung<\/strong><\/p>\n<ul>\n<li> Selbstverpackend<\/li>\n<li> Ma\u00dfgeschneiderte Verpackung<\/li>\n<li> Full-Service-Verpackung<\/li>\n<li> Packen Sie aus<\/li>\n<li> Individuelles Auspacken<\/li>\n<li> Vollst\u00e4ndiges Auspacken<\/li>\n<li> 90 Tage Transitlagerung<\/li>\n<li> Tresorraum<\/li>\n<li> Kurze und lange Lagerung und Einlagerung<\/li>\n<\/ul>\n<h2>United Van Lines Unternehmensprofil<\/h2>\n<p>United Van Lines wurde 1928 als Return Loads Service in Cleveland er\u00f6ffnet, <a href=\"https:\/\/moverdb.com\/de\/moving-to-the-united-states\/moving-to-ohio\/\" data-internallinksmanager029f6b8e52c=\"409\" title=\"Umzug nach Ohio? 2026 Lebenshaltungskosten &amp; Umzugstipps\">Ohio<\/a>. Das Unternehmen wurde immer st\u00e4rker und expandierte auch auf den internationalen Markt. Im Jahr 1995 erzielte es erstmals einen Umsatz von einer Milliarde Dollar. <\/p>\n<p>United Van Lines ist #1 im Marktanteil der Umzugsunternehmen im Land.<\/p>\n<p>United hat 340 lokale Vertreter im ganzen Land, die Umz\u00fcge und Lagerungsm\u00f6glichkeiten anbieten. F\u00fcr internationale Umz\u00fcge setzt das Unternehmen \u00fcber 1000 professionelle Vertreter in 128 L\u00e4ndern ein.<\/p>\n<p>United Van Lines hat die folgenden Akkreditierungen und Mitgliedschaften:<\/p>\n<ul>\n<li> <a href=\"https:\/\/moverdb.com\/de\/amsa\/\">Amerikanische Vereinigung f\u00fcr Umzug und Lagerung<\/a> (<a href=\"https:\/\/moverdb.com\/de\/amsa\/\" data-internallinksmanager029f6b8e52c=\"5\" title=\"American Moving &amp; Storage Association (AMSA) erkl\u00e4rt\">AMSA<\/a>)<\/li>\n<li> <a href=\"https:\/\/moverdb.com\/de\/rim-promover\/\">ProMover<\/a> (AMSA)<\/li>\n<li> Nationale Qualit\u00e4tssicherung USA ISO 9001 2008<\/li>\n<li> <a href=\"https:\/\/moverdb.com\/de\/kanadischer-verband-der-spediteure\/\">Kanadischer Verband der Spediteure<\/a> (<a href=\"https:\/\/moverdb.com\/de\/canadian-association-of-movers\/\" data-internallinksmanager029f6b8e52c=\"11\" title=\"Kanadischer Verband der Spediteure (CAM) erkl\u00e4rt\">CAM<\/a>)<\/li>\n<\/ul>\n<h2>United Van Lines Bewertungen<\/h2>\n<p><strong>Positiv:<\/strong><\/p>\n<ul>\n<li> \"<em>United Van Lines und ihre lokalen Partner waren wunderbar.<\/em> - Julia \u00fcber <a href=\"http:\/\/www.yelp.com\/user_details?userid=nPUhNLstAOJEWjHLAb1rpA\" target=\"_blank\" rel=\"noopener\">Yelp<\/a><\/li>\n<li> \"<em>Wenn Sie nach Omaha ziehen, sind Sie es sich schuldig, dieses Unternehmen zu nutzen.<\/em> - Dean S. \u00fcber <a href=\"http:\/\/www.movingcompanyreviews.com\/MO\/Fenton\/united-van-lines-llc-61144\" target=\"_blank\" rel=\"noopener\">MovingCompanyReviews.com<\/a><\/li>\n<\/ul>\n<p><strong>Negativ:<\/strong><\/p>\n<ul>\n<li> \"<em>Schrecklicher Kundenservice.\"<\/em> - Ally \u00fcber <a href=\"http:\/\/www.yelp.com\/user_details?userid=ab4N7Z9Che1cq3g-QrONUw\" target=\"_blank\" rel=\"noopener\">Yelp<\/a> <\/li>\n<li> \"<em>Ein Alptraum. Wir haben mit John Silvernail von Corrigan United zusammengearbeitet, um unsere Familie von <a href=\"https:\/\/moverdb.com\/de\/moving-to-the-united-states\/moving-to-colorado\/\" data-internallinksmanager029f6b8e52c=\"399\" title=\"Umzug nach Colorado? 2026 Lebenshaltungskosten &amp; Umzugstipps\">Colorado<\/a> zu <a href=\"https:\/\/moverdb.com\/de\/moving-to-the-united-states\/moving-to-california\/\" data-internallinksmanager029f6b8e52c=\"330\" title=\"Umzug nach Kalifornien? 2026 Lebenshaltungskosten &amp; Umzugstipps\">Kalifornien<\/a> im Juni 2014.\"<\/em> - Gaea M \u00fcber <a href=\"http:\/\/www.movingcompanyreviews.com\/MO\/Fenton\/united-van-lines-llc-61144\" target=\"_blank\" rel=\"noopener\">MovingCompanyReviews.com<\/a><\/li>\n<\/ul>\n<div itemprop=\"review\" itemscope itemtype=\"http:\/\/schema.org\/Review\">\n<span itemprop=\"author\" itemscope=\"\" itemtype=\"http:\/\/schema.org\/Organization\"><span itemprop=\"name\">MoverDB.com<\/span><\/span> Online Website \u00dcberpr\u00fcfung f\u00fcr <span itemprop=\"itemreviewed\" itemscope=\"\" itemtype=\"http:\/\/schema.org\/Brand\"><span itemprop=\"name\">Vereinigte Van Lines<\/span><\/span>:<\/p>\n<ol>\n<li> Klare Kontaktangaben auf der Website (einschlie\u00dflich Telefonnummer): <strong>Ja<\/strong><\/li>\n<li> Leicht zu bekommen <a href=\"https:\/\/moverdb.com\/de\/zitate\/\">Angebote f\u00fcr internationale Umz\u00fcge<\/a>? (Online-Formular f\u00fcr Kostenvoranschl\u00e4ge): <strong>Ja<\/strong><\/li>\n<li> Klare Informationen auf der Website: <strong>Ja.<\/strong> Auf der Website werden alle von dem Unternehmen angebotenen Dienstleistungen klar dargelegt.<\/li>\n<li> Mitgliedschaft in international anerkannten Umzugsorganisationen: <strong>Ja<\/strong>(siehe oben)<\/li>\n<li> Liste der Kunden und\/oder Zeugnisse von fr\u00fcheren Kunden. <strong>Ja,<\/strong> Burke Inc. hat die Kundenzufriedenheitsb\u00f6gen des Unternehmens unabh\u00e4ngig gepr\u00fcft, und auf der Grundlage dieser B\u00f6gen hat das Unternehmen eine Kundenzufriedenheitsrate von 4,22 von 5.<\/li>\n<\/ol>\n<div itemprop=\"reviewRating\" itemscope itemtype=\"http:\/\/schema.org\/Rating\"><meta itemprop=\"worstRating\" content = \"0\" \/><meta itemprop=\"bestRating\" content=\"5\" \/><meta itemprop=\"ratingValue\" content=\"5\"><\/div>\n<p><strong>Gesamtbewertung: 5\/5<\/strong><br \/>\n<strong>Datum der \u00dcberpr\u00fcfung:<\/strong> <span itemprop=\"datePublished\" content=\"2016-07-25\">25\/07\/2016<\/span>\n<\/div>\n<p>Lesen Sie mehr \u00fcber <a href=\"https:\/\/moverdb.com\/de\/umzugsunternehmen\/\">internationale Umzugsunternehmen<\/a>, <a href=\"https:\/\/moverdb.com\/de\/us-kanada-umzuge\/\">nationale Umzugsunternehmen<\/a> und unsere <a href=\"https:\/\/moverdb.com\/de\/bewertungen\/\">\u00dcberpr\u00fcfungsprozess erkl\u00e4rt<\/a>.<\/p>\n<p><strong>Websites:<\/strong> US: <a href=\"http:\/\/www.unitedvanlines.com\/\" target=\"_blank\" rel=\"noopener\">http:\/\/www.unitedvanlines.com\/<\/a>; <a href=\"https:\/\/moverdb.com\/de\/moving-to-canada\/\" data-internallinksmanager029f6b8e52c=\"265\" title=\"Umzug nach Kanada? 2026 Lebenshaltungskosten &amp; Umzugstipps\">Kanada<\/a>: <a href=\"http:\/\/www.uvl.ca\/\" target=\"_blank\" rel=\"noopener\">http:\/\/www.uvl.ca\/<\/a> <\/p>","protected":false},"excerpt":{"rendered":"<p>United Van Lines offers its clients many moving services both international and within the US. Below is a list of these services, plus a company profile and reviews. International Moves Move planning and preparation Needs assessment and estimate Destination preview trip Language training and cultural orientation Move management Planning services International transit Tracking and delivery [&hellip;]<\/p>\n","protected":false},"author":1,"featured_media":0,"parent":0,"menu_order":0,"comment_status":"closed","ping_status":"closed","template":"","meta":{"_genesis_hide_title":false,"_genesis_hide_breadcrumbs":false,"_genesis_hide_singular_image":false,"_genesis_hide_footer_widgets":false,"_genesis_custom_body_class":"","_genesis_custom_post_class":"","_genesis_layout":"","footnotes":""},"class_list":{"0":"post-941","1":"page","2":"type-page","3":"status-publish","5":"entry"},"_links":{"self":[{"href":"https:\/\/moverdb.com\/de\/wp-json\/wp\/v2\/pages\/941","targetHints":{"allow":["GET"]}}],"collection":[{"href":"https:\/\/moverdb.com\/de\/wp-json\/wp\/v2\/pages"}],"about":[{"href":"https:\/\/moverdb.com\/de\/wp-json\/wp\/v2\/types\/page"}],"author":[{"embeddable":true,"href":"https:\/\/moverdb.com\/de\/wp-json\/wp\/v2\/users\/1"}],"replies":[{"embeddable":true,"href":"https:\/\/moverdb.com\/de\/wp-json\/wp\/v2\/comments?post=941"}],"version-history":[{"count":10,"href":"https:\/\/moverdb.com\/de\/wp-json\/wp\/v2\/pages\/941\/revisions"}],"predecessor-version":[{"id":6249,"href":"https:\/\/moverdb.com\/de\/wp-json\/wp\/v2\/pages\/941\/revisions\/6249"}],"wp:attachment":[{"href":"https:\/\/moverdb.com\/de\/wp-json\/wp\/v2\/media?parent=941"}],"curies":[{"name":"wp","href":"https:\/\/api.w.org\/{rel}","templated":true}]}}