{"id":940,"date":"2016-09-04T19:16:26","date_gmt":"2016-09-04T19:16:26","guid":{"rendered":"http:\/\/moverdb.com\/?page_id=940"},"modified":"2026-01-08T14:47:53","modified_gmt":"2026-01-08T14:47:53","slug":"btr-international","status":"publish","type":"page","link":"https:\/\/moverdb.com\/de\/btr-international\/","title":{"rendered":"BTR International: Mobilit\u00e4t der Arbeitskr\u00e4fte: Relocation &amp; Umz\u00fcge Bewertungen"},"content":{"rendered":"<p>BTR International bietet Unternehmen zahlreiche Dienstleistungen an, damit sie ihre Mitarbeiter oder ihr Unternehmen ins Ausland verlagern k\u00f6nnen.<\/p>\n<p><strong>Internationale Umzugsdienste<\/strong><\/p>\n<ul type=\"circle\">\n<li class=\"m_7262227758002368167MsoListParagraph\"><b>Beratungsdienste<\/b><u><\/u><u><\/u>\n<ul type=\"square\">\n<li class=\"m_7262227758002368167MsoListParagraph\">Politikgestaltung und -entwicklung<u><\/u><u><\/u><\/li>\n<li class=\"m_7262227758002368167MsoListParagraph\">Benchmarking<u><\/u><u><\/u><\/li>\n<li class=\"m_7262227758002368167MsoListParagraph\">Beratung<u><\/u><u><\/u><\/li>\n<\/ul>\n<\/li>\n<li class=\"m_7262227758002368167MsoListParagraph\"><b>Dienstleistungen vor der Beauftragung<u><\/u><u><\/u><\/b>\n<ul type=\"square\">\n<li class=\"m_7262227758002368167MsoListParagraph\">Beratung vor der Beauftragung<u><\/u><u><\/u><\/li>\n<li class=\"m_7262227758002368167MsoListParagraph\">Verg\u00fctungsplanung<u><\/u><u><\/u><\/li>\n<li class=\"m_7262227758002368167MsoListParagraph\">Auftragskostenprognosen<u><\/u><u><\/u><\/li>\n<li class=\"m_7262227758002368167MsoListParagraph\">Vorbereitung des Zuweisungsschreibens<u><\/u><u><\/u><\/li>\n<li class=\"m_7262227758002368167MsoListParagraph\">Steuerplanung &amp; Strategie<u><\/u><u><\/u><\/li>\n<li class=\"m_7262227758002368167MsoListParagraph\">Arbeitsblatt zur Berechnung der Anfangsverg\u00fctung<u><\/u><u><\/u><\/li>\n<li class=\"m_7262227758002368167MsoListParagraph\">Koordinierung von Visum und Einwanderung<u><\/u><u><\/u><\/li>\n<li class=\"m_7262227758002368167MsoListParagraph\">Bericht \u00fcber die Lebenshaltungskostenpauschale<u><\/u><u><\/u><\/li>\n<li class=\"m_7262227758002368167MsoListParagraph\">Kultur- und Sprachtraining<u><\/u><u><\/u><\/li>\n<li class=\"m_7262227758002368167MsoListParagraph\">Bildungsberatung &amp; Vermittlung<u><\/u><u><\/u><\/li>\n<li class=\"m_7262227758002368167MsoListParagraph\">Home Marketing Unterst\u00fctzung<u><\/u><u><\/u><\/li>\n<\/ul>\n<\/li>\n<li class=\"m_7262227758002368167MsoListParagraph\"><b>Kostenmanagement<\/b><u><\/u><u><\/u>\n<ul type=\"square\">\n<li class=\"m_7262227758002368167MsoListParagraph\">Ausgabenpr\u00fcfung &amp; Auszahlung<u><\/u><u><\/u><\/li>\n<li class=\"m_7262227758002368167MsoListParagraph\">Direkte Zahlung von Ausgaben<u><\/u><u><\/u><\/li>\n<li class=\"m_7262227758002368167MsoListParagraph\">Detaillierter Abgleich und Berichterstattung<u><\/u><u><\/u><\/li>\n<li class=\"m_7262227758002368167MsoListParagraph\">Einhaltung globaler Mobilit\u00e4tsrichtlinien<u><\/u><u><\/u><\/li>\n<li class=\"m_7262227758002368167MsoListParagraph\">Ausnahme von der Politik Kostenberichterstattung<u><\/u><u><\/u><\/li>\n<\/ul>\n<\/li>\n<li class=\"m_7262227758002368167MsoListParagraph\"><b>Umzugsmanagement<\/b><u><\/u><u><\/u>\n<ul type=\"square\">\n<li class=\"m_7262227758002368167MsoListParagraph\">Management von Gruppenumz\u00fcgen<u><\/u><u><\/u><\/li>\n<li class=\"m_7262227758002368167MsoListParagraph\">Pauschalierte L\u00f6sung<u><\/u><u><\/u><\/li>\n<li class=\"m_7262227758002368167MsoListParagraph\">Lagerungsdienste<u><\/u><u><\/u><\/li>\n<li class=\"m_7262227758002368167MsoListParagraph\">Globales Mobilit\u00e4tsprogramm<u><\/u><u><\/u><\/li>\n<li class=\"m_7262227758002368167MsoListParagraph\">Internationale Frachtbef\u00f6rderung<u><\/u><u><\/u><\/li>\n<li class=\"m_7262227758002368167MsoListParagraph\">Versicherungsprogramm<u><\/u><u><\/u><\/li>\n<li class=\"m_7262227758002368167MsoListParagraph\">VIP-Dienste<u><\/u><u><\/u><\/li>\n<li class=\"m_7262227758002368167MsoListParagraph\">Inventarverwaltung<u><\/u><u><\/u><\/li>\n<li class=\"m_7262227758002368167MsoListParagraph\">Kommerzieller Umzug<u><\/u><u><\/u><\/li>\n<li class=\"m_7262227758002368167MsoListParagraph\">Umzugsdienste f\u00fcr Haustiere<u><\/u><u><\/u><\/li>\n<\/ul>\n<\/li>\n<li class=\"m_7262227758002368167MsoListParagraph\"><b>Dienstleistungen am Reiseziel<\/b><u><\/u><u><\/u>\n<ul type=\"square\">\n<li class=\"m_7262227758002368167MsoListParagraph\">Unterst\u00fctzung bei der Wohnungssuche<u><\/u><u><\/u><\/li>\n<li class=\"m_7262227758002368167MsoListParagraph\">Hilfe bei der Wohnungssuche<u><\/u><u><\/u><\/li>\n<li class=\"m_7262227758002368167MsoListParagraph\">Unterst\u00fctzung bei der Schulsuche<u><\/u><u><\/u><\/li>\n<li class=\"m_7262227758002368167MsoListParagraph\">Wohnen auf Zeit<u><\/u><u><\/u><\/li>\n<li class=\"m_7262227758002368167MsoListParagraph\">Ehegatten-Karriere-Beratung<u><\/u><u><\/u><\/li>\n<li class=\"m_7262227758002368167MsoListParagraph\">Verwaltung von Mietverh\u00e4ltnissen<u><\/u><u><\/u><\/li>\n<li class=\"m_7262227758002368167MsoListParagraph\">Verwaltung von Immobilien<u><\/u><u><\/u><\/li>\n<li class=\"m_7262227758002368167MsoListParagraph\">Eingliederungsdienste<u><\/u><u><\/u><\/li>\n<\/ul>\n<\/li>\n<li class=\"m_7262227758002368167MsoListParagraph\"><b>Berichtsdienste<\/b><u><\/u><u><\/u>\n<ul type=\"square\">\n<li class=\"m_7262227758002368167MsoListParagraph\">Ma\u00dfgeschneiderte Auftragsberichte<u><\/u><u><\/u><\/li>\n<li class=\"m_7262227758002368167MsoListParagraph\">Kostenmanagement und Steuern zum Jahresende<u><\/u><u><\/u><\/li>\n<li class=\"m_7262227758002368167MsoListParagraph\">Ausnahme von der Verfolgung der Politik<u><\/u><u><\/u><\/li>\n<li class=\"m_7262227758002368167MsoListParagraph\">Tracking und Berichterstattung f\u00fcr Gesch\u00e4ftsreisende<u><\/u><u><\/u><\/li>\n<li class=\"m_7262227758002368167MsoListParagraph\">Viertelj\u00e4hrliche und j\u00e4hrliche Kunden\u00fcberpr\u00fcfungen<\/li>\n<\/ul>\n<\/li>\n<\/ul>\n<h2>BTR International Unternehmensprofil<\/h2>\n<p>BTR International ist ein preisgekr\u00f6ntes internationales Umzugsmanagementunternehmen mit mehr als 35 Jahren Erfahrung im Bereich der Mitarbeitermobilit\u00e4t. BTR International ist bestrebt, die Personalabteilung eines Unternehmens zu entlasten, indem es den Umzug so weit wie m\u00f6glich organisiert und sowohl das Unternehmen als auch die umziehenden Mitarbeiter unterst\u00fctzt.<\/p>\n<p>BTR wurde 2019 von der Writer Corporation \u00fcbernommen, einem globalen Unternehmen mit \u00fcber 60 Jahren Erfahrung in der Relocation-Branche. Die Zusammenarbeit hat ihr globales Netzwerk und die Qualit\u00e4t ihrer Dienstleistungen gest\u00e4rkt.<\/p>\n<p>Hier finden Sie eine Liste der Akkreditierungen und Zugeh\u00f6rigkeiten von BTR International:<\/p>\n<ul>\n<li><a href=\"https:\/\/moverdb.com\/de\/britische-vereinigung-der-entferner\/\">Der britische Verband der M\u00f6belpacker<\/a> (<a href=\"https:\/\/moverdb.com\/de\/british-association-of-removers\/\" data-internallinksmanager029f6b8e52c=\"9\" title=\"British Association of Removers (BAR) erkl\u00e4rt\">BAR<\/a>)<\/li>\n<li><a href=\"https:\/\/moverdb.com\/de\/bar-over-see\/\">Der britische Verband der Umzugsunternehmen in \u00dcbersee<\/a><\/li>\n<li><a href=\"https:\/\/moverdb.com\/de\/fidi-faim\/\">Verband der internationalen Spediteure<\/a> (<a href=\"https:\/\/moverdb.com\/de\/fidi-faim\/\" data-internallinksmanager029f6b8e52c=\"16\" title=\"FIDI &amp; FAIM (FIDI Accredited International Mover) Erl\u00e4utert\">FIDI<\/a>)<\/li>\n<li><a href=\"https:\/\/moverdb.com\/de\/fidi-faim\/\">FAIM Plus<\/a><\/li>\n<li><a href=\"https:\/\/moverdb.com\/de\/ich-bin\/\">Internationaler Verband der M\u00f6belspediteure<\/a> (<a href=\"https:\/\/moverdb.com\/de\/iam\/\" data-internallinksmanager029f6b8e52c=\"23\" title=\"International Association of Movers (IAM) erkl\u00e4rt\">IAM<\/a>)<\/li>\n<li><a href=\"https:\/\/moverdb.com\/de\/fedemac\/\">FEDEMAC<\/a><\/li>\n<li><a href=\"https:\/\/moverdb.com\/de\/lacma\/\">LACMA<\/a><\/li>\n<li><a href=\"https:\/\/moverdb.com\/de\/mtc\/\">Der Movers Trading Club<\/a> (<a href=\"https:\/\/moverdb.com\/de\/mtc\/\" data-internallinksmanager029f6b8e52c=\"30\" title=\"Movers Trading Club (MTC) Erl\u00e4utert\">MTC<\/a>)<\/li>\n<li><a href=\"https:\/\/moverdb.com\/de\/arbeitnehmer-umzug-rat\/\">Weltweiter ERC<\/a><\/li>\n<li><a href=\"https:\/\/moverdb.com\/de\/verband-relocation-professionals\/\">Der Verband der Relocation Professionals<\/a> (<a href=\"https:\/\/moverdb.com\/de\/association-relocation-professionals\/\" data-internallinksmanager029f6b8e52c=\"6\" title=\"Die Vereinigung der Relocation Professionals (ARP) erkl\u00e4rt\">ARP<\/a>)<\/li>\n<li><a href=\"https:\/\/moverdb.com\/de\/eura\/\">Europ\u00e4ische Relocation-Vereinigung<\/a> (<a href=\"https:\/\/moverdb.com\/de\/eura\/\" data-internallinksmanager029f6b8e52c=\"13\" title=\"Die Europ\u00e4ische Relocation Association (EuRA) erkl\u00e4rt\">EuRA<\/a>)<\/li>\n<li>Das Forum f\u00fcr Expatriate Management<\/li>\n<li>ISO 9001<\/li>\n<li>ISO 14001<\/li>\n<\/ul>\n<p><strong>BTR International Bewertungen<\/strong><\/p>\n<p>Das Unternehmen hat mehrere positive Bewertungen <a href=\"https:\/\/www.google.com\/search?q=btr+international&#038;rlz=1C1GCEU_en-GBGB955GB973&#038;oq=btr+international&#038;aqs=chrome.0.0i355i512j46i175i199i512j69i59l3j69i60l3.8906j0j7&#038;sourceid=chrome&#038;ie=UTF-8#lrd=0x48764eb31a41d6d7:0xb3d5c304f795d7ad,1,,,\" target=\"_blank\" rel=\"noopener\">k\u00f6nnen Sie hier sehen<\/a>.<\/p>\n<p><strong>Positiv<\/strong><\/p>\n<p><em>\"Wir h\u00e4tten uns keine bessere Erfahrung mit unserem internationalen Umzug mit BTR w\u00fcnschen k\u00f6nnen. Die Umzugsprofis auf beiden Seiten waren akribisch, freundlich und hochqualifiziert. Alle Gegenst\u00e4nde wurden sorgf\u00e4ltig verpackt, gelagert und wie versprochen p\u00fcnktlich am Zielort wieder ausgepackt\/zusammengebaut. Unsere Umzugskoordinatorin, Sarah, war \u00e4u\u00dferst proaktiv, reaktionsschnell und umsichtig. Sehr zu empfehlen!\"<\/em> - Tina Cachules<\/p>\n<p><em>\"Wir haben dieses Unternehmen im Laufe der Jahre f\u00fcr unsere beiden Umz\u00fcge genutzt. Wir haben festgestellt, dass ihr Service ausgezeichnet ist. Beide Male waren die Preise wettbewerbsf\u00e4hig. Der Kundendienst ist sehr zug\u00e4nglich und die Umzugshelfer sind sehr flexibel und effizient. Ich kann BTR ohne Z\u00f6gern empfehlen.\"<\/em> - Geoff White<\/p>\n<p><em>\"Da mein Umzug recht kurzfristig und zu einem bestimmten Termin stattfand, konnte ich ihn nicht bei BTR buchen. Aber der Makler war sehr hilfsbereit und hat mich mit Informationen und Ratschl\u00e4gen versorgt. Ich w\u00fcrde auf jeden Fall wieder umziehen.\"<\/em> - Rachael<\/p>\n<p><strong>Negativ:<\/strong><\/p>\n<ul>\n<li><em>\"Wir hatten eine gute erste Erfahrung mit BTR als Zusteller unserer Hausratslieferung aus dem <a href=\"https:\/\/moverdb.com\/de\/moving-to-the-united-states\/\" data-internallinksmanager029f6b8e52c=\"94\" title=\"Umzug in die Vereinigten Staaten? 2026 Lebenshaltungskosten &amp; Umzugstipps\">US<\/a> im Mai 2011, aber bei einem lokalen Umzug im Dezember 2012 waren sie ein Alptraum.\"<\/em> - Tim Emrich \u00fcber <a href=\"http:\/\/www.removalreviews.co.uk\/movingreviews\/avoid-these-movers-1874\" target=\"_blank\" rel=\"noopener\">Umzugsgutachten<\/a><\/li>\n<\/ul>\n<div>\n<p>MoverDB.com Online Website Bewertung f\u00fcr BTR International:<\/p>\n<ol>\n<li>Klare Kontaktangaben auf der Website (einschlie\u00dflich Telefonnummer): <strong>Ja<\/strong><\/li>\n<li>Leicht zu bekommen <a href=\"https:\/\/moverdb.com\/de\/zitate\/\">Angebote f\u00fcr internationale Umz\u00fcge<\/a>? (Online-Formular f\u00fcr Kostenvoranschl\u00e4ge): <strong>Ja<\/strong><\/li>\n<li>Klare Informationen auf der Website: <strong>Einige,<\/strong> Die Website enth\u00e4lt nicht viele detaillierte Informationen und ist etwas schwierig zu navigieren, aber die grundlegenden Informationen sind klar dargestellt.<\/li>\n<li>Mitgliedschaft in international anerkannten Umzugsorganisationen: <strong>Ja<\/strong>, siehe oben.<\/li>\n<li>Liste der Kunden und\/oder Zeugnisse von fr\u00fcheren Kunden: <strong>Ja,<\/strong> Die Website enth\u00e4lt Zeugnisse<\/li>\n<\/ol>\n<div>&nbsp;<\/div>\n<p><strong>Gesamtbewertung: 4.5\/5<\/strong><br \/>\n<strong>Datum der \u00dcberpr\u00fcfung:<\/strong>03\/04\/2023<\/p>\n<\/div>\n<p>Mehr \u00fcber <a href=\"https:\/\/moverdb.com\/de\/internationale-umzuge\/\">internationale Umzugsunternehmen<\/a> und unsere <a href=\"https:\/\/moverdb.com\/de\/bewertungen\/\">\u00dcberpr\u00fcfungsprozess<\/a>.<\/p>\n<p><strong>Website:<\/strong> <a href=\"https:\/\/www.btrinternational.com\/\" target=\"_blank\" rel=\"noopener\">https:\/\/www.btrinternational.com\/<\/a><\/p>","protected":false},"excerpt":{"rendered":"<p>BTR International offers the corporate world many services in order for them to relocate their staff or their business abroad. International Moving Services Consulting Services Policy Design &amp; Development Benchmarking Counselling Pre-Assignment Services Pre-Assignment Counselling Compensation Planning Assignment Cost Projections Assignment Letter Preparation Tax Planning &amp; Strategy Initial Compensation Worksheet Calculation Visa\/Immigration Co-ordination Cost Of [&hellip;]<\/p>\n","protected":false},"author":1,"featured_media":0,"parent":0,"menu_order":0,"comment_status":"closed","ping_status":"closed","template":"","meta":{"_genesis_hide_title":false,"_genesis_hide_breadcrumbs":false,"_genesis_hide_singular_image":false,"_genesis_hide_footer_widgets":false,"_genesis_custom_body_class":"","_genesis_custom_post_class":"","_genesis_layout":"","footnotes":""},"class_list":{"0":"post-940","1":"page","2":"type-page","3":"status-publish","5":"entry"},"_links":{"self":[{"href":"https:\/\/moverdb.com\/de\/wp-json\/wp\/v2\/pages\/940","targetHints":{"allow":["GET"]}}],"collection":[{"href":"https:\/\/moverdb.com\/de\/wp-json\/wp\/v2\/pages"}],"about":[{"href":"https:\/\/moverdb.com\/de\/wp-json\/wp\/v2\/types\/page"}],"author":[{"embeddable":true,"href":"https:\/\/moverdb.com\/de\/wp-json\/wp\/v2\/users\/1"}],"replies":[{"embeddable":true,"href":"https:\/\/moverdb.com\/de\/wp-json\/wp\/v2\/comments?post=940"}],"version-history":[{"count":8,"href":"https:\/\/moverdb.com\/de\/wp-json\/wp\/v2\/pages\/940\/revisions"}],"predecessor-version":[{"id":8598,"href":"https:\/\/moverdb.com\/de\/wp-json\/wp\/v2\/pages\/940\/revisions\/8598"}],"wp:attachment":[{"href":"https:\/\/moverdb.com\/de\/wp-json\/wp\/v2\/media?parent=940"}],"curies":[{"name":"wp","href":"https:\/\/api.w.org\/{rel}","templated":true}]}}