{"id":939,"date":"2016-09-23T06:49:42","date_gmt":"2016-09-23T06:49:42","guid":{"rendered":"http:\/\/moverdb.com\/?page_id=939"},"modified":"2026-01-08T13:18:21","modified_gmt":"2026-01-08T13:18:21","slug":"gerson-relocation","status":"publish","type":"page","link":"https:\/\/moverdb.com\/de\/gerson-relocation\/","title":{"rendered":"Gerson Umz\u00fcge: Internationaler Umzug &amp; Umz\u00fcge Bewertungen"},"content":{"rendered":"<p>Gerson Relocation bietet seinen Kunden eine Vielzahl von Dienstleistungen an, egal ob sie ins Ausland oder vor Ort umziehen. Ein Unternehmensprofil und Bewertungen folgen auf die Liste der angebotenen Dienstleistungen.<\/p>\n<p><strong>Zentrale Dienste\/Support<\/strong><\/p>\n<ul>\n<li> Dedizierter Umzugsmanager zur Koordinierung des Umzugs<\/li>\n<li> Professionelle Umfrage<\/li>\n<li> Verpacken<\/li>\n<li> <a href=\"https:\/\/moverdb.com\/de\/containerschifffahrt\/\">Versand per See, Luft oder Stra\u00dfe<\/a><\/li>\n<li> Auspacken, falls erforderlich<\/li>\n<li> Verpackungsmaterial f\u00fcr das Recycling wegr\u00e4umen<\/li>\n<li> Lagerung, falls erforderlich<\/li>\n<li> Versicherung<\/li>\n<\/ul>\n<p><strong>Ma\u00dfgeschneiderte Relocation-L\u00f6sungen<\/strong><\/p>\n<ul>\n<li> Informationspakete<\/li>\n<li> Kulturelle Ausbildung<\/li>\n<li> Orientierung\/Besuche ansehen<\/li>\n<li> Bildungsberatung<\/li>\n<li> Vor\u00fcbergehende Unterbringung<\/li>\n<li> Suche zu Hause<\/li>\n<li> Mietvertragsverhandlungen<\/li>\n<li> Einchecken \/ Auschecken von Immobilien<\/li>\n<li> Vermietung von M\u00f6beln<\/li>\n<li> Eingew\u00f6hnung<\/li>\n<li> Unterst\u00fctzung durch Partner<\/li>\n<li> Sprachausbildung<\/li>\n<\/ul>\n<p><strong>Privater Umzug<\/strong><\/p>\n<ul>\n<li> Engagierter Umzugsmanager<\/li>\n<li> Umfrage<\/li>\n<li> Professionelle Verpackung<\/li>\n<li> Transport von G\u00fctern auf dem See-, Luft- oder Stra\u00dfenweg<\/li>\n<li> Zollabfertigung<\/li>\n<li> Auspacken der Habseligkeiten<\/li>\n<li> Recycling von Verpackungsmaterial<\/li>\n<li> Lagerung, falls erforderlich<\/li>\n<li> Versicherung abgeschlossen<\/li>\n<\/ul>\n<p><strong>Lagerungsdienste<\/strong><\/p>\n<ul>\n<li> Vollst\u00e4ndiger Speicherservice<\/li>\n<li> Selbsteinlagerung<\/li>\n<li> Lagerung f\u00fcr Studenten<\/li>\n<li> Kommerzielle Lagerung<\/li>\n<li> Kurz- oder langfristig<\/li>\n<li> 24 Stunden CCTV<\/li>\n<\/ul>\n<h2>Gerson Relocation Unternehmensprofil<\/h2>\n<p>Gerson Relocation wurde 1961 gegr\u00fcndet und hat sich zum Ziel gesetzt, seinen Kunden einen sehr pers\u00f6nlichen Service zu bieten, der in anderen Unternehmen nicht zu finden ist. Das Unternehmen erreicht dies durch strenge Qualit\u00e4tskontrollen und professionelle, gut ausgebildete Mitarbeiter, von denen einige schon seit Jahrzehnten im Unternehmen t\u00e4tig sind.<\/p>\n<p>Gerson Relocation legt auch gro\u00dfen Wert darauf, dass sein Unternehmen sauber und umweltfreundlich gef\u00fchrt wird. Das Unternehmen unterst\u00fctzt drei Wohlt\u00e4tigkeitsorganisationen und gew\u00e4hrt seinen Mitarbeitern zwei Tage bezahlten Urlaub, damit sie sich ebenfalls f\u00fcr diese Zwecke einsetzen k\u00f6nnen.<\/p>\n<p>Heute ist Gerson Relocation eine Tochtergesellschaft von <a href=\"https:\/\/moverdb.com\/de\/abels-umzuge\/\">Abels Umzugsdienste<\/a> Ltd. ist ein \u00e4u\u00dferst erfolgreiches Familienunternehmen, das 1988 mit dem Royal Warrant von HM The Queen ausgezeichnet wurde. Auf der Grundlage von Frageb\u00f6gen, die an Kunden verschickt wurden, hat das Unternehmen f\u00fcr 2015 und 2016 eine Kundenzufriedenheitsbewertung von 98% erhalten.<\/p>\n<p>Gerson Relocation Akkreditierungen und Zugeh\u00f6rigkeiten: <\/p>\n<ul>\n<li> <a href=\"https:\/\/moverdb.com\/de\/britische-vereinigung-der-entferner\/\">Der britische Verband der M\u00f6belpacker<\/a> (<a href=\"https:\/\/moverdb.com\/de\/british-association-of-removers\/\" data-internallinksmanager029f6b8e52c=\"9\" title=\"British Association of Removers (BAR) erkl\u00e4rt\">BAR<\/a>)<\/li>\n<li> <a href=\"https:\/\/moverdb.com\/de\/harmony-relocation-network\/\">Harmony Relocation Netzwerk<\/a> (<a href=\"https:\/\/moverdb.com\/de\/harmony-relocation-network\/\" data-internallinksmanager029f6b8e52c=\"20\" title=\"Harmony Relocation Network (HRN) erkl\u00e4rt\">HRN<\/a>)<\/li>\n<li> <a href=\"https:\/\/moverdb.com\/de\/eura\/\">Europ\u00e4ische Relocation-Vereinigung<\/a> (<a href=\"https:\/\/moverdb.com\/de\/eura\/\" data-internallinksmanager029f6b8e52c=\"13\" title=\"Die Europ\u00e4ische Relocation Association (EuRA) erkl\u00e4rt\">EuRA<\/a>)<\/li>\n<li> <a href=\"https:\/\/moverdb.com\/de\/fidi-faim\/\">FIDI<\/a><\/li>\n<li> <a href=\"https:\/\/moverdb.com\/de\/fidi-faim\/\" data-internallinksmanager029f6b8e52c=\"16\" title=\"FIDI &amp; FAIM (FIDI Accredited International Mover) Erl\u00e4utert\">FAIM<\/a><\/li>\n<li> <a href=\"https:\/\/moverdb.com\/de\/mtc\/\">Der Movers Trading Club<\/a> (<a href=\"https:\/\/moverdb.com\/de\/mtc\/\" data-internallinksmanager029f6b8e52c=\"30\" title=\"Movers Trading Club (MTC) Erl\u00e4utert\">MTC<\/a>)<\/li>\n<\/ul>\n<h2>Gerson Relocation Bewertungen<\/h2>\n<p><strong>Positiv<\/strong><\/p>\n<ul>\n<li>  \"<em>Wir h\u00e4tten uns keinen besseren Service von unserem Relocation-Team w\u00fcnschen k\u00f6nnen.\"<\/em> - Frau K. L. \u00fcber <a href=\"http:\/\/www.gersonrelocation.com\/voice-of-the-customer\/\" target=\"_blank\" rel=\"noopener\">Seite Zufriedene Kunden<\/a> <\/li>\n<\/ul>\n<p><strong>Negativ<\/strong><\/p>\n<p>Wir konnten keine negativen Bewertungen f\u00fcr Gerson Relocation online finden.<\/p>\n<div itemprop=\"review\" itemscope itemtype=\"http:\/\/schema.org\/Review\">\n<span itemprop=\"author\" itemscope=\"\" itemtype=\"http:\/\/schema.org\/Organization\"><span itemprop=\"name\">MoverDB.com<\/span><\/span> Online Website \u00dcberpr\u00fcfung f\u00fcr <span itemprop=\"itemreviewed\" itemscope=\"\" itemtype=\"http:\/\/schema.org\/Brand\"><span itemprop=\"name\">Gerson Relocation<\/span><\/span>:<\/p>\n<ol>\n<li> Klare Kontaktangaben auf der Website (einschlie\u00dflich Telefonnummer): <strong>Ja<\/strong><\/li>\n<li> Leicht zu bekommen <a href=\"https:\/\/moverdb.com\/de\/zitate\/\">Angebote f\u00fcr internationale Umz\u00fcge<\/a>? (Online-Formular f\u00fcr Kostenvoranschl\u00e4ge): <strong>Ja<\/strong><\/li>\n<li> Klare Informationen auf der Website: <strong>Ja,<\/strong> Die Website ist recht detailliert und vermittelt potenziellen Kunden eine gute Vorstellung von den zu erwartenden Dienstleistungen.<\/li>\n<li> Mitgliedschaft in international anerkannten Umzugsorganisationen: <strong>Ja<\/strong><\/li>\n<li> Liste der Kunden und\/oder Zeugnisse von fr\u00fcheren Kunden: <strong>Ja<\/strong>Auf der Website finden sich viele positive Kundenstimmen.<\/li>\n<\/ol>\n<div itemprop=\"reviewRating\" itemscope itemtype=\"http:\/\/schema.org\/Rating\"><meta itemprop=\"worstRating\" content = \"0\" \/><meta itemprop=\"bestRating\" content=\"5\" \/><meta itemprop=\"ratingValue\" content=\"5\"><\/div>\n<p><strong>Gesamtbewertung: 5\/5<\/strong><br \/>\n<strong>Datum der \u00dcberpr\u00fcfung:<\/strong> <span itemprop=\"datePublished\" content=\"2016-09-23\">23\/09\/16<\/span>\n<\/div>\n<p>Mehr \u00fcber <a href=\"https:\/\/moverdb.com\/de\/internationale-umzuge\/\">internationale Umz\u00fcge<\/a> und unsere <a href=\"https:\/\/moverdb.com\/de\/bewertungen\/\">\u00dcberpr\u00fcfungsprozess erkl\u00e4rt<\/a>.<\/p>\n<p><strong>Website:<\/strong> <a href=\"http:\/\/www.gersonrelocation.com\" target=\"_blank\" rel=\"noopener\">http:\/\/www.gersonrelocation.com<\/a><\/p>","protected":false},"excerpt":{"rendered":"<p>Gerson Relocation offer their clients a variety of services, whether they are relocating abroad or locally. A company profile and reviews follow the list of services on offer. Corporate Services\/Support Dedicated move manager to coordinate the move Professional survey Packing Shipping by sea, air or road Unpacking if required Clear away packing material for recycling [&hellip;]<\/p>\n","protected":false},"author":1,"featured_media":0,"parent":0,"menu_order":0,"comment_status":"closed","ping_status":"closed","template":"","meta":{"_genesis_hide_title":false,"_genesis_hide_breadcrumbs":false,"_genesis_hide_singular_image":false,"_genesis_hide_footer_widgets":false,"_genesis_custom_body_class":"","_genesis_custom_post_class":"","_genesis_layout":"","footnotes":""},"class_list":{"0":"post-939","1":"page","2":"type-page","3":"status-publish","5":"entry"},"_links":{"self":[{"href":"https:\/\/moverdb.com\/de\/wp-json\/wp\/v2\/pages\/939","targetHints":{"allow":["GET"]}}],"collection":[{"href":"https:\/\/moverdb.com\/de\/wp-json\/wp\/v2\/pages"}],"about":[{"href":"https:\/\/moverdb.com\/de\/wp-json\/wp\/v2\/types\/page"}],"author":[{"embeddable":true,"href":"https:\/\/moverdb.com\/de\/wp-json\/wp\/v2\/users\/1"}],"replies":[{"embeddable":true,"href":"https:\/\/moverdb.com\/de\/wp-json\/wp\/v2\/comments?post=939"}],"version-history":[{"count":3,"href":"https:\/\/moverdb.com\/de\/wp-json\/wp\/v2\/pages\/939\/revisions"}],"predecessor-version":[{"id":6214,"href":"https:\/\/moverdb.com\/de\/wp-json\/wp\/v2\/pages\/939\/revisions\/6214"}],"wp:attachment":[{"href":"https:\/\/moverdb.com\/de\/wp-json\/wp\/v2\/media?parent=939"}],"curies":[{"name":"wp","href":"https:\/\/api.w.org\/{rel}","templated":true}]}}