{"id":938,"date":"2016-09-23T07:14:51","date_gmt":"2016-09-23T07:14:51","guid":{"rendered":"http:\/\/moverdb.com\/?page_id=938"},"modified":"2026-01-08T14:40:14","modified_gmt":"2026-01-08T14:40:14","slug":"momentaner-standort","status":"publish","type":"page","link":"https:\/\/moverdb.com\/de\/momentous-relocation\/","title":{"rendered":"Momentous Relocation: Internationaler Umzug &amp; Umz\u00fcge Bewertungen"},"content":{"rendered":"<p>Momentous Relocation ist ein auf internationale Umz\u00fcge und Relocation spezialisiertes Unternehmen mit Sitz in <a href=\"https:\/\/moverdb.com\/de\/moving-to-london\/\">London<\/a>. Sie bietet ihren Kunden zahlreiche Dienstleistungen an, die im Folgenden zusammen mit einem Unternehmensprofil und Bewertungen aufgef\u00fchrt sind.<\/p>\n<p><strong>Umzugsdienste<\/strong><\/p>\n<ul>\n<li> Umfrage vor dem Umzug<\/li>\n<li> <a href=\"https:\/\/moverdb.com\/de\/containerschifffahrt\/\">Versand und Luftfracht<\/a><\/li>\n<li> Dienstleistungen am Zielort<\/li>\n<li> Versicherungsdienstleistungen<\/li>\n<li> Umzug im Inland<\/li>\n<li> Versand von Kunstwerken<\/li>\n<li> Umzugsservice f\u00fcr Haustiere<\/li>\n<li> Umzug nach Hause L\u00e4nderf\u00fchrer<\/li>\n<\/ul>\n<p><strong>Umzugsdienste<\/strong><\/p>\n<ul>\n<li> Globale Umz\u00fcge und Lagerung<\/li>\n<li> Visum und Einwanderung<\/li>\n<li> Sprachliche und kulturelle Unterst\u00fctzung<\/li>\n<li> <a href=\"https:\/\/moverdb.com\/de\/umzugskosten\/\">Lebenshaltungskosten<\/a> Analyse<\/li>\n<li> Unterst\u00fctzung f\u00fcr umziehende Partner<\/li>\n<li> Ausrichtung des Gebiets<\/li>\n<li> Schule suchen<\/li>\n<li> Vor\u00fcbergehende Unterbringung<\/li>\n<li> Helpline<\/li>\n<li> Heimatsuche<\/li>\n<li> Unterst\u00fctzung bei der Eingew\u00f6hnung<\/li>\n<li> Umzugsmanagement<\/li>\n<li> Dienstleistungen bei der Abreise<\/li>\n<\/ul>\n<p><strong>Lagerungsdienste<\/strong><\/p>\n<ul>\n<li> Kurz- und Langzeitlagerung<\/li>\n<li> Internationale Lagerung<\/li>\n<li> Lagerung in der <a href=\"https:\/\/moverdb.com\/de\/moving-to-the-uk\/\" data-internallinksmanager029f6b8e52c=\"93\" title=\"Umzug in das Vereinigte K\u00f6nigreich? 2026 Lebenshaltungskosten &amp; Umzugstipps\">UK<\/a><\/li>\n<li> Gesch\u00e4ftliche Lagerung<\/li>\n<li> 24 Stunden CCTV<\/li>\n<\/ul>\n<p><strong>B\u00fcroverlagerung und Umzug<\/strong><\/p>\n<ul>\n<li> Projektleitung<\/li>\n<li> Kiste mieten<\/li>\n<li> Porterage<\/li>\n<li> Planung und Logistik<\/li>\n<li> Ma\u00dfgeschneiderte Versicherungspakete<\/li>\n<li> Lagerung von B\u00fcrom\u00f6beln<\/li>\n<li> Speicherung von Dokumenten<\/li>\n<li> Archivierung<\/li>\n<li> Spezialisierte Lagerung<\/li>\n<li> Soziale Verantwortung der Unternehmen<\/li>\n<li> Entsorgungsdienstleistungen<\/li>\n<li> Sichere Aktenvernichtung<\/li>\n<li> Reinigungsdienste<\/li>\n<li> B\u00fcror\u00e4umlichkeiten<\/li>\n<\/ul>\n<p><strong>Verpackungs- und Versandservice f\u00fcr Kunstgegenst\u00e4nde<\/strong><\/p>\n<ul>\n<li> Kistenherstellung und Verpackung<\/li>\n<li> Versand auf dem Land-, Luft- oder Seeweg<\/li>\n<li> Lagerung<\/li>\n<li> Verpackung mit wei\u00dfem Handschuh<\/li>\n<li> Ausstellungsdienstleistungen<\/li>\n<\/ul>\n<p><strong>Besondere Projekte<\/strong><\/p>\n<ul>\n<li> Server-Transport<\/li>\n<li> Internationaler B\u00fcroumzug<\/li>\n<li> Spezialisierte Bewegungen<\/li>\n<li> Ma\u00dfgeschneiderte Versicherung<\/li>\n<\/ul>\n<h2>Momentous Relocation Unternehmensprofil<\/h2>\n<p>Momentous Relocation begann seine internationale T\u00e4tigkeit im Jahr 1978. Das Unternehmen hat seinen Sitz in der Baker Street in London und verf\u00fcgt \u00fcber zwei Lager- und B\u00fcroeinrichtungen im Nordwesten Londons (Hauptverwaltung) und in Aylesbury. <\/p>\n<p>Das Unternehmen und seine Mitarbeiter sagen, dass sie ihre Kunden immer an die erste Stelle setzen und sich bem\u00fchen, dass jeder Umzug schnell und schmerzlos f\u00fcr den Kunden verl\u00e4uft.<\/p>\n<p>Momentous Relocation verf\u00fcgt \u00fcber ein umfassendes Programm zur sozialen Verantwortung der Unternehmen, das die Mitarbeiter, die Kunden, die Umwelt und die Gemeinschaft mit einbezieht.<\/p>\n<p>Momentous Relocation's Mitgliedschaften und Akkreditierungen:<\/p>\n<ul>\n<li> <a href=\"https:\/\/moverdb.com\/de\/fidi-faim\/\">FIDI<\/a><\/li>\n<li> <a href=\"https:\/\/moverdb.com\/de\/fidi-faim\/\">FAIM Plus<\/a><\/li>\n<li> <a href=\"https:\/\/moverdb.com\/de\/britische-vereinigung-der-entferner\/\">Der britische Verband der M\u00f6belpacker<\/a> (<a href=\"https:\/\/moverdb.com\/de\/british-association-of-removers\/\" data-internallinksmanager029f6b8e52c=\"9\" title=\"British Association of Removers (BAR) erkl\u00e4rt\">BAR<\/a>)<\/li>\n<li> <a href=\"https:\/\/moverdb.com\/de\/bar-over-see\/\">Die Gruppe der britischen Vereinigung der Umzugsunternehmen in \u00dcbersee<\/a><\/li>\n<li> <a href=\"https:\/\/moverdb.com\/de\/mtc\/\">Der Movers Trading Club<\/a> (<a href=\"https:\/\/moverdb.com\/de\/mtc\/\" data-internallinksmanager029f6b8e52c=\"30\" title=\"Movers Trading Club (MTC) Erl\u00e4utert\">MTC<\/a>)<\/li>\n<li> <a href=\"https:\/\/moverdb.com\/de\/eura\/\">EuRA<\/a><\/li>\n<li> ISO-Zulassungen<\/li>\n<\/ul>\n<h2>Momentous Relocation Bewertungen<\/h2>\n<p><strong>Positiv:<\/strong><\/p>\n<ul>\n<li> \"<em>Hervorragender Umzug in jeder Hinsicht, ich kann den Service nicht hoch genug einsch\u00e4tzen. Werde ich jedem empfehlen, der in Zukunft danach fragt. Cikis und Scott waren brillant!\"<\/em> \u00fcber <a href=\"http:\/\/www.momentousrelocation.com\/about-us\/what-our-customers-say-momentous-relocation-reviews\/\" target=\"_blank\" rel=\"noopener\">Momentous Was unsere Kunden sagen Seite<\/a><\/li>\n<li> <em>\"Momentous hat mich zum zweiten Mal umgezogen, ich kann sie nicht genug empfehlen.\"<\/em> - \u00fcber <a href=\"http:\/\/moveaide.com\/movers\/momentous-relocation-london-uk-mover-review\" target=\"_blank\" rel=\"noopener\">MoveAid.com<\/a><\/li>\n<li> <em>\"Ich bin vom Vereinigten K\u00f6nigreich nach <a href=\"https:\/\/moverdb.com\/de\/moving-to-germany\/\" data-internallinksmanager029f6b8e52c=\"321\" title=\"Umzug nach Deutschland? 2026 Lebenshaltungskosten &amp; Umzugstipps\">Deutschland<\/a>. Der Service war sehr professionell, das Organisationsteam im Vereinigten K\u00f6nigreich war entgegenkommend und flexibel.<\/em> - Ursula \u00fcber <a href=\"https:\/\/www.facebook.com\/pg\/momentousltd\/reviews\/\" target=\"_blank\" rel=\"noopener\">Facebook<\/a><\/li>\n<li> <em>\"Fantastischer Service! Das Team, Scott und Darren, war h\u00f6flich und sehr professionell. Sie haben alles sehr effizient verpackt und sogar Bodenschutzmittel verwendet, sodass meine Teppiche vollst\u00e4ndig gesch\u00fctzt waren.<\/em> - Evelynn \u00fcber <a href=\"http:\/\/www.removalreviews.co.uk\/movers\/momentous-relocation-215#8293\" target=\"_blank\" rel=\"noopener\">RemovalReviews.com<\/a><\/li>\n<\/ul>\n<p><strong>Negativ<\/strong><\/p>\n<ul>\n<li> <em>\"Ich habe eine schreckliche Erfahrung mit diesem Unternehmen gemacht, das mein Geld genommen und dann einen schrecklichen Service geboten hat (der zum Teil von ihren Partnern verschuldet wurde), aber sie haben sich geweigert, die Verantwortung f\u00fcr die Ereignisse zu \u00fcbernehmen, zu denen auch ein schwerer Unfall eines Familienmitglieds geh\u00f6rte, der durch falsch installierte M\u00f6bel verursacht wurde.<\/em> - James \u00fcber <a href=\"http:\/\/moveaide.com\/movers\/momentous-relocation-london-uk-mover-review\" target=\"_blank\" rel=\"noopener\">MoveAid.com<\/a><\/li>\n<li> <em>Kurzfristige Umz\u00fcge sind die schlimmsten <a href=\"https:\/\/moverdb.com\/de\/international-removals\/\" data-internallinksmanager029f6b8e52c=\"27\" title=\"36 Beste internationale Umzugsunternehmen in Gro\u00dfbritannien\">Umzugsunternehmen<\/a> in diesem Land. Ich bin in weniger als 8 Jahren 6 Mal umgezogen, also denke ich, dass ich jetzt Erfahrung darin habe.<\/em> \u00fcber <a href=\"http:\/\/www.removalreviews.co.uk\/movers\/momentous-relocation-215#714\" target=\"_blank\" rel=\"noopener\">RemovalReviews.com<\/a><\/li>\n<\/ul>\n<div itemprop=\"review\" itemscope itemtype=\"http:\/\/schema.org\/Review\">\n<span itemprop=\"author\" itemscope=\"\" itemtype=\"http:\/\/schema.org\/Organization\"><span itemprop=\"name\">MoverDB.com<\/span><\/span> Online Website \u00dcberpr\u00fcfung f\u00fcr <span itemprop=\"itemreviewed\" itemscope=\"\" itemtype=\"http:\/\/schema.org\/Brand\"><span itemprop=\"name\">Bedeutsame Verlagerung<\/span><\/span>:<\/p>\n<ol>\n<li> Klare Kontaktangaben auf der Website (einschlie\u00dflich Telefonnummer): <strong>Ja<\/strong><\/li>\n<li> Leicht zu bekommen <a href=\"https:\/\/moverdb.com\/de\/zitate\/\">Angebote f\u00fcr internationale Umz\u00fcge<\/a>? (Online-Formular f\u00fcr Kostenvoranschl\u00e4ge): <strong>Ja<\/strong><\/li>\n<li> Klare Informationen auf der Website: <strong>Ja<\/strong>Die Website umrei\u00dft die angebotenen Dienstleistungen, bietet aber kaum detaillierte Informationen.<\/li>\n<li> Mitgliedschaft in international anerkannten Umzugsorganisationen: <strong>Ja<\/strong><\/li>\n<li> Liste der Kunden und\/oder Zeugnisse von fr\u00fcheren Kunden: <strong>Ja,<\/strong> Es gibt mehrere positive Erfahrungsberichte von Kunden, aber keine Kundenliste. Auch online erh\u00e4lt das Unternehmen im Allgemeinen \u00fcberwiegend positive Bewertungen.<\/li>\n<\/ol>\n<div itemprop=\"reviewRating\" itemscope itemtype=\"http:\/\/schema.org\/Rating\"><meta itemprop=\"worstRating\" content = \"0\" \/><meta itemprop=\"bestRating\" content=\"5\" \/><meta itemprop=\"ratingValue\" content=\"4.5\"><\/div>\n<p><strong>Gesamtbewertung: 4.5\/5<\/strong><br \/>\n<strong>Datum der \u00dcberpr\u00fcfung:<\/strong> <span itemprop=\"datePublished\" content=\"2016-09-23\">23\/09\/16<\/span>\n<\/div>\n<p>Mehr \u00fcber <a href=\"https:\/\/moverdb.com\/de\/internationale-umzuge\/\">Umzugsunternehmen<\/a> und unsere <a href=\"https:\/\/moverdb.com\/de\/bewertungen\/\">\u00dcberpr\u00fcfungsprozess<\/a>.<\/p>\n<p><strong>Website:<\/strong> <a href=\"http:\/\/www.momentousrelocation.com\/\" target=\"_blank\" rel=\"noopener\">http:\/\/www.momentousrelocation.com<\/a><\/p>","protected":false},"excerpt":{"rendered":"<p>Momentous Relocation is an international removal and relocation specialist company based in London. It offers its clients many services which are listed below, together with a company profile and reviews. Moving Services Pre move survey Shipping and airfreight Destination services Insurance services Domestic moving Fine art shipping Pet moving service Moving home country guides Relocation [&hellip;]<\/p>\n","protected":false},"author":1,"featured_media":0,"parent":0,"menu_order":0,"comment_status":"closed","ping_status":"closed","template":"","meta":{"_genesis_hide_title":false,"_genesis_hide_breadcrumbs":false,"_genesis_hide_singular_image":false,"_genesis_hide_footer_widgets":false,"_genesis_custom_body_class":"","_genesis_custom_post_class":"","_genesis_layout":"","footnotes":""},"class_list":{"0":"post-938","1":"page","2":"type-page","3":"status-publish","5":"entry"},"_links":{"self":[{"href":"https:\/\/moverdb.com\/de\/wp-json\/wp\/v2\/pages\/938","targetHints":{"allow":["GET"]}}],"collection":[{"href":"https:\/\/moverdb.com\/de\/wp-json\/wp\/v2\/pages"}],"about":[{"href":"https:\/\/moverdb.com\/de\/wp-json\/wp\/v2\/types\/page"}],"author":[{"embeddable":true,"href":"https:\/\/moverdb.com\/de\/wp-json\/wp\/v2\/users\/1"}],"replies":[{"embeddable":true,"href":"https:\/\/moverdb.com\/de\/wp-json\/wp\/v2\/comments?post=938"}],"version-history":[{"count":6,"href":"https:\/\/moverdb.com\/de\/wp-json\/wp\/v2\/pages\/938\/revisions"}],"predecessor-version":[{"id":13178,"href":"https:\/\/moverdb.com\/de\/wp-json\/wp\/v2\/pages\/938\/revisions\/13178"}],"wp:attachment":[{"href":"https:\/\/moverdb.com\/de\/wp-json\/wp\/v2\/media?parent=938"}],"curies":[{"name":"wp","href":"https:\/\/api.w.org\/{rel}","templated":true}]}}