{"id":927,"date":"2016-09-23T21:57:09","date_gmt":"2016-09-23T21:57:09","guid":{"rendered":"http:\/\/moverdb.com\/?page_id=927"},"modified":"2026-01-08T13:19:00","modified_gmt":"2026-01-08T13:19:00","slug":"imove-international","status":"publish","type":"page","link":"https:\/\/moverdb.com\/de\/imove-international\/","title":{"rendered":"IMove International: Umzug &amp; Umz\u00fcge Bewertungen"},"content":{"rendered":"<p>IMove International hat seinen Sitz in Surrey. Es bietet seinen Kunden eine Reihe von Dienstleistungen an, um sie bei ihrem Umzug ins Ausland zu unterst\u00fctzen. Diese sind unten aufgef\u00fchrt, zusammen mit einem Unternehmensprofil und Bewertungen.<\/p>\n<p><strong><a href=\"https:\/\/moverdb.com\/de\/international-removals\/\" data-internallinksmanager029f6b8e52c=\"27\" title=\"36 Beste internationale Umzugsunternehmen in Gro\u00dfbritannien\">Internationale Umz\u00fcge<\/a><\/strong><\/p>\n<ul>\n<li> Pers\u00f6nlicher Umzugskoordinator<\/li>\n<li> Von T\u00fcr zu T\u00fcr<\/li>\n<li> T\u00fcr zu <a href=\"https:\/\/moverdb.com\/de\/top-49-container-ports\/\" data-internallinksmanager029f6b8e52c=\"80\" title=\"Top 49 der gr\u00f6\u00dften und verkehrsreichsten Containerh\u00e4fen im Jahr 2025\">Hafen<\/a><\/li>\n<li> Luft, See oder Stra\u00dfe<\/li>\n<li> Unternehmensverlagerungen<\/li>\n<li> <a href=\"https:\/\/moverdb.com\/de\/auto-transport-versand\/\">Kraftfahrzeuge<\/a><\/li>\n<li> Vollst\u00e4ndiger Verpackungsservice<\/li>\n<li> Selbstverpackend<\/li>\n<li> Zerbrechliche Verpackung<\/li>\n<li> Kostenlose Lieferung von Kartons, Klebeband und Verpackung<\/li>\n<li> Auspackservice<\/li>\n<li> Lang- und kurzfristige Lagerung <\/li>\n<li> <a href=\"https:\/\/moverdb.com\/de\/containerschifffahrt\/\">Containerschifffahrt<\/a><\/li>\n<li> Versand von \u00dcbergep\u00e4ck<\/li>\n<li> Versicherung<\/li>\n<li> Hilfe bei Zoll und Dokumentation<\/li>\n<\/ul>\n<p><strong>Andere Dienstleistungen<\/strong><\/p>\n<ul>\n<li> Lang- und kurzfristige Lagerung<\/li>\n<li> Versand und Lagerung von Studenten<\/li>\n<li> <a href=\"https:\/\/moverdb.com\/de\/car-transport-shipping\/\" data-internallinksmanager029f6b8e52c=\"2\" title=\"2026 Internationale Autotransporte &amp; Angebote f\u00fcr Fahrzeugtransporte\">Autotransport<\/a><\/li>\n<li> Gemeinsamer Container<\/li>\n<li> Verpackungsdienst f\u00fcr den Export<\/li>\n<li> Verpacken und Kistenherstellung<\/li>\n<\/ul>\n<h2>IMove International Unternehmensprofil<\/h2>\n<p>IMove International ist ein junges, privates Unternehmen und wurde im Mai 2011 gegr\u00fcndet. Es ist ein Spezialist <a href=\"https:\/\/moverdb.com\/de\/internationale-umzuge\/\">internationaler Umzug<\/a>, Transport- und Umzugsunternehmen. <\/p>\n<p>IMove organisiert Umz\u00fcge f\u00fcr Familien, Firmenkunden und Einzelpersonen aus der ganzen Welt. <a href=\"https:\/\/moverdb.com\/de\/moving-to-the-uk\/\" data-internallinksmanager029f6b8e52c=\"93\" title=\"Umzug in das Vereinigte K\u00f6nigreich? 2026 Lebenshaltungskosten &amp; Umzugstipps\">UK<\/a> zu den meisten Zielen rund um den Globus.<\/p>\n<p>IMove versendet alles, vom kleinsten Paket bis hin zu einem ganzen Haushalt mit M\u00f6beln. Das Unternehmen stellt jedem Kunden einen pers\u00f6nlichen Umzugskoordinator zur Seite, der w\u00e4hrend des gesamten Umzugsprozesses sein Ansprechpartner ist.<\/p>\n<p>IMove International verf\u00fcgt \u00fcber die folgenden Akkreditierungen und Mitgliedschaften:<\/p>\n<ul>\n<li> ISO 9001<\/li>\n<\/ul>\n<h2>IMove International Bewertungen<\/h2>\n<p><strong>Positiv:<\/strong><\/p>\n<ul>\n<li> <em>\"Alles lief reibungslos und effizient. Ich w\u00fcrde das Unternehmen aufgrund seines Service und seines Preis-Leistungs-Verh\u00e4ltnisses auf jeden Fall weiterempfehlen.<\/em> - H Fowler \u00fcber <a href=\"http:\/\/www.imoveintl.com\/testimonials.htm\" target=\"_blank\" rel=\"noopener\">Seite Kundenrezensionen<\/a><\/li>\n<li> \"<em>Ich m\u00f6chte IMove f\u00fcr die P\u00fcnktlichkeit, die Schnelligkeit und die Professionalit\u00e4t gratulieren, mit der mein Umzug von Orlando <a href=\"https:\/\/moverdb.com\/de\/moving-to-the-united-states\/moving-to-florida\/\" data-internallinksmanager029f6b8e52c=\"331\" title=\"Umzug nach Florida? 2026 Lebenshaltungskosten &amp; Umzugstipps\">Florida<\/a> nach Kent, wurde durchgef\u00fchrt.<\/em> - Annette <a href=\"http:\/\/www.removalreviews.co.uk\/movers\/imove-international-191#11473\" target=\"_blank\" rel=\"noopener\">RemovalReviews.com<\/a> <\/li>\n<li> \"<em>Ich kann dieses Unternehmen nur empfehlen - sehr g\u00fcnstige Kosten, extrem schneller Umzug und toller Service.<\/em> - Johathan \u00fcber <a href=\"http:\/\/www.reviews.co.uk\/company-reviews\/store\/imove-international-removals-ltd\" target=\"_blank\" rel=\"noopener\">Bewertungen.de<\/a> <\/li>\n<\/ul>\n<p><strong>Negativ<\/strong><\/p>\n<ul>\n<li> \"<em>Obwohl die Lieferfrist von <a href=\"https:\/\/moverdb.com\/de\/moving-to-london\/\">London<\/a> zu <a href=\"https:\/\/moverdb.com\/de\/moving-to-switzerland\/\" data-internallinksmanager029f6b8e52c=\"327\" title=\"Umzug in die Schweiz? 2026 Lebenshaltungskosten &amp; Umzugstipps\">Schweiz<\/a> Ich w\u00fcrde jedem dringend davon abraten, dieses Unternehmen zu beauftragen, da einer der wertvolleren Gegenst\u00e4nde nie geliefert wurde und \"verloren\" ging. Es schien keine echte \u00dcberraschung, Sorge oder Entschuldigung f\u00fcr den Verlust dieses Artikels zu geben.<\/em> - Frau Laurens \u00fcber <a href=\"http:\/\/www.removalreviews.co.uk\/movingreviews\/stolen-item-1264\" target=\"_blank\" rel=\"noopener\">RemovalReviews.co.uk<\/a> <\/li>\n<li> \"<em>Unsere Sachen wurden zum Abholtermin (02.11.2015) abgeholt, was toll war, aber jetzt ist es M\u00e4rz und wir haben unsere Kisten immer noch nicht erhalten.\"<\/em> - Samantha \u00fcber <a href=\"http:\/\/www.reviews.co.uk\/company-reviews\/store\/imove-international-removals-ltd\" target=\"_blank\" rel=\"noopener\">Bewertungen.de<\/a> <\/li>\n<\/ul>\n<div itemprop=\"review\" itemscope itemtype=\"http:\/\/schema.org\/Review\">\n<span itemprop=\"author\" itemscope=\"\" itemtype=\"http:\/\/schema.org\/Organization\"><span itemprop=\"name\">MoverDB.com<\/span><\/span> Online Website \u00dcberpr\u00fcfung f\u00fcr <span itemprop=\"itemreviewed\" itemscope=\"\" itemtype=\"http:\/\/schema.org\/Brand\"><span itemprop=\"name\">IMove International<\/span><\/span>:<\/p>\n<ol>\n<li> Klare Kontaktangaben auf der Website (einschlie\u00dflich Telefonnummer): <strong>Ja<\/strong><\/li>\n<li> Leicht zu bekommen <a href=\"https:\/\/moverdb.com\/de\/zitate\/\">Angebote f\u00fcr internationale Umz\u00fcge<\/a>? (Online-Formular f\u00fcr Kostenvoranschl\u00e4ge): <strong>Ja<\/strong><\/li>\n<li> Klare Informationen auf der Website: <strong>Ja<\/strong>Die Website enth\u00e4lt zahlreiche Informationen \u00fcber den Umzug in verschiedene L\u00e4nder rund um den Globus, einschlie\u00dflich der erforderlichen Unterlagen.<\/li>\n<li> Mitgliedschaft in international anerkannten Umzugsorganisationen: <strong>Teilweise<\/strong>Sie sind zwar ISO-registriert, doch scheint es ihnen an anderen Akkreditierungen zu fehlen.<\/li>\n<li> Liste der Kunden und\/oder Zeugnisse von fr\u00fcheren Kunden: <strong>Ja,<\/strong> Es gibt viele positive Kundenrezensionen auf der Website.<\/li>\n<\/ol>\n<div itemprop=\"reviewRating\" itemscope itemtype=\"http:\/\/schema.org\/Rating\"><meta itemprop=\"worstRating\" content = \"0\" \/><meta itemprop=\"bestRating\" content=\"5\" \/><meta itemprop=\"ratingValue\" content=\"4\"><\/div>\n<p><strong>Gesamtbewertung: 4\/5<\/strong><br \/>\n<strong>Datum der \u00dcberpr\u00fcfung:<\/strong> <span itemprop=\"datePublished\" content=\"2016-09-23\">23\/09\/16<\/span>\n<\/div>\n<p>Lesen Sie mehr \u00fcber <a href=\"https:\/\/moverdb.com\/de\/internationale-umzuge\/\">Umzugsunternehmen<\/a> und unsere <a href=\"https:\/\/moverdb.com\/de\/bewertungen\/\">\u00dcberpr\u00fcfungsprozess<\/a>.<\/p>\n<p><strong>Website:<\/strong> <a href=\"http:\/\/www.imoveintl.com\/\" target=\"_blank\" rel=\"noopener\">http:\/\/www.imoveintl.com\/<\/a><\/p>","protected":false},"excerpt":{"rendered":"<p>IMove International is based in Surrey. It offers its customers a range of services to assist with their move abroad. These are listed below, together with a company profile and reviews. International Removals Personal move coordinator Door to door Door to port Air, sea or road Company relocations Motor vehicles Full packing service Self-packing Fragile [&hellip;]<\/p>\n","protected":false},"author":1,"featured_media":0,"parent":0,"menu_order":0,"comment_status":"closed","ping_status":"closed","template":"","meta":{"_genesis_hide_title":false,"_genesis_hide_breadcrumbs":false,"_genesis_hide_singular_image":false,"_genesis_hide_footer_widgets":false,"_genesis_custom_body_class":"","_genesis_custom_post_class":"","_genesis_layout":"","footnotes":""},"class_list":{"0":"post-927","1":"page","2":"type-page","3":"status-publish","5":"entry"},"_links":{"self":[{"href":"https:\/\/moverdb.com\/de\/wp-json\/wp\/v2\/pages\/927","targetHints":{"allow":["GET"]}}],"collection":[{"href":"https:\/\/moverdb.com\/de\/wp-json\/wp\/v2\/pages"}],"about":[{"href":"https:\/\/moverdb.com\/de\/wp-json\/wp\/v2\/types\/page"}],"author":[{"embeddable":true,"href":"https:\/\/moverdb.com\/de\/wp-json\/wp\/v2\/users\/1"}],"replies":[{"embeddable":true,"href":"https:\/\/moverdb.com\/de\/wp-json\/wp\/v2\/comments?post=927"}],"version-history":[{"count":6,"href":"https:\/\/moverdb.com\/de\/wp-json\/wp\/v2\/pages\/927\/revisions"}],"predecessor-version":[{"id":13160,"href":"https:\/\/moverdb.com\/de\/wp-json\/wp\/v2\/pages\/927\/revisions\/13160"}],"wp:attachment":[{"href":"https:\/\/moverdb.com\/de\/wp-json\/wp\/v2\/media?parent=927"}],"curies":[{"name":"wp","href":"https:\/\/api.w.org\/{rel}","templated":true}]}}