{"id":926,"date":"2017-07-04T15:15:07","date_gmt":"2017-07-04T15:15:07","guid":{"rendered":"http:\/\/moverdb.com\/?page_id=926"},"modified":"2026-01-08T14:47:30","modified_gmt":"2026-01-08T14:47:30","slug":"american-red-ball-transit","status":"publish","type":"page","link":"https:\/\/moverdb.com\/de\/american-red-ball-transit\/","title":{"rendered":"American Red Ball Transit: Internationale Umz\u00fcge Bewertungen"},"content":{"rendered":"<p>American Red Ball Transit bietet seinen Kunden zahlreiche Inlandsdienste innerhalb der <a href=\"https:\/\/moverdb.com\/de\/moving-to-the-united-states\/\" data-internallinksmanager029f6b8e52c=\"94\" title=\"Umzug in die Vereinigten Staaten? 2026 Lebenshaltungskosten &amp; Umzugstipps\">US<\/a>Diese sind unten aufgef\u00fchrt, zusammen mit einem Unternehmensprofil und Bewertungen.<\/p>\n<p><strong>Unternehmensumzug<\/strong><\/p>\n<ul>\n<li> Personalisierter Umzugsplan<\/li>\n<li> Unterst\u00fctzung bei Personal- und B\u00fcroumz\u00fcgen<\/li>\n<li> Vollst\u00e4ndiger Verpackungsservice<\/li>\n<li> Demontage und Wiedermontage von M\u00f6beln<\/li>\n<li> IT-Umzug<\/li>\n<li> Auspackservice<\/li>\n<li> Lang- und kurzfristige Lagerung<\/li>\n<\/ul>\n<p><strong>Inl\u00e4ndische Umz\u00fcge<\/strong><\/p>\n<ul>\n<li> Interaktiver Bewegungskalender<\/li>\n<li> Von T\u00fcr zu T\u00fcr<\/li>\n<li> Kompletter Verpackungsservice, zerbrechliche Gegenst\u00e4nde oder Do-it-yourself<\/li>\n<li> Demontage und Wiedermontage von M\u00f6beln.<\/li>\n<li> Versicherung verf\u00fcgbar<\/li>\n<li> Angebotener Auspackservice<\/li>\n<li> Lang- und kurzfristige Lagerung m\u00f6glich<\/li>\n<\/ul>\n<h2>American Red Ball Transit Unternehmensprofil<\/h2>\n<p>American Red Ball Transit, gegr\u00fcndet 1919, ist die \u00e4lteste zwischenstaatliche <a href=\"https:\/\/moverdb.com\/de\/international-removals\/\" data-internallinksmanager029f6b8e52c=\"27\" title=\"36 Beste internationale Umzugsunternehmen in Gro\u00dfbritannien\">Umzugsunternehmen<\/a> in den USA und hat seinen Sitz in Indianapolis. Das Unternehmen ist bekannt f\u00fcr seine Expertise bei Milit\u00e4rumz\u00fcgen und hat bereits im Zweiten Weltkrieg zahlreiche Umz\u00fcge durchgef\u00fchrt. 1996 wurde American Red Ball Transit verkauft an <a href=\"https:\/\/moverdb.com\/de\/atlas-van-lines-international\/\">Atlas World Gruppe<\/a>. Diese Gruppe siedelt j\u00e4hrlich \u00fcber 13.000 Milit\u00e4rfamilien um.<\/p>\n<p>Im Jahr 2001 wurde American Red Ball Transit, die inl\u00e4ndische Tochtergesellschaft von American Red Ball International, an deren Management verkauft. American Red Ball International f\u00fchrt den internationalen Teil des Gesch\u00e4fts weiter.<\/p>\n<p>American Red Ball Transit hat die folgenden Mitgliedschaften und Akkreditierungen:<\/p>\n<ul>\n<li> Better Business Bureau (BBB)<\/li>\n<li> <a href=\"https:\/\/moverdb.com\/de\/amsa\/\">Amerikanische Vereinigung f\u00fcr Umzug und Lagerung<\/a> (<a href=\"https:\/\/moverdb.com\/de\/amsa\/\" data-internallinksmanager029f6b8e52c=\"5\" title=\"American Moving &amp; Storage Association (AMSA) erkl\u00e4rt\">AMSA<\/a>)<\/li>\n<li> <a href=\"https:\/\/moverdb.com\/de\/rim-promover\/\">ProMover<\/a><\/li>\n<\/ul>\n<h2>American Red Ball Transit Company Bewertungen<\/h2>\n<p><strong>Positiv:<\/strong><\/p>\n<ul>\n<li> <em>\"American Red Ball ist einer unserer besten Partner, eine hervorragende Organisation mit hervorragenden Mitarbeitern. Sehr zu empfehlen.\"<\/em> - Johannes \u00fcber <a href=\"https:\/\/www.yelp.co.uk\/biz\/american-red-ball-transit-company-indianapolis?hrid=mQPsd2n9lj4MbWXdnRerwA&#038;utm_campaign=www_review_share_popup&#038;utm_medium=copy_link&#038;utm_source=(direct)\" target=\"_blank\" rel=\"noopener\">Yelp<\/a><\/li>\n<\/ul>\n<p><strong>Negativ:<\/strong><\/p>\n<ul>\n<li> <em>\"Ich habe eine absolut schreckliche Erfahrung mit diesem Unternehmen gemacht.\"<\/em> - R.R. \u00fcber <a href=\"https:\/\/www.bbb.org\/indy\/business-reviews\/movers\/american-red-ball-transit-company-inc-in-indianapolis-in-753\/reviews-and-complaints?section=reviews&#038;reviewtype=negative\" target=\"_blank\" rel=\"noopener\">BBB.org<\/a><\/li>\n<\/ul>\n<div itemprop=\"review\" itemscope itemtype=\"http:\/\/schema.org\/Review\">\n<span itemprop=\"author\" itemscope=\"\" itemtype=\"http:\/\/schema.org\/Organization\"><span itemprop=\"name\">MoverDB.com<\/span><\/span> Online Website \u00dcberpr\u00fcfung f\u00fcr <span itemprop=\"itemreviewed\" itemscope=\"\" itemtype=\"http:\/\/schema.org\/Brand\"><span itemprop=\"name\">American Red Ball Transit<\/span><\/span>:<\/p>\n<ol>\n<li> Klare Kontaktangaben auf der Website (einschlie\u00dflich Telefonnummer): <strong>Ja<\/strong><\/li>\n<li> Leicht zu bekommen <a href=\"https:\/\/moverdb.com\/de\/zitate\/\">Angebote f\u00fcr internationale Umz\u00fcge<\/a>? (Online-Formular f\u00fcr Kostenvoranschl\u00e4ge): <strong>Ja<\/strong><\/li>\n<li> Klare Informationen auf der Website: <strong>Begrenzt,<\/strong> Die Website sagt sehr wenig aus.<\/li>\n<li> Mitgliedschaft in international anerkannten Umzugsorganisationen: <strong>Ja<\/strong><\/li>\n<li> Liste der Kunden und\/oder Zeugnisse von fr\u00fcheren Kunden: <strong>Nein<\/strong>und die Online-Bewertungen sind gemischt.<\/li>\n<\/ol>\n<div itemprop=\"reviewRating\" itemscope itemtype=\"http:\/\/schema.org\/Rating\"><meta itemprop=\"worstRating\" content = \"0\" \/><meta itemprop=\"bestRating\" content=\"5\" \/><meta itemprop=\"ratingValue\" content=\"3\"><\/div>\n<p><strong>Gesamtbewertung: 3\/5<\/strong><br \/>\n<strong>Datum der \u00dcberpr\u00fcfung:<\/strong> <span itemprop=\"datePublished\" content=\"2017-07-04\">04\/07\/2016<\/span>\n<\/div>\n<p>Lesen Sie mehr \u00fcber <a href=\"https:\/\/moverdb.com\/de\/umzugsunternehmen\/\">internationale Umzugsunternehmen<\/a>, <a href=\"https:\/\/moverdb.com\/de\/us-kanada-umzuge\/\">US-Inlandsumzugsunternehmen<\/a> und erfahren Sie mehr \u00fcber unser <a href=\"https:\/\/moverdb.com\/de\/bewertungen\/\">\u00dcberpr\u00fcfungsprozess<\/a>.<\/p>\n<p><strong>Website:<\/strong> <a href=\"http:\/\/www.redball.com\/\" target=\"_blank\" rel=\"noopener\">http:\/\/www.redball.com\/<\/a><\/p>","protected":false},"excerpt":{"rendered":"<p>American Red Ball Transit offers its customers many domestic services within the US, these are listed below, together with a company profile and reviews. Corporate Relocation Personalised relocation plan Assistance with personnel and office moves Full packing service Disassembly and reassembly of furniture IT moving Unpacking service Long and short term storage Domestic Moves Interactive [&hellip;]<\/p>\n","protected":false},"author":1,"featured_media":0,"parent":0,"menu_order":0,"comment_status":"closed","ping_status":"closed","template":"","meta":{"_genesis_hide_title":false,"_genesis_hide_breadcrumbs":false,"_genesis_hide_singular_image":false,"_genesis_hide_footer_widgets":false,"_genesis_custom_body_class":"","_genesis_custom_post_class":"","_genesis_layout":"","footnotes":""},"class_list":{"0":"post-926","1":"page","2":"type-page","3":"status-publish","5":"entry"},"_links":{"self":[{"href":"https:\/\/moverdb.com\/de\/wp-json\/wp\/v2\/pages\/926","targetHints":{"allow":["GET"]}}],"collection":[{"href":"https:\/\/moverdb.com\/de\/wp-json\/wp\/v2\/pages"}],"about":[{"href":"https:\/\/moverdb.com\/de\/wp-json\/wp\/v2\/types\/page"}],"author":[{"embeddable":true,"href":"https:\/\/moverdb.com\/de\/wp-json\/wp\/v2\/users\/1"}],"replies":[{"embeddable":true,"href":"https:\/\/moverdb.com\/de\/wp-json\/wp\/v2\/comments?post=926"}],"version-history":[{"count":4,"href":"https:\/\/moverdb.com\/de\/wp-json\/wp\/v2\/pages\/926\/revisions"}],"predecessor-version":[{"id":6171,"href":"https:\/\/moverdb.com\/de\/wp-json\/wp\/v2\/pages\/926\/revisions\/6171"}],"wp:attachment":[{"href":"https:\/\/moverdb.com\/de\/wp-json\/wp\/v2\/media?parent=926"}],"curies":[{"name":"wp","href":"https:\/\/api.w.org\/{rel}","templated":true}]}}