{"id":925,"date":"2016-09-27T05:35:52","date_gmt":"2016-09-27T05:35:52","guid":{"rendered":"http:\/\/moverdb.com\/?page_id=925"},"modified":"2026-01-08T14:40:05","modified_gmt":"2026-01-08T14:40:05","slug":"lopa-umzuge","status":"publish","type":"page","link":"https:\/\/moverdb.com\/de\/lopa-removals\/","title":{"rendered":"Lopa Umz\u00fcge: Internationale Umz\u00fcge Bewertungen"},"content":{"rendered":"<p>Lopa Removals hat seinen Sitz in Romford und bietet seinen Kunden eine Reihe von Dienstleistungen an, die unten aufgef\u00fchrt sind, zusammen mit einem Firmenprofil und Bewertungen.<\/p>\n<p><strong>Europ\u00e4ische und internationale Umz\u00fcge<\/strong><\/p>\n<ul>\n<li> Engagierter Umzugsmanager<\/li>\n<li> Umz\u00fcge von ganzen H\u00e4usern in 2-5 Tagen<\/li>\n<li> Versicherung abgeschlossen<\/li>\n<li> GPS-Fahrzeugverfolgung<\/li>\n<li> Vollst\u00e4ndige Verpackung, zerbrechliche Verpackung oder selbst verpacken<\/li>\n<li> Kostenlose Kartons und Verpackungsmaterial<\/li>\n<li> Garantie auf Schadensfreiheit<\/li>\n<li> Verschlag<\/li>\n<li> Externe Aufz\u00fcge f\u00fcr Gegenst\u00e4nde wie Klaviere<\/li>\n<li> Teilladungen und Vollladungen<\/li>\n<li> Auspackservice<\/li>\n<li> Kurz- und Langzeitlagerung<\/li>\n<\/ul>\n<p><strong>Lagerung<\/strong><\/p>\n<ul>\n<li> Kurz- und langfristig<\/li>\n<li> Sicher und bewacht<\/li>\n<li> Versichert<\/li>\n<li> Professionell gestapelt<\/li>\n<li> Gut gesch\u00fctzt vor Besch\u00e4digung und Verschmutzung<\/li>\n<\/ul>\n<p><strong>Fachbezogene Umz\u00fcge<\/strong><\/p>\n<ul>\n<li> Kunstgalerien<\/li>\n<li> Ausstellungen<\/li>\n<\/ul>\n<h2>Lopa Umz\u00fcge Firmenprofil<\/h2>\n<p>Lopa Removals ist auf internationale Umz\u00fcge und insbesondere auf solche innerhalb Europas spezialisiert. Das Unternehmen hat seinen Sitz in Romford. Es handelt sich um ein junges Unternehmen, dessen Hauptziel es ist, bestehende Umz\u00fcge zwischen europ\u00e4ischen L\u00e4ndern zu verbessern. <\/p>\n<p>Das Unternehmen hat eine lange Liste prominenter zufriedener Kunden. Lopa Removals bietet ein hohes Ma\u00df an Kundenservice sowohl vor, w\u00e4hrend als auch nach dem Umzug. Aufgrund des positiven Kundenfeedbacks konzentriert sich das Unternehmen derzeit auf Umz\u00fcge zwischen <a href=\"https:\/\/moverdb.com\/de\/moving-to-london\/\">London<\/a>, <a href=\"https:\/\/moverdb.com\/de\/moving-to-france\/moving-to-paris\/\" data-internallinksmanager029f6b8e52c=\"407\" title=\"Umzug nach Paris? 2026 Lebenshaltungskosten &amp; Umzugstipps\">Paris<\/a> und Br\u00fcssel und machen diese Z\u00fcge zu den besten auf dem Markt.<\/p>\n<p>Lopa Removals verf\u00fcgt \u00fcber die folgenden Akkreditierungen und Mitgliedschaften:<\/p>\n<ul>\n<li> Qualit\u00e4tsnorm ISO 9001<\/li>\n<li> <a href=\"https:\/\/moverdb.com\/de\/britische-vereinigung-der-entferner\/\">Britischer Verband der M\u00f6belpacker<\/a> (<a href=\"https:\/\/moverdb.com\/de\/british-association-of-removers\/\" data-internallinksmanager029f6b8e52c=\"9\" title=\"British Association of Removers (BAR) erkl\u00e4rt\">BAR<\/a>)<\/li>\n<\/ul>\n<h2>Lopa Umz\u00fcge Bewertungen<\/h2>\n<p><strong>Positiv:<\/strong><\/p>\n<ul>\n<li> \"Lopa Umz\u00fcge bot einen sehr guten Service und machte unseren Umzug von London nach Paris reibungslos und stressfrei.\" - S. Gerber \u00fcber <a href=\"https:\/\/uk.trustpilot.com\/reviews\/57b199dc0000ff00097bf54d\" target=\"_blank\" rel=\"noopener\">Trustpilot<\/a><\/li>\n<\/ul>\n<p><strong>Negativ:<\/strong><\/p>\n<ul>\n<li> \"<em>Ich zog um von <a href=\"https:\/\/moverdb.com\/de\/moving-to-belgium\/\" data-internallinksmanager029f6b8e52c=\"323\" title=\"Umzug nach Belgien? 2026 Lebenshaltungskosten &amp; Umzugstipps\">Belgien<\/a> und war begeistert, diese Jungs zu finden, preiswert, sehr gute Bewertungen hier und als Familienbetrieb und sehr verst\u00e4ndnisvoll beworben. Ich h\u00e4tte es besser wissen m\u00fcssen.\"<\/em> Andrei \u00fcber <a href=\"https:\/\/uk.trustpilot.com\/reviews\/53ce415d0000640002999120\" target=\"_blank\" rel=\"noopener\">Trustpilot<\/a> <\/li>\n<\/ul>\n<div itemprop=\"review\" itemscope itemtype=\"http:\/\/schema.org\/Review\">\n<span itemprop=\"author\" itemscope=\"\" itemtype=\"http:\/\/schema.org\/Organization\"><span itemprop=\"name\">MoverDB.com<\/span><\/span> Online Website \u00dcberpr\u00fcfung f\u00fcr <span itemprop=\"itemreviewed\" itemscope=\"\" itemtype=\"http:\/\/schema.org\/Brand\"><span itemprop=\"name\">Lopa Umz\u00fcge<\/span><\/span>:<\/p>\n<ol>\n<li> Klare Kontaktangaben auf der Website (einschlie\u00dflich Telefonnummer): <strong>Ja<\/strong><\/li>\n<li> Leicht zu bekommen <a href=\"https:\/\/moverdb.com\/de\/zitate\/\">Angebote f\u00fcr Umz\u00fcge<\/a>? (Online-Formular f\u00fcr Kostenvoranschl\u00e4ge): <strong>Ja<\/strong><\/li>\n<li> Klare Informationen auf der Website: <strong>Einige,<\/strong> aber insgesamt enth\u00e4lt die Website relativ wenig Informationen<\/li>\n<li> Mitgliedschaft in international anerkannten Umzugsorganisationen: <strong>Ja<\/strong><\/li>\n<li> Liste der Kunden und\/oder Zeugnisse von fr\u00fcheren Kunden: <strong>Teilweise,<\/strong> obwohl sie nicht vor Ort gehostet werden, haben sie eine positive Bewertung auf Trustpilot.<\/li>\n<\/ol>\n<div itemprop=\"reviewRating\" itemscope itemtype=\"http:\/\/schema.org\/Rating\"><meta itemprop=\"worstRating\" content = \"0\" \/><meta itemprop=\"bestRating\" content=\"5\" \/><meta itemprop=\"ratingValue\" content=\"4\"><\/div>\n<p><strong>Gesamtbewertung: 4\/5<\/strong><br \/>\n<strong>Datum der \u00dcberpr\u00fcfung:<\/strong> <span itemprop=\"datePublished\" content=\"2016-09-27\">27\/08\/16<\/span>\n<\/div>\n<p>Lesen Sie mehr \u00fcber <a href=\"https:\/\/moverdb.com\/de\/internationale-umzuge\/\">internationale Umz\u00fcge<\/a> und unsere <a href=\"https:\/\/moverdb.com\/de\/bewertungen\/\">\u00dcberpr\u00fcfungsprozess<\/a>.<\/p>\n<p><strong>Website:<\/strong> <a href=\"http:\/\/new.loparemovals.com\/\" target=\"_blank\" rel=\"noopener\">http:\/\/new.loparemovals.com\/<\/a><\/p>","protected":false},"excerpt":{"rendered":"<p>Lopa Removals is based in Romford and offers its customers a range of services which are listed below, together with a company profile and reviews. European and International Moves Dedicated move manager Full house moves complete in 2-5 days Insurance arranged GPS vehicle tracking Full packing, fragile packing or do it yourself Free boxes and [&hellip;]<\/p>\n","protected":false},"author":1,"featured_media":0,"parent":0,"menu_order":0,"comment_status":"closed","ping_status":"closed","template":"","meta":{"_genesis_hide_title":false,"_genesis_hide_breadcrumbs":false,"_genesis_hide_singular_image":false,"_genesis_hide_footer_widgets":false,"_genesis_custom_body_class":"","_genesis_custom_post_class":"","_genesis_layout":"","footnotes":""},"class_list":{"0":"post-925","1":"page","2":"type-page","3":"status-publish","5":"entry"},"_links":{"self":[{"href":"https:\/\/moverdb.com\/de\/wp-json\/wp\/v2\/pages\/925","targetHints":{"allow":["GET"]}}],"collection":[{"href":"https:\/\/moverdb.com\/de\/wp-json\/wp\/v2\/pages"}],"about":[{"href":"https:\/\/moverdb.com\/de\/wp-json\/wp\/v2\/types\/page"}],"author":[{"embeddable":true,"href":"https:\/\/moverdb.com\/de\/wp-json\/wp\/v2\/users\/1"}],"replies":[{"embeddable":true,"href":"https:\/\/moverdb.com\/de\/wp-json\/wp\/v2\/comments?post=925"}],"version-history":[{"count":7,"href":"https:\/\/moverdb.com\/de\/wp-json\/wp\/v2\/pages\/925\/revisions"}],"predecessor-version":[{"id":13171,"href":"https:\/\/moverdb.com\/de\/wp-json\/wp\/v2\/pages\/925\/revisions\/13171"}],"wp:attachment":[{"href":"https:\/\/moverdb.com\/de\/wp-json\/wp\/v2\/media?parent=925"}],"curies":[{"name":"wp","href":"https:\/\/api.w.org\/{rel}","templated":true}]}}