{"id":924,"date":"2016-09-03T21:30:31","date_gmt":"2016-09-03T21:30:31","guid":{"rendered":"http:\/\/moverdb.com\/?page_id=924"},"modified":"2026-01-08T14:48:13","modified_gmt":"2026-01-08T14:48:13","slug":"eagle-relocations","status":"publish","type":"page","link":"https:\/\/moverdb.com\/de\/eagle-relocations\/","title":{"rendered":"Eagle Relocations: Internationaler Umzug &amp; Umz\u00fcge Bewertungen"},"content":{"rendered":"<p>Eagle Relocations ist ein <a href=\"https:\/\/moverdb.com\/de\/international-removals\/\" data-internallinksmanager029f6b8e52c=\"27\" title=\"36 Beste internationale Umzugsunternehmen in Gro\u00dfbritannien\">Umzugsunternehmen<\/a> mit Sitz in Watford, <a href=\"https:\/\/moverdb.com\/de\/moving-to-the-uk\/\" data-internallinksmanager029f6b8e52c=\"93\" title=\"Umzug in das Vereinigte K\u00f6nigreich? 2026 Lebenshaltungskosten &amp; Umzugstipps\">UK<\/a>. Sie bietet ihren Kunden eine Reihe von Umzugsdienstleistungen an, die im Folgenden zusammen mit einem Unternehmensprofil und Bewertungen aufgef\u00fchrt sind.<\/p>\n<p><strong>Internationale Umz\u00fcge<\/strong><\/p>\n<ul>\n<li> Dienst von T\u00fcr zu T\u00fcr<\/li>\n<li> Dienst von T\u00fcr zu T\u00fcr bis zur Bordsteinkante<\/li>\n<li> T\u00fcr zu <a href=\"https:\/\/moverdb.com\/de\/top-49-container-ports\/\" data-internallinksmanager029f6b8e52c=\"80\" title=\"Top 49 der gr\u00f6\u00dften und verkehrsreichsten Containerh\u00e4fen im Jahr 2025\">Hafen<\/a> Dienstleistung<\/li>\n<li> Vollst\u00e4ndiger Verpackungsservice<\/li>\n<li> Service f\u00fcr zerbrechliche Waren oder Teilverpackungen<\/li>\n<li> Vom Eigent\u00fcmer verpackter Service<\/li>\n<li> Demontage und Wiedermontage von M\u00f6beln<\/li>\n<li> Mitgeliefertes Verpackungsmaterial<\/li>\n<li> Stra\u00dfen-, Luft- und Seetransit<\/li>\n<li> Zollabfertigung<\/li>\n<li> Beseitigung von Tr\u00fcmmern<\/li>\n<li> Concierge-Dienst<\/li>\n<li> Dienstm\u00e4dchen<\/li>\n<\/ul>\n<p><strong>Unternehmensumz\u00fcge<\/strong><\/p>\n<ul>\n<li> Personal Corporate Move Manager<\/li>\n<li> Besichtigung bestehender und neuer R\u00e4umlichkeiten<\/li>\n<li> Demontage und Wiedermontage von M\u00f6beln<\/li>\n<li> IT-Spezialisten f\u00fcr Computerumz\u00fcge<\/li>\n<li> Umzugskisten f\u00fcr B\u00fcros<\/li>\n<li> Kisten etikettiert<\/li>\n<li> Umzugsmanager w\u00e4hrend des Umzugs st\u00e4ndig vor Ort<\/li>\n<li> Versicherung abgeschlossen<\/li>\n<\/ul>\n<p><strong>UK Umz\u00fcge nach Hause<\/strong><\/p>\n<ul>\n<li> Verbindung mit dem Umzugsverwalter<\/li>\n<li> Umfrage vor dem Umzug<\/li>\n<li> Engagierter Umzugskoordinator<\/li>\n<li> Von T\u00fcr zu T\u00fcr<\/li>\n<li> Vollpackung, Teilpackung oder Selbermachen<\/li>\n<li> Demontage und Wiedermontage von M\u00f6beln<\/li>\n<li> Versicherung abgeschlossen<\/li>\n<li> Beseitigung von Tr\u00fcmmern<\/li>\n<\/ul>\n<h2>Eagle Relocations Unternehmensprofil<\/h2>\n<p>Eagle Relocations wurde 1967 als Familienunternehmen gegr\u00fcndet und war damals unter dem Namen Eagle Shipping bekannt. Im Jahr 2002 wurde das Unternehmen in eine Aktiengesellschaft umgewandelt und \u00e4nderte seinen Namen in Eagle Relocations. Es bietet seinen Kunden einen umfassenden Umzugsservice auf lokaler, nationaler und internationaler Ebene.<\/p>\n<p>Eagle Relocations hat im Jahr 2015 \u00fcber 3 500 Personen umgesiedelt. Sie bieten eine Vielzahl von Paketen an, die den Bed\u00fcrfnissen und dem Geldbeutel der Kunden entsprechen. Das Unternehmen legt gro\u00dfen Wert auf Kundenservice und Engagement.<\/p>\n<p>Eagle Relocations verf\u00fcgt \u00fcber die folgenden Akkreditierungen und Mitgliedschaften:<\/p>\n<ul>\n<li> <a href=\"https:\/\/moverdb.com\/de\/britische-vereinigung-der-entferner\/\">Britischer Verband der M\u00f6belpacker<\/a> (<a href=\"https:\/\/moverdb.com\/de\/british-association-of-removers\/\" data-internallinksmanager029f6b8e52c=\"9\" title=\"British Association of Removers (BAR) erkl\u00e4rt\">BAR<\/a>)<\/li>\n<li> <a href=\"https:\/\/moverdb.com\/de\/fedemac\/\">F\u00f6deration der europ\u00e4ischen Spediteure<\/a> (<a href=\"https:\/\/moverdb.com\/de\/fedemac\/\" data-internallinksmanager029f6b8e52c=\"15\" title=\"F\u00f6deration der europ\u00e4ischen Spediteure (FEDEMAC) erkl\u00e4rt\">FEDEMAC<\/a>)<\/li>\n<li> <a href=\"https:\/\/moverdb.com\/de\/ich-bin\/\">Internationaler Verband der M\u00f6belspediteure<\/a> (<a href=\"https:\/\/moverdb.com\/de\/iam\/\" data-internallinksmanager029f6b8e52c=\"23\" title=\"International Association of Movers (IAM) erkl\u00e4rt\">IAM<\/a>)<\/li>\n<li> <a href=\"https:\/\/moverdb.com\/de\/hgfaa\/\">Amerikanischer Verband der Spediteure von Haushaltswaren<\/a><\/li>\n<li> Britischer Verband f\u00fcr internationale Fracht (BIFA)<\/li>\n<li> <a href=\"https:\/\/moverdb.com\/de\/bar-over-see\/\">British Association of Removers (BAR) \u00dcbersee<\/a><\/li>\n<\/ul>\n<h2>Eagle Relocations Bewertungen<\/h2>\n<p><strong>Positiv:<\/strong><\/p>\n<ul>\n<li> <em>Die Jungs waren gro\u00dfartig... Super hilfsbereit, effizient, professionell und alle mit einem breiten L\u00e4cheln im Gesicht...<\/em> - Ross \u00fcber <a href=\"http:\/\/www.eaglerelocations.com\/testimonials\/\" target=\"_blank\" rel=\"noopener\">Seite mit Kundenreferenzen<\/a><\/li>\n<li> <em>\"Sie waren vertrauensw\u00fcrdig, professionell, fr\u00f6hlich, flei\u00dfig und sorgf\u00e4ltig und machten eine \u00e4u\u00dferst stressige Zeit zu einer einfachen Zeit. Sie bieten ein ausgezeichnetes Preis-Leistungs-Verh\u00e4ltnis, und ich bin froh, dass ich mich nicht f\u00fcr ein Unternehmen entschieden habe, das mir per E-Mail einen Umzugspreis anbot, der zu gut war, um wahr zu sein, ohne unser Haus besucht zu haben. Meiner Meinung nach sind sie marktf\u00fchrend, und ich werde Eagle Relocations f\u00fcr immer dankbar sein.\"<\/em> - Karen \u00fcber <a href=\"https:\/\/www.trustpilot.com\/reviews\/56fe57450000ff00094ba791\" target=\"_blank\" rel=\"noopener\">VertrauensPilot<\/a> <\/li>\n<li> <em>\"Ich habe Eagle Relocations bei 3 verschiedenen Gelegenheiten benutzt. Ich bin von Hendon nach Borhamwood, von Borhamwood nach Storage und dann nach Bali umgezogen. Bei jeder Gelegenheit habe ich sie als \u00e4u\u00dferst professionell erlebt.<\/em> - Pankesh P \u00fcber <a href=\"https:\/\/www.yell.com\/reviews\/user\/PankeshP\" target=\"_blank\" rel=\"noopener\">Schrei<\/a><\/li>\n<\/ul>\n<p><strong>Negativ:<\/strong><\/p>\n<ul>\n<li> <em>\"Nehmen Sie diese Firma nicht in Anspruch, sie haben mein gesamtes Hab und Gut verloren.\"<\/em> - Adrienne \u00fcber <a href=\"https:\/\/www.trustpilot.com\/reviews\/587ecbbc0dc2f609f06be069\" target=\"_blank\" rel=\"noopener\">Trustpilot<\/a><\/li>\n<\/ul>\n<div itemprop=\"review\" itemscope itemtype=\"http:\/\/schema.org\/Review\">\n<span itemprop=\"author\" itemscope=\"\" itemtype=\"http:\/\/schema.org\/Organization\"><span itemprop=\"name\">MoverDB.com<\/span><\/span> Online Website \u00dcberpr\u00fcfung f\u00fcr <span itemprop=\"itemreviewed\" itemscope=\"\" itemtype=\"http:\/\/schema.org\/Brand\"><span itemprop=\"name\">Eagle-Umsiedlungen<\/span><\/span>:<\/p>\n<ol>\n<li> Klare Kontaktangaben auf der Website (einschlie\u00dflich Telefonnummer): <strong>Ja<\/strong><\/li>\n<li> Leicht zu bekommen <a href=\"https:\/\/moverdb.com\/de\/zitate\/\">Angebote f\u00fcr internationale Umz\u00fcge<\/a>? (Online-Formular f\u00fcr Kostenvoranschl\u00e4ge): <strong>Ja<\/strong><\/li>\n<li> Klare Informationen auf der Website: <strong>Ja,<\/strong> enth\u00e4lt L\u00e4nderf\u00fchrer und einen Blog mit n\u00fctzlichen Informationen zum Umzug ins Ausland.<\/li>\n<li> Mitgliedschaft in international anerkannten Umzugsorganisationen: <strong>Ja<\/strong>, siehe oben.<\/li>\n<li> Liste der Kunden und\/oder Zeugnisse von fr\u00fcheren Kunden: <strong>Einige,<\/strong> Auf der Website finden sich zwar Kundenrezensionen, aber viele von ihnen \u00e4hneln sich, und es gibt nur wenige Bewertungen im Internet. Die vorhandenen Bewertungen sind jedoch \u00fcberwiegend positiv.<\/li>\n<\/ol>\n<div itemprop=\"reviewRating\" itemscope itemtype=\"http:\/\/schema.org\/Rating\"><meta itemprop=\"worstRating\" content = \"0\" \/><meta itemprop=\"bestRating\" content=\"5\" \/><meta itemprop=\"ratingValue\" content=\"4.5\"><\/div>\n<p><strong>Gesamtbewertung: 4.5\/5<\/strong><br \/>\n<strong>Datum der \u00dcberpr\u00fcfung:<\/strong> <span itemprop=\"datePublished\" content=\"2016-09-03\">03\/09\/2016<\/span>\n<\/div>\n<p>Erfahren Sie mehr \u00fcber mehr \u00fcber <a href=\"https:\/\/moverdb.com\/de\/internationale-umzuge\/\">internationale Umz\u00fcge<\/a> und unsere <a href=\"https:\/\/moverdb.com\/de\/bewertungen\/\">\u00dcberpr\u00fcfungsprozess<\/a>.<\/p>\n<p><strong>Website:<\/strong> <a href=\"http:\/\/www.eaglerelocations.com\" target=\"_blank\" rel=\"noopener\">http:\/\/www.eaglerelocations.com<\/a><\/p>","protected":false},"excerpt":{"rendered":"<p>Eagle Relocations is a removals company based in Watford, UK. It offers its clients a range of removals services which are listed below, together with a company profile and reviews. International Removals Door to door service Door to kerbside service Door to port service Full packing service Fragile or part pack service Owner packed service [&hellip;]<\/p>\n","protected":false},"author":1,"featured_media":0,"parent":0,"menu_order":0,"comment_status":"closed","ping_status":"closed","template":"","meta":{"_genesis_hide_title":false,"_genesis_hide_breadcrumbs":false,"_genesis_hide_singular_image":false,"_genesis_hide_footer_widgets":false,"_genesis_custom_body_class":"","_genesis_custom_post_class":"","_genesis_layout":"","footnotes":""},"class_list":{"0":"post-924","1":"page","2":"type-page","3":"status-publish","5":"entry"},"_links":{"self":[{"href":"https:\/\/moverdb.com\/de\/wp-json\/wp\/v2\/pages\/924","targetHints":{"allow":["GET"]}}],"collection":[{"href":"https:\/\/moverdb.com\/de\/wp-json\/wp\/v2\/pages"}],"about":[{"href":"https:\/\/moverdb.com\/de\/wp-json\/wp\/v2\/types\/page"}],"author":[{"embeddable":true,"href":"https:\/\/moverdb.com\/de\/wp-json\/wp\/v2\/users\/1"}],"replies":[{"embeddable":true,"href":"https:\/\/moverdb.com\/de\/wp-json\/wp\/v2\/comments?post=924"}],"version-history":[{"count":6,"href":"https:\/\/moverdb.com\/de\/wp-json\/wp\/v2\/pages\/924\/revisions"}],"predecessor-version":[{"id":6202,"href":"https:\/\/moverdb.com\/de\/wp-json\/wp\/v2\/pages\/924\/revisions\/6202"}],"wp:attachment":[{"href":"https:\/\/moverdb.com\/de\/wp-json\/wp\/v2\/media?parent=924"}],"curies":[{"name":"wp","href":"https:\/\/api.w.org\/{rel}","templated":true}]}}