{"id":923,"date":"2016-08-25T14:59:50","date_gmt":"2016-08-25T14:59:50","guid":{"rendered":"http:\/\/moverdb.com\/?page_id=923"},"modified":"2026-01-08T14:40:15","modified_gmt":"2026-01-08T14:40:15","slug":"movecorp","status":"publish","type":"page","link":"https:\/\/moverdb.com\/de\/movecorp\/","title":{"rendered":"Movecorp: Internationaler Umzug &amp; Umz\u00fcge Bewertungen"},"content":{"rendered":"<p>Movecorp ist in den West Midlands ans\u00e4ssig und bietet seinen Kunden verschiedene <a href=\"https:\/\/moverdb.com\/de\/international-removals\/\" data-internallinksmanager029f6b8e52c=\"27\" title=\"36 Beste internationale Umzugsunternehmen in Gro\u00dfbritannien\">internationale Umz\u00fcge<\/a> Dienstleistungen, die unten aufgef\u00fchrt sind, zusammen mit einem Unternehmensprofil und Bewertungen.<\/p>\n<p><strong>Internationale Umz\u00fcge<\/strong><\/p>\n<ul>\n<li> Engagierter Umzugskoordinator<\/li>\n<li> Von T\u00fcr zu T\u00fcr<\/li>\n<li> Verpacken - Komplettservice, zerbrechliche Gegenst\u00e4nde oder Do-it-yourself<\/li>\n<li> Mitgeliefertes Verpackungsmaterial<\/li>\n<li> Unterst\u00fctzung beim Papierkram<\/li>\n<li> Teilladungsverkehr - Sammelcontainer<\/li>\n<li> Dedizierte <a href=\"https:\/\/moverdb.com\/de\/containerschifffahrt\/\">internationale Containerschifffahrt<\/a><\/li>\n<li> Kostenlose Speicherung f\u00fcr bis zu einem Monat<\/li>\n<li> Auspacken<\/li>\n<li> Versicherung abgeschlossen<\/li>\n<li> Umzugsservice f\u00fcr Mitarbeiter<\/li>\n<\/ul>\n<p><strong>Europ\u00e4ische Umz\u00fcge<\/strong><\/p>\n<ul>\n<li> Dienst von T\u00fcr zu T\u00fcr<\/li>\n<li> Engagierter Umzugskoordinator<\/li>\n<li> Full-Service-Verpackung verf\u00fcgbar<\/li>\n<li> Mitgeliefertes Verpackungsmaterial<\/li>\n<li> Unterst\u00fctzung beim Papierkram<\/li>\n<li> Teilladungsverkehr (LCL)<\/li>\n<li> Spezieller Schiffscontainer<\/li>\n<li> Kostenlose Speicherung f\u00fcr bis zu einem Monat<\/li>\n<li> Auspacken mit vollem Service m\u00f6glich<\/li>\n<li> Versicherung abgeschlossen<\/li>\n<\/ul>\n<p><strong>Hausumz\u00fcge<\/strong><\/p>\n<ul>\n<li> Dienst von T\u00fcr zu T\u00fcr<\/li>\n<li> Umfassender Verpackungsservice <\/li>\n<li> Speicherplatz - erster Monat kostenlos<\/li>\n<li> Versicherung abgeschlossen<\/li>\n<li> Teilladung (LCL)<\/li>\n<li> Volllast (FCL)<\/li>\n<li> Auspackservice bei Lieferung<\/li>\n<\/ul>\n<h2>Movecorp Firmenprofil<\/h2>\n<p>Movecorp ist ein <a href=\"https:\/\/moverdb.com\/de\/moving-to-the-uk\/\" data-internallinksmanager029f6b8e52c=\"93\" title=\"Umzug in das Vereinigte K\u00f6nigreich? 2026 Lebenshaltungskosten &amp; Umzugstipps\">UK<\/a> Umzugsunternehmen, das sich auf internationale und europ\u00e4ische Umz\u00fcge spezialisiert hat. Sein Hauptsitz befindet sich in den West Midlands, wodurch das Unternehmen in der Lage ist, das gesamte Vereinigte K\u00f6nigreich zu bedienen. <\/p>\n<p>Movecorp f\u00fchrt jeden Tag in der Woche Umz\u00fcge innerhalb Gro\u00dfbritanniens durch und liefert w\u00f6chentlich an alle wichtigen europ\u00e4ischen Ziele.<\/p>\n<p>Movecorp bietet einen pers\u00f6nlichen Service f\u00fcr alle Kunden und h\u00e4lt sie \u00fcber jeden Schritt auf dem Laufenden. Sie sind stolz auf ihre freundliche und effiziente Herangehensweise an jeden einzelnen Umzug, den sie durchf\u00fchren.<\/p>\n<p>Movecorp hat die folgenden Mitgliedschaften und Akkreditierungen:<\/p>\n<ul>\n<li> <a href=\"https:\/\/moverdb.com\/de\/ich-bin\/\">Internationaler Verband der M\u00f6belspediteure<\/a> (<a href=\"https:\/\/moverdb.com\/de\/iam\/\" data-internallinksmanager029f6b8e52c=\"23\" title=\"International Association of Movers (IAM) erkl\u00e4rt\">IAM<\/a>)<\/li>\n<li> <a href=\"https:\/\/moverdb.com\/de\/rios\/\">Ombudsmann-System f\u00fcr Umzugsunternehmen<\/a><\/li>\n<li> <a href=\"https:\/\/moverdb.com\/de\/fedemac\/\">F\u00f6deration der europ\u00e4ischen Spediteure<\/a> (<a href=\"https:\/\/moverdb.com\/de\/fedemac\/\" data-internallinksmanager029f6b8e52c=\"15\" title=\"F\u00f6deration der europ\u00e4ischen Spediteure (FEDEMAC) erkl\u00e4rt\">FEDEMAC<\/a>)<\/li>\n<li> <a href=\"https:\/\/moverdb.com\/de\/frachttransport-verband\/\">G\u00fcterverkehrsverband<\/a> (<a href=\"https:\/\/moverdb.com\/de\/freight-transport-association\/\" data-internallinksmanager029f6b8e52c=\"18\" title=\"Die Freight Transport Association (FTA) erkl\u00e4rt\">FTA<\/a>)<\/li>\n<li> <a href=\"https:\/\/moverdb.com\/de\/mtc\/\">Movers Trading Club<\/a> (<a href=\"https:\/\/moverdb.com\/de\/mtc\/\" data-internallinksmanager029f6b8e52c=\"30\" title=\"Movers Trading Club (MTC) Erl\u00e4utert\">MTC<\/a>)<\/li>\n<li> <a href=\"https:\/\/moverdb.com\/de\/eurovan-movers\/\">Eurovan<\/a><\/li>\n<li> <a href=\"https:\/\/moverdb.com\/de\/ngrs\/\">Nationale Gilde der M\u00f6belpacker und Lagerhalter<\/a> (<a href=\"https:\/\/moverdb.com\/de\/ngrs\/\" data-internallinksmanager029f6b8e52c=\"74\" title=\"National Guild of Removers and Storers (NGRS) Erl\u00e4utert\">NGRS<\/a>)<\/li>\n<li> Welcher? Vertrauensw\u00fcrdiger H\u00e4ndler<\/li>\n<li> Qualit\u00e4tsstandards f\u00fcr Dienstleistungen - BS 8564<\/li>\n<li> CHAS<\/li>\n<\/ul>\n<h2>MoveCorp Bewertungen<\/h2>\n<p><strong>Positiv:<\/strong><\/p>\n<ul>\n<li> <em>\"Ich kann Movecorp nur empfehlen. Der Service war hervorragend und freundlich.\"<\/em> - Ella Dennett \u00fcber Movecorp <a href=\"http:\/\/www.movecorp.co.uk\/reviews\/\" target=\"_blank\" rel=\"noopener\">Bewertungen und Kundenberichte<\/a>.<\/li>\n<li> <em>\"Sehr effizient, alles war hervorragend verpackt und kam in gutem Zustand an\".<\/em> - Stan \u00fcber <a href=\"https:\/\/www.trustpilot.com\/reviews\/579606ae0000ff00097414e9\" target=\"_blank\" rel=\"noopener\">VertrauensPilot<\/a> <\/li>\n<li> <em>\"Unsere Erfahrung war gro\u00dfartig. Unsere Umzugskoordinatorin Emma war sehr hilfsbereit und beantwortete unsere Anfragen zeitnah. Ein gro\u00dfes Dankesch\u00f6n f\u00fcr ihre Hilfe!\"<\/em> Andrea \u00fcber <a href=\"http:\/\/www.removalreviews.co.uk\/movingreviews\/great-service-11241\" target=\"_blank\" rel=\"noopener\">Umzugsgutachten<\/a><\/li>\n<li> <em>\"Die Movecorp-Website ist einfach zu bedienen und ich habe n\u00fctzliche Informationen gefunden, die mir bei der Organisation meines Umzugs geholfen haben.<\/em> - LisaM1983 \u00fcber <a href=\"http:\/\/www.reviewcentre.com\/Removal-Companies\/MoveCorp-International-Removals-www-movecorp-co-uk-review_2305958\" target=\"_blank\" rel=\"noopener\">\u00dcberpr\u00fcfung Zentrum<\/a><\/li>\n<li> <em>\"Das Team von Movecorp war von Anfang bis Ende fantastisch.<\/em> - \u00fcber <a href=\"http:\/\/www.referenceline.com\/removers_removals-in-walsall-movecorpcouk-21956#GOTO178308\" target=\"_blank\" rel=\"noopener\">Referenzliste<\/a><\/li>\n<\/ul>\n<p><strong>Negativ:<\/strong><\/p>\n<ul>\n<li> <em>\"Sie haben den Inhalt meines Umzugs schon seit mehr als drei Monaten und er hat das Vereinigte K\u00f6nigreich erst letzte Woche verlassen.<\/em> - Chuck \u00fcber <a href=\"https:\/\/www.trustpilot.com\/reviews\/55f4a26f0000ff000907c3df\" target=\"_blank\" rel=\"noopener\">VertrauensPilot<\/a><\/li>\n<li> <em>\"Obwohl ich im Internet einige gute Bewertungen gesehen habe, war meine Erfahrung leider ziemlich schlecht.<\/em> - Steven Johnson \u00fcber <a href=\"http:\/\/www.removalreviews.co.uk\/movingreviews\/use-at-own-risk-11126\" target=\"_blank\" rel=\"noopener\">Umzugsgutachten<\/a> <\/li>\n<li> <em>\"Schlimmste Umzugserfahrung - ich f\u00fchlte mich abgezockt und betrogen\"<\/em> - MayVisR42 \u00fcber <a href=\"http:\/\/www.reviewcentre.com\/Removal-Companies\/MoveCorp-International-Removals-www-movecorp-co-uk-review_3464277\" target=\"_blank\" rel=\"noopener\">\u00dcberpr\u00fcfung Zentrum<\/a> <\/li>\n<\/ul>\n<div itemprop=\"review\" itemscope itemtype=\"http:\/\/schema.org\/Review\">\n<span itemprop=\"author\" itemscope=\"\" itemtype=\"http:\/\/schema.org\/Organization\"><span itemprop=\"name\">MoverDB.com<\/span><\/span> Online Website \u00dcberpr\u00fcfung f\u00fcr <span itemprop=\"itemreviewed\" itemscope=\"\" itemtype=\"http:\/\/schema.org\/Brand\"><span itemprop=\"name\">MoveCorp<\/span><\/span>:<\/p>\n<ol>\n<li> Klare Kontaktangaben auf der Website (einschlie\u00dflich Telefonnummer)? <strong>Ja<\/strong><\/li>\n<li> Leicht zu bekommen <a href=\"https:\/\/moverdb.com\/de\/zitate\/\">Angebote f\u00fcr internationale Umz\u00fcge<\/a>? (Online-Formular f\u00fcr Kostenvoranschl\u00e4ge): <strong>Ja<\/strong><\/li>\n<li> Klare Informationen auf der Website: <strong>Nein,<\/strong> Die Website enth\u00e4lt nur sehr wenige Informationen \u00fcber die Einholung eines Kostenvoranschlags und die angefahrenen Ziele.<\/li>\n<li> Mitgliedschaft in international anerkannten Umzugsorganisationen: <strong>Ja,<\/strong> viele - siehe oben<\/li>\n<li> Liste der Kunden und\/oder Zeugnisse von fr\u00fcheren Kunden: <strong>Ja,<\/strong> Es gibt viele positive Kundenstimmen auf der Website.<\/li>\n<\/ol>\n<div itemprop=\"reviewRating\" itemscope itemtype=\"http:\/\/schema.org\/Rating\"><meta itemprop=\"worstRating\" content = \"0\" \/><meta itemprop=\"bestRating\" content=\"5\" \/><meta itemprop=\"ratingValue\" content=\"4.5\"><\/div>\n<p><strong>Gesamtbewertung: 4.5\/5<\/strong><br \/>\n<strong>Datum der \u00dcberpr\u00fcfung:<\/strong> <span itemprop=\"datePublished\" content=\"2016-08-25\">25\/08\/2016<\/span>\n<\/div>\n<p>Erfahren Sie mehr \u00fcber <a href=\"https:\/\/moverdb.com\/de\/internationale-umzuge\/\">internationale Umz\u00fcge<\/a> und unsere <a href=\"https:\/\/moverdb.com\/de\/bewertungen\/\">\u00dcberpr\u00fcfungsprozess<\/a>.<\/p>\n<p><strong>Website:<\/strong> <a href=\"http:\/\/www.movecorp.co.uk\" target=\"_blank\" rel=\"noopener\">http:\/\/www.movecorp.co.uk<\/a><\/p>","protected":false},"excerpt":{"rendered":"<p>Movecorp is based in the West Midlands and offers its customers various international removals services which are listed below, together with a company profile and reviews. International Removals Dedicated move coordinator Door to door Packing &#8211; full service, fragile items or do it yourself Packing materials supplied Assistance with paperwork Part load shipping &#8211; shared [&hellip;]<\/p>\n","protected":false},"author":1,"featured_media":0,"parent":0,"menu_order":0,"comment_status":"closed","ping_status":"closed","template":"","meta":{"_genesis_hide_title":false,"_genesis_hide_breadcrumbs":false,"_genesis_hide_singular_image":false,"_genesis_hide_footer_widgets":false,"_genesis_custom_body_class":"","_genesis_custom_post_class":"","_genesis_layout":"","footnotes":""},"class_list":{"0":"post-923","1":"page","2":"type-page","3":"status-publish","5":"entry"},"_links":{"self":[{"href":"https:\/\/moverdb.com\/de\/wp-json\/wp\/v2\/pages\/923","targetHints":{"allow":["GET"]}}],"collection":[{"href":"https:\/\/moverdb.com\/de\/wp-json\/wp\/v2\/pages"}],"about":[{"href":"https:\/\/moverdb.com\/de\/wp-json\/wp\/v2\/types\/page"}],"author":[{"embeddable":true,"href":"https:\/\/moverdb.com\/de\/wp-json\/wp\/v2\/users\/1"}],"replies":[{"embeddable":true,"href":"https:\/\/moverdb.com\/de\/wp-json\/wp\/v2\/comments?post=923"}],"version-history":[{"count":8,"href":"https:\/\/moverdb.com\/de\/wp-json\/wp\/v2\/pages\/923\/revisions"}],"predecessor-version":[{"id":13179,"href":"https:\/\/moverdb.com\/de\/wp-json\/wp\/v2\/pages\/923\/revisions\/13179"}],"wp:attachment":[{"href":"https:\/\/moverdb.com\/de\/wp-json\/wp\/v2\/media?parent=923"}],"curies":[{"name":"wp","href":"https:\/\/api.w.org\/{rel}","templated":true}]}}