{"id":921,"date":"2016-08-29T20:53:00","date_gmt":"2016-08-29T20:53:00","guid":{"rendered":"http:\/\/moverdb.com\/?page_id=921"},"modified":"2026-01-08T15:20:42","modified_gmt":"2026-01-08T15:20:42","slug":"simpsons-umzuge","status":"publish","type":"page","link":"https:\/\/moverdb.com\/de\/simpsons-removals\/","title":{"rendered":"Simpsons Umz\u00fcge und Lagerung: Internationale Umz\u00fcge Bewertungen"},"content":{"rendered":"<p>Simpsons Removals and Storage Ltd ist in Kent ans\u00e4ssig und bietet seinen Kunden eine Reihe von <a href=\"https:\/\/moverdb.com\/de\/international-removals\/\" data-internallinksmanager029f6b8e52c=\"27\" title=\"36 Beste internationale Umzugsunternehmen in Gro\u00dfbritannien\">internationale Umz\u00fcge<\/a> Dienstleistungen, die unten aufgef\u00fchrt sind. Es folgen auch ein Unternehmensprofil und Bewertungen.<\/p>\n<p><strong>Internationale Umz\u00fcge<\/strong><\/p>\n<ul>\n<li> T\u00fcr zu T\u00fcr oder Flughafen am Zielort<\/li>\n<li> Kompletter Service, zerbrechliche Gegenst\u00e4nde oder Do-it-yourself-Verpackung<\/li>\n<li> Verpackungsmaterial kann zur Verf\u00fcgung gestellt werden<\/li>\n<li> Luftfracht oder Seefracht - <a href=\"https:\/\/moverdb.com\/de\/containerschifffahrt\/\">internationale Containerschifffahrt<\/a><\/li>\n<li> \u00dcbergep\u00e4ck f\u00fcr kleine Lasten<\/li>\n<li> Versicherung abgeschlossen<\/li>\n<li> Terminalabfertigung\/<a href=\"https:\/\/moverdb.com\/de\/top-49-container-ports\/\" data-internallinksmanager029f6b8e52c=\"80\" title=\"Top 49 der gr\u00f6\u00dften und verkehrsreichsten Containerh\u00e4fen im Jahr 2025\">Hafen<\/a> Geb\u00fchren<\/li>\n<li> Zollabfertigung<\/li>\n<li> Lieferung und Auspacken<\/li>\n<li> Beseitigung von Tr\u00fcmmern<\/li>\n<li> Handwerkliche Dienstleistungen<\/li>\n<li> Dienstm\u00e4dchen<\/li>\n<\/ul>\n<p><strong>Verpackungsmaterialien<\/strong><\/p>\n<ul>\n<li> Verpackungskartons in verschiedenen Gr\u00f6\u00dfen<\/li>\n<li> H\u00e4ngende Kleiderschrankkartons<\/li>\n<li> Packband<\/li>\n<li> Packpapier<\/li>\n<li> Papier-Decken<\/li>\n<li> Transitdecken aus Stoff<\/li>\n<li> Matratzenbeutel<\/li>\n<li> Archivboxen<\/li>\n<li> Ma\u00dfgefertigte Holzkisten sind auf Anfrage erh\u00e4ltlich - Vorank\u00fcndigung 7 Tage im Voraus erforderlich.<\/li>\n<\/ul>\n<p><strong>Europ\u00e4ische Umz\u00fcge<\/strong><\/p>\n<ul>\n<li> Luft, See oder Stra\u00dfe<\/li>\n<li> Dedizierter Lastendienst<\/li>\n<li> Teilladungen verf\u00fcgbar<\/li>\n<li> T\u00fcr-zu-T\u00fcr-Service verf\u00fcgbar<\/li>\n<li> Kompletter Service, zerbrechliche Gegenst\u00e4nde oder Do-it-yourself-Verpackung<\/li>\n<li> Verpackungsmaterial kann zur Verf\u00fcgung gestellt werden<\/li>\n<li> Versicherung abgeschlossen<\/li>\n<li> Auspackservice verf\u00fcgbar<\/li>\n<li> Beseitigung von Tr\u00fcmmern<\/li>\n<\/ul>\n<p><strong><a href=\"https:\/\/moverdb.com\/de\/moving-to-the-uk\/\" data-internallinksmanager029f6b8e52c=\"93\" title=\"Umzug in das Vereinigte K\u00f6nigreich? 2026 Lebenshaltungskosten &amp; Umzugstipps\">UK<\/a> Umz\u00fcge<\/strong><\/p>\n<ul>\n<li> Von T\u00fcr zu T\u00fcr<\/li>\n<li> Pers\u00f6nliche Umz\u00fcge<\/li>\n<li> Unternehmensumz\u00fcge<\/li>\n<li> Kompletter Service, zerbrechliche Gegenst\u00e4nde oder Do-it-yourself-Verpackung<\/li>\n<li> Verpackungsmaterial kann zur Verf\u00fcgung gestellt werden<\/li>\n<li> Versicherung abgeschlossen<\/li>\n<li> Auspackservice verf\u00fcgbar<\/li>\n<li> Beseitigung von Tr\u00fcmmern<\/li>\n<\/ul>\n<p><strong>Firmenumz\u00fcge<\/strong><\/p>\n<ul>\n<li> B\u00fcroumzug<\/li>\n<li> Firmenumz\u00fcge weltweit<\/li>\n<li> Exklusive Hausumz\u00fcge weltweit<\/li>\n<li> IT-Umzugsl\u00f6sungen<\/li>\n<li> Fabrik- und Laborumz\u00fcge<\/li>\n<li> Einzelhandel mit B\u00fcrom\u00f6beln<\/li>\n<\/ul>\n<p><strong>Lagerung<\/strong><\/p>\n<ul>\n<li> Selbsteinlagerung<\/li>\n<li> Lagerung im Haushalt<\/li>\n<li> Archivierung<\/li>\n<li> Externer Speicher<\/li>\n<li> 24\/7 CCTV<\/li>\n<\/ul>\n<h2>Simpsons Umz\u00fcge und Lagerung<\/h2>\n<p>Simpsons Removals and Storage Ltd wurde 1979 von Barry Simpson gegr\u00fcndet. Heute ist das in Kent ans\u00e4ssige Umzugsunternehmen immer noch in Familienbesitz und wird von Barry Simpsons Sohn und Tochter gef\u00fchrt. <\/p>\n<p>Das Ziel des Unternehmens ist es, Privatpersonen, Unternehmen und Gesch\u00e4ftskunden, die lokal oder international umziehen, einen professionellen und effizienten Service zu bieten. <\/p>\n<p>Simpsons verf\u00fcgt \u00fcber einen Fuhrpark von 20 Fahrzeugen, um den Anforderungen eines jeden Umzugs gerecht zu werden. Sie haben auch die 100.000 Quadratmeter Lagerfl\u00e4che und weitere 20.000 Quadratmeter Raum, der f\u00fcr Container-Lagerung verwendet werden kann. <\/p>\n<p>Das Unternehmen verf\u00fcgt nun \u00fcber 36 Jahre Erfahrung im Umzugsgesch\u00e4ft und f\u00fchlt sich in der Lage, jeden noch so gro\u00dfen oder kleinen Umzug \u00fcberall auf der Welt zu bew\u00e4ltigen.<\/p>\n<p>Simpsons Umz\u00fcge und Lagerung hat die folgenden Akkreditierungen und Zugeh\u00f6rigkeiten:<\/p>\n<ul>\n<li> <a href=\"https:\/\/moverdb.com\/de\/britische-vereinigung-der-entferner\/\">Britischer Verband der M\u00f6belpacker<\/a> (<a href=\"https:\/\/moverdb.com\/de\/british-association-of-removers\/\" data-internallinksmanager029f6b8e52c=\"9\" title=\"British Association of Removers (BAR) erkl\u00e4rt\">BAR<\/a>)<\/li>\n<li> <a href=\"https:\/\/moverdb.com\/de\/bar-over-see\/\">Britischer Verband der Umzugsunternehmen - Umzugsunternehmen in \u00dcbersee<\/a><\/li>\n<li> British Association of Removers - Gruppe f\u00fcr gewerbliche Umz\u00fcge<\/li>\n<li> <a href=\"https:\/\/moverdb.com\/de\/ich-bin\/\">Internationaler Verband der M\u00f6belspediteure<\/a> - <a href=\"https:\/\/moverdb.com\/de\/iam\/\" data-internallinksmanager029f6b8e52c=\"23\" title=\"International Association of Movers (IAM) erkl\u00e4rt\">IAM<\/a><\/li>\n<li> <a href=\"https:\/\/moverdb.com\/de\/fedemac\/\">F\u00f6deration der europ\u00e4ischen Spediteure<\/a> - <a href=\"https:\/\/moverdb.com\/de\/fedemac\/\" data-internallinksmanager029f6b8e52c=\"15\" title=\"F\u00f6deration der europ\u00e4ischen Spediteure (FEDEMAC) erkl\u00e4rt\">FEDEMAC<\/a><\/li>\n<li> Qualit\u00e4tsgesicherter Dienstleistungsstandard BS8564<\/li>\n<li> Qualit\u00e4tsgesicherter Dienstleistungsstandard BS8522 - Gewerblicher Umzug<\/li>\n<li> Verband der Kunst- und Antiquit\u00e4tenh\u00e4ndler - LAPADA<\/li>\n<li> Movers Traders Club (<a href=\"https:\/\/moverdb.com\/de\/mtc\/\" data-internallinksmanager029f6b8e52c=\"30\" title=\"Movers Trading Club (MTC) Erl\u00e4utert\">MTC<\/a>)<\/li>\n<\/ul>\n<h2>Simpsons Umz\u00fcge und Lagerung Bewertungen<\/h2>\n<p><strong>Positiv:<\/strong><\/p>\n<ul>\n<li> <em>\"Ich wollte nur sagen, dass ich mit dem Service, den Simpsons gestern bei der Lieferung meiner Sch\u00e4tze geboten hat, sehr zufrieden war! Der gesamte Transport meiner Habseligkeiten von <a href=\"https:\/\/moverdb.com\/de\/moving-to-canada\/\" data-internallinksmanager029f6b8e52c=\"265\" title=\"Umzug nach Kanada? 2026 Lebenshaltungskosten &amp; Umzugstipps\">Kanada<\/a> in das Vereinigte K\u00f6nigreich war gro\u00dfartig.\"<\/em> - Jane \u00fcber<a href=\"http:\/\/www.simpsons-uk.com\/testimonials\" target=\"_blank\" rel=\"noopener\"> Zeugnis der Simpsons<\/a><\/li>\n<li> <em>\"Nachdem wir unseren Platz bei unserem urspr\u00fcnglichen Umzugsunternehmen verloren hatten, haben wir uns nach einem anderen umgeschaut. Simpsons war das aufmerksamste Unternehmen und schickte den Besitzer zu uns. <a href=\"https:\/\/moverdb.com\/de\/moving-to-the-united-states\/\" data-internallinksmanager029f6b8e52c=\"94\" title=\"Umzug in die Vereinigten Staaten? 2026 Lebenshaltungskosten &amp; Umzugstipps\">us<\/a> und den Preis f\u00fcr den Auftrag.\"<\/em> - Dan \u00fcber <a href=\"http:\/\/www.removalreviews.co.uk\/movingreviews\/surprisingly-good-2361\" target=\"_blank\" rel=\"noopener\">Umzugsgutachten<\/a><\/li>\n<li> <em>\"Sehr professionell und sehr freundliches und hilfsbereites Personal.\"<\/em> - Eros \u00fcber <a href=\"https:\/\/www.reallymoving.com\/international-removals\/directory\/216\/simpsons-removals-limited\" target=\"_blank\" rel=\"noopener\">WirklichUmziehen.de<\/a><\/li>\n<li> <em>\"Ich war mit dem gesamten Prozess sehr zufrieden. Die Mitarbeiter waren freundlich und hilfsbereit, und ich wurde w\u00e4hrend des gesamten Prozesses gut \u00fcber den Status meiner Sendung informiert.\"<\/em> - K Pryce \u00fcber <a href=\"http:\/\/www.reviewcentre.com\/Removal-Companies\/Simpsons-Removals-and-Storage-Ltd-www-simpsons-uk-com-review_2646331\" target=\"_blank\" rel=\"noopener\">\u00dcberpr\u00fcfung Zentrum<\/a> <\/li>\n<\/ul>\n<p><strong>Negativ:<\/strong><\/p>\n<ul>\n<li> \"<em>Verwenden Sie niemals, ich wiederhole NIEMALS, Simpsons-Umz\u00fcge\".<\/em> - Ruth \u00fcber <a href=\"http:\/\/www.removalreviews.co.uk\/movingreviews\/poor-delivery-men-and-customer-service-2658\" target=\"_blank\" rel=\"noopener\">Umzugsgutachten<\/a> <\/li>\n<li> \"<em>Das Unternehmen hat die Beseitigung nicht durchgef\u00fchrt und den Auftrag an eine andere Firma weitergegeben.\"<\/em> - Mistral \u00fcber <a href=\"https:\/\/www.reallymoving.com\/international-removals\/directory\/216\/simpsons-removals-limited\" target=\"_blank\" rel=\"noopener\">WirklichUmziehen.de<\/a> <\/li>\n<li> <em>\"Dieses Unternehmen ist eine Schande.\"<\/em> - \u00fcber <a href=\"http:\/\/www.reviewcentre.com\/Removal-Companies\/Simpsons-Removals-and-Storage-Ltd-www-simpsons-uk-com-review_4006517\" target=\"_blank\" rel=\"noopener\">\u00dcberpr\u00fcfung Zentrum<\/a> <\/li>\n<\/ul>\n<div itemprop=\"review\" itemscope itemtype=\"http:\/\/schema.org\/Review\">\n<span itemprop=\"author\" itemscope=\"\" itemtype=\"http:\/\/schema.org\/Organization\"><span itemprop=\"name\">MoverDB.com<\/span><\/span> Online Website \u00dcberpr\u00fcfung f\u00fcr <span itemprop=\"itemreviewed\" itemscope=\"\" itemtype=\"http:\/\/schema.org\/Brand\"><span itemprop=\"name\">Simpsons Umz\u00fcge und Lagerung<\/span><\/span>:<\/p>\n<ol>\n<li> Klare Kontaktangaben auf der Website (einschlie\u00dflich Telefonnummer): <strong>Ja<\/strong><\/li>\n<li> Leicht zu bekommen <a href=\"https:\/\/moverdb.com\/de\/zitate\/\">Angebote f\u00fcr internationale Umz\u00fcge<\/a>? (Online-Formular f\u00fcr Kostenvoranschl\u00e4ge): <strong>Ja<\/strong><\/li>\n<li> Klare Informationen auf der Website: <strong>Ja<\/strong>Kontaktinformationen und grundlegende Leitf\u00e4den sind online verf\u00fcgbar.<\/li>\n<li> Mitgliedschaft in international anerkannten Umzugsorganisationen: <strong>Ja<\/strong>, siehe oben.<\/li>\n<li> Liste der Kunden und\/oder Zeugnisse von fr\u00fcheren Kunden: <strong>Ja<\/strong>Auf der Website finden sich positive Erfahrungsberichte von Kunden.<\/li>\n<\/ol>\n<div itemprop=\"reviewRating\" itemscope itemtype=\"http:\/\/schema.org\/Rating\"><meta itemprop=\"worstRating\" content = \"0\" \/><meta itemprop=\"bestRating\" content=\"5\" \/><meta itemprop=\"ratingValue\" content=\"4.5\"><\/div>\n<p><strong>Gesamtbewertung: 4.5\/5<\/strong><br \/>\n<strong>Datum der \u00dcberpr\u00fcfung:<\/strong> <span itemprop=\"datePublished\" content=\"2016-08-29\">29\/08\/2016<\/span>\n<\/div>\n<p>Mehr \u00fcber <a href=\"https:\/\/moverdb.com\/de\/internationale-umzuge\/\">internationale Umz\u00fcge<\/a> und unsere <a href=\"https:\/\/moverdb.com\/de\/bewertungen\/\">\u00dcberpr\u00fcfungsprozess<\/a>.<\/p>\n<p><strong>Website:<\/strong> <a href=\"http:\/\/www.simpsons-uk.com\/\" target=\"_blank\" rel=\"noopener\">http:\/\/www.simpsons-uk.com<\/a><\/p>","protected":false},"excerpt":{"rendered":"<p>Simpsons Removals and Storage Ltd is based in Kent and offers its customers a range of international removals services which are listed below. There also follows a company profile and reviews. International Removals Door to door or airport at destination Full service, fragile items or do-it-yourself packing Packing materials can be provided Air freight or [&hellip;]<\/p>\n","protected":false},"author":1,"featured_media":0,"parent":0,"menu_order":0,"comment_status":"closed","ping_status":"closed","template":"","meta":{"_genesis_hide_title":false,"_genesis_hide_breadcrumbs":false,"_genesis_hide_singular_image":false,"_genesis_hide_footer_widgets":false,"_genesis_custom_body_class":"","_genesis_custom_post_class":"","_genesis_layout":"","footnotes":""},"class_list":{"0":"post-921","1":"page","2":"type-page","3":"status-publish","5":"entry"},"_links":{"self":[{"href":"https:\/\/moverdb.com\/de\/wp-json\/wp\/v2\/pages\/921","targetHints":{"allow":["GET"]}}],"collection":[{"href":"https:\/\/moverdb.com\/de\/wp-json\/wp\/v2\/pages"}],"about":[{"href":"https:\/\/moverdb.com\/de\/wp-json\/wp\/v2\/types\/page"}],"author":[{"embeddable":true,"href":"https:\/\/moverdb.com\/de\/wp-json\/wp\/v2\/users\/1"}],"replies":[{"embeddable":true,"href":"https:\/\/moverdb.com\/de\/wp-json\/wp\/v2\/comments?post=921"}],"version-history":[{"count":5,"href":"https:\/\/moverdb.com\/de\/wp-json\/wp\/v2\/pages\/921\/revisions"}],"predecessor-version":[{"id":6238,"href":"https:\/\/moverdb.com\/de\/wp-json\/wp\/v2\/pages\/921\/revisions\/6238"}],"wp:attachment":[{"href":"https:\/\/moverdb.com\/de\/wp-json\/wp\/v2\/media?parent=921"}],"curies":[{"name":"wp","href":"https:\/\/api.w.org\/{rel}","templated":true}]}}