{"id":920,"date":"2016-09-03T16:04:22","date_gmt":"2016-09-03T16:04:22","guid":{"rendered":"http:\/\/moverdb.com\/?page_id=920"},"modified":"2026-01-08T14:47:54","modified_gmt":"2026-01-08T14:47:54","slug":"burke-bros","status":"publish","type":"page","link":"https:\/\/moverdb.com\/de\/burke-bros\/","title":{"rendered":"Burke Bros Moving Group: Internationale Umz\u00fcge Bewertungen"},"content":{"rendered":"<p>Burke Bros sind weltweit t\u00e4tige Umzugsunternehmen, Lagerhalter, Verlader und Experten f\u00fcr globale Umz\u00fcge. Nachfolgend finden Sie die von ihnen angebotenen Dienstleistungen, gefolgt von einem Unternehmensprofil und verschiedenen Bewertungen.<\/p>\n<p><strong>Unternehmen und Privatpersonen <a href=\"https:\/\/moverdb.com\/de\/international-removals\/\" data-internallinksmanager029f6b8e52c=\"27\" title=\"36 Beste internationale Umzugsunternehmen in Gro\u00dfbritannien\">Internationale Umz\u00fcge<\/a><\/strong><\/p>\n<ul>\n<li> Engagiertes Unternehmensteam<\/li>\n<li> Umfassender Haus-zu-Haus-Service<\/li>\n<li> Kostenlose Umfrage zum Umzug<\/li>\n<li> Netzwerk von renommierten Relocation-Experten weltweit<\/li>\n<li> Spezielles Team f\u00fcr die Exportverpackung<\/li>\n<li> Internationale Quarant\u00e4neberatung<\/li>\n<li> Internationale Zoll- und Verbrauchssteuerinformationen<\/li>\n<li> <a href=\"https:\/\/moverdb.com\/de\/moving-to-the-uk\/\" data-internallinksmanager029f6b8e52c=\"93\" title=\"Umzug in das Vereinigte K\u00f6nigreich? 2026 Lebenshaltungskosten &amp; Umzugstipps\">UK<\/a> Lagerung - vor dem Versand<\/li>\n<li> Versicherung abgeschlossen<\/li>\n<li> Unterst\u00fctzung bei der Zollabfertigung<\/li>\n<\/ul>\n<p><strong>Europ\u00e4ische Umz\u00fcge<\/strong><\/p>\n<ul>\n<li> Umfassender Haus-zu-Haus-Service<\/li>\n<li> Engagiertes Verpackungsteam<\/li>\n<li> Versicherung abgeschlossen<\/li>\n<li> W\u00f6chentliche Abfahrten<\/li>\n<li> Unterst\u00fctzung bei Zoll und Verbrauchssteuern, falls zutreffend<\/li>\n<\/ul>\n<p><strong>Inlandsumz\u00fcge im Vereinigten K\u00f6nigreich - f\u00fcr Unternehmen und Privatpersonen<\/strong><\/p>\n<ul>\n<li> Pers\u00f6nlicher Besuch des Beraters<\/li>\n<li> Projektmanagement-Service f\u00fcr Unternehmen<\/li>\n<li> Umfassender Haus-zu-Haus-Service<\/li>\n<li> Engagiertes Verpackungsteam<\/li>\n<li> Versicherung abgeschlossen<\/li>\n<li> Spezialisierte Verpackungen<\/li>\n<li> Anmietung von B\u00fcrokisten<\/li>\n<\/ul>\n<p><strong>Lagerung<\/strong><\/p>\n<ul>\n<li> Selbstaufbewahrung - Wolverhampton <\/li>\n<li> Unbeschr\u00e4nkter Zugang w\u00e4hrend der \u00d6ffnungszeiten<\/li>\n<li> Eine Reihe von Boxen kann erworben werden<\/li>\n<li> 24 Stunden CCTV<\/li>\n<li> Lagerung von Dokumenten und Archiven<\/li>\n<\/ul>\n<p><strong>Besondere Dienstleistungen bei Umz\u00fcgen<\/strong><\/p>\n<ul>\n<li> Aktenvernichtung<\/li>\n<li> Speicherung von Dokumenten<\/li>\n<li> Recycling von alten M\u00f6beln und IT-Ger\u00e4ten<\/li>\n<li> Abbau und Einrichtung von Computersystemen<\/li>\n<li> Spezialverpackungsmaterial f\u00fcr IT-Ger\u00e4te<\/li>\n<\/ul>\n<h2>Burke Bros Moving Group Unternehmensprofil<\/h2>\n<p>Burke Bros wurde 1982 gegr\u00fcndet und hat in dieser Zeit mehr als 49.000 Kunden umgezogen. Sie haben fast eine halbe Million Stunden f\u00fcr das Verpacken, Umziehen und Auspacken aufgezeichnet. Das Unternehmen hat seinen Sitz in Mittelengland und verf\u00fcgt \u00fcber sieben B\u00fcros und eine sichere Lagerfl\u00e4che von 52.000 Quadratmetern.<\/p>\n<p>Burke Bros ist ein Familienbetrieb, der von den Br\u00fcdern Gary und Chris Burke gef\u00fchrt wird. Viele ihrer Mitarbeiter sind seit \u00fcber 20 Jahren dabei. Das Unternehmen ist nach eigenen Angaben stolz auf seinen f\u00fcrsorglichen Ansatz bei jedem einzelnen Umzug.<\/p>\n<p>Umweltfragen spielen im Unternehmen eine gro\u00dfe Rolle, und Burke Bros hat f\u00fcr seine Kunden Recycling und Abfallmanagement eingef\u00fchrt, um deren CO2-Fu\u00dfabdruck zu verringern.<\/p>\n<p>Burke Bros. Mitgliedschaften und Akkreditierungen:<\/p>\n<ul>\n<li> <a href=\"https:\/\/moverdb.com\/de\/britische-vereinigung-der-entferner\/\">Britischer Verband der M\u00f6belpacker<\/a> (<a href=\"https:\/\/moverdb.com\/de\/british-association-of-removers\/\" data-internallinksmanager029f6b8e52c=\"9\" title=\"British Association of Removers (BAR) erkl\u00e4rt\">BAR<\/a>)<\/li>\n<li> <a href=\"https:\/\/moverdb.com\/de\/fidi-faim\/\">F\u00e9d\u00e9ration Internationale des D\u00e9m\u00e9nageurs Internationaux<\/a> (<a href=\"https:\/\/moverdb.com\/de\/fidi-faim\/\" data-internallinksmanager029f6b8e52c=\"16\" title=\"FIDI &amp; FAIM (FIDI Accredited International Mover) Erl\u00e4utert\">FIDI<\/a>)<\/li>\n<li> <a href=\"https:\/\/moverdb.com\/de\/ich-bin\/\">Internationaler Verband der M\u00f6belspediteure<\/a> (<a href=\"https:\/\/moverdb.com\/de\/iam\/\" data-internallinksmanager029f6b8e52c=\"23\" title=\"International Association of Movers (IAM) erkl\u00e4rt\">IAM<\/a>)<\/li>\n<li> Pan American International Movers Association (PAIMA)<\/li>\n<li> Die <a href=\"https:\/\/moverdb.com\/de\/bar-over-see\/\">Britischer Verband f\u00fcr Umz\u00fcge nach \u00dcbersee<\/a><\/li>\n<li> BS5750<\/li>\n<li> TSI<\/li>\n<\/ul>\n<p><strong>Burke Bros Bewertungen<\/strong><\/p>\n<p><strong>Positiv<\/strong><\/p>\n<ul>\n<li> <em>\"Wir wollten uns bei Ihnen f\u00fcr den wunderbaren Service bedanken, den wir w\u00e4hrend unseres Umzugs von England nach <a href=\"https:\/\/moverdb.com\/de\/moving-to-france\/\" data-internallinksmanager029f6b8e52c=\"315\" title=\"Umzug nach Frankreich? 2026 Lebenshaltungskosten &amp; Umzugstipps\">Frankreich<\/a>. Wir h\u00e4tten uns keine besseren Leute f\u00fcr das Be- und Entladen w\u00fcnschen k\u00f6nnen. <a href=\"https:\/\/moverdb.com\/de\/moving-to-the-united-states\/\" data-internallinksmanager029f6b8e52c=\"94\" title=\"Umzug in die Vereinigten Staaten? 2026 Lebenshaltungskosten &amp; Umzugstipps\">us<\/a>.\"<\/em> - Sue und David \u00fcber Burke Bros. <a href=\"http:\/\/burkebros.co.uk\/about_us\/testimonials\/\" target=\"_blank\" rel=\"noopener\">Zeugnisseite<\/a><\/li>\n<li> <em>\"Wir haben Burke Bros f\u00fcr unseren Umzug vom Vereinigten K\u00f6nigreich in die Dordogne in Frankreich beauftragt, nicht weil sie mit ihren Geb\u00fchren vern\u00fcnftig waren, sondern weil sie den Auftrag von Anfang bis Ende professionell erledigt haben.\"<\/em> - Malcolm \u00fcber <a href=\"https:\/\/www.yell.com\/biz\/burke-bros-worldwide-moving-group-wolverhampton-900810900\/\" target=\"_blank\" rel=\"noopener\">Schrei<\/a><\/li>\n<\/ul>\n<p><strong>Negativ <\/strong><\/p>\n<ul>\n<li> <em>Die schlimmste Umzugserfahrung seit 35 Jahren (8 Umz\u00fcge)<\/em> - Herr D. Neal \u00fcber <a href=\"http:\/\/www.removalreviews.co.uk\/movingreviews\/appalling-12193\" target=\"_blank\" rel=\"noopener\">Umzugsgutachten<\/a><\/li>\n<li> \"Verschwenden Sie Ihr Geld nicht.\" - Thibit \u00fcber <a href=\"https:\/\/www.yell.com\/biz\/burke-bros-worldwide-moving-group-wolverhampton-900810900\/\" target=\"_blank\" rel=\"noopener\">Schrei<\/a><\/li>\n<\/li>\n<\/ul>\n<div itemprop=\"review\" itemscope itemtype=\"http:\/\/schema.org\/Review\">\n<span itemprop=\"author\" itemscope=\"\" itemtype=\"http:\/\/schema.org\/Organization\"><span itemprop=\"name\">MoverDB.com<\/span><\/span> Online Website \u00dcberpr\u00fcfung f\u00fcr <span itemprop=\"itemreviewed\" itemscope=\"\" itemtype=\"http:\/\/schema.org\/Brand\"><span itemprop=\"name\">Burke Bros Umzug Gruppe<\/span><\/span>:<\/p>\n<ol>\n<li> Klare Kontaktangaben auf der Website (einschlie\u00dflich Telefonnummer): <strong>Ja<\/strong><\/li>\n<li> Leicht zu bekommen <a href=\"https:\/\/moverdb.com\/de\/zitate\/\">Angebote f\u00fcr internationale Umz\u00fcge<\/a>? (Online-Formular f\u00fcr Kostenvoranschl\u00e4ge): <strong>Ja<\/strong><\/li>\n<li> Klare Informationen auf der Website: <strong>Ja,<\/strong> einschlie\u00dflich Reisef\u00fchrern f\u00fcr die verschiedenen L\u00e4nder, in denen sie t\u00e4tig sind.<\/li>\n<li> Mitgliedschaft in international anerkannten Umzugsorganisationen: <strong>Ja<\/strong>, siehe oben.<\/li>\n<li> Liste der Kunden und\/oder Zeugnisse von fr\u00fcheren Kunden: <strong>Einige,<\/strong> Sie haben eine ausgew\u00e4hlte Anzahl von Erfahrungsberichten auf ihrer Website, mit insgesamt positiven Bewertungen auf anderen Websites.<\/li>\n<\/ol>\n<div itemprop=\"reviewRating\" itemscope itemtype=\"http:\/\/schema.org\/Rating\"><meta itemprop=\"worstRating\" content = \"0\" \/><meta itemprop=\"bestRating\" content=\"5\" \/><meta itemprop=\"ratingValue\" content=\"4.5\"><\/div>\n<p><strong>Gesamtbewertung: 4.5\/5<\/strong><br \/>\n<strong>Datum der \u00dcberpr\u00fcfung:<\/strong> <span itemprop=\"datePublished\" content=\"2016-09-03\">03\/09\/2016<\/span>\n<\/div>\n<p>Lesen Sie mehr \u00fcber <a href=\"https:\/\/moverdb.com\/de\/internationale-umzuge\/\">internationale Umz\u00fcge<\/a> und unsere <a href=\"https:\/\/moverdb.com\/de\/bewertungen\/\">\u00dcberpr\u00fcfungsprozess.<\/a>.<\/p>\n<p><strong>Website:<\/strong> <a href=\"http:\/\/burkebros.co.uk\/\" target=\"_blank\" rel=\"noopener\">http:\/\/burkebros.co.uk<\/a><\/p>","protected":false},"excerpt":{"rendered":"<p>Burke Bros are worldwide movers, storers, shippers and global relocation experts. Listed below are the services they offer, followed by a company profile and various reviews. Corporate and Personal International Removals Dedicated corporate team Comprehensive door to door service Free moving survey Network of reputable relocation experts world wide Dedicated export packing team International quarantine [&hellip;]<\/p>\n","protected":false},"author":1,"featured_media":0,"parent":0,"menu_order":0,"comment_status":"closed","ping_status":"closed","template":"","meta":{"_genesis_hide_title":false,"_genesis_hide_breadcrumbs":false,"_genesis_hide_singular_image":false,"_genesis_hide_footer_widgets":false,"_genesis_custom_body_class":"","_genesis_custom_post_class":"","_genesis_layout":"","footnotes":""},"class_list":{"0":"post-920","1":"page","2":"type-page","3":"status-publish","5":"entry"},"_links":{"self":[{"href":"https:\/\/moverdb.com\/de\/wp-json\/wp\/v2\/pages\/920","targetHints":{"allow":["GET"]}}],"collection":[{"href":"https:\/\/moverdb.com\/de\/wp-json\/wp\/v2\/pages"}],"about":[{"href":"https:\/\/moverdb.com\/de\/wp-json\/wp\/v2\/types\/page"}],"author":[{"embeddable":true,"href":"https:\/\/moverdb.com\/de\/wp-json\/wp\/v2\/users\/1"}],"replies":[{"embeddable":true,"href":"https:\/\/moverdb.com\/de\/wp-json\/wp\/v2\/comments?post=920"}],"version-history":[{"count":5,"href":"https:\/\/moverdb.com\/de\/wp-json\/wp\/v2\/pages\/920\/revisions"}],"predecessor-version":[{"id":6189,"href":"https:\/\/moverdb.com\/de\/wp-json\/wp\/v2\/pages\/920\/revisions\/6189"}],"wp:attachment":[{"href":"https:\/\/moverdb.com\/de\/wp-json\/wp\/v2\/media?parent=920"}],"curies":[{"name":"wp","href":"https:\/\/api.w.org\/{rel}","templated":true}]}}