{"id":908,"date":"2016-10-12T05:28:52","date_gmt":"2016-10-12T05:28:52","guid":{"rendered":"http:\/\/moverdb.com\/?page_id=908"},"modified":"2026-01-08T14:47:34","modified_gmt":"2026-01-08T14:47:34","slug":"arpin-international","status":"publish","type":"page","link":"https:\/\/moverdb.com\/de\/arpin-international\/","title":{"rendered":"Arpin International: Umzug &amp; Umz\u00fcge Bewertungen"},"content":{"rendered":"<p>Arpin International ist ein weltweites <a href=\"https:\/\/moverdb.com\/de\/international-removals\/\" data-internallinksmanager029f6b8e52c=\"27\" title=\"36 Beste internationale Umzugsunternehmen in Gro\u00dfbritannien\">Umzugsunternehmen<\/a> und mit vielen Dienstleistungen, die unten aufgef\u00fchrt sind. Lesen Sie auch ihr Unternehmensprofil und ihre Bewertungen. Bitte beachten Sie, dass es sich um die internationale Niederlassung von American <a href=\"https:\/\/moverdb.com\/de\/moving-companies\/\" data-internallinksmanager029f6b8e52c=\"79\" title=\"Top 25 Internationale Umzugsunternehmen Online\">Umzugsunternehmen<\/a> <a href=\"https:\/\/moverdb.com\/de\/arpin-van-lines\/\">Arpin Van Lines<\/a>.<\/p>\n<p><strong>Internationale Umz\u00fcge<\/strong><\/p>\n<ul>\n<li> Dienst von T\u00fcr zu T\u00fcr<\/li>\n<li> Einpacken und Auspacken<\/li>\n<li> Engagierter Koordinator f\u00fcr internationale Umz\u00fcge (IMC)<\/li>\n<li> IMC jederzeit per Telefon, Fax oder E-Mail erreichbar<\/li>\n<li> IMCs sind alle <a href=\"https:\/\/moverdb.com\/de\/fidi-faim\/\" data-internallinksmanager029f6b8e52c=\"16\" title=\"FIDI &amp; FAIM (FIDI Accredited International Mover) Erl\u00e4utert\">FIDI<\/a> geschult<\/li>\n<li> ArpinTRAC erm\u00f6glicht es Kunden, ihre Sendungen 24\/7 zu verfolgen<\/li>\n<li> Umz\u00fcge von Unternehmen, Privatpersonen, Beh\u00f6rden und Milit\u00e4r<\/li>\n<li> Zollabfertigung<\/li>\n<li> Umsiedlung von Haustieren<\/li>\n<li> Autotransport<\/li>\n<li> Unterst\u00fctzung bei der Wohnungssuche<\/li>\n<li> Unterst\u00fctzung f\u00fcr Schulen<\/li>\n<li> Unterst\u00fctzung bei medizinischen<\/li>\n<\/ul>\n<p><strong>Lagerung<\/strong><\/p>\n<ul>\n<li> Langzeit- oder Kurzzeitlagerung weltweit m\u00f6glich<\/li>\n<li> CCTV-\u00dcberwachung<\/li>\n<\/ul>\n<h2>Arpin International Unternehmensprofil<\/h2>\n<p>Arpin International ist Teil der Arpin International Group, die im Jahr 1900 gegr\u00fcndet wurde. Der heutige Generaldirektor, Peter Arpin, leitet das Unternehmen in vierter Generation. Arpin International selbst wurde 1989 gegr\u00fcndet und hat seinen Sitz in <a href=\"https:\/\/moverdb.com\/de\/moving-to-the-united-states\/moving-to-rhode-island\/\" data-internallinksmanager029f6b8e52c=\"450\" title=\"Umzug nach Rhode Island? 2024 Lebenshaltungskosten &amp; Umzugstipps\">Rhode Island<\/a>, <a href=\"https:\/\/moverdb.com\/de\/moving-to-the-united-states\/\" data-internallinksmanager029f6b8e52c=\"94\" title=\"Umzug in die Vereinigten Staaten? 2026 Lebenshaltungskosten &amp; Umzugstipps\">USA<\/a>. <\/p>\n<p>Das Unternehmen hat 385 Vertreter in den USA und B\u00fcros in EMEA und APAC. Die F\u00fchrungskr\u00e4fte des Unternehmens verf\u00fcgen \u00fcber mehr als 25 Jahre Erfahrung in der weltweiten Personenbef\u00f6rderung.<\/p>\n<p>Die Vision von Arpin International ist es, ihren Kunden die beste Kombination aus Service und Preis zu bieten. Viele ihrer Mitarbeiter waren in ihrem Leben schon einmal im Ausland und kennen daher die Herausforderungen, denen sich Familien beim Umzug in ein anderes Land gegen\u00fcbersehen. <\/p>\n<p>Die Mitarbeiter von Arpin International versuchen, den Umzug so reibungslos wie m\u00f6glich zu gestalten, indem sie sich um die kleinen und gro\u00dfen Probleme k\u00fcmmern, die auftreten k\u00f6nnen.<\/p>\n<p>Das Unternehmen hat einen Nachhaltigkeitsausschuss gegr\u00fcndet, um eine \"gr\u00fcnere Zukunft\" f\u00fcr die kommenden Generationen zu schaffen. Sie wollen ihren lokalen Gemeinschaften, der Industrie und der Welt weit mehr zur\u00fcckgeben, als sie eingenommen haben.<\/p>\n<p>Arpin International verf\u00fcgt \u00fcber die folgenden Akkreditierungen und Mitgliedschaften:<\/p>\n<ul>\n<li> <a href=\"https:\/\/moverdb.com\/de\/fidi-faim\/\">FIDI<\/a><\/li>\n<li> <a href=\"https:\/\/moverdb.com\/de\/fidi-faim\/\">FAIM<\/a><\/li>\n<li> <a href=\"https:\/\/moverdb.com\/de\/britische-vereinigung-der-entferner\/\">Der britische Verband f\u00fcr Umz\u00fcge<\/a> (<a href=\"https:\/\/moverdb.com\/de\/british-association-of-removers\/\" data-internallinksmanager029f6b8e52c=\"9\" title=\"British Association of Removers (BAR) erkl\u00e4rt\">BAR<\/a>)<\/li>\n<li> <a href=\"https:\/\/moverdb.com\/de\/ich-bin\/\">Die Vereinigung der internationalen Spediteure<\/a> (IMA)<\/li>\n<li> Zoll-Handelspartnerschaft gegen den Terrorismus<\/li>\n<li> <a href=\"https:\/\/moverdb.com\/de\/lacma\/\">LACMA<\/a><\/li>\n<li> <a href=\"https:\/\/moverdb.com\/de\/arbeitnehmer-umzug-rat\/\">Weltweiter ERC<\/a><\/li>\n<li> <a href=\"https:\/\/moverdb.com\/de\/eura\/\">EuRA<\/a><\/li>\n<\/ul>\n<h2>Arpin International Bewertungen<\/h2>\n<p><em>Es gibt zwar keine Bewertungen f\u00fcr Arpin International online, aber Sie k\u00f6nnen lesen <a href=\"https:\/\/moverdb.com\/de\/arpin-van-lines\/\">Bewertungen von Arpin Van Lines hier<\/a>.<\/em><\/p>\n<div itemprop=\"review\" itemscope itemtype=\"http:\/\/schema.org\/Review\">\n<span itemprop=\"author\" itemscope=\"\" itemtype=\"http:\/\/schema.org\/Organization\"><span itemprop=\"name\">MoverDB.com<\/span><\/span> Online Website \u00dcberpr\u00fcfung f\u00fcr <span itemprop=\"itemreviewed\" itemscope=\"\" itemtype=\"http:\/\/schema.org\/Brand\"><span itemprop=\"name\">Arpin International<\/span><\/span>:<\/p>\n<ol>\n<li> Klare Kontaktangaben auf der Website (einschlie\u00dflich Telefonnummer): <strong>Ja<\/strong><\/li>\n<li> Leicht zu bekommen <a href=\"https:\/\/moverdb.com\/de\/zitate\/\">Angebote f\u00fcr internationale Umz\u00fcge<\/a>? (Online-Formular f\u00fcr Kostenvoranschl\u00e4ge): <strong>Nein<\/strong><\/li>\n<li> Klare Informationen auf der Website: <strong>Nicht wirklich<\/strong>Die Website ist langsam und enth\u00e4lt nur wenige Informationen.<\/li>\n<li> Mitgliedschaft in international anerkannten Umzugsorganisationen: <strong>Ja<\/strong><\/li>\n<li> Liste der Kunden und\/oder Zeugnisse von fr\u00fcheren Kunden: <strong>Nein,<\/strong> und wir konnten online keine Bewertungen finden.<\/li>\n<\/ol>\n<div itemprop=\"reviewRating\" itemscope itemtype=\"http:\/\/schema.org\/Rating\"><meta itemprop=\"worstRating\" content = \"0\" \/><meta itemprop=\"bestRating\" content=\"5\" \/><meta itemprop=\"ratingValue\" content=\"4\"><\/div>\n<p><strong>Gesamtbewertung: 4\/5<\/strong> - <em>Bitte beachten Sie, dass sich diese Bewertung auf Arpin Van Lines bezieht, da es zu wenig Informationen gibt, um eine separate Bewertung f\u00fcr Arpin International abzugeben. <\/em><br \/>\n<strong>Datum der \u00dcberpr\u00fcfung:<\/strong> <span itemprop=\"datePublished\" content=\"2016-10-12\">12\/10\/16<\/span>\n<\/div>\n<p>Lesen Sie mehr \u00fcber <a href=\"https:\/\/moverdb.com\/de\/umzugsunternehmen\/\" target=\"_blank\" rel=\"noopener\">internationale Umzugsunternehmen<\/a>, <a href=\"https:\/\/moverdb.com\/de\/internationale-umzuge\/\">Umzugsunternehmen<\/a> und unsere <a href=\"https:\/\/moverdb.com\/de\/bewertungen\/\">\u00dcberpr\u00fcfungsprozess<\/a>.<\/p>\n<p><strong>Website:<\/strong> <a href=\"http:\/\/www.arpinintl.com\/\" target=\"_blank\" rel=\"noopener\">http:\/\/www.arpinintl.com\/<\/a><\/p>","protected":false},"excerpt":{"rendered":"<p>Arpin International is a global removals company and with many services which are listed below. Also read their company profile and reviews. Please note that it&#8217;s the international branch of American moving company Arpin Van Lines. International Moves Door to door service Packing and unpacking Dedicated International Move Coordinator (IMC) IMC available by telephone, fax [&hellip;]<\/p>\n","protected":false},"author":1,"featured_media":0,"parent":0,"menu_order":0,"comment_status":"closed","ping_status":"closed","template":"","meta":{"_genesis_hide_title":false,"_genesis_hide_breadcrumbs":false,"_genesis_hide_singular_image":false,"_genesis_hide_footer_widgets":false,"_genesis_custom_body_class":"","_genesis_custom_post_class":"","_genesis_layout":"","footnotes":""},"class_list":{"0":"post-908","1":"page","2":"type-page","3":"status-publish","5":"entry"},"_links":{"self":[{"href":"https:\/\/moverdb.com\/de\/wp-json\/wp\/v2\/pages\/908","targetHints":{"allow":["GET"]}}],"collection":[{"href":"https:\/\/moverdb.com\/de\/wp-json\/wp\/v2\/pages"}],"about":[{"href":"https:\/\/moverdb.com\/de\/wp-json\/wp\/v2\/types\/page"}],"author":[{"embeddable":true,"href":"https:\/\/moverdb.com\/de\/wp-json\/wp\/v2\/users\/1"}],"replies":[{"embeddable":true,"href":"https:\/\/moverdb.com\/de\/wp-json\/wp\/v2\/comments?post=908"}],"version-history":[{"count":4,"href":"https:\/\/moverdb.com\/de\/wp-json\/wp\/v2\/pages\/908\/revisions"}],"predecessor-version":[{"id":6175,"href":"https:\/\/moverdb.com\/de\/wp-json\/wp\/v2\/pages\/908\/revisions\/6175"}],"wp:attachment":[{"href":"https:\/\/moverdb.com\/de\/wp-json\/wp\/v2\/media?parent=908"}],"curies":[{"name":"wp","href":"https:\/\/api.w.org\/{rel}","templated":true}]}}