{"id":906,"date":"2018-01-30T05:37:29","date_gmt":"2018-01-30T05:37:29","guid":{"rendered":"http:\/\/moverdb.com\/?page_id=906"},"modified":"2026-01-08T14:48:24","modified_gmt":"2026-01-08T14:48:24","slug":"fuchswanderung","status":"publish","type":"page","link":"https:\/\/moverdb.com\/de\/fox-moving\/","title":{"rendered":"Fox Umzug &amp; Lagerung: Internationale Umz\u00fcge Bewertungen"},"content":{"rendered":"<p>Fox Moving &amp; Storage befindet sich in Cwmbran, Wales. Nachfolgend finden Sie eine Liste ihrer Dienstleistungen sowohl international als auch lokal, zusammen mit einem Firmenprofil und Bewertungen.<\/p>\n<p><strong>Internationaler Umzug - Unternehmen und Privatpersonen<\/strong><\/p>\n<ul>\n<li> Pers\u00f6nlich <a href=\"https:\/\/moverdb.com\/de\/international-removals\/\" data-internallinksmanager029f6b8e52c=\"27\" title=\"36 Beste internationale Umzugsunternehmen in Gro\u00dfbritannien\">internationale Umz\u00fcge<\/a> Agent<\/li>\n<li> Umfassender Kostenvoranschlag, Zeitplan und Zeitrahmen f\u00fcr den Umzug<\/li>\n<li> Fachkundiges Verpackungsteam<\/li>\n<li> Bereitstellung von Zoll- und Verbrauchsteuerunterlagen<\/li>\n<li> Lokale Agenten, die im Bestimmungsland zur Verf\u00fcgung stehen<\/li>\n<\/ul>\n<p><strong>Umzug nach Europa - Unternehmen und Privatpersonen<\/strong><\/p>\n<ul>\n<li> Pers\u00f6nliches Team f\u00fcr europ\u00e4ische Umz\u00fcge<\/li>\n<li> Umfassender Kostenvoranschlag und Umzugsplan<\/li>\n<li> Fachkundiges Verpackungsteam<\/li>\n<li> Kleine Lasten werden akzeptiert <\/li>\n<li> Lieferungen auf das europ\u00e4ische Festland auf der Stra\u00dfe<\/li>\n<li> Lieferungen an vorgelagerte Inseln per F\u00e4hre oder Seecontainer<\/li>\n<li> Lieferungen nach Osteuropa per Seecontainer und\/oder Stra\u00dfe<\/li>\n<li> Einfuhr- und Zollinformationen, soweit zutreffend<\/li>\n<\/ul>\n<p><strong>Internationale und lokale Umzugsspezialisten f\u00fcr Gewerbe und B\u00fcro<\/strong><\/p>\n<ul>\n<li> Ein leitender Handelsvertreter wird zugewiesen<\/li>\n<li> Detailliertes Angebot und Arbeitsplan<\/li>\n<li> Speziell entwickelte Kisten f\u00fcr Papierkram und Kleinteiletransport<\/li>\n<li> Komplettes Sortiment an Kisten (versiegelt und mit Deckel), Verpackungsmaterial, Wagen, Schutzh\u00fcllen und Trolleys<\/li>\n<li> IT-Ausr\u00fcstung vollst\u00e4ndig gesch\u00fctzt<\/li>\n<li> IT-Personal vor Ort, um Computer zu zerlegen und wieder zusammenzubauen<\/li>\n<li> Archiv und Dokumentenspeicher<\/li>\n<li> Demontage und Montage von Schreibtischen, Arbeitspl\u00e4tzen und Regalen<\/li>\n<li> Kompletter weltweiter und europ\u00e4ischer Versandservice sowie IT- und Kommunikationsdienste<\/li>\n<\/ul>\n<p><strong>Bewegung innerhalb der <a href=\"https:\/\/moverdb.com\/de\/moving-to-the-uk\/\" data-internallinksmanager029f6b8e52c=\"93\" title=\"Umzug in das Vereinigte K\u00f6nigreich? 2026 Lebenshaltungskosten &amp; Umzugstipps\">UK<\/a><\/strong><\/p>\n<ul>\n<li> Zuweisung eines pers\u00f6nlichen UK-Umzugsbeauftragten<\/li>\n<li> Detailliertes schriftliches Angebot erstellt<\/li>\n<li> Dienst von T\u00fcr zu T\u00fcr<\/li>\n<li> Fachkundige Packer<\/li>\n<li> Verpackungsmaterial kann zur Verf\u00fcgung gestellt werden<\/li>\n<li> Versicherung abgeschlossen<\/li>\n<li> Lagerung angeordnet<\/li>\n<\/ul>\n<p><strong>L\u00f6sungen f\u00fcr die Lagerung<\/strong><\/p>\n<ul>\n<li> Gesch\u00e4ftliche, gewerbliche und private Selfstorage-Einheiten<\/li>\n<li> Lagerung von Containern<\/li>\n<li> Lagerung f\u00fcr Studenten<\/li>\n<li> Gesch\u00e4ftliche Lagerung<\/li>\n<li> Archivierung<\/li>\n<li> 24-Stunden CCTV-\u00dcberwachung<\/li>\n<li> Zugang w\u00e4hrend der Arbeitszeiten<\/li>\n<\/ul>\n<p>Sie sind auch <a href=\"https:\/\/moverdb.com\/de\/atlas-van-lines-international\/\" rel=\"noopener\" target=\"_blank\">Atlas Van Lines<\/a> Vertreter im Vereinigten K\u00f6nigreich.<\/p>\n<h2>Fox Umzug &amp; Lagerung<\/h2>\n<p>Fox Moving &amp; Storage wurde 1971 von Roy Fox gegr\u00fcndet. Seine Familie war bereits seit den 1920er Jahren im Umzugs- und Lagerungsgesch\u00e4ft t\u00e4tig. Seit seiner Gr\u00fcndung hat sich das Unternehmen von einem kleinen Familienbetrieb, der in S\u00fcdwales t\u00e4tig war, zu einem Unternehmen entwickelt, das heute die Bed\u00fcrfnisse internationaler und lokaler Firmen- und Privatkunden erf\u00fcllt. Das Unternehmen wird heute von Roy Fox' Sohn und zwei Enkeln gef\u00fchrt. <\/p>\n<p>Fox Moving &amp; Storage verpflichtet sich, seine Gesch\u00e4fte in einer Weise zu f\u00fchren, die der Umwelt, seinen Mitarbeitern und vor allem seinen Kunden vollen Respekt entgegenbringt. Sie verpflichten sich auch, ein sicheres und effizientes Arbeitsumfeld zu schaffen, von dem nicht nur ihre Mitarbeiter, sondern auch ihre Kunden profitieren.<\/p>\n<p>Mitgliedschaften und Akkreditierungen von Fox Moving:<\/p>\n<ul>\n<li> <a href=\"https:\/\/moverdb.com\/de\/britische-vereinigung-der-entferner\/\">Der britische Verband der M\u00f6belpacker<\/a> (<a href=\"https:\/\/moverdb.com\/de\/british-association-of-removers\/\" data-internallinksmanager029f6b8e52c=\"9\" title=\"British Association of Removers (BAR) erkl\u00e4rt\">BAR<\/a>)<\/li>\n<li> Institut f\u00fcr Handelsnormen (TSI)<\/li>\n<li> <a href=\"https:\/\/moverdb.com\/de\/bar-over-see\/\">Die Gruppe der britischen Vereinigung der Umzugsunternehmen in \u00dcbersee<\/a><\/li>\n<li> <a href=\"https:\/\/moverdb.com\/de\/fidi-faim\/\">F\u00e9d\u00e9ration Internationale des D\u00e9m\u00e9nageurs Internationaux<\/a> (<a href=\"https:\/\/moverdb.com\/de\/fidi-faim\/\" data-internallinksmanager029f6b8e52c=\"16\" title=\"FIDI &amp; FAIM (FIDI Accredited International Mover) Erl\u00e4utert\">FIDI<\/a>)<\/li>\n<li> <a href=\"https:\/\/moverdb.com\/de\/fidi-faim\/\">FIDI-akkreditierter internationaler Spediteur<\/a> (FAIM)<\/li>\n<li> Qualit\u00e4tsgesicherter Servicestandard - Gewerblicher Umzug<\/li>\n<li> Qualit\u00e4tsgesicherter Dienstleistungsstandard - Qualit\u00e4tsmanagementsysteme<\/li>\n<li> Qualit\u00e4tsgesicherter Dienstleistungsstandard - Umweltmanagementsysteme<\/li>\n<\/ul>\n<h2>Fox Moving &amp; Storage Bewertungen<\/h2>\n<p><strong>Positiv<\/strong><\/p>\n<ul>\n<li> <em>\"Freundliche und effiziente Umzugshelfer.\"<\/em> - Herr Hamer \u00fcber <a href=\"http:\/\/www.fox-moving.com\/reviews\/\" target=\"_blank\" rel=\"noopener\">Fox Moving Bewertungen Seite<\/a><\/li>\n<li> <em>\"Ausgezeichneter, professioneller und zuvorkommender Service. \u00dcberhaupt keine Beschwerden; alles verlief nach einem effizienten Plan. F\u00fcchse sind nicht 'die billigsten', aber man bekommt, wof\u00fcr man bezahlt - Qualit\u00e4t!\"<\/em> - Patricia \u00fcber <a href=\"http:\/\/ww2.feefo.com\/en-us\/reviews\/fox-moving\/571f3e07498e08d16aafb163\/customer-review-top-notch-service\" target=\"_blank\" rel=\"noopener\">Feefo<\/a><\/li>\n<li> <em>\"Der Service, den ich von Fox erhalten habe, war un\u00fcbertroffen - von der ersten Anfrage bis zum Abschluss. Mein besonderer Dank gilt auch den Umzugshelfern, die den Umzug durchgef\u00fchrt haben.<\/em> - Beverley \u00fcber <a href=\"http:\/\/trustedtraders.which.co.uk\/businesses\/fox-moving-storage-cwmbran\/\" target=\"_blank\" rel=\"noopener\">Vertrauensw\u00fcrdige H\u00e4ndler<\/a><\/li>\n<li> <em>\"Wir sind in den letzten Jahren 6 Mal umgezogen. Unser letzter Umzug war von Wien nach <a href=\"https:\/\/moverdb.com\/de\/moving-to-london\/\">London<\/a> und es war der beste Umzug, den wir je erlebt haben, und wir k\u00f6nnen Fox nicht genug danken.\"<\/em> - Sarah \u00fcber Facebook.<\/li>\n<\/ul>\n<p><strong>Negativ<\/strong><\/p>\n<ul>\n<li> <em>\"Meine Frau und ich waren schockiert, wie schlecht der Service war, den wir erhielten. Die Besatzung ging achtlos mit unseren Sachen um und unternahm nichts, um uns vor dem schrecklichen Wetter an den fraglichen Tagen zu sch\u00fctzen.\"<\/em> - Anthony \u00fcber  <a href=\"http:\/\/ww2.feefo.com\/en-us\/reviews\/fox-moving\/571f3e07498e08d16aafb1a9\/customer-review-a-shockingly-bad-service\" target=\"_blank\" rel=\"noopener\">Feefo<\/a><\/li>\n<li> <em>\"Viele Sch\u00e4den an Waren durch Umzugsunternehmen. Wenig Sorgfalt. \u00dcberall liegengebliebene Gegenst\u00e4nde, auch im Freien.<\/em> - Paul \u00fcber <a href=\"http:\/\/trustedtraders.which.co.uk\/businesses\/fox-moving-storage-cwmbran\/\" target=\"_blank\" rel=\"noopener\">Vertrauensw\u00fcrdige H\u00e4ndler<\/a><\/li>\n<li> <em>\"Schockierendes Unternehmen. Die Umzugshelfer stritten sich den ganzen Tag, zankten und beschimpften sich gegenseitig und machten den ohnehin schon stressigen Umzug zu einem Alptraum.<\/em> - Mike \u00fcber <a href=\"https:\/\/www.yell.com\/biz\/fox-moving-and-storage-ltd-cwmbran-6113370\/\" target=\"_blank\" rel=\"noopener\">Schrei<\/a><\/li>\n<\/ul>\n<div itemprop=\"review\" itemscope itemtype=\"http:\/\/schema.org\/Review\">\n<span itemprop=\"author\" itemscope=\"\" itemtype=\"http:\/\/schema.org\/Organization\"><span itemprop=\"name\">MoverDB.com<\/span><\/span> Online Website \u00dcberpr\u00fcfung f\u00fcr <span itemprop=\"itemreviewed\" itemscope=\"\" itemtype=\"http:\/\/schema.org\/Brand\"><span itemprop=\"name\">Fox Umzug &amp; Lagerung<\/span><\/span>:<\/p>\n<ol>\n<li> Klare Kontaktangaben auf der Website (einschlie\u00dflich Telefonnummer): <strong>Ja<\/strong><\/li>\n<li> Leicht zu bekommen <a href=\"https:\/\/moverdb.com\/de\/zitate\/\">Angebote f\u00fcr internationale Umz\u00fcge<\/a>? (Online-Formular f\u00fcr Kostenvoranschl\u00e4ge): <strong>Ja<\/strong><\/li>\n<li> Klare Informationen auf der Website: <strong>Ja<\/strong>Die Website ist voll von n\u00fctzlichen Informationen und hat einen informativen Blog.<\/li>\n<li> Mitgliedschaft in international anerkannten Umzugsorganisationen: <strong>Ja<\/strong>, siehe oben<\/li>\n<li> Liste der Kunden und\/oder Zeugnisse von fr\u00fcheren Kunden: <strong>Ja<\/strong>Es gibt eine Seite, die sich mit Kundenberichten auf der Website befasst, und die Bewertungen aus dem Internet sind im Allgemeinen sehr positiv und es gibt nur wenige negative Bewertungen.<\/li>\n<\/ol>\n<div itemprop=\"reviewRating\" itemscope itemtype=\"http:\/\/schema.org\/Rating\"><meta itemprop=\"worstRating\" content = \"0\" \/><meta itemprop=\"bestRating\" content=\"5\" \/><meta itemprop=\"ratingValue\" content=\"5\"><\/div>\n<p><strong>Gesamtbewertung: 5\/5<\/strong><br \/>\n<strong>Datum der \u00dcberpr\u00fcfung:<\/strong> <span itemprop=\"datePublished\" content=\"2018-01-30\">30\/01\/18<\/span>\n<\/div>\n<p>Lesen Sie mehr \u00fcber <a href=\"https:\/\/moverdb.com\/de\/internationale-umzuge\/\">internationale Umz\u00fcge<\/a> und unsere <a href=\"https:\/\/moverdb.com\/de\/bewertungen\/\">\u00dcberpr\u00fcfungsprozess<\/a>.<\/p>\n<p><strong>Website:<\/strong> <a href=\"http:\/\/www.fox-moving.com\/\" target=\"_blank\" rel=\"noopener\">http:\/\/www.fox-moving.com\/<\/a><\/p>","protected":false},"excerpt":{"rendered":"<p>Fox Moving &#038; Storage is based in Cwmbran, Wales. Below you will find a list of their services both internationally and locally, together with a company profile and reviews. Moving Internationally &#8211; Corporate and Individual Personal international removals agent Comprehensive quotation, moving schedule and timescale Expert packing team Provides customs and excise documentation Local agents [&hellip;]<\/p>\n","protected":false},"author":1,"featured_media":0,"parent":0,"menu_order":0,"comment_status":"closed","ping_status":"closed","template":"","meta":{"_genesis_hide_title":false,"_genesis_hide_breadcrumbs":false,"_genesis_hide_singular_image":false,"_genesis_hide_footer_widgets":false,"_genesis_custom_body_class":"","_genesis_custom_post_class":"","_genesis_layout":"","footnotes":""},"class_list":{"0":"post-906","1":"page","2":"type-page","3":"status-publish","5":"entry"},"_links":{"self":[{"href":"https:\/\/moverdb.com\/de\/wp-json\/wp\/v2\/pages\/906","targetHints":{"allow":["GET"]}}],"collection":[{"href":"https:\/\/moverdb.com\/de\/wp-json\/wp\/v2\/pages"}],"about":[{"href":"https:\/\/moverdb.com\/de\/wp-json\/wp\/v2\/types\/page"}],"author":[{"embeddable":true,"href":"https:\/\/moverdb.com\/de\/wp-json\/wp\/v2\/users\/1"}],"replies":[{"embeddable":true,"href":"https:\/\/moverdb.com\/de\/wp-json\/wp\/v2\/comments?post=906"}],"version-history":[{"count":9,"href":"https:\/\/moverdb.com\/de\/wp-json\/wp\/v2\/pages\/906\/revisions"}],"predecessor-version":[{"id":6211,"href":"https:\/\/moverdb.com\/de\/wp-json\/wp\/v2\/pages\/906\/revisions\/6211"}],"wp:attachment":[{"href":"https:\/\/moverdb.com\/de\/wp-json\/wp\/v2\/media?parent=906"}],"curies":[{"name":"wp","href":"https:\/\/api.w.org\/{rel}","templated":true}]}}