{"id":895,"date":"2016-10-11T05:16:54","date_gmt":"2016-10-11T05:16:54","guid":{"rendered":"http:\/\/moverdb.com\/?page_id=895"},"modified":"2026-01-08T14:48:03","modified_gmt":"2026-01-08T14:48:03","slug":"constantine-moving","status":"publish","type":"page","link":"https:\/\/moverdb.com\/de\/constantine-moving\/","title":{"rendered":"Constantine Umzug: Internationale Umz\u00fcge Bewertungen"},"content":{"rendered":"<p>Die Dienstleistungen von Constantine Moving sind unten aufgef\u00fchrt, gefolgt von einem Firmenprofil und Bewertungen.<\/p>\n<p><strong>Internationaler Wohnungswechsel<\/strong><\/p>\n<ul>\n<li> Termin vor dem Umzug<\/li>\n<li> Kostenloses Angebot, Umzugsplan und Zeitplan<\/li>\n<li> Hocherfahrenes, professionell geschultes Verpackungsteam<\/li>\n<li> Lagerung verf\u00fcgbar<\/li>\n<li> Seefracht<\/li>\n<li> Luftfracht<\/li>\n<li> Stra\u00dfenverkehr<\/li>\n<li> Zollabfertigung<\/li>\n<li> Lieferung in die neue Wohnung<\/li>\n<li> Auspacken und Wiederaufstellen von M\u00f6beln<\/li>\n<li> Beseitigung aller Verpackungen f\u00fcr das Recycling<\/li>\n<\/ul>\n<p><strong>Fine Art Moving<\/strong><\/p>\n<ul>\n<li> Design- und Stoffkoffer f\u00fcr Objekte jeder Gr\u00f6\u00dfe<\/li>\n<li> Engagierter Projektkoordinator<\/li>\n<li> Spezielles Verpackungsmaterial<\/li>\n<li> Professionell ausgebildete, sehr erfahrene Verpackungstechniker<\/li>\n<li> Transporte auf der Stra\u00dfe, in der Luft oder zur See<\/li>\n<li> Installieren Sie alles, von kleinen, empfindlichen Objekten bis hin zu gro\u00dfen Museumsst\u00fccken<\/li>\n<li> Techniker tragen Handhabungsger\u00e4te wie Ger\u00fcste, Leitern usw.<\/li>\n<li> Lagerung in einer feuchtigkeitskontrollierten Umgebung mit 24-Stunden-\u00dcberwachung<\/li>\n<li> Museumsdekantierungen<\/li>\n<li> Galerie-Installationen<\/li>\n<li> Umz\u00fcge ganzer Sammlungen<\/li>\n<\/ul>\n<p><strong>Lagerung<\/strong><\/p>\n<ul>\n<li> Durch umfangreiche Sicherheitsma\u00dfnahmen gesch\u00fctzte Lagereinrichtungen<\/li>\n<li> Luftfeuchtigkeitskontrollierte Umgebung zum Schutz der gelagerten Sch\u00e4tze<\/li>\n<\/ul>\n<p><strong>Erg\u00e4nzende Dienstleistungen<\/strong><\/p>\n<ul>\n<li> <a href=\"https:\/\/moverdb.com\/de\/car-transport-shipping\/\" data-internallinksmanager029f6b8e52c=\"2\" title=\"2026 Internationale Autotransporte &amp; Angebote f\u00fcr Fahrzeugtransporte\">Autotransport<\/a> &amp; Lagerung<\/li>\n<li> Transport von Haustieren<\/li>\n<li> Handwerker (Demontage und Wiedermontage von Spezialm\u00f6beln, Ger\u00e4ten usw.)<\/li>\n<li> Bildaufh\u00e4ngung\/Kunstinstallation<\/li>\n<li> Spezialverpackungen (f\u00fcr zerbrechliche oder hochwertige Gegenst\u00e4nde)<\/li>\n<li> Hausreinigung<\/li>\n<li> Zimmerservice (Waschen, Wegr\u00e4umen von <a href=\"https:\/\/moverdb.com\/de\/moving-to-china\/\" data-internallinksmanager029f6b8e52c=\"357\" title=\"Umzug nach China? 2026 Lebenshaltungskosten &amp; Umzugstipps\">china<\/a>, Glaswaren, Kleidung usw.)<\/li>\n<li> Elektriker oder Klempner<\/li>\n<li> Abkopplung und Neuinstallation von Satelliten-TV-Antennen<\/li>\n<li> Spezialisierte \"sichere\" Entfernung<\/li>\n<li> Ausbau und Wiedereinbau von Fenstern und T\u00fcrrahmen<\/li>\n<li> Au\u00dfenaufzug (Spezialaufzug) f\u00fcr den Zugang zur Wohnung \u00fcber die oberen Etagen<\/li>\n<li> M\u00f6belverleih<\/li>\n<li> M\u00f6belrestaurierung und -reparatur<\/li>\n<\/ul>\n<h2>Constantine Umzug Unternehmensprofil<\/h2>\n<p>Die Constantine-Unternehmensgruppe entstand Mitte des 19. Jahrhunderts, als Joseph Constantine und andere Familienmitglieder sich in ein Unternehmen einkauften, das Segelschiffe besa\u00df. Als die Dampfschifffahrt die Segelschifffahrt abl\u00f6ste, war die Constantine-Gruppe bereits so weit expandiert, dass sie zu den gr\u00f6\u00dften Schiffseigent\u00fcmern der Welt geh\u00f6rte. <a href=\"https:\/\/moverdb.com\/de\/moving-to-the-uk\/\" data-internallinksmanager029f6b8e52c=\"93\" title=\"Umzug in das Vereinigte K\u00f6nigreich? 2026 Lebenshaltungskosten &amp; Umzugstipps\">UK<\/a>.<\/p>\n<p>Der Erste und der Zweite Weltkrieg nahmen ihnen leider die Schiffe, so dass sich die Gruppe dem Reisen zuwandte, <a href=\"https:\/\/moverdb.com\/de\/spediteur\/\">Spedition<\/a> und Immobilieninvestitionen. Heute konzentriert sich Constantine Moving auf den Transport von Menschen und Kunstwerken in der ganzen Welt. Das Unternehmen ist stolz darauf, in Anerkennung seiner Dienste f\u00fcr K\u00f6nigin Elizabeth II. eine k\u00f6nigliche Ernennungsurkunde zu besitzen.<\/p>\n<p>Constantine Moving Mitgliedschaften und Akkreditierungen:<\/p>\n<ul>\n<li> <a href=\"https:\/\/moverdb.com\/de\/britische-vereinigung-der-entferner\/\">Der britische Verband der M\u00f6belpacker<\/a> (<a href=\"https:\/\/moverdb.com\/de\/british-association-of-removers\/\" data-internallinksmanager029f6b8e52c=\"9\" title=\"British Association of Removers (BAR) erkl\u00e4rt\">BAR<\/a>)<\/li>\n<li> <a href=\"https:\/\/moverdb.com\/de\/fidi-faim\/\">FIDI<\/a><\/li>\n<li> <a href=\"https:\/\/moverdb.com\/de\/fidi-faim\/\">FAIM<\/a><\/li>\n<li> Institut f\u00fcr Handelsnormen (TSI)<\/li>\n<li> <a href=\"https:\/\/moverdb.com\/de\/ich-bin\/\">Internationaler Verband der M\u00f6belspediteure<\/a> (<a href=\"https:\/\/moverdb.com\/de\/iam\/\" data-internallinksmanager029f6b8e52c=\"23\" title=\"International Association of Movers (IAM) erkl\u00e4rt\">IAM<\/a>)<\/li>\n<li> Internationales Treffen der Kunsttransporteure (ARTIM)<\/li>\n<li> Nach Ernennung bei Ihrer Majest\u00e4t der K\u00f6nigin<\/li>\n<\/ul>\n<h2>Constantine Umzug Bewertungen<\/h2>\n<p><em>Es liegen noch keine positiven oder negativen Bewertungen von f\u00fcr Constantine Moving vor.<\/em><\/p>\n<div itemprop=\"review\" itemscope itemtype=\"http:\/\/schema.org\/Review\">\n<span itemprop=\"author\" itemscope=\"\" itemtype=\"http:\/\/schema.org\/Organization\"><span itemprop=\"name\">MoverDB.com<\/span><\/span> Online Website \u00dcberpr\u00fcfung f\u00fcr <span itemprop=\"itemreviewed\" itemscope=\"\" itemtype=\"http:\/\/schema.org\/Brand\"><span itemprop=\"name\">Konstantin Umzug<\/span><\/span>:<\/p>\n<ol>\n<li> Klare Kontaktangaben auf der Website (einschlie\u00dflich Telefonnummer): <strong>Ja<\/strong><\/li>\n<li> Leicht zu bekommen <a href=\"https:\/\/moverdb.com\/de\/zitate\/\">Angebote f\u00fcr internationale Umz\u00fcge<\/a>? (Online-Formular f\u00fcr Kostenvoranschl\u00e4ge): <strong>Nein<\/strong><\/li>\n<li> Klare Informationen auf der Website: <strong>Einige,<\/strong> Die Website enth\u00e4lt nicht viele detaillierte Informationen. Sie wird erst in der Planungsphase bereitgestellt.<\/li>\n<li> Mitgliedschaft in international anerkannten Umzugsorganisationen: <strong>Ja<\/strong>, siehe oben.<\/li>\n<li> Liste der Kunden und\/oder Zeugnisse von fr\u00fcheren Kunden: <strong>Nein<\/strong>Obwohl K\u00f6nigin Elisabeth II. und die k\u00f6nigliche Familie zu ihren Kunden z\u00e4hlen.<\/li>\n<\/ol>\n<div itemprop=\"reviewRating\" itemscope itemtype=\"http:\/\/schema.org\/Rating\"><meta itemprop=\"worstRating\" content = \"0\" \/><meta itemprop=\"bestRating\" content=\"5\" \/><meta itemprop=\"ratingValue\" content=\"4\"><\/div>\n<p><strong>Gesamtbewertung: 4\/5<\/strong><br \/>\n<strong>Datum der \u00dcberpr\u00fcfung:<\/strong> <span itemprop=\"datePublished\" content=\"2016-10-11\">11\/10\/16<\/span>\n<\/div>\n<p>Lesen Sie mehr \u00fcber <a href=\"https:\/\/moverdb.com\/de\/internationale-umzuge\/\">internationale Umzugsunternehmen<\/a> und unsere <a href=\"https:\/\/moverdb.com\/de\/bewertungen\/\">\u00dcberpr\u00fcfungsprozess<\/a>.<\/p>\n<p><strong>Website:<\/strong> <a href=\"http:\/\/www.constantinemoving.com\/\" target=\"_blank\" rel=\"noopener\">http:\/\/www.constantinemoving.com\/<\/a><\/p>","protected":false},"excerpt":{"rendered":"<p>The services of Constantine Moving are listed below, following by a company profile and reviews. International Home Moving Pre-move appointment Free quote, move plan and timetable Highly experienced professionally trained packing crew Storage available Sea shipment Air shipment Road transportation Customs clearance Delivery to new home Unpacking and reassembling of furniture Removal of all packing [&hellip;]<\/p>\n","protected":false},"author":1,"featured_media":0,"parent":0,"menu_order":0,"comment_status":"closed","ping_status":"closed","template":"","meta":{"_genesis_hide_title":false,"_genesis_hide_breadcrumbs":false,"_genesis_hide_singular_image":false,"_genesis_hide_footer_widgets":false,"_genesis_custom_body_class":"","_genesis_custom_post_class":"","_genesis_layout":"","footnotes":""},"class_list":{"0":"post-895","1":"page","2":"type-page","3":"status-publish","5":"entry"},"_links":{"self":[{"href":"https:\/\/moverdb.com\/de\/wp-json\/wp\/v2\/pages\/895","targetHints":{"allow":["GET"]}}],"collection":[{"href":"https:\/\/moverdb.com\/de\/wp-json\/wp\/v2\/pages"}],"about":[{"href":"https:\/\/moverdb.com\/de\/wp-json\/wp\/v2\/types\/page"}],"author":[{"embeddable":true,"href":"https:\/\/moverdb.com\/de\/wp-json\/wp\/v2\/users\/1"}],"replies":[{"embeddable":true,"href":"https:\/\/moverdb.com\/de\/wp-json\/wp\/v2\/comments?post=895"}],"version-history":[{"count":3,"href":"https:\/\/moverdb.com\/de\/wp-json\/wp\/v2\/pages\/895\/revisions"}],"predecessor-version":[{"id":6195,"href":"https:\/\/moverdb.com\/de\/wp-json\/wp\/v2\/pages\/895\/revisions\/6195"}],"wp:attachment":[{"href":"https:\/\/moverdb.com\/de\/wp-json\/wp\/v2\/media?parent=895"}],"curies":[{"name":"wp","href":"https:\/\/api.w.org\/{rel}","templated":true}]}}