{"id":893,"date":"2016-09-28T05:29:53","date_gmt":"2016-09-28T05:29:53","guid":{"rendered":"http:\/\/moverdb.com\/?page_id=893"},"modified":"2026-01-08T14:40:01","modified_gmt":"2026-01-08T14:40:01","slug":"john-mason","status":"publish","type":"page","link":"https:\/\/moverdb.com\/de\/john-mason\/","title":{"rendered":"John Mason Internationale Umzugsunternehmen: Umz\u00fcge Bewertungen"},"content":{"rendered":"<p>John Mason International Movers bietet seinen Kunden verschiedene Umzugsdienstleistungen an, die unten aufgef\u00fchrt sind. Es folgen auch ein Unternehmensprofil und Bewertungen.<\/p>\n<p><strong><a href=\"https:\/\/moverdb.com\/de\/container-shipping\/\" data-internallinksmanager029f6b8e52c=\"3\" title=\"Chart der internationalen Containerschifffahrtsraten: April 2026\">Internationaler Versand<\/a> Dienstleistungen - Von und nach der <a href=\"https:\/\/moverdb.com\/de\/moving-to-the-uk\/\" data-internallinksmanager029f6b8e52c=\"93\" title=\"Umzug in das Vereinigte K\u00f6nigreich? 2026 Lebenshaltungskosten &amp; Umzugstipps\">UK<\/a><\/strong><\/p>\n<ul>\n<li> Dienst von T\u00fcr zu T\u00fcr<\/li>\n<li> Engagierter Umzugsmanager<\/li>\n<li> Professionelle Exportverpackung im Inland<\/li>\n<li> Versand auf dem Luft- oder Seeweg<\/li>\n<li> <a href=\"https:\/\/moverdb.com\/de\/containerschifffahrt\/\">Volle Containerladung oder gemeinsamer Container<\/a><\/li>\n<li> Gep\u00e4ckservice f\u00fcr Einzelst\u00fccke<\/li>\n<li> Netzwerk professioneller weltweiter Agenten<\/li>\n<li> Zollabfertigung<\/li>\n<li> Lieferung und Auspacken in der neuen Wohnung<\/li>\n<li> Lagerung am Herkunfts- und Bestimmungsort<\/li>\n<li> All Risk Marine Versicherung<\/li>\n<li> Zimmerm\u00e4dchen und Hausmeisterdienste<\/li>\n<\/ul>\n<p><strong>Internationale Umzugsdienste<\/strong><\/p>\n<ul>\n<li> Unterst\u00fctzung beim Hausverkauf<\/li>\n<li> Abreiseservice - Erledigung aller anfallenden Arbeiten, z. B. kleinere Reparaturen und Reinigung<\/li>\n<li> Umzugsmanagement<\/li>\n<li> Orientierungsfahrten - einschlie\u00dflich Besichtigung von Immobilien und Schulen<\/li>\n<li> Kulturelle und sprachliche Ausbildung<\/li>\n<li> Eingew\u00f6hnung - Er\u00f6ffnung von Bankkonten, Anmeldung bei Arzt und Zahnarzt und eine Vielzahl anderer Aufgaben, die das Leben erleichtern<\/li>\n<li> Umsiedlung von Haustieren<\/li>\n<\/ul>\n<p><strong>Europ\u00e4ischer Versand und Umz\u00fcge<\/strong><\/p>\n<ul>\n<li> Speziell angefertigter europ\u00e4ischer Fuhrpark<\/li>\n<li> Engagierte Umzugsmanager<\/li>\n<li> Dienst von T\u00fcr zu T\u00fcr<\/li>\n<li> Dedicated Service - das Fahrzeug enth\u00e4lt die Waren einer Person\/eines Unternehmens<\/li>\n<li> Teillastbetrieb<\/li>\n<li> Verpackungsoptionen - vom Eigent\u00fcmer verpackt, ausgew\u00e4hlte Gegenst\u00e4nde professionell verpackt, komplett professionell verpackt<\/li>\n<li> Unterst\u00fctzung bei Zoll und Verbrauchssteuern, falls zutreffend<\/li>\n<li> Lagerung <\/li>\n<li> Versicherung<\/li>\n<li> Luftfracht kann arrangiert werden<\/li>\n<\/ul>\n<p><strong>Handelsschifffahrtsdienste<\/strong><\/p>\n<ul>\n<li> Luftfracht<\/li>\n<li> FCL<\/li>\n<li> LCL<\/li>\n<li> Groupage<\/li>\n<li> Europ\u00e4ische Stra\u00dfendienste<\/li>\n<\/ul>\n<p><strong>Lagerungsdienste<\/strong><\/p>\n<ul>\n<li> Archivierung<\/li>\n<li> Lagerung von Booten<\/li>\n<li> Lagerung von Wohnwagen<\/li>\n<li> Kommerzielle Lagerung<\/li>\n<li> Lagerung im Haushalt<\/li>\n<li> Lagerung von Motorr\u00e4dern<\/li>\n<li> Selbsteinlagerung<\/li>\n<li> Lagerung f\u00fcr Studenten<\/li>\n<li> Lagerung von Fahrzeugen<\/li>\n<\/ul>\n<h2>John Mason International Movers Unternehmensprofil<\/h2>\n<p>John Mason International Movers wurde im Jahr 1884 von Mary Mason gegr\u00fcndet. Ihr Sohn John Mason stie\u00df 1887 zu ihr, als ihr Hauptgesch\u00e4ft der Transport von Kohle war. John Mason \u00fcbernahm das Gesch\u00e4ft 1890 von seiner Mutter und gr\u00fcndete ein allgemeines Transport- und <a href=\"https:\/\/moverdb.com\/de\/moving-companies\/\" data-internallinksmanager029f6b8e52c=\"79\" title=\"Top 25 Internationale Umzugsunternehmen Online\">Umzugsunternehmen<\/a>. Das Unternehmen wuchs und gedieh weiter und nahm 1955 einen t\u00e4glichen Umzugsdienst nach <a href=\"https:\/\/moverdb.com\/de\/moving-to-ireland\/\" data-internallinksmanager029f6b8e52c=\"320\" title=\"Umzug nach Irland? 2026 Lebenshaltungskosten &amp; Umzugstipps\">Irland<\/a>. <\/p>\n<p>John Mason ist weiter gewachsen und f\u00fchrt nun jedes Jahr durchschnittlich 8.000 Umz\u00fcge rund um den Globus durch. Internationale Umz\u00fcge, Unternehmens- und Gesch\u00e4ftsumz\u00fcge sowie Haushaltsumz\u00fcge und Lagerung bilden die Grundlage dieses Familienunternehmens. Ihre Vision ist ein absolut flexibler Umzugsservice, bei dem Familienwerte und Integrit\u00e4t im Vordergrund stehen.<\/p>\n<p>John Masons Mitgliedschaften und Akkreditierungen:<\/p>\n<ul>\n<li> <a href=\"https:\/\/moverdb.com\/de\/britische-vereinigung-der-entferner\/\">Der britische Verband der M\u00f6belpacker<\/a> (<a href=\"https:\/\/moverdb.com\/de\/british-association-of-removers\/\" data-internallinksmanager029f6b8e52c=\"9\" title=\"British Association of Removers (BAR) erkl\u00e4rt\">BAR<\/a>)<\/li>\n<li> <a href=\"https:\/\/moverdb.com\/de\/bar-over-see\/\">Der britische Verband der Umzugsunternehmen Overseas Remover<\/a><\/li>\n<li> Internationales Netzwerk f\u00fcr Umz\u00fcge nach \u00dcbersee (OMNI)<\/li>\n<li> <a href=\"https:\/\/moverdb.com\/de\/fidi-faim\/\">Der Internationale Verband der internationalen Spediteure<\/a> (<a href=\"https:\/\/moverdb.com\/de\/fidi-faim\/\" data-internallinksmanager029f6b8e52c=\"16\" title=\"FIDI &amp; FAIM (FIDI Accredited International Mover) Erl\u00e4utert\">FIDI<\/a>)<\/li>\n<li> <a href=\"https:\/\/moverdb.com\/de\/fidi-faim\/\">FAIM<\/a><\/li>\n<li> <a href=\"https:\/\/moverdb.com\/de\/mtc\/\">Der Movers Trading Club<\/a> (<a href=\"https:\/\/moverdb.com\/de\/mtc\/\" data-internallinksmanager029f6b8e52c=\"30\" title=\"Movers Trading Club (MTC) Erl\u00e4utert\">MTC<\/a>)<\/li>\n<li> Institut f\u00fcr Handelsnormen<\/li>\n<li> <a href=\"https:\/\/moverdb.com\/de\/lacma\/\">Lateinamerikanischer und karibischer Verband internationaler Spediteure<\/a> (<a href=\"https:\/\/moverdb.com\/de\/lacma\/\" data-internallinksmanager029f6b8e52c=\"28\" title=\"Verband lateinamerikanischer und karibischer internationaler Spediteure (LACMA)\">LACMA<\/a>)<\/li>\n<\/ul>\n<h2>John Mason International Movers Bewertungen<\/h2>\n<p><strong>Positiv<\/strong><\/p>\n<ul>\n<li> <em>\"Meine gesamte Erfahrung mit John Mason war sehr gut, von der Begutachtung durch Tony bis zum heutigen Tag, an dem der Container gepackt wurde, werde ich John Mason auf jeden Fall als Umzugsdienstleister weiterempfehlen.\"<\/em> - M.H. South Shields aus <a href=\"http:\/\/www.johnmason.com\/about-us\/\" target=\"_blank\" rel=\"noopener\">John Mason Website<\/a>.<\/li>\n<li> <em>\"Ich fand das Team von John Masons au\u00dfergew\u00f6hnlich. Vom Hausbesuch \u00fcber die h\u00e4ufigen Updates bis hin zu den Umzugshelfern war alles fantastisch.\"<\/em> - Jaclyn \u00fcber <a href=\"https:\/\/www.facebook.com\/johnmasoninternational\/reviews\/\" target=\"_blank\" rel=\"noopener\">Facebook-Bewertung<\/a><\/li>\n<li><em>\"Wir haben den gleichen Umzug vor 3 Monaten durchgef\u00fchrt und John Masons internationale Umzugsunternehmen beauftragt. Sie haben auch das Einpacken und Auspacken \u00fcbernommen. Ich kann sie nicht genug empfehlen, nicht eine einzige Sache kaputt oder verloren.\"<\/em> - \u00fcber <a href=\"http:\/\/www.mumsnet.com\/Talk\/living_overseas\/1535416-Shipping-to-Australia\" target=\"_blank\" rel=\"noopener\">Mumsnet<\/a><\/li>\n<\/ul>\n<p><strong>Negativ<\/strong><\/p>\n<p>Nur <strong>6%<\/strong> ihrer Bewertungen auf Trustpilot sind 1 oder 2 Sterne gegen\u00fcber <strong>93%<\/strong> die 4 oder 5 Sterne haben. Sie k\u00f6nnen alle diese Bewertungen lesen <a href=\"https:\/\/uk.trustpilot.com\/review\/www.johnmason.com\" rel=\"noopener\" target=\"_blank\">hier<\/a>.  <\/p>\n<div itemprop=\"review\" itemscope itemtype=\"http:\/\/schema.org\/Review\">\n<span itemprop=\"author\" itemscope=\"\" itemtype=\"http:\/\/schema.org\/Organization\"><span itemprop=\"name\">MoverDB.com<\/span><\/span> Online Website \u00dcberpr\u00fcfung f\u00fcr <span itemprop=\"itemreviewed\" itemscope=\"\" itemtype=\"http:\/\/schema.org\/Brand\"><span itemprop=\"name\">John Mason Internationale Umzugsunternehmen<\/span><\/span>:<\/p>\n<ol>\n<li> Klare Kontaktangaben auf der Website (einschlie\u00dflich Telefonnummer): <strong>Ja<\/strong><\/li>\n<li> Leicht zu bekommen <a href=\"https:\/\/moverdb.com\/de\/zitate\/\">Angebote f\u00fcr internationale Umz\u00fcge<\/a>? (Online-Formular f\u00fcr Kostenvoranschl\u00e4ge): <strong>Ja<\/strong><\/li>\n<li> Klare Informationen auf der Website: <strong>Ja,<\/strong> Die Website ist recht umfassend, detailliertere Informationen werden jedoch auf Anfrage zur Verf\u00fcgung gestellt.<\/li>\n<li> Mitgliedschaft in international anerkannten Umzugsorganisationen: <strong>Ja<\/strong>, siehe oben.<\/li>\n<li> Liste der Kunden und\/oder Zeugnisse von fr\u00fcheren Kunden: <strong>Einige,<\/strong> Es gibt Kundenrezensionen am Ende jeder Seite, aber keine spezielle Seite f\u00fcr sie. Au\u00dferdem gibt es zwar \u00fcberwiegend positive, aber auch ein paar negative Online-Bewertungen.<\/li>\n<\/ol>\n<div itemprop=\"reviewRating\" itemscope itemtype=\"http:\/\/schema.org\/Rating\"><meta itemprop=\"worstRating\" content = \"0\" \/><meta itemprop=\"bestRating\" content=\"5\" \/><meta itemprop=\"ratingValue\" content=\"4\"><\/div>\n<p><strong>Gesamtbewertung: 4\/5<\/strong><br \/>\n<strong>Datum der \u00dcberpr\u00fcfung:<\/strong> <span itemprop=\"datePublished\" content=\"2019-01-18\">18\/01\/2019<\/span>\n<\/div>\n<p>Lesen Sie mehr \u00fcber <a href=\"https:\/\/moverdb.com\/de\/internationale-umzuge\/\">internationale Umzugsunternehmen<\/a> und unsere <a href=\"https:\/\/moverdb.com\/de\/bewertungen\/\">\u00dcberpr\u00fcfungsprozess<\/a>.<\/p>\n<p><strong>Website:<\/strong> <a href=\"http:\/\/www.johnmason.com\/\" target=\"_blank\" rel=\"noopener\">http:\/\/www.johnmason.com\/<\/a><\/p>","protected":false},"excerpt":{"rendered":"<p>John Mason International Movers offers clients various removal services which are listed below. There also follows a company profile and reviews. International Shipping Services &#8211; To and From the UK Door to door service Dedicated move manager Professional export packing at home Shipping by air or sea Full container load or shared container Baggage service [&hellip;]<\/p>\n","protected":false},"author":1,"featured_media":0,"parent":0,"menu_order":0,"comment_status":"closed","ping_status":"closed","template":"","meta":{"_genesis_hide_title":false,"_genesis_hide_breadcrumbs":false,"_genesis_hide_singular_image":false,"_genesis_hide_footer_widgets":false,"_genesis_custom_body_class":"","_genesis_custom_post_class":"","_genesis_layout":"","footnotes":""},"class_list":{"0":"post-893","1":"page","2":"type-page","3":"status-publish","5":"entry"},"_links":{"self":[{"href":"https:\/\/moverdb.com\/de\/wp-json\/wp\/v2\/pages\/893","targetHints":{"allow":["GET"]}}],"collection":[{"href":"https:\/\/moverdb.com\/de\/wp-json\/wp\/v2\/pages"}],"about":[{"href":"https:\/\/moverdb.com\/de\/wp-json\/wp\/v2\/types\/page"}],"author":[{"embeddable":true,"href":"https:\/\/moverdb.com\/de\/wp-json\/wp\/v2\/users\/1"}],"replies":[{"embeddable":true,"href":"https:\/\/moverdb.com\/de\/wp-json\/wp\/v2\/comments?post=893"}],"version-history":[{"count":8,"href":"https:\/\/moverdb.com\/de\/wp-json\/wp\/v2\/pages\/893\/revisions"}],"predecessor-version":[{"id":13168,"href":"https:\/\/moverdb.com\/de\/wp-json\/wp\/v2\/pages\/893\/revisions\/13168"}],"wp:attachment":[{"href":"https:\/\/moverdb.com\/de\/wp-json\/wp\/v2\/media?parent=893"}],"curies":[{"name":"wp","href":"https:\/\/api.w.org\/{rel}","templated":true}]}}