{"id":892,"date":"2016-10-03T05:36:50","date_gmt":"2016-10-03T05:36:50","guid":{"rendered":"http:\/\/moverdb.com\/?page_id=892"},"modified":"2026-01-08T14:48:20","modified_gmt":"2026-01-08T14:48:20","slug":"fn-umzuge","status":"publish","type":"page","link":"https:\/\/moverdb.com\/de\/fn-removals\/","title":{"rendered":"F&amp;N Weltweite Umz\u00fcge: Internationale Umz\u00fcge Bewertungen"},"content":{"rendered":"<p>Die Dienstleistungen von F&amp;N Worldwide Removals sind unten aufgef\u00fchrt, zusammen mit dem Firmenprofil und den Bewertungen.<\/p>\n<p><strong>Internationale und europ\u00e4ische Umz\u00fcge<\/strong><\/p>\n<ul>\n<li> Dienst von T\u00fcr zu T\u00fcr<\/li>\n<li> Fachgerechte Verpackung<\/li>\n<li> Gegebenenfalls ma\u00dfgeschneiderte Kisten<\/li>\n<li> Lagerung, falls erforderlich<\/li>\n<li> Organisation des Transports auf dem Land-, See- oder Luftweg<\/li>\n<li> Vereinbaren Sie <a href=\"https:\/\/moverdb.com\/de\/auto-transport-versand\/\">Verschiffung von Fahrzeugen<\/a><\/li>\n<li> Auspacken bei Ankunft am Zielort<\/li>\n<li> Sachverst\u00e4ndige, die in der <a href=\"https:\/\/moverdb.com\/de\/moving-to-the-uk\/\" data-internallinksmanager029f6b8e52c=\"93\" title=\"Umzug in das Vereinigte K\u00f6nigreich? 2026 Lebenshaltungskosten &amp; Umzugstipps\">UK<\/a> und Bestimmungsland<\/li>\n<li> Umgang mit Zoll und Reedereien<\/li>\n<li> Versicherung organisiert<\/li>\n<li> Organisieren Sie den Transport vom Zielort <a href=\"https:\/\/moverdb.com\/de\/top-49-container-ports\/\" data-internallinksmanager029f6b8e52c=\"80\" title=\"Top 49 der gr\u00f6\u00dften und verkehrsreichsten Containerh\u00e4fen im Jahr 2025\">Hafen<\/a><\/li>\n<\/ul>\n<p><strong>Internationale Unternehmensverlagerung<\/strong><\/p>\n<ul>\n<li> Besichtigungsbesuch zur Er\u00f6rterung der Logistik<\/li>\n<li> Dienst von T\u00fcr zu T\u00fcr<\/li>\n<li> Professionelles Einpacken und Auspacken<\/li>\n<li> <a href=\"https:\/\/moverdb.com\/de\/car-transport-shipping\/\" data-internallinksmanager029f6b8e52c=\"2\" title=\"2026 Internationale Autotransporte &amp; Angebote f\u00fcr Fahrzeugtransporte\">Transport von Fahrzeugen<\/a><\/li>\n<li> IT-Dienstleistungen f\u00fcr den Abbau und Wiederaufbau von Computernetzen<\/li>\n<li> Vermittlung von Schul- und Hausdurchsuchungen f\u00fcr Mitarbeiter<\/li>\n<li> Vermietung von M\u00f6beln<\/li>\n<li> Veranstaltungen des Expat-Clubs<\/li>\n<li> Kulturelle Akklimatisierungstreffen<\/li>\n<li> Umgang mit Zoll und <a href=\"https:\/\/moverdb.com\/de\/reedereien\/\">Schifffahrtsunternehmen<\/a><\/li>\n<li> Versicherung abgeschlossen<\/li>\n<li> Transport vom Bestimmungshafen<\/li>\n<\/ul>\n<p><strong>UK Umz\u00fcge<\/strong><\/p>\n<ul>\n<li> 25 moderne fahrende Fahrzeuge<\/li>\n<li> Dienst von T\u00fcr zu T\u00fcr<\/li>\n<li> Professionelles Ein- und Auspacken bei Bedarf<\/li>\n<li> Kisten und Verpackungsmaterial vorhanden<\/li>\n<li> Lagerung, falls erforderlich<\/li>\n<li> Versicherung abschlie\u00dfen<\/li>\n<\/ul>\n<p><strong>Lagerung<\/strong><\/p>\n<ul>\n<li> Selfstorage mit 24-Stunden-Zugang und CCTV-\u00dcberwachung<\/li>\n<li> Lagerung von Dokumenten und Archiven<\/li>\n<li> Langfristige Lagerung in Containern<\/li>\n<\/ul>\n<h2>F&amp;N Worldwide Removals Firmenprofil<\/h2>\n<p>F&amp;N Worldwide Removals wurde 1980 in Berlin gegr\u00fcndet und zog kurz darauf nach England um. Urspr\u00fcnglich bef\u00f6rderte F&amp;N milit\u00e4rische G\u00fcter und trat nach und nach in den britischen Umzugsmarkt ein. Das Unternehmen expandierte und nahm private und gewerbliche Umz\u00fcge nach Europa auf. Das Unternehmen wuchs weiter und f\u00fchrte Selbstlagerungseinrichtungen, B\u00fcroumz\u00fcge und eine Importabteilung ein.<\/p>\n<p>F&amp;N Worldwide Removals bewegt heute Menschen, Unternehmen und G\u00fcter rund um den Globus. Das Unternehmen engagiert sich stark f\u00fcr die Umwelt, indem es viele gr\u00fcne Initiativen umsetzt. Es glaubt fest an einen hervorragenden Kundenservice und an die Zufriedenheit seiner Kunden.<\/p>\n<p>F&amp;N Worldwide Removals Angliederungen und Akkreditierungen:<\/p>\n<ul>\n<li> <a href=\"https:\/\/moverdb.com\/de\/britische-vereinigung-der-entferner\/\">Der britische Verband der M\u00f6belpacker<\/a> (<a href=\"https:\/\/moverdb.com\/de\/british-association-of-removers\/\" data-internallinksmanager029f6b8e52c=\"9\" title=\"British Association of Removers (BAR) erkl\u00e4rt\">BAR<\/a>)<\/li>\n<li> <a href=\"https:\/\/moverdb.com\/de\/fidi-faim\/\">FIDI<\/a><\/li>\n<li> <a href=\"https:\/\/moverdb.com\/de\/fidi-faim\/\">FAIM<\/a><\/li>\n<li> <a href=\"https:\/\/moverdb.com\/de\/ich-bin\/\">Internationaler Verband der M\u00f6belspediteure<\/a> (<a href=\"https:\/\/moverdb.com\/de\/iam\/\" data-internallinksmanager029f6b8e52c=\"23\" title=\"International Association of Movers (IAM) erkl\u00e4rt\">IAM<\/a>)<\/li>\n<li> <a href=\"https:\/\/moverdb.com\/de\/fedemac\/\">Die F\u00f6deration der europ\u00e4ischen Spediteure<\/a> (<a href=\"https:\/\/moverdb.com\/de\/fedemac\/\" data-internallinksmanager029f6b8e52c=\"15\" title=\"F\u00f6deration der europ\u00e4ischen Spediteure (FEDEMAC) erkl\u00e4rt\">FEDEMAC<\/a>)<\/li>\n<li> Eurovan<\/li>\n<li> Institut f\u00fcr Handelsnormen<\/li>\n<li> <a href=\"https:\/\/moverdb.com\/de\/hgfaa\/\">Amerikanischer Verband der Spediteure von Haushaltswaren<\/a> (HHGFAA)<\/li>\n<li> Qualit\u00e4tsgesicherter Servicestandard - Umz\u00fcge von Haushaltsm\u00f6beln<\/li>\n<\/ul>\n<p><strong>F&amp;N Worldwide Removals Bewertungen<\/strong><\/p>\n<p><strong>Positiv<\/strong><\/p>\n<ul>\n<li> <em>\"Ich m\u00f6chte nur sagen, was f\u00fcr eine erstklassige Arbeit Sie f\u00fcr <a href=\"https:\/\/moverdb.com\/de\/moving-to-the-united-states\/\" data-internallinksmanager029f6b8e52c=\"94\" title=\"Umzug in die Vereinigten Staaten? 2026 Lebenshaltungskosten &amp; Umzugstipps\">us<\/a> von Anfang bis Ende. Bitte danken Sie allen Beteiligten...\"<\/em> - Peter Hollingsworth \u00fcber <a href=\"http:\/\/www.fnworldwide.com\/testimonials\/\" target=\"_blank\" rel=\"noopener\">Seite mit Kundenreferenzen<\/a><\/li>\n<li> <em>\"Ich habe nach einem <a href=\"https:\/\/moverdb.com\/de\/international-removals\/\" data-internallinksmanager029f6b8e52c=\"27\" title=\"36 Beste internationale Umzugsunternehmen in Gro\u00dfbritannien\">Umzugsunternehmen<\/a> die ich f\u00fcr einen anstehenden Auftrag verwenden kann, und ich fand FN Worldwide Logistics Ltd. Ihre Website ist gro\u00dfartig, und ich werde sie auf jeden Fall f\u00fcr meinen bevorstehenden Umzug in Betracht ziehen. Ich war auch sehr beeindruckt von der schnellen Antwort auf meine E-Mail.<\/em> - \u00fcber <a href=\"http:\/\/removal-company-reviews.com\/view-removal-company-review.php?c=F+N%20Worldwide%20Logistics%20Ltd&#038;id=532\" target=\"_blank\" rel=\"noopener\">Umzugsunternehmen-Reviews.com<\/a><\/li>\n<\/ul>\n<p><strong>Negativ<\/strong><\/p>\n<ul>\n<li> <em>\"F&amp;N hat von mir Zahlungen f\u00fcr einen internationalen Umzug vom Vereinigten K\u00f6nigreich nach <a href=\"https:\/\/moverdb.com\/de\/moving-to-bermuda\/\" data-internallinksmanager029f6b8e52c=\"421\" title=\"Umzug auf die Bermudas? 2026 Lebenshaltungskosten &amp; Umzugstipps\">Bermuda<\/a>. Auch das Unternehmen, f\u00fcr das ich arbeite, hat versehentlich gezahlt. F&amp;N hat mehrfach Fehler einger\u00e4umt und immer wieder versprochen, das Geld zur\u00fcckzuzahlen. Das taten sie nicht.\"<\/em> - \u00fcber <a href=\"http:\/\/removal-company-reviews.com\/view-removal-company-review.php?c=F+N%20Worldwide%20Logistics%20Ltd&#038;id=532\" target=\"_blank\" rel=\"noopener\">Umzugsunternehmen-Reviews.com<\/a>\n<\/ul>\n<div itemprop=\"review\" itemscope itemtype=\"http:\/\/schema.org\/Review\">\n<span itemprop=\"author\" itemscope=\"\" itemtype=\"http:\/\/schema.org\/Organization\"><span itemprop=\"name\">MoverDB.com<\/span><\/span> Online Website \u00dcberpr\u00fcfung f\u00fcr <span itemprop=\"itemreviewed\" itemscope=\"\" itemtype=\"http:\/\/schema.org\/Brand\"><span itemprop=\"name\">F&amp;N Weltweite Umz\u00fcge<\/span><\/span>:<\/p>\n<ol>\n<li> Klare Kontaktangaben auf der Website (einschlie\u00dflich Telefonnummer): <strong>Ja<\/strong><\/li>\n<li> Leicht zu bekommen <a href=\"https:\/\/moverdb.com\/de\/zitate\/\">Angebote f\u00fcr internationale Umz\u00fcge<\/a>? (Online-Formular f\u00fcr Kostenvoranschl\u00e4ge): <strong>Ja<\/strong><\/li>\n<li> Klare Informationen auf der Website: <strong>Einige<\/strong>Die Website enth\u00e4lt nicht viele detaillierte Informationen.<\/li>\n<li> Mitgliedschaft in international anerkannten Umzugsorganisationen: <strong>Ja<\/strong>, siehe oben<\/li>\n<li> Liste der Kunden und\/oder Zeugnisse von fr\u00fcheren Kunden: <strong>Einige<\/strong> Auf der Website gibt es Kundenstimmen, aber nur wenige Bewertungen im Internet.<\/li>\n<\/ol>\n<div itemprop=\"reviewRating\" itemscope itemtype=\"http:\/\/schema.org\/Rating\"><meta itemprop=\"worstRating\" content = \"0\" \/><meta itemprop=\"bestRating\" content=\"5\" \/><meta itemprop=\"ratingValue\" content=\"4\"><\/div>\n<p><strong>Gesamtbewertung: 4\/5<\/strong><br \/>\n<strong>Datum der \u00dcberpr\u00fcfung:<\/strong> <span itemprop=\"datePublished\" content=\"2016-10-03\">03\/10\/16<\/span>\n<\/div>\n<p>Lesen Sie mehr \u00fcber <a href=\"https:\/\/moverdb.com\/de\/internationale-umzuge\/\">internationale Umz\u00fcge<\/a> und unsere <a href=\"https:\/\/moverdb.com\/de\/bewertungen\/\">beweglicher \u00dcberpr\u00fcfungsprozess<\/a>.<\/p>\n<p><strong>Website:<\/strong> <a href=\"http:\/\/www.fnworldwide.com\" target=\"_blank\" rel=\"noopener\">http:\/\/www.fnworldwide.com<\/a><\/p>","protected":false},"excerpt":{"rendered":"<p>F&#038;N Worldwide Removals services are listed below, together with their company profile and reviews. International and European Removals Door to door service Expert packing Custom made crates if applicable Storage if needed Organise transport by land, sea or air Arrange shipping of vehicles Unpacking on arrival at destination Experts available in the UK and country [&hellip;]<\/p>\n","protected":false},"author":1,"featured_media":0,"parent":0,"menu_order":0,"comment_status":"closed","ping_status":"closed","template":"","meta":{"_genesis_hide_title":false,"_genesis_hide_breadcrumbs":false,"_genesis_hide_singular_image":false,"_genesis_hide_footer_widgets":false,"_genesis_custom_body_class":"","_genesis_custom_post_class":"","_genesis_layout":"","footnotes":""},"class_list":{"0":"post-892","1":"page","2":"type-page","3":"status-publish","5":"entry"},"_links":{"self":[{"href":"https:\/\/moverdb.com\/de\/wp-json\/wp\/v2\/pages\/892","targetHints":{"allow":["GET"]}}],"collection":[{"href":"https:\/\/moverdb.com\/de\/wp-json\/wp\/v2\/pages"}],"about":[{"href":"https:\/\/moverdb.com\/de\/wp-json\/wp\/v2\/types\/page"}],"author":[{"embeddable":true,"href":"https:\/\/moverdb.com\/de\/wp-json\/wp\/v2\/users\/1"}],"replies":[{"embeddable":true,"href":"https:\/\/moverdb.com\/de\/wp-json\/wp\/v2\/comments?post=892"}],"version-history":[{"count":5,"href":"https:\/\/moverdb.com\/de\/wp-json\/wp\/v2\/pages\/892\/revisions"}],"predecessor-version":[{"id":6208,"href":"https:\/\/moverdb.com\/de\/wp-json\/wp\/v2\/pages\/892\/revisions\/6208"}],"wp:attachment":[{"href":"https:\/\/moverdb.com\/de\/wp-json\/wp\/v2\/media?parent=892"}],"curies":[{"name":"wp","href":"https:\/\/api.w.org\/{rel}","templated":true}]}}