{"id":8914,"date":"2023-04-27T14:27:27","date_gmt":"2023-04-27T14:27:27","guid":{"rendered":"https:\/\/moverdb.com\/?page_id=8914"},"modified":"2026-01-08T15:24:51","modified_gmt":"2026-01-08T15:24:51","slug":"moving-companies-poland","status":"publish","type":"page","link":"https:\/\/moverdb.com\/de\/moving-companies\/moving-companies-poland\/","title":{"rendered":"Die 4 besten internationalen Umzugsunternehmen in Polen"},"content":{"rendered":"<p>Wenn Sie mit Ihrem Haus oder Ihrem Unternehmen umziehen, m\u00f6chten Sie vielleicht die Dienste eines <a href=\"https:\/\/moverdb.com\/de\/moving-companies\/\" data-internallinksmanager029f6b8e52c=\"79\" title=\"Top 25 Internationale Umzugsunternehmen Online\">Umzugsunternehmen<\/a> um den damit verbundenen Stress und die Arbeitsbelastung zu verringern. Wenn Sie umziehen innerhalb, nach oder von <a href=\"https:\/\/moverdb.com\/de\/moving-to-poland\/\" data-internallinksmanager029f6b8e52c=\"378\" title=\"Umzug nach Polen? 2026 Lebenshaltungskosten &amp; Umzugstipps\">Polen<\/a>dann die folgenden polnischen <a href=\"https:\/\/moverdb.com\/de\/international-removals\/\" data-internallinksmanager029f6b8e52c=\"27\" title=\"36 Beste internationale Umzugsunternehmen in Gro\u00dfbritannien\">Umzugsunternehmen<\/a> die Mitglieder der <a href=\"https:\/\/moverdb.com\/de\/iam\/\" data-internallinksmanager029f6b8e52c=\"23\" title=\"International Association of Movers (IAM) erkl\u00e4rt\">Internationaler Verband der M\u00f6belspediteure<\/a> (IAM) und\/oder <a href=\"https:\/\/moverdb.com\/de\/fidi-faim\/\" data-internallinksmanager029f6b8e52c=\"16\" title=\"FIDI &amp; FAIM (FIDI Accredited International Mover) Erl\u00e4utert\">FIDI<\/a> Accredited International Mover (FAIM) k\u00f6nnte Ihnen bei Ihrem Umzug helfen.<\/p>\n<div id=\"ez-toc-container\" class=\"ez-toc-v2_0_82_2 ez-toc-wrap-left counter-hierarchy ez-toc-counter ez-toc-transparent ez-toc-container-direction\">\n<div class=\"ez-toc-title-container\">\n<p class=\"ez-toc-title\" style=\"cursor:inherit\">Rubriken<\/p>\n<span class=\"ez-toc-title-toggle\"><a href=\"#\" class=\"ez-toc-pull-right ez-toc-btn ez-toc-btn-xs ez-toc-btn-default ez-toc-toggle\" aria-label=\"Inhaltsverzeichnis umschalten\"><span class=\"ez-toc-js-icon-con\"><span class=\"\"><span class=\"eztoc-hide\" style=\"display:none;\">Umschalten auf<\/span><span class=\"ez-toc-icon-toggle-span\"><svg style=\"fill: #999;color:#999\" xmlns=\"http:\/\/www.w3.org\/2000\/svg\" class=\"list-377408\" width=\"20px\" height=\"20px\" viewbox=\"0 0 24 24\" fill=\"none\"><path d=\"M6 6H4v2h2V6zm14 0H8v2h12V6zM4 11h2v2H4v-2zm16 0H8v2h12v-2zM4 16h2v2H4v-2zm16 0H8v2h12v-2z\" fill=\"currentColor\"><\/path><\/svg><svg style=\"fill: #999;color:#999\" class=\"arrow-unsorted-368013\" xmlns=\"http:\/\/www.w3.org\/2000\/svg\" width=\"10px\" height=\"10px\" viewbox=\"0 0 24 24\" version=\"1.2\" baseprofile=\"tiny\"><path d=\"M18.2 9.3l-6.2-6.3-6.2 6.3c-.2.2-.3.4-.3.7s.1.5.3.7c.2.2.4.3.7.3h11c.3 0 .5-.1.7-.3.2-.2.3-.5.3-.7s-.1-.5-.3-.7zM5.8 14.7l6.2 6.3 6.2-6.3c.2-.2.3-.5.3-.7s-.1-.5-.3-.7c-.2-.2-.4-.3-.7-.3h-11c-.3 0-.5.1-.7.3-.2.2-.3.5-.3.7s.1.5.3.7z\"\/><\/svg><\/span><\/span><\/span><\/a><\/span><\/div>\n<nav><ul class='ez-toc-list ez-toc-list-level-1 eztoc-toggle-hide-by-default' ><li class='ez-toc-page-1 ez-toc-heading-level-2'><a class=\"ez-toc-link ez-toc-heading-1\" href=\"https:\/\/moverdb.com\/de\/moving-companies\/moving-companies-poland\/#1_AGS_Group\" >1. AGS-Gruppe<\/a><\/li><li class='ez-toc-page-1 ez-toc-heading-level-2'><a class=\"ez-toc-link ez-toc-heading-2\" href=\"https:\/\/moverdb.com\/de\/moving-companies\/moving-companies-poland\/#2_MK_Relocation\" >2. MK Verlegung<\/a><\/li><li class='ez-toc-page-1 ez-toc-heading-level-2'><a class=\"ez-toc-link ez-toc-heading-3\" href=\"https:\/\/moverdb.com\/de\/moving-companies\/moving-companies-poland\/#3_Santa_Fe_Relocation\" >3. Santa Fe-Umzug<\/a><\/li><li class='ez-toc-page-1 ez-toc-heading-level-2'><a class=\"ez-toc-link ez-toc-heading-4\" href=\"https:\/\/moverdb.com\/de\/moving-companies\/moving-companies-poland\/#4_Universal_Express_Worldwide_Movers\" >4. Universal Express Worldwide Movers<\/a><\/li><li class='ez-toc-page-1 ez-toc-heading-level-2'><a class=\"ez-toc-link ez-toc-heading-5\" href=\"https:\/\/moverdb.com\/de\/moving-companies\/moving-companies-poland\/#Other_Useful_Guides_to_Poland\" >Andere n\u00fctzliche Reisef\u00fchrer f\u00fcr Polen<\/a><\/li><\/ul><\/nav><\/div>\n<h2><span class=\"ez-toc-section\" id=\"1_AGS_Group\"><\/span><strong>1. AGS-Gruppe<\/strong><span class=\"ez-toc-section-end\"><\/span><\/h2>\n<p><img loading=\"lazy\" decoding=\"async\" class=\"alignnone size-full wp-image-8915\" src=\"https:\/\/moverdb.com\/wp-content\/uploads\/AGS-Global-Solutions-Poland-international-moving-company.png\" alt=\"AGS Global Solutions Polen internationales Umzugsunternehmen\" width=\"1440\" height=\"710\" data-wp-pid=\"8915\" srcset=\"https:\/\/moverdb.com\/wp-content\/uploads\/AGS-Global-Solutions-Poland-international-moving-company.png 1440w, https:\/\/moverdb.com\/wp-content\/uploads\/AGS-Global-Solutions-Poland-international-moving-company-300x148.png 300w, https:\/\/moverdb.com\/wp-content\/uploads\/AGS-Global-Solutions-Poland-international-moving-company-1024x505.png 1024w, https:\/\/moverdb.com\/wp-content\/uploads\/AGS-Global-Solutions-Poland-international-moving-company-18x9.png 18w, https:\/\/moverdb.com\/wp-content\/uploads\/AGS-Global-Solutions-Poland-international-moving-company-600x296.png 600w\" sizes=\"auto, (max-width: 1440px) 100vw, 1440px\" \/><\/p>\n<ul>\n<li>Nationale Umz\u00fcge<\/li>\n<li>Internationale Umz\u00fcge<\/li>\n<li>Umz\u00fcge in Wohnungen<\/li>\n<li>Gesch\u00e4ftliche Umz\u00fcge<\/li>\n<li>Verpackungsservice<\/li>\n<li>Land-, See- und Luftverkehr<\/li>\n<li>Online-Verfolgung<\/li>\n<li>Handhabung von Kunstwerken<\/li>\n<li>Fahrzeug\u00fcberf\u00fchrung<\/li>\n<li>Sichere Lagerung<\/li>\n<\/ul>\n<p>Die AGS-Gruppe ist ein internationales Umzugsunternehmen, das seit 1974 t\u00e4tig ist und \u00fcber 146 Niederlassungen in 97 L\u00e4ndern der Welt verf\u00fcgt, darunter Warschau in Polen, das 1992 gegr\u00fcndet wurde. Das Unternehmen ist von der FIDI akkreditiert.<\/p>\n<p>Die AGS-Gruppe bietet eine Hausinspektion und ein auf Ihre Bed\u00fcrfnisse zugeschnittenes Angebot an. Sie hat innovative Verpackungsmaterialien und -methoden entwickelt, die Ihr Hab und Gut sch\u00fctzen und zudem umweltfreundlich sind. Das Unternehmen arrangiert den Transport auf dem Land-, Luft- oder Seeweg und Sie k\u00f6nnen den Fortschritt online verfolgen. Das Unternehmen bietet zus\u00e4tzliche Dienstleistungen wie Kunsttransporte, Fahrzeugtransporte und sichere Lagerung an.<\/p>\n<p>Website: <a href=\"https:\/\/www.ags-globalsolutions.com\/\" target=\"_blank\" rel=\"noopener\">https:\/\/www.ags-globalsolutions.com\/<\/a><\/p>\n<h2><span class=\"ez-toc-section\" id=\"2_MK_Relocation\"><\/span><strong>2. MK Verlegung<\/strong><span class=\"ez-toc-section-end\"><\/span><\/h2>\n<p><img loading=\"lazy\" decoding=\"async\" class=\"alignnone size-full wp-image-8825\" src=\"https:\/\/moverdb.com\/wp-content\/uploads\/MK-Relocations-international-moving-company.png\" alt=\"MK Relocations internationales Umzugsunternehmen\" width=\"1440\" height=\"679\" data-wp-pid=\"8825\" srcset=\"https:\/\/moverdb.com\/wp-content\/uploads\/MK-Relocations-international-moving-company.png 1440w, https:\/\/moverdb.com\/wp-content\/uploads\/MK-Relocations-international-moving-company-300x141.png 300w, https:\/\/moverdb.com\/wp-content\/uploads\/MK-Relocations-international-moving-company-1024x483.png 1024w, https:\/\/moverdb.com\/wp-content\/uploads\/MK-Relocations-international-moving-company-18x8.png 18w, https:\/\/moverdb.com\/wp-content\/uploads\/MK-Relocations-international-moving-company-600x283.png 600w\" sizes=\"auto, (max-width: 1440px) 100vw, 1440px\" \/><\/p>\n<ul>\n<li>Nationale Umz\u00fcge<\/li>\n<li>Internationale Umz\u00fcge<\/li>\n<li>Umz\u00fcge im Haushalt<\/li>\n<li>B\u00fcro- und Lagerumz\u00fcge<\/li>\n<li>Haus-zu-Haus-Dienst<\/li>\n<li>Verpackungsservice<\/li>\n<li>Organisation des Transports<\/li>\n<li>Zollabfertigung<\/li>\n<li>Versicherung<\/li>\n<li>Lagereinrichtungen<\/li>\n<\/ul>\n<p>MK Relocation ist ein Spezialist f\u00fcr Umz\u00fcge und Relocation mit Sitz in Warschau. Sie bieten Umzugsdienstleistungen innerhalb, nach und aus Polen an. Sie sind von der FIDI akkreditiert, was ihnen Zugang zu einem internationalen Netzwerk von Umzugsagenten verschafft, die sie unterst\u00fctzen.<\/p>\n<p>MK Relocation bietet ein pers\u00f6nliches Gespr\u00e4ch an, um Ihre Bed\u00fcrfnisse zu besprechen, und bietet einen Haus-zu-Haus-Service. Sie bieten einen Verpackungsservice zum Schutz Ihres Eigentums an, der eine Vielzahl von Verpackungsmaterialien wie spezielle Kartons, Verpackungen, Abdeckungen, plastikversiegelte Beh\u00e4lter und Feuchtigkeitsabsorber umfasst. Weitere Dienstleistungen sind der Transport von Haustieren, der Umgang mit Antiquit\u00e4ten und Kunstgegenst\u00e4nden sowie die Lagerung von Gegenst\u00e4nden.<\/p>\n<p>Website: <a href=\"https:\/\/www.mkrelocation.pl\/\" target=\"_blank\" rel=\"noopener\">https:\/\/www.mkrelocation.pl\/<\/a><\/p>\n<h2><span class=\"ez-toc-section\" id=\"3_Santa_Fe_Relocation\"><\/span><strong>3. Santa Fe-Umzug<\/strong><span class=\"ez-toc-section-end\"><\/span><\/h2>\n<p><img loading=\"lazy\" decoding=\"async\" class=\"alignnone size-full wp-image-8851\" src=\"https:\/\/moverdb.com\/wp-content\/uploads\/Santa-Fe-Relocation-Poland-international-moving-company.png\" alt=\"Santa Fe Relocation Polen internationales Umzugsunternehmen\" width=\"1440\" height=\"679\" data-wp-pid=\"8851\" srcset=\"https:\/\/moverdb.com\/wp-content\/uploads\/Santa-Fe-Relocation-Poland-international-moving-company.png 1440w, https:\/\/moverdb.com\/wp-content\/uploads\/Santa-Fe-Relocation-Poland-international-moving-company-300x141.png 300w, https:\/\/moverdb.com\/wp-content\/uploads\/Santa-Fe-Relocation-Poland-international-moving-company-1024x483.png 1024w, https:\/\/moverdb.com\/wp-content\/uploads\/Santa-Fe-Relocation-Poland-international-moving-company-18x8.png 18w, https:\/\/moverdb.com\/wp-content\/uploads\/Santa-Fe-Relocation-Poland-international-moving-company-600x283.png 600w\" sizes=\"auto, (max-width: 1440px) 100vw, 1440px\" \/><\/p>\n<ul>\n<li>Lokale und nationale Umz\u00fcge<\/li>\n<li>Internationale Umz\u00fcge<\/li>\n<li>Umz\u00fcge im Haushalt<\/li>\n<li>B\u00fcroumz\u00fcge<\/li>\n<li>Umzugsdienste<\/li>\n<li>Verpackungsservice<\/li>\n<li>Luft-, See- und Landverkehr<\/li>\n<li>Zollabfertigung<\/li>\n<li>Transport von Haustieren und Fahrzeugen<\/li>\n<li>Lagereinrichtungen<\/li>\n<\/ul>\n<p>Santa Fe Relocation ist ein internationales Umzugsunternehmen mit 64 Niederlassungen in 38 L\u00e4ndern, darunter eine in Warschau, die 1991 er\u00f6ffnet wurde. Das Unternehmen ist seit 32 Jahren Mitglied der IAM und ist von der FIDI akkreditiert.<\/p>\n<p>Santa Fe Relocation bietet eine Beratung vor dem Umzug und eine Besichtigung vor Ort oder per Video an, um Ihre Bed\u00fcrfnisse zu ermitteln. Sie bieten einen kompletten Verpackungsservice f\u00fcr Ihr Hab und Gut an, um es sicher auf dem Luft-, See- und Landweg mit Zollabfertigung zu transportieren. Zu ihren Umzugsdienstleistungen geh\u00f6ren die Suche nach einem Wohnort und einer Schule, Eingew\u00f6hnungshilfe, Unterst\u00fctzung bei der Abreise, Visum und Einwanderung. Au\u00dferdem bieten sie <a href=\"https:\/\/moverdb.com\/de\/car-transport-shipping\/\" data-internallinksmanager029f6b8e52c=\"2\" title=\"2026 Internationale Autotransporte &amp; Angebote f\u00fcr Fahrzeugtransporte\">Fahrzeugverschiffung<\/a> und die Umsiedlung von Haustieren.<\/p>\n<p>Website: <a href=\"https:\/\/www.santaferelo.com\/en\/contact\/our-offices\/poland-warsaw\/\" target=\"_blank\" rel=\"noopener\">https:\/\/www.santaferelo.com\/en\/contact\/our-offices\/poland-warsaw\/<\/a><\/p>\n<h2><span class=\"ez-toc-section\" id=\"4_Universal_Express_Worldwide_Movers\"><\/span><strong>4. Universal Express Worldwide Movers<\/strong><span class=\"ez-toc-section-end\"><\/span><\/h2>\n<p><img loading=\"lazy\" decoding=\"async\" class=\"alignnone size-full wp-image-8868\" src=\"https:\/\/moverdb.com\/wp-content\/uploads\/Universal-Express-Worldwide-Movers-international-moving-company.png\" alt=\"Universal Express Worldwide Movers internationales Umzugsunternehmen\" width=\"1440\" height=\"679\" data-wp-pid=\"8868\" srcset=\"https:\/\/moverdb.com\/wp-content\/uploads\/Universal-Express-Worldwide-Movers-international-moving-company.png 1440w, https:\/\/moverdb.com\/wp-content\/uploads\/Universal-Express-Worldwide-Movers-international-moving-company-300x141.png 300w, https:\/\/moverdb.com\/wp-content\/uploads\/Universal-Express-Worldwide-Movers-international-moving-company-1024x483.png 1024w, https:\/\/moverdb.com\/wp-content\/uploads\/Universal-Express-Worldwide-Movers-international-moving-company-18x8.png 18w, https:\/\/moverdb.com\/wp-content\/uploads\/Universal-Express-Worldwide-Movers-international-moving-company-600x283.png 600w\" sizes=\"auto, (max-width: 1440px) 100vw, 1440px\" \/><\/p>\n<ul>\n<li>Landesweite Umz\u00fcge<\/li>\n<li>Internationale Umz\u00fcge<\/li>\n<li>Umz\u00fcge in Wohnungen<\/li>\n<li>B\u00fcro- und Industrieumz\u00fcge<\/li>\n<li>Haus-zu-Haus-Dienst<\/li>\n<li>Verpackungsservice<\/li>\n<li>Land-, Luft- und Seetransport<\/li>\n<li>Zollabfertigung<\/li>\n<li>Versicherung<\/li>\n<li>Lagereinrichtungen<\/li>\n<\/ul>\n<p>Universal Express Worldwide Movers ist ein Umzugsunternehmen mit Niederlassungen in Krakau, Wroclaw, Poznan und Gdynia. Sie verf\u00fcgen \u00fcber ein internationales Netzwerk von Umzugsagenten, die sie bei weltweiten Umz\u00fcgen unterst\u00fctzen. Das Unternehmen ist seit 33 Jahren Mitglied der IAM und ist von der FIDI akkreditiert.<\/p>\n<p>Universal Express Worldwide Movers bietet vor dem Umzug eine Besichtigung an, um Ihren Umzug zu besprechen und Ihren Umzugsplan zu erstellen. Der Umzugsmanager unterst\u00fctzt Sie mit einem T\u00fcr-zu-T\u00fcr-Service, der auch das sichere Verpacken Ihrer Sachen f\u00fcr den Transport umfasst. Sie arrangieren den Transport Ihres Eigentums auf dem Land-, Luft- oder Seeweg mit Zollabfertigung und beraten Sie hinsichtlich der Versicherung.<\/p>\n<p>Website: <a href=\"http:\/\/www.uer.pl\/\" target=\"_blank\" rel=\"noopener\">http:\/\/www.uer.pl\/<\/a><\/p>\n<h2><span class=\"ez-toc-section\" id=\"Other_Useful_Guides_to_Poland\"><\/span>Andere n\u00fctzliche Reisef\u00fchrer f\u00fcr Polen<span class=\"ez-toc-section-end\"><\/span><\/h2>\n<ul>\n<li> <a href=\"https:\/\/moverdb.com\/de\/containerschifffahrt\/polen\/\">2024 Seefracht-Container-Tarife von und nach Polen<\/a><\/li>\n<li> <a href=\"https:\/\/moverdb.com\/de\/beste-internationale-geldtransfer-dienste\/money-transfer-companies-poland\/\">Die 10 besten Geldtransferunternehmen in Polen<\/a><\/li>\n<li> <a href=\"https:\/\/moverdb.com\/de\/moving-to-poland\/\">Umzug nach Polen? 2026 Lebenshaltungskosten &amp; Umzugstipps<\/a><\/li>\n<li> <a href=\"https:\/\/moverdb.com\/de\/moving-to-poland\/best-places-to-live-poland\/\">Die 12 besten Orte zum Leben in Polen<\/a><\/li>\n<li> <a href=\"https:\/\/moverdb.com\/de\/moving-to-poland\/living-in-poland\/\">21 Geheimnisse \u00fcber das Leben in Polen, die man vor dem Umzug kennen sollte<\/a><\/li>\n<li> <a href=\"https:\/\/moverdb.com\/de\/moving-to-poland\/moving-to-poland-from-the-uk\/\">Umzug von Gro\u00dfbritannien nach Polen<\/a><\/li>\n<\/ul>","protected":false},"excerpt":{"rendered":"<p>If you are moving home or business, you may want to employ the services of a moving company to reduce the stress and workload involved. If you are moving within, to or from Poland, then the below Polish removal companies that are members of the International Association of Movers (IAM) and\/or FIDI Accredited International Mover [&hellip;]<\/p>\n","protected":false},"author":4,"featured_media":0,"parent":190,"menu_order":0,"comment_status":"closed","ping_status":"closed","template":"","meta":{"_genesis_hide_title":false,"_genesis_hide_breadcrumbs":false,"_genesis_hide_singular_image":false,"_genesis_hide_footer_widgets":false,"_genesis_custom_body_class":"","_genesis_custom_post_class":"","_genesis_layout":"","footnotes":""},"class_list":{"0":"post-8914","1":"page","2":"type-page","3":"status-publish","5":"entry","6":"has-post-thumbnail"},"_links":{"self":[{"href":"https:\/\/moverdb.com\/de\/wp-json\/wp\/v2\/pages\/8914","targetHints":{"allow":["GET"]}}],"collection":[{"href":"https:\/\/moverdb.com\/de\/wp-json\/wp\/v2\/pages"}],"about":[{"href":"https:\/\/moverdb.com\/de\/wp-json\/wp\/v2\/types\/page"}],"author":[{"embeddable":true,"href":"https:\/\/moverdb.com\/de\/wp-json\/wp\/v2\/users\/4"}],"replies":[{"embeddable":true,"href":"https:\/\/moverdb.com\/de\/wp-json\/wp\/v2\/comments?post=8914"}],"version-history":[{"count":5,"href":"https:\/\/moverdb.com\/de\/wp-json\/wp\/v2\/pages\/8914\/revisions"}],"predecessor-version":[{"id":17127,"href":"https:\/\/moverdb.com\/de\/wp-json\/wp\/v2\/pages\/8914\/revisions\/17127"}],"up":[{"embeddable":true,"href":"https:\/\/moverdb.com\/de\/wp-json\/wp\/v2\/pages\/190"}],"wp:attachment":[{"href":"https:\/\/moverdb.com\/de\/wp-json\/wp\/v2\/media?parent=8914"}],"curies":[{"name":"wp","href":"https:\/\/api.w.org\/{rel}","templated":true}]}}