{"id":8912,"date":"2023-04-27T14:28:23","date_gmt":"2023-04-27T14:28:23","guid":{"rendered":"https:\/\/moverdb.com\/?page_id=8912"},"modified":"2026-01-08T15:29:31","modified_gmt":"2026-01-08T15:29:31","slug":"moving-companies-philippines","status":"publish","type":"page","link":"https:\/\/moverdb.com\/de\/moving-companies\/moving-companies-philippines\/","title":{"rendered":"Die 7 besten internationalen Umzugsunternehmen auf den Philippinen"},"content":{"rendered":"<p>Wenn Sie Ihren Wohn- oder Gesch\u00e4ftssitz innerhalb der Region, in die Region oder aus der Region verlegen <a href=\"https:\/\/moverdb.com\/de\/moving-to-the-philippines\/\" data-internallinksmanager029f6b8e52c=\"376\" title=\"Umzug auf die Philippinen? 2026 Lebenshaltungskosten &amp; Umzugstipps\">Philippinen<\/a>suchen Sie vielleicht nach einer Unterst\u00fctzung, um die Last zu erleichtern. <a href=\"https:\/\/moverdb.com\/de\/moving-companies\/\" data-internallinksmanager029f6b8e52c=\"79\" title=\"Top 25 Internationale Umzugsunternehmen Online\">Umzugsunternehmen<\/a> k\u00f6nnen bei der Verpackung, der Organisation des Transports und der Dokumentation helfen. Nachfolgend haben wir eine Liste der auf den Philippinen ans\u00e4ssigen <a href=\"https:\/\/moverdb.com\/de\/international-removals\/\" data-internallinksmanager029f6b8e52c=\"27\" title=\"36 Beste internationale Umzugsunternehmen in Gro\u00dfbritannien\">Umzugsunternehmen<\/a> die Mitglieder der <a href=\"https:\/\/moverdb.com\/de\/iam\/\" data-internallinksmanager029f6b8e52c=\"23\" title=\"International Association of Movers (IAM) erkl\u00e4rt\">Internationaler Verband der M\u00f6belspediteure<\/a> (IAM) und\/oder <a href=\"https:\/\/moverdb.com\/de\/fidi-faim\/\" data-internallinksmanager029f6b8e52c=\"16\" title=\"FIDI &amp; FAIM (FIDI Accredited International Mover) Erl\u00e4utert\">FIDI<\/a> Accredited International Mover (FAIM), die Ihnen bei Ihrem Umzug helfen k\u00f6nnen.<\/p>\n<div id=\"ez-toc-container\" class=\"ez-toc-v2_0_82_2 ez-toc-wrap-left counter-hierarchy ez-toc-counter ez-toc-transparent ez-toc-container-direction\">\n<div class=\"ez-toc-title-container\">\n<p class=\"ez-toc-title\" style=\"cursor:inherit\">Rubriken<\/p>\n<span class=\"ez-toc-title-toggle\"><a href=\"#\" class=\"ez-toc-pull-right ez-toc-btn ez-toc-btn-xs ez-toc-btn-default ez-toc-toggle\" aria-label=\"Inhaltsverzeichnis umschalten\"><span class=\"ez-toc-js-icon-con\"><span class=\"\"><span class=\"eztoc-hide\" style=\"display:none;\">Umschalten auf<\/span><span class=\"ez-toc-icon-toggle-span\"><svg style=\"fill: #999;color:#999\" xmlns=\"http:\/\/www.w3.org\/2000\/svg\" class=\"list-377408\" width=\"20px\" height=\"20px\" viewbox=\"0 0 24 24\" fill=\"none\"><path d=\"M6 6H4v2h2V6zm14 0H8v2h12V6zM4 11h2v2H4v-2zm16 0H8v2h12v-2zM4 16h2v2H4v-2zm16 0H8v2h12v-2z\" fill=\"currentColor\"><\/path><\/svg><svg style=\"fill: #999;color:#999\" class=\"arrow-unsorted-368013\" xmlns=\"http:\/\/www.w3.org\/2000\/svg\" width=\"10px\" height=\"10px\" viewbox=\"0 0 24 24\" version=\"1.2\" baseprofile=\"tiny\"><path d=\"M18.2 9.3l-6.2-6.3-6.2 6.3c-.2.2-.3.4-.3.7s.1.5.3.7c.2.2.4.3.7.3h11c.3 0 .5-.1.7-.3.2-.2.3-.5.3-.7s-.1-.5-.3-.7zM5.8 14.7l6.2 6.3 6.2-6.3c.2-.2.3-.5.3-.7s-.1-.5-.3-.7c-.2-.2-.4-.3-.7-.3h-11c-.3 0-.5.1-.7.3-.2.2-.3.5-.3.7s.1.5.3.7z\"\/><\/svg><\/span><\/span><\/span><\/a><\/span><\/div>\n<nav><ul class='ez-toc-list ez-toc-list-level-1 eztoc-toggle-hide-by-default' ><li class='ez-toc-page-1 ez-toc-heading-level-2'><a class=\"ez-toc-link ez-toc-heading-1\" href=\"https:\/\/moverdb.com\/de\/moving-companies\/moving-companies-philippines\/#1_Asia_Relocation\" >1. Asien Relocation<\/a><\/li><li class='ez-toc-page-1 ez-toc-heading-level-2'><a class=\"ez-toc-link ez-toc-heading-2\" href=\"https:\/\/moverdb.com\/de\/moving-companies\/moving-companies-philippines\/#2_Consolidated_Strategies_Solutions\" >2. Konsolidierte Strategien und L\u00f6sungen<\/a><\/li><li class='ez-toc-page-1 ez-toc-heading-level-2'><a class=\"ez-toc-link ez-toc-heading-3\" href=\"https:\/\/moverdb.com\/de\/moving-companies\/moving-companies-philippines\/#3_Dads_Moving_Storage\" >3. Papas Umzug &amp; Lagerung<\/a><\/li><li class='ez-toc-page-1 ez-toc-heading-level-2'><a class=\"ez-toc-link ez-toc-heading-4\" href=\"https:\/\/moverdb.com\/de\/moving-companies\/moving-companies-philippines\/#4_Global_Logistics_Services\" >4. Globale Logistikdienstleistungen<\/a><\/li><li class='ez-toc-page-1 ez-toc-heading-level-2'><a class=\"ez-toc-link ez-toc-heading-5\" href=\"https:\/\/moverdb.com\/de\/moving-companies\/moving-companies-philippines\/#5_Goetz_Moving_Storage\" >5. G\u00f6tz Umzug &amp; Lagerung<\/a><\/li><li class='ez-toc-page-1 ez-toc-heading-level-2'><a class=\"ez-toc-link ez-toc-heading-6\" href=\"https:\/\/moverdb.com\/de\/moving-companies\/moving-companies-philippines\/#6_Melcon_Worldwide_Logistics\" >6. Melcon Weltweite Logistik<\/a><\/li><li class='ez-toc-page-1 ez-toc-heading-level-2'><a class=\"ez-toc-link ez-toc-heading-7\" href=\"https:\/\/moverdb.com\/de\/moving-companies\/moving-companies-philippines\/#7_Santa_Fe_Relocation\" >7. Santa Fe Verlegung<\/a><\/li><li class='ez-toc-page-1 ez-toc-heading-level-2'><a class=\"ez-toc-link ez-toc-heading-8\" href=\"https:\/\/moverdb.com\/de\/moving-companies\/moving-companies-philippines\/#Other_Useful_Guides_to_the_Philippines\" >Andere n\u00fctzliche Reisef\u00fchrer zu den Philippinen<\/a><\/li><\/ul><\/nav><\/div>\n<h2><span class=\"ez-toc-section\" id=\"1_Asia_Relocation\"><\/span><strong>1. Asien Relocation<\/strong><span class=\"ez-toc-section-end\"><\/span><\/h2>\n<p><img loading=\"lazy\" decoding=\"async\" class=\"alignnone size-full wp-image-8759\" src=\"https:\/\/moverdb.com\/wp-content\/uploads\/Asia-Relocation-international-moving-company.png\" alt=\"Asia Relocation internationales Umzugsunternehmen\" width=\"1440\" height=\"677\" data-wp-pid=\"8759\" srcset=\"https:\/\/moverdb.com\/wp-content\/uploads\/Asia-Relocation-international-moving-company.png 1440w, https:\/\/moverdb.com\/wp-content\/uploads\/Asia-Relocation-international-moving-company-300x141.png 300w, https:\/\/moverdb.com\/wp-content\/uploads\/Asia-Relocation-international-moving-company-1024x481.png 1024w, https:\/\/moverdb.com\/wp-content\/uploads\/Asia-Relocation-international-moving-company-18x8.png 18w, https:\/\/moverdb.com\/wp-content\/uploads\/Asia-Relocation-international-moving-company-600x282.png 600w\" sizes=\"auto, (max-width: 1440px) 100vw, 1440px\" \/><\/p>\n<ul>\n<li>Lokale Umz\u00fcge<\/li>\n<li>Internationale Umz\u00fcge<\/li>\n<li>Umz\u00fcge im Haushalt<\/li>\n<li>B\u00fcroverlagerungen<\/li>\n<li>Verpackungsservice<\/li>\n<li>Vorkehrungen f\u00fcr den Transport<\/li>\n<li>Visum und Einwanderung<\/li>\n<li>Transport von Fahrzeugen und Haustieren<\/li>\n<li>Versicherung<\/li>\n<li>Kurz- und Langzeitlagerung<\/li>\n<\/ul>\n<p>Asia Relocation bietet verwaltete internationale Umzugsl\u00f6sungen und hat seinen Sitz in Makati City. Sie arbeiten mit Lieferanten und Agenten zusammen, die ihren Qualit\u00e4tsstandards entsprechen und sie bei der Erbringung internationaler Dienstleistungen unterst\u00fctzen. Das Unternehmen ist seit 12 Jahren Mitglied der IAM.<\/p>\n<p>Asia Relocation bietet eine Reihe von Umzugs- und Relocation-Dienstleistungen an, die nationale und internationale Umz\u00fcge sowie Visa- und Einwanderungsdienste umfassen, <a href=\"https:\/\/moverdb.com\/de\/car-transport-shipping\/\" data-internallinksmanager029f6b8e52c=\"2\" title=\"2026 Internationale Autotransporte &amp; Angebote f\u00fcr Fahrzeugtransporte\">Fahrzeugverschiffung<\/a>Haustierumzug und Lagerungsm\u00f6glichkeiten. Sie erstellen einen pers\u00f6nlichen Umzugsplan, einen kompletten Packservice und organisieren den Transport. Sie bieten Umzugsdienstleistungen wie Wohnungs- und Schulsuche, vor\u00fcbergehende Unterbringung, Orientierung und Fahrzeugleasing.<\/p>\n<p>Website: <a href=\"https:\/\/asia-relocation.com\/\" target=\"_blank\" rel=\"noopener\">https:\/\/asia-relocation.com\/<\/a><\/p>\n<h2><span class=\"ez-toc-section\" id=\"2_Consolidated_Strategies_Solutions\"><\/span><strong>2. Konsolidierte Strategien und L\u00f6sungen<\/strong><span class=\"ez-toc-section-end\"><\/span><\/h2>\n<p><img loading=\"lazy\" decoding=\"async\" class=\"alignnone size-full wp-image-8778\" src=\"https:\/\/moverdb.com\/wp-content\/uploads\/Consolidated-Strategies-Solutions-international-moving-company.png\" alt=\"Consolidated Strategies &amp; Solutions internationales Umzugsunternehmen\" width=\"1440\" height=\"679\" data-wp-pid=\"8778\" srcset=\"https:\/\/moverdb.com\/wp-content\/uploads\/Consolidated-Strategies-Solutions-international-moving-company.png 1440w, https:\/\/moverdb.com\/wp-content\/uploads\/Consolidated-Strategies-Solutions-international-moving-company-300x141.png 300w, https:\/\/moverdb.com\/wp-content\/uploads\/Consolidated-Strategies-Solutions-international-moving-company-1024x483.png 1024w, https:\/\/moverdb.com\/wp-content\/uploads\/Consolidated-Strategies-Solutions-international-moving-company-18x8.png 18w, https:\/\/moverdb.com\/wp-content\/uploads\/Consolidated-Strategies-Solutions-international-moving-company-600x283.png 600w\" sizes=\"auto, (max-width: 1440px) 100vw, 1440px\" \/><\/p>\n<ul>\n<li>Lokale Umz\u00fcge<\/li>\n<li>Internationale Umz\u00fcge<\/li>\n<li>Umz\u00fcge im Haushalt<\/li>\n<li>Umzugsdienste<\/li>\n<li>Konsultationen verf\u00fcgbar<\/li>\n<li>Pers\u00f6nlicher Service<\/li>\n<li>Verpackungsservice<\/li>\n<li>Sicher verschlossene Kisten<\/li>\n<li>Organisation des Transports<\/li>\n<li>Sichere Lagereinrichtungen<\/li>\n<\/ul>\n<p>Consolidated Strategies &amp; Solutions ist ein internationales Umzugsunternehmen mit \u00fcber 15 Jahren Erfahrung und Sitz in Quezon City. Das Unternehmen ist Mitglied der IAM und hat dadurch Zugang zu einem internationalen Netzwerk von Umzugsagenten, die es mit Dienstleistungen in der ganzen Welt unterst\u00fctzen.<\/p>\n<p>Consolidated Strategies &amp; Solutions bietet lokale und nationale Umz\u00fcge innerhalb der Philippinen sowie internationale Umz\u00fcge von und nach den Philippinen an. Sie bieten Verpackungsdienste an, um Ihr Hab und Gut w\u00e4hrend des Transports und der Lagerung zu sch\u00fctzen. Sie bieten sichere Lagerm\u00f6glichkeiten, in denen Ihre Kartons bei Ihnen zu Hause versiegelt und dann zu ihren Lagereinrichtungen transportiert werden k\u00f6nnen.<\/p>\n<p>Website: <a href=\"http:\/\/www.csandsolutions.com\" target=\"_blank\" rel=\"noopener\">http:\/\/www.csandsolutions.com<\/a><\/p>\n<h2><span class=\"ez-toc-section\" id=\"3_Dads_Moving_Storage\"><\/span><strong>3. Papas Umzug &amp; Lagerung<\/strong><span class=\"ez-toc-section-end\"><\/span><\/h2>\n<p><img loading=\"lazy\" decoding=\"async\" class=\"alignnone size-full wp-image-8782\" src=\"https:\/\/moverdb.com\/wp-content\/uploads\/Dads-Moving-Storage-international-moving-company.png\" alt=\"\" width=\"1440\" height=\"683\" data-wp-pid=\"8782\" srcset=\"https:\/\/moverdb.com\/wp-content\/uploads\/Dads-Moving-Storage-international-moving-company.png 1440w, https:\/\/moverdb.com\/wp-content\/uploads\/Dads-Moving-Storage-international-moving-company-300x142.png 300w, https:\/\/moverdb.com\/wp-content\/uploads\/Dads-Moving-Storage-international-moving-company-1024x486.png 1024w, https:\/\/moverdb.com\/wp-content\/uploads\/Dads-Moving-Storage-international-moving-company-18x9.png 18w, https:\/\/moverdb.com\/wp-content\/uploads\/Dads-Moving-Storage-international-moving-company-600x285.png 600w\" sizes=\"auto, (max-width: 1440px) 100vw, 1440px\" \/><\/p>\n<ul>\n<li>Nationale Umz\u00fcge<\/li>\n<li>Internationale Umz\u00fcge<\/li>\n<li>Umz\u00fcge im Haushalt<\/li>\n<li>Organisation bewegt sich<\/li>\n<li>All-inclusive-Preise<\/li>\n<li>Verpackungsservice<\/li>\n<li>Umweltfreundliche Materialien<\/li>\n<li>Organisation des Transports<\/li>\n<li>Beratung und Anleitung<\/li>\n<li>Lagereinrichtungen<\/li>\n<\/ul>\n<p>Dad's Moving &amp; Storage ist ein Umzugsunternehmen mit Sitz in Muntinlupa City, das von einigen erfahrenen Umzugsveteranen gegr\u00fcndet wurde. Sie arbeiten weltweit mit Umzugsunternehmen in 196 L\u00e4ndern zusammen, um sie bei der Erbringung ihrer Dienstleistungen au\u00dferhalb der Philippinen zu unterst\u00fctzen. Das Unternehmen ist seit sechs Jahren Mitglied der IAM.<\/p>\n<p>Dad's Moving &amp; Storage bietet Umzugsdienstleistungen innerhalb, nach und von den Philippinen f\u00fcr Haushalte und Mitarbeiter von Unternehmen an, die ihren Standort wechseln. Sie unterst\u00fctzen und begleiten Sie bei Ihrem Umzug und helfen Ihnen dabei, Ihr Hab und Gut sicher zu verpacken, indem sie die am besten geeigneten Materialien und Kartons verwenden, um es zu sch\u00fctzen.<\/p>\n<p>Website: <a href=\"http:\/\/dadsmoving.com\" target=\"_blank\" rel=\"noopener\">http:\/\/dadsmoving.com<\/a><\/p>\n<h2><span class=\"ez-toc-section\" id=\"4_Global_Logistics_Services\"><\/span><strong>4. Globale Logistikdienstleistungen<\/strong><span class=\"ez-toc-section-end\"><\/span><\/h2>\n<p><img loading=\"lazy\" decoding=\"async\" class=\"alignnone size-full wp-image-8805\" src=\"https:\/\/moverdb.com\/wp-content\/uploads\/Global-Logistics-Services-international-moving-company.png\" alt=\"Global Logistics Services internationales Umzugsunternehmen\" width=\"1440\" height=\"680\" data-wp-pid=\"8805\" srcset=\"https:\/\/moverdb.com\/wp-content\/uploads\/Global-Logistics-Services-international-moving-company.png 1440w, https:\/\/moverdb.com\/wp-content\/uploads\/Global-Logistics-Services-international-moving-company-300x142.png 300w, https:\/\/moverdb.com\/wp-content\/uploads\/Global-Logistics-Services-international-moving-company-1024x484.png 1024w, https:\/\/moverdb.com\/wp-content\/uploads\/Global-Logistics-Services-international-moving-company-18x9.png 18w, https:\/\/moverdb.com\/wp-content\/uploads\/Global-Logistics-Services-international-moving-company-600x283.png 600w\" sizes=\"auto, (max-width: 1440px) 100vw, 1440px\" \/><\/p>\n<ul>\n<li>Nationale Umz\u00fcge<\/li>\n<li>Internationale Verlagerungen<\/li>\n<li>Umz\u00fcge von Wohnh\u00e4usern<\/li>\n<li>B\u00fcroumz\u00fcge<\/li>\n<li>Verpackungsservice<\/li>\n<li>Organisation des Transports<\/li>\n<li>Sendungsverfolgung<\/li>\n<li>Fahrzeugtransport<\/li>\n<li>Umsiedlung von Haustieren<\/li>\n<li>Speicherdienste<\/li>\n<\/ul>\n<p>Global Logistics Services ist ein 2013 gegr\u00fcndetes internationales Umzugs- und Relocation-Unternehmen mit Sitz in Paranaque und B\u00fcros in <a href=\"https:\/\/moverdb.com\/de\/moving-to-the-united-states\/moving-to-new-york\/\" data-internallinksmanager029f6b8e52c=\"332\" title=\"Umzug nach New York (Staat)? 2026 Lebenshaltungskosten &amp; Umzugstipps\">New York<\/a> und den Marshallinseln. Sie verf\u00fcgen \u00fcber ein umfangreiches globales Netz von Partnern, die sie bei der Erbringung ihrer internationalen Dienstleistungen unterst\u00fctzen. Das Unternehmen ist seit 16 Jahren Mitglied der IAM.<\/p>\n<p>Global Logistics Services bietet eine L\u00f6sung f\u00fcr Umz\u00fcge aus einer Hand, egal ob es sich um ein Haus oder ein B\u00fcro handelt. Das Unternehmen bietet einen Verpackungsservice mit robusten Kartons zum Schutz Ihres Eigentums und sorgt f\u00fcr den sicheren Transport an Ihren Bestimmungsort. Das Unternehmen bietet spezielle Dienstleistungen f\u00fcr den Umzug von Klavieren, Autos und Haustieren.<\/p>\n<p>Website: <a href=\"http:\/\/www.a1global-logistics.com\" target=\"_blank\" rel=\"noopener\">http:\/\/www.a1global-logistics.com<\/a><\/p>\n<h2><span class=\"ez-toc-section\" id=\"5_Goetz_Moving_Storage\"><\/span><strong>5. G\u00f6tz Umzug &amp; Lagerung<\/strong><span class=\"ez-toc-section-end\"><\/span><\/h2>\n<p><img loading=\"lazy\" decoding=\"async\" class=\"alignnone size-full wp-image-8809\" src=\"https:\/\/moverdb.com\/wp-content\/uploads\/Goetz-Moving-Storage-international-moving-company.png\" alt=\"Goetz Moving &amp; Storage internationales Umzugsunternehmen\" width=\"1440\" height=\"680\" data-wp-pid=\"8809\" srcset=\"https:\/\/moverdb.com\/wp-content\/uploads\/Goetz-Moving-Storage-international-moving-company.png 1440w, https:\/\/moverdb.com\/wp-content\/uploads\/Goetz-Moving-Storage-international-moving-company-300x142.png 300w, https:\/\/moverdb.com\/wp-content\/uploads\/Goetz-Moving-Storage-international-moving-company-1024x484.png 1024w, https:\/\/moverdb.com\/wp-content\/uploads\/Goetz-Moving-Storage-international-moving-company-18x9.png 18w, https:\/\/moverdb.com\/wp-content\/uploads\/Goetz-Moving-Storage-international-moving-company-600x283.png 600w\" sizes=\"auto, (max-width: 1440px) 100vw, 1440px\" \/><\/p>\n<ul>\n<li>Lokale Umz\u00fcge<\/li>\n<li>Internationale Umz\u00fcge<\/li>\n<li>Umz\u00fcge in Wohnungen<\/li>\n<li>B\u00fcroumz\u00fcge<\/li>\n<li>Haus-zu-Haus-Dienst<\/li>\n<li>Luft- und Seefracht<\/li>\n<li>Zollabfertigung<\/li>\n<li>Visa- und Einwanderungsdienste<\/li>\n<li>Versicherung<\/li>\n<li>Lagereinrichtungen<\/li>\n<\/ul>\n<p>Goetz Moving &amp; Storage bietet internationale Umzugsdienstleistungen von T\u00fcr zu T\u00fcr an. Das Unternehmen wurde 1984 gegr\u00fcndet und hat seinen Sitz in Paranaque. Sie verf\u00fcgen \u00fcber ein Netzwerk von lokalen und internationalen Umzugsagenten an strategischen Standorten in der ganzen Welt, die sie unterst\u00fctzen. Das Unternehmen ist Mitglied der IAM und kann auf 39 Dienstjahre zur\u00fcckblicken.<\/p>\n<p>Goetz Moving &amp; Storage bietet T\u00fcr-zu-T\u00fcr-Umzugs- und Relocation-Dienste an, die die Organisation von Transport und Zollabfertigung sowie Versicherungsschutz umfassen. Sie bieten Umzugsdienste an, die Orientierung in der Umgebung, Wohnungs- und Schulsuche, Eingew\u00f6hnung, Abreise, kulturelles Training und Unterst\u00fctzung bei Visa und Einwanderung umfassen.<\/p>\n<p>Website: <a href=\"http:\/\/www.goetzmoving.com\" target=\"_blank\" rel=\"noopener\">http:\/\/www.goetzmoving.com<\/a><\/p>\n<h2><span class=\"ez-toc-section\" id=\"6_Melcon_Worldwide_Logistics\"><\/span><strong>6. Melcon Weltweite Logistik<\/strong><span class=\"ez-toc-section-end\"><\/span><\/h2>\n<p><img loading=\"lazy\" decoding=\"async\" class=\"alignnone size-full wp-image-8824\" src=\"https:\/\/moverdb.com\/wp-content\/uploads\/Melcon-Worldwide-Logistics-international-moving-company.png\" alt=\"Melcon Worldwide Logistics internationales Umzugsunternehmen\" width=\"1440\" height=\"678\" data-wp-pid=\"8824\" srcset=\"https:\/\/moverdb.com\/wp-content\/uploads\/Melcon-Worldwide-Logistics-international-moving-company.png 1440w, https:\/\/moverdb.com\/wp-content\/uploads\/Melcon-Worldwide-Logistics-international-moving-company-300x141.png 300w, https:\/\/moverdb.com\/wp-content\/uploads\/Melcon-Worldwide-Logistics-international-moving-company-1024x482.png 1024w, https:\/\/moverdb.com\/wp-content\/uploads\/Melcon-Worldwide-Logistics-international-moving-company-18x8.png 18w, https:\/\/moverdb.com\/wp-content\/uploads\/Melcon-Worldwide-Logistics-international-moving-company-600x283.png 600w\" sizes=\"auto, (max-width: 1440px) 100vw, 1440px\" \/><\/p>\n<ul>\n<li>Lokale Umz\u00fcge<\/li>\n<li>Internationale Umz\u00fcge<\/li>\n<li>Umz\u00fcge in Wohnungen<\/li>\n<li>B\u00fcro- und Fabrikumz\u00fcge<\/li>\n<li>Haus-zu-Haus-Dienst<\/li>\n<li>Luft- und Seefracht<\/li>\n<li>Maklerdienste<\/li>\n<li>Transport von Haustieren<\/li>\n<li>Transitversicherung<\/li>\n<li>Lagereinrichtungen<\/li>\n<\/ul>\n<p>Melcon Worldwide Logistics ist ein Logistikunternehmen, das Spedition, Vertrieb und Lagerhaltung aus einer Hand anbietet. Das Unternehmen hat Niederlassungen in Taguig City und Davao City. Das Unternehmen ist Mitglied der IAM und kann auf 20 Jahre Erfahrung zur\u00fcckblicken, was ihm Zugang zu einem internationalen Netzwerk von Spediteuren verschafft, die es unterst\u00fctzen.<\/p>\n<p>Melcon Worldwide Logistics bietet personalisierte Logistikdienste an, die einen T\u00fcr-zu-T\u00fcr-Umzugsdienst und lokale Transfers umfassen. Sie sch\u00fctzen Ihre pers\u00f6nlichen Gegenst\u00e4nde und organisieren den Transport per Luft- oder Seefracht mit Transitversicherung. Das Unternehmen bietet einen Umzugsservice f\u00fcr Haustiere an, damit Sie Ihre Haustiere mitnehmen k\u00f6nnen. Sie bieten auch die M\u00f6glichkeit der feuchtigkeitsregulierten Lagerung und der K\u00fchllagerung.<\/p>\n<p>Website: <a href=\"http:\/\/www.melconlogistics.com\" target=\"_blank\" rel=\"noopener\">http:\/\/www.melconlogistics.com<\/a><\/p>\n<h2><span class=\"ez-toc-section\" id=\"7_Santa_Fe_Relocation\"><\/span><strong>7. Santa Fe Verlegung<\/strong><span class=\"ez-toc-section-end\"><\/span><\/h2>\n<p><img loading=\"lazy\" decoding=\"async\" class=\"alignnone size-full wp-image-8850\" src=\"https:\/\/moverdb.com\/wp-content\/uploads\/Santa-Fe-Relocation-Philippines-international-moving-company.png\" alt=\"Santa Fe Relocation Philippinen internationales Umzugsunternehmen\" width=\"1440\" height=\"676\" data-wp-pid=\"8850\" srcset=\"https:\/\/moverdb.com\/wp-content\/uploads\/Santa-Fe-Relocation-Philippines-international-moving-company.png 1440w, https:\/\/moverdb.com\/wp-content\/uploads\/Santa-Fe-Relocation-Philippines-international-moving-company-300x141.png 300w, https:\/\/moverdb.com\/wp-content\/uploads\/Santa-Fe-Relocation-Philippines-international-moving-company-1024x481.png 1024w, https:\/\/moverdb.com\/wp-content\/uploads\/Santa-Fe-Relocation-Philippines-international-moving-company-18x8.png 18w, https:\/\/moverdb.com\/wp-content\/uploads\/Santa-Fe-Relocation-Philippines-international-moving-company-600x282.png 600w\" sizes=\"auto, (max-width: 1440px) 100vw, 1440px\" \/><\/p>\n<ul>\n<li>Nationale Umz\u00fcge<\/li>\n<li>Internationale Umz\u00fcge<\/li>\n<li>Umz\u00fcge in Wohnungen<\/li>\n<li>Beratung vor dem Umzug<\/li>\n<li>Verpackungsservice<\/li>\n<li>Transport auf dem Land-, Luft- und Seeweg<\/li>\n<li>Zollabfertigung<\/li>\n<li>Transport von Fahrzeugen<\/li>\n<li>Umsiedlung von Haustieren<\/li>\n<li>Kurz- und Langzeitlagereinrichtungen<\/li>\n<\/ul>\n<p>Santa Fe Relocation ist ein internationales Umzugsunternehmen mit 96 Niederlassungen in 47 L\u00e4ndern. Die philippinische Niederlassung befindet sich in Calamba City. Seit \u00fcber 120 Jahren hilft das Unternehmen Menschen bei ihren Umz\u00fcgen. Das Unternehmen ist Mitglied der IAM und von der FIDI akkreditiert.<\/p>\n<p>Santa Fe Relocation stellt Ihnen einen Umzugsberater zur Seite, der Sie bei Ihrem Umzug unterst\u00fctzt. Er k\u00fcmmert sich um das Verpacken Ihres Hab und Guts und den Transport auf dem Land-, Luft- oder Seeweg mit Zollabfertigung. Sie bieten eine Reihe von Zusatz- und Umzugsdienstleistungen an, darunter Reinigung, Kurzzeitvermietung, Fahrzeugtransport, Haustierumzug, Visa und Einwanderung, Ausreiseservice, kulturelles Training, Orientierung sowie Wohnungs- und Schulsuche.<\/p>\n<p>Website: <a href=\"https:\/\/www.santaferelo.com\/en\/contact\/our-offices\/philippines-manila\/\" target=\"_blank\" rel=\"noopener\">https:\/\/www.santaferelo.com\/en\/contact\/our-offices\/philippines-manila\/<\/a><\/p>\n<h2><span class=\"ez-toc-section\" id=\"Other_Useful_Guides_to_the_Philippines\"><\/span>Andere n\u00fctzliche Reisef\u00fchrer zu den Philippinen<span class=\"ez-toc-section-end\"><\/span><\/h2>\n<ul>\n<li> <a href=\"https:\/\/moverdb.com\/de\/containerschifffahrt\/philippinen\/\">2024 Seefracht-Container-Tarife von und nach den Philippinen<\/a><\/li>\n<li> <a href=\"https:\/\/moverdb.com\/de\/moving-to-the-philippines\/\">Umzug auf die Philippinen? 2026 Lebenshaltungskosten &amp; Umzugstipps<\/a><\/li>\n<li> <a href=\"https:\/\/moverdb.com\/de\/moving-to-the-philippines\/best-places-to-live-philippines\/\">Die 12 besten Orte zum Leben auf den Philippinen<\/a><\/li>\n<li> <a href=\"https:\/\/moverdb.com\/de\/moving-to-the-philippines\/living-in-the-philippines\/\">21 Geheimnisse \u00fcber das Leben auf den Philippinen, die man vor dem Umzug kennen sollte<\/a><\/li>\n<li> <a href=\"https:\/\/moverdb.com\/de\/moving-to-the-philippines\/philippines-from-us\/\">Umzug auf die Philippinen aus den Vereinigten Staaten<\/a><\/li>\n<\/ul>","protected":false},"excerpt":{"rendered":"<p>If you are moving home or business within, to or from the Philippines, you may be looking for some support to help lighten the load. Moving companies can assist with packing, organising transportation and documentation support. Below we have compiled a list of Philippines based removal companies that are members of the International Association of [&hellip;]<\/p>\n","protected":false},"author":4,"featured_media":0,"parent":190,"menu_order":0,"comment_status":"closed","ping_status":"closed","template":"","meta":{"_genesis_hide_title":false,"_genesis_hide_breadcrumbs":false,"_genesis_hide_singular_image":false,"_genesis_hide_footer_widgets":false,"_genesis_custom_body_class":"","_genesis_custom_post_class":"","_genesis_layout":"","footnotes":""},"class_list":{"0":"post-8912","1":"page","2":"type-page","3":"status-publish","5":"entry","6":"has-post-thumbnail"},"_links":{"self":[{"href":"https:\/\/moverdb.com\/de\/wp-json\/wp\/v2\/pages\/8912","targetHints":{"allow":["GET"]}}],"collection":[{"href":"https:\/\/moverdb.com\/de\/wp-json\/wp\/v2\/pages"}],"about":[{"href":"https:\/\/moverdb.com\/de\/wp-json\/wp\/v2\/types\/page"}],"author":[{"embeddable":true,"href":"https:\/\/moverdb.com\/de\/wp-json\/wp\/v2\/users\/4"}],"replies":[{"embeddable":true,"href":"https:\/\/moverdb.com\/de\/wp-json\/wp\/v2\/comments?post=8912"}],"version-history":[{"count":4,"href":"https:\/\/moverdb.com\/de\/wp-json\/wp\/v2\/pages\/8912\/revisions"}],"predecessor-version":[{"id":16985,"href":"https:\/\/moverdb.com\/de\/wp-json\/wp\/v2\/pages\/8912\/revisions\/16985"}],"up":[{"embeddable":true,"href":"https:\/\/moverdb.com\/de\/wp-json\/wp\/v2\/pages\/190"}],"wp:attachment":[{"href":"https:\/\/moverdb.com\/de\/wp-json\/wp\/v2\/media?parent=8912"}],"curies":[{"name":"wp","href":"https:\/\/api.w.org\/{rel}","templated":true}]}}