{"id":891,"date":"2016-09-03T21:06:56","date_gmt":"2016-09-03T21:06:56","guid":{"rendered":"http:\/\/moverdb.com\/?page_id=891"},"modified":"2026-01-08T14:47:50","modified_gmt":"2026-01-08T14:47:50","slug":"bournes","status":"publish","type":"page","link":"https:\/\/moverdb.com\/de\/bournes\/","title":{"rendered":"Bournes Umz\u00fcge: Internationaler Umzug &amp; Umz\u00fcge Bewertungen"},"content":{"rendered":"<p>Bournes bietet seinen Kunden eine Auswahl an <a href=\"https:\/\/moverdb.com\/de\/international-removals\/\" data-internallinksmanager029f6b8e52c=\"27\" title=\"36 Beste internationale Umzugsunternehmen in Gro\u00dfbritannien\">internationale Umz\u00fcge<\/a> Dienstleistungen f\u00fcr den Umzug nach \u00dcbersee, die unten aufgef\u00fchrt sind. Es folgen auch ein Unternehmensprofil und Bewertungen.<\/p>\n<p><strong>Internationaler Umzug<\/strong><\/p>\n<ul>\n<li> Vollst\u00e4ndiger Verpackungsservice<\/li>\n<li> Teilverpackungsdienst<\/li>\n<li> Selbstverpackend<\/li>\n<li> Spezialpflege M\u00f6bel Exportverpackung<\/li>\n<li> Unterst\u00fctzung bei der Dokumentation<\/li>\n<li> Sammlung<\/li>\n<li> Transport per Schiff - <a href=\"https:\/\/moverdb.com\/de\/containerschifffahrt\/\">Vollcontainerverschiffung<\/a>, Teilladung, Holzcontainer<\/li>\n<li> Luftfracht<\/li>\n<li> Umsiedlung von Haustieren<\/li>\n<li> <a href=\"https:\/\/moverdb.com\/de\/auto-transport-versand\/\">Fahrzeugverlagerung<\/a><\/li>\n<li> Dienstm\u00e4dchen<\/li>\n<li> Heimwerker-Service<\/li>\n<li> Versicherung abgeschlossen<\/li>\n<\/ul>\n<p><strong>Umzugsunterst\u00fctzung<\/strong><\/p>\n<ul>\n<li> Die Planung vor der Abreise umfasst eine Bedarfsanalyse (Schulen usw.)<\/li>\n<li> Interkulturelle Ausbildung<\/li>\n<li> Besichtigungsprogramm<\/li>\n<li> Wohnungssuche und Orientierungsdienst<\/li>\n<li> Schule suchen<\/li>\n<li> Eingew\u00f6hnung in den Dienst<\/li>\n<li> Gesch\u00e4ftspraktiken<\/li>\n<li> Unterst\u00fctzung bei der Repatriierung<\/li>\n<\/ul>\n<p><strong>Kommerzielle Umz\u00fcge<\/strong><\/p>\n<ul>\n<li> Projektleitung<\/li>\n<li> Planung vor dem Umzug<\/li>\n<li> Einpacken und Auspacken<\/li>\n<li> Lagerhaltung<\/li>\n<li> Transport weltweit<\/li>\n<li> Innere Zustellung<\/li>\n<li> Einbau und Montage<\/li>\n<li> Umkehrlogistik und Liquidationen<\/li>\n<\/ul>\n<p><strong>Lagerung<\/strong><\/p>\n<ul>\n<li> \u00dcber 1200 Standorte auf 6 Kontinenten<\/li>\n<li> Langfristig und kurzfristig<\/li>\n<li> CCTV 24\/7 oder Sicherheitsteams<\/li>\n<li> Alle sicheren Standorte<\/li>\n<\/ul>\n<h2>Bournes Unternehmensprofil<\/h2>\n<p>Bournes wurde 1875 von Thomas Bourne als allgemeines Fuhrunternehmen f\u00fcr die Lieferung von Waren und Kohle gegr\u00fcndet. Nach dem Zweiten Weltkrieg expandierte das Unternehmen in den Bereich Umz\u00fcge und Lagerung. In den 1960er und 70er Jahren wuchs das Unternehmen betr\u00e4chtlich, kaufte kleinere Firmen auf und baute spezielle Lagereinrichtungen.<\/p>\n<p>Die Bournes begannen 1993 mit Umz\u00fcgen in Europa, und 2001 begannen sie <a href=\"https:\/\/moverdb.com\/de\/umzugsunternehmen\/\">Internationaler Umzug<\/a>. Sie waren nun in der Lage, Menschen und Unternehmen an 1500 Standorte in \u00fcber 120 L\u00e4ndern zu verlagern.<\/p>\n<p>Das Unternehmen wird auch heute noch in der f\u00fcnften Generation von der Familie Bournes gef\u00fchrt, deren Familien- und Unternehmenswerte Ehrlichkeit, Integrit\u00e4t und Transparenz sind. Bournes verf\u00fcgt \u00fcber engagierte, gut ausgebildete Mitarbeiter, die mit Hunderten von Umzugsexperten auf der ganzen Welt zusammenarbeiten.<\/p>\n<p>Bournes verf\u00fcgt \u00fcber die folgenden Akkreditierungen und Mitgliedschaften:<\/p>\n<ul>\n<li> <a href=\"https:\/\/moverdb.com\/de\/harmony-relocation-network\/\">Harmony Relocation Netzwerk<\/a><\/li>\n<li> Ein Umzugsunternehmen nach britischem Standard ISO 9001:2008<\/li>\n<li> <a href=\"https:\/\/moverdb.com\/de\/britische-vereinigung-der-entferner\/\">Der britische Verband der M\u00f6belpacker<\/a> (<a href=\"https:\/\/moverdb.com\/de\/british-association-of-removers\/\" data-internallinksmanager029f6b8e52c=\"9\" title=\"British Association of Removers (BAR) erkl\u00e4rt\">BAR<\/a>)<\/li>\n<li> <a href=\"https:\/\/moverdb.com\/de\/bar-over-see\/\">Die Gruppe der britischen Vereinigung der Umzugsunternehmen in \u00dcbersee<\/a><\/li>\n<li> Welcher? Vertrauensw\u00fcrdiger H\u00e4ndler<\/li>\n<li> <a href=\"https:\/\/moverdb.com\/de\/fidi-faim\/\">FIDI<\/a><\/li>\n<li> <a href=\"https:\/\/moverdb.com\/de\/fidi-faim\/\" data-internallinksmanager029f6b8e52c=\"16\" title=\"FIDI &amp; FAIM (FIDI Accredited International Mover) Erl\u00e4utert\">FAIM<\/a><\/li>\n<li> Die <a href=\"https:\/\/moverdb.com\/de\/ich-bin\/\">Internationaler Verband der M\u00f6belspediteure<\/a> (<a href=\"https:\/\/moverdb.com\/de\/iam\/\" data-internallinksmanager029f6b8e52c=\"23\" title=\"International Association of Movers (IAM) erkl\u00e4rt\">IAM<\/a>)<\/li>\n<li> <a href=\"https:\/\/moverdb.com\/de\/eura\/\">Europ\u00e4ische Relocation-Vereinigung<\/a> (<a href=\"https:\/\/moverdb.com\/de\/eura\/\" data-internallinksmanager029f6b8e52c=\"13\" title=\"Die Europ\u00e4ische Relocation Association (EuRA) erkl\u00e4rt\">EuRA<\/a>)<\/li>\n<li> <a href=\"https:\/\/moverdb.com\/de\/mtc\/\">Der Movers Trading Club<\/a> (<a href=\"https:\/\/moverdb.com\/de\/mtc\/\" data-internallinksmanager029f6b8e52c=\"30\" title=\"Movers Trading Club (MTC) Erl\u00e4utert\">MTC<\/a>)<\/li>\n<\/ul>\n<h2>Bournes Moves Bewertungen<\/h2>\n<p><strong>Positiv<\/strong><\/p>\n<ul>\n<li> <em>\"Bournes waren erstaunlich, von der ersten Einsch\u00e4tzung, was ich verschicken sollte und was nicht, bis hin zu <a href=\"https:\/\/moverdb.com\/de\/moving-to-australia\/living-in-australia\/\" data-internallinksmanager029f6b8e52c=\"240\" title=\"21 Geheimnisse \u00fcber das Leben in Australien, die man vor dem Umzug kennen sollte\">Australien<\/a>das Einpacken und Auspacken in Australien. Der Service machte den Umzug so stressfrei, wie ein solcher Umzug nur sein kann, und ich kann sie nur w\u00e4rmstens empfehlen.<\/em> - \u00fcber <a href=\"http:\/\/bournesmoves.com\/international-removals\/international-customer-reviews.htm\" target=\"_blank\" rel=\"noopener\">Bournes Review Seite<\/a><\/li>\n<li> <em>\"Schneller Service zu wettbewerbsf\u00e4higen Preisen. Das Team war sehr h\u00f6flich und hilfsbereit und hat die \u00c4nderungen an unseren Fertigstellungsterminen gut gehandhabt. Zus\u00e4tzlicher Stauraum wurde problemlos \u00fcber Nacht zur Verf\u00fcgung gestellt, so dass wir das neue Haus vor dem Einzug reinigen konnten. Ein rundum guter Service.\"<\/em> - \u00fcber <a href=\"https:\/\/www.trustedmover.org\/questionnaire\/4587\" target=\"_blank\" rel=\"noopener\">BAR-\u00dcberpr\u00fcfungsseite<\/a><\/li>\n<li> <em>\"Hervorragender Service, vom sachkundigen und beruhigenden Kostenvoranschlag bis hin zum hilfsbereiten und freundlichen Team, das uns geholfen hat. <a href=\"https:\/\/moverdb.com\/de\/moving-to-the-united-states\/\" data-internallinksmanager029f6b8e52c=\"94\" title=\"Umzug in die Vereinigten Staaten? 2026 Lebenshaltungskosten &amp; Umzugstipps\">us<\/a> mit dem Umzug\"<\/em> - Susanna \u00fcber <a href=\"http:\/\/trustedtraders.which.co.uk\/businesses\/bournes-moves\/#reviews\" target=\"_blank\" rel=\"noopener\">Welche?<\/a><\/li>\n<li> <em>\"Ich war sehr zufrieden. Vor allem, als meine Sendung sicher bei mir zu Hause in der <a href=\"https:\/\/moverdb.com\/de\/moving-to-the-uk\/\" data-internallinksmanager029f6b8e52c=\"93\" title=\"Umzug in das Vereinigte K\u00f6nigreich? 2026 Lebenshaltungskosten &amp; Umzugstipps\">UK<\/a> Das Personal war \u00e4u\u00dferst h\u00f6flich und sehr hilfsbereit.\"<\/em> - Susan \u00fcber <a href=\"https:\/\/www.facebook.com\/BournesRemovals\/reviews\/\" target=\"_blank\" rel=\"noopener\">Facebook<\/a><\/li>\n<\/ul>\n<p><strong>Negativ<\/strong><\/p>\n<ul>\n<li> \"Wir hatten das Pech, uns f\u00fcr Bournes zu entscheiden, was unser erster Umzug seit 19 Jahren war, also eine gro\u00dfe Sache f\u00fcr die ganze Familie. Bitte seien Sie sehr aufmerksam, wenn Sie dieses Unternehmen w\u00e4hlen.\" - Ali \u00fcber <a href=\"http:\/\/www.removalreviews.co.uk\/movingreviews\/miserable-move-12090\" target=\"_blank\" rel=\"noopener\">Umzugsgutachten<\/a><\/li>\n<\/ul>\n<div itemprop=\"review\" itemscope itemtype=\"http:\/\/schema.org\/Review\">\n<span itemprop=\"author\" itemscope=\"\" itemtype=\"http:\/\/schema.org\/Organization\"><span itemprop=\"name\">MoverDB.com<\/span><\/span> Online Website \u00dcberpr\u00fcfung f\u00fcr <span itemprop=\"itemreviewed\" itemscope=\"\" itemtype=\"http:\/\/schema.org\/Brand\"><span itemprop=\"name\">Bournes Umz\u00fcge<\/span><\/span>:<\/p>\n<ol>\n<li> Klare Kontaktangaben auf der Website (einschlie\u00dflich Telefonnummer): <strong>Ja<\/strong><\/li>\n<li> Leicht zu bekommen <a href=\"https:\/\/moverdb.com\/de\/zitate\/\">Angebote f\u00fcr internationale Umz\u00fcge<\/a>? (Online-Formular f\u00fcr Kostenvoranschl\u00e4ge): <strong>Ja<\/strong><\/li>\n<li> Klare Informationen auf der Website: <strong>Ja,<\/strong> Die Website enth\u00e4lt eine Vielzahl n\u00fctzlicher Informationen.<\/li>\n<li> Mitgliedschaft in international anerkannten Umzugsorganisationen: <strong>Ja<\/strong>, siehe oben.<\/li>\n<li> Liste der Kunden und\/oder Zeugnisse von fr\u00fcheren Kunden: <strong>Einige,<\/strong> Es gibt Kundenrezensionen auf der Website, aber sie sind nicht so leicht zu finden, was seltsam ist, denn sie sind sehr positiv.<\/li>\n<\/ol>\n<div itemprop=\"reviewRating\" itemscope itemtype=\"http:\/\/schema.org\/Rating\"><meta itemprop=\"worstRating\" content = \"0\" \/><meta itemprop=\"bestRating\" content=\"5\" \/><meta itemprop=\"ratingValue\" content=\"4.5\"><\/div>\n<p><strong>Gesamtbewertung: 4.5\/5<\/strong><br \/>\n<strong>Datum der \u00dcberpr\u00fcfung:<\/strong> <span itemprop=\"datePublished\" content=\"2016-09-03\">03\/09\/2016<\/span>\n<\/div>\n<p>Lesen Sie \u00fcber andere <a href=\"https:\/\/moverdb.com\/de\/internationale-umzuge\/\">Umzugsunternehmen<\/a> und mehr auf unserer <a href=\"https:\/\/moverdb.com\/de\/bewertungen\/\">\u00dcberpr\u00fcfungsprozess<\/a>.<\/p>\n<p><strong>Website:<\/strong> <a href=\"http:\/\/bournesmoves.com\" target=\"_blank\" rel=\"noopener\">http:\/\/bournesmoves.com<\/a><\/p>","protected":false},"excerpt":{"rendered":"<p>Bournes offers its clients a selection of international removals services for moving overseas which are listed below. There also follows a company profile and reviews. International Moving Full packing service Part packing service Self-packing Special care furniture export wrapping Assistance with documentation Collection Transport by ship &#8211; full container shipping, part load, wooden container Airfreight [&hellip;]<\/p>\n","protected":false},"author":1,"featured_media":0,"parent":0,"menu_order":0,"comment_status":"closed","ping_status":"closed","template":"","meta":{"_genesis_hide_title":false,"_genesis_hide_breadcrumbs":false,"_genesis_hide_singular_image":false,"_genesis_hide_footer_widgets":false,"_genesis_custom_body_class":"","_genesis_custom_post_class":"","_genesis_layout":"","footnotes":""},"class_list":{"0":"post-891","1":"page","2":"type-page","3":"status-publish","5":"entry"},"_links":{"self":[{"href":"https:\/\/moverdb.com\/de\/wp-json\/wp\/v2\/pages\/891","targetHints":{"allow":["GET"]}}],"collection":[{"href":"https:\/\/moverdb.com\/de\/wp-json\/wp\/v2\/pages"}],"about":[{"href":"https:\/\/moverdb.com\/de\/wp-json\/wp\/v2\/types\/page"}],"author":[{"embeddable":true,"href":"https:\/\/moverdb.com\/de\/wp-json\/wp\/v2\/users\/1"}],"replies":[{"embeddable":true,"href":"https:\/\/moverdb.com\/de\/wp-json\/wp\/v2\/comments?post=891"}],"version-history":[{"count":6,"href":"https:\/\/moverdb.com\/de\/wp-json\/wp\/v2\/pages\/891\/revisions"}],"predecessor-version":[{"id":6185,"href":"https:\/\/moverdb.com\/de\/wp-json\/wp\/v2\/pages\/891\/revisions\/6185"}],"wp:attachment":[{"href":"https:\/\/moverdb.com\/de\/wp-json\/wp\/v2\/media?parent=891"}],"curies":[{"name":"wp","href":"https:\/\/api.w.org\/{rel}","templated":true}]}}