{"id":8908,"date":"2023-04-27T14:29:46","date_gmt":"2023-04-27T14:29:46","guid":{"rendered":"https:\/\/moverdb.com\/?page_id=8908"},"modified":"2026-01-08T15:29:02","modified_gmt":"2026-01-08T15:29:02","slug":"moving-companies-panama","status":"publish","type":"page","link":"https:\/\/moverdb.com\/de\/moving-companies\/moving-companies-panama\/","title":{"rendered":"Die 5 besten internationalen Umzugsunternehmen in Panama"},"content":{"rendered":"<p>Ziehen Sie innerhalb von, nach oder von <a href=\"https:\/\/moverdb.com\/de\/moving-to-panama\/\" data-internallinksmanager029f6b8e52c=\"432\" title=\"Umzug nach Panama? 2026 Lebenshaltungskosten &amp; Umzugstipps\">Panama<\/a>? Dann sollten Sie vielleicht die Dienste eines <a href=\"https:\/\/moverdb.com\/de\/moving-companies\/\" data-internallinksmanager029f6b8e52c=\"79\" title=\"Top 25 Internationale Umzugsunternehmen Online\">Umzugsunternehmen<\/a> um Ihnen beim Verpacken, Organisieren des Transports und der Dokumentation f\u00fcr internationale Umz\u00fcge zu helfen. Im Folgenden haben wir eine Liste der in Panama ans\u00e4ssigen Unternehmen zusammengestellt <a href=\"https:\/\/moverdb.com\/de\/international-removals\/\" data-internallinksmanager029f6b8e52c=\"27\" title=\"36 Beste internationale Umzugsunternehmen in Gro\u00dfbritannien\">Umzugsunternehmen<\/a> die Mitglieder der <a href=\"https:\/\/moverdb.com\/de\/iam\/\" data-internallinksmanager029f6b8e52c=\"23\" title=\"International Association of Movers (IAM) erkl\u00e4rt\">Internationaler Verband der M\u00f6belspediteure<\/a> (IAM) und\/oder <a href=\"https:\/\/moverdb.com\/de\/fidi-faim\/\" data-internallinksmanager029f6b8e52c=\"16\" title=\"FIDI &amp; FAIM (FIDI Accredited International Mover) Erl\u00e4utert\">FIDI<\/a> Accredited International Mover (FAIM), die Ihnen bei Ihrem Umzug helfen k\u00f6nnen.<\/p>\n<div id=\"ez-toc-container\" class=\"ez-toc-v2_0_82_2 ez-toc-wrap-left counter-hierarchy ez-toc-counter ez-toc-transparent ez-toc-container-direction\">\n<div class=\"ez-toc-title-container\">\n<p class=\"ez-toc-title\" style=\"cursor:inherit\">Rubriken<\/p>\n<span class=\"ez-toc-title-toggle\"><a href=\"#\" class=\"ez-toc-pull-right ez-toc-btn ez-toc-btn-xs ez-toc-btn-default ez-toc-toggle\" aria-label=\"Inhaltsverzeichnis umschalten\"><span class=\"ez-toc-js-icon-con\"><span class=\"\"><span class=\"eztoc-hide\" style=\"display:none;\">Umschalten auf<\/span><span class=\"ez-toc-icon-toggle-span\"><svg style=\"fill: #999;color:#999\" xmlns=\"http:\/\/www.w3.org\/2000\/svg\" class=\"list-377408\" width=\"20px\" height=\"20px\" viewbox=\"0 0 24 24\" fill=\"none\"><path d=\"M6 6H4v2h2V6zm14 0H8v2h12V6zM4 11h2v2H4v-2zm16 0H8v2h12v-2zM4 16h2v2H4v-2zm16 0H8v2h12v-2z\" fill=\"currentColor\"><\/path><\/svg><svg style=\"fill: #999;color:#999\" class=\"arrow-unsorted-368013\" xmlns=\"http:\/\/www.w3.org\/2000\/svg\" width=\"10px\" height=\"10px\" viewbox=\"0 0 24 24\" version=\"1.2\" baseprofile=\"tiny\"><path d=\"M18.2 9.3l-6.2-6.3-6.2 6.3c-.2.2-.3.4-.3.7s.1.5.3.7c.2.2.4.3.7.3h11c.3 0 .5-.1.7-.3.2-.2.3-.5.3-.7s-.1-.5-.3-.7zM5.8 14.7l6.2 6.3 6.2-6.3c.2-.2.3-.5.3-.7s-.1-.5-.3-.7c-.2-.2-.4-.3-.7-.3h-11c-.3 0-.5.1-.7.3-.2.2-.3.5-.3.7s.1.5.3.7z\"\/><\/svg><\/span><\/span><\/span><\/a><\/span><\/div>\n<nav><ul class='ez-toc-list ez-toc-list-level-1 eztoc-toggle-hide-by-default' ><li class='ez-toc-page-1 ez-toc-heading-level-2'><a class=\"ez-toc-link ez-toc-heading-1\" href=\"https:\/\/moverdb.com\/de\/moving-companies\/moving-companies-panama\/#1_Canal_Movers_Logistics\" >1. Kanalumz\u00fcge &amp; Logistik<\/a><\/li><li class='ez-toc-page-1 ez-toc-heading-level-2'><a class=\"ez-toc-link ez-toc-heading-2\" href=\"https:\/\/moverdb.com\/de\/moving-companies\/moving-companies-panama\/#2_Logisfashion\" >2. Logisfashion<\/a><\/li><li class='ez-toc-page-1 ez-toc-heading-level-2'><a class=\"ez-toc-link ez-toc-heading-3\" href=\"https:\/\/moverdb.com\/de\/moving-companies\/moving-companies-panama\/#3_Mudanzas_Express\" >3. Mudanzas Express<\/a><\/li><li class='ez-toc-page-1 ez-toc-heading-level-2'><a class=\"ez-toc-link ez-toc-heading-4\" href=\"https:\/\/moverdb.com\/de\/moving-companies\/moving-companies-panama\/#4_Panama_Moving_Solutions\" >4. Panama Umzugsl\u00f6sungen<\/a><\/li><li class='ez-toc-page-1 ez-toc-heading-level-2'><a class=\"ez-toc-link ez-toc-heading-5\" href=\"https:\/\/moverdb.com\/de\/moving-companies\/moving-companies-panama\/#5_Panama_Packing_Storage\" >5. Panama Verpackung &amp; Lagerung<\/a><\/li><\/ul><\/nav><\/div>\n<h2><span class=\"ez-toc-section\" id=\"1_Canal_Movers_Logistics\"><\/span><strong>1. Kanalumz\u00fcge &amp; Logistik<\/strong><span class=\"ez-toc-section-end\"><\/span><\/h2>\n<p><img loading=\"lazy\" decoding=\"async\" class=\"alignnone size-full wp-image-8770\" src=\"https:\/\/moverdb.com\/wp-content\/uploads\/Canal-Movers-Logistics-international-moving-company.png\" alt=\"Canal Movers &amp; Logistics internationales Umzugsunternehmen\" width=\"1440\" height=\"679\" data-wp-pid=\"8770\" srcset=\"https:\/\/moverdb.com\/wp-content\/uploads\/Canal-Movers-Logistics-international-moving-company.png 1440w, https:\/\/moverdb.com\/wp-content\/uploads\/Canal-Movers-Logistics-international-moving-company-300x141.png 300w, https:\/\/moverdb.com\/wp-content\/uploads\/Canal-Movers-Logistics-international-moving-company-1024x483.png 1024w, https:\/\/moverdb.com\/wp-content\/uploads\/Canal-Movers-Logistics-international-moving-company-18x8.png 18w, https:\/\/moverdb.com\/wp-content\/uploads\/Canal-Movers-Logistics-international-moving-company-600x283.png 600w\" sizes=\"auto, (max-width: 1440px) 100vw, 1440px\" \/><\/p>\n<ul>\n<li>Lokale und nationale Umz\u00fcge<\/li>\n<li>Internationale Umz\u00fcge<\/li>\n<li>Umz\u00fcge von Haushalten<\/li>\n<li>B\u00fcroumz\u00fcge<\/li>\n<li>Ma\u00dfgeschneiderte Dienstleistungen<\/li>\n<li>Professioneller Verpackungsdienst<\/li>\n<li>Umgang mit Kunstwerken<\/li>\n<li>Transport von Fahrzeugen und Haustieren<\/li>\n<li>Versicherung<\/li>\n<li>Lagereinrichtungen<\/li>\n<\/ul>\n<p>Canal Movers &amp; Logistics ist ein Umzugs- und Logistikunternehmen, das multinationale Unternehmen und Privatpersonen betreut. Das Unternehmen arbeitet mit einem globalen Netzwerk von Logistik- und Umzugsunternehmen zusammen. Canal Movers &amp; Logistics ist seit 22 Jahren Mitglied der IAM und ist von der FIDI akkreditiert.<\/p>\n<p>Canal Movers &amp; Logistics bietet einen Umzugskoordinator, der Sie bei lokalen, nationalen und internationalen Umz\u00fcgen unterst\u00fctzt, unabh\u00e4ngig davon, ob Sie mit Ihrem Haus oder Ihrem Unternehmen umziehen. Sie bieten einen professionellen Verpackungsservice, um Ihr Hab und Gut w\u00e4hrend des Transports zu sch\u00fctzen und bieten Versicherungsschutz. Dar\u00fcber hinaus bieten sie zus\u00e4tzliche Dienstleistungen wie M\u00f6belverleih, Transport von Autos, Motorr\u00e4dern und Booten, Transport von Haustieren und Umgang mit Kunstgegenst\u00e4nden.<\/p>\n<p>Website: <a href=\"http:\/\/www.canalmovers.com\" target=\"_blank\" rel=\"noopener\">http:\/\/www.canalmovers.com<\/a><\/p>\n<h2><span class=\"ez-toc-section\" id=\"2_Logisfashion\"><\/span><strong>2. Logisfashion<\/strong><span class=\"ez-toc-section-end\"><\/span><\/h2>\n<p><img loading=\"lazy\" decoding=\"async\" class=\"alignnone size-full wp-image-8822\" src=\"https:\/\/moverdb.com\/wp-content\/uploads\/Logisfashion-international-moving-company.png\" alt=\"Logisfashion internationales Umzugsunternehmen\" width=\"1440\" height=\"680\" data-wp-pid=\"8822\" srcset=\"https:\/\/moverdb.com\/wp-content\/uploads\/Logisfashion-international-moving-company.png 1440w, https:\/\/moverdb.com\/wp-content\/uploads\/Logisfashion-international-moving-company-300x142.png 300w, https:\/\/moverdb.com\/wp-content\/uploads\/Logisfashion-international-moving-company-1024x484.png 1024w, https:\/\/moverdb.com\/wp-content\/uploads\/Logisfashion-international-moving-company-18x9.png 18w, https:\/\/moverdb.com\/wp-content\/uploads\/Logisfashion-international-moving-company-600x283.png 600w\" sizes=\"auto, (max-width: 1440px) 100vw, 1440px\" \/><\/p>\n<ul>\n<li>Nationale Verkehrsmittel<\/li>\n<li>Internationaler Transport<\/li>\n<li>Privater Transport<\/li>\n<li>Kommerzieller Transport<\/li>\n<li>Ma\u00dfgeschneiderter T\u00fcr-zu-T\u00fcr-Service<\/li>\n<li>Unterschiedliche Versandgr\u00f6\u00dfen<\/li>\n<li>Luft-, See- und Landtransport<\/li>\n<li>Unterst\u00fctzung durch den Zoll<\/li>\n<li>Versicherung<\/li>\n<li>Lagereinrichtungen<\/li>\n<\/ul>\n<p>Logisfashion ist ein 1997 gegr\u00fcndetes internationales Logistikunternehmen mit Niederlassungen in neun L\u00e4ndern auf der ganzen Welt und einem B\u00fcro in Panama-Stadt. Das Unternehmen ist seit 42 Jahren Mitglied der IAM und hat dadurch Zugang zu einem internationalen Netzwerk von Umzugsunternehmen.<\/p>\n<p>Logisfashion bietet internationale Transporte auf dem Luft-, See- und Landweg an, die sowohl volle Containerladungen als auch weniger als Containerladungen umfassen. Das Unternehmen bietet einen ma\u00dfgeschneiderten Haus-zu-Haus-Service mit Sendungsverfolgung, Zollabfertigung und Warenversicherung. Das Unternehmen bietet auch Lager- und Aufbewahrungsm\u00f6glichkeiten zur Unterst\u00fctzung von Vertriebs- und Import- oder Exportaktivit\u00e4ten.<\/p>\n<p>Website: <a href=\"http:\/\/www.logisfashion.com\" target=\"_blank\" rel=\"noopener\">http:\/\/www.logisfashion.com<\/a><\/p>\n<h2><span class=\"ez-toc-section\" id=\"3_Mudanzas_Express\"><\/span><strong>3. Mudanzas Express<\/strong><span class=\"ez-toc-section-end\"><\/span><\/h2>\n<p><img loading=\"lazy\" decoding=\"async\" class=\"alignnone size-full wp-image-8833\" src=\"https:\/\/moverdb.com\/wp-content\/uploads\/Mudanzas-Express-international-moving-company.png\" alt=\"Mudanzas Express internationales Umzugsunternehmen\" width=\"1440\" height=\"686\" data-wp-pid=\"8833\" srcset=\"https:\/\/moverdb.com\/wp-content\/uploads\/Mudanzas-Express-international-moving-company.png 1440w, https:\/\/moverdb.com\/wp-content\/uploads\/Mudanzas-Express-international-moving-company-300x143.png 300w, https:\/\/moverdb.com\/wp-content\/uploads\/Mudanzas-Express-international-moving-company-1024x488.png 1024w, https:\/\/moverdb.com\/wp-content\/uploads\/Mudanzas-Express-international-moving-company-18x9.png 18w, https:\/\/moverdb.com\/wp-content\/uploads\/Mudanzas-Express-international-moving-company-600x286.png 600w\" sizes=\"auto, (max-width: 1440px) 100vw, 1440px\" \/><\/p>\n<ul>\n<li>Lokale Umz\u00fcge<\/li>\n<li>Internationale Umz\u00fcge<\/li>\n<li>Umz\u00fcge im Haushalt<\/li>\n<li>Kommerzielle und B\u00fcroumz\u00fcge<\/li>\n<li>Haus-zu-Haus-Dienst<\/li>\n<li>\u00dcberwachter Managementprozess<\/li>\n<li>Verpackungsservice<\/li>\n<li>Luft- und Seetransport<\/li>\n<li>Zollabfertigung<\/li>\n<li>Autotransport<\/li>\n<\/ul>\n<p>Mudanzas Express ist ein internationales Umzugsunternehmen mit Sitz in Tocumen, das auf \u00fcber 12 Jahre Erfahrung zur\u00fcckblicken kann. Das Unternehmen ist seit 15 Jahren Mitglied der IAM und verf\u00fcgt damit \u00fcber ein internationales Netzwerk von Umzugsagenten, die es bei Dienstleistungen au\u00dferhalb Panamas unterst\u00fctzen.<\/p>\n<p>Mudanzas Express bietet einen Umzugsservice f\u00fcr Personen, die nach oder von Panama umziehen, und zwar von T\u00fcr zu T\u00fcr. Sie bieten einen Verpackungsservice an, um Ihr Hab und Gut w\u00e4hrend des Transports zu sch\u00fctzen, M\u00f6bel zu zerlegen und zu montieren sowie zerbrechliche Gegenst\u00e4nde und Klaviere zu transportieren.  Sie organisieren den Transport und k\u00fcmmern sich um die Abwicklung, einschlie\u00dflich der Zollabfertigung.<\/p>\n<p>Website: <a href=\"http:\/\/www.mudanzasexpresspanama.com\" target=\"_blank\" rel=\"noopener\">http:\/\/www.mudanzasexpresspanama.com<\/a><\/p>\n<h2><span class=\"ez-toc-section\" id=\"4_Panama_Moving_Solutions\"><\/span><strong>4. Panama Umzugsl\u00f6sungen<\/strong><span class=\"ez-toc-section-end\"><\/span><\/h2>\n<p><img loading=\"lazy\" decoding=\"async\" class=\"alignnone size-full wp-image-8843\" src=\"https:\/\/moverdb.com\/wp-content\/uploads\/Panama-Moving-Solutions-international-moving-company.png\" alt=\"Panama Moving Solutions internationales Umzugsunternehmen\" width=\"1440\" height=\"681\" data-wp-pid=\"8843\" srcset=\"https:\/\/moverdb.com\/wp-content\/uploads\/Panama-Moving-Solutions-international-moving-company.png 1440w, https:\/\/moverdb.com\/wp-content\/uploads\/Panama-Moving-Solutions-international-moving-company-300x142.png 300w, https:\/\/moverdb.com\/wp-content\/uploads\/Panama-Moving-Solutions-international-moving-company-1024x484.png 1024w, https:\/\/moverdb.com\/wp-content\/uploads\/Panama-Moving-Solutions-international-moving-company-18x9.png 18w, https:\/\/moverdb.com\/wp-content\/uploads\/Panama-Moving-Solutions-international-moving-company-600x284.png 600w\" sizes=\"auto, (max-width: 1440px) 100vw, 1440px\" \/><\/p>\n<ul>\n<li>Lokale und nationale Umz\u00fcge<\/li>\n<li>Internationale Umz\u00fcge<\/li>\n<li>Umz\u00fcge von Haushalten<\/li>\n<li>Umz\u00fcge von Unternehmen<\/li>\n<li>T\u00fcr-zu-T\u00fcr und T\u00fcr-zu-T\u00fcr<a href=\"https:\/\/moverdb.com\/de\/top-49-container-ports\/\" data-internallinksmanager029f6b8e52c=\"80\" title=\"Top 49 der gr\u00f6\u00dften und verkehrsreichsten Containerh\u00e4fen im Jahr 2025\">Hafen<\/a> Dienstleistungen<\/li>\n<li>Verpackungsdienstleistungen<\/li>\n<li>Organisation des Transports<\/li>\n<li>Transport von Haustieren<\/li>\n<li>Fahrzeugtransport<\/li>\n<li>Lagereinrichtungen<\/li>\n<\/ul>\n<p>Panama Moving Solutions bietet internationale Umz\u00fcge und Frachttransporte mit \u00fcber 20 Jahren Erfahrung an und hat seinen Sitz in Panama City. Sie arbeiten mit international anerkannten Umzugsunternehmen zusammen, die sie bei der Erbringung ihrer Dienstleistungen unterst\u00fctzen, und sind seit sechs Jahren Mitglied der IAM.<\/p>\n<p>Panama Moving Solutions bietet ma\u00dfgeschneiderte Umz\u00fcge innerhalb, nach und aus Panama an, die von Haus zu Haus oder von Haus zu Haus durchgef\u00fchrt werden k\u00f6nnen. Sie bieten einen Verpackungsservice, der die besten Verpackungsprodukte und die neuesten Verpackungstechniken verwendet, um Sch\u00e4den und Feuchtigkeit zu reduzieren. Sie bieten zus\u00e4tzliche Dienstleistungen wie den Transport von Haustieren und Fahrzeugen sowie die Lagerung an.<\/p>\n<p>Website: <a href=\"http:\/\/www.pmovings.com\" target=\"_blank\" rel=\"noopener\">http:\/\/www.pmovings.com<\/a><\/p>\n<h2><span class=\"ez-toc-section\" id=\"5_Panama_Packing_Storage\"><\/span><strong>5. Panama Verpackung &amp; Lagerung<\/strong><span class=\"ez-toc-section-end\"><\/span><\/h2>\n<p><img loading=\"lazy\" decoding=\"async\" class=\"alignnone size-full wp-image-8844\" src=\"https:\/\/moverdb.com\/wp-content\/uploads\/Panama-Packing-Storage-international-moving-company.png\" alt=\"Panama Packing &amp; Storage internationales Umzugsunternehmen\" width=\"1440\" height=\"682\" data-wp-pid=\"8844\" srcset=\"https:\/\/moverdb.com\/wp-content\/uploads\/Panama-Packing-Storage-international-moving-company.png 1440w, https:\/\/moverdb.com\/wp-content\/uploads\/Panama-Packing-Storage-international-moving-company-300x142.png 300w, https:\/\/moverdb.com\/wp-content\/uploads\/Panama-Packing-Storage-international-moving-company-1024x485.png 1024w, https:\/\/moverdb.com\/wp-content\/uploads\/Panama-Packing-Storage-international-moving-company-18x9.png 18w, https:\/\/moverdb.com\/wp-content\/uploads\/Panama-Packing-Storage-international-moving-company-600x284.png 600w\" sizes=\"auto, (max-width: 1440px) 100vw, 1440px\" \/><\/p>\n<ul>\n<li>Lokale Umz\u00fcge<\/li>\n<li>Internationale Umz\u00fcge<\/li>\n<li>Umz\u00fcge im Haushalt<\/li>\n<li>B\u00fcrodienstleistungen<\/li>\n<li>Haus-zu-Haus- oder Haus-zu-Hafen-Dienste<\/li>\n<li>Verpackungsservice<\/li>\n<li>Stra\u00dfen-, See- und Luftverkehr<\/li>\n<li>Unterst\u00fctzung von Import und Export<\/li>\n<li>Handhabung von Kunstwerken<\/li>\n<li>Kurze bis lange Lagerungsm\u00f6glichkeiten<\/li>\n<\/ul>\n<p>Panama Packing &amp; Storage ist ein lateinamerikanisches Umzugsunternehmen, das 1971 gegr\u00fcndet wurde und seinen Sitz in Panama City hat. Das Unternehmen verf\u00fcgt \u00fcber ein weltweites Netz von Umzugsagenten, die es mit ihren Dienstleistungen auch au\u00dferhalb seines Gesch\u00e4ftsgebiets unterst\u00fctzen k\u00f6nnen. Das Unternehmen ist Mitglied der IAM und von der FIDI akkreditiert.<\/p>\n<p>Panama Packing &amp; Storage bietet internationale Umz\u00fcge und lokale Umz\u00fcge an, zu denen auch ein Kunsttransport geh\u00f6rt. Sie bieten einen Einpack- und Auspackservice an, der auch das Einpacken und Verschlie\u00dfen zerbrechlicher Gegenst\u00e4nde umfasst. Sie bieten sichere Lagerm\u00f6glichkeiten, die f\u00fcr kurz- oder langfristige L\u00f6sungen geeignet sind.<\/p>\n<p>Website: <a href=\"http:\/\/www.panamapacking.com\" target=\"_blank\" rel=\"noopener\">http:\/\/www.panamapacking.com<\/a><\/p>","protected":false},"excerpt":{"rendered":"<p>Are you moving home or office within, to or from Panama? Then you may want to employ the services of a moving company to assist you with packing, organising transportation and arrangement of documentation for international moves. Below we have compiled a list of Panama based removal companies that are members of the International Association [&hellip;]<\/p>\n","protected":false},"author":4,"featured_media":0,"parent":190,"menu_order":0,"comment_status":"closed","ping_status":"closed","template":"","meta":{"_genesis_hide_title":false,"_genesis_hide_breadcrumbs":false,"_genesis_hide_singular_image":false,"_genesis_hide_footer_widgets":false,"_genesis_custom_body_class":"","_genesis_custom_post_class":"","_genesis_layout":"","footnotes":""},"class_list":{"0":"post-8908","1":"page","2":"type-page","3":"status-publish","5":"entry","6":"has-post-thumbnail"},"_links":{"self":[{"href":"https:\/\/moverdb.com\/de\/wp-json\/wp\/v2\/pages\/8908","targetHints":{"allow":["GET"]}}],"collection":[{"href":"https:\/\/moverdb.com\/de\/wp-json\/wp\/v2\/pages"}],"about":[{"href":"https:\/\/moverdb.com\/de\/wp-json\/wp\/v2\/types\/page"}],"author":[{"embeddable":true,"href":"https:\/\/moverdb.com\/de\/wp-json\/wp\/v2\/users\/4"}],"replies":[{"embeddable":true,"href":"https:\/\/moverdb.com\/de\/wp-json\/wp\/v2\/comments?post=8908"}],"version-history":[{"count":1,"href":"https:\/\/moverdb.com\/de\/wp-json\/wp\/v2\/pages\/8908\/revisions"}],"predecessor-version":[{"id":8909,"href":"https:\/\/moverdb.com\/de\/wp-json\/wp\/v2\/pages\/8908\/revisions\/8909"}],"up":[{"embeddable":true,"href":"https:\/\/moverdb.com\/de\/wp-json\/wp\/v2\/pages\/190"}],"wp:attachment":[{"href":"https:\/\/moverdb.com\/de\/wp-json\/wp\/v2\/media?parent=8908"}],"curies":[{"name":"wp","href":"https:\/\/api.w.org\/{rel}","templated":true}]}}