{"id":8906,"date":"2023-04-27T14:30:32","date_gmt":"2023-04-27T14:30:32","guid":{"rendered":"https:\/\/moverdb.com\/?page_id=8906"},"modified":"2026-01-08T15:24:24","modified_gmt":"2026-01-08T15:24:24","slug":"moving-companies-paraguay","status":"publish","type":"page","link":"https:\/\/moverdb.com\/de\/moving-companies\/moving-companies-paraguay\/","title":{"rendered":"Die 3 besten internationalen Umzugsunternehmen in Paraguay"},"content":{"rendered":"<p>Planen Sie einen Umzug innerhalb, nach oder von Paraguay? Ben\u00f6tigen Sie Hilfe beim Packen und Organisieren Ihres Umzugs, insbesondere wenn Sie in ein anderes Land umziehen und Einfuhr-\/Ausfuhrformalit\u00e4ten erledigen m\u00fcssen? Nachfolgend haben wir eine Liste von Umzugsunternehmen mit Sitz in Paraguay zusammengestellt <a href=\"https:\/\/moverdb.com\/de\/international-removals\/\" data-internallinksmanager029f6b8e52c=\"27\" title=\"36 Beste internationale Umzugsunternehmen in Gro\u00dfbritannien\">Umzugsunternehmen<\/a> die Mitglieder der <a href=\"https:\/\/moverdb.com\/de\/iam\/\" data-internallinksmanager029f6b8e52c=\"23\" title=\"International Association of Movers (IAM) erkl\u00e4rt\">Internationaler Verband der M\u00f6belspediteure<\/a> (IAM) und\/oder <a href=\"https:\/\/moverdb.com\/de\/fidi-faim\/\" data-internallinksmanager029f6b8e52c=\"16\" title=\"FIDI &amp; FAIM (FIDI Accredited International Mover) Erl\u00e4utert\">FIDI<\/a> Accredited International Mover (FAIM), die Ihnen bei Ihrem Umzug helfen k\u00f6nnen.<\/p>\n<h2><strong>1. Servimex<\/strong><\/h2>\n<p><img loading=\"lazy\" decoding=\"async\" class=\"alignnone size-full wp-image-8856\" src=\"https:\/\/moverdb.com\/wp-content\/uploads\/Servimex-international-moving-company.png\" alt=\"Servimex Internationales Umzugsunternehmen\" width=\"1440\" height=\"674\" data-wp-pid=\"8856\" srcset=\"https:\/\/moverdb.com\/wp-content\/uploads\/Servimex-international-moving-company.png 1440w, https:\/\/moverdb.com\/wp-content\/uploads\/Servimex-international-moving-company-300x140.png 300w, https:\/\/moverdb.com\/wp-content\/uploads\/Servimex-international-moving-company-1024x479.png 1024w, https:\/\/moverdb.com\/wp-content\/uploads\/Servimex-international-moving-company-18x8.png 18w, https:\/\/moverdb.com\/wp-content\/uploads\/Servimex-international-moving-company-600x281.png 600w\" sizes=\"auto, (max-width: 1440px) 100vw, 1440px\" \/><\/p>\n<ul>\n<li>Lokale nationale Umz\u00fcge<\/li>\n<li>Internationale Umz\u00fcge<\/li>\n<li>Umz\u00fcge f\u00fcr Wohnzwecke<\/li>\n<li>B\u00fcroumz\u00fcge<\/li>\n<li>Haus-zu-Haus-Dienste<\/li>\n<li>Verpackungsservice<\/li>\n<li>Stra\u00dfen-, See- und Luftverkehr<\/li>\n<li>Zollabfertigung<\/li>\n<li>Versicherung<\/li>\n<li>Lagereinrichtungen<\/li>\n<\/ul>\n<p>Servimex ist ein <a href=\"https:\/\/moverdb.com\/de\/moving-companies\/\" data-internallinksmanager029f6b8e52c=\"79\" title=\"Top 25 Internationale Umzugsunternehmen Online\">Umzugsunternehmen<\/a> die 1979 gegr\u00fcndet wurde und ihren Sitz in Asuncion hat. Das Unternehmen ist seit 44 Jahren Mitglied der IAM und von der FIDI akkreditiert, was ihm Zugang zu einem internationalen Netz von Umzugsunternehmen verschafft.<\/p>\n<p>Servimex bietet einen Verpackungsservice f\u00fcr Haushaltswaren und Kunstwerke, die zum Schutz w\u00e4hrend des Transports in Industrieverpackungen verpackt werden. Sie bieten multimodale Transportl\u00f6sungen an, die den Stra\u00dfen-, See- und Lufttransport in Containern umfassen, und helfen bei der Export- und Importzollabfertigung. Sie bieten Umzugsdienstleistungen an, einschlie\u00dflich Einwanderung, Orientierung, Unterst\u00fctzung bei der Ansiedlung, Wohnungs- und Schulsuche sowie Unterst\u00fctzung bei der Abreise.<\/p>\n<p>Website: <a href=\"http:\/\/www.servimex.com.py\" target=\"_blank\" rel=\"noopener\">http:\/\/www.servimex.com.py<\/a><\/p>\n<h2><strong>2. Benkovics<\/strong><\/h2>\n<p><img loading=\"lazy\" decoding=\"async\" class=\"alignnone size-full wp-image-8766\" src=\"https:\/\/moverdb.com\/wp-content\/uploads\/Benkovics-international-moving-company.png\" alt=\"Benkovics internationales Umzugsunternehmen\" width=\"1440\" height=\"679\" data-wp-pid=\"8766\" srcset=\"https:\/\/moverdb.com\/wp-content\/uploads\/Benkovics-international-moving-company.png 1440w, https:\/\/moverdb.com\/wp-content\/uploads\/Benkovics-international-moving-company-300x141.png 300w, https:\/\/moverdb.com\/wp-content\/uploads\/Benkovics-international-moving-company-1024x483.png 1024w, https:\/\/moverdb.com\/wp-content\/uploads\/Benkovics-international-moving-company-18x8.png 18w, https:\/\/moverdb.com\/wp-content\/uploads\/Benkovics-international-moving-company-600x283.png 600w\" sizes=\"auto, (max-width: 1440px) 100vw, 1440px\" \/><\/p>\n<ul>\n<li>Nationale Umz\u00fcge<\/li>\n<li>Internationale Umz\u00fcge<\/li>\n<li>Umz\u00fcge von Haushalten<\/li>\n<li>Umfrage vor dem Umzug<\/li>\n<li>Bewegliche F\u00fchrung<\/li>\n<li>Verpackungsservice<\/li>\n<li>Land-, Luft- und Seetransport<\/li>\n<li>Abfertigung bei der Ausfuhr<\/li>\n<li>Versicherung<\/li>\n<li>Kurz- und Langzeitlagerung<\/li>\n<\/ul>\n<p>Benkovics ist ein Umzugsunternehmen mit Sitz in Asuncion. Sie arbeiten mit international akkreditierten Umzugsunternehmen in der ganzen Welt zusammen, um ihre Dienstleistungen international zu erbringen. Benkovics ist Mitglied der IAM und kann auf 64 Jahre Erfahrung zur\u00fcckblicken.<\/p>\n<p>Benkovics bietet vor dem Umzug eine Bestandsaufnahme an, um den Umfang Ihres Umzugsbedarfs zu ermitteln und Ihnen einen Kostenvoranschlag zu unterbreiten. Benkovics bietet einen Verpackungsservice an, bei dem hochwertiges Verpackungsmaterial wie Holzskelette und stabile Kisten verwendet werden, um Ihr Hab und Gut zu sch\u00fctzen. Ihre Logistikexperten organisieren den Transport auf der Stra\u00dfe, auf dem Luft- oder Seeweg und helfen bei der Exportabfertigung. Bei der Ankunft packen sie aus und entfernen alle Abf\u00e4lle.<\/p>\n<p>Website: <a href=\"http:\/\/www.benkovics.com.py\" target=\"_blank\" rel=\"noopener\">http:\/\/www.benkovics.com.py<\/a><\/p>\n<h2><strong>3. Asuncion Vanpack<\/strong><\/h2>\n<p><img loading=\"lazy\" decoding=\"async\" class=\"alignnone size-full wp-image-8761\" src=\"https:\/\/moverdb.com\/wp-content\/uploads\/Asuncion-Vanpack-international-moving-company.png\" alt=\"Asuncion Vanpack internationales Umzugsunternehmen\" width=\"1440\" height=\"677\" data-wp-pid=\"8761\" srcset=\"https:\/\/moverdb.com\/wp-content\/uploads\/Asuncion-Vanpack-international-moving-company.png 1440w, https:\/\/moverdb.com\/wp-content\/uploads\/Asuncion-Vanpack-international-moving-company-300x141.png 300w, https:\/\/moverdb.com\/wp-content\/uploads\/Asuncion-Vanpack-international-moving-company-1024x481.png 1024w, https:\/\/moverdb.com\/wp-content\/uploads\/Asuncion-Vanpack-international-moving-company-18x8.png 18w, https:\/\/moverdb.com\/wp-content\/uploads\/Asuncion-Vanpack-international-moving-company-600x282.png 600w\" sizes=\"auto, (max-width: 1440px) 100vw, 1440px\" \/><\/p>\n<ul>\n<li>Nationale Umz\u00fcge<\/li>\n<li>Internationale Umz\u00fcge<\/li>\n<li>Umz\u00fcge im Haushalt<\/li>\n<li>In-Home-Befragung<\/li>\n<li>Verpackungsservice<\/li>\n<li>Spezialisierte Verpackungen<\/li>\n<li>Organisation des Transports<\/li>\n<li>Versicherung<\/li>\n<li>Dateiverwaltung<\/li>\n<li>Lagereinrichtungen<\/li>\n<\/ul>\n<p>Asuncion Vanpack ist ein Transport- und Logistikunternehmen mit mehr als 30 Jahren Erfahrung und Sitz in Asuncion. Das Unternehmen ist seit 35 Jahren Mitglied der IAM und hat dadurch Zugang zu einem internationalen Netzwerk von Umzugsagenten, die sie au\u00dferhalb Paraguays unterst\u00fctzen.<\/p>\n<p>Asuncion Vanpack f\u00fchrt eine Umfrage durch, um das Volumen Ihres Umzugs zu ermitteln, die besten Optionen f\u00fcr Ihren Umzug zu empfehlen und ein Angebot zu erstellen. Sie bieten einen Verpackungsservice an, der die besten Verpackungsmaterialien zum Schutz Ihrer Gegenst\u00e4nde w\u00e4hrend des Transports bereitstellt. Sie verwenden ein spezielles Verpackungsdesign f\u00fcr jeden Gegenstand und verf\u00fcgen \u00fcber eine Schreinerei f\u00fcr spezielle Anforderungen.<\/p>\n<p>Website: <a href=\"http:\/\/www.asuncionvanpack.com\" target=\"_blank\" rel=\"noopener\">http:\/\/www.asuncionvanpack.com<\/a><\/p>","protected":false},"excerpt":{"rendered":"<p>Are you planning a move within, to or from Paraguay? If you need help with packing and organising your move especially if you are moving countries and need to complete import\/export paperwork. Below we have compiled a list of Paraguay based removal companies that are members of the International Association of Movers (IAM) and\/or FIDI [&hellip;]<\/p>\n","protected":false},"author":4,"featured_media":0,"parent":190,"menu_order":0,"comment_status":"closed","ping_status":"closed","template":"","meta":{"_genesis_hide_title":false,"_genesis_hide_breadcrumbs":false,"_genesis_hide_singular_image":false,"_genesis_hide_footer_widgets":false,"_genesis_custom_body_class":"","_genesis_custom_post_class":"","_genesis_layout":"","footnotes":""},"class_list":{"0":"post-8906","1":"page","2":"type-page","3":"status-publish","5":"entry","6":"has-post-thumbnail"},"_links":{"self":[{"href":"https:\/\/moverdb.com\/de\/wp-json\/wp\/v2\/pages\/8906","targetHints":{"allow":["GET"]}}],"collection":[{"href":"https:\/\/moverdb.com\/de\/wp-json\/wp\/v2\/pages"}],"about":[{"href":"https:\/\/moverdb.com\/de\/wp-json\/wp\/v2\/types\/page"}],"author":[{"embeddable":true,"href":"https:\/\/moverdb.com\/de\/wp-json\/wp\/v2\/users\/4"}],"replies":[{"embeddable":true,"href":"https:\/\/moverdb.com\/de\/wp-json\/wp\/v2\/comments?post=8906"}],"version-history":[{"count":1,"href":"https:\/\/moverdb.com\/de\/wp-json\/wp\/v2\/pages\/8906\/revisions"}],"predecessor-version":[{"id":8907,"href":"https:\/\/moverdb.com\/de\/wp-json\/wp\/v2\/pages\/8906\/revisions\/8907"}],"up":[{"embeddable":true,"href":"https:\/\/moverdb.com\/de\/wp-json\/wp\/v2\/pages\/190"}],"wp:attachment":[{"href":"https:\/\/moverdb.com\/de\/wp-json\/wp\/v2\/media?parent=8906"}],"curies":[{"name":"wp","href":"https:\/\/api.w.org\/{rel}","templated":true}]}}