{"id":890,"date":"2016-08-29T10:10:27","date_gmt":"2016-08-29T10:10:27","guid":{"rendered":"http:\/\/moverdb.com\/?page_id=890"},"modified":"2026-01-08T15:20:31","modified_gmt":"2026-01-08T15:20:31","slug":"pearson","status":"publish","type":"page","link":"https:\/\/moverdb.com\/de\/pearson\/","title":{"rendered":"Pearson Home Umzug: Internationale Umz\u00fcge Bewertungen"},"content":{"rendered":"<p>Pearson Home Moving ist ein Umzugs- und Relocation-Unternehmen, das seinen Kunden die folgenden Dienstleistungen anbietet. Auf die Liste der Dienstleistungen folgen das Unternehmensprofil und Bewertungen.<\/p>\n<p><strong>Internationale Umzugsdienste<\/strong><\/p>\n<ul>\n<li> Engagierter Umzugsmanager<\/li>\n<li> Dienst von T\u00fcr zu T\u00fcr<\/li>\n<li> Spezieller Fuhrpark<\/li>\n<li> Professionelle Packer - demontieren und verpacken<\/li>\n<li> Mitgeliefertes Verpackungsmaterial<\/li>\n<li> <a href=\"https:\/\/moverdb.com\/de\/containerschifffahrt\/\">Luftfracht oder Seefracht<\/a><\/li>\n<li> Unterst\u00fctzung durch den Zoll<\/li>\n<li> Auspacken und wieder zusammensetzen<\/li>\n<li> Umsiedlung von Haustieren<\/li>\n<li> <a href=\"https:\/\/moverdb.com\/de\/auto-transport-versand\/\">Fahrzeugverlagerung<\/a><\/li>\n<li> Reinigungsdienst<\/li>\n<li> Versicherung abgeschlossen<\/li>\n<li> Lagerung verf\u00fcgbar<\/li>\n<\/ul>\n<h2>Pearson Home Umzug Unternehmensprofil<\/h2>\n<p>Pearson Home Moving wurde 1917 von Edward Pearson gegr\u00fcndet und hat bis heute \u00fcber 250.000 erfolgreiche Umz\u00fcge auf allen Kontinenten und sogar in der Antarktis durchgef\u00fchrt. Das Ziel von Edward Pearson war es, der beste <a href=\"https:\/\/moverdb.com\/de\/international-removals\/\" data-internallinksmanager029f6b8e52c=\"27\" title=\"36 Beste internationale Umzugsunternehmen in Gro\u00dfbritannien\">Umzugsunternehmen<\/a> in der Branche.<\/p>\n<p>Nach eigenen Angaben hat das Unternehmen die letzten 100 Jahre genutzt, um eines der besten globalen Netzwerke von Umzugsprofis der Welt aufzubauen. Pearson Home Moving stellt seine Kunden an die erste Stelle, egal wie klein der Umzug ist.<\/p>\n<p>Zu den Umweltrichtlinien von Pearson Home Moving geh\u00f6ren die Verwendung umweltfreundlicher Produkte und Recycling, wo immer dies m\u00f6glich ist, sowie der Einsatz voll beladener Fahrzeuge, um den CO2-Aussto\u00df zu verringern.<\/p>\n<p>Sie verf\u00fcgen \u00fcber die folgenden Akkreditierungen und Mitgliedschaften:<\/p>\n<ul>\n<li> <a href=\"https:\/\/moverdb.com\/de\/britische-vereinigung-der-entferner\/\">Der britische Verband der M\u00f6belpacker<\/a> (<a href=\"https:\/\/moverdb.com\/de\/british-association-of-removers\/\" data-internallinksmanager029f6b8e52c=\"9\" title=\"British Association of Removers (BAR) erkl\u00e4rt\">BAR<\/a>)<\/li>\n<li> <a href=\"https:\/\/moverdb.com\/de\/harmony-relocation-network\/\">Harmony Relocation Netzwerk<\/a><\/li>\n<li> DNV ISO9001<\/li>\n<li> <a href=\"https:\/\/moverdb.com\/de\/fedemac\/\">F\u00f6deration der europ\u00e4ischen Spediteure<\/a> (<a href=\"https:\/\/moverdb.com\/de\/fedemac\/\" data-internallinksmanager029f6b8e52c=\"15\" title=\"F\u00f6deration der europ\u00e4ischen Spediteure (FEDEMAC) erkl\u00e4rt\">FEDEMAC<\/a>)<\/li>\n<li> <a href=\"https:\/\/moverdb.com\/de\/fidi-faim\/\">FIDI<\/a><\/li>\n<\/ul>\n<h2>Pearson Home Moving Bewertungen<\/h2>\n<p><strong>Positiv:<\/strong><\/p>\n<ul>\n<li> \"Dies war unser 19. Umzug in 40 Jahren. Der beste, den wir je hatten, sehr professionelles B\u00fcropersonal und die Umzugshelfer waren erstklassig. Gut gemacht! Wir w\u00fcrden Pearson von ganzem Herzen weiter empfehlen.\" - Peter \u00fcber <a href=\"http:\/\/www.pearsonhomemoving.com\/\" target=\"_blank\" rel=\"noopener\">Pearson Home Moving Website<\/a><\/li>\n<li> <em>\"Dieses Unternehmen war von Anfang bis Ende fantastisch. Ihr Preis war wirklich wettbewerbsf\u00e4hig und sie gaben <a href=\"https:\/\/moverdb.com\/de\/moving-to-the-united-states\/\" data-internallinksmanager029f6b8e52c=\"94\" title=\"Umzug in die Vereinigten Staaten? 2026 Lebenshaltungskosten &amp; Umzugstipps\">us<\/a> eine ausgezeichnete Dienstleistung.\"<\/em> - Steve \u00fcber <a href=\"http:\/\/www.mymovingreviews.com\/movers\/pearson-home-moving-2276#56936\" target=\"_blank\" rel=\"noopener\">MyMovingReviews.com<\/a><\/li>\n<li> <em>\"Wir haben einen sehr professionellen Service f\u00fcr unseren Umzug von <a href=\"https:\/\/moverdb.com\/de\/moving-to-germany\/\" data-internallinksmanager029f6b8e52c=\"321\" title=\"Umzug nach Deutschland? 2026 Lebenshaltungskosten &amp; Umzugstipps\">Deutschland<\/a> zum <a href=\"https:\/\/moverdb.com\/de\/moving-to-the-uk\/\" data-internallinksmanager029f6b8e52c=\"93\" title=\"Umzug in das Vereinigte K\u00f6nigreich? 2026 Lebenshaltungskosten &amp; Umzugstipps\">UK<\/a>.\"<\/em> - Kerry \u00fcber <a href=\"http:\/\/www.removalreviews.co.uk\/movingreviews\/home-move-to-uk-10941\" target=\"_blank\" rel=\"noopener\">Umzugsgutachten<\/a><\/li>\n<li> \"<em>Toller Kundenservice\/ toller Gesamtservice .\"<\/em> - Bruce \u00fcber <a href=\"http:\/\/www.ciao.co.uk\/Pearson_Home_Moving__Review_6008009\" target=\"_blank\" rel=\"noopener\">Ciao!<\/a> <\/li>\n<\/ul>\n<p><strong>Negativ:<\/strong><\/p>\n<ul>\n<li> <em>\"Die Lieferung kam zwei Tage zu sp\u00e4t. Wir k\u00f6nnen verstehen, dass es Probleme und Verz\u00f6gerungen an der Grenze gab, auf die sie keinen Einfluss hatten, aber nicht, dass wir nie \u00fcber den Status der Lieferung informiert wurden.<\/em> - Christoph \u00fcber <a href=\"http:\/\/www.mymovingreviews.com\/movers\/pearson-home-moving-2276#57516\" target=\"_blank\" rel=\"noopener\">MyMovingReviews.com<\/a> <\/li>\n<li> <em>\"Bei der Lieferung waren meine Kartons sowohl schmutzig als auch nass. Folglich waren sie auch besch\u00e4digt.\"<\/em> - Harald in Glos \u00fcber <a href=\"http:\/\/www.removalreviews.co.uk\/movingreviews\/never-again-10123\" target=\"_blank\" rel=\"noopener\">Umzugsgutachten<\/a><\/li>\n<li> <em>\"Schlie\u00dflich werden meine Sachen Mitte September geliefert, 81 Tage nachdem sie abgeholt wurden.<\/em> - Imoena \u00fcber <a href=\"http:\/\/www.ciao.co.uk\/Pearson_Home_Moving__Review_6113468\" target=\"_blank\" rel=\"noopener\">Ciao!<\/a> <\/li>\n<\/ul>\n<div itemprop=\"review\" itemscope itemtype=\"http:\/\/schema.org\/Review\">\n<span itemprop=\"author\" itemscope=\"\" itemtype=\"http:\/\/schema.org\/Organization\"><span itemprop=\"name\">MoverDB.com<\/span><\/span> Online Website \u00dcberpr\u00fcfung f\u00fcr <span itemprop=\"itemreviewed\" itemscope=\"\" itemtype=\"http:\/\/schema.org\/Brand\"><span itemprop=\"name\">Pearson Home Umzug<\/span><\/span>:<\/p>\n<ol>\n<li> Klare Kontaktangaben auf der Website (einschlie\u00dflich Telefonnummer): <strong>Ja<\/strong><\/li>\n<li> Leicht zu bekommen <a href=\"https:\/\/moverdb.com\/de\/zitate\/\">Angebote f\u00fcr internationale Umz\u00fcge<\/a>? (Online-Formular f\u00fcr Kostenvoranschl\u00e4ge): <strong>Ja<\/strong><\/li>\n<li> Klare Informationen auf der Website: <strong>Einige<\/strong>Die Website enth\u00e4lt zwar klare Kontaktinformationen und einen \u00dcberblick \u00fcber die Dienstleistungen, aber es fehlen detaillierte Informationen zur Planung Ihres Umzugs.<\/li>\n<li> Mitgliedschaft in international anerkannten Umzugsorganisationen: <strong>Ja<\/strong>, siehe oben.<\/li>\n<li> Liste der Kunden und\/oder Zeugnisse von fr\u00fcheren Kunden: <strong>Ja,<\/strong> Auf der Website finden sich mehrere Erfahrungsberichte von Kunden.<\/li>\n<\/ol>\n<div itemprop=\"reviewRating\" itemscope itemtype=\"http:\/\/schema.org\/Rating\"><meta itemprop=\"worstRating\" content = \"0\" \/><meta itemprop=\"bestRating\" content=\"5\" \/><meta itemprop=\"ratingValue\" content=\"4.5\"><\/div>\n<p><strong>Gesamtbewertung: 4.5\/5<\/strong><br \/>\n<strong>Datum der \u00dcberpr\u00fcfung:<\/strong> <span itemprop=\"datePublished\" content=\"2016-08-29\">29\/08\/2016<\/span>\n<\/div>\n<p>Mehr \u00fcber <a href=\"https:\/\/moverdb.com\/de\/internationale-umzuge\/\">internationale Umz\u00fcge<\/a> und unsere <a href=\"https:\/\/moverdb.com\/de\/bewertungen\/\">\u00dcberpr\u00fcfungsprozess<\/a>.<\/p>\n<p><strong>Website:<\/strong> <a href=\"http:\/\/www.pearsonhomemoving.com\" target=\"_blank\" rel=\"noopener\">http:\/\/www.pearsonhomemoving.com<\/a><\/p>","protected":false},"excerpt":{"rendered":"<p>Pearson Home Moving are a removal and relocation company which offer the following services to their clients. The service list is followed by their company profile and reviews. International Home Moving Services Dedicated move manager Door to door service Dedicated vehicle fleet Professional packers &#8211; disassemble and pack Packing materials suppled Air freight or sea [&hellip;]<\/p>\n","protected":false},"author":1,"featured_media":0,"parent":0,"menu_order":0,"comment_status":"closed","ping_status":"closed","template":"","meta":{"_genesis_hide_title":false,"_genesis_hide_breadcrumbs":false,"_genesis_hide_singular_image":false,"_genesis_hide_footer_widgets":false,"_genesis_custom_body_class":"","_genesis_custom_post_class":"","_genesis_layout":"","footnotes":""},"class_list":{"0":"post-890","1":"page","2":"type-page","3":"status-publish","5":"entry"},"_links":{"self":[{"href":"https:\/\/moverdb.com\/de\/wp-json\/wp\/v2\/pages\/890","targetHints":{"allow":["GET"]}}],"collection":[{"href":"https:\/\/moverdb.com\/de\/wp-json\/wp\/v2\/pages"}],"about":[{"href":"https:\/\/moverdb.com\/de\/wp-json\/wp\/v2\/types\/page"}],"author":[{"embeddable":true,"href":"https:\/\/moverdb.com\/de\/wp-json\/wp\/v2\/users\/1"}],"replies":[{"embeddable":true,"href":"https:\/\/moverdb.com\/de\/wp-json\/wp\/v2\/comments?post=890"}],"version-history":[{"count":6,"href":"https:\/\/moverdb.com\/de\/wp-json\/wp\/v2\/pages\/890\/revisions"}],"predecessor-version":[{"id":6229,"href":"https:\/\/moverdb.com\/de\/wp-json\/wp\/v2\/pages\/890\/revisions\/6229"}],"wp:attachment":[{"href":"https:\/\/moverdb.com\/de\/wp-json\/wp\/v2\/media?parent=890"}],"curies":[{"name":"wp","href":"https:\/\/api.w.org\/{rel}","templated":true}]}}