{"id":889,"date":"2016-09-03T15:17:39","date_gmt":"2016-09-03T15:17:39","guid":{"rendered":"http:\/\/moverdb.com\/?page_id=889"},"modified":"2026-01-08T15:20:33","modified_gmt":"2026-01-08T15:20:33","slug":"pss-umzuge","status":"publish","type":"page","link":"https:\/\/moverdb.com\/de\/pss-removals\/","title":{"rendered":"PSS Internationale Umz\u00fcge: Umzugsdienstleistungen &amp; Bewertungen"},"content":{"rendered":"<p>PSS <a href=\"https:\/\/moverdb.com\/de\/international-removals\/\" data-internallinksmanager029f6b8e52c=\"27\" title=\"36 Beste internationale Umzugsunternehmen in Gro\u00dfbritannien\">Internationale Umz\u00fcge<\/a> bewegt seit \u00fcber 34 Jahren Menschen ins Ausland. Im Folgenden sind die verschiedenen Dienstleistungen aufgef\u00fchrt, die sie anbieten.<\/p>\n<p><strong>Internationale Umz\u00fcge<\/strong><\/p>\n<ul>\n<li> Ma\u00dfgeschneiderter Service f\u00fcr die meisten L\u00e4nder<\/li>\n<li> Ernennung eines internationalen Umzugskoordinators<\/li>\n<li> Professionelle Packer oder Selbstverpackung m\u00f6glich<\/li>\n<li> Dienst von T\u00fcr zu T\u00fcr<\/li>\n<li> Versicherung abgeschlossen<\/li>\n<li> Beratung zu allen Aspekten des Ziellandes<\/li>\n<\/ul>\n<p><strong>Migrationsdienste<\/strong><br \/>\n<strong>Zollinformationen\/Dokumente<\/strong><\/p>\n<p><strong><a href=\"https:\/\/moverdb.com\/de\/containerschifffahrt\/\">Internationaler Versand<\/a><\/strong><\/p>\n<ul>\n<li> Seefracht oder Express-Luftfracht<\/li>\n<li> Versicherung abgeschlossen<\/li>\n<\/ul>\n<p><strong>Express-Paketdienst f\u00fcr \u00dcbersee<\/strong><\/p>\n<ul>\n<li> Express-Paketzustellung von T\u00fcr zu T\u00fcr f\u00fcr dringend ben\u00f6tigte Artikel<\/li>\n<\/ul>\n<p><strong>\u00dcbergep\u00e4ck<\/strong><\/p>\n<ul>\n<li> Stra\u00dfenfracht (innerhalb Europas) Seefracht oder Express-Luftfracht<\/li>\n<li> Selbstpackung<\/li>\n<li> F\u00fcr Sie verpackt<\/li>\n<li> Versicherung abgeschlossen<\/li>\n<\/ul>\n<p><strong><a href=\"https:\/\/moverdb.com\/de\/car-transport-shipping\/\" data-internallinksmanager029f6b8e52c=\"2\" title=\"2026 Internationale Autotransporte &amp; Angebote f\u00fcr Fahrzeugtransporte\">Autotransport<\/a><\/strong><\/p>\n<ul>\n<li> Auto separat versenden<\/li>\n<li> Auto im gleichen Container wie Hab und Gut verschiffen<\/li>\n<li> Versicherung abgeschlossen<\/li>\n<\/ul>\n<h2>PSS International Removals Firmenprofil<\/h2>\n<p>PSS International Removals ist seit \u00fcber 34 Jahren im Bereich \u00dcberseeumz\u00fcge t\u00e4tig. Das Unternehmen konzentriert sich auf Umz\u00fcge ins Ausland und f\u00fchrt keine Umz\u00fcge innerhalb des Landes durch. <a href=\"https:\/\/moverdb.com\/de\/moving-to-the-uk\/\" data-internallinksmanager029f6b8e52c=\"93\" title=\"Umzug in das Vereinigte K\u00f6nigreich? 2026 Lebenshaltungskosten &amp; Umzugstipps\">UK<\/a>. <\/p>\n<p>PSS International Removals versendet Gegenst\u00e4nde von einem einzigen Karton bis zu einem gro\u00dfen Haushalt oder sogar gro\u00dfen Firmenumz\u00fcgen. Kein Umzug ist zu kompliziert, zu gro\u00df oder zu klein.<\/p>\n<p>Alle Mitarbeiter sind in Exportverfahren geschult und arbeiten nur mit den besten professionellen Umzugsunternehmen im Ausland zusammen, um die versprochenen ma\u00dfgeschneiderten Dienstleistungen zu erbringen. Sie sind eines der gr\u00f6\u00dften Umzugsunternehmen in Gro\u00dfbritannien <a href=\"https:\/\/moverdb.com\/de\/internationale-umzuge\/\">internationale Umzugsunternehmen<\/a> und verlegten im Jahr 2015 4 536 Kunden ins Ausland.<\/p>\n<p>PSS International verf\u00fcgt \u00fcber die folgenden Akkreditierungen und Mitgliedschaften:<\/p>\n<ul>\n<li> <a href=\"https:\/\/moverdb.com\/de\/britische-vereinigung-der-entferner\/\">Der britische Verband der M\u00f6belpacker<\/a> (<a href=\"https:\/\/moverdb.com\/de\/british-association-of-removers\/\" data-internallinksmanager029f6b8e52c=\"9\" title=\"British Association of Removers (BAR) erkl\u00e4rt\">BAR<\/a>)<\/li>\n<li> <a href=\"https:\/\/moverdb.com\/de\/bar-over-see\/\">Der britische Verband der Umzugsunternehmen in \u00dcbersee<\/a><\/li>\n<li> <a href=\"https:\/\/moverdb.com\/de\/fidi-faim\/\">FIDI<\/a><\/li>\n<li> <a href=\"https:\/\/moverdb.com\/de\/fidi-faim\/\" data-internallinksmanager029f6b8e52c=\"16\" title=\"FIDI &amp; FAIM (FIDI Accredited International Mover) Erl\u00e4utert\">FAIM<\/a><\/li>\n<\/ul>\n<p><strong>PSS Internationale Umz\u00fcge Bewertungen<\/strong><\/p>\n<p><strong>Positiv<\/strong><\/p>\n<ul>\n<li> <em>\"Alle waren so hilfsbereit und wirklich professionell. Ich konnte mir nicht vorstellen, dass dieser Tag besser und reibungsloser verlaufen k\u00f6nnte. Ich war so gestresst und sie haben es geschafft, mich aufzuheitern. <a href=\"https:\/\/moverdb.com\/de\/moving-to-the-united-states\/\" data-internallinksmanager029f6b8e52c=\"94\" title=\"Umzug in die Vereinigten Staaten? 2026 Lebenshaltungskosten &amp; Umzugstipps\">us<\/a> auf. Wirklich professionell und nette, freundliche Leute. Ich bin wirklich beeindruckt.\"<\/em> - Ania \u00fcber <a href=\"https:\/\/www.pssremovals.com\/reviews\" target=\"_blank\" rel=\"noopener\">PSS Umz\u00fcge Kundenrezensionen<\/a><\/li>\n<li> <em>\"Wir haben uns aufgrund einer Empfehlung von Freunden an PSS gewandt. Wir hatten einen 20-Fu\u00df-Container zur exklusiven Nutzung <a href=\"https:\/\/moverdb.com\/de\/moving-to-australia\/living-in-australia\/\" data-internallinksmanager029f6b8e52c=\"240\" title=\"21 Geheimnisse \u00fcber das Leben in Australien, die man vor dem Umzug kennen sollte\">Australien<\/a>. Das Team, das unser Haus verpackt hat, war fantastisch - es hat so schnell gearbeitet. Als unsere Sachen auf dem Weg waren, hatte ich manchmal Panik, dass etwas kaputt oder besch\u00e4digt sein k\u00f6nnte, aber unsere Sachen kamen letzte Woche an und alles sieht noch genauso aus wie beim Einpacken.<\/em> - Zoe \u00fcber <a href=\"http:\/\/www.mymovingreviews.com\/movers\/pss-international-removals-1788#57593\" target=\"_blank\" rel=\"noopener\">MyMovingReviews.com<\/a> <\/li>\n<li> <em>\"Vom Anfang bis zum Ende konnte ich mit dem Service nicht zufriedener sein, da sie einen ausgezeichneten Aufbau betrieben und w\u00e4hrend der gesamten Zeit hilfsbereit und freundlich waren, was etwas bedeutet, wenn man bedenkt, dass wir wahrscheinlich die unorganisiertesten und gestresstesten Leute waren, die jemals umgezogen sind.\"<\/em> - Michelle \u00fcber <a href=\"http:\/\/www.removalreviews.co.uk\/movingreviews\/good-company-8764\" target=\"_blank\" rel=\"noopener\">Umzugsgutachten<\/a> <\/li>\n<\/ul>\n<p><strong>Negativ<\/strong><\/p>\n<ul>\n<li> <em>\"Ich hatte einen Antrag f\u00fcr den Umzug von Haushaltsgegenst\u00e4nden von Gro\u00dfbritannien in die USA gestellt. Obwohl ich den Antrag sehr kurzfristig gestellt und die Formulare nicht rechtzeitig ausgef\u00fcllt hatte, bin ich NICHT gl\u00fccklich dar\u00fcber, dass mir am Zielort zus\u00e4tzliche 400 US-Dollar f\u00fcr die stichprobenartige R\u00f6ntgenpr\u00fcfung am Zoll und die versp\u00e4tete Ankunft nach 4 Monaten, einschlie\u00dflich der Lagerzeit, berechnet wurden.<\/em> - Sanjay \u00fcber <a href=\"http:\/\/www.mymovingreviews.com\/movers\/pss-international-removals-1788#57002\" target=\"_blank\" rel=\"noopener\">MyMovingReviews.com<\/a><\/li>\n<li> \"<em>Das Unternehmen ist nur dazu da, die Leute um ihr Geld zu bringen!!!!!!\"<\/em> - Amir \u00fcber <a href=\"http:\/\/www.removalreviews.co.uk\/movingreviews\/straight-up-con-6619\" target=\"_blank\" rel=\"noopener\">Umzugsgutachten<\/a> <\/li>\n<\/ul>\n<div itemprop=\"review\" itemscope itemtype=\"http:\/\/schema.org\/Review\">\n<span itemprop=\"author\" itemscope=\"\" itemtype=\"http:\/\/schema.org\/Organization\"><span itemprop=\"name\">MoverDB.com<\/span><\/span> Online Website \u00dcberpr\u00fcfung f\u00fcr <span itemprop=\"itemreviewed\" itemscope=\"\" itemtype=\"http:\/\/schema.org\/Brand\"><span itemprop=\"name\">PSS Internationale Umz\u00fcge<\/span><\/span>:<\/p>\n<ol>\n<li> Klare Kontaktangaben auf der Website (einschlie\u00dflich Telefonnummer): <strong>Ja<\/strong><\/li>\n<li> Leicht zu bekommen <a href=\"https:\/\/moverdb.com\/de\/zitate\/\">Angebote f\u00fcr internationale Umz\u00fcge<\/a>? (Online-Formular f\u00fcr Kostenvoranschl\u00e4ge): <strong>Ja<\/strong><\/li>\n<li> Klare Informationen auf der Website: <strong>Ja,<\/strong> viele detaillierte Informationen \u00fcber jedes Reiseziel.<\/li>\n<li> Mitgliedschaft in international anerkannten Umzugsorganisationen: <strong>Ja<\/strong>, siehe oben.<\/li>\n<li> Liste der Kunden und\/oder Zeugnisse von fr\u00fcheren Kunden: <strong>Ja,<\/strong> Sie haben eine Seite mit Kundenrezensionen und erhalten im Allgemeinen positive Bewertungen auf anderen Websites.<\/li>\n<\/ol>\n<div itemprop=\"reviewRating\" itemscope itemtype=\"http:\/\/schema.org\/Rating\"><meta itemprop=\"worstRating\" content = \"0\" \/><meta itemprop=\"bestRating\" content=\"5\" \/><meta itemprop=\"ratingValue\" content=\"5\"><\/div>\n<p><strong>Gesamtbewertung: 5\/5<\/strong><br \/>\n<strong>Datum der \u00dcberpr\u00fcfung:<\/strong> <span itemprop=\"datePublished\" content=\"2016-09-03\">03\/09\/2016<\/span>\n<\/div>\n<p>Mehr \u00fcber <a href=\"https:\/\/moverdb.com\/de\/umzugsunternehmen\/\">internationale Umzugsunternehmen<\/a> und unsere <a href=\"https:\/\/moverdb.com\/de\/bewertungen\/\">\u00dcberpr\u00fcfungsprozess<\/a>.<\/p>\n<p><strong>Website:<\/strong> <a href=\"https:\/\/www.pssremovals.com\" target=\"_blank\" rel=\"noopener\">https:\/\/www.pssremovals.com<\/a>.<\/p>","protected":false},"excerpt":{"rendered":"<p>PSS International Removals has been moving people abroad for over 34 years. Listed below are the various services they offer. International Removals Bespoke service to most countries Designated international move co-ordinator Professional packers or self-pack option Door to door service Insurance arranged Advice on every aspect of destination country Migration Services Customs Information\/Documentation International Shipping [&hellip;]<\/p>\n","protected":false},"author":1,"featured_media":0,"parent":0,"menu_order":0,"comment_status":"closed","ping_status":"closed","template":"","meta":{"_genesis_hide_title":false,"_genesis_hide_breadcrumbs":false,"_genesis_hide_singular_image":false,"_genesis_hide_footer_widgets":false,"_genesis_custom_body_class":"","_genesis_custom_post_class":"","_genesis_layout":"","footnotes":""},"class_list":{"0":"post-889","1":"page","2":"type-page","3":"status-publish","5":"entry"},"_links":{"self":[{"href":"https:\/\/moverdb.com\/de\/wp-json\/wp\/v2\/pages\/889","targetHints":{"allow":["GET"]}}],"collection":[{"href":"https:\/\/moverdb.com\/de\/wp-json\/wp\/v2\/pages"}],"about":[{"href":"https:\/\/moverdb.com\/de\/wp-json\/wp\/v2\/types\/page"}],"author":[{"embeddable":true,"href":"https:\/\/moverdb.com\/de\/wp-json\/wp\/v2\/users\/1"}],"replies":[{"embeddable":true,"href":"https:\/\/moverdb.com\/de\/wp-json\/wp\/v2\/comments?post=889"}],"version-history":[{"count":4,"href":"https:\/\/moverdb.com\/de\/wp-json\/wp\/v2\/pages\/889\/revisions"}],"predecessor-version":[{"id":6230,"href":"https:\/\/moverdb.com\/de\/wp-json\/wp\/v2\/pages\/889\/revisions\/6230"}],"wp:attachment":[{"href":"https:\/\/moverdb.com\/de\/wp-json\/wp\/v2\/media?parent=889"}],"curies":[{"name":"wp","href":"https:\/\/api.w.org\/{rel}","templated":true}]}}