{"id":8883,"date":"2023-04-27T14:40:02","date_gmt":"2023-04-27T14:40:02","guid":{"rendered":"https:\/\/moverdb.com\/?page_id=8883"},"modified":"2026-01-08T15:30:10","modified_gmt":"2026-01-08T15:30:10","slug":"moving-companies-namibia","status":"publish","type":"page","link":"https:\/\/moverdb.com\/de\/moving-companies\/moving-companies-namibia\/","title":{"rendered":"Die besten internationalen Umzugsunternehmen in Namibia"},"content":{"rendered":"<p>Ein Umzug kann eine schwierige Zeit sein, egal ob Sie einen Umzug innerhalb Namibias, nach Namibia oder von Namibia aus planen. Die Einschaltung eines Umzugsdienstes kann Ihnen dabei helfen, den Prozess zu erleichtern. Nachfolgend haben wir eine Liste von Umzugsunternehmen mit Sitz in Namibia zusammengestellt <a href=\"https:\/\/moverdb.com\/de\/international-removals\/\" data-internallinksmanager029f6b8e52c=\"27\" title=\"36 Beste internationale Umzugsunternehmen in Gro\u00dfbritannien\">Umzugsunternehmen<\/a> die Mitglieder der <a href=\"https:\/\/moverdb.com\/de\/iam\/\" data-internallinksmanager029f6b8e52c=\"23\" title=\"International Association of Movers (IAM) erkl\u00e4rt\">Internationaler Verband der M\u00f6belspediteure<\/a> (IAM) und\/oder <a href=\"https:\/\/moverdb.com\/de\/fidi-faim\/\" data-internallinksmanager029f6b8e52c=\"16\" title=\"FIDI &amp; FAIM (FIDI Accredited International Mover) Erl\u00e4utert\">FIDI<\/a> Accredited International Mover (FAIM), die Ihnen bei Ihrem Umzug helfen k\u00f6nnen.<\/p>\n<h2><strong>Stuttaford Van Lines<\/strong><\/h2>\n<p><img loading=\"lazy\" decoding=\"async\" class=\"alignnone size-full wp-image-8861\" src=\"https:\/\/moverdb.com\/wp-content\/uploads\/Stuttaford-Van-Lines-Namibia-international-moving-company.png\" alt=\"Stuttaford Van Lines Namibia internationales Umzugsunternehmen\" width=\"1440\" height=\"683\" data-wp-pid=\"8861\" srcset=\"https:\/\/moverdb.com\/wp-content\/uploads\/Stuttaford-Van-Lines-Namibia-international-moving-company.png 1440w, https:\/\/moverdb.com\/wp-content\/uploads\/Stuttaford-Van-Lines-Namibia-international-moving-company-300x142.png 300w, https:\/\/moverdb.com\/wp-content\/uploads\/Stuttaford-Van-Lines-Namibia-international-moving-company-1024x486.png 1024w, https:\/\/moverdb.com\/wp-content\/uploads\/Stuttaford-Van-Lines-Namibia-international-moving-company-18x9.png 18w, https:\/\/moverdb.com\/wp-content\/uploads\/Stuttaford-Van-Lines-Namibia-international-moving-company-600x285.png 600w\" sizes=\"auto, (max-width: 1440px) 100vw, 1440px\" \/><\/p>\n<ul>\n<li>Nationale Umz\u00fcge<\/li>\n<li>Internationale Umz\u00fcge<\/li>\n<li>Umz\u00fcge im Haushalt<\/li>\n<li>Firmen- und B\u00fcroumz\u00fcge<\/li>\n<li>Verpackungsservice<\/li>\n<li>Organisation des Transports<\/li>\n<li>Kunstvolle Verpackungen<\/li>\n<li>Fahrzeug\u00fcberf\u00fchrungen<\/li>\n<li>Versicherung<\/li>\n<li>Lagereinrichtungen<\/li>\n<\/ul>\n<p>Stuttaford Van Lines ist ein <a href=\"https:\/\/moverdb.com\/de\/moving-companies\/\" data-internallinksmanager029f6b8e52c=\"79\" title=\"Top 25 Internationale Umzugsunternehmen Online\">internationales Umzugsunternehmen<\/a> Das 1857 gegr\u00fcndete Unternehmen verf\u00fcgt \u00fcber 14 Niederlassungen im s\u00fcdlichen Afrika, darunter Windhoek in Namibia. Das Unternehmen verf\u00fcgt \u00fcber ein zuverl\u00e4ssiges globales Netz von Umzugspartnern, die es bei der Erbringung seiner Dienstleistungen auf internationaler Ebene unterst\u00fctzen. Das Unternehmen ist seit 34 Jahren Mitglied der IAM und ist von der FIDI akkreditiert.<\/p>\n<p>Stuttaford Van Lines begleitet Sie durch jeden Schritt Ihres Umzugs und weist Ihnen einen einzigen Ansprechpartner zu. Ihre Reise beginnt mit einer Besichtigung vor dem Umzug. Sie bieten einen Einpackservice mit Schutzh\u00fcllen und Verpackungen sowie eine detaillierte Bestandsaufnahme an. Sie organisieren den Transport, packen die M\u00f6bel aus und bauen sie am Zielort wieder auf.<\/p>\n<p>Website: <a href=\"http:\/\/www.stuttafordvanlines.co.za\/branches\/windhoek\" target=\"_blank\" rel=\"noopener\">http:\/\/www.stuttafordvanlines.co.za\/branches\/windhoek<\/a><\/p>","protected":false},"excerpt":{"rendered":"<p>Moving can be a difficult time whether you are planning a move within, to or from Namibia, so involving a moving service can assist you in making the process easier. Below we have compiled a list of Namibia based removal companies that are members of the International Association of Movers (IAM) and\/or FIDI Accredited International [&hellip;]<\/p>\n","protected":false},"author":4,"featured_media":0,"parent":190,"menu_order":0,"comment_status":"closed","ping_status":"closed","template":"","meta":{"_genesis_hide_title":false,"_genesis_hide_breadcrumbs":false,"_genesis_hide_singular_image":false,"_genesis_hide_footer_widgets":false,"_genesis_custom_body_class":"","_genesis_custom_post_class":"","_genesis_layout":"","footnotes":""},"class_list":{"0":"post-8883","1":"page","2":"type-page","3":"status-publish","5":"entry","6":"has-post-thumbnail"},"_links":{"self":[{"href":"https:\/\/moverdb.com\/de\/wp-json\/wp\/v2\/pages\/8883","targetHints":{"allow":["GET"]}}],"collection":[{"href":"https:\/\/moverdb.com\/de\/wp-json\/wp\/v2\/pages"}],"about":[{"href":"https:\/\/moverdb.com\/de\/wp-json\/wp\/v2\/types\/page"}],"author":[{"embeddable":true,"href":"https:\/\/moverdb.com\/de\/wp-json\/wp\/v2\/users\/4"}],"replies":[{"embeddable":true,"href":"https:\/\/moverdb.com\/de\/wp-json\/wp\/v2\/comments?post=8883"}],"version-history":[{"count":1,"href":"https:\/\/moverdb.com\/de\/wp-json\/wp\/v2\/pages\/8883\/revisions"}],"predecessor-version":[{"id":8885,"href":"https:\/\/moverdb.com\/de\/wp-json\/wp\/v2\/pages\/8883\/revisions\/8885"}],"up":[{"embeddable":true,"href":"https:\/\/moverdb.com\/de\/wp-json\/wp\/v2\/pages\/190"}],"wp:attachment":[{"href":"https:\/\/moverdb.com\/de\/wp-json\/wp\/v2\/media?parent=8883"}],"curies":[{"name":"wp","href":"https:\/\/api.w.org\/{rel}","templated":true}]}}