{"id":888,"date":"2016-08-31T21:15:38","date_gmt":"2016-08-31T21:15:38","guid":{"rendered":"http:\/\/moverdb.com\/?page_id=888"},"modified":"2026-01-08T14:47:24","modified_gmt":"2026-01-08T14:47:24","slug":"abels-umzuge","status":"publish","type":"page","link":"https:\/\/moverdb.com\/de\/abels-removals\/","title":{"rendered":"Abels Umzugsdienste: Internationale Umz\u00fcge Bewertungen"},"content":{"rendered":"<p>Abels Moving Services hat seinen Sitz in Brandon, Suffolk, verf\u00fcgt aber \u00fcber Einrichtungen in <a href=\"https:\/\/moverdb.com\/de\/moving-to-london\/\">London<\/a>, <a href=\"\" data-internallinksmanager029f6b8e52c=\"37\" title=\"Cambridge\">Cambridge<\/a> und Lutterworth, sondern bedient das gesamte Gebiet der <a href=\"https:\/\/moverdb.com\/de\/moving-to-the-uk\/\" data-internallinksmanager029f6b8e52c=\"93\" title=\"Umzug in das Vereinigte K\u00f6nigreich? 2026 Lebenshaltungskosten &amp; Umzugstipps\">UK<\/a>. <\/p>\n<p>Es bietet seinen Kunden zahlreiche Umzugsdienstleistungen an, die unten aufgef\u00fchrt sind. Es folgen auch ein Unternehmensprofil und Unternehmensbewertungen.<\/p>\n<p><strong>Internationale Umz\u00fcge<\/strong><\/p>\n<ul>\n<li> Luftfracht f\u00fcr kleine Mengen<\/li>\n<li> Seefracht f\u00fcr gro\u00dfe Mengen<\/li>\n<li> Vollst\u00e4ndiges Umzugsmanagement verf\u00fcgbar<\/li>\n<li> Entfernung von Haustieren<\/li>\n<li> Autoumzug<\/li>\n<li> Dienst von T\u00fcr zu T\u00fcr<\/li>\n<li> Bestens ausgebildete Packer<\/li>\n<li> Hochwertige Verpackungsmaterialien<\/li>\n<li> Unterst\u00fctzung durch den Zoll<\/li>\n<li> Lieferung und Auspacken<\/li>\n<li> Informationen zum Standortwechsel<\/li>\n<li> Versicherung abgeschlossen<\/li>\n<li> Dienstm\u00e4dchen<\/li>\n<li> Gartendienst<\/li>\n<\/ul>\n<p><strong>Umzugsdienste<\/strong><\/p>\n<ul>\n<li> Umzugsf\u00fchrer f\u00fcr 60 L\u00e4nder verf\u00fcgbar<\/li>\n<li> Erste Bedarfsanalyse<\/li>\n<li> Orientierung - Einkaufen, Unterhaltung, Bankgesch\u00e4fte, Freizeiteinrichtungen<\/li>\n<li> \u00dcberblick \u00fcber die Bildung<\/li>\n<li> \u00dcberblick \u00fcber die Immobilie<\/li>\n<li> Vermietung von M\u00f6beln<\/li>\n<li> Anschluss an das Versorgungsnetz<\/li>\n<li> Dienstm\u00e4dchen<\/li>\n<li> Gartendienst<\/li>\n<\/ul>\n<p><strong>Europ\u00e4ische Umz\u00fcge<\/strong><\/p>\n<ul>\n<li> Dienst von T\u00fcr zu T\u00fcr<\/li>\n<li> Alle von Abels ausgef\u00fcllten Papiere<\/li>\n<li> Einpacken und Auspacken<\/li>\n<li> Spezialisierte Verpackungsmaterialien<\/li>\n<li> Kurz- und Langzeitlagerung<\/li>\n<li> Pers\u00f6nlicher Assistenzdienst - alles und jedes<\/li>\n<li> Umzugsf\u00fchrer<\/li>\n<li> Dienstm\u00e4dchen<\/li>\n<li> Gartendienst<\/li>\n<\/ul>\n<p><strong>Verpackungsdienstleistungen<\/strong><\/p>\n<ul>\n<li> Zerbrechliche Gegenst\u00e4nde, einschlie\u00dflich Kristall, <a href=\"https:\/\/moverdb.com\/de\/moving-to-china\/\" data-internallinksmanager029f6b8e52c=\"357\" title=\"Umzug nach China? 2026 Lebenshaltungskosten &amp; Umzugstipps\">china<\/a>Glas, etc.<\/li>\n<li> Gem\u00e4lde, Bilder<\/li>\n<li> Kleidung<\/li>\n<li> Antike M\u00f6bel, hochwertige Gegenst\u00e4nde<\/li>\n<li> Inhalt von Schr\u00e4nken im Allgemeinen<\/li>\n<\/ul>\n<p><strong>Lagerung<\/strong><\/p>\n<ul>\n<li> Lang- und Kurzfristig<\/li>\n<li> Lagerung im Vereinigten K\u00f6nigreich, in Europa und in \u00dcbersee<\/li>\n<li> Zweckm\u00e4\u00dfig gebaut<\/li>\n<li> Optimale Umgebung<\/li>\n<li> Strenge Brandschutzkontrollen<\/li>\n<li> CCTV-Abdeckung<\/li>\n<li> St\u00e4ndige Pr\u00e4senz der Sicherheit<\/li>\n<li> Bei der Abholung versiegelte Beh\u00e4ltnisse<\/li>\n<li> Weiches Mobiliar unter idealen Temperaturbedingungen gelagert<\/li>\n<li> Speicherung von Dateien und Archiven<\/li>\n<li> Lagerung f\u00fcr Studenten<\/li>\n<\/ul>\n<p><strong>Spezialisierte Dienstleistungen<\/strong><\/p>\n<ul>\n<li> Gesch\u00e4ftliche und kommerzielle Umz\u00fcge<\/li>\n<li> Dokumentendienste<\/li>\n<li> Dienstleistungen f\u00fcr Mobiliar und Ausr\u00fcstung<\/li>\n<li> Einzelhandel und Hauslieferdienste<\/li>\n<li> M\u00f6bel Montage Dienstleistungen<\/li>\n<li> Installationsl\u00f6sungen f\u00fcr Innenarchitekten und Bautr\u00e4ger<\/li>\n<\/ul>\n<h2>Abels Moving Services Unternehmensprofil<\/h2>\n<p>Abels Moving Services begann 1958 als Familienunternehmen mit der Auslieferung von Waren an Gesch\u00e4fte. Seitdem ist das Unternehmen gewachsen und verf\u00fcgt heute \u00fcber 1.500 Servicezentren in 56 L\u00e4ndern auf der ganzen Welt. <\/p>\n<p>Das Unternehmen wurde 1989 von Ihrer Majest\u00e4t der K\u00f6nigin mit einer k\u00f6niglichen Erlaubnis ausgezeichnet, um seine Dienste f\u00fcr die Krone zu w\u00fcrdigen, zu denen auch der Transport aller Hochzeitsgeschenke von Prinz Charles und Prinzessin Diana im Jahr 1981 geh\u00f6rte. <\/p>\n<p>Abels Moving Services ist stolz auf seine speziell gebauten, umweltfreundlichen Lastwagen. Sie glauben daran, der Gemeinschaft etwas zur\u00fcckzugeben und unterst\u00fctzen verschiedene Wohlt\u00e4tigkeitsorganisationen in der ganzen Welt. <\/p>\n<p>Sie sind fest davon \u00fcberzeugt, dass sie mit ihren Kunden keine Probleme haben, und glauben, dass ein L\u00e4cheln weit reicht.<\/p>\n<p>Abels Moving Services hat die folgenden Mitgliedschaften und Akkreditierungen:<\/p>\n<ul>\n<li> K\u00f6niglicher Haftbefehl an Ihre Majest\u00e4t die K\u00f6nigin<\/li>\n<li> <a href=\"https:\/\/moverdb.com\/de\/fidi-faim\/\">FIDI<\/a><\/li>\n<li> <a href=\"https:\/\/moverdb.com\/de\/fidi-faim\/\" data-internallinksmanager029f6b8e52c=\"16\" title=\"FIDI &amp; FAIM (FIDI Accredited International Mover) Erl\u00e4utert\">FAIM<\/a><\/li>\n<li> Investoren in Menschen<\/li>\n<li> <a href=\"https:\/\/moverdb.com\/de\/britische-vereinigung-der-entferner\/\">Der britische Verband der M\u00f6belspediteure<\/a> (<a href=\"https:\/\/moverdb.com\/de\/british-association-of-removers\/\" data-internallinksmanager029f6b8e52c=\"9\" title=\"British Association of Removers (BAR) erkl\u00e4rt\">BAR<\/a>)<\/li>\n<li> <a href=\"https:\/\/moverdb.com\/de\/bar-over-see\/\">BAR Overseas Gruppe<\/a><\/li>\n<li> Finanzdienstleistungsbeh\u00f6rde<\/li>\n<li> <a href=\"https:\/\/moverdb.com\/de\/fedemac\/\">F\u00f6deration der europ\u00e4ischen Spediteure<\/a> (<a href=\"https:\/\/moverdb.com\/de\/fedemac\/\" data-internallinksmanager029f6b8e52c=\"15\" title=\"F\u00f6deration der europ\u00e4ischen Spediteure (FEDEMAC) erkl\u00e4rt\">FEDEMAC<\/a>)<\/li>\n<li> International Movers Mutual Insurance (IMMI)<\/li>\n<li> BS EN ISO 9001<\/li>\n<\/ul>\n<h2>Abels Umzugsdienste<\/h2>\n<p><strong>Positiv:<\/strong><\/p>\n<ul>\n<li> <em>\"Die Umzugsteams auf beiden Seiten waren gro\u00dfartig - kompetent, arbeiteten stetig und waren einfach nur nette Leute, die \u00fcber das Notwendige hinaus sehr hilfreich waren.\"<\/em> - Frau Jenson \u00fcber <a href=\"http:\/\/www.abels.co.uk\/reviews\/\" target=\"_blank\" rel=\"noopener\">Abels Kundenrezensionen Seite<\/a>.<\/li>\n<li> <em>\"Jeder, mit dem ich bei Abels zu tun hatte, sei es am Telefon, per E-Mail oder pers\u00f6nlich, war sehr hilfsbereit, freundlich und effizient. Ich w\u00fcrde sie auf jeden Fall wieder beauftragen und habe keine Bedenken, sie weiter zu empfehlen.<\/em> Frau Pledge \u00fcber <a href=\"http:\/\/moveaide.com\/movers\/abels-moving-cambrige-uk-mover-reviews\" target=\"_blank\" rel=\"noopener\">MoveAide<\/a><\/li>\n<li> <em>\"Wir wollten Ihnen nur mitteilen, dass wir uns riesig freuen, dass unser Umzug nun erfolgreich abgeschlossen ist.\"<\/em> - \u00fcber <a href=\"http:\/\/removal-company-reviews.com\/view-removal-company-review.php?c=Abels%20Moving%20Services%20Ltd&#038;id=384\" target=\"_blank\" rel=\"noopener\">Bewertungen von Umzugsunternehmen<\/a><\/li>\n<\/ul>\n<p><strong>Negativ:<\/strong><\/p>\n<ul>\n<li> <em>\"Schreckliche Kommunikation \u00fcber unn\u00f6tige Verz\u00f6gerungen. Sie werden bef\u00fcrchten, dass Ihr gesamtes Hab und Gut verloren gegangen ist.\"<\/em> - Jeanie C. \u00fcber <a href=\"https:\/\/www.yelp.co.uk\/biz\/abels-moving-services-ltd-brandon-2?hrid=qZqRG6iZsRo2GEP-XgQefQ&#038;utm_campaign=www_review_share_popup&#038;utm_medium=copy_link&#038;utm_source=(direct)\" target=\"_blank\" rel=\"noopener\">Yelp<\/a><\/li>\n<li> <em>\"Wenn du nicht die K\u00f6nigin bist, werden sie sich nicht viel M\u00fche geben.\"<\/em> - Simon \u00fcber <a href=\"http:\/\/www.removalreviews.co.uk\/movingreviews\/far-from-their-advertising-image-7304\" target=\"_blank\" rel=\"noopener\">Umzugsgutachten<\/a><\/li>\n<li> <em>\"Schlechter Service in allen Bereichen und schlechte Kommunikation zwischen den beiden <a href=\"https:\/\/moverdb.com\/de\/umziehen-nach-singapur\/\">Singapur<\/a> Team und dem britischen Team.\"<\/em> - Herr Crapper \u00fcber <a href=\"http:\/\/moveaide.com\/movers\/abels-moving-cambrige-uk-mover-reviews\" target=\"_blank\" rel=\"noopener\">MoveAide<\/a><\/li>\n<\/li>\n<\/ul>\n<div itemprop=\"review\" itemscope itemtype=\"http:\/\/schema.org\/Review\">\n<span itemprop=\"author\" itemscope=\"\" itemtype=\"http:\/\/schema.org\/Organization\"><span itemprop=\"name\">MoverDB.com<\/span><\/span> Online Website \u00dcberpr\u00fcfung f\u00fcr <span itemprop=\"itemreviewed\" itemscope=\"\" itemtype=\"http:\/\/schema.org\/Brand\"><span itemprop=\"name\">Abels Umzugsdienste<\/span><\/span>:<\/p>\n<ol>\n<li> Klare Kontaktangaben auf der Website (einschlie\u00dflich Telefonnummer): <strong>Ja<\/strong><\/li>\n<li> Leicht zu bekommen <a href=\"https:\/\/moverdb.com\/de\/zitate\/\">Angebote f\u00fcr internationale Umz\u00fcge<\/a>? (Online-Formular f\u00fcr Kostenvoranschl\u00e4ge): <strong>Ja<\/strong><\/li>\n<li> Klare Informationen auf der Website: <strong>Ja,<\/strong> eine angemessene Menge an Informationen auf der Website \u00fcber ihre Dienstleistungen, obwohl einige <\/li>\n<li> Mitgliedschaft in international anerkannten Umzugsorganisationen: <strong>Ja<\/strong>, siehe oben.<\/li>\n<li> Liste der Kunden und\/oder Zeugnisse von fr\u00fcheren Kunden: <strong>Ja<\/strong> Auf der Website finden sich positive Erfahrungsberichte von Kunden.<\/li>\n<\/ol>\n<div itemprop=\"reviewRating\" itemscope itemtype=\"http:\/\/schema.org\/Rating\"><meta itemprop=\"worstRating\" content = \"0\" \/><meta itemprop=\"bestRating\" content=\"5\" \/><meta itemprop=\"ratingValue\" content=\"4.5\"><\/div>\n<p><strong>Gesamtbewertung: 4.5\/5<\/strong><br \/>\n<strong>Datum der \u00dcberpr\u00fcfung:<\/strong> <span itemprop=\"datePublished\" content=\"2016-08-31\">31\/08\/2016<\/span>\n<\/div>\n<p>Mehr \u00fcber <a href=\"https:\/\/moverdb.com\/de\/internationale-umzuge\/\">internationale Umz\u00fcge<\/a> und unsere <a href=\"https:\/\/moverdb.com\/de\/bewertungen\/\">\u00dcberpr\u00fcfungsprozess<\/a>.<\/p>\n<p><strong>Website:<\/strong> <a href=\"http:\/\/www.abels.co.uk\" target=\"_blank\" rel=\"noopener\">http:\/\/www.abels.co.uk<\/a><\/p>","protected":false},"excerpt":{"rendered":"<p>Abels Moving Services is based in Brandon, Suffolk but has facilities in London, Cambridge and Lutterworth but serves the whole of the UK. It offers its clients many intentional moving services which are listed below. There also follows a company profile and company reviews. International Moves Airfreight for small volumes Sea freight for large volumes [&hellip;]<\/p>\n","protected":false},"author":1,"featured_media":0,"parent":0,"menu_order":0,"comment_status":"closed","ping_status":"closed","template":"","meta":{"_genesis_hide_title":false,"_genesis_hide_breadcrumbs":false,"_genesis_hide_singular_image":false,"_genesis_hide_footer_widgets":false,"_genesis_custom_body_class":"","_genesis_custom_post_class":"","_genesis_layout":"","footnotes":""},"class_list":{"0":"post-888","1":"page","2":"type-page","3":"status-publish","5":"entry"},"_links":{"self":[{"href":"https:\/\/moverdb.com\/de\/wp-json\/wp\/v2\/pages\/888","targetHints":{"allow":["GET"]}}],"collection":[{"href":"https:\/\/moverdb.com\/de\/wp-json\/wp\/v2\/pages"}],"about":[{"href":"https:\/\/moverdb.com\/de\/wp-json\/wp\/v2\/types\/page"}],"author":[{"embeddable":true,"href":"https:\/\/moverdb.com\/de\/wp-json\/wp\/v2\/users\/1"}],"replies":[{"embeddable":true,"href":"https:\/\/moverdb.com\/de\/wp-json\/wp\/v2\/comments?post=888"}],"version-history":[{"count":8,"href":"https:\/\/moverdb.com\/de\/wp-json\/wp\/v2\/pages\/888\/revisions"}],"predecessor-version":[{"id":6166,"href":"https:\/\/moverdb.com\/de\/wp-json\/wp\/v2\/pages\/888\/revisions\/6166"}],"wp:attachment":[{"href":"https:\/\/moverdb.com\/de\/wp-json\/wp\/v2\/media?parent=888"}],"curies":[{"name":"wp","href":"https:\/\/api.w.org\/{rel}","templated":true}]}}