{"id":8879,"date":"2023-04-27T14:40:42","date_gmt":"2023-04-27T14:40:42","guid":{"rendered":"https:\/\/moverdb.com\/?page_id=8879"},"modified":"2026-01-08T15:29:24","modified_gmt":"2026-01-08T15:29:24","slug":"moving-companies-myanmar","status":"publish","type":"page","link":"https:\/\/moverdb.com\/de\/moving-companies\/moving-companies-myanmar\/","title":{"rendered":"Die 6 besten internationalen Umzugsunternehmen in Myanmar"},"content":{"rendered":"<p>Ein Wohn- oder Gesch\u00e4ftsumzug kann eine sehr stressige Zeit sein, denn es gibt so viel zu planen und zu tun, vor allem, wenn man in ein anderes Land umzieht. Die Inanspruchnahme der Dienste eines <a href=\"https:\/\/moverdb.com\/de\/moving-companies\/\" data-internallinksmanager029f6b8e52c=\"79\" title=\"Top 25 Internationale Umzugsunternehmen Online\">Umzugsunternehmen<\/a> kann dazu beitragen, Ihren Stress zu verringern und Ihnen viele dieser Aufgaben abzunehmen. Im Folgenden haben wir eine Liste der in Myanmar (Birma) ans\u00e4ssigen <a href=\"https:\/\/moverdb.com\/de\/international-removals\/\" data-internallinksmanager029f6b8e52c=\"27\" title=\"36 Beste internationale Umzugsunternehmen in Gro\u00dfbritannien\">Umzugsunternehmen<\/a> die Mitglieder der <a href=\"https:\/\/moverdb.com\/de\/iam\/\" data-internallinksmanager029f6b8e52c=\"23\" title=\"International Association of Movers (IAM) erkl\u00e4rt\">Internationaler Verband der M\u00f6belspediteure<\/a> (IAM) und\/oder <a href=\"https:\/\/moverdb.com\/de\/fidi-faim\/\" data-internallinksmanager029f6b8e52c=\"16\" title=\"FIDI &amp; FAIM (FIDI Accredited International Mover) Erl\u00e4utert\">FIDI<\/a> Accredited International Mover (FAIM), die Ihnen bei Ihrem Umzug helfen k\u00f6nnen.<\/p>\n<div id=\"ez-toc-container\" class=\"ez-toc-v2_0_82_2 ez-toc-wrap-left counter-hierarchy ez-toc-counter ez-toc-transparent ez-toc-container-direction\">\n<div class=\"ez-toc-title-container\">\n<p class=\"ez-toc-title\" style=\"cursor:inherit\">Rubriken<\/p>\n<span class=\"ez-toc-title-toggle\"><a href=\"#\" class=\"ez-toc-pull-right ez-toc-btn ez-toc-btn-xs ez-toc-btn-default ez-toc-toggle\" aria-label=\"Inhaltsverzeichnis umschalten\"><span class=\"ez-toc-js-icon-con\"><span class=\"\"><span class=\"eztoc-hide\" style=\"display:none;\">Umschalten auf<\/span><span class=\"ez-toc-icon-toggle-span\"><svg style=\"fill: #999;color:#999\" xmlns=\"http:\/\/www.w3.org\/2000\/svg\" class=\"list-377408\" width=\"20px\" height=\"20px\" viewbox=\"0 0 24 24\" fill=\"none\"><path d=\"M6 6H4v2h2V6zm14 0H8v2h12V6zM4 11h2v2H4v-2zm16 0H8v2h12v-2zM4 16h2v2H4v-2zm16 0H8v2h12v-2z\" fill=\"currentColor\"><\/path><\/svg><svg style=\"fill: #999;color:#999\" class=\"arrow-unsorted-368013\" xmlns=\"http:\/\/www.w3.org\/2000\/svg\" width=\"10px\" height=\"10px\" viewbox=\"0 0 24 24\" version=\"1.2\" baseprofile=\"tiny\"><path d=\"M18.2 9.3l-6.2-6.3-6.2 6.3c-.2.2-.3.4-.3.7s.1.5.3.7c.2.2.4.3.7.3h11c.3 0 .5-.1.7-.3.2-.2.3-.5.3-.7s-.1-.5-.3-.7zM5.8 14.7l6.2 6.3 6.2-6.3c.2-.2.3-.5.3-.7s-.1-.5-.3-.7c-.2-.2-.4-.3-.7-.3h-11c-.3 0-.5.1-.7.3-.2.2-.3.5-.3.7s.1.5.3.7z\"\/><\/svg><\/span><\/span><\/span><\/a><\/span><\/div>\n<nav><ul class='ez-toc-list ez-toc-list-level-1 eztoc-toggle-hide-by-default' ><li class='ez-toc-page-1 ez-toc-heading-level-2'><a class=\"ez-toc-link ez-toc-heading-1\" href=\"https:\/\/moverdb.com\/de\/moving-companies\/moving-companies-myanmar\/#1_Dawood_Worldwide_Movers\" >1. Dawood Worldwide Movers<\/a><\/li><li class='ez-toc-page-1 ez-toc-heading-level-2'><a class=\"ez-toc-link ez-toc-heading-2\" href=\"https:\/\/moverdb.com\/de\/moving-companies\/moving-companies-myanmar\/#2_DNS_Mobility_Ltd\" >2. DNS Mobilit\u00e4t GmbH<\/a><\/li><li class='ez-toc-page-1 ez-toc-heading-level-2'><a class=\"ez-toc-link ez-toc-heading-3\" href=\"https:\/\/moverdb.com\/de\/moving-companies\/moving-companies-myanmar\/#3_Global_Moving_Storage_Ltd\" >3. Global Moving &amp; Storage Ltd<\/a><\/li><li class='ez-toc-page-1 ez-toc-heading-level-2'><a class=\"ez-toc-link ez-toc-heading-4\" href=\"https:\/\/moverdb.com\/de\/moving-companies\/moving-companies-myanmar\/#4_Legendary_Myanmar_International_Moving_Logistics_Co_Ltd\" >4. Sagenhafte Myanmar International Umzug &amp; Logistik Co Ltd<\/a><\/li><li class='ez-toc-page-1 ez-toc-heading-level-2'><a class=\"ez-toc-link ez-toc-heading-5\" href=\"https:\/\/moverdb.com\/de\/moving-companies\/moving-companies-myanmar\/#5_Myanmar_Express_Moving\" >5. Myanmar Express Umzug<\/a><\/li><li class='ez-toc-page-1 ez-toc-heading-level-2'><a class=\"ez-toc-link ez-toc-heading-6\" href=\"https:\/\/moverdb.com\/de\/moving-companies\/moving-companies-myanmar\/#6_NMT_Ltd\" >6. NMT GmbH<\/a><\/li><\/ul><\/nav><\/div>\n<h2><span class=\"ez-toc-section\" id=\"1_Dawood_Worldwide_Movers\"><\/span><strong>1. Dawood Worldwide Movers<\/strong><span class=\"ez-toc-section-end\"><\/span><\/h2>\n<p><img loading=\"lazy\" decoding=\"async\" class=\"alignnone size-full wp-image-8783\" src=\"https:\/\/moverdb.com\/wp-content\/uploads\/Dawood-Worldwide-Moving-international-moving-company.png\" alt=\"Dawood Worldwide Moving internationales Umzugsunternehmen\" width=\"1440\" height=\"682\" data-wp-pid=\"8783\" srcset=\"https:\/\/moverdb.com\/wp-content\/uploads\/Dawood-Worldwide-Moving-international-moving-company.png 1440w, https:\/\/moverdb.com\/wp-content\/uploads\/Dawood-Worldwide-Moving-international-moving-company-300x142.png 300w, https:\/\/moverdb.com\/wp-content\/uploads\/Dawood-Worldwide-Moving-international-moving-company-1024x485.png 1024w, https:\/\/moverdb.com\/wp-content\/uploads\/Dawood-Worldwide-Moving-international-moving-company-18x9.png 18w, https:\/\/moverdb.com\/wp-content\/uploads\/Dawood-Worldwide-Moving-international-moving-company-600x284.png 600w\" sizes=\"auto, (max-width: 1440px) 100vw, 1440px\" \/><\/p>\n<ul>\n<li>Nationale Umz\u00fcge<\/li>\n<li>Internationale Umz\u00fcge<\/li>\n<li>Umz\u00fcge von Haushalten<\/li>\n<li>B\u00fcroumz\u00fcge<\/li>\n<li>Verpackungsservice<\/li>\n<li>Vorkehrungen f\u00fcr den Transport<\/li>\n<li>Zollabfertigung<\/li>\n<li>Herkunfts- und Bestimmungsortdienste<\/li>\n<li>Umsiedlung von Haustieren<\/li>\n<li>Sichere Lagerung<\/li>\n<\/ul>\n<p>Dawood Worldwide Movers ist ein internationales Umzugsunternehmen, das 1963 gegr\u00fcndet wurde und seinen Sitz in Yangon hat. Sie arbeiten mit internationalen Umzugsdiensten und Spediteuren zusammen, um ihre Dienstleistungen weltweit anzubieten. Das Unternehmen ist Mitglied der IAM und kann auf 47 Dienstjahre zur\u00fcckblicken.<\/p>\n<p>Dawood Worldwide Movers bietet einen kompletten Umzugsservice an, der auch die Unterst\u00fctzung vor dem Umzug und bei der Ankunft am Zielort umfasst und auch den Umzug Ihrer Haustiere erm\u00f6glicht. Das Unternehmen bietet einen umfassenden Verpackungsservice, der auch Verpackungsmaterial zum Schutz Ihres Eigentums w\u00e4hrend des Transports umfasst. Sie treffen Vorkehrungen f\u00fcr den Transport Ihres Eigentums an Ihren Bestimmungsort mit Zollabfertigung.<\/p>\n<p>Website: <a href=\"http:\/\/www.dawoodmovers.com\" target=\"_blank\" rel=\"noopener\">http:\/\/www.dawoodmovers.com<\/a><\/p>\n<h2><span class=\"ez-toc-section\" id=\"2_DNS_Mobility_Ltd\"><\/span><strong>2. DNS Mobilit\u00e4t GmbH<\/strong><span class=\"ez-toc-section-end\"><\/span><\/h2>\n<p><img loading=\"lazy\" decoding=\"async\" class=\"alignnone size-full wp-image-8789\" src=\"https:\/\/moverdb.com\/wp-content\/uploads\/DNS-Mobility-Ltd-international-moving-company.png\" alt=\"DNS Mobility Ltd internationales Umzugsunternehmen\" width=\"1440\" height=\"680\" data-wp-pid=\"8789\" srcset=\"https:\/\/moverdb.com\/wp-content\/uploads\/DNS-Mobility-Ltd-international-moving-company.png 1440w, https:\/\/moverdb.com\/wp-content\/uploads\/DNS-Mobility-Ltd-international-moving-company-300x142.png 300w, https:\/\/moverdb.com\/wp-content\/uploads\/DNS-Mobility-Ltd-international-moving-company-1024x484.png 1024w, https:\/\/moverdb.com\/wp-content\/uploads\/DNS-Mobility-Ltd-international-moving-company-18x9.png 18w, https:\/\/moverdb.com\/wp-content\/uploads\/DNS-Mobility-Ltd-international-moving-company-600x283.png 600w\" sizes=\"auto, (max-width: 1440px) 100vw, 1440px\" \/><\/p>\n<ul>\n<li>Nationale Umz\u00fcge<\/li>\n<li>Internationale Verlagerungen<\/li>\n<li>Umz\u00fcge im Haushalt<\/li>\n<li>Full-Service-Verpackung<\/li>\n<li>Ma\u00dfgeschneiderte Verpackungsausr\u00fcstung<\/li>\n<li>Organisation des Transports<\/li>\n<li><a href=\"https:\/\/moverdb.com\/de\/car-transport-shipping\/\" data-internallinksmanager029f6b8e52c=\"2\" title=\"2026 Internationale Autotransporte &amp; Angebote f\u00fcr Fahrzeugtransporte\">Transport von Fahrzeugen<\/a><\/li>\n<li>Handhabung von Kunstwerken<\/li>\n<li>Umz\u00fcge von Haustieren<\/li>\n<li>Sichere Lagereinrichtungen<\/li>\n<\/ul>\n<p>DNS Mobility Ltd ist ein 2013 gegr\u00fcndetes internationales Logistik- und Haustierumzugsunternehmen mit Sitz in Yangon. Das Unternehmen arbeitet mit \u00fcber 100 Partner- und Tochtergesellschaften in der ganzen Welt zusammen, um seine Dienstleistungen international anzubieten. Das Unternehmen ist seit 11 Jahren Mitglied der IAM.<\/p>\n<p>DNS Mobility Ltd. bietet umfassende Umzugsdienstleistungen f\u00fcr Haushalte an, die einen vollst\u00e4ndigen Verpackungsservice zum Schutz Ihres Eigentums w\u00e4hrend des Transports bieten, einschlie\u00dflich ma\u00dfgeschneiderter Verpackungsausr\u00fcstung und Kisten. Sie organisieren den Transport Ihrer Sachen und verfolgen Ihre Sendung online. Bei der Ankunft packen sie aus und beseitigen die R\u00fcckst\u00e4nde.<\/p>\n<p>Website: <a href=\"http:\/\/www.dnsmyanmar.com\" target=\"_blank\" rel=\"noopener\">http:\/\/www.dnsmyanmar.com<\/a><\/p>\n<h2><span class=\"ez-toc-section\" id=\"3_Global_Moving_Storage_Ltd\"><\/span><strong>3. Global Moving &amp; Storage Ltd<\/strong><span class=\"ez-toc-section-end\"><\/span><\/h2>\n<p><img loading=\"lazy\" decoding=\"async\" class=\"alignnone size-full wp-image-8806\" src=\"https:\/\/moverdb.com\/wp-content\/uploads\/Global-Moving-Storage-Ltd-international-moving-company.png\" alt=\"Global Moving &amp; Storage Ltd internationales Umzugsunternehmen\" width=\"1440\" height=\"675\" data-wp-pid=\"8806\" srcset=\"https:\/\/moverdb.com\/wp-content\/uploads\/Global-Moving-Storage-Ltd-international-moving-company.png 1440w, https:\/\/moverdb.com\/wp-content\/uploads\/Global-Moving-Storage-Ltd-international-moving-company-300x141.png 300w, https:\/\/moverdb.com\/wp-content\/uploads\/Global-Moving-Storage-Ltd-international-moving-company-1024x480.png 1024w, https:\/\/moverdb.com\/wp-content\/uploads\/Global-Moving-Storage-Ltd-international-moving-company-18x8.png 18w, https:\/\/moverdb.com\/wp-content\/uploads\/Global-Moving-Storage-Ltd-international-moving-company-600x281.png 600w\" sizes=\"auto, (max-width: 1440px) 100vw, 1440px\" \/><\/p>\n<ul>\n<li>Nationale Umz\u00fcge<\/li>\n<li>Internationale Umz\u00fcge<\/li>\n<li>Umz\u00fcge im Haushalt<\/li>\n<li>B\u00fcroumz\u00fcge<\/li>\n<li>Verpackungsdienstleistungen<\/li>\n<li>Anordnung der Bef\u00f6rderung<\/li>\n<li>Zollabfertigung<\/li>\n<li>Verpacken von Kunstgegenst\u00e4nden<\/li>\n<li>Umzugsservice f\u00fcr Haustiere<\/li>\n<li>Lagereinrichtungen<\/li>\n<\/ul>\n<p>Global Moving &amp; Storage Ltd ist ein weltweites Umzugs- und Logistikunternehmen mit \u00fcber zwei Jahrzehnten Erfahrung. Das Unternehmen ist seit 12 Jahren Mitglied der IAM und verf\u00fcgt damit \u00fcber ein internationales Netzwerk von Umzugsagenten, die es bei der Erbringung von Dienstleistungen auf der ganzen Welt unterst\u00fctzen k\u00f6nnen.<\/p>\n<p>Global Moving &amp; Storage Ltd bietet T\u00fcr-zu-T\u00fcr, T\u00fcr-zu<a href=\"https:\/\/moverdb.com\/de\/top-49-container-ports\/\" data-internallinksmanager029f6b8e52c=\"80\" title=\"Top 49 der gr\u00f6\u00dften und verkehrsreichsten Containerh\u00e4fen im Jahr 2025\">Hafen<\/a> oder Port-to-Door-Dienste, die die Zollabfertigung und die Organisation des Transports umfassen. Sie bieten Verpackungsdienste zum Schutz Ihrer Gegenst\u00e4nde w\u00e4hrend des Transports an, die den internationalen Standards entsprechen. Sie bieten spezielle Dienstleistungen f\u00fcr Diplomaten, Kunstgegenst\u00e4nde und Haustierumz\u00fcge an.<\/p>\n<p>Website: <a href=\"http:\/\/www.globalmovingstorage.com\" target=\"_blank\" rel=\"noopener\">http:\/\/www.globalmovingstorage.com<\/a><\/p>\n<h2><span class=\"ez-toc-section\" id=\"4_Legendary_Myanmar_International_Moving_Logistics_Co_Ltd\"><\/span><strong>4. Sagenhafte Myanmar International Umzug &amp; Logistik Co Ltd<\/strong><span class=\"ez-toc-section-end\"><\/span><\/h2>\n<p><img loading=\"lazy\" decoding=\"async\" class=\"alignnone size-full wp-image-8821\" src=\"https:\/\/moverdb.com\/wp-content\/uploads\/Legendary-Myanmar-International-Moving-Logistics-Co-Ltd.png\" alt=\"Sagenhafte Myanmar Internationaler Umzug &amp; Logistik Co Ltd\" width=\"1440\" height=\"682\" data-wp-pid=\"8821\" srcset=\"https:\/\/moverdb.com\/wp-content\/uploads\/Legendary-Myanmar-International-Moving-Logistics-Co-Ltd.png 1440w, https:\/\/moverdb.com\/wp-content\/uploads\/Legendary-Myanmar-International-Moving-Logistics-Co-Ltd-300x142.png 300w, https:\/\/moverdb.com\/wp-content\/uploads\/Legendary-Myanmar-International-Moving-Logistics-Co-Ltd-1024x485.png 1024w, https:\/\/moverdb.com\/wp-content\/uploads\/Legendary-Myanmar-International-Moving-Logistics-Co-Ltd-18x9.png 18w, https:\/\/moverdb.com\/wp-content\/uploads\/Legendary-Myanmar-International-Moving-Logistics-Co-Ltd-600x284.png 600w\" sizes=\"auto, (max-width: 1440px) 100vw, 1440px\" \/><\/p>\n<ul>\n<li>Nationale Umz\u00fcge<\/li>\n<li>Internationale Umz\u00fcge<\/li>\n<li>Umz\u00fcge im Haushalt<\/li>\n<li>Firmenumz\u00fcge<\/li>\n<li>Verpackungsservice<\/li>\n<li>Stra\u00dfen-, See- und Luftfracht<\/li>\n<li>Unterst\u00fctzung der Dokumentation<\/li>\n<li>Autotransport<\/li>\n<li>Umsiedlung von Haustieren<\/li>\n<li>Lagereinrichtungen<\/li>\n<\/ul>\n<p>Legendary Myanmar International Moving &amp; Logistics Co Ltd (LMSL) ist ein Versand-, Umzugs- und <a href=\"https:\/\/moverdb.com\/de\/relocation-agents\/\" data-internallinksmanager029f6b8e52c=\"1\" title=\"7 Gr\u00fcnde, warum Sie einen Relocation Agent beauftragen sollten?\">Umzugshelfer<\/a> wurde 2010 gegr\u00fcndet und hat B\u00fcros in Yangon, Mandalay und Bagan. Sie haben weltweite Beziehungen zu Transport- und Umzugsunternehmen aufgebaut, um internationale Dienstleistungen zu erbringen, und sind seit 13 Jahren Mitglied der IAM.<\/p>\n<p>LMSL bietet umfassende Umzugsdienstleistungen f\u00fcr lokale und internationale Umz\u00fcge, einschlie\u00dflich Unterst\u00fctzung bei der Dokumentation. Sie bieten einen Verpackungsservice zum Schutz Ihres Eigentums und arrangieren den Transport auf der Stra\u00dfe, per Flugzeug und auf dem Seeweg, einschlie\u00dflich der dazugeh\u00f6rigen Unterlagen wie z. B. der Zollabfertigung. Sie bieten Umzugsdienstleistungen wie Orientierung, Wohnungs- und Schulsuche und Mietvertragsverhandlungen an.<\/p>\n<p>Website: <a href=\"http:\/\/www.lmsl-shipping.com\" target=\"_blank\" rel=\"noopener\">http:\/\/www.lmsl-shipping.com<\/a><\/p>\n<h2><span class=\"ez-toc-section\" id=\"5_Myanmar_Express_Moving\"><\/span><strong>5. Myanmar Express Umzug<\/strong><span class=\"ez-toc-section-end\"><\/span><\/h2>\n<p><img loading=\"lazy\" decoding=\"async\" class=\"alignnone size-full wp-image-8835\" src=\"https:\/\/moverdb.com\/wp-content\/uploads\/Myanmar-Express-Moving-international-moving-company.png\" alt=\"Myanmar Express Moving internationales Umzugsunternehmen\" width=\"1440\" height=\"677\" data-wp-pid=\"8835\" srcset=\"https:\/\/moverdb.com\/wp-content\/uploads\/Myanmar-Express-Moving-international-moving-company.png 1440w, https:\/\/moverdb.com\/wp-content\/uploads\/Myanmar-Express-Moving-international-moving-company-300x141.png 300w, https:\/\/moverdb.com\/wp-content\/uploads\/Myanmar-Express-Moving-international-moving-company-1024x481.png 1024w, https:\/\/moverdb.com\/wp-content\/uploads\/Myanmar-Express-Moving-international-moving-company-18x8.png 18w, https:\/\/moverdb.com\/wp-content\/uploads\/Myanmar-Express-Moving-international-moving-company-600x282.png 600w\" sizes=\"auto, (max-width: 1440px) 100vw, 1440px\" \/><\/p>\n<ul>\n<li>Lokale Umz\u00fcge<\/li>\n<li>Internationale Umz\u00fcge<\/li>\n<li>Umz\u00fcge von Haushalten<\/li>\n<li>Kommerzielle Fracht<\/li>\n<li>Verpackungsservice<\/li>\n<li>Stra\u00dfen-, Luft- und Seetransport<\/li>\n<li>Zollabfertigung<\/li>\n<li>Umsiedlung von Haustieren<\/li>\n<li>Versicherung<\/li>\n<li>Lagereinrichtungen<\/li>\n<\/ul>\n<p>Myanmar Express Moving ist ein Umzugs- und Verpackungsunternehmen mit \u00fcber 57 Jahren Erfahrung und Sitz in Yangon. Das Unternehmen verf\u00fcgt \u00fcber internationale strategische Partnerschaften und Allianzen auf der ganzen Welt, um internationale Dienstleistungen anzubieten. Das Unternehmen ist Mitglied der IAM und kann auf 29 Jahre Erfahrung zur\u00fcckblicken.<\/p>\n<p>Myanmar Express Moving bietet eine kostenlose Besichtigung an, um Ihren Umzugsbedarf zu ermitteln und ein Angebot zu erstellen. Sie bieten einen Verpackungsservice an, der Ihre M\u00f6bel mit modernem, hochwertigem Verpackungsmaterial sch\u00fctzt, sie packen bei der Ankunft aus und entfernen alle R\u00fcckst\u00e4nde. Sie organisieren den Transport auf der Stra\u00dfe, auf dem Luft- und Seeweg mit Zollabfertigung und Versicherungsschutz.<\/p>\n<p>Website: <a href=\"http:\/\/www.myanmarexpressmoving.com\" target=\"_blank\" rel=\"noopener\">http:\/\/www.myanmarexpressmoving.com<\/a><\/p>\n<h2><span class=\"ez-toc-section\" id=\"6_NMT_Ltd\"><\/span><strong>6. NMT GmbH<\/strong><span class=\"ez-toc-section-end\"><\/span><\/h2>\n<p><img loading=\"lazy\" decoding=\"async\" class=\"alignnone size-full wp-image-8838\" src=\"https:\/\/moverdb.com\/wp-content\/uploads\/NMT-Ltd-international-moving-company.png\" alt=\"NMT Ltd internationales Umzugsunternehmen\" width=\"1440\" height=\"683\" data-wp-pid=\"8838\" srcset=\"https:\/\/moverdb.com\/wp-content\/uploads\/NMT-Ltd-international-moving-company.png 1440w, https:\/\/moverdb.com\/wp-content\/uploads\/NMT-Ltd-international-moving-company-300x142.png 300w, https:\/\/moverdb.com\/wp-content\/uploads\/NMT-Ltd-international-moving-company-1024x486.png 1024w, https:\/\/moverdb.com\/wp-content\/uploads\/NMT-Ltd-international-moving-company-18x9.png 18w, https:\/\/moverdb.com\/wp-content\/uploads\/NMT-Ltd-international-moving-company-600x285.png 600w\" sizes=\"auto, (max-width: 1440px) 100vw, 1440px\" \/><\/p>\n<ul>\n<li>Nationale Umz\u00fcge<\/li>\n<li>Internationale Umz\u00fcge<\/li>\n<li>Umz\u00fcge von Haushalten<\/li>\n<li>B\u00fcroumz\u00fcge<\/li>\n<li>Diplomatischer Schachzug<\/li>\n<li>Verpackungsservice<\/li>\n<li>See- und Luftfracht<\/li>\n<li>Zollabfertigung<\/li>\n<li>Transport von Fahrzeugen<\/li>\n<li>Lagereinrichtungen<\/li>\n<\/ul>\n<p>NMT Ltd ist ein 1993 gegr\u00fcndetes internationales Verpackungs-, Versand-, Umzugs-, Logistik- und Transportunternehmen mit Sitz in Nord-Dagon und Yangon. Das Unternehmen bietet auch Dienstleistungen f\u00fcr Messen und Veranstaltungen an und k\u00fcmmert sich um Versand und Aufbau. Das Unternehmen ist Mitglied der IAM und kann auf 30 Jahre Erfahrung zur\u00fcckblicken, was ihm Zugang zu einem internationalen Netzwerk von Umzugsagenten verschafft, die ihre Dienstleistungen weltweit anbieten.<\/p>\n<p>NMT Ltd. bietet Haushalts- und B\u00fcroumz\u00fcge innerhalb, nach und aus Myanmar an, einschlie\u00dflich Botschaften und Diplomaten. Das Unternehmen verf\u00fcgt \u00fcber erfahrene Mitarbeiter, die Sie w\u00e4hrend Ihres gesamten Umzugs unterst\u00fctzen, einschlie\u00dflich erfahrener Packer, die Ihr Hab und Gut sicher verpacken und den Versand per See- oder Luftfracht mit Zollabwicklung arrangieren.<\/p>\n<p>Website: <a href=\"http:\/\/www.ntmyanmar.com\" target=\"_blank\" rel=\"noopener\">http:\/\/www.ntmyanmar.com<\/a><\/p>","protected":false},"excerpt":{"rendered":"<p>When you are moving home or business it can be such a stressful time as there is so much to plan and do especially if you are moving to another country. Engaging the services of a moving company can help reduce your stress and take away a lot of those tasks. Below we have compiled [&hellip;]<\/p>\n","protected":false},"author":4,"featured_media":0,"parent":190,"menu_order":0,"comment_status":"closed","ping_status":"closed","template":"","meta":{"_genesis_hide_title":false,"_genesis_hide_breadcrumbs":false,"_genesis_hide_singular_image":false,"_genesis_hide_footer_widgets":false,"_genesis_custom_body_class":"","_genesis_custom_post_class":"","_genesis_layout":"","footnotes":""},"class_list":{"0":"post-8879","1":"page","2":"type-page","3":"status-publish","5":"entry","6":"has-post-thumbnail"},"_links":{"self":[{"href":"https:\/\/moverdb.com\/de\/wp-json\/wp\/v2\/pages\/8879","targetHints":{"allow":["GET"]}}],"collection":[{"href":"https:\/\/moverdb.com\/de\/wp-json\/wp\/v2\/pages"}],"about":[{"href":"https:\/\/moverdb.com\/de\/wp-json\/wp\/v2\/types\/page"}],"author":[{"embeddable":true,"href":"https:\/\/moverdb.com\/de\/wp-json\/wp\/v2\/users\/4"}],"replies":[{"embeddable":true,"href":"https:\/\/moverdb.com\/de\/wp-json\/wp\/v2\/comments?post=8879"}],"version-history":[{"count":1,"href":"https:\/\/moverdb.com\/de\/wp-json\/wp\/v2\/pages\/8879\/revisions"}],"predecessor-version":[{"id":8881,"href":"https:\/\/moverdb.com\/de\/wp-json\/wp\/v2\/pages\/8879\/revisions\/8881"}],"up":[{"embeddable":true,"href":"https:\/\/moverdb.com\/de\/wp-json\/wp\/v2\/pages\/190"}],"wp:attachment":[{"href":"https:\/\/moverdb.com\/de\/wp-json\/wp\/v2\/media?parent=8879"}],"curies":[{"name":"wp","href":"https:\/\/api.w.org\/{rel}","templated":true}]}}