{"id":8441,"date":"2023-04-27T14:41:20","date_gmt":"2023-04-27T14:41:20","guid":{"rendered":"https:\/\/moverdb.com\/?page_id=8441"},"modified":"2026-01-08T15:24:49","modified_gmt":"2026-01-08T15:24:49","slug":"moving-companies-mozambique","status":"publish","type":"page","link":"https:\/\/moverdb.com\/de\/moving-companies\/moving-companies-mozambique\/","title":{"rendered":"Die 4 besten internationalen Umzugsunternehmen in Mosambik"},"content":{"rendered":"<p>Wenn Sie einen Wohn- oder Gesch\u00e4ftsumzug planen, sollten Sie vielleicht die Dienste eines <a href=\"https:\/\/moverdb.com\/de\/moving-companies\/\" data-internallinksmanager029f6b8e52c=\"79\" title=\"Top 25 Internationale Umzugsunternehmen Online\">Umzugsunternehmen<\/a> um diese Erfahrung weniger stressig zu machen. Wenn Sie innerhalb von, nach oder von Mosambik umziehen, haben wir eine Liste von in Mosambik ans\u00e4ssigen <a href=\"https:\/\/moverdb.com\/de\/international-removals\/\" data-internallinksmanager029f6b8e52c=\"27\" title=\"36 Beste internationale Umzugsunternehmen in Gro\u00dfbritannien\">Umzugsunternehmen<\/a> unten, die Mitglieder der <a href=\"https:\/\/moverdb.com\/de\/iam\/\" data-internallinksmanager029f6b8e52c=\"23\" title=\"International Association of Movers (IAM) erkl\u00e4rt\">Internationaler Verband der M\u00f6belspediteure<\/a> (IAM) und\/oder <a href=\"https:\/\/moverdb.com\/de\/fidi-faim\/\" data-internallinksmanager029f6b8e52c=\"16\" title=\"FIDI &amp; FAIM (FIDI Accredited International Mover) Erl\u00e4utert\">FIDI<\/a> Accredited International Mover (FAIM), die Sie bei Ihrem Umzug unterst\u00fctzen k\u00f6nnen.<\/p>\n<div id=\"ez-toc-container\" class=\"ez-toc-v2_0_82_2 ez-toc-wrap-left counter-hierarchy ez-toc-counter ez-toc-transparent ez-toc-container-direction\">\n<div class=\"ez-toc-title-container\">\n<p class=\"ez-toc-title\" style=\"cursor:inherit\">Rubriken<\/p>\n<span class=\"ez-toc-title-toggle\"><a href=\"#\" class=\"ez-toc-pull-right ez-toc-btn ez-toc-btn-xs ez-toc-btn-default ez-toc-toggle\" aria-label=\"Inhaltsverzeichnis umschalten\"><span class=\"ez-toc-js-icon-con\"><span class=\"\"><span class=\"eztoc-hide\" style=\"display:none;\">Umschalten auf<\/span><span class=\"ez-toc-icon-toggle-span\"><svg style=\"fill: #999;color:#999\" xmlns=\"http:\/\/www.w3.org\/2000\/svg\" class=\"list-377408\" width=\"20px\" height=\"20px\" viewbox=\"0 0 24 24\" fill=\"none\"><path d=\"M6 6H4v2h2V6zm14 0H8v2h12V6zM4 11h2v2H4v-2zm16 0H8v2h12v-2zM4 16h2v2H4v-2zm16 0H8v2h12v-2z\" fill=\"currentColor\"><\/path><\/svg><svg style=\"fill: #999;color:#999\" class=\"arrow-unsorted-368013\" xmlns=\"http:\/\/www.w3.org\/2000\/svg\" width=\"10px\" height=\"10px\" viewbox=\"0 0 24 24\" version=\"1.2\" baseprofile=\"tiny\"><path d=\"M18.2 9.3l-6.2-6.3-6.2 6.3c-.2.2-.3.4-.3.7s.1.5.3.7c.2.2.4.3.7.3h11c.3 0 .5-.1.7-.3.2-.2.3-.5.3-.7s-.1-.5-.3-.7zM5.8 14.7l6.2 6.3 6.2-6.3c.2-.2.3-.5.3-.7s-.1-.5-.3-.7c-.2-.2-.4-.3-.7-.3h-11c-.3 0-.5.1-.7.3-.2.2-.3.5-.3.7s.1.5.3.7z\"\/><\/svg><\/span><\/span><\/span><\/a><\/span><\/div>\n<nav><ul class='ez-toc-list ez-toc-list-level-1 eztoc-toggle-hide-by-default' ><li class='ez-toc-page-1 ez-toc-heading-level-2'><a class=\"ez-toc-link ez-toc-heading-1\" href=\"https:\/\/moverdb.com\/de\/moving-companies\/moving-companies-mozambique\/#1_CityMover\" >1. CityMover<\/a><\/li><li class='ez-toc-page-1 ez-toc-heading-level-2'><a class=\"ez-toc-link ez-toc-heading-2\" href=\"https:\/\/moverdb.com\/de\/moving-companies\/moving-companies-mozambique\/#2_CTZ_Logistics\" >2. CTZ Logistik<\/a><\/li><li class='ez-toc-page-1 ez-toc-heading-level-2'><a class=\"ez-toc-link ez-toc-heading-3\" href=\"https:\/\/moverdb.com\/de\/moving-companies\/moving-companies-mozambique\/#3_Ingar\" >3. Ingar<\/a><\/li><li class='ez-toc-page-1 ez-toc-heading-level-2'><a class=\"ez-toc-link ez-toc-heading-4\" href=\"https:\/\/moverdb.com\/de\/moving-companies\/moving-companies-mozambique\/#4_TL\" >4. TL<\/a><\/li><\/ul><\/nav><\/div>\n<h2><span class=\"ez-toc-section\" id=\"1_CityMover\"><\/span><strong>1. CityMover<\/strong><span class=\"ez-toc-section-end\"><\/span><\/h2>\n<p><img loading=\"lazy\" decoding=\"async\" class=\"alignnone size-full wp-image-8298\" src=\"https:\/\/moverdb.com\/wp-content\/uploads\/CityMover-international-moving-company.png\" alt=\"CityMover internationales Umzugsunternehmen\" width=\"1440\" height=\"681\" data-wp-pid=\"8298\" srcset=\"https:\/\/moverdb.com\/wp-content\/uploads\/CityMover-international-moving-company.png 1440w, https:\/\/moverdb.com\/wp-content\/uploads\/CityMover-international-moving-company-300x142.png 300w, https:\/\/moverdb.com\/wp-content\/uploads\/CityMover-international-moving-company-1024x484.png 1024w, https:\/\/moverdb.com\/wp-content\/uploads\/CityMover-international-moving-company-18x9.png 18w, https:\/\/moverdb.com\/wp-content\/uploads\/CityMover-international-moving-company-600x284.png 600w\" sizes=\"auto, (max-width: 1440px) 100vw, 1440px\" \/><\/p>\n<ul>\n<li>Nationale Umz\u00fcge<\/li>\n<li>Internationale Umz\u00fcge<\/li>\n<li>Umz\u00fcge im Haushalt<\/li>\n<li>B\u00fcroumz\u00fcge<\/li>\n<li>Handhabung von IT-Ausr\u00fcstung<\/li>\n<li>Verpackungsservice<\/li>\n<li>Stra\u00dfen-, See- und Luftverkehr<\/li>\n<li>Zollformalit\u00e4ten<\/li>\n<li>Versicherung<\/li>\n<li>Lagereinrichtungen<\/li>\n<\/ul>\n<p>CityMover ist ein Umzugs- und Logistikunternehmen, das 2011 gegr\u00fcndet wurde und seinen Sitz in Maputo hat. Sie haben Partner, mit denen sie auf allen Kontinenten zusammenarbeiten, um Ihnen zu helfen, \u00fcberall auf der Welt umzuziehen. Das Unternehmen ist seit 13 Jahren Mitglied der IAM.<\/p>\n<p>CityMover unterst\u00fctzt Sie bei jedem Schritt Ihres Umzugs und bietet Ihnen versicherte Dienstleistungen. Sie bieten einen Verpackungsservice an, der Ihre Gegenst\u00e4nde w\u00e4hrend des Transports sch\u00fctzt. Die verwendeten Materialien variieren je nach Transportart und den zu verpackenden Gegenst\u00e4nden. Sie helfen auch bei der Demontage und Montage von M\u00f6beln.<\/p>\n<p>Website: <a href=\"http:\/\/www.citymover.co.mz\" target=\"_blank\" rel=\"noopener\">http:\/\/www.citymover.co.mz<\/a><\/p>\n<h2><span class=\"ez-toc-section\" id=\"2_CTZ_Logistics\"><\/span><strong>2. CTZ Logistik<\/strong><span class=\"ez-toc-section-end\"><\/span><\/h2>\n<p><img loading=\"lazy\" decoding=\"async\" class=\"alignnone size-full wp-image-8444\" src=\"https:\/\/moverdb.com\/wp-content\/uploads\/CTZ-Logistics-international-moving-company.png\" alt=\"CTZ Logistics internationales Umzugsunternehmen\" width=\"1440\" height=\"681\" data-wp-pid=\"8444\" srcset=\"https:\/\/moverdb.com\/wp-content\/uploads\/CTZ-Logistics-international-moving-company.png 1440w, https:\/\/moverdb.com\/wp-content\/uploads\/CTZ-Logistics-international-moving-company-300x142.png 300w, https:\/\/moverdb.com\/wp-content\/uploads\/CTZ-Logistics-international-moving-company-1024x484.png 1024w, https:\/\/moverdb.com\/wp-content\/uploads\/CTZ-Logistics-international-moving-company-18x9.png 18w, https:\/\/moverdb.com\/wp-content\/uploads\/CTZ-Logistics-international-moving-company-600x284.png 600w\" sizes=\"auto, (max-width: 1440px) 100vw, 1440px\" \/><\/p>\n<ul>\n<li>Nationale Umz\u00fcge<\/li>\n<li>Internationale Umz\u00fcge<\/li>\n<li>Umz\u00fcge in Wohnungen<\/li>\n<li>B\u00fcroumz\u00fcge<\/li>\n<li>Verpackungsservice<\/li>\n<li>Optionen f\u00fcr die Verpackung<\/li>\n<li>Stra\u00dfen-, See- und Luftfracht<\/li>\n<li>Zollabfertigung<\/li>\n<li>Versicherung<\/li>\n<li>Sichere Lagerung<\/li>\n<\/ul>\n<p>CTZ Logistics ist ein Full-Service-Umzugs- und Logistikunternehmen, das 2007 gegr\u00fcndet wurde und Niederlassungen in ganz Afrika unterh\u00e4lt, darunter auch die Hauptniederlassung in Maputo, Mosambik. Das Unternehmen arbeitet mit Verladern, Spediteuren und internationalen Umzugsagenten zusammen, um seine Dienstleistungen weltweit anzubieten. Das Unternehmen ist seit 12 Jahren Mitglied der IAM.<\/p>\n<p>CTZ Logistics bietet vor dem Umzug eine Bestandsaufnahme an, um das Volumen und den Verpackungsbedarf f\u00fcr den Umzug zu ermitteln. Sie stellen qualifizierte und erfahrene Packer zur Verf\u00fcgung, die Ihre Gegenst\u00e4nde durch Verpacken, Einpacken und Verschlie\u00dfen sch\u00fctzen. Sie bieten den Transport auf der Stra\u00dfe, zu Wasser und in der Luft zu Zielen in der ganzen Welt mit Zollabfertigung an.<\/p>\n<p>Website: <a href=\"http:\/\/www.ctzlogistics.com\" target=\"_blank\" rel=\"noopener\">http:\/\/www.ctzlogistics.com<\/a><\/p>\n<h2><span class=\"ez-toc-section\" id=\"3_Ingar\"><\/span><strong>3. Ingar<\/strong><span class=\"ez-toc-section-end\"><\/span><\/h2>\n<p><img loading=\"lazy\" decoding=\"async\" class=\"alignnone size-full wp-image-8443\" src=\"https:\/\/moverdb.com\/wp-content\/uploads\/Ingar-international-moving-company.png\" alt=\"Ingar Internationales Umzugsunternehmen\" width=\"1440\" height=\"678\" data-wp-pid=\"8443\" srcset=\"https:\/\/moverdb.com\/wp-content\/uploads\/Ingar-international-moving-company.png 1440w, https:\/\/moverdb.com\/wp-content\/uploads\/Ingar-international-moving-company-300x141.png 300w, https:\/\/moverdb.com\/wp-content\/uploads\/Ingar-international-moving-company-1024x482.png 1024w, https:\/\/moverdb.com\/wp-content\/uploads\/Ingar-international-moving-company-18x8.png 18w, https:\/\/moverdb.com\/wp-content\/uploads\/Ingar-international-moving-company-600x283.png 600w\" sizes=\"auto, (max-width: 1440px) 100vw, 1440px\" \/><\/p>\n<ul>\n<li>Nationale Umz\u00fcge<\/li>\n<li>Internationale Umz\u00fcge<\/li>\n<li>Umz\u00fcge im Haushalt<\/li>\n<li>Haus-zu-Haus-Dienst<\/li>\n<li>Professionelle Verpackung<\/li>\n<li>Dienstleistungen im Bereich Verpackung<\/li>\n<li>Stra\u00dfen-, Schienen-, Luft- und Seefracht<\/li>\n<li>Zollabfertigung<\/li>\n<li>Fahrzeugverfolgung<\/li>\n<li>Sichere Lagerung<\/li>\n<\/ul>\n<p>Ingar ist ein spezialisiertes Verpackungs- und Umzugsunternehmen, das 1984 in Maputo gegr\u00fcndet wurde. Das Unternehmen ist seit 39 Jahren Mitglied der IAM und hat dadurch Zugang zu einem internationalen Netzwerk von Umzugsagenten, die weltweite Dienstleistungen anbieten.<\/p>\n<p>Ingar bietet einen T\u00fcr-zu-T\u00fcr-Umzugsservice an, der mit einer Besichtigung vor dem Umzug beginnt, um Ihre Anforderungen zu ermitteln und ein Angebot zu erstellen. Je nach Bedarf arrangiert Ingar den Transport Ihrer G\u00fcter per Stra\u00dfe, Schiene, Schiff oder Flugzeug und unterst\u00fctzt Sie bei der Zollabfertigung. W\u00e4hrend des Transports werden Ihre Waren nachverfolgt, und Sie werden \u00fcber die voraussichtliche Ankunftszeit auf dem Laufenden gehalten.<\/p>\n<p>Website: <a href=\"https:\/\/www.ingarmozambique.com\" target=\"_blank\" rel=\"noopener\">https:\/\/www.ingarmozambique.com<\/a><\/p>\n<h2><span class=\"ez-toc-section\" id=\"4_TL\"><\/span><strong>4. TL<\/strong><span class=\"ez-toc-section-end\"><\/span><\/h2>\n<p><img loading=\"lazy\" decoding=\"async\" class=\"alignnone size-full wp-image-8442\" src=\"https:\/\/moverdb.com\/wp-content\/uploads\/TL-international-moving-company.png\" alt=\"\" width=\"1440\" height=\"682\" data-wp-pid=\"8442\" srcset=\"https:\/\/moverdb.com\/wp-content\/uploads\/TL-international-moving-company.png 1440w, https:\/\/moverdb.com\/wp-content\/uploads\/TL-international-moving-company-300x142.png 300w, https:\/\/moverdb.com\/wp-content\/uploads\/TL-international-moving-company-1024x485.png 1024w, https:\/\/moverdb.com\/wp-content\/uploads\/TL-international-moving-company-18x9.png 18w, https:\/\/moverdb.com\/wp-content\/uploads\/TL-international-moving-company-600x284.png 600w\" sizes=\"auto, (max-width: 1440px) 100vw, 1440px\" \/><\/p>\n<ul>\n<li>Nationale Umz\u00fcge<\/li>\n<li>Internationale Umz\u00fcge<\/li>\n<li>Umz\u00fcge im Haushalt<\/li>\n<li>Firmenumz\u00fcge<\/li>\n<li>Haus-zu-Haus-Dienst<\/li>\n<li>Verpackungsservice<\/li>\n<li>Stra\u00dfen-, See- und Luftverkehr<\/li>\n<li>Umgang mit Kunstwerken<\/li>\n<li>Versicherung<\/li>\n<li>Lagereinrichtungen<\/li>\n<\/ul>\n<p>TL ist ein Umzugs- und Logistikunternehmen, das seit 1998 t\u00e4tig ist und seinen Sitz in Maputo hat.<\/p>\n<p>Sie arbeiten mit internationalen Umzugsunternehmen zusammen, um ihre Dienste auch au\u00dferhalb Mosambiks anbieten zu k\u00f6nnen. Das Unternehmen ist seit 25 Jahren Mitglied der IAM.<\/p>\n<p>TL bietet einen T\u00fcr-zu-T\u00fcr-Umzugsservice f\u00fcr Haushalte und Unternehmen in, nach und aus Mosambik. Sie bieten einen Verpackungsservice an, der spezielle Verpackungsger\u00e4te und -materialien verwendet und auch die Demontage und den Zusammenbau von M\u00f6beln anbietet. Sie arrangieren den Transport auf der Stra\u00dfe, in der Luft oder auf dem Seeweg in Containern und bieten auch Eiltransporte an.<\/p>\n<p>Website: <a href=\"http:\/\/www.tl.co.mz\" target=\"_blank\" rel=\"noopener\">http:\/\/www.tl.co.mz<\/a><\/p>","protected":false},"excerpt":{"rendered":"<p>If you are planning on moving home or business you might want to employ the services of a moving company to make the experience less stressful. If you are moving within, to or from Mozambique, we have compiled a list of Mozambique based removal companies below that are members of the International Association of Movers [&hellip;]<\/p>\n","protected":false},"author":4,"featured_media":0,"parent":190,"menu_order":0,"comment_status":"closed","ping_status":"closed","template":"","meta":{"_genesis_hide_title":false,"_genesis_hide_breadcrumbs":false,"_genesis_hide_singular_image":false,"_genesis_hide_footer_widgets":false,"_genesis_custom_body_class":"","_genesis_custom_post_class":"","_genesis_layout":"","footnotes":""},"class_list":{"0":"post-8441","1":"page","2":"type-page","3":"status-publish","5":"entry","6":"has-post-thumbnail"},"_links":{"self":[{"href":"https:\/\/moverdb.com\/de\/wp-json\/wp\/v2\/pages\/8441","targetHints":{"allow":["GET"]}}],"collection":[{"href":"https:\/\/moverdb.com\/de\/wp-json\/wp\/v2\/pages"}],"about":[{"href":"https:\/\/moverdb.com\/de\/wp-json\/wp\/v2\/types\/page"}],"author":[{"embeddable":true,"href":"https:\/\/moverdb.com\/de\/wp-json\/wp\/v2\/users\/4"}],"replies":[{"embeddable":true,"href":"https:\/\/moverdb.com\/de\/wp-json\/wp\/v2\/comments?post=8441"}],"version-history":[{"count":1,"href":"https:\/\/moverdb.com\/de\/wp-json\/wp\/v2\/pages\/8441\/revisions"}],"predecessor-version":[{"id":8445,"href":"https:\/\/moverdb.com\/de\/wp-json\/wp\/v2\/pages\/8441\/revisions\/8445"}],"up":[{"embeddable":true,"href":"https:\/\/moverdb.com\/de\/wp-json\/wp\/v2\/pages\/190"}],"wp:attachment":[{"href":"https:\/\/moverdb.com\/de\/wp-json\/wp\/v2\/media?parent=8441"}],"curies":[{"name":"wp","href":"https:\/\/api.w.org\/{rel}","templated":true}]}}