{"id":8434,"date":"2023-04-27T14:43:29","date_gmt":"2023-04-27T14:43:29","guid":{"rendered":"https:\/\/moverdb.com\/?page_id=8434"},"modified":"2026-01-08T15:23:49","modified_gmt":"2026-01-08T15:23:49","slug":"moving-companies-mongolia","status":"publish","type":"page","link":"https:\/\/moverdb.com\/de\/moving-companies\/moving-companies-mongolia\/","title":{"rendered":"2 beste internationale Umzugsfirmen in der Mongolei"},"content":{"rendered":"<p>Ein Umzug kann sehr stressig sein, vor allem, wenn man in ein anderes Land umzieht. Wenn Sie innerhalb der Mongolei, in die Mongolei oder aus der Mongolei umziehen, sollten Sie die Dienste eines Umzugsunternehmens in Anspruch nehmen. <a href=\"https:\/\/moverdb.com\/de\/moving-companies\/\" data-internallinksmanager029f6b8e52c=\"79\" title=\"Top 25 Internationale Umzugsunternehmen Online\">Umzugsunternehmen<\/a> um Ihnen das Leben zu erleichtern. Im Folgenden haben wir eine Liste von mongolischen <a href=\"https:\/\/moverdb.com\/de\/international-removals\/\" data-internallinksmanager029f6b8e52c=\"27\" title=\"36 Beste internationale Umzugsunternehmen in Gro\u00dfbritannien\">Umzugsunternehmen<\/a> die Mitglieder der <a href=\"https:\/\/moverdb.com\/de\/iam\/\" data-internallinksmanager029f6b8e52c=\"23\" title=\"International Association of Movers (IAM) erkl\u00e4rt\">Internationaler Verband der M\u00f6belspediteure<\/a> (IAM) und\/oder <a href=\"https:\/\/moverdb.com\/de\/fidi-faim\/\" data-internallinksmanager029f6b8e52c=\"16\" title=\"FIDI &amp; FAIM (FIDI Accredited International Mover) Erl\u00e4utert\">FIDI<\/a> Accredited International Mover (FAIM), die Sie bei Ihrem Umzug unterst\u00fctzen k\u00f6nnen.<\/p>\n<h2><strong>1. Sch\u00f6ner Umzug Logistik<\/strong><\/h2>\n<p><img loading=\"lazy\" decoding=\"async\" class=\"alignnone size-full wp-image-8349\" src=\"https:\/\/moverdb.com\/wp-content\/uploads\/Nice-Move-Logistics-international-moving-company.png\" alt=\"Nice Move Logistics internationales Umzugsunternehmen\" width=\"1440\" height=\"670\" data-wp-pid=\"8349\" srcset=\"https:\/\/moverdb.com\/wp-content\/uploads\/Nice-Move-Logistics-international-moving-company.png 1440w, https:\/\/moverdb.com\/wp-content\/uploads\/Nice-Move-Logistics-international-moving-company-300x140.png 300w, https:\/\/moverdb.com\/wp-content\/uploads\/Nice-Move-Logistics-international-moving-company-1024x476.png 1024w, https:\/\/moverdb.com\/wp-content\/uploads\/Nice-Move-Logistics-international-moving-company-18x8.png 18w, https:\/\/moverdb.com\/wp-content\/uploads\/Nice-Move-Logistics-international-moving-company-600x279.png 600w\" sizes=\"auto, (max-width: 1440px) 100vw, 1440px\" \/><\/p>\n<ul>\n<li>Lokale und nationale Umz\u00fcge<\/li>\n<li>Internationale Umz\u00fcge<\/li>\n<li>Umz\u00fcge im Haushalt<\/li>\n<li>B\u00fcroumz\u00fcge<\/li>\n<li>Professioneller Verpackungsdienst<\/li>\n<li>See- und Lufttransporte<\/li>\n<li>Zollabfertigung<\/li>\n<li>Umz\u00fcge von Haustieren<\/li>\n<li>Autotransport<\/li>\n<li>Lagereinrichtungen<\/li>\n<\/ul>\n<p>Nice Move Logistics ist ein 2021 gegr\u00fcndetes Umzugs- und Relocation-Unternehmen mit Sitz in Ulaanbaatar. Das Unternehmen ist seit 2 Jahren Mitglied der IAM und hat dadurch Zugang zu einem internationalen Netzwerk von Umzugsagenten, die ihm dabei helfen, Dienstleistungen in der ganzen Welt anzubieten.<\/p>\n<p>Nice Move Logistics bietet Umzugsdienstleistungen innerhalb der Mongolei, in die und aus der Mongolei f\u00fcr Haushalte und B\u00fcros. Sie bieten einen professionellen Verpackungsservice, um Ihr Hab und Gut w\u00e4hrend des Transports zu sch\u00fctzen, und arrangieren den Versand per See oder Luft mit Zollabfertigung. Dar\u00fcber hinaus bietet Nice Move Logistics zus\u00e4tzliche Dienstleistungen an, wie z. B. den Umzug von Haustieren, die Abfertigung von Autos und die Lagerung von Gegenst\u00e4nden.<\/p>\n<p>Website: <a href=\"http:\/\/www.nicelogistics.mn\" target=\"_blank\" rel=\"noopener\">http:\/\/www.nicelogistics.mn<\/a><\/p>\n<h2><strong>2. Monex Mongolian Express<\/strong><\/h2>\n<p><img loading=\"lazy\" decoding=\"async\" class=\"alignnone size-full wp-image-8342\" src=\"https:\/\/moverdb.com\/wp-content\/uploads\/Monex-Mongolian-Express-international-moving-company.png\" alt=\"Monex Mongolian Express internationales Umzugsunternehmen\" width=\"1440\" height=\"637\" data-wp-pid=\"8342\" srcset=\"https:\/\/moverdb.com\/wp-content\/uploads\/Monex-Mongolian-Express-international-moving-company.png 1440w, https:\/\/moverdb.com\/wp-content\/uploads\/Monex-Mongolian-Express-international-moving-company-300x133.png 300w, https:\/\/moverdb.com\/wp-content\/uploads\/Monex-Mongolian-Express-international-moving-company-1024x453.png 1024w, https:\/\/moverdb.com\/wp-content\/uploads\/Monex-Mongolian-Express-international-moving-company-18x8.png 18w, https:\/\/moverdb.com\/wp-content\/uploads\/Monex-Mongolian-Express-international-moving-company-600x265.png 600w\" sizes=\"auto, (max-width: 1440px) 100vw, 1440px\" \/><\/p>\n<ul>\n<li>Nationale Umz\u00fcge<\/li>\n<li>Internationale Umz\u00fcge<\/li>\n<li>Umz\u00fcge im Haushalt<\/li>\n<li>Kommerzielle Sendungen<\/li>\n<li>Organisation der Verbringung<\/li>\n<li><a href=\"https:\/\/moverdb.com\/de\/container-shipping\/\" data-internallinksmanager029f6b8e52c=\"3\" title=\"Chart der internationalen Containerschifffahrtsraten: April 2026\">Containerschifffahrt<\/a><\/li>\n<li>Verpackungsdienstleistungen<\/li>\n<li>Stra\u00dfen-, Schienen-, See- und Luftverkehr<\/li>\n<li>Zollabfertigung<\/li>\n<li>Lagereinrichtungen<\/li>\n<\/ul>\n<p>Monex Mongolian Express ist ein Transport- und Logistikunternehmen, das 1999 gegr\u00fcndet wurde und seinen Sitz in Ulaanbaatar hat. Das Unternehmen ist seit 24 Jahren Mitglied der IAM und verf\u00fcgt \u00fcber ein internationales Netz von Spediteuren, die ihm bei der Erbringung von Dienstleistungen auf der ganzen Welt behilflich sein k\u00f6nnen.<\/p>\n<p>Monex Mongolian Express bietet Versanddienstleistungen an, die internationale Umz\u00fcge und Lieferungen umfassen. Sie arrangieren den Transport Ihrer G\u00fcter auf der Stra\u00dfe, der Schiene, dem Wasser oder in der Luft und helfen bei der Zollabfertigung. Das Unternehmen bietet 20- und 40-Fu\u00df-Container f\u00fcr den Transport Ihrer G\u00fcter sowie eine Reihe von Fahrzeugen unterschiedlicher Gr\u00f6\u00dfe.<\/p>\n<p>Website: <a href=\"http:\/\/www.monex.mn\" target=\"_blank\" rel=\"noopener\">http:\/\/www.monex.mn<\/a><\/p>","protected":false},"excerpt":{"rendered":"<p>Moving can be a stressful time especially if you are moving countries. If you are moving within, to or from Mongolia you may want to engage the services of a moving company to make your life easier. Below we have compiled a list of Mongolian removal companies that are members of the International Association of [&hellip;]<\/p>\n","protected":false},"author":4,"featured_media":0,"parent":190,"menu_order":0,"comment_status":"closed","ping_status":"closed","template":"","meta":{"_genesis_hide_title":false,"_genesis_hide_breadcrumbs":false,"_genesis_hide_singular_image":false,"_genesis_hide_footer_widgets":false,"_genesis_custom_body_class":"","_genesis_custom_post_class":"","_genesis_layout":"","footnotes":""},"class_list":{"0":"post-8434","1":"page","2":"type-page","3":"status-publish","5":"entry","6":"has-post-thumbnail"},"_links":{"self":[{"href":"https:\/\/moverdb.com\/de\/wp-json\/wp\/v2\/pages\/8434","targetHints":{"allow":["GET"]}}],"collection":[{"href":"https:\/\/moverdb.com\/de\/wp-json\/wp\/v2\/pages"}],"about":[{"href":"https:\/\/moverdb.com\/de\/wp-json\/wp\/v2\/types\/page"}],"author":[{"embeddable":true,"href":"https:\/\/moverdb.com\/de\/wp-json\/wp\/v2\/users\/4"}],"replies":[{"embeddable":true,"href":"https:\/\/moverdb.com\/de\/wp-json\/wp\/v2\/comments?post=8434"}],"version-history":[{"count":1,"href":"https:\/\/moverdb.com\/de\/wp-json\/wp\/v2\/pages\/8434\/revisions"}],"predecessor-version":[{"id":8435,"href":"https:\/\/moverdb.com\/de\/wp-json\/wp\/v2\/pages\/8434\/revisions\/8435"}],"up":[{"embeddable":true,"href":"https:\/\/moverdb.com\/de\/wp-json\/wp\/v2\/pages\/190"}],"wp:attachment":[{"href":"https:\/\/moverdb.com\/de\/wp-json\/wp\/v2\/media?parent=8434"}],"curies":[{"name":"wp","href":"https:\/\/api.w.org\/{rel}","templated":true}]}}