{"id":8429,"date":"2023-04-27T14:44:53","date_gmt":"2023-04-27T14:44:53","guid":{"rendered":"https:\/\/moverdb.com\/?page_id=8429"},"modified":"2026-01-08T15:29:22","modified_gmt":"2026-01-08T15:29:22","slug":"moving-companies-mauritius","status":"publish","type":"page","link":"https:\/\/moverdb.com\/de\/moving-companies\/moving-companies-mauritius\/","title":{"rendered":"Die 6 besten internationalen Umzugsunternehmen in Mauritius"},"content":{"rendered":"<p>Ein Umzug innerhalb von Mauritius oder ein Gesch\u00e4ftsumzug von oder nach Mauritius kann eine stressige Zeit sein, da es so viel zu organisieren und Papierkram zu erledigen gibt, wenn man ins Ausland umzieht. Aus diesem Grund nehmen viele Menschen die Dienste eines <a href=\"https:\/\/moverdb.com\/de\/moving-companies\/\" data-internallinksmanager029f6b8e52c=\"79\" title=\"Top 25 Internationale Umzugsunternehmen Online\">Umzugsunternehmen<\/a> um ihnen das Leben zu erleichtern. Im Folgenden haben wir eine Liste der auf Mauritius ans\u00e4ssigen <a href=\"https:\/\/moverdb.com\/de\/international-removals\/\" data-internallinksmanager029f6b8e52c=\"27\" title=\"36 Beste internationale Umzugsunternehmen in Gro\u00dfbritannien\">Umzugsunternehmen<\/a> die Mitglieder der <a href=\"https:\/\/moverdb.com\/de\/iam\/\" data-internallinksmanager029f6b8e52c=\"23\" title=\"International Association of Movers (IAM) erkl\u00e4rt\">Internationaler Verband der M\u00f6belspediteure<\/a> (IAM) und\/oder <a href=\"https:\/\/moverdb.com\/de\/fidi-faim\/\" data-internallinksmanager029f6b8e52c=\"16\" title=\"FIDI &amp; FAIM (FIDI Accredited International Mover) Erl\u00e4utert\">FIDI<\/a> Accredited International Mover (FAIM), die Sie bei Ihrem Umzug unterst\u00fctzen k\u00f6nnen.<\/p>\n<div id=\"ez-toc-container\" class=\"ez-toc-v2_0_82_2 ez-toc-wrap-left counter-hierarchy ez-toc-counter ez-toc-transparent ez-toc-container-direction\">\n<div class=\"ez-toc-title-container\">\n<p class=\"ez-toc-title\" style=\"cursor:inherit\">Rubriken<\/p>\n<span class=\"ez-toc-title-toggle\"><a href=\"#\" class=\"ez-toc-pull-right ez-toc-btn ez-toc-btn-xs ez-toc-btn-default ez-toc-toggle\" aria-label=\"Inhaltsverzeichnis umschalten\"><span class=\"ez-toc-js-icon-con\"><span class=\"\"><span class=\"eztoc-hide\" style=\"display:none;\">Umschalten auf<\/span><span class=\"ez-toc-icon-toggle-span\"><svg style=\"fill: #999;color:#999\" xmlns=\"http:\/\/www.w3.org\/2000\/svg\" class=\"list-377408\" width=\"20px\" height=\"20px\" viewbox=\"0 0 24 24\" fill=\"none\"><path d=\"M6 6H4v2h2V6zm14 0H8v2h12V6zM4 11h2v2H4v-2zm16 0H8v2h12v-2zM4 16h2v2H4v-2zm16 0H8v2h12v-2z\" fill=\"currentColor\"><\/path><\/svg><svg style=\"fill: #999;color:#999\" class=\"arrow-unsorted-368013\" xmlns=\"http:\/\/www.w3.org\/2000\/svg\" width=\"10px\" height=\"10px\" viewbox=\"0 0 24 24\" version=\"1.2\" baseprofile=\"tiny\"><path d=\"M18.2 9.3l-6.2-6.3-6.2 6.3c-.2.2-.3.4-.3.7s.1.5.3.7c.2.2.4.3.7.3h11c.3 0 .5-.1.7-.3.2-.2.3-.5.3-.7s-.1-.5-.3-.7zM5.8 14.7l6.2 6.3 6.2-6.3c.2-.2.3-.5.3-.7s-.1-.5-.3-.7c-.2-.2-.4-.3-.7-.3h-11c-.3 0-.5.1-.7.3-.2.2-.3.5-.3.7s.1.5.3.7z\"\/><\/svg><\/span><\/span><\/span><\/a><\/span><\/div>\n<nav><ul class='ez-toc-list ez-toc-list-level-1 eztoc-toggle-hide-by-default' ><li class='ez-toc-page-1 ez-toc-heading-level-2'><a class=\"ez-toc-link ez-toc-heading-1\" href=\"https:\/\/moverdb.com\/de\/moving-companies\/moving-companies-mauritius\/#1_Celero\" >1. Celero<\/a><\/li><li class='ez-toc-page-1 ez-toc-heading-level-2'><a class=\"ez-toc-link ez-toc-heading-2\" href=\"https:\/\/moverdb.com\/de\/moving-companies\/moving-companies-mauritius\/#2_Freight_and_Transit_Co_Ltd\" >2. Fracht und Transit Co Ltd<\/a><\/li><li class='ez-toc-page-1 ez-toc-heading-level-2'><a class=\"ez-toc-link ez-toc-heading-3\" href=\"https:\/\/moverdb.com\/de\/moving-companies\/moving-companies-mauritius\/#3_Relocation_and_Moving_Solutions_Ltd\" >3. Relocation and Moving Solutions Ltd<\/a><\/li><li class='ez-toc-page-1 ez-toc-heading-level-2'><a class=\"ez-toc-link ez-toc-heading-4\" href=\"https:\/\/moverdb.com\/de\/moving-companies\/moving-companies-mauritius\/#4_Somatrans\" >4. Somatrans<\/a><\/li><li class='ez-toc-page-1 ez-toc-heading-level-2'><a class=\"ez-toc-link ez-toc-heading-5\" href=\"https:\/\/moverdb.com\/de\/moving-companies\/moving-companies-mauritius\/#5_Velogic\" >5. Velogic<\/a><\/li><li class='ez-toc-page-1 ez-toc-heading-level-2'><a class=\"ez-toc-link ez-toc-heading-6\" href=\"https:\/\/moverdb.com\/de\/moving-companies\/moving-companies-mauritius\/#6_Worldwide_Relocation_Services\" >6. Weltweite Relocation Services<\/a><\/li><\/ul><\/nav><\/div>\n<h2><span class=\"ez-toc-section\" id=\"1_Celero\"><\/span><strong>1. Celero<\/strong><span class=\"ez-toc-section-end\"><\/span><\/h2>\n<p><img loading=\"lazy\" decoding=\"async\" class=\"alignnone size-full wp-image-8296\" src=\"https:\/\/moverdb.com\/wp-content\/uploads\/Celero-international-moving-company.png\" alt=\"Celero internationales Umzugsunternehmen\" width=\"1440\" height=\"671\" data-wp-pid=\"8296\" srcset=\"https:\/\/moverdb.com\/wp-content\/uploads\/Celero-international-moving-company.png 1440w, https:\/\/moverdb.com\/wp-content\/uploads\/Celero-international-moving-company-300x140.png 300w, https:\/\/moverdb.com\/wp-content\/uploads\/Celero-international-moving-company-1024x477.png 1024w, https:\/\/moverdb.com\/wp-content\/uploads\/Celero-international-moving-company-18x8.png 18w, https:\/\/moverdb.com\/wp-content\/uploads\/Celero-international-moving-company-600x280.png 600w\" sizes=\"auto, (max-width: 1440px) 100vw, 1440px\" \/><\/p>\n<ul>\n<li>Internationale Umz\u00fcge<\/li>\n<li>Umz\u00fcge in Wohnungen<\/li>\n<li>B\u00fcroumz\u00fcge<\/li>\n<li>Professioneller Verpackungsdienst<\/li>\n<li>See- und Luftfracht<\/li>\n<li>Konsolidierungsdienst<\/li>\n<li>Zollabfertigung<\/li>\n<li>Transport von Haustieren<\/li>\n<li>Versicherung<\/li>\n<li>Sichere Lagerung<\/li>\n<\/ul>\n<p>Celero ist ein 2009 gegr\u00fcndetes unabh\u00e4ngiges Logistikunternehmen mit Sitz in Mauritius und einem B\u00fcro in <a href=\"https:\/\/moverdb.com\/de\/moving-companies\/moving-companies-madagascar\/\" data-internallinksmanager029f6b8e52c=\"297\" title=\"Die besten internationalen Umzugsunternehmen in Madagaskar\">Madagaskar<\/a> auch. Sie sind seit 14 Jahren Mitglied der IAM und haben dadurch Zugang zu einem internationalen Netzwerk von Umzugsagenten, die sie bei internationalen Umz\u00fcgen unterst\u00fctzen.<\/p>\n<p>Celero bietet Umzugsdienstleistungen f\u00fcr Wohn- und B\u00fcroumz\u00fcge an. Sie bieten einen professionellen Verpackungsservice, um Ihr Hab und Gut w\u00e4hrend des Transports zu sch\u00fctzen, und \u00fcbernehmen das Auspacken und die Beseitigung der R\u00fcckst\u00e4nde. Sie organisieren den sicheren Transport Ihrer Sachen per See- oder Luftfracht und helfen bei der Zollabfertigung. Sie bieten auch den Transport von Haustieren, Versicherungen und sichere Lagerm\u00f6glichkeiten an.<\/p>\n<p>Website: <a href=\"http:\/\/www.celerogroup.com\" target=\"_blank\" rel=\"noopener\">http:\/\/www.celerogroup.com<\/a><\/p>\n<h2><span class=\"ez-toc-section\" id=\"2_Freight_and_Transit_Co_Ltd\"><\/span><strong>2. Fracht und Transit Co Ltd<\/strong><span class=\"ez-toc-section-end\"><\/span><\/h2>\n<p><img loading=\"lazy\" decoding=\"async\" class=\"alignnone size-full wp-image-8315\" src=\"https:\/\/moverdb.com\/wp-content\/uploads\/Freight-and-Transit-Co-Ltd-international-moving-company.png\" alt=\"Freight and Transit Co Ltd internationales Umzugsunternehmen\" width=\"1440\" height=\"655\" data-wp-pid=\"8315\" srcset=\"https:\/\/moverdb.com\/wp-content\/uploads\/Freight-and-Transit-Co-Ltd-international-moving-company.png 1440w, https:\/\/moverdb.com\/wp-content\/uploads\/Freight-and-Transit-Co-Ltd-international-moving-company-300x136.png 300w, https:\/\/moverdb.com\/wp-content\/uploads\/Freight-and-Transit-Co-Ltd-international-moving-company-1024x466.png 1024w, https:\/\/moverdb.com\/wp-content\/uploads\/Freight-and-Transit-Co-Ltd-international-moving-company-18x8.png 18w, https:\/\/moverdb.com\/wp-content\/uploads\/Freight-and-Transit-Co-Ltd-international-moving-company-600x273.png 600w\" sizes=\"auto, (max-width: 1440px) 100vw, 1440px\" \/><\/p>\n<ul>\n<li>Lokale Umz\u00fcge<\/li>\n<li>Internationale Umz\u00fcge<\/li>\n<li>Umz\u00fcge von Haushalten<\/li>\n<li>T\u00fcr-zu-T\u00fcr-L\u00f6sungen<\/li>\n<li>Professionelle Verpackung<\/li>\n<li>See- und Luftfracht<\/li>\n<li>Zollabfertigung<\/li>\n<li>Transport von Haustieren<\/li>\n<li>Versicherung<\/li>\n<li>Sichere Lagerung<\/li>\n<\/ul>\n<p>Freight and Transit Co Ltd ist ein 1994 gegr\u00fcndetes Transport- und Speditionsunternehmen. Das Unternehmen ist seit 29 Jahren Mitglied der IAM und hat dadurch Zugang zu einem internationalen Netz von Spediteuren.<\/p>\n<p>Freight and Transit Co Ltd bietet einen Haus-zu-Haus-Umzugsdienst im In- und Ausland an. Sie bieten einen professionellen Verpackungsservice, der das Einpacken und Einwickeln Ihrer Sachen, den Abbau und Zusammenbau von M\u00f6beln, das Auspacken und die Beseitigung von R\u00fcckst\u00e4nden umfasst. Sie helfen Ihnen bei der Auswahl der optimalen Umzugsoption, einschlie\u00dflich Luft- und Seefracht. Sie helfen Ihnen bei der Zollabfertigung und der Dokumentation und bieten Ihnen bei Bedarf auch Versicherungen und sichere Lagerung an.<\/p>\n<p>Website: <a href=\"http:\/\/www.ftl.mu\" target=\"_blank\" rel=\"noopener\">http:\/\/www.ftl.mu<\/a><\/p>\n<h2><span class=\"ez-toc-section\" id=\"3_Relocation_and_Moving_Solutions_Ltd\"><\/span><strong>3. Relocation and Moving Solutions Ltd<\/strong><span class=\"ez-toc-section-end\"><\/span><\/h2>\n<p><img loading=\"lazy\" decoding=\"async\" class=\"alignnone size-full wp-image-8359\" src=\"https:\/\/moverdb.com\/wp-content\/uploads\/Relocation-and-Moving-Solutions-Ltd-international-moving-company.png\" alt=\"Relocation and Moving Solutions Ltd internationales Umzugsunternehmen\" width=\"1440\" height=\"679\" data-wp-pid=\"8359\" srcset=\"https:\/\/moverdb.com\/wp-content\/uploads\/Relocation-and-Moving-Solutions-Ltd-international-moving-company.png 1440w, https:\/\/moverdb.com\/wp-content\/uploads\/Relocation-and-Moving-Solutions-Ltd-international-moving-company-300x141.png 300w, https:\/\/moverdb.com\/wp-content\/uploads\/Relocation-and-Moving-Solutions-Ltd-international-moving-company-1024x483.png 1024w, https:\/\/moverdb.com\/wp-content\/uploads\/Relocation-and-Moving-Solutions-Ltd-international-moving-company-18x8.png 18w, https:\/\/moverdb.com\/wp-content\/uploads\/Relocation-and-Moving-Solutions-Ltd-international-moving-company-600x283.png 600w\" sizes=\"auto, (max-width: 1440px) 100vw, 1440px\" \/><\/p>\n<ul>\n<li>Nationale Umz\u00fcge<\/li>\n<li>Internationale Umz\u00fcge<\/li>\n<li>Umz\u00fcge im Haushalt<\/li>\n<li>B\u00fcroumzug<\/li>\n<li>Ma\u00dfgeschneiderte L\u00f6sungen<\/li>\n<li>Haus-zu-Haus-Dienste<\/li>\n<li>Verpackungsservice<\/li>\n<li>Transport auf der Stra\u00dfe, zur See oder in der Luft<\/li>\n<li>Zollabfertigung<\/li>\n<li>Kurz- und Langzeitlagerung<\/li>\n<\/ul>\n<p>Relocation and Moving Solutions Ltd ist ein T\u00fcr-zu-T\u00fcr-Umzugsdienstleister, der Umzugsdienstleistungen innerhalb, nach und von Mauritius anbietet. Sie arbeiten mit akkreditierten Partnern zusammen, um ihre Dienstleistungen international zu erbringen, und sind Mitglied der IAM.<\/p>\n<p>Relocation and Moving Solutions Ltd. bietet ma\u00dfgeschneiderte Umzugsdienste an, die einen Haus-zu-Haus-Service f\u00fcr nationale und internationale Umz\u00fcge umfassen. Sie bieten einen Verpackungsservice, der die hochwertigsten Materialien verwendet, um sicherzustellen, dass die Gegenst\u00e4nde gesch\u00fctzt sind, einschlie\u00dflich der Verwendung von Kisten und Zurrgurten. Sie arrangieren den Transport Ihrer Sachen auf dem Land-, Luft- und Seeweg und helfen bei der Zollabfertigung.<\/p>\n<p>Website: <a href=\"http:\/\/mauritius-relocation.com\/\" target=\"_blank\" rel=\"noopener\">http:\/\/mauritius-relocation.com\/<\/a><\/p>\n<h2><span class=\"ez-toc-section\" id=\"4_Somatrans\"><\/span><strong>4. Somatrans<\/strong><span class=\"ez-toc-section-end\"><\/span><\/h2>\n<p><img loading=\"lazy\" decoding=\"async\" class=\"alignnone size-full wp-image-8366\" src=\"https:\/\/moverdb.com\/wp-content\/uploads\/Somatrans-international-moving-company.png\" alt=\"Somatrans internationales Umzugsunternehmen\" width=\"1440\" height=\"632\" data-wp-pid=\"8366\" srcset=\"https:\/\/moverdb.com\/wp-content\/uploads\/Somatrans-international-moving-company.png 1440w, https:\/\/moverdb.com\/wp-content\/uploads\/Somatrans-international-moving-company-300x132.png 300w, https:\/\/moverdb.com\/wp-content\/uploads\/Somatrans-international-moving-company-1024x449.png 1024w, https:\/\/moverdb.com\/wp-content\/uploads\/Somatrans-international-moving-company-18x8.png 18w, https:\/\/moverdb.com\/wp-content\/uploads\/Somatrans-international-moving-company-600x263.png 600w\" sizes=\"auto, (max-width: 1440px) 100vw, 1440px\" \/><\/p>\n<ul>\n<li>Nationale Umz\u00fcge<\/li>\n<li>Internationale Umz\u00fcge<\/li>\n<li>Umz\u00fcge von Haushalten<\/li>\n<li>Haus-zu-Haus-Dienst<\/li>\n<li>Verpackungsservice<\/li>\n<li>See- und Luftfracht<\/li>\n<li>Wahl der <a href=\"https:\/\/moverdb.com\/de\/shipping-container-sizes-and-dimensions\/\" data-internallinksmanager029f6b8e52c=\"247\" title=\"Der ultimative Leitfaden f\u00fcr Gr\u00f6\u00dfen und Abmessungen von Schiffscontainern\">Beh\u00e4ltergr\u00f6\u00dfen<\/a><\/li>\n<li>Zollabfertigung<\/li>\n<li>Versicherung<\/li>\n<li>Lagereinrichtungen<\/li>\n<\/ul>\n<p>Somatrans ist ein internationales <a href=\"https:\/\/moverdb.com\/de\/freight-forwarder\/\" data-internallinksmanager029f6b8e52c=\"17\" title=\"Leitfaden f\u00fcr internationale Kosten und Unternehmen f\u00fcr Spediteure und NVOCC\">Spediteur<\/a> mit Sitz in Ruche Terre und B\u00fcros am internationalen Flughafen SSR. Sie arbeiten mit renommierten und qualifizierten internationalen Umzugsunternehmen zusammen, um ihre Dienstleistungen weltweit anbieten zu k\u00f6nnen. Sie sind auch Mitglied der IAM mit 50 Jahren Dienstzeit.<\/p>\n<p>Somatrans bietet Umzugsdienste von T\u00fcr zu T\u00fcr mit professionellen Umzugshelfern, die Erfahrung mit internationalen Umz\u00fcgen haben. Sie haben die M\u00f6glichkeit, Ihre Sachen selbst zu verpacken oder sie f\u00fcr sich verpacken zu lassen, und bieten Paletten und Kisten an. Somatrans bietet Luft- und Seefrachttransporte an, die sowohl Vollcontainer als auch kleinere Containerladungen sowie Konsolidierungsoptionen umfassen.<\/p>\n<p>Website: <a href=\"http:\/\/www.somatrans.mu\" target=\"_blank\" rel=\"noopener\">http:\/\/www.somatrans.mu<\/a><\/p>\n<h2><span class=\"ez-toc-section\" id=\"5_Velogic\"><\/span><strong>5. Velogic<\/strong><span class=\"ez-toc-section-end\"><\/span><\/h2>\n<p><img loading=\"lazy\" decoding=\"async\" class=\"alignnone size-full wp-image-8380\" src=\"https:\/\/moverdb.com\/wp-content\/uploads\/Velogic-international-moving-company.png\" alt=\"Velogic internationales Umzugsunternehmen\" width=\"1440\" height=\"678\" data-wp-pid=\"8380\" srcset=\"https:\/\/moverdb.com\/wp-content\/uploads\/Velogic-international-moving-company.png 1440w, https:\/\/moverdb.com\/wp-content\/uploads\/Velogic-international-moving-company-300x141.png 300w, https:\/\/moverdb.com\/wp-content\/uploads\/Velogic-international-moving-company-1024x482.png 1024w, https:\/\/moverdb.com\/wp-content\/uploads\/Velogic-international-moving-company-18x8.png 18w, https:\/\/moverdb.com\/wp-content\/uploads\/Velogic-international-moving-company-600x283.png 600w\" sizes=\"auto, (max-width: 1440px) 100vw, 1440px\" \/><\/p>\n<ul>\n<li>Nationale Umz\u00fcge<\/li>\n<li>Internationale Umz\u00fcge<\/li>\n<li>Umz\u00fcge im Haushalt<\/li>\n<li>Dienstleistungen f\u00fcr Unternehmen<\/li>\n<li>Ma\u00dfgeschneiderte L\u00f6sungen<\/li>\n<li>Land-, See- und Luftverkehr<\/li>\n<li>Palette der Belastungsoptionen<\/li>\n<li>Zollabfertigung<\/li>\n<li>Tracking-Plattform<\/li>\n<li>Lagereinrichtungen<\/li>\n<\/ul>\n<p>Velogic ist ein Logistikunternehmen, das weltweit an 38 Standorten t\u00e4tig ist, darunter auch auf Mauritius, <a href=\"https:\/\/moverdb.com\/de\/moving-to-france\/\" data-internallinksmanager029f6b8e52c=\"315\" title=\"Umzug nach Frankreich? 2026 Lebenshaltungskosten &amp; Umzugstipps\">Frankreich<\/a>, <a href=\"https:\/\/moverdb.com\/de\/moving-to-india\/\" data-internallinksmanager029f6b8e52c=\"356\" title=\"Umzug nach Indien? 2026 Lebenshaltungskosten &amp; Umzugstipps\">Indien<\/a>Madagaskar, <a href=\"https:\/\/moverdb.com\/de\/moving-companies\/moving-companies-kenya\/\" data-internallinksmanager029f6b8e52c=\"305\" title=\"Die 4 besten internationalen Umzugsunternehmen in Kenia\">Kenia<\/a> und der Insel Reunion. Sie arbeiten mit einem Netz von internationalen Umzugsunternehmen zusammen, um ihre Ressourcen und F\u00e4higkeiten zu erweitern und internationale Dienstleistungen anzubieten. Das Unternehmen ist seit 30 Jahren Mitglied der IAM.<\/p>\n<p>Velogic bietet ma\u00dfgeschneiderte L\u00f6sungen f\u00fcr Importe und Exporte, einschlie\u00dflich Umzugsdienstleistungen. Velogic bietet eine Reihe von Transportoptionen an, darunter Luft-, See- und Stra\u00dfenfracht, einschlie\u00dflich Zollabfertigung. Die Seefracht umfasst weniger als eine Containerladung und volle Containerladungen.<\/p>\n<p>Website: <a href=\"http:\/\/www.velogic.net\" target=\"_blank\" rel=\"noopener\">http:\/\/www.velogic.net<\/a><\/p>\n<h2><span class=\"ez-toc-section\" id=\"6_Worldwide_Relocation_Services\"><\/span><strong>6. Weltweite Relocation Services<\/strong><span class=\"ez-toc-section-end\"><\/span><\/h2>\n<p>&nbsp;<img loading=\"lazy\" decoding=\"async\" class=\"alignnone size-full wp-image-8430\" src=\"https:\/\/moverdb.com\/wp-content\/uploads\/Worldwide-Relocation-Services-international-moving-company.png\" alt=\"Weltweite Relocation Services internationales Umzugsunternehmen\" width=\"1440\" height=\"683\" data-wp-pid=\"8430\" srcset=\"https:\/\/moverdb.com\/wp-content\/uploads\/Worldwide-Relocation-Services-international-moving-company.png 1440w, https:\/\/moverdb.com\/wp-content\/uploads\/Worldwide-Relocation-Services-international-moving-company-300x142.png 300w, https:\/\/moverdb.com\/wp-content\/uploads\/Worldwide-Relocation-Services-international-moving-company-1024x486.png 1024w, https:\/\/moverdb.com\/wp-content\/uploads\/Worldwide-Relocation-Services-international-moving-company-18x9.png 18w, https:\/\/moverdb.com\/wp-content\/uploads\/Worldwide-Relocation-Services-international-moving-company-600x285.png 600w\" sizes=\"auto, (max-width: 1440px) 100vw, 1440px\" \/><\/p>\n<ul>\n<li>Nationale Umz\u00fcge<\/li>\n<li>Internationale Umz\u00fcge<\/li>\n<li>Haushaltsumz\u00fcge und Verlagerungen<\/li>\n<li>B\u00fcroumz\u00fcge<\/li>\n<li>Pers\u00f6nlicher Umzugsmanager<\/li>\n<li>Haus-zu-Haus-Dienst<\/li>\n<li>Verpackungsservice<\/li>\n<li>Transport mit Zollberatung<\/li>\n<li>Haustier-Reiseservice<\/li>\n<li>Lagereinrichtungen<\/li>\n<\/ul>\n<p>Worldwide Relocation Services ist ein Umzugsunternehmen, das Haushaltsumz\u00fcge weltweit abdeckt. Das Unternehmen arbeitet mit einer Reihe von Umzugsunternehmen auf der ganzen Welt zusammen, um internationale Umz\u00fcge durchzuf\u00fchren, und ist au\u00dferdem Mitglied der IAM.<\/p>\n<p>Worldwide Relocation Services bietet ein flexibles Konzept f\u00fcr den Transport und stellt Ihnen einen pers\u00f6nlichen Umzugsmanager und einen erfahrenen internationalen Umzugsberater zur Seite. Sie bieten einen T\u00fcr-zu-T\u00fcr-Service, einschlie\u00dflich professionellem Verpackungsservice, Verpacken von M\u00f6beln und Antiquit\u00e4ten, Umzug von Kunstgegenst\u00e4nden und Transport von Haustieren. Das Unternehmen arrangiert den Transport Ihrer Gegenst\u00e4nde, einschlie\u00dflich Zollberatung und Versicherung.<\/p>\n<p>Website: <a href=\"http:\/\/www.relocation.mu\" target=\"_blank\" rel=\"noopener\">http:\/\/www.relocation.mu<\/a><\/p>","protected":false},"excerpt":{"rendered":"<p>Moving home or business within, to or from Mauritius can be a stressful time as there is so much to organise and paperwork to complete if you are moving abroad. This is why many people engage the services of a moving company to make their life easier. Below we have compiled a list of Mauritius [&hellip;]<\/p>\n","protected":false},"author":4,"featured_media":0,"parent":190,"menu_order":0,"comment_status":"closed","ping_status":"closed","template":"","meta":{"_genesis_hide_title":false,"_genesis_hide_breadcrumbs":false,"_genesis_hide_singular_image":false,"_genesis_hide_footer_widgets":false,"_genesis_custom_body_class":"","_genesis_custom_post_class":"","_genesis_layout":"","footnotes":""},"class_list":{"0":"post-8429","1":"page","2":"type-page","3":"status-publish","5":"entry","6":"has-post-thumbnail"},"_links":{"self":[{"href":"https:\/\/moverdb.com\/de\/wp-json\/wp\/v2\/pages\/8429","targetHints":{"allow":["GET"]}}],"collection":[{"href":"https:\/\/moverdb.com\/de\/wp-json\/wp\/v2\/pages"}],"about":[{"href":"https:\/\/moverdb.com\/de\/wp-json\/wp\/v2\/types\/page"}],"author":[{"embeddable":true,"href":"https:\/\/moverdb.com\/de\/wp-json\/wp\/v2\/users\/4"}],"replies":[{"embeddable":true,"href":"https:\/\/moverdb.com\/de\/wp-json\/wp\/v2\/comments?post=8429"}],"version-history":[{"count":1,"href":"https:\/\/moverdb.com\/de\/wp-json\/wp\/v2\/pages\/8429\/revisions"}],"predecessor-version":[{"id":8431,"href":"https:\/\/moverdb.com\/de\/wp-json\/wp\/v2\/pages\/8429\/revisions\/8431"}],"up":[{"embeddable":true,"href":"https:\/\/moverdb.com\/de\/wp-json\/wp\/v2\/pages\/190"}],"wp:attachment":[{"href":"https:\/\/moverdb.com\/de\/wp-json\/wp\/v2\/media?parent=8429"}],"curies":[{"name":"wp","href":"https:\/\/api.w.org\/{rel}","templated":true}]}}