{"id":8426,"date":"2023-04-27T14:45:30","date_gmt":"2023-04-27T14:45:30","guid":{"rendered":"https:\/\/moverdb.com\/?page_id=8426"},"modified":"2026-01-08T15:30:07","modified_gmt":"2026-01-08T15:30:07","slug":"moving-companies-mauritania","status":"publish","type":"page","link":"https:\/\/moverdb.com\/de\/moving-companies\/moving-companies-mauritania\/","title":{"rendered":"Die besten internationalen Umzugsunternehmen in Mauretanien"},"content":{"rendered":"<p>Planen Sie einen Umzug innerhalb Mauretaniens, nach Mauretanien oder aus Mauretanien heraus? Dann m\u00f6chten Sie vielleicht die Dienste eines Unternehmens in Anspruch nehmen, das <a href=\"https:\/\/moverdb.com\/de\/moving-companies\/\" data-internallinksmanager029f6b8e52c=\"79\" title=\"Top 25 Internationale Umzugsunternehmen Online\">Umzugsunternehmen<\/a> um Ihnen zu helfen. Im Folgenden haben wir eine Liste der in Mauretanien ans\u00e4ssigen <a href=\"https:\/\/moverdb.com\/de\/international-removals\/\" data-internallinksmanager029f6b8e52c=\"27\" title=\"36 Beste internationale Umzugsunternehmen in Gro\u00dfbritannien\">Umzugsunternehmen<\/a> die Mitglieder der <a href=\"https:\/\/moverdb.com\/de\/iam\/\" data-internallinksmanager029f6b8e52c=\"23\" title=\"International Association of Movers (IAM) erkl\u00e4rt\">Internationaler Verband der M\u00f6belspediteure<\/a> (IAM) und\/oder <a href=\"https:\/\/moverdb.com\/de\/fidi-faim\/\" data-internallinksmanager029f6b8e52c=\"16\" title=\"FIDI &amp; FAIM (FIDI Accredited International Mover) Erl\u00e4utert\">FIDI<\/a> Accredited International Mover (FAIM), die Ihnen bei Ihrem Umzug helfen k\u00f6nnen.<\/p>\n<h2><strong>Tam Mauretanien<\/strong>&nbsp;<img loading=\"lazy\" decoding=\"async\" class=\"alignnone size-full wp-image-8427\" src=\"https:\/\/moverdb.com\/wp-content\/uploads\/Tam-Mauritania-international-moving-company.png\" alt=\"Tam Mauretanien internationales Umzugsunternehmen\" width=\"1440\" height=\"700\" data-wp-pid=\"8427\" srcset=\"https:\/\/moverdb.com\/wp-content\/uploads\/Tam-Mauritania-international-moving-company.png 1440w, https:\/\/moverdb.com\/wp-content\/uploads\/Tam-Mauritania-international-moving-company-300x146.png 300w, https:\/\/moverdb.com\/wp-content\/uploads\/Tam-Mauritania-international-moving-company-1024x498.png 1024w, https:\/\/moverdb.com\/wp-content\/uploads\/Tam-Mauritania-international-moving-company-18x9.png 18w, https:\/\/moverdb.com\/wp-content\/uploads\/Tam-Mauritania-international-moving-company-600x292.png 600w\" sizes=\"auto, (max-width: 1440px) 100vw, 1440px\" \/><\/h2>\n<ul>\n<li>Nationale Umz\u00fcge<\/li>\n<li>Internationale Umz\u00fcge<\/li>\n<li>Umz\u00fcge in Wohnungen<\/li>\n<li>B\u00fcrotransfers<\/li>\n<li>Umzugsdienste<\/li>\n<li>Verpackungsservice<\/li>\n<li>Demontage von M\u00f6beln<\/li>\n<li>Land-, See- und Luftverkehr<\/li>\n<li>Einfuhr- und Ausfuhrformalit\u00e4ten<\/li>\n<li>Lagereinrichtungen<\/li>\n<\/ul>\n<p>Tam Mauritania ist ein nationales und internationales Umzugsunternehmen, das sich auf Umz\u00fcge in Westafrika spezialisiert hat und \u00fcber 15 Jahre Erfahrung verf\u00fcgt. Das Unternehmen ist Mitglied der IAM, was ihm die Flexibilit\u00e4t gibt, auch au\u00dferhalb seines Einsatzgebietes hochwertige Dienstleistungen anzubieten. Das Unternehmen ist auch Partner von Africa Move, um dessen Kapazit\u00e4ten in Afrika zu st\u00e4rken.<\/p>\n<p>Tam Mauretanien bietet Ihnen ein individuelles Angebot, das all Ihren Anforderungen gerecht wird. Sie bieten einen Verpackungsservice an, der die Demontage von M\u00f6beln, die Erstellung eines Inventarwerts und die Verfolgung der Anzahl der Pakete umfasst. Sie transportieren Ihre Waren mit ihrem Fuhrpark in ihrem Einsatzgebiet und organisieren den Transport in andere Gebiete \u00fcber Speditionspartner.<\/p>\n<p>Website: <a href=\"https:\/\/www.tamm-di.com\/\" target=\"_blank\" rel=\"noopener\">https:\/\/www.tamm-di.com\/<\/a><\/p>","protected":false},"excerpt":{"rendered":"<p>Are you planning on moving home or your business within, to or from Mauritania? Then you may want to enlist the services of a moving company to help you. Below we have compiled a list of Mauritania based removal companies that are members of the International Association of Movers (IAM) and\/or FIDI Accredited International Mover [&hellip;]<\/p>\n","protected":false},"author":4,"featured_media":0,"parent":190,"menu_order":0,"comment_status":"closed","ping_status":"closed","template":"","meta":{"_genesis_hide_title":false,"_genesis_hide_breadcrumbs":false,"_genesis_hide_singular_image":false,"_genesis_hide_footer_widgets":false,"_genesis_custom_body_class":"","_genesis_custom_post_class":"","_genesis_layout":"","footnotes":""},"class_list":{"0":"post-8426","1":"page","2":"type-page","3":"status-publish","5":"entry","6":"has-post-thumbnail"},"_links":{"self":[{"href":"https:\/\/moverdb.com\/de\/wp-json\/wp\/v2\/pages\/8426","targetHints":{"allow":["GET"]}}],"collection":[{"href":"https:\/\/moverdb.com\/de\/wp-json\/wp\/v2\/pages"}],"about":[{"href":"https:\/\/moverdb.com\/de\/wp-json\/wp\/v2\/types\/page"}],"author":[{"embeddable":true,"href":"https:\/\/moverdb.com\/de\/wp-json\/wp\/v2\/users\/4"}],"replies":[{"embeddable":true,"href":"https:\/\/moverdb.com\/de\/wp-json\/wp\/v2\/comments?post=8426"}],"version-history":[{"count":1,"href":"https:\/\/moverdb.com\/de\/wp-json\/wp\/v2\/pages\/8426\/revisions"}],"predecessor-version":[{"id":8428,"href":"https:\/\/moverdb.com\/de\/wp-json\/wp\/v2\/pages\/8426\/revisions\/8428"}],"up":[{"embeddable":true,"href":"https:\/\/moverdb.com\/de\/wp-json\/wp\/v2\/pages\/190"}],"wp:attachment":[{"href":"https:\/\/moverdb.com\/de\/wp-json\/wp\/v2\/media?parent=8426"}],"curies":[{"name":"wp","href":"https:\/\/api.w.org\/{rel}","templated":true}]}}