{"id":8424,"date":"2023-04-27T14:46:03","date_gmt":"2023-04-27T14:46:03","guid":{"rendered":"https:\/\/moverdb.com\/?page_id=8424"},"modified":"2026-01-08T15:24:47","modified_gmt":"2026-01-08T15:24:47","slug":"moving-companies-malta","status":"publish","type":"page","link":"https:\/\/moverdb.com\/de\/moving-companies\/moving-companies-malta\/","title":{"rendered":"Die 4 besten internationalen Umzugsunternehmen in Malta"},"content":{"rendered":"<p>Wenn Sie einen Umzug planen, graut es Ihnen, wenn Sie an die vielen Aufgaben denken, die Sie erledigen m\u00fcssen, und an das Packen? Sie k\u00f6nnen sich das Leben leichter machen, indem Sie einen <a href=\"https:\/\/moverdb.com\/de\/moving-companies\/\" data-internallinksmanager029f6b8e52c=\"79\" title=\"Top 25 Internationale Umzugsunternehmen Online\">Umzugsunternehmen<\/a> um Ihren Transport, den Papierkram und das Packen Ihrer Habseligkeiten zu organisieren. Im Folgenden haben wir eine Liste der maltesischen <a href=\"https:\/\/moverdb.com\/de\/international-removals\/\" data-internallinksmanager029f6b8e52c=\"27\" title=\"36 Beste internationale Umzugsunternehmen in Gro\u00dfbritannien\">Umzugsunternehmen<\/a> die Mitglieder der <a href=\"https:\/\/moverdb.com\/de\/iam\/\" data-internallinksmanager029f6b8e52c=\"23\" title=\"International Association of Movers (IAM) erkl\u00e4rt\">Internationaler Verband der M\u00f6belspediteure<\/a> (IAM) und\/oder <a href=\"https:\/\/moverdb.com\/de\/fidi-faim\/\" data-internallinksmanager029f6b8e52c=\"16\" title=\"FIDI &amp; FAIM (FIDI Accredited International Mover) Erl\u00e4utert\">FIDI<\/a> Accredited International Mover (FAIM), die Ihnen bei Ihrem Umzug helfen k\u00f6nnen.<\/p>\n<div id=\"ez-toc-container\" class=\"ez-toc-v2_0_82_2 ez-toc-wrap-left counter-hierarchy ez-toc-counter ez-toc-transparent ez-toc-container-direction\">\n<div class=\"ez-toc-title-container\">\n<p class=\"ez-toc-title\" style=\"cursor:inherit\">Rubriken<\/p>\n<span class=\"ez-toc-title-toggle\"><a href=\"#\" class=\"ez-toc-pull-right ez-toc-btn ez-toc-btn-xs ez-toc-btn-default ez-toc-toggle\" aria-label=\"Inhaltsverzeichnis umschalten\"><span class=\"ez-toc-js-icon-con\"><span class=\"\"><span class=\"eztoc-hide\" style=\"display:none;\">Umschalten auf<\/span><span class=\"ez-toc-icon-toggle-span\"><svg style=\"fill: #999;color:#999\" xmlns=\"http:\/\/www.w3.org\/2000\/svg\" class=\"list-377408\" width=\"20px\" height=\"20px\" viewbox=\"0 0 24 24\" fill=\"none\"><path d=\"M6 6H4v2h2V6zm14 0H8v2h12V6zM4 11h2v2H4v-2zm16 0H8v2h12v-2zM4 16h2v2H4v-2zm16 0H8v2h12v-2z\" fill=\"currentColor\"><\/path><\/svg><svg style=\"fill: #999;color:#999\" class=\"arrow-unsorted-368013\" xmlns=\"http:\/\/www.w3.org\/2000\/svg\" width=\"10px\" height=\"10px\" viewbox=\"0 0 24 24\" version=\"1.2\" baseprofile=\"tiny\"><path d=\"M18.2 9.3l-6.2-6.3-6.2 6.3c-.2.2-.3.4-.3.7s.1.5.3.7c.2.2.4.3.7.3h11c.3 0 .5-.1.7-.3.2-.2.3-.5.3-.7s-.1-.5-.3-.7zM5.8 14.7l6.2 6.3 6.2-6.3c.2-.2.3-.5.3-.7s-.1-.5-.3-.7c-.2-.2-.4-.3-.7-.3h-11c-.3 0-.5.1-.7.3-.2.2-.3.5-.3.7s.1.5.3.7z\"\/><\/svg><\/span><\/span><\/span><\/a><\/span><\/div>\n<nav><ul class='ez-toc-list ez-toc-list-level-1 eztoc-toggle-hide-by-default' ><li class='ez-toc-page-1 ez-toc-heading-level-2'><a class=\"ez-toc-link ez-toc-heading-1\" href=\"https:\/\/moverdb.com\/de\/moving-companies\/moving-companies-malta\/#1_Cube_Relocations\" >1. W\u00fcrfelverschiebungen<\/a><\/li><li class='ez-toc-page-1 ez-toc-heading-level-2'><a class=\"ez-toc-link ez-toc-heading-2\" href=\"https:\/\/moverdb.com\/de\/moving-companies\/moving-companies-malta\/#2_DOM_Transport\" >2. DOM Transport<\/a><\/li><li class='ez-toc-page-1 ez-toc-heading-level-2'><a class=\"ez-toc-link ez-toc-heading-3\" href=\"https:\/\/moverdb.com\/de\/moving-companies\/moving-companies-malta\/#3_Express_Trailers\" >3. Express-Anh\u00e4nger<\/a><\/li><li class='ez-toc-page-1 ez-toc-heading-level-2'><a class=\"ez-toc-link ez-toc-heading-4\" href=\"https:\/\/moverdb.com\/de\/moving-companies\/moving-companies-malta\/#4_Transpak\" >4. Transpak<\/a><\/li><li class='ez-toc-page-1 ez-toc-heading-level-2'><a class=\"ez-toc-link ez-toc-heading-5\" href=\"https:\/\/moverdb.com\/de\/moving-companies\/moving-companies-malta\/#Other_Useful_Guides_to_Malta\" >Andere n\u00fctzliche Reisef\u00fchrer f\u00fcr Malta<\/a><\/li><\/ul><\/nav><\/div>\n<h2><span class=\"ez-toc-section\" id=\"1_Cube_Relocations\"><\/span><strong>1. W\u00fcrfelverschiebungen<\/strong><span class=\"ez-toc-section-end\"><\/span><\/h2>\n<p><img loading=\"lazy\" decoding=\"async\" class=\"alignnone size-full wp-image-8301\" src=\"https:\/\/moverdb.com\/wp-content\/uploads\/Cube-Relocations-international-moving-company.png\" alt=\"Cube Relocations internationales Umzugsunternehmen\" width=\"1440\" height=\"680\" data-wp-pid=\"8301\" srcset=\"https:\/\/moverdb.com\/wp-content\/uploads\/Cube-Relocations-international-moving-company.png 1440w, https:\/\/moverdb.com\/wp-content\/uploads\/Cube-Relocations-international-moving-company-300x142.png 300w, https:\/\/moverdb.com\/wp-content\/uploads\/Cube-Relocations-international-moving-company-1024x484.png 1024w, https:\/\/moverdb.com\/wp-content\/uploads\/Cube-Relocations-international-moving-company-18x9.png 18w, https:\/\/moverdb.com\/wp-content\/uploads\/Cube-Relocations-international-moving-company-600x283.png 600w\" sizes=\"auto, (max-width: 1440px) 100vw, 1440px\" \/><\/p>\n<ul>\n<li>Nationale Umz\u00fcge<\/li>\n<li>Internationale Umz\u00fcge<\/li>\n<li>Umz\u00fcge in Wohnungen<\/li>\n<li>Firmenumz\u00fcge<\/li>\n<li>Ma\u00dfgeschneiderter T\u00fcr-zu-T\u00fcr-Service<\/li>\n<li>Verpackungsservice<\/li>\n<li>Transport auf der Stra\u00dfe, in der Luft und zur See<\/li>\n<li>Fahrzeugtransport<\/li>\n<li>Versicherung<\/li>\n<li>Lagerung<\/li>\n<\/ul>\n<p>Cube Relocations ist ein 2007 gegr\u00fcndetes internationales Umzugsunternehmen mit Sitz in Ghaxaq. Sie bieten nationale und internationale Umz\u00fcge f\u00fcr Privat- und Firmenkunden an, die durch ihre internationalen Verb\u00e4nde unterst\u00fctzt werden. Cube Relocations ist Mitglied der IAM und kann auf 15 Jahre Erfahrung zur\u00fcckblicken.<\/p>\n<p>Cube Relocations bietet einen auf Ihre Bed\u00fcrfnisse zugeschnittenen Umzugsservice und liefert von T\u00fcr zu T\u00fcr. Sie bieten einen Verpackungsservice mit einem voll ausgebildeten Team, das die hochwertigsten Materialien und Kartons verwendet. Sie arrangieren den Versand per See-, Stra\u00dfen- oder Luftfracht einschlie\u00dflich Zollabfertigung. Bei der Ankunft packen sie Ihre M\u00f6bel aus, stellen sie auf und beseitigen eventuelle Abf\u00e4lle.<\/p>\n<p>Website: <a href=\"http:\/\/www.cuberelocations.com\" target=\"_blank\" rel=\"noopener\">http:\/\/www.cuberelocations.com<\/a><\/p>\n<h2><span class=\"ez-toc-section\" id=\"2_DOM_Transport\"><\/span><strong>2. DOM Transport<\/strong><span class=\"ez-toc-section-end\"><\/span><\/h2>\n<p><img loading=\"lazy\" decoding=\"async\" class=\"alignnone size-full wp-image-8305\" src=\"https:\/\/moverdb.com\/wp-content\/uploads\/DOM-Transport-international-moving-company.png\" alt=\"DOM Transport internationales Umzugsunternehmen\" width=\"1440\" height=\"680\" data-wp-pid=\"8305\" srcset=\"https:\/\/moverdb.com\/wp-content\/uploads\/DOM-Transport-international-moving-company.png 1440w, https:\/\/moverdb.com\/wp-content\/uploads\/DOM-Transport-international-moving-company-300x142.png 300w, https:\/\/moverdb.com\/wp-content\/uploads\/DOM-Transport-international-moving-company-1024x484.png 1024w, https:\/\/moverdb.com\/wp-content\/uploads\/DOM-Transport-international-moving-company-18x9.png 18w, https:\/\/moverdb.com\/wp-content\/uploads\/DOM-Transport-international-moving-company-600x283.png 600w\" sizes=\"auto, (max-width: 1440px) 100vw, 1440px\" \/><\/p>\n<ul>\n<li>Lokale und nationale Umz\u00fcge<\/li>\n<li>Internationale Umz\u00fcge<\/li>\n<li>Umz\u00fcge im Haushalt<\/li>\n<li>B\u00fcro- und Firmenumz\u00fcge<\/li>\n<li>Haus-zu-Haus-Dienst<\/li>\n<li>Verpackungsservice<\/li>\n<li>Stra\u00dfen-, See- und Luftfracht<\/li>\n<li>Unterst\u00fctzung durch den Zoll<\/li>\n<li>Versicherung<\/li>\n<li>Lagereinrichtungen<\/li>\n<\/ul>\n<p>DOM Transport ist ein in den fr\u00fchen 1930er Jahren gegr\u00fcndetes Umzugsunternehmen mit Sitz in Qormi, das nationale und internationale Umzugsdienste anbietet. Sie verf\u00fcgen \u00fcber ein zuverl\u00e4ssiges Netzwerk von Partnern in \u00dcbersee, die sie bei internationalen Umz\u00fcgen unterst\u00fctzen. Das Unternehmen ist Mitglied der IAM und kann auf 91 Dienstjahre zur\u00fcckblicken.<\/p>\n<p>DOM Transport bietet einen Besichtigungstermin an, um Ihren Umzugsbedarf zu ermitteln und einen Kostenvoranschlag zu erstellen. Sie bieten einen T\u00fcr-zu-T\u00fcr-Service an, der Versicherung und alle Dienstleistungen einschlie\u00dft. Sie bieten einen Verpackungsservice mit einem erfahrenen Team, das Ihr Hab und Gut sicher verpackt und eine Packliste zusammenstellt. Sie arbeiten mit zuverl\u00e4ssigen Spediteuren zusammen, die Komplett- oder Teilladungen und Sammelgutoptionen anbieten.<\/p>\n<p>Website: <a href=\"http:\/\/www.domtransportmalta.com\" target=\"_blank\" rel=\"noopener\">http:\/\/www.domtransportmalta.com<\/a><\/p>\n<h2><span class=\"ez-toc-section\" id=\"3_Express_Trailers\"><\/span><strong>3. Express-Anh\u00e4nger<\/strong><span class=\"ez-toc-section-end\"><\/span><\/h2>\n<p><img loading=\"lazy\" decoding=\"async\" class=\"alignnone size-full wp-image-8312\" src=\"https:\/\/moverdb.com\/wp-content\/uploads\/Express-Trailers-international-moving-company.png\" alt=\"Express Trailers internationales Umzugsunternehmen\" width=\"1440\" height=\"680\" data-wp-pid=\"8312\" srcset=\"https:\/\/moverdb.com\/wp-content\/uploads\/Express-Trailers-international-moving-company.png 1440w, https:\/\/moverdb.com\/wp-content\/uploads\/Express-Trailers-international-moving-company-300x142.png 300w, https:\/\/moverdb.com\/wp-content\/uploads\/Express-Trailers-international-moving-company-1024x484.png 1024w, https:\/\/moverdb.com\/wp-content\/uploads\/Express-Trailers-international-moving-company-18x9.png 18w, https:\/\/moverdb.com\/wp-content\/uploads\/Express-Trailers-international-moving-company-600x283.png 600w\" sizes=\"auto, (max-width: 1440px) 100vw, 1440px\" \/><\/p>\n<ul>\n<li>Nationale Verkehrsmittel<\/li>\n<li>Internationaler Transport<\/li>\n<li>Dienstleistungen f\u00fcr Unternehmen<\/li>\n<li>Versand von pers\u00f6nlichen Gegenst\u00e4nden<\/li>\n<li>Eine Lkw-Flotte mit Fahrzeugverfolgung<\/li>\n<li>Haus-zu-Haus-Dienst<\/li>\n<li>Stra\u00dfen-, See- und Luftverkehr<\/li>\n<li>Zollabfertigung<\/li>\n<li>Autotransport<\/li>\n<li>Sichere Lagerung<\/li>\n<\/ul>\n<p>Express Trailers ist ein Transport- und Logistikunternehmen mit Sitz in Luqa. Sie bieten Vertrieb und Transport in <a href=\"https:\/\/moverdb.com\/de\/moving-to-malta\/\" data-internallinksmanager029f6b8e52c=\"433\" title=\"Umzug nach Malta? 2026 Lebenshaltungskosten &amp; Umzugstipps\">Malta<\/a> und Versanddienstleistungen international. Sie verf\u00fcgen \u00fcber internationale Allianzen mit ausl\u00e4ndischen Vertriebsnetzen, um ihre Dienstleistungen in der ganzen Welt anzubieten. Das Unternehmen ist seit 45 Jahren Mitglied der IAM.<\/p>\n<p>Express Trailers bietet einen T\u00fcr-zu-T\u00fcr-Service f\u00fcr den Transport von G\u00fctern innerhalb, nach und aus Malta, einschlie\u00dflich Zollabfertigung und NSO-Erkl\u00e4rungen f\u00fcr Importe und Exporte. Das Unternehmen bietet Voll- und Teilladungen sowie Sammelgut im Stra\u00dfeng\u00fcterverkehr an. Bei der Seefracht gibt es Optionen f\u00fcr weniger als eine Containerladung und f\u00fcr eine volle Containerladung. In der Luftfracht bietet das Unternehmen Direktsendungen an.<\/p>\n<p>Website: <a href=\"http:\/\/www.expressgroup.com\" target=\"_blank\" rel=\"noopener\">http:\/\/www.expressgroup.com<\/a><\/p>\n<h2><span class=\"ez-toc-section\" id=\"4_Transpak\"><\/span><strong>4. Transpak<\/strong><span class=\"ez-toc-section-end\"><\/span><\/h2>\n<p><img loading=\"lazy\" decoding=\"async\" class=\"alignnone size-full wp-image-8377\" src=\"https:\/\/moverdb.com\/wp-content\/uploads\/Transpak-international-moving-company.png\" alt=\"Transpak internationales Umzugsunternehmen\" width=\"1440\" height=\"673\" data-wp-pid=\"8377\" srcset=\"https:\/\/moverdb.com\/wp-content\/uploads\/Transpak-international-moving-company.png 1440w, https:\/\/moverdb.com\/wp-content\/uploads\/Transpak-international-moving-company-300x140.png 300w, https:\/\/moverdb.com\/wp-content\/uploads\/Transpak-international-moving-company-1024x479.png 1024w, https:\/\/moverdb.com\/wp-content\/uploads\/Transpak-international-moving-company-18x8.png 18w, https:\/\/moverdb.com\/wp-content\/uploads\/Transpak-international-moving-company-600x280.png 600w\" sizes=\"auto, (max-width: 1440px) 100vw, 1440px\" \/><\/p>\n<ul>\n<li>Nationale Umz\u00fcge<\/li>\n<li>Internationale Umz\u00fcge<\/li>\n<li>Umz\u00fcge im Haushalt<\/li>\n<li>Gesch\u00e4ftliche Umz\u00fcge<\/li>\n<li>Verpackungsdienstleistungen<\/li>\n<li>Hochwertige Verpackung<\/li>\n<li>Organisation des Transports<\/li>\n<li>Umgang mit Kunstwerken<\/li>\n<li>Fahrzeugtransport<\/li>\n<li>Versicherung<\/li>\n<\/ul>\n<p>Transpak ist ein 1976 gegr\u00fcndetes Umzugsunternehmen, das internationale Verpackungs- und Versandl\u00f6sungen anbietet. Das Unternehmen verf\u00fcgt \u00fcber ein weltweites Netz von Agenten, die es bei der Betreuung seiner Kunden unterst\u00fctzen, die nach oder von Malta umziehen. Das Unternehmen ist Mitglied der IAM und kann auf 47 Dienstjahre zur\u00fcckblicken.<\/p>\n<p>Transpak bietet fortschrittliche Produkte und Technologien, die den sicheren Transport Ihrer Gegenst\u00e4nde erm\u00f6glichen. Das Unternehmen stellt hochwertiges Verpackungsmaterial her, darunter Verpackungskartons und Holzkisten sowie Schutzmaterialien. Sie k\u00f6nnen verschiedene Arten von G\u00fctern transportieren, darunter Haushaltsgegenst\u00e4nde, Antiquit\u00e4ten, Kunstwerke und Fahrzeuge.<\/p>\n<p>Website: <a href=\"http:\/\/www.transpakmalta.com\" target=\"_blank\" rel=\"noopener\">http:\/\/www.transpakmalta.com<\/a><\/p>\n<h2><span class=\"ez-toc-section\" id=\"Other_Useful_Guides_to_Malta\"><\/span>Andere n\u00fctzliche Reisef\u00fchrer f\u00fcr Malta <span class=\"ez-toc-section-end\"><\/span><\/h2>\n<ul>\n<li> <a href=\"https:\/\/moverdb.com\/de\/containerschifffahrt\/malta\/\">2024 Seefracht-Container-Tarife von und nach Malta<\/a><\/li>\n<li> <a href=\"https:\/\/moverdb.com\/de\/moving-to-malta\/\">Umzug nach Malta? 2026 Lebenshaltungskosten &amp; Umzugstipps<\/a><\/li>\n<li> <a href=\"https:\/\/moverdb.com\/de\/moving-to-malta\/living-in-malta\/\">21 Geheimnisse \u00fcber das Leben auf Malta, die man vor dem Umzug kennen sollte<\/a><\/li>\n<\/ul>","protected":false},"excerpt":{"rendered":"<p>When you are planning a move does it fill you with dread thinking about the number of tasks you will need to do and the packing? You can make your life easier by employing a moving company to organise your transport, paperwork and pack your belongings. Below we have compiled a list of Maltese removal [&hellip;]<\/p>\n","protected":false},"author":4,"featured_media":0,"parent":190,"menu_order":0,"comment_status":"closed","ping_status":"closed","template":"","meta":{"_genesis_hide_title":false,"_genesis_hide_breadcrumbs":false,"_genesis_hide_singular_image":false,"_genesis_hide_footer_widgets":false,"_genesis_custom_body_class":"","_genesis_custom_post_class":"","_genesis_layout":"","footnotes":""},"class_list":{"0":"post-8424","1":"page","2":"type-page","3":"status-publish","5":"entry","6":"has-post-thumbnail"},"_links":{"self":[{"href":"https:\/\/moverdb.com\/de\/wp-json\/wp\/v2\/pages\/8424","targetHints":{"allow":["GET"]}}],"collection":[{"href":"https:\/\/moverdb.com\/de\/wp-json\/wp\/v2\/pages"}],"about":[{"href":"https:\/\/moverdb.com\/de\/wp-json\/wp\/v2\/types\/page"}],"author":[{"embeddable":true,"href":"https:\/\/moverdb.com\/de\/wp-json\/wp\/v2\/users\/4"}],"replies":[{"embeddable":true,"href":"https:\/\/moverdb.com\/de\/wp-json\/wp\/v2\/comments?post=8424"}],"version-history":[{"count":3,"href":"https:\/\/moverdb.com\/de\/wp-json\/wp\/v2\/pages\/8424\/revisions"}],"predecessor-version":[{"id":18368,"href":"https:\/\/moverdb.com\/de\/wp-json\/wp\/v2\/pages\/8424\/revisions\/18368"}],"up":[{"embeddable":true,"href":"https:\/\/moverdb.com\/de\/wp-json\/wp\/v2\/pages\/190"}],"wp:attachment":[{"href":"https:\/\/moverdb.com\/de\/wp-json\/wp\/v2\/media?parent=8424"}],"curies":[{"name":"wp","href":"https:\/\/api.w.org\/{rel}","templated":true}]}}