{"id":8410,"date":"2023-04-27T14:49:53","date_gmt":"2023-04-27T14:49:53","guid":{"rendered":"https:\/\/moverdb.com\/?page_id=8410"},"modified":"2026-01-08T15:24:22","modified_gmt":"2026-01-08T15:24:22","slug":"moving-companies-luxembourg","status":"publish","type":"page","link":"https:\/\/moverdb.com\/de\/moving-companies\/moving-companies-luxembourg\/","title":{"rendered":"Die 3 besten internationalen Umzugsunternehmen in Luxemburg"},"content":{"rendered":"<p>Wenn Sie umziehen, sei es auf lokaler, nationaler oder internationaler Ebene, gibt es viel zu bedenken und kann Sie nachts wach halten. Die Beauftragung eines <a href=\"https:\/\/moverdb.com\/de\/moving-companies\/\" data-internallinksmanager029f6b8e52c=\"79\" title=\"Top 25 Internationale Umzugsunternehmen Online\">Umzugsunternehmen<\/a> um Ihren Umzug zu bew\u00e4ltigen, kann ihn vereinfachen und Ihnen helfen, besser zu schlafen. Im Folgenden haben wir eine Liste zusammengestellt mit <a href=\"https:\/\/moverdb.com\/de\/moving-to-luxembourg\/\" data-internallinksmanager029f6b8e52c=\"349\" title=\"Umzug nach Luxemburg? 2026 Lebenshaltungskosten &amp; Umzugstipps\">Luxemburg<\/a> basiert <a href=\"https:\/\/moverdb.com\/de\/international-removals\/\" data-internallinksmanager029f6b8e52c=\"27\" title=\"36 Beste internationale Umzugsunternehmen in Gro\u00dfbritannien\">Umzugsunternehmen<\/a> die Mitglieder der <a href=\"https:\/\/moverdb.com\/de\/iam\/\" data-internallinksmanager029f6b8e52c=\"23\" title=\"International Association of Movers (IAM) erkl\u00e4rt\">Internationaler Verband der M\u00f6belspediteure<\/a> (IAM) und\/oder <a href=\"https:\/\/moverdb.com\/de\/fidi-faim\/\" data-internallinksmanager029f6b8e52c=\"16\" title=\"FIDI &amp; FAIM (FIDI Accredited International Mover) Erl\u00e4utert\">FIDI<\/a> Accredited International Mover (FAIM), die Ihnen bei Ihrem Umzug helfen k\u00f6nnen.<\/p>\n<div id=\"ez-toc-container\" class=\"ez-toc-v2_0_82_2 ez-toc-wrap-left counter-hierarchy ez-toc-counter ez-toc-transparent ez-toc-container-direction\">\n<div class=\"ez-toc-title-container\">\n<p class=\"ez-toc-title\" style=\"cursor:inherit\">Rubriken<\/p>\n<span class=\"ez-toc-title-toggle\"><a href=\"#\" class=\"ez-toc-pull-right ez-toc-btn ez-toc-btn-xs ez-toc-btn-default ez-toc-toggle\" aria-label=\"Inhaltsverzeichnis umschalten\"><span class=\"ez-toc-js-icon-con\"><span class=\"\"><span class=\"eztoc-hide\" style=\"display:none;\">Umschalten auf<\/span><span class=\"ez-toc-icon-toggle-span\"><svg style=\"fill: #999;color:#999\" xmlns=\"http:\/\/www.w3.org\/2000\/svg\" class=\"list-377408\" width=\"20px\" height=\"20px\" viewbox=\"0 0 24 24\" fill=\"none\"><path d=\"M6 6H4v2h2V6zm14 0H8v2h12V6zM4 11h2v2H4v-2zm16 0H8v2h12v-2zM4 16h2v2H4v-2zm16 0H8v2h12v-2z\" fill=\"currentColor\"><\/path><\/svg><svg style=\"fill: #999;color:#999\" class=\"arrow-unsorted-368013\" xmlns=\"http:\/\/www.w3.org\/2000\/svg\" width=\"10px\" height=\"10px\" viewbox=\"0 0 24 24\" version=\"1.2\" baseprofile=\"tiny\"><path d=\"M18.2 9.3l-6.2-6.3-6.2 6.3c-.2.2-.3.4-.3.7s.1.5.3.7c.2.2.4.3.7.3h11c.3 0 .5-.1.7-.3.2-.2.3-.5.3-.7s-.1-.5-.3-.7zM5.8 14.7l6.2 6.3 6.2-6.3c.2-.2.3-.5.3-.7s-.1-.5-.3-.7c-.2-.2-.4-.3-.7-.3h-11c-.3 0-.5.1-.7.3-.2.2-.3.5-.3.7s.1.5.3.7z\"\/><\/svg><\/span><\/span><\/span><\/a><\/span><\/div>\n<nav><ul class='ez-toc-list ez-toc-list-level-1 eztoc-toggle-hide-by-default' ><li class='ez-toc-page-1 ez-toc-heading-level-2'><a class=\"ez-toc-link ez-toc-heading-1\" href=\"https:\/\/moverdb.com\/de\/moving-companies\/moving-companies-luxembourg\/#1_Streff\" >1. Streff<\/a><\/li><li class='ez-toc-page-1 ez-toc-heading-level-2'><a class=\"ez-toc-link ez-toc-heading-2\" href=\"https:\/\/moverdb.com\/de\/moving-companies\/moving-companies-luxembourg\/#2_MoverManiac\" >2. Umzugsfanatiker<\/a><\/li><li class='ez-toc-page-1 ez-toc-heading-level-2'><a class=\"ez-toc-link ez-toc-heading-3\" href=\"https:\/\/moverdb.com\/de\/moving-companies\/moving-companies-luxembourg\/#3_Tranelux\" >3. Tranelux<\/a><\/li><li class='ez-toc-page-1 ez-toc-heading-level-2'><a class=\"ez-toc-link ez-toc-heading-4\" href=\"https:\/\/moverdb.com\/de\/moving-companies\/moving-companies-luxembourg\/#Other_Useful_Guides_to_Luxembourg\" >Andere n\u00fctzliche Reisef\u00fchrer f\u00fcr Luxemburg<\/a><\/li><\/ul><\/nav><\/div>\n<h2><span class=\"ez-toc-section\" id=\"1_Streff\"><\/span><strong>1. Streff<\/strong><span class=\"ez-toc-section-end\"><\/span><\/h2>\n<p><img loading=\"lazy\" decoding=\"async\" class=\"alignnone size-full wp-image-8367\" src=\"https:\/\/moverdb.com\/wp-content\/uploads\/Streff-international-moving-company.png\" alt=\"Streff Internationales Umzugsunternehmen\" width=\"1440\" height=\"683\" data-wp-pid=\"8367\" srcset=\"https:\/\/moverdb.com\/wp-content\/uploads\/Streff-international-moving-company.png 1440w, https:\/\/moverdb.com\/wp-content\/uploads\/Streff-international-moving-company-300x142.png 300w, https:\/\/moverdb.com\/wp-content\/uploads\/Streff-international-moving-company-1024x486.png 1024w, https:\/\/moverdb.com\/wp-content\/uploads\/Streff-international-moving-company-18x9.png 18w, https:\/\/moverdb.com\/wp-content\/uploads\/Streff-international-moving-company-600x285.png 600w\" sizes=\"auto, (max-width: 1440px) 100vw, 1440px\" \/><\/p>\n<ul>\n<li>Nationale Umz\u00fcge<\/li>\n<li>Internationale Umz\u00fcge<\/li>\n<li>Umz\u00fcge in Wohnungen<\/li>\n<li>Gesch\u00e4ftliche Umz\u00fcge<\/li>\n<li>Auswahl an ma\u00dfgeschneiderten Paketen<\/li>\n<li>Verpackungsservice<\/li>\n<li>Organisation des Transports<\/li>\n<li>Transport von Haustieren<\/li>\n<li>Versicherung<\/li>\n<li>Sichere Lagereinrichtungen<\/li>\n<\/ul>\n<p>Streff ist ein seit 1928 bestehendes Transport- und Lagerunternehmen mit Sitz in Strassen. Das Unternehmen ist langj\u00e4hriges Mitglied der IAM und ist von der FIDI akkreditiert.<\/p>\n<p>Streff bietet eine Reihe von Paketen an, die auf Sie zugeschnitten sind und einen Voll-, Standard- und Basisservice umfassen. Der Komplettservice umfasst das sorgf\u00e4ltige Verpacken Ihres Umzugsguts, den Abbau von M\u00f6beln, die Organisation des Transports, das Auspacken und den Aufbau der M\u00f6bel. Der Standardservice erm\u00f6glicht es Ihnen, selbst einzupacken und auszupacken. Der Basisservice ist ein reiner Transportservice. Zu den zus\u00e4tzlichen Leistungen geh\u00f6ren Wohnungssuche, Einzugsservice, Handwerker, Reinigung, Transport von Haustieren, Versicherung und Lagerung.<\/p>\n<p>Website: <a href=\"http:\/\/www.streff.lu\/en\" target=\"_blank\" rel=\"noopener\">http:\/\/www.streff.lu\/en<\/a><\/p>\n<h2><span class=\"ez-toc-section\" id=\"2_MoverManiac\"><\/span><strong>2. Umzugsfanatiker<\/strong><span class=\"ez-toc-section-end\"><\/span><\/h2>\n<p><img loading=\"lazy\" decoding=\"async\" class=\"alignnone size-full wp-image-8344\" src=\"https:\/\/moverdb.com\/wp-content\/uploads\/Mover-Maniac-international-moving-company.png\" alt=\"Mover Maniac internationales Umzugsunternehmen\" width=\"1440\" height=\"678\" data-wp-pid=\"8344\" srcset=\"https:\/\/moverdb.com\/wp-content\/uploads\/Mover-Maniac-international-moving-company.png 1440w, https:\/\/moverdb.com\/wp-content\/uploads\/Mover-Maniac-international-moving-company-300x141.png 300w, https:\/\/moverdb.com\/wp-content\/uploads\/Mover-Maniac-international-moving-company-1024x482.png 1024w, https:\/\/moverdb.com\/wp-content\/uploads\/Mover-Maniac-international-moving-company-18x8.png 18w, https:\/\/moverdb.com\/wp-content\/uploads\/Mover-Maniac-international-moving-company-600x283.png 600w\" sizes=\"auto, (max-width: 1440px) 100vw, 1440px\" \/><\/p>\n<ul>\n<li>Lokale und nationale Umz\u00fcge<\/li>\n<li>Internationale Umz\u00fcge<\/li>\n<li>Umz\u00fcge von Haushalten<\/li>\n<li>B\u00fcroumz\u00fcge<\/li>\n<li>Ma\u00dfgeschneiderte Dienstleistungen<\/li>\n<li>Umfrage vor dem Umzug<\/li>\n<li>Verpackungsservice<\/li>\n<li>Transport von Waren<\/li>\n<li>Hausreinigung und Malerarbeiten<\/li>\n<li>Lagereinrichtungen<\/li>\n<\/ul>\n<p>MoverManiac ist ein professionelles Umzugsunternehmen mit Sitz in Trintange. Sie bieten vollst\u00e4ndige oder teilweise Umzugsdienstleistungen und einen Mann mit einem Lieferwagen an. Sie sind Mitglied der IAM, die ihnen Zugang zu einem Netzwerk von internationalen Umzugsagenten gibt.<\/p>\n<p>MoverManiac bietet eine Besichtigung vor dem Umzug an, um Ihren Umzugsbedarf zu ermitteln und ein Angebot zu erstellen. Sie bieten ma\u00dfgeschneiderte T\u00fcr-zu-T\u00fcr-Umzugsdienste an, die das Verpacken Ihres Eigentums, die Demontage und den Zusammenbau von M\u00f6beln oder auch nur die Bereitstellung von Verpackungsmaterial umfassen k\u00f6nnen. Sie organisieren den Transport Ihres Eigentums innerhalb Europas. Sie bieten zus\u00e4tzliche Dienstleistungen wie Hausreinigung, Malerarbeiten, Lagerung und Entsorgung unerw\u00fcnschter Gegenst\u00e4nde an.<\/p>\n<p>Website: <a href=\"http:\/\/www.movermaniac.lu\" target=\"_blank\" rel=\"noopener\">http:\/\/www.movermaniac.lu<\/a><\/p>\n<h2><span class=\"ez-toc-section\" id=\"3_Tranelux\"><\/span><strong>3. Tranelux<\/strong><span class=\"ez-toc-section-end\"><\/span><\/h2>\n<p><img loading=\"lazy\" decoding=\"async\" class=\"alignnone size-full wp-image-8374\" src=\"https:\/\/moverdb.com\/wp-content\/uploads\/Tranelux-international-moving-company.png\" alt=\"Tranelux internationales Umzugsunternehmen\" width=\"1440\" height=\"682\" data-wp-pid=\"8374\" srcset=\"https:\/\/moverdb.com\/wp-content\/uploads\/Tranelux-international-moving-company.png 1440w, https:\/\/moverdb.com\/wp-content\/uploads\/Tranelux-international-moving-company-300x142.png 300w, https:\/\/moverdb.com\/wp-content\/uploads\/Tranelux-international-moving-company-1024x485.png 1024w, https:\/\/moverdb.com\/wp-content\/uploads\/Tranelux-international-moving-company-18x9.png 18w, https:\/\/moverdb.com\/wp-content\/uploads\/Tranelux-international-moving-company-600x284.png 600w\" sizes=\"auto, (max-width: 1440px) 100vw, 1440px\" \/><\/p>\n<ul>\n<li>Internationale Verlagerungen<\/li>\n<li>Umz\u00fcge von Haushalten<\/li>\n<li>Umz\u00fcge von Mitarbeitern<\/li>\n<li>Haus-zu-Haus-Dienst<\/li>\n<li>Auswahl an Umzugspaketen<\/li>\n<li>Verpackungsservice<\/li>\n<li>Organisation des Transports<\/li>\n<li>Professionelle Dienstleistungen<\/li>\n<li>Transport von Kunstwerken<\/li>\n<li>Sichere Lagereinrichtungen<\/li>\n<\/ul>\n<p>Tranelux ist ein 1957 gegr\u00fcndetes Umzugs- und Lagerungsunternehmen mit Sitz in Contern. Sie sind ein <a href=\"https:\/\/moverdb.com\/de\/euromovers\/\" data-internallinksmanager029f6b8e52c=\"12\" title=\"Die Europ\u00e4ische Mobilit\u00e4tspartnerschaft (EUROMOVERS International) erkl\u00e4rt\">Euromover<\/a> Vertreter des Netzes in Luxemburg und Mitglied der IAM mit 66 Dienstjahren.<\/p>\n<p>Tranelux bietet drei Pakete an: Vollpaket, klassisches Paket und Economy-Paket. Das Komplettpaket bietet einen T\u00fcr-zu-T\u00fcr-Service einschlie\u00dflich Verpackung, Demontage und Montage von M\u00f6beln sowie Unterst\u00fctzung durch Handwerker wie Maler, Klempner und Elektriker. Das Classic-Paket bietet ein flexibleres Paket mit mehr Beteiligung an den Umzugsaktivit\u00e4ten. Das Economy-Paket erm\u00f6glicht es Ihnen, die meisten Aufgaben selbst zu erledigen, und es bietet Transportdienste an.<\/p>\n<p>Website: <a href=\"http:\/\/www.tranelux.lu\" target=\"_blank\" rel=\"noopener\">http:\/\/www.tranelux.lu<\/a><\/p>\n<h2><span class=\"ez-toc-section\" id=\"Other_Useful_Guides_to_Luxembourg\"><\/span>Andere n\u00fctzliche Reisef\u00fchrer f\u00fcr Luxemburg<span class=\"ez-toc-section-end\"><\/span><\/h2>\n<ul>\n<li> <a href=\"https:\/\/moverdb.com\/de\/containerschifffahrt\/luxemburg\/\">2024 Seefracht-Container-Tarife von und nach Luxemburg<\/a><\/li>\n<li> <a href=\"https:\/\/moverdb.com\/de\/moving-to-luxembourg\/\">Umzug nach Luxemburg? 2026 Lebenshaltungskosten &amp; Umzugstipps<\/a><\/li>\n<li> <a href=\"https:\/\/moverdb.com\/de\/moving-to-luxembourg\/living-in-luxembourg\/\">21 Geheimnisse \u00fcber das Leben in Luxemburg, die man vor dem Umzug kennen sollte<\/a><\/li>\n<\/ul>","protected":false},"excerpt":{"rendered":"<p>When you are moving whether that is locally, nationally or internationally, there is a lot to think about and can keep you awake at night. Employing a moving company to manage your move can simplify it and help you sleep better. Below we have compiled a list of Luxembourg based removal companies that are members [&hellip;]<\/p>\n","protected":false},"author":4,"featured_media":0,"parent":190,"menu_order":0,"comment_status":"closed","ping_status":"closed","template":"","meta":{"_genesis_hide_title":false,"_genesis_hide_breadcrumbs":false,"_genesis_hide_singular_image":false,"_genesis_hide_footer_widgets":false,"_genesis_custom_body_class":"","_genesis_custom_post_class":"","_genesis_layout":"","footnotes":""},"class_list":{"0":"post-8410","1":"page","2":"type-page","3":"status-publish","5":"entry","6":"has-post-thumbnail"},"_links":{"self":[{"href":"https:\/\/moverdb.com\/de\/wp-json\/wp\/v2\/pages\/8410","targetHints":{"allow":["GET"]}}],"collection":[{"href":"https:\/\/moverdb.com\/de\/wp-json\/wp\/v2\/pages"}],"about":[{"href":"https:\/\/moverdb.com\/de\/wp-json\/wp\/v2\/types\/page"}],"author":[{"embeddable":true,"href":"https:\/\/moverdb.com\/de\/wp-json\/wp\/v2\/users\/4"}],"replies":[{"embeddable":true,"href":"https:\/\/moverdb.com\/de\/wp-json\/wp\/v2\/comments?post=8410"}],"version-history":[{"count":2,"href":"https:\/\/moverdb.com\/de\/wp-json\/wp\/v2\/pages\/8410\/revisions"}],"predecessor-version":[{"id":18372,"href":"https:\/\/moverdb.com\/de\/wp-json\/wp\/v2\/pages\/8410\/revisions\/18372"}],"up":[{"embeddable":true,"href":"https:\/\/moverdb.com\/de\/wp-json\/wp\/v2\/pages\/190"}],"wp:attachment":[{"href":"https:\/\/moverdb.com\/de\/wp-json\/wp\/v2\/media?parent=8410"}],"curies":[{"name":"wp","href":"https:\/\/api.w.org\/{rel}","templated":true}]}}