{"id":8408,"date":"2023-04-27T14:50:26","date_gmt":"2023-04-27T14:50:26","guid":{"rendered":"https:\/\/moverdb.com\/?page_id=8408"},"modified":"2026-01-08T15:30:04","modified_gmt":"2026-01-08T15:30:04","slug":"moving-companies-lithuania","status":"publish","type":"page","link":"https:\/\/moverdb.com\/de\/moving-companies\/moving-companies-lithuania\/","title":{"rendered":"Die besten internationalen Umzugsunternehmen in Litauen"},"content":{"rendered":"<p>Planen Sie einen Wohnungswechsel? Sei es innerhalb Litauens, nach Litauen oder aus Litauen heraus, dann sollten Sie die Dienste eines Umzugsunternehmens in Anspruch nehmen. <a href=\"https:\/\/moverdb.com\/de\/moving-companies\/\" data-internallinksmanager029f6b8e52c=\"79\" title=\"Top 25 Internationale Umzugsunternehmen Online\">Umzugsunternehmen<\/a> um Ihnen zu helfen. Im Folgenden haben wir eine Liste der in Litauen ans\u00e4ssigen <a href=\"https:\/\/moverdb.com\/de\/international-removals\/\" data-internallinksmanager029f6b8e52c=\"27\" title=\"36 Beste internationale Umzugsunternehmen in Gro\u00dfbritannien\">Umzugsunternehmen<\/a> die Mitglieder der <a href=\"https:\/\/moverdb.com\/de\/iam\/\" data-internallinksmanager029f6b8e52c=\"23\" title=\"International Association of Movers (IAM) erkl\u00e4rt\">Internationaler Verband der M\u00f6belspediteure<\/a> (IAM) und\/oder <a href=\"https:\/\/moverdb.com\/de\/fidi-faim\/\" data-internallinksmanager029f6b8e52c=\"16\" title=\"FIDI &amp; FAIM (FIDI Accredited International Mover) Erl\u00e4utert\">FIDI<\/a> Accredited International Mover (FAIM), die Sie bei Ihrem Umzug unterst\u00fctzen k\u00f6nnen.<\/p>\n<h2><strong>UAB Umzugsunternehmen<\/strong><\/h2>\n<p><img loading=\"lazy\" decoding=\"async\" class=\"alignnone size-full wp-image-8378\" src=\"https:\/\/moverdb.com\/wp-content\/uploads\/UAB-Moving-international-moving-company.png\" alt=\"UAB Moving internationales Umzugsunternehmen\" width=\"1440\" height=\"683\" data-wp-pid=\"8378\" srcset=\"https:\/\/moverdb.com\/wp-content\/uploads\/UAB-Moving-international-moving-company.png 1440w, https:\/\/moverdb.com\/wp-content\/uploads\/UAB-Moving-international-moving-company-300x142.png 300w, https:\/\/moverdb.com\/wp-content\/uploads\/UAB-Moving-international-moving-company-1024x486.png 1024w, https:\/\/moverdb.com\/wp-content\/uploads\/UAB-Moving-international-moving-company-18x9.png 18w, https:\/\/moverdb.com\/wp-content\/uploads\/UAB-Moving-international-moving-company-600x285.png 600w\" sizes=\"auto, (max-width: 1440px) 100vw, 1440px\" \/><\/p>\n<ul>\n<li>Lokale Umz\u00fcge<\/li>\n<li>Internationale Umz\u00fcge<\/li>\n<li>Umz\u00fcge im Haushalt<\/li>\n<li>B\u00fcroumz\u00fcge<\/li>\n<li>Haus-zu-Haus-Dienst<\/li>\n<li>Verpackungsservice<\/li>\n<li>Stra\u00dfen-, Luft- oder Seetransport<\/li>\n<li>Ausfuhr- und Einfuhrverfahren<\/li>\n<li>Unterst\u00fctzung durch den Zoll<\/li>\n<li>Lagereinrichtungen<\/li>\n<\/ul>\n<p>UAB Movers ist ein Umzugsunternehmen mit Sitz in Vilnius, das lokale, nationale und internationale Umz\u00fcge anbietet. Das Unternehmen ist seit sieben Jahren Mitglied der IAM. Ihre Mitgliedschaft in internationalen Verb\u00e4nden erm\u00f6glicht es ihnen, \u00fcberall auf der Welt hochwertige Dienstleistungen anzubieten.<\/p>\n<p>UAB Movers bietet einen T\u00fcr-zu-T\u00fcr-Umzugsservice f\u00fcr kleine bis gro\u00dfe Umzugsvorhaben und bietet die besten Transportl\u00f6sungen an, sei es auf der Stra\u00dfe, in der Luft oder zur See. Sie bieten eine Auswahl an vollen oder weniger vollen Containerladungen f\u00fcr die Seefracht und verschiedene Transportergr\u00f6\u00dfen f\u00fcr den Stra\u00dfentransport. Sie beraten Sie bei den Formalit\u00e4ten der Ausfuhr- und Einfuhrverfahren.<\/p>\n<p>Website: <a href=\"http:\/\/www.movers.lt\" target=\"_blank\" rel=\"noopener\">http:\/\/www.movers.lt<\/a><\/p>\n<h2>Andere n\u00fctzliche Reisef\u00fchrer f\u00fcr Litauen<\/h2>\n<ul>\n<li> <a href=\"https:\/\/moverdb.com\/de\/containerschifffahrt\/litauen\/\">2024 Seefracht-Container-Tarife von und nach Litauen<\/a><\/li>\n<li> <a href=\"https:\/\/moverdb.com\/de\/moving-to-lithuania\/\">Umzug nach Litauen? 2024 Lebenshaltungskosten &amp; Umzugstipps<\/a><\/li>\n<\/ul>","protected":false},"excerpt":{"rendered":"<p>Are you planning on moving home? Whether that is within, or to or from Lithuania then you might want to engage the services of a moving company to help you. Below we have compiled a list of Lithuania based removal companies that are members of the International Association of Movers (IAM) and\/or FIDI Accredited International [&hellip;]<\/p>\n","protected":false},"author":4,"featured_media":0,"parent":190,"menu_order":0,"comment_status":"closed","ping_status":"closed","template":"","meta":{"_genesis_hide_title":false,"_genesis_hide_breadcrumbs":false,"_genesis_hide_singular_image":false,"_genesis_hide_footer_widgets":false,"_genesis_custom_body_class":"","_genesis_custom_post_class":"","_genesis_layout":"","footnotes":""},"class_list":{"0":"post-8408","1":"page","2":"type-page","3":"status-publish","5":"entry","6":"has-post-thumbnail"},"_links":{"self":[{"href":"https:\/\/moverdb.com\/de\/wp-json\/wp\/v2\/pages\/8408","targetHints":{"allow":["GET"]}}],"collection":[{"href":"https:\/\/moverdb.com\/de\/wp-json\/wp\/v2\/pages"}],"about":[{"href":"https:\/\/moverdb.com\/de\/wp-json\/wp\/v2\/types\/page"}],"author":[{"embeddable":true,"href":"https:\/\/moverdb.com\/de\/wp-json\/wp\/v2\/users\/4"}],"replies":[{"embeddable":true,"href":"https:\/\/moverdb.com\/de\/wp-json\/wp\/v2\/comments?post=8408"}],"version-history":[{"count":3,"href":"https:\/\/moverdb.com\/de\/wp-json\/wp\/v2\/pages\/8408\/revisions"}],"predecessor-version":[{"id":18259,"href":"https:\/\/moverdb.com\/de\/wp-json\/wp\/v2\/pages\/8408\/revisions\/18259"}],"up":[{"embeddable":true,"href":"https:\/\/moverdb.com\/de\/wp-json\/wp\/v2\/pages\/190"}],"wp:attachment":[{"href":"https:\/\/moverdb.com\/de\/wp-json\/wp\/v2\/media?parent=8408"}],"curies":[{"name":"wp","href":"https:\/\/api.w.org\/{rel}","templated":true}]}}