{"id":8404,"date":"2023-04-27T14:48:01","date_gmt":"2023-04-27T14:48:01","guid":{"rendered":"https:\/\/moverdb.com\/?page_id=8404"},"modified":"2026-01-08T15:23:47","modified_gmt":"2026-01-08T15:23:47","slug":"moving-companies-lesotho","status":"publish","type":"page","link":"https:\/\/moverdb.com\/de\/moving-companies\/moving-companies-lesotho\/","title":{"rendered":"2 beste internationale Umzugsunternehmen in Lesotho"},"content":{"rendered":"<p>Ein Umzug kann eine stressige Zeit sein, egal ob Sie Ihr Haus oder Ihr Unternehmen umziehen, und der Stresspegel steigt, wenn Sie ins Ausland ziehen. Aus diesem Grund nehmen so viele Menschen die Dienste eines <a href=\"https:\/\/moverdb.com\/de\/moving-companies\/\" data-internallinksmanager029f6b8e52c=\"79\" title=\"Top 25 Internationale Umzugsunternehmen Online\">Umzugsunternehmen<\/a>. Im Folgenden haben wir eine Liste der in Lesotho ans\u00e4ssigen <a href=\"https:\/\/moverdb.com\/de\/international-removals\/\" data-internallinksmanager029f6b8e52c=\"27\" title=\"36 Beste internationale Umzugsunternehmen in Gro\u00dfbritannien\">Umzugsunternehmen<\/a> die Mitglieder der <a href=\"https:\/\/moverdb.com\/de\/iam\/\" data-internallinksmanager029f6b8e52c=\"23\" title=\"International Association of Movers (IAM) erkl\u00e4rt\">Internationaler Verband der M\u00f6belspediteure<\/a> (IAM) und\/oder <a href=\"https:\/\/moverdb.com\/de\/fidi-faim\/\" data-internallinksmanager029f6b8e52c=\"16\" title=\"FIDI &amp; FAIM (FIDI Accredited International Mover) Erl\u00e4utert\">FIDI<\/a> Accredited International Mover (FAIM), die Ihnen bei Ihrem Umzug helfen k\u00f6nnen.<\/p>\n<h2><strong>1. Stuttaford Van Lines<\/strong><\/h2>\n<p><img loading=\"lazy\" decoding=\"async\" class=\"alignnone size-full wp-image-8368\" src=\"https:\/\/moverdb.com\/wp-content\/uploads\/Stuttaford-Van-Lines-international-moving-company.png\" alt=\"Stuttaford Van Lines internationales Umzugsunternehmen\" width=\"1440\" height=\"680\" data-wp-pid=\"8368\" srcset=\"https:\/\/moverdb.com\/wp-content\/uploads\/Stuttaford-Van-Lines-international-moving-company.png 1440w, https:\/\/moverdb.com\/wp-content\/uploads\/Stuttaford-Van-Lines-international-moving-company-300x142.png 300w, https:\/\/moverdb.com\/wp-content\/uploads\/Stuttaford-Van-Lines-international-moving-company-1024x484.png 1024w, https:\/\/moverdb.com\/wp-content\/uploads\/Stuttaford-Van-Lines-international-moving-company-18x9.png 18w, https:\/\/moverdb.com\/wp-content\/uploads\/Stuttaford-Van-Lines-international-moving-company-600x283.png 600w\" sizes=\"auto, (max-width: 1440px) 100vw, 1440px\" \/><\/p>\n<ul>\n<li>Nationale Umz\u00fcge<\/li>\n<li>Internationale Umz\u00fcge<\/li>\n<li>Umz\u00fcge in Wohnungen<\/li>\n<li>Gesch\u00e4ftliche Umz\u00fcge<\/li>\n<li>Ma\u00dfgeschneiderte Dienstleistungen<\/li>\n<li>Verpackungsservice<\/li>\n<li>Umz\u00fcge von Fahrzeugen und Haustieren<\/li>\n<li>Handhabung von Kunstwerken<\/li>\n<li>Versicherung<\/li>\n<li>Kurz- und Langzeitlagerung<\/li>\n<\/ul>\n<p>Stuttaford Van Lines ist ein Umzugsunternehmen, das seit Mitte des 18. Jahrhunderts Familien und Unternehmen mit Niederlassungen in ganz Europa betreut. <a href=\"https:\/\/moverdb.com\/de\/moving-to-south-africa\/\" data-internallinksmanager029f6b8e52c=\"347\" title=\"Umzug nach S\u00fcdafrika? 2026 Lebenshaltungskosten &amp; Umzugstipps\">S\u00fcdafrika<\/a> einschlie\u00dflich Masero, Lesotho. Sie sind seit 47 Jahren Mitglied der IAM und haben dadurch Zugang zu einem internationalen Netzwerk von Umzugsagenten, die sie unterst\u00fctzen,<\/p>\n<p>Stuffaford Van Lines hilft Ihnen bei der sorgf\u00e4ltigen Planung und Vorbereitung Ihres Umzugs. Sie werden Ihnen einen einzigen Ansprechpartner zuweisen, der Sie bei jedem Schritt unterst\u00fctzt. Sie bieten einen Verpackungsservice an, der die Verwendung von hochwertigen Verpackungen und Schutzh\u00fcllen umfasst, sie beschriften alle Kartons und erstellen ein Inventar.<\/p>\n<p>Website: <a href=\"http:\/\/www.stuttafordvanlines.co.za\" target=\"_blank\" rel=\"noopener\">http:\/\/www.stuttafordvanlines.co.za<\/a><\/p>\n<h2><strong>2. Sichere Logistik<\/strong><\/h2>\n<p><img loading=\"lazy\" decoding=\"async\" class=\"alignnone size-full wp-image-8371\" src=\"https:\/\/moverdb.com\/wp-content\/uploads\/Sure-Logistics-international-moving-company.png\" alt=\"Sure Logistics internationales Umzugsunternehmen\" width=\"1440\" height=\"678\" data-wp-pid=\"8371\" srcset=\"https:\/\/moverdb.com\/wp-content\/uploads\/Sure-Logistics-international-moving-company.png 1440w, https:\/\/moverdb.com\/wp-content\/uploads\/Sure-Logistics-international-moving-company-300x141.png 300w, https:\/\/moverdb.com\/wp-content\/uploads\/Sure-Logistics-international-moving-company-1024x482.png 1024w, https:\/\/moverdb.com\/wp-content\/uploads\/Sure-Logistics-international-moving-company-18x8.png 18w, https:\/\/moverdb.com\/wp-content\/uploads\/Sure-Logistics-international-moving-company-600x283.png 600w\" sizes=\"auto, (max-width: 1440px) 100vw, 1440px\" \/><\/p>\n<ul>\n<li>Lokale Umz\u00fcge<\/li>\n<li>Umz\u00fcge nach \u00dcbersee<\/li>\n<li>Umz\u00fcge<\/li>\n<li>B\u00fcroumz\u00fcge<\/li>\n<li>Umzugsdienste<\/li>\n<li>Ma\u00dfgeschneiderter Umzugsservice<\/li>\n<li>Organisation des Transports<\/li>\n<li>Container-Optionen<\/li>\n<li><a href=\"https:\/\/moverdb.com\/de\/car-transport-shipping\/\" data-internallinksmanager029f6b8e52c=\"2\" title=\"2026 Internationale Autotransporte &amp; Angebote f\u00fcr Fahrzeugtransporte\">Transport von Fahrzeugen<\/a><\/li>\n<li>Sichere kurz- und langfristige Lagerung<\/li>\n<\/ul>\n<p>Sure Logistics ist ein spezialisiertes Logistikmanagement-Unternehmen mit Sitz in Masero, das eine Reihe von Transportdienstleistungen und Lieferkettenl\u00f6sungen anbietet. Sie arbeiten mit internationalen Umzugspartnern zusammen, um ihre Dienstleistungen auch in anderen L\u00e4ndern anbieten zu k\u00f6nnen. Das Unternehmen ist seit neun Jahren Mitglied der IAM.<\/p>\n<p>Sure Logistics bietet Umzugsdienstleistungen innerhalb von, nach und aus Lesotho f\u00fcr Haushalte und Unternehmen an, die auf Ihre Bed\u00fcrfnisse zugeschnitten sind. Dar\u00fcber hinaus bietet Sure Logistics Umzugsdienstleistungen an, die den Mitarbeitern Unterst\u00fctzung im Bereich Personalwesen bieten, sowie spezielle globale Mobilit\u00e4tspakete in \u00fcber 150 L\u00e4ndern. Sure Logistics transportiert Ihr Hab und Gut sicher und bietet sowohl Voll- als auch Teilladungen an.<\/p>\n<p>Website: <a href=\"http:\/\/www.surelogistics.co.ls\" target=\"_blank\" rel=\"noopener\">http:\/\/www.surelogistics.co.ls<\/a><\/p>","protected":false},"excerpt":{"rendered":"<p>Moving can be a stressful time whether you are moving your home or your business, and the stress level increases when you are moving countries. This is why so many people employ the services of a moving company. Below we have compiled a list of Lesotho based removal companies that are members of the International [&hellip;]<\/p>\n","protected":false},"author":4,"featured_media":0,"parent":190,"menu_order":0,"comment_status":"closed","ping_status":"closed","template":"","meta":{"_genesis_hide_title":false,"_genesis_hide_breadcrumbs":false,"_genesis_hide_singular_image":false,"_genesis_hide_footer_widgets":false,"_genesis_custom_body_class":"","_genesis_custom_post_class":"","_genesis_layout":"","footnotes":""},"class_list":{"0":"post-8404","1":"page","2":"type-page","3":"status-publish","5":"entry","6":"has-post-thumbnail"},"_links":{"self":[{"href":"https:\/\/moverdb.com\/de\/wp-json\/wp\/v2\/pages\/8404","targetHints":{"allow":["GET"]}}],"collection":[{"href":"https:\/\/moverdb.com\/de\/wp-json\/wp\/v2\/pages"}],"about":[{"href":"https:\/\/moverdb.com\/de\/wp-json\/wp\/v2\/types\/page"}],"author":[{"embeddable":true,"href":"https:\/\/moverdb.com\/de\/wp-json\/wp\/v2\/users\/4"}],"replies":[{"embeddable":true,"href":"https:\/\/moverdb.com\/de\/wp-json\/wp\/v2\/comments?post=8404"}],"version-history":[{"count":2,"href":"https:\/\/moverdb.com\/de\/wp-json\/wp\/v2\/pages\/8404\/revisions"}],"predecessor-version":[{"id":8418,"href":"https:\/\/moverdb.com\/de\/wp-json\/wp\/v2\/pages\/8404\/revisions\/8418"}],"up":[{"embeddable":true,"href":"https:\/\/moverdb.com\/de\/wp-json\/wp\/v2\/pages\/190"}],"wp:attachment":[{"href":"https:\/\/moverdb.com\/de\/wp-json\/wp\/v2\/media?parent=8404"}],"curies":[{"name":"wp","href":"https:\/\/api.w.org\/{rel}","templated":true}]}}