{"id":8402,"date":"2023-04-27T14:51:30","date_gmt":"2023-04-27T14:51:30","guid":{"rendered":"https:\/\/moverdb.com\/?page_id=8402"},"modified":"2026-01-08T15:29:28","modified_gmt":"2026-01-08T15:29:28","slug":"moving-companies-lebanon","status":"publish","type":"page","link":"https:\/\/moverdb.com\/de\/moving-companies\/moving-companies-lebanon\/","title":{"rendered":"Die 7 besten internationalen Umzugsunternehmen in Libanon"},"content":{"rendered":"<p>Allein der Gedanke an einen Umzug Ihres Hauses oder Ihres Unternehmens kann stressig sein und kompliziert erscheinen, wenn Sie einen Umzug ins Ausland planen. <a href=\"https:\/\/moverdb.com\/de\/moving-companies\/\" data-internallinksmanager029f6b8e52c=\"79\" title=\"Top 25 Internationale Umzugsunternehmen Online\">Umzugsunternehmen<\/a> k\u00f6nnen helfen, die Last zu verringern. Im Folgenden haben wir eine Liste der im Libanon ans\u00e4ssigen <a href=\"https:\/\/moverdb.com\/de\/international-removals\/\" data-internallinksmanager029f6b8e52c=\"27\" title=\"36 Beste internationale Umzugsunternehmen in Gro\u00dfbritannien\">Umzugsunternehmen<\/a> die Mitglieder der <a href=\"https:\/\/moverdb.com\/de\/iam\/\" data-internallinksmanager029f6b8e52c=\"23\" title=\"International Association of Movers (IAM) erkl\u00e4rt\">Internationaler Verband der M\u00f6belspediteure<\/a> (IAM) und\/oder <a href=\"https:\/\/moverdb.com\/de\/fidi-faim\/\" data-internallinksmanager029f6b8e52c=\"16\" title=\"FIDI &amp; FAIM (FIDI Accredited International Mover) Erl\u00e4utert\">FIDI<\/a> Accredited International Mover (FAIM), die Ihnen bei Ihrem Umzug helfen k\u00f6nnen.<\/p>\n<div id=\"ez-toc-container\" class=\"ez-toc-v2_0_82_2 ez-toc-wrap-left counter-hierarchy ez-toc-counter ez-toc-transparent ez-toc-container-direction\">\n<div class=\"ez-toc-title-container\">\n<p class=\"ez-toc-title\" style=\"cursor:inherit\">Rubriken<\/p>\n<span class=\"ez-toc-title-toggle\"><a href=\"#\" class=\"ez-toc-pull-right ez-toc-btn ez-toc-btn-xs ez-toc-btn-default ez-toc-toggle\" aria-label=\"Inhaltsverzeichnis umschalten\"><span class=\"ez-toc-js-icon-con\"><span class=\"\"><span class=\"eztoc-hide\" style=\"display:none;\">Umschalten auf<\/span><span class=\"ez-toc-icon-toggle-span\"><svg style=\"fill: #999;color:#999\" xmlns=\"http:\/\/www.w3.org\/2000\/svg\" class=\"list-377408\" width=\"20px\" height=\"20px\" viewbox=\"0 0 24 24\" fill=\"none\"><path d=\"M6 6H4v2h2V6zm14 0H8v2h12V6zM4 11h2v2H4v-2zm16 0H8v2h12v-2zM4 16h2v2H4v-2zm16 0H8v2h12v-2z\" fill=\"currentColor\"><\/path><\/svg><svg style=\"fill: #999;color:#999\" class=\"arrow-unsorted-368013\" xmlns=\"http:\/\/www.w3.org\/2000\/svg\" width=\"10px\" height=\"10px\" viewbox=\"0 0 24 24\" version=\"1.2\" baseprofile=\"tiny\"><path d=\"M18.2 9.3l-6.2-6.3-6.2 6.3c-.2.2-.3.4-.3.7s.1.5.3.7c.2.2.4.3.7.3h11c.3 0 .5-.1.7-.3.2-.2.3-.5.3-.7s-.1-.5-.3-.7zM5.8 14.7l6.2 6.3 6.2-6.3c.2-.2.3-.5.3-.7s-.1-.5-.3-.7c-.2-.2-.4-.3-.7-.3h-11c-.3 0-.5.1-.7.3-.2.2-.3.5-.3.7s.1.5.3.7z\"\/><\/svg><\/span><\/span><\/span><\/a><\/span><\/div>\n<nav><ul class='ez-toc-list ez-toc-list-level-1 eztoc-toggle-hide-by-default' ><li class='ez-toc-page-1 ez-toc-heading-level-2'><a class=\"ez-toc-link ez-toc-heading-1\" href=\"https:\/\/moverdb.com\/de\/moving-companies\/moving-companies-lebanon\/#1_I-Movers\" >1. I-Movers<\/a><\/li><li class='ez-toc-page-1 ez-toc-heading-level-2'><a class=\"ez-toc-link ez-toc-heading-2\" href=\"https:\/\/moverdb.com\/de\/moving-companies\/moving-companies-lebanon\/#2_Adam_International_Movers\" >2. Adam Internationale Umzugsunternehmen<\/a><\/li><li class='ez-toc-page-1 ez-toc-heading-level-2'><a class=\"ez-toc-link ez-toc-heading-3\" href=\"https:\/\/moverdb.com\/de\/moving-companies\/moving-companies-lebanon\/#3_Orbit_International_Forwarders\" >3. Orbit Internationale Spediteure<\/a><\/li><li class='ez-toc-page-1 ez-toc-heading-level-2'><a class=\"ez-toc-link ez-toc-heading-4\" href=\"https:\/\/moverdb.com\/de\/moving-companies\/moving-companies-lebanon\/#4_All_Transportation_Agency\" >4. Alle Verkehrsbeh\u00f6rden<\/a><\/li><li class='ez-toc-page-1 ez-toc-heading-level-2'><a class=\"ez-toc-link ez-toc-heading-5\" href=\"https:\/\/moverdb.com\/de\/moving-companies\/moving-companies-lebanon\/#5_Beirut_Express\" >5. Beirut Express<\/a><\/li><li class='ez-toc-page-1 ez-toc-heading-level-2'><a class=\"ez-toc-link ez-toc-heading-6\" href=\"https:\/\/moverdb.com\/de\/moving-companies\/moving-companies-lebanon\/#6_Domex\" >6. Domex<\/a><\/li><li class='ez-toc-page-1 ez-toc-heading-level-2'><a class=\"ez-toc-link ez-toc-heading-7\" href=\"https:\/\/moverdb.com\/de\/moving-companies\/moving-companies-lebanon\/#7_BCC_Logistics\" >7. BCC Logistik<\/a><\/li><\/ul><\/nav><\/div>\n<h2><span class=\"ez-toc-section\" id=\"1_I-Movers\"><\/span><strong>1. I-Movers<\/strong><span class=\"ez-toc-section-end\"><\/span><\/h2>\n<p><img loading=\"lazy\" decoding=\"async\" class=\"alignnone size-full wp-image-8327\" src=\"https:\/\/moverdb.com\/wp-content\/uploads\/I-Movers-international-moving-company.png\" alt=\"I-Movers internationales Umzugsunternehmen\" width=\"1440\" height=\"680\" data-wp-pid=\"8327\" srcset=\"https:\/\/moverdb.com\/wp-content\/uploads\/I-Movers-international-moving-company.png 1440w, https:\/\/moverdb.com\/wp-content\/uploads\/I-Movers-international-moving-company-300x142.png 300w, https:\/\/moverdb.com\/wp-content\/uploads\/I-Movers-international-moving-company-1024x484.png 1024w, https:\/\/moverdb.com\/wp-content\/uploads\/I-Movers-international-moving-company-18x9.png 18w, https:\/\/moverdb.com\/wp-content\/uploads\/I-Movers-international-moving-company-600x283.png 600w\" sizes=\"auto, (max-width: 1440px) 100vw, 1440px\" \/><\/p>\n<ul>\n<li>Lokale Umz\u00fcge<\/li>\n<li>Internationale Umz\u00fcge<\/li>\n<li>Umz\u00fcge im Haushalt<\/li>\n<li>Firmenumz\u00fcge<\/li>\n<li>Ma\u00dfgeschneiderter Service<\/li>\n<li>Professioneller Verpackungsdienst<\/li>\n<li>Luft- und Seetransport<\/li>\n<li>Zollformalit\u00e4ten<\/li>\n<li><a href=\"https:\/\/moverdb.com\/de\/car-transport-shipping\/\" data-internallinksmanager029f6b8e52c=\"2\" title=\"2026 Internationale Autotransporte &amp; Angebote f\u00fcr Fahrzeugtransporte\">Transport von Fahrzeugen<\/a><\/li>\n<li>Speicheroptionen<\/li>\n<\/ul>\n<p>I-Movers ist ein internationales Umzugsunternehmen mit Sitz in Beirut, das Haushalte und Unternehmen betreut. Das Unternehmen ist seit acht Jahren Mitglied der IAM und hat dadurch Zugang zu einem internationalen Netzwerk von Umzugsunternehmen.<\/p>\n<p>I-Movers bietet eine virtuelle Besichtigung f\u00fcr Schnelligkeit und Effizienz. Sie bieten einen ma\u00dfgeschneiderten Umzugsservice mit einem engagierten Umzugsmanager, der Ihren Umzug verwaltet. Sie bieten einen Verpackungsservice, der hochwertiges Verpackungsmaterial und gut ausgebildete Teams von Packern verwendet, die auch gegen alle Risiken versichert sind. Sie bieten ein Track-and-Trace-System f\u00fcr Luft- und Seetransporte und unterst\u00fctzen Sie bei den Formalit\u00e4ten einschlie\u00dflich der Zollabfertigung.<\/p>\n<p>Website: <a href=\"http:\/\/www.i-movers.com\" target=\"_blank\" rel=\"noopener\">http:\/\/www.i-movers.com<\/a><\/p>\n<h2><span class=\"ez-toc-section\" id=\"2_Adam_International_Movers\"><\/span><strong>2. Adam Internationale Umzugsunternehmen<\/strong><span class=\"ez-toc-section-end\"><\/span><\/h2>\n<p><img loading=\"lazy\" decoding=\"async\" class=\"alignnone size-full wp-image-8279\" src=\"https:\/\/moverdb.com\/wp-content\/uploads\/Adam-International-Movers-company.png\" alt=\"Adam International Movers Unternehmen\" width=\"1440\" height=\"679\" data-wp-pid=\"8279\" srcset=\"https:\/\/moverdb.com\/wp-content\/uploads\/Adam-International-Movers-company.png 1440w, https:\/\/moverdb.com\/wp-content\/uploads\/Adam-International-Movers-company-300x141.png 300w, https:\/\/moverdb.com\/wp-content\/uploads\/Adam-International-Movers-company-1024x483.png 1024w, https:\/\/moverdb.com\/wp-content\/uploads\/Adam-International-Movers-company-18x8.png 18w, https:\/\/moverdb.com\/wp-content\/uploads\/Adam-International-Movers-company-600x283.png 600w\" sizes=\"auto, (max-width: 1440px) 100vw, 1440px\" \/><\/p>\n<ul>\n<li>Nationale Umz\u00fcge<\/li>\n<li>Internationale Umz\u00fcge<\/li>\n<li>Umz\u00fcge im Haushalt<\/li>\n<li>B\u00fcroumz\u00fcge<\/li>\n<li>Individuell anpassbare und budgetfreundliche Angebote<\/li>\n<li>Professioneller Verpackungsdienst<\/li>\n<li>Transport auf der Stra\u00dfe, in der Luft oder zur See<\/li>\n<li>Zollabfertigung<\/li>\n<li>Versicherung<\/li>\n<li>Lagereinrichtungen<\/li>\n<\/ul>\n<p>Adam International Movers ist ein Verpackungs- und Umzugsunternehmen f\u00fcr Privatpersonen, Haushalte und B\u00fcros mit Standorten in Beirut, Libanon und Armenien. Das Unternehmen verf\u00fcgt \u00fcber ein Netz von Agenten und Spediteuren in der ganzen Welt, die es bei der Erbringung internationaler Dienstleistungen unterst\u00fctzen. Das Unternehmen ist Mitglied der IAM und kann auf sechs Jahre Erfahrung zur\u00fcckblicken.<\/p>\n<p>Adam International Movers bietet eine Vorabbesichtigung an, um Ihre Umzugsanforderungen zu ermitteln und Ihnen ein Angebot zu unterbreiten. Sie bieten einen professionellen Verpackungsservice, der von geschultem Personal durchgef\u00fchrt wird, das die neuesten Techniken und hochwertiges Verpackungsmaterial einsetzt. Adam International Movers k\u00fcmmert sich um den Transport Ihres Umzugsguts auf dem Land-, Luft- oder Seeweg und \u00fcbernimmt bei Bedarf auch die Zollabfertigung.<\/p>\n<p>Website: <a href=\"http:\/\/www.adam-movers.com\" target=\"_blank\" rel=\"noopener\">http:\/\/www.adam-movers.com<\/a><\/p>\n<h2><span class=\"ez-toc-section\" id=\"3_Orbit_International_Forwarders\"><\/span><strong>3. Orbit Internationale Spediteure<\/strong><span class=\"ez-toc-section-end\"><\/span><\/h2>\n<p><img loading=\"lazy\" decoding=\"async\" class=\"alignnone size-full wp-image-8351\" src=\"https:\/\/moverdb.com\/wp-content\/uploads\/Orbit-International-Forwarders-Lebanon-moving-company.png\" alt=\"Orbit International Forwarders Libanon Umzugsunternehmen\" width=\"1440\" height=\"679\" data-wp-pid=\"8351\" srcset=\"https:\/\/moverdb.com\/wp-content\/uploads\/Orbit-International-Forwarders-Lebanon-moving-company.png 1440w, https:\/\/moverdb.com\/wp-content\/uploads\/Orbit-International-Forwarders-Lebanon-moving-company-300x141.png 300w, https:\/\/moverdb.com\/wp-content\/uploads\/Orbit-International-Forwarders-Lebanon-moving-company-1024x483.png 1024w, https:\/\/moverdb.com\/wp-content\/uploads\/Orbit-International-Forwarders-Lebanon-moving-company-18x8.png 18w, https:\/\/moverdb.com\/wp-content\/uploads\/Orbit-International-Forwarders-Lebanon-moving-company-600x283.png 600w\" sizes=\"auto, (max-width: 1440px) 100vw, 1440px\" \/><\/p>\n<ul>\n<li>Lokale und nationale Umz\u00fcge<\/li>\n<li>Weltweite Umz\u00fcge<\/li>\n<li>Umz\u00fcge im Haushalt<\/li>\n<li>Unternehmensverlagerungen<\/li>\n<li>Haus-zu-Haus-Dienst<\/li>\n<li>Verpackungsservice<\/li>\n<li>Land-, See- oder Luftfracht<\/li>\n<li>Umgang mit den sch\u00f6nen K\u00fcnsten<\/li>\n<li>Transport von Kraftfahrzeugen<\/li>\n<li>Lagereinrichtungen<\/li>\n<\/ul>\n<p>Orbit International Forwarders ist ein Verpackungs- und Umzugsunternehmen, das 1983 gegr\u00fcndet wurde. Es verf\u00fcgt \u00fcber neun Standorte in Europa und Asien, darunter Beirut im Libanon. Sie arbeiten mit \u00fcber tausend ausgew\u00e4hlten Vertretern in fast allen L\u00e4ndern der Welt zusammen, um ihre Dienstleistungen international zu erbringen. Das Unternehmen ist Mitglied der IAM und kann auf 26 Jahre Erfahrung zur\u00fcckblicken.<\/p>\n<p>Orbit International Forwarders bietet einen individuellen T\u00fcr-zu-T\u00fcr-Umzugsservice, der mit einer ersten Besichtigung beginnt. Sie bieten einen hochwertigen Verpackungsservice zum Schutz Ihres Eigentums und stellen Kisten f\u00fcr zerbrechliche Gegenst\u00e4nde zur Verf\u00fcgung. Zu den weiteren Dienstleistungen geh\u00f6ren der Transport von Kraftfahrzeugen, der Umgang mit Kunstgegenst\u00e4nden, Ausstellungslogistik, Medien- und Unterhaltungslogistik sowie Lagereinrichtungen.<\/p>\n<p>Website: <a href=\"http:\/\/www.orbitlb.com\" target=\"_blank\" rel=\"noopener\">http:\/\/www.orbitlb.com<\/a><\/p>\n<h2><span class=\"ez-toc-section\" id=\"4_All_Transportation_Agency\"><\/span><strong>4. Alle Verkehrsbeh\u00f6rden<\/strong><span class=\"ez-toc-section-end\"><\/span><\/h2>\n<p><img loading=\"lazy\" decoding=\"async\" class=\"alignnone size-full wp-image-8285\" src=\"https:\/\/moverdb.com\/wp-content\/uploads\/All-Transportation-Agency-international-moving-company.png\" alt=\"All Transportation Agency internationales Umzugsunternehmen\" width=\"1440\" height=\"680\" data-wp-pid=\"8285\" srcset=\"https:\/\/moverdb.com\/wp-content\/uploads\/All-Transportation-Agency-international-moving-company.png 1440w, https:\/\/moverdb.com\/wp-content\/uploads\/All-Transportation-Agency-international-moving-company-300x142.png 300w, https:\/\/moverdb.com\/wp-content\/uploads\/All-Transportation-Agency-international-moving-company-1024x484.png 1024w, https:\/\/moverdb.com\/wp-content\/uploads\/All-Transportation-Agency-international-moving-company-18x9.png 18w, https:\/\/moverdb.com\/wp-content\/uploads\/All-Transportation-Agency-international-moving-company-600x283.png 600w\" sizes=\"auto, (max-width: 1440px) 100vw, 1440px\" \/><\/p>\n<ul>\n<li>Nationale Umz\u00fcge<\/li>\n<li>Internationale Umz\u00fcge<\/li>\n<li>Umz\u00fcge im Haushalt<\/li>\n<li>Kommerzielle Projekte<\/li>\n<li>Haus-zu-Haus-Dienst<\/li>\n<li>Professioneller Verpackungsdienst<\/li>\n<li>Land-, See- und Luftverkehr<\/li>\n<li>Zollabfertigung<\/li>\n<li>Umgang mit den sch\u00f6nen K\u00fcnsten<\/li>\n<li>Sichere Lagerung<\/li>\n<\/ul>\n<p>All Transportation Agency ist ein 1985 gegr\u00fcndetes Abfertigungs- und Speditionsunternehmen mit Sitz in Beirut. Sie hat auch Niederlassungen in Tripolis, Saida und Tyr. Sie sind Mitglied der IAM und haben dadurch Zugang zu einem internationalen Netzwerk von Umzugsunternehmen, die sie bei der Erbringung internationaler Dienstleistungen unterst\u00fctzen k\u00f6nnen.<\/p>\n<p>All Transportation Agency bietet einen T\u00fcr-zu-T\u00fcr-Service f\u00fcr Haushalte, die innerhalb des Libanon, in den Libanon oder aus dem Libanon umziehen. Sie bieten einen professionellen Verpackungsservice zum Schutz Ihres Hab und Guts, der auch einen speziellen Service f\u00fcr Kunstgegenst\u00e4nde umfasst. Zum Verpackungsservice geh\u00f6ren auch die Demontage und der Zusammenbau von M\u00f6beln sowie die Etikettierung Ihrer Kartons.<\/p>\n<p>Website: <a href=\"http:\/\/www.ata-lebanon.com\" target=\"_blank\" rel=\"noopener\">http:\/\/www.ata-lebanon.com<\/a><\/p>\n<h2><span class=\"ez-toc-section\" id=\"5_Beirut_Express\"><\/span><strong>5. Beirut Express<\/strong><span class=\"ez-toc-section-end\"><\/span><\/h2>\n<p><img loading=\"lazy\" decoding=\"async\" class=\"alignnone size-full wp-image-8293\" src=\"https:\/\/moverdb.com\/wp-content\/uploads\/Beirut-Express-international-moving-company.png\" alt=\"Internationales Umzugsunternehmen Beirut Express\" width=\"1440\" height=\"681\" data-wp-pid=\"8293\" srcset=\"https:\/\/moverdb.com\/wp-content\/uploads\/Beirut-Express-international-moving-company.png 1440w, https:\/\/moverdb.com\/wp-content\/uploads\/Beirut-Express-international-moving-company-300x142.png 300w, https:\/\/moverdb.com\/wp-content\/uploads\/Beirut-Express-international-moving-company-1024x484.png 1024w, https:\/\/moverdb.com\/wp-content\/uploads\/Beirut-Express-international-moving-company-18x9.png 18w, https:\/\/moverdb.com\/wp-content\/uploads\/Beirut-Express-international-moving-company-600x284.png 600w\" sizes=\"auto, (max-width: 1440px) 100vw, 1440px\" \/><\/p>\n<ul>\n<li>Lokale Umz\u00fcge<\/li>\n<li>Internationale Verlagerungen<\/li>\n<li>Umz\u00fcge von Haushalten<\/li>\n<li>B\u00fcroumz\u00fcge<\/li>\n<li>Professioneller Verpackungsdienst<\/li>\n<li>Hochwertige Verpackungsmaterialien<\/li>\n<li>Luft- und Seefracht<\/li>\n<li>Zollabfertigung<\/li>\n<li>Fahrzeugtransport<\/li>\n<li>Reisen und Fahrkartenverkauf<\/li>\n<\/ul>\n<p>Beirut Express ist ein lokaler und internationaler Umzugsdienst mit Sitz in Beirut, der bereits seit 56 Jahren t\u00e4tig ist. Das Unternehmen verf\u00fcgt \u00fcber ein weltweites Netz von Partnerunternehmen und akkreditierten Agenten und ist Mitglied der IAM.<\/p>\n<p>Beirut Express bietet Umzugsdienstleistungen f\u00fcr Haushalte, Unternehmen und Konzerne an, die den Umzug so problemlos wie m\u00f6glich gestalten. Sie bieten einen professionellen Verpackungsservice mit einem geschulten Team, das zum Schutz Ihrer G\u00fcter w\u00e4hrend des Transports hochsichere Techniken einsetzt. Sie organisieren den Transport Ihrer G\u00fcter per Luft- und Seefracht und helfen bei der Zollabfertigung.<\/p>\n<p>Website: <a href=\"http:\/\/www.beirutexpress.com\" target=\"_blank\" rel=\"noopener\">http:\/\/www.beirutexpress.com<\/a><\/p>\n<h2><span class=\"ez-toc-section\" id=\"6_Domex\"><\/span><strong>6. Domex<\/strong><span class=\"ez-toc-section-end\"><\/span><\/h2>\n<p><img loading=\"lazy\" decoding=\"async\" class=\"alignnone size-full wp-image-8306\" src=\"https:\/\/moverdb.com\/wp-content\/uploads\/Domex-international-moving-company.png\" alt=\"Domex Internationales Umzugsunternehmen\" width=\"1440\" height=\"681\" data-wp-pid=\"8306\" srcset=\"https:\/\/moverdb.com\/wp-content\/uploads\/Domex-international-moving-company.png 1440w, https:\/\/moverdb.com\/wp-content\/uploads\/Domex-international-moving-company-300x142.png 300w, https:\/\/moverdb.com\/wp-content\/uploads\/Domex-international-moving-company-1024x484.png 1024w, https:\/\/moverdb.com\/wp-content\/uploads\/Domex-international-moving-company-18x9.png 18w, https:\/\/moverdb.com\/wp-content\/uploads\/Domex-international-moving-company-600x284.png 600w\" sizes=\"auto, (max-width: 1440px) 100vw, 1440px\" \/><\/p>\n<ul>\n<li>Internationale Umz\u00fcge<\/li>\n<li>Umz\u00fcge im Haushalt<\/li>\n<li>B\u00fcroumz\u00fcge<\/li>\n<li>Haus-zu-Haus-Dienst<\/li>\n<li>Verpackungsservice<\/li>\n<li>Hochwertige Verpackungsmaterialien<\/li>\n<li>Zollabfertigung<\/li>\n<li>Handhabung von Kunstwerken<\/li>\n<li>Versicherung<\/li>\n<li>Lagereinrichtungen<\/li>\n<\/ul>\n<p>Domex ist ein Umzugsunternehmen mit Sitz in Beirut, das internationale Dienstleistungen von und nach Libanon anbietet. Das Unternehmen arbeitet mit ausgew\u00e4hlten Umzugsunternehmen in der ganzen Welt zusammen, um Dienstleistungen au\u00dferhalb des Libanon zu erbringen, und ist Mitglied der IAM.<\/p>\n<p>Domex bietet einen Haus-zu-Haus-Service f\u00fcr Haushalte und B\u00fcros. Das Unternehmen bietet einen Verpackungsservice, bei dem hochwertiges Verpackungsmaterial zum Schutz Ihrer Gegenst\u00e4nde und geschultes Personal zum Einsatz kommen. Sie bieten auch einen speziellen Service f\u00fcr zerbrechliche Gegenst\u00e4nde und Kunstgegenst\u00e4nde an. Domex organisiert den besten Transportweg per See- oder Luftfracht und unterst\u00fctzt Sie bei der Zollabfertigung.<\/p>\n<p>Website: <a href=\"http:\/\/www.domexco.net\" target=\"_blank\" rel=\"noopener\">http:\/\/www.domexco.net<\/a><\/p>\n<h2><span class=\"ez-toc-section\" id=\"7_BCC_Logistics\"><\/span><strong>7. BCC Logistik<\/strong><span class=\"ez-toc-section-end\"><\/span><\/h2>\n<p><img loading=\"lazy\" decoding=\"async\" class=\"alignnone size-full wp-image-7673\" src=\"https:\/\/moverdb.com\/wp-content\/uploads\/BCC-Logistics-international-moving-company.png\" alt=\"BCC Logistics internationales Umzugsunternehmen\" width=\"1440\" height=\"634\" data-wp-pid=\"7673\" srcset=\"https:\/\/moverdb.com\/wp-content\/uploads\/BCC-Logistics-international-moving-company.png 1440w, https:\/\/moverdb.com\/wp-content\/uploads\/BCC-Logistics-international-moving-company-300x132.png 300w, https:\/\/moverdb.com\/wp-content\/uploads\/BCC-Logistics-international-moving-company-1024x451.png 1024w, https:\/\/moverdb.com\/wp-content\/uploads\/BCC-Logistics-international-moving-company-18x8.png 18w, https:\/\/moverdb.com\/wp-content\/uploads\/BCC-Logistics-international-moving-company-600x264.png 600w\" sizes=\"auto, (max-width: 1440px) 100vw, 1440px\" \/><\/p>\n<ul>\n<li>Nationale Umz\u00fcge<\/li>\n<li>Internationale Umz\u00fcge<\/li>\n<li>Umz\u00fcge in Wohnungen<\/li>\n<li>Firmenumz\u00fcge<\/li>\n<li>Haus-zu-Haus-Dienst<\/li>\n<li>Verpackungsservice<\/li>\n<li>Land-, See- und Luftfracht<\/li>\n<li>Zollabfertigung<\/li>\n<li>Umgang mit den sch\u00f6nen K\u00fcnsten<\/li>\n<li>Lagereinrichtungen<\/li>\n<\/ul>\n<p>BCC Logistics ist ein 1993 gegr\u00fcndetes globales Speditionsunternehmen mit Sitz in Beirut und Standorten in <a href=\"https:\/\/moverdb.com\/de\/moving-to-qatar\/\" data-internallinksmanager029f6b8e52c=\"334\" title=\"Umzug nach Katar? 2026 Lebenshaltungskosten &amp; Umzugstipps\">Katar<\/a>, <a href=\"https:\/\/moverdb.com\/de\/moving-companies\/moving-companies-iraq\/\" data-internallinksmanager029f6b8e52c=\"314\" title=\"2 beste internationale Umzugsunternehmen im Irak\">Irak<\/a> und <a href=\"https:\/\/moverdb.com\/de\/moving-to-saudi-arabia\/\" data-internallinksmanager029f6b8e52c=\"319\" title=\"Umzug nach Saudi-Arabien? 2026 Lebenshaltungskosten &amp; Umzugstipps\">Saudi-Arabien<\/a>. Sie sind gut mit internationalen Umzugsunternehmen vernetzt, was es ihnen erm\u00f6glicht, Dienstleistungen in der ganzen Welt anzubieten. Sie sind Mitglied der IAM und von der FIDI akkreditiert.<\/p>\n<p>BCC Logistics bietet einen T\u00fcr-zu-T\u00fcr-Umzugsdienst mit einem einzigen Ansprechpartner. Sie bieten einen Verpackungsservice mit hochwertigem Verpackungsmaterial und bieten Seecontainer-Versand und Tri-Wall-Verpackung f\u00fcr den Lufttransport mit Zollformalit\u00e4ten. Sie helfen beim Einpacken, Auspacken und Aufstellen der M\u00f6bel. Sie bieten auch den Transport von schweren Gegenst\u00e4nden, den Transport von Fahrzeugen und die Versicherung an.<\/p>\n<p>Website: <a href=\"http:\/\/www.bcclogistics.com\/\" target=\"_blank\" rel=\"noopener\">http:\/\/www.bcclogistics.com\/<\/a><\/p>","protected":false},"excerpt":{"rendered":"<p>Just thinking about moving your home or business can be stressful and seem complicated if you are planning on moving abroad, which is where a moving company can assist by lightening the load. Below we have compiled a list of Lebanon based removal companies that are members of the International Association of Movers (IAM) and\/or [&hellip;]<\/p>\n","protected":false},"author":4,"featured_media":0,"parent":190,"menu_order":0,"comment_status":"closed","ping_status":"closed","template":"","meta":{"_genesis_hide_title":false,"_genesis_hide_breadcrumbs":false,"_genesis_hide_singular_image":false,"_genesis_hide_footer_widgets":false,"_genesis_custom_body_class":"","_genesis_custom_post_class":"","_genesis_layout":"","footnotes":""},"class_list":{"0":"post-8402","1":"page","2":"type-page","3":"status-publish","5":"entry","6":"has-post-thumbnail"},"_links":{"self":[{"href":"https:\/\/moverdb.com\/de\/wp-json\/wp\/v2\/pages\/8402","targetHints":{"allow":["GET"]}}],"collection":[{"href":"https:\/\/moverdb.com\/de\/wp-json\/wp\/v2\/pages"}],"about":[{"href":"https:\/\/moverdb.com\/de\/wp-json\/wp\/v2\/types\/page"}],"author":[{"embeddable":true,"href":"https:\/\/moverdb.com\/de\/wp-json\/wp\/v2\/users\/4"}],"replies":[{"embeddable":true,"href":"https:\/\/moverdb.com\/de\/wp-json\/wp\/v2\/comments?post=8402"}],"version-history":[{"count":1,"href":"https:\/\/moverdb.com\/de\/wp-json\/wp\/v2\/pages\/8402\/revisions"}],"predecessor-version":[{"id":8403,"href":"https:\/\/moverdb.com\/de\/wp-json\/wp\/v2\/pages\/8402\/revisions\/8403"}],"up":[{"embeddable":true,"href":"https:\/\/moverdb.com\/de\/wp-json\/wp\/v2\/pages\/190"}],"wp:attachment":[{"href":"https:\/\/moverdb.com\/de\/wp-json\/wp\/v2\/media?parent=8402"}],"curies":[{"name":"wp","href":"https:\/\/api.w.org\/{rel}","templated":true}]}}