{"id":8394,"date":"2023-04-27T14:54:05","date_gmt":"2023-04-27T14:54:05","guid":{"rendered":"https:\/\/moverdb.com\/?page_id=8394"},"modified":"2026-01-08T15:24:20","modified_gmt":"2026-01-08T15:24:20","slug":"moving-companies-kazakhstan","status":"publish","type":"page","link":"https:\/\/moverdb.com\/de\/moving-companies\/moving-companies-kazakhstan\/","title":{"rendered":"Die 3 besten internationalen Umzugsunternehmen in Kasachstan"},"content":{"rendered":"<p>Ein Umzug kann eine stressige Zeit sein, aber wenn Sie diese Zeit verk\u00fcrzen wollen, k\u00f6nnen Sie die Dienste eines <a href=\"https:\/\/moverdb.com\/de\/moving-companies\/\" data-internallinksmanager029f6b8e52c=\"79\" title=\"Top 25 Internationale Umzugsunternehmen Online\">Umzugsunternehmen<\/a>. Sie k\u00f6nnen die Organisation, Verpackung und Verwaltung Ihres Umzugs \u00fcbernehmen. Nachfolgend haben wir eine Liste von Umzugsunternehmen in Kasachstan zusammengestellt <a href=\"https:\/\/moverdb.com\/de\/international-removals\/\" data-internallinksmanager029f6b8e52c=\"27\" title=\"36 Beste internationale Umzugsunternehmen in Gro\u00dfbritannien\">Umzugsunternehmen<\/a> die Mitglieder der <a href=\"https:\/\/moverdb.com\/de\/iam\/\" data-internallinksmanager029f6b8e52c=\"23\" title=\"International Association of Movers (IAM) erkl\u00e4rt\">Internationaler Verband der M\u00f6belspediteure<\/a> (IAM) und\/oder <a href=\"https:\/\/moverdb.com\/de\/fidi-faim\/\" data-internallinksmanager029f6b8e52c=\"16\" title=\"FIDI &amp; FAIM (FIDI Accredited International Mover) Erl\u00e4utert\">FIDI<\/a> Accredited International Mover (FAIM), die Ihnen bei Ihrem Umzug helfen k\u00f6nnen.<\/p>\n<h2><strong>1. Intermovex<\/strong><\/h2>\n<p><img loading=\"lazy\" decoding=\"async\" class=\"alignnone size-full wp-image-8330\" src=\"https:\/\/moverdb.com\/wp-content\/uploads\/Intermovex-international-moving-company.png\" alt=\"Intermovex internationales Umzugsunternehmen\" width=\"1440\" height=\"680\" data-wp-pid=\"8330\" srcset=\"https:\/\/moverdb.com\/wp-content\/uploads\/Intermovex-international-moving-company.png 1440w, https:\/\/moverdb.com\/wp-content\/uploads\/Intermovex-international-moving-company-300x142.png 300w, https:\/\/moverdb.com\/wp-content\/uploads\/Intermovex-international-moving-company-1024x484.png 1024w, https:\/\/moverdb.com\/wp-content\/uploads\/Intermovex-international-moving-company-18x9.png 18w, https:\/\/moverdb.com\/wp-content\/uploads\/Intermovex-international-moving-company-600x283.png 600w\" sizes=\"auto, (max-width: 1440px) 100vw, 1440px\" \/><\/p>\n<ul>\n<li>Nationale Umz\u00fcge<\/li>\n<li>Internationale Umz\u00fcge<\/li>\n<li>Umz\u00fcge im Haushalt<\/li>\n<li>B\u00fcroverlagerungen<\/li>\n<li>Haus-zu-Haus-Dienst<\/li>\n<li>Verpackungsservice<\/li>\n<li>Zollabfertigung<\/li>\n<li>Handhabung von Kunstwerken<\/li>\n<li>Tier- und Autotransport<\/li>\n<li>Kurz- bis langfristige Lagerung<\/li>\n<\/ul>\n<p>Intermovex ist ein 2009 gegr\u00fcndetes internationales Umzugsunternehmen mit B\u00fcros in Almaty und Astana. Sie arbeiten mit ausl\u00e4ndischen Partnern zusammen, die ihnen helfen, ihre Dienstleistungen international anzubieten. Das Unternehmen ist seit 14 Jahren Mitglied der IAM.<\/p>\n<p>Intermovex bietet einen Haus-zu-Haus-Service mit einem pers\u00f6nlichen Manager, der Sie in allen Phasen Ihres Umzugs unterst\u00fctzt. Der Verpackungsservice verwendet hochwertiges Verpackungsmaterial, hilft Ihnen bei der Auswahl des am besten geeigneten Transportmittels und unterst\u00fctzt Sie bei der Zollabfertigung. Intermovex bietet eine Reihe zus\u00e4tzlicher Dienstleistungen an, darunter den Transport von Autos, Ausstellungen, Tieren, Kulturg\u00fctern und Kunstgegenst\u00e4nden sowie Frachtversicherungen und Lagerm\u00f6glichkeiten.<\/p>\n<p>Website: <a href=\"http:\/\/www.intermovex.kz\" target=\"_blank\" rel=\"noopener\">http:\/\/www.intermovex.kz<\/a><\/p>\n<h2><strong>2. Gosselin<\/strong><\/h2>\n<p><img loading=\"lazy\" decoding=\"async\" class=\"alignnone size-full wp-image-8321\" src=\"https:\/\/moverdb.com\/wp-content\/uploads\/Gosselin-Kazakhstan-international-moving-company.png\" alt=\"Gosselin Kazakhstan internationales Umzugsunternehmen\" width=\"1440\" height=\"680\" data-wp-pid=\"8321\" srcset=\"https:\/\/moverdb.com\/wp-content\/uploads\/Gosselin-Kazakhstan-international-moving-company.png 1440w, https:\/\/moverdb.com\/wp-content\/uploads\/Gosselin-Kazakhstan-international-moving-company-300x142.png 300w, https:\/\/moverdb.com\/wp-content\/uploads\/Gosselin-Kazakhstan-international-moving-company-1024x484.png 1024w, https:\/\/moverdb.com\/wp-content\/uploads\/Gosselin-Kazakhstan-international-moving-company-18x9.png 18w, https:\/\/moverdb.com\/wp-content\/uploads\/Gosselin-Kazakhstan-international-moving-company-600x283.png 600w\" sizes=\"auto, (max-width: 1440px) 100vw, 1440px\" \/><\/p>\n<ul>\n<li>Nationale Umz\u00fcge<\/li>\n<li>Internationale Umz\u00fcge<\/li>\n<li>Umz\u00fcge in Wohnungen<\/li>\n<li>B\u00fcroumz\u00fcge<\/li>\n<li>Ma\u00dfgeschneiderter T\u00fcr-zu-T\u00fcr-Service<\/li>\n<li>Verpackungsservice<\/li>\n<li>Organisation des Transports<\/li>\n<li>Transport von Haustieren und Fahrzeugen<\/li>\n<li>Versicherung<\/li>\n<li>Flexible kurz- bis langfristige Lagerung<\/li>\n<\/ul>\n<p>Gosselin ist ein internationales Umzugs- und Relocation-Unternehmen mit 34 Niederlassungen in ganz Europa und Russland, einschlie\u00dflich Kasachstan. Sie verf\u00fcgen \u00fcber ein eigenes Netz von Niederlassungen und Partnern, die sie bei internationalen Umz\u00fcgen unterst\u00fctzen, und sind Mitglied der IAM.<\/p>\n<p>Gosselin bietet einen T\u00fcr-zu-T\u00fcr-Umzugsservice mit einem Online-Umfragetool, um einen schnellen Kostenvoranschlag und anschlie\u00dfend einen zuverl\u00e4ssigen Kostenvoranschlag zu erstellen. Sie bieten einen Verpackungsservice mit professionellen Umzugshelfern, die umweltfreundliches Verpackungsmaterial verwenden, um Ihr Hab und Gut zu sch\u00fctzen, und sie bieten auch die Demontage und den Wiederaufbau von M\u00f6beln sowie einen Auspackservice an. Sie bieten auch zus\u00e4tzliche Dienstleistungen wie den Umzug von Haustieren, den Umgang mit Kunstgegenst\u00e4nden, Autotransporte und Lagerungsl\u00f6sungen an.<\/p>\n<p>Website: <a href=\"http:\/\/www.moving.gosselingroup.eu\" target=\"_blank\" rel=\"noopener\">http:\/\/www.moving.gosselingroup.eu<\/a><\/p>\n<h2><strong>3. Globalink Logistik<\/strong><\/h2>\n<p><img loading=\"lazy\" decoding=\"async\" class=\"alignnone size-full wp-image-8320\" src=\"https:\/\/moverdb.com\/wp-content\/uploads\/Globalink-Logistics-international-moving-company.png\" alt=\"Globalink Logistics internationales Umzugsunternehmen\" width=\"1440\" height=\"680\" data-wp-pid=\"8320\" srcset=\"https:\/\/moverdb.com\/wp-content\/uploads\/Globalink-Logistics-international-moving-company.png 1440w, https:\/\/moverdb.com\/wp-content\/uploads\/Globalink-Logistics-international-moving-company-300x142.png 300w, https:\/\/moverdb.com\/wp-content\/uploads\/Globalink-Logistics-international-moving-company-1024x484.png 1024w, https:\/\/moverdb.com\/wp-content\/uploads\/Globalink-Logistics-international-moving-company-18x9.png 18w, https:\/\/moverdb.com\/wp-content\/uploads\/Globalink-Logistics-international-moving-company-600x283.png 600w\" sizes=\"auto, (max-width: 1440px) 100vw, 1440px\" \/><\/p>\n<ul>\n<li>Nationale Umz\u00fcge<\/li>\n<li>Internationale Umz\u00fcge<\/li>\n<li>Umz\u00fcge in Wohnungen<\/li>\n<li>Unternehmensverlagerungen<\/li>\n<li>Haus-zu-Haus-Dienst<\/li>\n<li>Verpackungsservice<\/li>\n<li>Stra\u00dfen-, Schienen-, See- und Luftfracht<\/li>\n<li>Zollabfertigung<\/li>\n<li>Umzug von Haustieren<\/li>\n<li>Lagereinrichtungen<\/li>\n<\/ul>\n<p>Globalink Logistics ist ein auf Europa und Asien spezialisiertes Logistikunternehmen, das Umzugsdienstleistungen anbietet. Sie haben Standorte in Almaty, Astana, Atyrau, Aktobe, Oskemen, Uralsk und Shymkent. Das Unternehmen verf\u00fcgt \u00fcber ein globales Netzwerk in 55 L\u00e4ndern, um internationale Dienstleistungen anzubieten. Das Unternehmen ist seit 24 Jahren Mitglied der IAM und ist von der FIDI akkreditiert.<\/p>\n<p>Globalink Logistics bietet eine Untersuchung vor dem Umzug und eine Umzugsplanung mit einem Kostenvoranschlag. Sie bieten einen T\u00fcr-zu-T\u00fcr-Umzugsservice an, der den Transport von Haustieren und Fahrzeugen, Versicherungen und die Verfolgung des Umzugs umfasst. Sie bieten einen Verpackungsservice mit hochwertigen Materialien f\u00fcr den Stra\u00dfen-, Schienen-, See- oder Lufttransport und unterst\u00fctzen Sie bei der Zollabwicklung.<\/p>\n<p>Website: <a href=\"https:\/\/globalinklogistics.com\/\" target=\"_blank\" rel=\"noopener\">https:\/\/globalinklogistics.com\/<\/a><\/p>","protected":false},"excerpt":{"rendered":"<p>Moving can be a stressful time but if you want to reduce it, you can employ the services of a moving company. They can take over the organisation, packing and administration of your move. Below we have compiled a list of Kazakhstan based removal companies that are members of the International Association of Movers (IAM) [&hellip;]<\/p>\n","protected":false},"author":4,"featured_media":0,"parent":190,"menu_order":0,"comment_status":"closed","ping_status":"closed","template":"","meta":{"_genesis_hide_title":false,"_genesis_hide_breadcrumbs":false,"_genesis_hide_singular_image":false,"_genesis_hide_footer_widgets":false,"_genesis_custom_body_class":"","_genesis_custom_post_class":"","_genesis_layout":"","footnotes":""},"class_list":{"0":"post-8394","1":"page","2":"type-page","3":"status-publish","5":"entry","6":"has-post-thumbnail"},"_links":{"self":[{"href":"https:\/\/moverdb.com\/de\/wp-json\/wp\/v2\/pages\/8394","targetHints":{"allow":["GET"]}}],"collection":[{"href":"https:\/\/moverdb.com\/de\/wp-json\/wp\/v2\/pages"}],"about":[{"href":"https:\/\/moverdb.com\/de\/wp-json\/wp\/v2\/types\/page"}],"author":[{"embeddable":true,"href":"https:\/\/moverdb.com\/de\/wp-json\/wp\/v2\/users\/4"}],"replies":[{"embeddable":true,"href":"https:\/\/moverdb.com\/de\/wp-json\/wp\/v2\/comments?post=8394"}],"version-history":[{"count":1,"href":"https:\/\/moverdb.com\/de\/wp-json\/wp\/v2\/pages\/8394\/revisions"}],"predecessor-version":[{"id":8395,"href":"https:\/\/moverdb.com\/de\/wp-json\/wp\/v2\/pages\/8394\/revisions\/8395"}],"up":[{"embeddable":true,"href":"https:\/\/moverdb.com\/de\/wp-json\/wp\/v2\/pages\/190"}],"wp:attachment":[{"href":"https:\/\/moverdb.com\/de\/wp-json\/wp\/v2\/media?parent=8394"}],"curies":[{"name":"wp","href":"https:\/\/api.w.org\/{rel}","templated":true}]}}