{"id":8390,"date":"2023-04-27T14:54:37","date_gmt":"2023-04-27T14:54:37","guid":{"rendered":"https:\/\/moverdb.com\/?page_id=8390"},"modified":"2026-01-08T15:29:21","modified_gmt":"2026-01-08T15:29:21","slug":"moving-companies-jordan","status":"publish","type":"page","link":"https:\/\/moverdb.com\/de\/moving-companies\/moving-companies-jordan\/","title":{"rendered":"Die 6 besten internationalen Umzugsunternehmen in Jordanien"},"content":{"rendered":"<p>Ziehen Sie mit Ihrer Wohnung oder Ihrem Unternehmen um? Dann werden Ihnen die Organisation und der Papierkram vielleicht zu viel, so dass Sie die Hilfe eines <a href=\"https:\/\/moverdb.com\/de\/moving-companies\/\" data-internallinksmanager029f6b8e52c=\"79\" title=\"Top 25 Internationale Umzugsunternehmen Online\">Umzugsunternehmen<\/a>. Wenn Sie innerhalb, nach oder von Jordanien umziehen m\u00f6chten, haben wir die folgende Liste zusammengestellt <a href=\"https:\/\/moverdb.com\/de\/international-removals\/\" data-internallinksmanager029f6b8e52c=\"27\" title=\"36 Beste internationale Umzugsunternehmen in Gro\u00dfbritannien\">Umzugsunternehmen<\/a> die Mitglieder der <a href=\"https:\/\/moverdb.com\/de\/iam\/\" data-internallinksmanager029f6b8e52c=\"23\" title=\"International Association of Movers (IAM) erkl\u00e4rt\">Internationaler Verband der M\u00f6belspediteure<\/a> (IAM) und\/oder <a href=\"https:\/\/moverdb.com\/de\/fidi-faim\/\" data-internallinksmanager029f6b8e52c=\"16\" title=\"FIDI &amp; FAIM (FIDI Accredited International Mover) Erl\u00e4utert\">FIDI<\/a> Accredited International Mover (FAIM), die Sie bei Ihrem Umzug unterst\u00fctzen k\u00f6nnen.<\/p>\n<div id=\"ez-toc-container\" class=\"ez-toc-v2_0_82_2 ez-toc-wrap-left counter-hierarchy ez-toc-counter ez-toc-transparent ez-toc-container-direction\">\n<div class=\"ez-toc-title-container\">\n<p class=\"ez-toc-title\" style=\"cursor:inherit\">Rubriken<\/p>\n<span class=\"ez-toc-title-toggle\"><a href=\"#\" class=\"ez-toc-pull-right ez-toc-btn ez-toc-btn-xs ez-toc-btn-default ez-toc-toggle\" aria-label=\"Inhaltsverzeichnis umschalten\"><span class=\"ez-toc-js-icon-con\"><span class=\"\"><span class=\"eztoc-hide\" style=\"display:none;\">Umschalten auf<\/span><span class=\"ez-toc-icon-toggle-span\"><svg style=\"fill: #999;color:#999\" xmlns=\"http:\/\/www.w3.org\/2000\/svg\" class=\"list-377408\" width=\"20px\" height=\"20px\" viewbox=\"0 0 24 24\" fill=\"none\"><path d=\"M6 6H4v2h2V6zm14 0H8v2h12V6zM4 11h2v2H4v-2zm16 0H8v2h12v-2zM4 16h2v2H4v-2zm16 0H8v2h12v-2z\" fill=\"currentColor\"><\/path><\/svg><svg style=\"fill: #999;color:#999\" class=\"arrow-unsorted-368013\" xmlns=\"http:\/\/www.w3.org\/2000\/svg\" width=\"10px\" height=\"10px\" viewbox=\"0 0 24 24\" version=\"1.2\" baseprofile=\"tiny\"><path d=\"M18.2 9.3l-6.2-6.3-6.2 6.3c-.2.2-.3.4-.3.7s.1.5.3.7c.2.2.4.3.7.3h11c.3 0 .5-.1.7-.3.2-.2.3-.5.3-.7s-.1-.5-.3-.7zM5.8 14.7l6.2 6.3 6.2-6.3c.2-.2.3-.5.3-.7s-.1-.5-.3-.7c-.2-.2-.4-.3-.7-.3h-11c-.3 0-.5.1-.7.3-.2.2-.3.5-.3.7s.1.5.3.7z\"\/><\/svg><\/span><\/span><\/span><\/a><\/span><\/div>\n<nav><ul class='ez-toc-list ez-toc-list-level-1 eztoc-toggle-hide-by-default' ><li class='ez-toc-page-1 ez-toc-heading-level-2'><a class=\"ez-toc-link ez-toc-heading-1\" href=\"https:\/\/moverdb.com\/de\/moving-companies\/moving-companies-jordan\/#1_CML_Safe_Pak\" >1. CML Safe Pak<\/a><\/li><li class='ez-toc-page-1 ez-toc-heading-level-2'><a class=\"ez-toc-link ez-toc-heading-2\" href=\"https:\/\/moverdb.com\/de\/moving-companies\/moving-companies-jordan\/#2_Jirpac\" >2. Jirpac<\/a><\/li><li class='ez-toc-page-1 ez-toc-heading-level-2'><a class=\"ez-toc-link ez-toc-heading-3\" href=\"https:\/\/moverdb.com\/de\/moving-companies\/moving-companies-jordan\/#3_Jordanian_Coast_Cargo_Service\" >3. Jordanischer K\u00fcstenfrachtdienst<\/a><\/li><li class='ez-toc-page-1 ez-toc-heading-level-2'><a class=\"ez-toc-link ez-toc-heading-4\" href=\"https:\/\/moverdb.com\/de\/moving-companies\/moving-companies-jordan\/#4_Levant_Express\" >4. Levante-Express<\/a><\/li><li class='ez-toc-page-1 ez-toc-heading-level-2'><a class=\"ez-toc-link ez-toc-heading-5\" href=\"https:\/\/moverdb.com\/de\/moving-companies\/moving-companies-jordan\/#5_Logistimania\" >5. Logistimania<\/a><\/li><li class='ez-toc-page-1 ez-toc-heading-level-2'><a class=\"ez-toc-link ez-toc-heading-6\" href=\"https:\/\/moverdb.com\/de\/moving-companies\/moving-companies-jordan\/#6_Naouri_Group\" >6. Naouri-Gruppe<\/a><\/li><\/ul><\/nav><\/div>\n<h2><span class=\"ez-toc-section\" id=\"1_CML_Safe_Pak\"><\/span><strong>1. CML Safe Pak<\/strong><span class=\"ez-toc-section-end\"><\/span><\/h2>\n<p><img loading=\"lazy\" decoding=\"async\" class=\"alignnone size-full wp-image-8391\" src=\"https:\/\/moverdb.com\/wp-content\/uploads\/CML-Safe-Pak-international-moving-company.png\" alt=\"CML Safe Pak internationales Umzugsunternehmen\" width=\"1440\" height=\"667\" data-wp-pid=\"8391\" srcset=\"https:\/\/moverdb.com\/wp-content\/uploads\/CML-Safe-Pak-international-moving-company.png 1440w, https:\/\/moverdb.com\/wp-content\/uploads\/CML-Safe-Pak-international-moving-company-300x139.png 300w, https:\/\/moverdb.com\/wp-content\/uploads\/CML-Safe-Pak-international-moving-company-1024x474.png 1024w, https:\/\/moverdb.com\/wp-content\/uploads\/CML-Safe-Pak-international-moving-company-18x8.png 18w, https:\/\/moverdb.com\/wp-content\/uploads\/CML-Safe-Pak-international-moving-company-600x278.png 600w\" sizes=\"auto, (max-width: 1440px) 100vw, 1440px\" \/><\/p>\n<ul>\n<li>Lokale und nationale Standortverlagerungen<\/li>\n<li>Internationale Verlagerungen<\/li>\n<li>Umz\u00fcge in Wohnungen<\/li>\n<li>Umzugskoordinator<\/li>\n<li>Verpackungsservice<\/li>\n<li>Land-, See- und Luftverkehr<\/li>\n<li>Zollabfertigung<\/li>\n<li>Transport von Haustieren<\/li>\n<li>Reinigungsdienste<\/li>\n<li>Sichere Lagerung<\/li>\n<\/ul>\n<p>CML Safe Pak ist ein Umzugs-, Logistik- und Frachtdienstleistungsunternehmen mit Sitz in Amman, das seit 1992 Menschen beim Umzug hilft. Das Unternehmen ist Mitglied von <a href=\"https:\/\/moverdb.com\/de\/harmony-relocation-network\/\" data-internallinksmanager029f6b8e52c=\"20\" title=\"Harmony Relocation Network (HRN) erkl\u00e4rt\">Harmony Relocation Netzwerk<\/a> und IAM mit 31 Dienstjahren und sind von der FIDI akkreditiert. Diese Verb\u00e4nde verschaffen ihnen Zugang zu einem internationalen Netz von Umzugsagenten.<\/p>\n<p>CML Safe Pak bietet eine Beratung vor dem Umzug mit einem Umzugsberater an, um Ihre Bed\u00fcrfnisse zu ermitteln. Der Umzugskoordinator k\u00fcmmert sich um die gesamte Logistik Ihres Umzugs, einschlie\u00dflich Papierkram und Zollabfertigung. Das Unternehmen bietet zus\u00e4tzliche Dienstleistungen wie Auszugs- und Reinigungsdienste, Kunst- und Antiquit\u00e4tenumz\u00fcge sowie den Transport von Haustieren.<\/p>\n<p>Website: <a href=\"http:\/\/www.cml-jo.com\" target=\"_blank\" rel=\"noopener\">http:\/\/www.cml-jo.com<\/a><\/p>\n<h2><span class=\"ez-toc-section\" id=\"2_Jirpac\"><\/span><strong>2. Jirpac<\/strong><span class=\"ez-toc-section-end\"><\/span><\/h2>\n<p><img loading=\"lazy\" decoding=\"async\" class=\"alignnone size-full wp-image-8333\" src=\"https:\/\/moverdb.com\/wp-content\/uploads\/Jirpac-international-moving-company.png\" alt=\"Jirpac internationales Umzugsunternehmen\" width=\"1440\" height=\"679\" data-wp-pid=\"8333\" srcset=\"https:\/\/moverdb.com\/wp-content\/uploads\/Jirpac-international-moving-company.png 1440w, https:\/\/moverdb.com\/wp-content\/uploads\/Jirpac-international-moving-company-300x141.png 300w, https:\/\/moverdb.com\/wp-content\/uploads\/Jirpac-international-moving-company-1024x483.png 1024w, https:\/\/moverdb.com\/wp-content\/uploads\/Jirpac-international-moving-company-18x8.png 18w, https:\/\/moverdb.com\/wp-content\/uploads\/Jirpac-international-moving-company-600x283.png 600w\" sizes=\"auto, (max-width: 1440px) 100vw, 1440px\" \/><\/p>\n<ul>\n<li>Nationale Umz\u00fcge<\/li>\n<li>Internationale Umz\u00fcge<\/li>\n<li>Umz\u00fcge im Haushalt<\/li>\n<li>Mitarbeiter zieht um<\/li>\n<li>Gesch\u00e4fts- und B\u00fcroumz\u00fcge<\/li>\n<li>Verpackungsservice<\/li>\n<li>Land-, See- und Luftverkehr<\/li>\n<li>Zollabfertigung<\/li>\n<li>Versicherung<\/li>\n<li>Sichere Lagereinrichtungen<\/li>\n<\/ul>\n<p>Jirpac ist ein internationales Umzugs- und Verpackungsunternehmen, das 1978 gegr\u00fcndet wurde und seinen Sitz in Amman hat. Das Unternehmen verf\u00fcgt \u00fcber ein weltweites Netz von Korrespondenten in 170 L\u00e4ndern, die es bei der Erbringung internationaler Dienstleistungen unterst\u00fctzen. Jirpac ist Mitglied der IAM und kann auf 45 Jahre Erfahrung zur\u00fcckblicken.<\/p>\n<p>Jirpac bietet nationale und internationale Umzugsdienste f\u00fcr Haushalte und Unternehmen an. Sie bieten einen Verpackungsservice, der eine Vielzahl von Verpackungsmaterialien und Kartons zum Schutz Ihres Eigentums w\u00e4hrend des Transports bereitstellt, die den internationalen Standards entsprechen. Das Unternehmen bietet Land-, Luft- und Seetransporte mit Zollabfertigung an.<\/p>\n<p>Website: <a href=\"http:\/\/www.jirpac.com\" target=\"_blank\" rel=\"noopener\">http:\/\/www.jirpac.com<\/a><\/p>\n<h2><span class=\"ez-toc-section\" id=\"3_Jordanian_Coast_Cargo_Service\"><\/span><strong>3. Jordanischer K\u00fcstenfrachtdienst<\/strong><span class=\"ez-toc-section-end\"><\/span><\/h2>\n<p><img loading=\"lazy\" decoding=\"async\" class=\"alignnone size-full wp-image-8334\" src=\"https:\/\/moverdb.com\/wp-content\/uploads\/Jordanian-Coast-Cargo-Services-international-moving-company.png\" alt=\"Jordanian Coast Cargo Services Internationales Umzugsunternehmen\" width=\"1440\" height=\"677\" data-wp-pid=\"8334\" srcset=\"https:\/\/moverdb.com\/wp-content\/uploads\/Jordanian-Coast-Cargo-Services-international-moving-company.png 1440w, https:\/\/moverdb.com\/wp-content\/uploads\/Jordanian-Coast-Cargo-Services-international-moving-company-300x141.png 300w, https:\/\/moverdb.com\/wp-content\/uploads\/Jordanian-Coast-Cargo-Services-international-moving-company-1024x481.png 1024w, https:\/\/moverdb.com\/wp-content\/uploads\/Jordanian-Coast-Cargo-Services-international-moving-company-18x8.png 18w, https:\/\/moverdb.com\/wp-content\/uploads\/Jordanian-Coast-Cargo-Services-international-moving-company-600x282.png 600w\" sizes=\"auto, (max-width: 1440px) 100vw, 1440px\" \/><\/p>\n<ul>\n<li>Nationale Umz\u00fcge<\/li>\n<li>Internationale Umz\u00fcge<\/li>\n<li>Umz\u00fcge im Haushalt<\/li>\n<li>Kommerzielle Dienstleistungen<\/li>\n<li>Haus-zu-Haus-Dienst<\/li>\n<li>Professioneller Verpackungsdienst<\/li>\n<li>Land-, Luft- und Seetransport<\/li>\n<li>Zollabfertigung<\/li>\n<li>Transport von Fahrzeugen und Haustieren<\/li>\n<li>Sichere kurz- und langfristige Lagerung<\/li>\n<\/ul>\n<p>Jordanian Coast Cargo Services ist eine Schifffahrtsgesellschaft, <a href=\"https:\/\/moverdb.com\/de\/freight-forwarder\/\" data-internallinksmanager029f6b8e52c=\"17\" title=\"Leitfaden f\u00fcr internationale Kosten und Unternehmen f\u00fcr Spediteure und NVOCC\">Spediteur<\/a> und Lagerungsunternehmen, das Umzugsdienstleistungen und diplomatische Umz\u00fcge anbietet. Das Unternehmen wurde im Jahr 2000 gegr\u00fcndet und hat seinen Sitz in Amman. Sie arbeiten mit internationalen Organisationen zusammen und bieten ihre Dienste weltweit an. Das Unternehmen ist Mitglied der IAM und kann auf 23 Dienstjahre zur\u00fcckblicken.<\/p>\n<p>Jordanian Coast Cargo Services bietet einen T\u00fcr-zu-T\u00fcr-Service mit hochqualifizierten Packern, die hochwertiges Verpackungsmaterial und Kisten verwenden, um Ihr Hab und Gut sicher zu transportieren. Sie arrangieren den Transport mit Zollabfertigung, sei es auf dem Land-, Luft- oder Seeweg mit weniger als einer Containerladung oder einer vollen Containerladung.<\/p>\n<p>Website: <a href=\"http:\/\/www.jordaniancoastco.com\" target=\"_blank\" rel=\"noopener\">http:\/\/www.jordaniancoastco.com<\/a><\/p>\n<h2><span class=\"ez-toc-section\" id=\"4_Levant_Express\"><\/span><strong>4. Levante-Express<\/strong><span class=\"ez-toc-section-end\"><\/span><\/h2>\n<p><img loading=\"lazy\" decoding=\"async\" class=\"alignnone size-full wp-image-8392\" src=\"https:\/\/moverdb.com\/wp-content\/uploads\/Levant-Express-international-moving-company.png\" alt=\"Levant Express internationales Umzugsunternehmen\" width=\"1440\" height=\"683\" data-wp-pid=\"8392\" srcset=\"https:\/\/moverdb.com\/wp-content\/uploads\/Levant-Express-international-moving-company.png 1440w, https:\/\/moverdb.com\/wp-content\/uploads\/Levant-Express-international-moving-company-300x142.png 300w, https:\/\/moverdb.com\/wp-content\/uploads\/Levant-Express-international-moving-company-1024x486.png 1024w, https:\/\/moverdb.com\/wp-content\/uploads\/Levant-Express-international-moving-company-18x9.png 18w, https:\/\/moverdb.com\/wp-content\/uploads\/Levant-Express-international-moving-company-600x285.png 600w\" sizes=\"auto, (max-width: 1440px) 100vw, 1440px\" \/><\/p>\n<ul>\n<li>Nationale Umz\u00fcge<\/li>\n<li>Internationale Umz\u00fcge<\/li>\n<li>Umz\u00fcge von Haushalten<\/li>\n<li>Erste Umfrage<\/li>\n<li>Verpackungsservice<\/li>\n<li>Bestandsaufnahme<\/li>\n<li>Transport auf dem Land-, See- und Luftweg<\/li>\n<li>Zollabfertigung<\/li>\n<li>Versicherung<\/li>\n<li>Lagereinrichtungen<\/li>\n<\/ul>\n<p>Levant Express ist ein Anbieter von End-to-End-L\u00f6sungen f\u00fcr die Lieferkette und bietet Umzugsdienste an. Das Unternehmen wurde 1930 gegr\u00fcndet und hat Standorte in Jordanien und <a href=\"https:\/\/moverdb.com\/de\/moving-companies\/moving-companies-lebanon\/\" data-internallinksmanager029f6b8e52c=\"302\" title=\"Die 7 besten internationalen Umzugsunternehmen in Libanon\">Libanon<\/a>. Sie sind seit 93 Jahren Mitglied der IAM und haben dadurch Zugang zu einem internationalen Netz von Umzugsunternehmen, die sie unterst\u00fctzen.<\/p>\n<p>Levant Express bietet eine Umfrage vor dem Umzug an, um das Volumen Ihres Umzugs zu sch\u00e4tzen und einen Kostenvoranschlag zu erstellen. Sie bieten einen Verpackungsservice an, der Ihr Hab und Gut w\u00e4hrend des Transports mit den am besten geeigneten Verpackungsmaterialien wie Kartons und Kisten sch\u00fctzt. Alle Pakete werden beschriftet, und es wird ein Inventar erstellt.<\/p>\n<p>Website: <a href=\"http:\/\/www.levantexpress.net\" target=\"_blank\" rel=\"noopener\">http:\/\/www.levantexpress.net<\/a><\/p>\n<h2><span class=\"ez-toc-section\" id=\"5_Logistimania\"><\/span><strong>5. <\/strong><strong>Logistimania<\/strong><span class=\"ez-toc-section-end\"><\/span><\/h2>\n<p><img loading=\"lazy\" decoding=\"async\" class=\"alignnone size-full wp-image-8337\" src=\"https:\/\/moverdb.com\/wp-content\/uploads\/Logistimania-international-moving-company.png\" alt=\"Logistimania internationales Umzugsunternehmen\" width=\"1440\" height=\"676\" data-wp-pid=\"8337\" srcset=\"https:\/\/moverdb.com\/wp-content\/uploads\/Logistimania-international-moving-company.png 1440w, https:\/\/moverdb.com\/wp-content\/uploads\/Logistimania-international-moving-company-300x141.png 300w, https:\/\/moverdb.com\/wp-content\/uploads\/Logistimania-international-moving-company-1024x481.png 1024w, https:\/\/moverdb.com\/wp-content\/uploads\/Logistimania-international-moving-company-18x8.png 18w, https:\/\/moverdb.com\/wp-content\/uploads\/Logistimania-international-moving-company-600x282.png 600w\" sizes=\"auto, (max-width: 1440px) 100vw, 1440px\" \/><\/p>\n<ul>\n<li>Nationale Umz\u00fcge<\/li>\n<li>Internationale Umz\u00fcge<\/li>\n<li>Umz\u00fcge von Haushalten<\/li>\n<li>Kommerzielle Fracht<\/li>\n<li>Haus-zu-Haus-Dienst<\/li>\n<li>Professioneller Verpackungsdienst<\/li>\n<li>Hochwertige Verpackungsmaterialien<\/li>\n<li>Transport auf dem Luft-, See- und Stra\u00dfenweg<\/li>\n<li>Zollabfertigung<\/li>\n<li>Lagereinrichtungen<\/li>\n<\/ul>\n<p>Logistimania ist ein internationales Umzugs- und Speditionsunternehmen, das in Stockholm gegr\u00fcndet wurde, aber auch eine Niederlassung in Amman, Jordanien, hat. Logistimania unterh\u00e4lt langfristige Beziehungen zu Schifffahrtslinien, Frachtagenten und Spediteuren, um seine Dienstleistungen weltweit anbieten zu k\u00f6nnen, und ist au\u00dferdem Mitglied der IAM.<\/p>\n<p>Logistimania bietet Umzugsdienstleistungen von T\u00fcr zu T\u00fcr an. Sie bieten einen professionellen Verpackungsservice, der hochwertige Verpackungsmaterialien verwendet, um Ihre Gegenst\u00e4nde w\u00e4hrend des Transports zu sch\u00fctzen. Sie arrangieren den Transport auf dem Luft-, See- und Landweg und erledigen bei Bedarf die Zollabfertigung. Sie helfen Ihnen beim Auspacken Ihrer Gegenst\u00e4nde bei der Ankunft.<\/p>\n<p>Website: <a href=\"http:\/\/www.logistimania.com\" target=\"_blank\" rel=\"noopener\">http:\/\/www.logistimania.com<\/a><\/p>\n<h2><span class=\"ez-toc-section\" id=\"6_Naouri_Group\"><\/span><strong>6. Naouri-Gruppe<\/strong><span class=\"ez-toc-section-end\"><\/span><\/h2>\n<p><img loading=\"lazy\" decoding=\"async\" class=\"alignnone size-full wp-image-8347\" src=\"https:\/\/moverdb.com\/wp-content\/uploads\/Naouri-Group-international-moving-company.png\" alt=\"Naouri Group internationales Umzugsunternehmen\" width=\"1440\" height=\"680\" data-wp-pid=\"8347\" srcset=\"https:\/\/moverdb.com\/wp-content\/uploads\/Naouri-Group-international-moving-company.png 1440w, https:\/\/moverdb.com\/wp-content\/uploads\/Naouri-Group-international-moving-company-300x142.png 300w, https:\/\/moverdb.com\/wp-content\/uploads\/Naouri-Group-international-moving-company-1024x484.png 1024w, https:\/\/moverdb.com\/wp-content\/uploads\/Naouri-Group-international-moving-company-18x9.png 18w, https:\/\/moverdb.com\/wp-content\/uploads\/Naouri-Group-international-moving-company-600x283.png 600w\" sizes=\"auto, (max-width: 1440px) 100vw, 1440px\" \/><\/p>\n<ul>\n<li>Nationale Umz\u00fcge<\/li>\n<li>Internationale Umz\u00fcge<\/li>\n<li>Sendungen des Unternehmens<\/li>\n<li>Einzelne Sendungen<\/li>\n<li>Weiterleitung von Projekten<\/li>\n<li>Ma\u00dfgeschneiderter Service<\/li>\n<li>Stra\u00dfen-, See- und Luftverkehr<\/li>\n<li>Gruppierungsoptionen<\/li>\n<li>Zollabfertigung<\/li>\n<li>Containerterminal<\/li>\n<\/ul>\n<p>Die Naouri Group ist ein 1994 gegr\u00fcndetes Speditions- und Logistikunternehmen mit Sitz in Amman und Niederlassungen in <a href=\"https:\/\/moverdb.com\/de\/moving-companies\/moving-companies-iraq\/\" data-internallinksmanager029f6b8e52c=\"314\" title=\"2 beste internationale Umzugsunternehmen im Irak\">Irak<\/a> und Pal\u00e4stina. Sie sind seit 13 Jahren Mitglied der IAM und sind von der FIDI akkreditiert. Diese Verb\u00e4nde verschaffen ihnen Zugang zu einem internationalen Netz von Agenten, die sie bei der Erbringung von Dienstleistungen im Ausland unterst\u00fctzen.<\/p>\n<p>Die Naouri Group bietet einen ma\u00dfgeschneiderten Service f\u00fcr Ihre Anforderungen und ist nach eigenen Angaben eine der f\u00fchrenden Logistikgruppen Jordaniens. Die Naouri Group bietet eine Reihe von Transport- und Speditionsdiensten an, darunter Stra\u00dfen-, Luft- und Seetransporte sowie Sammelgutoptionen f\u00fcr weniger als Containerladungen.<\/p>\n<p>Website: <a href=\"http:\/\/www.naouri.com\" target=\"_blank\" rel=\"noopener\">http:\/\/www.naouri.com<\/a><\/p>","protected":false},"excerpt":{"rendered":"<p>Are you moving home or your business? Then the organisation and paperwork may be starting to daunt you, so you may want the assistance of a moving company. If you are looking to move within, to or from Jordan we have compiled the below list of removal companies that are members of the International Association [&hellip;]<\/p>\n","protected":false},"author":4,"featured_media":0,"parent":190,"menu_order":0,"comment_status":"closed","ping_status":"closed","template":"","meta":{"_genesis_hide_title":false,"_genesis_hide_breadcrumbs":false,"_genesis_hide_singular_image":false,"_genesis_hide_footer_widgets":false,"_genesis_custom_body_class":"","_genesis_custom_post_class":"","_genesis_layout":"","footnotes":""},"class_list":{"0":"post-8390","1":"page","2":"type-page","3":"status-publish","5":"entry","6":"has-post-thumbnail"},"_links":{"self":[{"href":"https:\/\/moverdb.com\/de\/wp-json\/wp\/v2\/pages\/8390","targetHints":{"allow":["GET"]}}],"collection":[{"href":"https:\/\/moverdb.com\/de\/wp-json\/wp\/v2\/pages"}],"about":[{"href":"https:\/\/moverdb.com\/de\/wp-json\/wp\/v2\/types\/page"}],"author":[{"embeddable":true,"href":"https:\/\/moverdb.com\/de\/wp-json\/wp\/v2\/users\/4"}],"replies":[{"embeddable":true,"href":"https:\/\/moverdb.com\/de\/wp-json\/wp\/v2\/comments?post=8390"}],"version-history":[{"count":1,"href":"https:\/\/moverdb.com\/de\/wp-json\/wp\/v2\/pages\/8390\/revisions"}],"predecessor-version":[{"id":8393,"href":"https:\/\/moverdb.com\/de\/wp-json\/wp\/v2\/pages\/8390\/revisions\/8393"}],"up":[{"embeddable":true,"href":"https:\/\/moverdb.com\/de\/wp-json\/wp\/v2\/pages\/190"}],"wp:attachment":[{"href":"https:\/\/moverdb.com\/de\/wp-json\/wp\/v2\/media?parent=8390"}],"curies":[{"name":"wp","href":"https:\/\/api.w.org\/{rel}","templated":true}]}}