{"id":7781,"date":"2023-04-27T14:57:02","date_gmt":"2023-04-27T14:57:02","guid":{"rendered":"https:\/\/moverdb.com\/?page_id=7781"},"modified":"2026-01-08T15:23:46","modified_gmt":"2026-01-08T15:23:46","slug":"moving-companies-jamaica","status":"publish","type":"page","link":"https:\/\/moverdb.com\/de\/moving-companies\/moving-companies-jamaica\/","title":{"rendered":"2 beste internationale Umzugsfirmen in Jamaika"},"content":{"rendered":"<p>Der Umzug Ihres Hauses oder Ihres Unternehmens kann schwierig sein und viel Druck aus\u00fcben, besonders wenn Sie einen Umzug ins Ausland planen. <a href=\"https:\/\/moverdb.com\/de\/moving-companies\/\" data-internallinksmanager029f6b8e52c=\"79\" title=\"Top 25 Internationale Umzugsunternehmen Online\">Umzugsunternehmen<\/a> kann Ihnen wirklich helfen. Im Folgenden haben wir eine Liste von jamaikanischen <a href=\"https:\/\/moverdb.com\/de\/international-removals\/\" data-internallinksmanager029f6b8e52c=\"27\" title=\"36 Beste internationale Umzugsunternehmen in Gro\u00dfbritannien\">Umzugsunternehmen<\/a> die Mitglieder der <a href=\"https:\/\/moverdb.com\/de\/iam\/\" data-internallinksmanager029f6b8e52c=\"23\" title=\"International Association of Movers (IAM) erkl\u00e4rt\">Internationaler Verband der M\u00f6belspediteure<\/a> (IAM) und\/oder <a href=\"https:\/\/moverdb.com\/de\/fidi-faim\/\" data-internallinksmanager029f6b8e52c=\"16\" title=\"FIDI &amp; FAIM (FIDI Accredited International Mover) Erl\u00e4utert\">FIDI<\/a> Accredited International Mover (FAIM), die Ihnen bei Ihrem Umzug helfen k\u00f6nnen.<\/p>\n<h2><strong>1. Aero International Shipping<\/strong><\/h2>\n<p><img loading=\"lazy\" decoding=\"async\" class=\"alignnone size-full wp-image-7656\" src=\"https:\/\/moverdb.com\/wp-content\/uploads\/Aero-International-Shipping-moving-company.png\" alt=\"Aero International Shipping Umzugsunternehmen\" width=\"1440\" height=\"686\" data-wp-pid=\"7656\" srcset=\"https:\/\/moverdb.com\/wp-content\/uploads\/Aero-International-Shipping-moving-company.png 1440w, https:\/\/moverdb.com\/wp-content\/uploads\/Aero-International-Shipping-moving-company-300x143.png 300w, https:\/\/moverdb.com\/wp-content\/uploads\/Aero-International-Shipping-moving-company-1024x488.png 1024w, https:\/\/moverdb.com\/wp-content\/uploads\/Aero-International-Shipping-moving-company-18x9.png 18w, https:\/\/moverdb.com\/wp-content\/uploads\/Aero-International-Shipping-moving-company-600x286.png 600w\" sizes=\"auto, (max-width: 1440px) 100vw, 1440px\" \/><\/p>\n<ul>\n<li><a href=\"https:\/\/moverdb.com\/de\/container-shipping\/\" data-internallinksmanager029f6b8e52c=\"3\" title=\"Chart der internationalen Containerschifffahrtsraten: April 2026\">Internationaler Versand<\/a><\/li>\n<li>Versand von Haushaltswaren<\/li>\n<li>Kommerzielle Schifffahrt<\/li>\n<li>Besondere Projekte<\/li>\n<li>Exportverpackung<\/li>\n<li>Land-, Luft- und Seefracht<\/li>\n<li>Konsolidierungsm\u00f6glichkeiten<\/li>\n<li>Zollabfertigung<\/li>\n<li>Versicherungsschutz<\/li>\n<li>Lagereinrichtungen<\/li>\n<\/ul>\n<p>Aero International Shipping ist ein internationales Transport- und Logistikunternehmen, das auch den Transport von Haushaltswaren anbietet. Das Unternehmen wurde 1974 gegr\u00fcndet und hat seinen Sitz in Kingston. Das Unternehmen arbeitet mit einem internationalen Netzwerk von Agenturen zusammen, um Dienstleistungen in der ganzen Welt zu erbringen. Das Unternehmen ist seit 49 Jahren Mitglied der IAM.<\/p>\n<p>Aero International Shipping bietet kleine bis gro\u00dfe Transportdienstleistungen an. Sie bieten Unterst\u00fctzung bei der Exportverpackung, um sicherzustellen, dass Ihre G\u00fcter f\u00fcr den Transport sicher verpackt sind. Sie arrangieren den Transport auf dem Land-, Luft- und Seeweg mit sorgf\u00e4ltig ausgew\u00e4hlten Routen, Zollabfertigung und Versicherungsschutz. Sie bieten Konsolidierungsoptionen f\u00fcr den Luft- und Seetransport an, um die Kosten zu senken.<\/p>\n<p>Website: <a href=\"http:\/\/www.aerointel.com\/\" target=\"_blank\" rel=\"noopener\">http:\/\/www.aerointel.com\/<\/a><\/p>\n<h2><strong>2. B.L. Williams<\/strong><\/h2>\n<p><img loading=\"lazy\" decoding=\"async\" class=\"alignnone size-full wp-image-7675\" src=\"https:\/\/moverdb.com\/wp-content\/uploads\/Bliss-Moving-international-moving-company.png\" alt=\"BL Williams internationales Umzugsunternehmen\" width=\"1440\" height=\"684\" data-wp-pid=\"7675\" srcset=\"https:\/\/moverdb.com\/wp-content\/uploads\/Bliss-Moving-international-moving-company.png 1440w, https:\/\/moverdb.com\/wp-content\/uploads\/Bliss-Moving-international-moving-company-300x143.png 300w, https:\/\/moverdb.com\/wp-content\/uploads\/Bliss-Moving-international-moving-company-1024x486.png 1024w, https:\/\/moverdb.com\/wp-content\/uploads\/Bliss-Moving-international-moving-company-18x9.png 18w, https:\/\/moverdb.com\/wp-content\/uploads\/Bliss-Moving-international-moving-company-600x285.png 600w\" sizes=\"auto, (max-width: 1440px) 100vw, 1440px\" \/><\/p>\n<ul>\n<li>Nationale Umz\u00fcge<\/li>\n<li>Internationale Umz\u00fcge<\/li>\n<li>Umzug der Haushalte<\/li>\n<li>Haus-zu-Haus-Dienst<\/li>\n<li>Verpackungsservice<\/li>\n<li>See- und Luftfracht<\/li>\n<li>Export- und Importdienstleistungen<\/li>\n<li>Herkunfts- und Bestimmungsortdienste<\/li>\n<li>Transitversicherung<\/li>\n<li>Lagereinrichtungen<\/li>\n<\/ul>\n<p>B.L. Williams ist ein <a href=\"https:\/\/moverdb.com\/de\/freight-forwarder\/\" data-internallinksmanager029f6b8e52c=\"17\" title=\"Leitfaden f\u00fcr internationale Kosten und Unternehmen f\u00fcr Spediteure und NVOCC\">Spediteur<\/a> und internationaler Spediteur, der 1924 gegr\u00fcndet wurde und seinen Sitz in Kingston hat. Sie werden von einem Netz lokaler Agenten unterst\u00fctzt, die in der ganzen Welt t\u00e4tig sind. Das Unternehmen ist seit 34 Jahren Mitglied der IAM.<\/p>\n<p>B.L. Williams bietet einen ersten \u00dcberblick, um Ihre Bed\u00fcrfnisse zu ermitteln und einen Kostenvoranschlag zu erstellen. Sie stellen engagierte Mitarbeiter zur Verf\u00fcgung, die Sie w\u00e4hrend Ihres gesamten Umzugs mit einem T\u00fcr-zu-T\u00fcr-Service unterst\u00fctzen. Sie bieten einen Verpackungsservice an, bei dem eine Vielzahl von Materialien verwendet wird, um Ihr Hab und Gut zu sch\u00fctzen und zu verpacken. Sie organisieren den Transport per See- und Luftfracht, einschlie\u00dflich aller Export- und Importdienste.<\/p>\n<p>Website: <a href=\"http:\/\/www.blwilliams.com\/\" target=\"_blank\" rel=\"noopener\">http:\/\/www.blwilliams.com\/<\/a><\/p>","protected":false},"excerpt":{"rendered":"<p>Moving your home or business can be difficult and add a lot of pressure especially if you are planning a move abroad, so employing a moving company can really assist you. Below we have compiled a list of Jamaican removal companies that are members of the International Association of Movers (IAM) and\/or FIDI Accredited International [&hellip;]<\/p>\n","protected":false},"author":4,"featured_media":0,"parent":190,"menu_order":0,"comment_status":"closed","ping_status":"closed","template":"","meta":{"_genesis_hide_title":false,"_genesis_hide_breadcrumbs":false,"_genesis_hide_singular_image":false,"_genesis_hide_footer_widgets":false,"_genesis_custom_body_class":"","_genesis_custom_post_class":"","_genesis_layout":"","footnotes":""},"class_list":{"0":"post-7781","1":"page","2":"type-page","3":"status-publish","5":"entry","6":"has-post-thumbnail"},"_links":{"self":[{"href":"https:\/\/moverdb.com\/de\/wp-json\/wp\/v2\/pages\/7781","targetHints":{"allow":["GET"]}}],"collection":[{"href":"https:\/\/moverdb.com\/de\/wp-json\/wp\/v2\/pages"}],"about":[{"href":"https:\/\/moverdb.com\/de\/wp-json\/wp\/v2\/types\/page"}],"author":[{"embeddable":true,"href":"https:\/\/moverdb.com\/de\/wp-json\/wp\/v2\/users\/4"}],"replies":[{"embeddable":true,"href":"https:\/\/moverdb.com\/de\/wp-json\/wp\/v2\/comments?post=7781"}],"version-history":[{"count":1,"href":"https:\/\/moverdb.com\/de\/wp-json\/wp\/v2\/pages\/7781\/revisions"}],"predecessor-version":[{"id":7782,"href":"https:\/\/moverdb.com\/de\/wp-json\/wp\/v2\/pages\/7781\/revisions\/7782"}],"up":[{"embeddable":true,"href":"https:\/\/moverdb.com\/de\/wp-json\/wp\/v2\/pages\/190"}],"wp:attachment":[{"href":"https:\/\/moverdb.com\/de\/wp-json\/wp\/v2\/media?parent=7781"}],"curies":[{"name":"wp","href":"https:\/\/api.w.org\/{rel}","templated":true}]}}