{"id":7779,"date":"2023-04-27T14:57:32","date_gmt":"2023-04-27T14:57:32","guid":{"rendered":"https:\/\/moverdb.com\/?page_id=7779"},"modified":"2026-01-08T15:29:20","modified_gmt":"2026-01-08T15:29:20","slug":"moving-companies-israel","status":"publish","type":"page","link":"https:\/\/moverdb.com\/de\/moving-companies\/moving-companies-israel\/","title":{"rendered":"Die 6 besten internationalen Umzugsunternehmen in Israel"},"content":{"rendered":"<p>Der Umzug Ihres Hauses oder Ihres Unternehmens kann stressig sein, daher sollten Sie die Dienste eines <a href=\"https:\/\/moverdb.com\/de\/moving-companies\/\" data-internallinksmanager029f6b8e52c=\"79\" title=\"Top 25 Internationale Umzugsunternehmen Online\">Umzugsunternehmen<\/a> k\u00f6nnte die Arbeitsbelastung verringern und den Umzug erleichtern. Deshalb haben wir im Folgenden eine Liste zusammengestellt mit <a href=\"https:\/\/moverdb.com\/de\/moving-to-israel\/\" data-internallinksmanager029f6b8e52c=\"333\" title=\"Umzug nach Israel? 2026 Lebenshaltungskosten &amp; Umzugstipps\">Israel<\/a> basiert <a href=\"https:\/\/moverdb.com\/de\/international-removals\/\" data-internallinksmanager029f6b8e52c=\"27\" title=\"36 Beste internationale Umzugsunternehmen in Gro\u00dfbritannien\">Umzugsunternehmen<\/a> die Mitglieder der <a href=\"https:\/\/moverdb.com\/de\/iam\/\" data-internallinksmanager029f6b8e52c=\"23\" title=\"International Association of Movers (IAM) erkl\u00e4rt\">Internationaler Verband der M\u00f6belspediteure<\/a> (IAM) und\/oder <a href=\"https:\/\/moverdb.com\/de\/fidi-faim\/\" data-internallinksmanager029f6b8e52c=\"16\" title=\"FIDI &amp; FAIM (FIDI Accredited International Mover) Erl\u00e4utert\">FIDI<\/a> Accredited International Mover (FAIM), die Ihnen bei Ihrem Umzug nach, von oder innerhalb Israels helfen k\u00f6nnen.<\/p>\n<div id=\"ez-toc-container\" class=\"ez-toc-v2_0_82_2 ez-toc-wrap-left counter-hierarchy ez-toc-counter ez-toc-transparent ez-toc-container-direction\">\n<div class=\"ez-toc-title-container\">\n<p class=\"ez-toc-title\" style=\"cursor:inherit\">Rubriken<\/p>\n<span class=\"ez-toc-title-toggle\"><a href=\"#\" class=\"ez-toc-pull-right ez-toc-btn ez-toc-btn-xs ez-toc-btn-default ez-toc-toggle\" aria-label=\"Inhaltsverzeichnis umschalten\"><span class=\"ez-toc-js-icon-con\"><span class=\"\"><span class=\"eztoc-hide\" style=\"display:none;\">Umschalten auf<\/span><span class=\"ez-toc-icon-toggle-span\"><svg style=\"fill: #999;color:#999\" xmlns=\"http:\/\/www.w3.org\/2000\/svg\" class=\"list-377408\" width=\"20px\" height=\"20px\" viewbox=\"0 0 24 24\" fill=\"none\"><path d=\"M6 6H4v2h2V6zm14 0H8v2h12V6zM4 11h2v2H4v-2zm16 0H8v2h12v-2zM4 16h2v2H4v-2zm16 0H8v2h12v-2z\" fill=\"currentColor\"><\/path><\/svg><svg style=\"fill: #999;color:#999\" class=\"arrow-unsorted-368013\" xmlns=\"http:\/\/www.w3.org\/2000\/svg\" width=\"10px\" height=\"10px\" viewbox=\"0 0 24 24\" version=\"1.2\" baseprofile=\"tiny\"><path d=\"M18.2 9.3l-6.2-6.3-6.2 6.3c-.2.2-.3.4-.3.7s.1.5.3.7c.2.2.4.3.7.3h11c.3 0 .5-.1.7-.3.2-.2.3-.5.3-.7s-.1-.5-.3-.7zM5.8 14.7l6.2 6.3 6.2-6.3c.2-.2.3-.5.3-.7s-.1-.5-.3-.7c-.2-.2-.4-.3-.7-.3h-11c-.3 0-.5.1-.7.3-.2.2-.3.5-.3.7s.1.5.3.7z\"\/><\/svg><\/span><\/span><\/span><\/a><\/span><\/div>\n<nav><ul class='ez-toc-list ez-toc-list-level-1 eztoc-toggle-hide-by-default' ><li class='ez-toc-page-1 ez-toc-heading-level-2'><a class=\"ez-toc-link ez-toc-heading-1\" href=\"https:\/\/moverdb.com\/de\/moving-companies\/moving-companies-israel\/#1_Globus_Relocation\" >1. Globus-Umzug<\/a><\/li><li class='ez-toc-page-1 ez-toc-heading-level-2'><a class=\"ez-toc-link ez-toc-heading-2\" href=\"https:\/\/moverdb.com\/de\/moving-companies\/moving-companies-israel\/#2_Infinity_Pack_Ship\" >2. Infinity Pack &amp; Ship<\/a><\/li><li class='ez-toc-page-1 ez-toc-heading-level-2'><a class=\"ez-toc-link ez-toc-heading-3\" href=\"https:\/\/moverdb.com\/de\/moving-companies\/moving-companies-israel\/#3_Ocean\" >3. Ozean<\/a><\/li><li class='ez-toc-page-1 ez-toc-heading-level-2'><a class=\"ez-toc-link ez-toc-heading-4\" href=\"https:\/\/moverdb.com\/de\/moving-companies\/moving-companies-israel\/#4_Sonigo\" >4. Sonigo<\/a><\/li><li class='ez-toc-page-1 ez-toc-heading-level-2'><a class=\"ez-toc-link ez-toc-heading-5\" href=\"https:\/\/moverdb.com\/de\/moving-companies\/moving-companies-israel\/#5_A_Univers_Transit\" >5. A. Univers Transit<\/a><\/li><li class='ez-toc-page-1 ez-toc-heading-level-2'><a class=\"ez-toc-link ez-toc-heading-6\" href=\"https:\/\/moverdb.com\/de\/moving-companies\/moving-companies-israel\/#6_Teamnet\" >6. Teamnet<\/a><\/li><li class='ez-toc-page-1 ez-toc-heading-level-2'><a class=\"ez-toc-link ez-toc-heading-7\" href=\"https:\/\/moverdb.com\/de\/moving-companies\/moving-companies-israel\/#Other_Useful_Guides_to_Israel\" >Andere n\u00fctzliche Reisef\u00fchrer f\u00fcr Israel<\/a><\/li><\/ul><\/nav><\/div>\n<h2><span class=\"ez-toc-section\" id=\"1_Globus_Relocation\"><\/span><strong>1. Globus-Umzug<\/strong><span class=\"ez-toc-section-end\"><\/span><\/h2>\n<p><img loading=\"lazy\" decoding=\"async\" class=\"alignnone size-full wp-image-7699\" src=\"https:\/\/moverdb.com\/wp-content\/uploads\/Globus-Relocation-international-moving-company.png\" alt=\"Globus Relocation internationales Umzugsunternehmen\" width=\"1440\" height=\"681\" data-wp-pid=\"7699\" srcset=\"https:\/\/moverdb.com\/wp-content\/uploads\/Globus-Relocation-international-moving-company.png 1440w, https:\/\/moverdb.com\/wp-content\/uploads\/Globus-Relocation-international-moving-company-300x142.png 300w, https:\/\/moverdb.com\/wp-content\/uploads\/Globus-Relocation-international-moving-company-1024x484.png 1024w, https:\/\/moverdb.com\/wp-content\/uploads\/Globus-Relocation-international-moving-company-18x9.png 18w, https:\/\/moverdb.com\/wp-content\/uploads\/Globus-Relocation-international-moving-company-600x284.png 600w\" sizes=\"auto, (max-width: 1440px) 100vw, 1440px\" \/><\/p>\n<ul>\n<li>Internationale Umz\u00fcge<\/li>\n<li>Pers\u00f6nliche Umz\u00fcge<\/li>\n<li>Kommerzielle Umz\u00fcge<\/li>\n<li>Umzugsdienste<\/li>\n<li>Haus-zu-Haus-Dienst<\/li>\n<li>Hilfe beim Packen<\/li>\n<li>Fortschrittliche und kundenspezifische Verpackungsmaterialien<\/li>\n<li>Land-, See- und Lufttransport<\/li>\n<li>Versicherung<\/li>\n<li>Sichere Lagerung<\/li>\n<\/ul>\n<p>Globus Relocation ist ein internationales Verpackungs- und <a href=\"https:\/\/moverdb.com\/de\/shipping-companies\/\" data-internallinksmanager029f6b8e52c=\"4\" title=\"Top 10 der internationalen Containerschifffahrtsunternehmen\">Schifffahrtsgesellschaft<\/a> die 2014 gegr\u00fcndet wurde und ihren Sitz in Ashdod hat. Sie sind Mitglied der IAM und von der FIDI akkreditiert. Durch diese Mitgliedschaften oder Akkreditierungen haben sie Zugang zu einem internationalen Netzwerk von Agenten.<\/p>\n<p>Globus Relocation stellt Ihnen einen seiner Spezialisten zur Seite, der Sie w\u00e4hrend Ihres gesamten Umzugs unterst\u00fctzt. Sie bieten einen T\u00fcr-zu-T\u00fcr-Service, der modernes Verpackungsmaterial und ma\u00dfgeschneiderte Verpackungsl\u00f6sungen f\u00fcr alle Gegenst\u00e4nde bereith\u00e4lt. Sie arrangieren den Transport Ihres Eigentums auf dem Land-, See- oder Luftweg. Sie bieten zus\u00e4tzliche Umzugsdienstleistungen wie Arbeitsvisa, Wohnungs- und Schulsuche, M\u00f6belverleih, Ankunftsservice und Zimmerm\u00e4dchenservice.<\/p>\n<p>Website: <a href=\"http:\/\/www.globus-relocation.com\" target=\"_blank\" rel=\"noopener\">http:\/\/www.globus-relocation.com<\/a><\/p>\n<h2><span class=\"ez-toc-section\" id=\"2_Infinity_Pack_Ship\"><\/span><strong>2. Infinity Pack &amp; Ship<\/strong><span class=\"ez-toc-section-end\"><\/span><\/h2>\n<p><img loading=\"lazy\" decoding=\"async\" class=\"alignnone size-full wp-image-7707\" src=\"https:\/\/moverdb.com\/wp-content\/uploads\/Infinity-Pack-Ship-international-moving-company.png\" alt=\"Infinity Pack &amp; Ship internationales Umzugsunternehmen\" width=\"1440\" height=\"680\" data-wp-pid=\"7707\" srcset=\"https:\/\/moverdb.com\/wp-content\/uploads\/Infinity-Pack-Ship-international-moving-company.png 1440w, https:\/\/moverdb.com\/wp-content\/uploads\/Infinity-Pack-Ship-international-moving-company-300x142.png 300w, https:\/\/moverdb.com\/wp-content\/uploads\/Infinity-Pack-Ship-international-moving-company-1024x484.png 1024w, https:\/\/moverdb.com\/wp-content\/uploads\/Infinity-Pack-Ship-international-moving-company-18x9.png 18w, https:\/\/moverdb.com\/wp-content\/uploads\/Infinity-Pack-Ship-international-moving-company-600x283.png 600w\" sizes=\"auto, (max-width: 1440px) 100vw, 1440px\" \/><\/p>\n<ul>\n<li>Nationale Umz\u00fcge<\/li>\n<li>Internationale Umz\u00fcge<\/li>\n<li>Umz\u00fcge in Wohnungen<\/li>\n<li>Kommerzielle Sendungen<\/li>\n<li>T\u00fcr-zu-T\u00fcr oder T\u00fcr-zu-T\u00fcr<a href=\"https:\/\/moverdb.com\/de\/top-49-container-ports\/\" data-internallinksmanager029f6b8e52c=\"80\" title=\"Top 49 der gr\u00f6\u00dften und verkehrsreichsten Containerh\u00e4fen im Jahr 2025\">Hafen<\/a> Dienstleistung<\/li>\n<li>Hilfe beim Packen<\/li>\n<li>Stra\u00dfen-, See- und Luftverkehrsdienste<\/li>\n<li>Zollabfertigung<\/li>\n<li>Versicherung<\/li>\n<li>Kurz- bis langfristige Lagerung<\/li>\n<\/ul>\n<p>Infinity Pack &amp; Ship ist ein Umzugs- und Logistikunternehmen, das 2005 in Jerusalem gegr\u00fcndet wurde. Sie arbeiten mit einem internationalen Netzwerk von Umzugs- und Logistikunternehmen zusammen, um ihre Dienstleistungen anzubieten. Das Unternehmen ist seit 16 Jahren Mitglied der IAM.<\/p>\n<p>Infinity Pack &amp; Ship bietet eine kostenlose Hausbesichtigung an und erledigt den gesamten Papierkram f\u00fcr Ihren Umzug, einschlie\u00dflich der Zollabfertigung. Sie stellen ein professionelles Verpackungsteam zur Verf\u00fcgung, das Ihr Hab und Gut sicher verpackt. Infinity Pack &amp; Ship bietet eine Vielzahl von Transportoptionen an, darunter Stra\u00dfentransporte wie geschlossene Airbags, Anh\u00e4nger und K\u00fchltransporte, Luftfracht und Seefracht, z. B. Komplettladungen oder weniger als Container.<\/p>\n<p>Website: <a href=\"http:\/\/infinitypack.co.il\" target=\"_blank\" rel=\"noopener\">http:\/\/infinitypack.co.il<\/a><\/p>\n<h2><span class=\"ez-toc-section\" id=\"3_Ocean\"><\/span><strong>3. <\/strong><strong>Ozean<\/strong><span class=\"ez-toc-section-end\"><\/span><\/h2>\n<p><img loading=\"lazy\" decoding=\"async\" class=\"alignnone size-full wp-image-7731\" src=\"https:\/\/moverdb.com\/wp-content\/uploads\/Ocean-international-moving-company.png\" alt=\"Internationale Umzugsfirma Ocean\" width=\"1440\" height=\"682\" data-wp-pid=\"7731\" srcset=\"https:\/\/moverdb.com\/wp-content\/uploads\/Ocean-international-moving-company.png 1440w, https:\/\/moverdb.com\/wp-content\/uploads\/Ocean-international-moving-company-300x142.png 300w, https:\/\/moverdb.com\/wp-content\/uploads\/Ocean-international-moving-company-1024x485.png 1024w, https:\/\/moverdb.com\/wp-content\/uploads\/Ocean-international-moving-company-18x9.png 18w, https:\/\/moverdb.com\/wp-content\/uploads\/Ocean-international-moving-company-600x284.png 600w\" sizes=\"auto, (max-width: 1440px) 100vw, 1440px\" \/><\/p>\n<ul>\n<li>Internationale Umz\u00fcge<\/li>\n<li>Umz\u00fcge im Haushalt<\/li>\n<li>Umzugsdienste<\/li>\n<li>Kundenmanager zu Ihrer Unterst\u00fctzung<\/li>\n<li>Verpackungsservice<\/li>\n<li>Stra\u00dfen-, See- und Luftverkehr<\/li>\n<li>Zollabfertigung<\/li>\n<li>Verfolgung der Sendung<\/li>\n<li>Akkreditiert durch FIDI<\/li>\n<li>Globale Speicherdienste<\/li>\n<\/ul>\n<p>Ocean ist ein Umzugs- und Relocation-Unternehmen mit Sitz im Kibbutz Yakum. Das Unternehmen arbeitet mit internationalen Partnern zusammen, um internationale Umzugsdienstleistungen anzubieten. Das Unternehmen ist seit 79 Jahren Mitglied der IAM und ist von der FIDI akkreditiert.<\/p>\n<p>Ocean stellt Ihnen einen Relocation Manager zur Seite, der Sie w\u00e4hrend Ihres gesamten Umzugs unterst\u00fctzt und einen Transportplan erstellt. Sie stellen einen Gutachter zur Verf\u00fcgung, der Ihre Bed\u00fcrfnisse beurteilt und einen Plan erstellt, was per Flugzeug, Schiff oder im Gep\u00e4ck transportiert werden soll. Zu den Umzugsdienstleistungen geh\u00f6ren die Suche nach einer Wohnung und Schulen, Akklimatisierungsdienste, vor\u00fcbergehende Unterbringung, M\u00f6belverleih, Arbeitsvisa, Sprachunterricht und Lagerungsl\u00f6sungen.<\/p>\n<p>Website: <a href=\"http:\/\/www.ocean-il.co.il\" target=\"_blank\" rel=\"noopener\">http:\/\/www.ocean-il.co.il<\/a><\/p>\n<h2><span class=\"ez-toc-section\" id=\"4_Sonigo\"><\/span><strong>4. Sonigo<\/strong><span class=\"ez-toc-section-end\"><\/span><\/h2>\n<p><img loading=\"lazy\" decoding=\"async\" class=\"alignnone size-full wp-image-7750\" src=\"https:\/\/moverdb.com\/wp-content\/uploads\/Sonigo-international-moving-company.png\" alt=\"Sonigo internationales Umzugsunternehmen\" width=\"1440\" height=\"679\" data-wp-pid=\"7750\" srcset=\"https:\/\/moverdb.com\/wp-content\/uploads\/Sonigo-international-moving-company.png 1440w, https:\/\/moverdb.com\/wp-content\/uploads\/Sonigo-international-moving-company-300x141.png 300w, https:\/\/moverdb.com\/wp-content\/uploads\/Sonigo-international-moving-company-1024x483.png 1024w, https:\/\/moverdb.com\/wp-content\/uploads\/Sonigo-international-moving-company-18x8.png 18w, https:\/\/moverdb.com\/wp-content\/uploads\/Sonigo-international-moving-company-600x283.png 600w\" sizes=\"auto, (max-width: 1440px) 100vw, 1440px\" \/><\/p>\n<ul>\n<li>Lokale und nationale Umz\u00fcge<\/li>\n<li>Internationale Umz\u00fcge und Verlagerungen<\/li>\n<li>Umz\u00fcge im Haushalt<\/li>\n<li>Kommerzielle Umz\u00fcge<\/li>\n<li>Haus-zu-Haus-Dienst<\/li>\n<li>Verpackungsservice<\/li>\n<li>Zollabfertigung<\/li>\n<li>Handhabung von Kunstwerken<\/li>\n<li>Versicherung<\/li>\n<li>Kurz- und Langzeitlagerung<\/li>\n<\/ul>\n<p>Sonigo ist ein <a href=\"https:\/\/moverdb.com\/de\/container-shipping\/\" data-internallinksmanager029f6b8e52c=\"3\" title=\"Chart der internationalen Containerschifffahrtsraten: April 2026\">internationaler Versand<\/a> Das Unternehmen mit Sitz in Gan Yavne ist seit 1986 t\u00e4tig und bietet Verpackungs- und Versanddienstleistungen f\u00fcr Haushalte und Unternehmen an. Es verf\u00fcgt \u00fcber ein weltweites Netz von handverlesenen internationalen Spediteuren, die es unterst\u00fctzen. Das Unternehmen ist seit 36 Jahren Mitglied der IAM und ist von der FIDI akkreditiert.<\/p>\n<p>Sonigo bietet einen Haus-zu-Haus-Umzugsservice an, der mit einer Vor-Ort-Besichtigung beginnt, um den Bedarf zu ermitteln und einen Kostenvoranschlag zu erstellen. Sie bieten einen professionellen Verpackungsservice, das Ausf\u00fcllen der Unterlagen und die Organisation des Transports. Zu den Umzugsdienstleistungen geh\u00f6ren Visa, Steuerberatung, Wohnungs- und Schulsuche, M\u00f6belverleih, Ankunftsservice, Orientierungsservice und Unterst\u00fctzung bei der Versorgung.<\/p>\n<p>Website: <a href=\"http:\/\/www.sonigo.com\" target=\"_blank\" rel=\"noopener\">http:\/\/www.sonigo.com<\/a><\/p>\n<h2><span class=\"ez-toc-section\" id=\"5_A_Univers_Transit\"><\/span><strong>5. A. Univers Transit<\/strong><span class=\"ez-toc-section-end\"><\/span><\/h2>\n<p><img loading=\"lazy\" decoding=\"async\" class=\"alignnone size-full wp-image-7654\" src=\"https:\/\/moverdb.com\/wp-content\/uploads\/A-Univers-Transit-international-moving-company.png\" alt=\"A Univers Transit Internationales Umzugsunternehmen\" width=\"1440\" height=\"691\" data-wp-pid=\"7654\" srcset=\"https:\/\/moverdb.com\/wp-content\/uploads\/A-Univers-Transit-international-moving-company.png 1440w, https:\/\/moverdb.com\/wp-content\/uploads\/A-Univers-Transit-international-moving-company-300x144.png 300w, https:\/\/moverdb.com\/wp-content\/uploads\/A-Univers-Transit-international-moving-company-1024x491.png 1024w, https:\/\/moverdb.com\/wp-content\/uploads\/A-Univers-Transit-international-moving-company-18x9.png 18w, https:\/\/moverdb.com\/wp-content\/uploads\/A-Univers-Transit-international-moving-company-600x288.png 600w\" sizes=\"auto, (max-width: 1440px) 100vw, 1440px\" \/><\/p>\n<ul>\n<li>Internationale Umz\u00fcge<\/li>\n<li>Umz\u00fcge im Haushalt<\/li>\n<li>Kommerzielle Umz\u00fcge<\/li>\n<li>Umzugsdienste<\/li>\n<li>Haus-zu-Haus-Dienst<\/li>\n<li>Professionelle Verpackung<\/li>\n<li>Luft- und Seetransport<\/li>\n<li>Erledigung des Papierkrams<\/li>\n<li>Haus- und Schulsuche<\/li>\n<li>Sichere Lagerung<\/li>\n<\/ul>\n<p>Univers Transit ist ein in den sp\u00e4ten 1980er Jahren gegr\u00fcndetes Versand-, Transport- und Umzugsunternehmen, das auch Verpackungs- und Lagerl\u00f6sungen anbietet. Das Unternehmen hat Standorte in Tel Aviv, Ashdod und Haifa. Das Unternehmen ist seit 28 Jahren Mitglied der IAM und ist von der FIDI akkreditiert.<\/p>\n<p>Univers Transit bietet einen T\u00fcr-zu-T\u00fcr-Umzugsservice an, der mit einem Beratungsgespr\u00e4ch beginnt, um Ihre Bed\u00fcrfnisse zu ermitteln und einen Umzugsplan zu erstellen. Sie bieten professionelle Verpackungsdienste und geeignete Kartons f\u00fcr Ihr Hab und Gut. Sie beladen die Container und Kartons f\u00fcr den Transport und bringen sie zur Auslieferung zum Flughafen oder Hafen.<\/p>\n<p>Website: <a href=\"http:\/\/www.univers-transit.co.il\" target=\"_blank\" rel=\"noopener\">http:\/\/www.univers-transit.co.il<\/a><\/p>\n<h2><span class=\"ez-toc-section\" id=\"6_Teamnet\"><\/span><strong>6. Teamnet<\/strong><span class=\"ez-toc-section-end\"><\/span><\/h2>\n<p><img loading=\"lazy\" decoding=\"async\" class=\"alignnone size-full wp-image-7752\" src=\"https:\/\/moverdb.com\/wp-content\/uploads\/Teamnet-international-moving-company.png\" alt=\"Teamnet internationales Umzugsunternehmen\" width=\"1440\" height=\"685\" data-wp-pid=\"7752\" srcset=\"https:\/\/moverdb.com\/wp-content\/uploads\/Teamnet-international-moving-company.png 1440w, https:\/\/moverdb.com\/wp-content\/uploads\/Teamnet-international-moving-company-300x143.png 300w, https:\/\/moverdb.com\/wp-content\/uploads\/Teamnet-international-moving-company-1024x487.png 1024w, https:\/\/moverdb.com\/wp-content\/uploads\/Teamnet-international-moving-company-18x9.png 18w, https:\/\/moverdb.com\/wp-content\/uploads\/Teamnet-international-moving-company-600x285.png 600w\" sizes=\"auto, (max-width: 1440px) 100vw, 1440px\" \/><\/p>\n<ul>\n<li>Internationale Umz\u00fcge<\/li>\n<li>Pers\u00f6nliche Umz\u00fcge<\/li>\n<li>Kommerzielle Sendungen<\/li>\n<li>Umzugsdienste<\/li>\n<li>Haus-zu-Haus-Dienst<\/li>\n<li>Verpackungsdienstleistungen<\/li>\n<li>Organisation von Versand oder Luftfracht<\/li>\n<li>Zollformalit\u00e4ten<\/li>\n<li>Versicherung<\/li>\n<li>Lagereinrichtungen<\/li>\n<\/ul>\n<p>Teamnet ist ein Umzugs- und Relocation-Unternehmen mit Sitz in Haifa. Es bietet eine Reihe von Dienstleistungen f\u00fcr Privatpersonen und Unternehmen an, die G\u00fcter nach oder aus Israel transportieren. Teamnet arbeitet mit einem Netzwerk von internationalen Agenten zusammen, um Dienstleistungen au\u00dferhalb Israels anzubieten, und ist Mitglied der IAM.<\/p>\n<p>Teamnet bietet einen T\u00fcr-zu-T\u00fcr-Umzugsservice f\u00fcr aus- und eingehende Kunden in Israel. Sie bieten eine Beratung bei Ihnen zu Hause an, um Ihren Umzugsbedarf zu ermitteln. Sie erstellen einen detaillierten Plan und bieten einen Verpackungsservice mit modernen Verpackungsmaterialien, die f\u00fcr den See- oder Lufttransport geeignet sind. Sie erledigen die Beh\u00f6rden- und Zollformalit\u00e4ten.<\/p>\n<p>Website: <a href=\"http:\/\/www.en.team-net.co.il\" target=\"_blank\" rel=\"noopener\">http:\/\/www.en.team-net.co.il<\/a><\/p>\n<h2><span class=\"ez-toc-section\" id=\"Other_Useful_Guides_to_Israel\"><\/span>Andere n\u00fctzliche Reisef\u00fchrer f\u00fcr Israel<span class=\"ez-toc-section-end\"><\/span><\/h2>\n<ul>\n<li> <a href=\"https:\/\/moverdb.com\/de\/containerschifffahrt\/israel\/\">2024 Seefracht-Container-Tarife von und nach Israel<\/a><\/li>\n<li> <a href=\"https:\/\/moverdb.com\/de\/moving-to-israel\/\">Umzug nach Israel? 2026 Lebenshaltungskosten &amp; Umzugstipps<\/a><\/li>\n<li> <a href=\"https:\/\/moverdb.com\/de\/moving-to-israel\/best-places-to-live-israel\/\">Die 13 besten Orte zum Leben in Israel<\/a><\/li>\n<li> <a href=\"https:\/\/moverdb.com\/de\/moving-to-israel\/living-in-israel\/\">21 Geheimnisse \u00fcber das Leben in Israel, die man vor dem Umzug kennen sollte<\/a><\/li>\n<\/ul>","protected":false},"excerpt":{"rendered":"<p>Moving your home or business can be stressful so employing the services of a moving company could reduce the workload and ease the move. So below we have compiled a list of Israel based removal companies that are members of the International Association of Movers (IAM) and\/or FIDI Accredited International Mover (FAIM) who could assist [&hellip;]<\/p>\n","protected":false},"author":4,"featured_media":0,"parent":190,"menu_order":0,"comment_status":"closed","ping_status":"closed","template":"","meta":{"_genesis_hide_title":false,"_genesis_hide_breadcrumbs":false,"_genesis_hide_singular_image":false,"_genesis_hide_footer_widgets":false,"_genesis_custom_body_class":"","_genesis_custom_post_class":"","_genesis_layout":"","footnotes":""},"class_list":{"0":"post-7779","1":"page","2":"type-page","3":"status-publish","5":"entry","6":"has-post-thumbnail"},"_links":{"self":[{"href":"https:\/\/moverdb.com\/de\/wp-json\/wp\/v2\/pages\/7779","targetHints":{"allow":["GET"]}}],"collection":[{"href":"https:\/\/moverdb.com\/de\/wp-json\/wp\/v2\/pages"}],"about":[{"href":"https:\/\/moverdb.com\/de\/wp-json\/wp\/v2\/types\/page"}],"author":[{"embeddable":true,"href":"https:\/\/moverdb.com\/de\/wp-json\/wp\/v2\/users\/4"}],"replies":[{"embeddable":true,"href":"https:\/\/moverdb.com\/de\/wp-json\/wp\/v2\/comments?post=7779"}],"version-history":[{"count":4,"href":"https:\/\/moverdb.com\/de\/wp-json\/wp\/v2\/pages\/7779\/revisions"}],"predecessor-version":[{"id":17076,"href":"https:\/\/moverdb.com\/de\/wp-json\/wp\/v2\/pages\/7779\/revisions\/17076"}],"up":[{"embeddable":true,"href":"https:\/\/moverdb.com\/de\/wp-json\/wp\/v2\/pages\/190"}],"wp:attachment":[{"href":"https:\/\/moverdb.com\/de\/wp-json\/wp\/v2\/media?parent=7779"}],"curies":[{"name":"wp","href":"https:\/\/api.w.org\/{rel}","templated":true}]}}