{"id":7764,"date":"2023-04-27T14:59:23","date_gmt":"2023-04-27T14:59:23","guid":{"rendered":"https:\/\/moverdb.com\/?page_id=7764"},"modified":"2026-01-08T15:23:45","modified_gmt":"2026-01-08T15:23:45","slug":"moving-companies-iraq","status":"publish","type":"page","link":"https:\/\/moverdb.com\/de\/moving-companies\/moving-companies-iraq\/","title":{"rendered":"2 beste internationale Umzugsunternehmen im Irak"},"content":{"rendered":"<p>Ein Umzug nach Hause oder in ein anderes Land ist nie einfach. Deshalb kann es sehr hilfreich sein, sich Unterst\u00fctzung zu holen, vor allem, wenn Sie zwischen verschiedenen L\u00e4ndern umziehen. Wenn Sie innerhalb des Iraks, in den Irak oder aus dem Irak umziehen, haben wir eine Liste zusammengestellt mit <a href=\"https:\/\/moverdb.com\/de\/international-removals\/\" data-internallinksmanager029f6b8e52c=\"27\" title=\"36 Beste internationale Umzugsunternehmen in Gro\u00dfbritannien\">Umzugsunternehmen<\/a> die Mitglieder der <a href=\"https:\/\/moverdb.com\/de\/iam\/\" data-internallinksmanager029f6b8e52c=\"23\" title=\"International Association of Movers (IAM) erkl\u00e4rt\">Internationaler Verband der M\u00f6belspediteure<\/a> (IAM) und\/oder <a href=\"https:\/\/moverdb.com\/de\/fidi-faim\/\" data-internallinksmanager029f6b8e52c=\"16\" title=\"FIDI &amp; FAIM (FIDI Accredited International Mover) Erl\u00e4utert\">FIDI<\/a> Accredited International Mover (FAIM), die Ihnen bei Ihrem Umzug helfen k\u00f6nnen.<\/p>\n<h2><strong>1. BCC Logistik<\/strong><\/h2>\n<p><img loading=\"lazy\" decoding=\"async\" class=\"alignnone size-full wp-image-7673\" src=\"https:\/\/moverdb.com\/wp-content\/uploads\/BCC-Logistics-international-moving-company.png\" alt=\"BCC Logistics internationales Umzugsunternehmen\" width=\"1440\" height=\"634\" data-wp-pid=\"7673\" srcset=\"https:\/\/moverdb.com\/wp-content\/uploads\/BCC-Logistics-international-moving-company.png 1440w, https:\/\/moverdb.com\/wp-content\/uploads\/BCC-Logistics-international-moving-company-300x132.png 300w, https:\/\/moverdb.com\/wp-content\/uploads\/BCC-Logistics-international-moving-company-1024x451.png 1024w, https:\/\/moverdb.com\/wp-content\/uploads\/BCC-Logistics-international-moving-company-18x8.png 18w, https:\/\/moverdb.com\/wp-content\/uploads\/BCC-Logistics-international-moving-company-600x264.png 600w\" sizes=\"auto, (max-width: 1440px) 100vw, 1440px\" \/><\/p>\n<ul>\n<li>Nationale Umz\u00fcge<\/li>\n<li>Internationale Umz\u00fcge<\/li>\n<li>Umz\u00fcge im Haushalt<\/li>\n<li>Umz\u00fcge von Unternehmen, Diplomaten und Milit\u00e4rs<\/li>\n<li>Umzugsdienst von T\u00fcr zu T\u00fcr<\/li>\n<li>Verpackungsservice<\/li>\n<li>Stra\u00dfen-, See- und Luftfracht<\/li>\n<li>Zollabfertigung<\/li>\n<li>Umgang mit den sch\u00f6nen K\u00fcnsten<\/li>\n<li>Lagereinrichtungen<\/li>\n<\/ul>\n<p>BCC Logistics ist ein weltweit t\u00e4tiges Speditionsunternehmen, das 1993 in <a href=\"https:\/\/moverdb.com\/de\/moving-companies\/moving-companies-lebanon\/\" data-internallinksmanager029f6b8e52c=\"302\" title=\"Die 7 besten internationalen Umzugsunternehmen in Libanon\">Libanon<\/a> mit B\u00fcros in <a href=\"https:\/\/moverdb.com\/de\/moving-to-qatar\/\" data-internallinksmanager029f6b8e52c=\"334\" title=\"Umzug nach Katar? 2026 Lebenshaltungskosten &amp; Umzugstipps\">Katar<\/a>Irak und <a href=\"https:\/\/moverdb.com\/de\/moving-to-saudi-arabia\/\" data-internallinksmanager029f6b8e52c=\"319\" title=\"Umzug nach Saudi-Arabien? 2026 Lebenshaltungskosten &amp; Umzugstipps\">Saudi-Arabien<\/a>. Das irakische B\u00fcro in Erbil wurde 2008 er\u00f6ffnet. Sie verf\u00fcgen \u00fcber ein internationales Netz von Vertretern, die ihre globalen Bem\u00fchungen unterst\u00fctzen. Das Unternehmen ist seit 15 Jahren Mitglied der IAM.<\/p>\n<p>BCC Logistics bietet einen Haus-zu-Haus-Umzugsdienst f\u00fcr nationale und internationale Umz\u00fcge. Sie bieten einen Verpackungsservice, der Seecontainer, Tri-Wall f\u00fcr Lufttransporte und Holz-Lift-Vans umfasst. Sie packen die M\u00f6bel aus, bauen sie auf und entfernen alle Verpackungsreste. Sie arrangieren den Versand auf dem Land-, Luft- oder Seeweg und erledigen die Zollformalit\u00e4ten.<\/p>\n<p>Website: <a href=\"http:\/\/www.bcclogistics.com\" target=\"_blank\" rel=\"noopener\">http:\/\/www.bcclogistics.com<\/a><\/p>\n<h2><strong>2. Paxton<\/strong><\/h2>\n<p><img loading=\"lazy\" decoding=\"async\" class=\"alignnone size-full wp-image-7736\" src=\"https:\/\/moverdb.com\/wp-content\/uploads\/Paxton-international-moving-company.png\" alt=\"Paxton internationales Umzugsunternehmen\" width=\"1440\" height=\"682\" data-wp-pid=\"7736\" srcset=\"https:\/\/moverdb.com\/wp-content\/uploads\/Paxton-international-moving-company.png 1440w, https:\/\/moverdb.com\/wp-content\/uploads\/Paxton-international-moving-company-300x142.png 300w, https:\/\/moverdb.com\/wp-content\/uploads\/Paxton-international-moving-company-1024x485.png 1024w, https:\/\/moverdb.com\/wp-content\/uploads\/Paxton-international-moving-company-18x9.png 18w, https:\/\/moverdb.com\/wp-content\/uploads\/Paxton-international-moving-company-600x284.png 600w\" sizes=\"auto, (max-width: 1440px) 100vw, 1440px\" \/><\/p>\n<ul>\n<li>Nationale Umz\u00fcge<\/li>\n<li>Internationale Umz\u00fcge<\/li>\n<li>Umz\u00fcge von Haushalten<\/li>\n<li>B\u00fcro- und Industrieumz\u00fcge<\/li>\n<li>Haus-zu-Haus-Dienst<\/li>\n<li>Verpackungsservice<\/li>\n<li>Organisation des Transports<\/li>\n<li>Zollabfertigung<\/li>\n<li>Fahrzeugtransport<\/li>\n<li>Sichere Lagereinrichtungen<\/li>\n<\/ul>\n<p>Paxton ist ein lokal und weltweit t\u00e4tiges Unternehmen f\u00fcr Umzugs-, Informations- und Logistikmanagement. Es ist seit \u00fcber 60 Jahren t\u00e4tig und hat Niederlassungen in Amerika, Pakistan und im S\u00fcdsudan, <a href=\"https:\/\/moverdb.com\/de\/moving-to-singapore\/\" data-internallinksmanager029f6b8e52c=\"68\" title=\"Umzug nach Singapur? 2026 Lebenshaltungskosten &amp; Umzugstipps\">Singapur<\/a>Afghanistan und Irak in Bagdad und Erbil. Sie verf\u00fcgen \u00fcber ein Netz ausgew\u00e4hlter Partner, die ihre Dienste international anbieten, und sind Mitglied des IAM.<\/p>\n<p>Paxton bietet einen Haus-zu-Haus-Umzugsdienst auf lokaler, nationaler und internationaler Ebene. Sie bieten einen Verpackungsservice an, um Ihr Hab und Gut w\u00e4hrend des Transports zu sch\u00fctzen, oder eine Do-it-yourself-Option. Sie bieten Transportm\u00f6glichkeiten, die Ihren Bed\u00fcrfnissen und Ihrem Budget am besten entsprechen, und unterst\u00fctzen Sie bei der Zollabfertigung.<\/p>\n<p>Website: <a href=\"http:\/\/www.paxton.com\" target=\"_blank\" rel=\"noopener\">http:\/\/www.paxton.com<\/a><\/p>","protected":false},"excerpt":{"rendered":"<p>Moving home or your business is never straightforward so getting assistance can really help especially if you are moving between countries. If you moving within, to or from Iraq, we have compiled a list of removal companies that are members of the International Association of Movers (IAM) and\/or FIDI Accredited International Mover (FAIM) who could [&hellip;]<\/p>\n","protected":false},"author":4,"featured_media":0,"parent":190,"menu_order":0,"comment_status":"closed","ping_status":"closed","template":"","meta":{"_genesis_hide_title":false,"_genesis_hide_breadcrumbs":false,"_genesis_hide_singular_image":false,"_genesis_hide_footer_widgets":false,"_genesis_custom_body_class":"","_genesis_custom_post_class":"","_genesis_layout":"","footnotes":""},"class_list":{"0":"post-7764","1":"page","2":"type-page","3":"status-publish","5":"entry","6":"has-post-thumbnail"},"_links":{"self":[{"href":"https:\/\/moverdb.com\/de\/wp-json\/wp\/v2\/pages\/7764","targetHints":{"allow":["GET"]}}],"collection":[{"href":"https:\/\/moverdb.com\/de\/wp-json\/wp\/v2\/pages"}],"about":[{"href":"https:\/\/moverdb.com\/de\/wp-json\/wp\/v2\/types\/page"}],"author":[{"embeddable":true,"href":"https:\/\/moverdb.com\/de\/wp-json\/wp\/v2\/users\/4"}],"replies":[{"embeddable":true,"href":"https:\/\/moverdb.com\/de\/wp-json\/wp\/v2\/comments?post=7764"}],"version-history":[{"count":1,"href":"https:\/\/moverdb.com\/de\/wp-json\/wp\/v2\/pages\/7764\/revisions"}],"predecessor-version":[{"id":7765,"href":"https:\/\/moverdb.com\/de\/wp-json\/wp\/v2\/pages\/7764\/revisions\/7765"}],"up":[{"embeddable":true,"href":"https:\/\/moverdb.com\/de\/wp-json\/wp\/v2\/pages\/190"}],"wp:attachment":[{"href":"https:\/\/moverdb.com\/de\/wp-json\/wp\/v2\/media?parent=7764"}],"curies":[{"name":"wp","href":"https:\/\/api.w.org\/{rel}","templated":true}]}}