{"id":7520,"date":"2023-02-01T14:02:23","date_gmt":"2023-02-01T14:02:23","guid":{"rendered":"https:\/\/moverdb.com\/?page_id=7520"},"modified":"2026-01-08T15:29:35","modified_gmt":"2026-01-08T15:29:35","slug":"umzugsunternehmen-ungarn","status":"publish","type":"page","link":"https:\/\/moverdb.com\/de\/moving-companies\/moving-companies-hungary\/","title":{"rendered":"Die 8 besten internationalen Umzugsunternehmen in Ungarn"},"content":{"rendered":"<p>Wenn Sie einen Umzug planen, sollten Sie die Dienste eines Umzugsunternehmens in Anspruch nehmen. <a href=\"https:\/\/moverdb.com\/de\/moving-companies\/\" data-internallinksmanager029f6b8e52c=\"79\" title=\"Top 25 Internationale Umzugsunternehmen Online\">Umzugsunternehmen<\/a> denn sie k\u00f6nnen Ihnen beim Verpacken, beim Transport und bei den Zollbestimmungen helfen. Wenn Sie umziehen nach, von oder innerhalb von <a href=\"https:\/\/moverdb.com\/de\/moving-to-hungary\/\" data-internallinksmanager029f6b8e52c=\"341\" title=\"Umzug nach Ungarn? 2026 Lebenshaltungskosten &amp; Umzugstipps\">Ungarn<\/a>haben wir eine Liste zusammengestellt mit <a href=\"https:\/\/moverdb.com\/de\/international-removals\/\" data-internallinksmanager029f6b8e52c=\"27\" title=\"36 Beste internationale Umzugsunternehmen in Gro\u00dfbritannien\">Umzugsunternehmen<\/a> unten, die Mitglieder der <a href=\"https:\/\/moverdb.com\/de\/iam\/\" data-internallinksmanager029f6b8e52c=\"23\" title=\"International Association of Movers (IAM) erkl\u00e4rt\">Internationaler Verband der M\u00f6belspediteure<\/a> (IAM) und\/oder <a href=\"https:\/\/moverdb.com\/de\/fidi-faim\/\" data-internallinksmanager029f6b8e52c=\"16\" title=\"FIDI &amp; FAIM (FIDI Accredited International Mover) Erl\u00e4utert\">FIDI<\/a> Accredited International Mover (FAIM), die Sie bei Ihrem Umzug unterst\u00fctzen k\u00f6nnen.<\/p>\n<div id=\"ez-toc-container\" class=\"ez-toc-v2_0_82_2 ez-toc-wrap-left counter-hierarchy ez-toc-counter ez-toc-transparent ez-toc-container-direction\">\n<div class=\"ez-toc-title-container\">\n<p class=\"ez-toc-title\" style=\"cursor:inherit\">Rubriken<\/p>\n<span class=\"ez-toc-title-toggle\"><a href=\"#\" class=\"ez-toc-pull-right ez-toc-btn ez-toc-btn-xs ez-toc-btn-default ez-toc-toggle\" aria-label=\"Inhaltsverzeichnis umschalten\"><span class=\"ez-toc-js-icon-con\"><span class=\"\"><span class=\"eztoc-hide\" style=\"display:none;\">Umschalten auf<\/span><span class=\"ez-toc-icon-toggle-span\"><svg style=\"fill: #999;color:#999\" xmlns=\"http:\/\/www.w3.org\/2000\/svg\" class=\"list-377408\" width=\"20px\" height=\"20px\" viewbox=\"0 0 24 24\" fill=\"none\"><path d=\"M6 6H4v2h2V6zm14 0H8v2h12V6zM4 11h2v2H4v-2zm16 0H8v2h12v-2zM4 16h2v2H4v-2zm16 0H8v2h12v-2z\" fill=\"currentColor\"><\/path><\/svg><svg style=\"fill: #999;color:#999\" class=\"arrow-unsorted-368013\" xmlns=\"http:\/\/www.w3.org\/2000\/svg\" width=\"10px\" height=\"10px\" viewbox=\"0 0 24 24\" version=\"1.2\" baseprofile=\"tiny\"><path d=\"M18.2 9.3l-6.2-6.3-6.2 6.3c-.2.2-.3.4-.3.7s.1.5.3.7c.2.2.4.3.7.3h11c.3 0 .5-.1.7-.3.2-.2.3-.5.3-.7s-.1-.5-.3-.7zM5.8 14.7l6.2 6.3 6.2-6.3c.2-.2.3-.5.3-.7s-.1-.5-.3-.7c-.2-.2-.4-.3-.7-.3h-11c-.3 0-.5.1-.7.3-.2.2-.3.5-.3.7s.1.5.3.7z\"\/><\/svg><\/span><\/span><\/span><\/a><\/span><\/div>\n<nav><ul class='ez-toc-list ez-toc-list-level-1 eztoc-toggle-hide-by-default' ><li class='ez-toc-page-1 ez-toc-heading-level-2'><a class=\"ez-toc-link ez-toc-heading-1\" href=\"https:\/\/moverdb.com\/de\/moving-companies\/moving-companies-hungary\/#1_ABC_Ricard\" >1. ABC Ricard<\/a><\/li><li class='ez-toc-page-1 ez-toc-heading-level-2'><a class=\"ez-toc-link ez-toc-heading-2\" href=\"https:\/\/moverdb.com\/de\/moving-companies\/moving-companies-hungary\/#2_Beta_Moving\" >2. Beta Bewegen<\/a><\/li><li class='ez-toc-page-1 ez-toc-heading-level-2'><a class=\"ez-toc-link ez-toc-heading-3\" href=\"https:\/\/moverdb.com\/de\/moving-companies\/moving-companies-hungary\/#3_DB_Schenker\" >3. DB Schenker<\/a><\/li><li class='ez-toc-page-1 ez-toc-heading-level-2'><a class=\"ez-toc-link ez-toc-heading-4\" href=\"https:\/\/moverdb.com\/de\/moving-companies\/moving-companies-hungary\/#4_Euromove\" >4. Euromove<\/a><\/li><li class='ez-toc-page-1 ez-toc-heading-level-2'><a class=\"ez-toc-link ez-toc-heading-5\" href=\"https:\/\/moverdb.com\/de\/moving-companies\/moving-companies-hungary\/#5_Gosselin\" >5. Gosselin<\/a><\/li><li class='ez-toc-page-1 ez-toc-heading-level-2'><a class=\"ez-toc-link ez-toc-heading-6\" href=\"https:\/\/moverdb.com\/de\/moving-companies\/moving-companies-hungary\/#6_MoveArtis\" >6. MoveArtis<\/a><\/li><li class='ez-toc-page-1 ez-toc-heading-level-2'><a class=\"ez-toc-link ez-toc-heading-7\" href=\"https:\/\/moverdb.com\/de\/moving-companies\/moving-companies-hungary\/#7_NSEW_Mobility\" >7. NSEW Mobilit\u00e4t<\/a><\/li><li class='ez-toc-page-1 ez-toc-heading-level-2'><a class=\"ez-toc-link ez-toc-heading-8\" href=\"https:\/\/moverdb.com\/de\/moving-companies\/moving-companies-hungary\/#8_Santa_Fe_Relocation\" >8. Santa Fe Verlegung<\/a><\/li><\/ul><\/nav><\/div>\n<h2><span class=\"ez-toc-section\" id=\"1_ABC_Ricard\"><\/span><strong>1. ABC Ricard<\/strong><span class=\"ez-toc-section-end\"><\/span><\/h2>\n<p><img loading=\"lazy\" decoding=\"async\" class=\"alignnone size-full wp-image-7408\" src=\"https:\/\/moverdb.com\/wp-content\/uploads\/ABC-Ricard-international-moving-company.png\" alt=\"ABC Ricard internationales Umzugsunternehmen\" width=\"1440\" height=\"677\" data-wp-pid=\"7408\" srcset=\"https:\/\/moverdb.com\/wp-content\/uploads\/ABC-Ricard-international-moving-company.png 1440w, https:\/\/moverdb.com\/wp-content\/uploads\/ABC-Ricard-international-moving-company-300x141.png 300w, https:\/\/moverdb.com\/wp-content\/uploads\/ABC-Ricard-international-moving-company-1024x481.png 1024w, https:\/\/moverdb.com\/wp-content\/uploads\/ABC-Ricard-international-moving-company-18x8.png 18w, https:\/\/moverdb.com\/wp-content\/uploads\/ABC-Ricard-international-moving-company-600x282.png 600w\" sizes=\"auto, (max-width: 1440px) 100vw, 1440px\" \/><\/p>\n<ul>\n<li>Nationale Umz\u00fcge<\/li>\n<li>Internationale Umz\u00fcge<\/li>\n<li>Umz\u00fcge im Haushalt<\/li>\n<li>Erste Umfrage<\/li>\n<li>Umz\u00fcge von T\u00fcr zu T\u00fcr<\/li>\n<li>Hochwertige Verpackung<\/li>\n<li>Kundenspezifische Boxen<\/li>\n<li>Transport organisieren<\/li>\n<li>Erledigung der Zollformalit\u00e4ten<\/li>\n<li>All-Risk-Versicherung<\/li>\n<\/ul>\n<p>ABC Ricard ist ein weltweites Umzugsunternehmen mit einem operativen Niederlassungsnetz in Mitteleuropa mit B\u00fcros in <a href=\"https:\/\/moverdb.com\/de\/moving-to-france\/\" data-internallinksmanager029f6b8e52c=\"315\" title=\"Umzug nach Frankreich? 2026 Lebenshaltungskosten &amp; Umzugstipps\">Frankreich<\/a>, <a href=\"https:\/\/moverdb.com\/de\/moving-to-poland\/\" data-internallinksmanager029f6b8e52c=\"378\" title=\"Umzug nach Polen? 2026 Lebenshaltungskosten &amp; Umzugstipps\">Polen<\/a> und Ungarn in Budapest. Das Unternehmen wurde 1958 in Frankreich gegr\u00fcndet, und die erste Niederlassung befand sich in Budapest. Sie sind mit gr\u00f6\u00dferen globalen Netzwerken verbunden, um ihre Reichweite zu vergr\u00f6\u00dfern, und sind unter anderem Mitglied der IAM.<\/p>\n<p>ABC Ricard bietet einen pers\u00f6nlichen Service, der mit einer Untersuchung durch einen Berater beginnt, der Ihren Umzug plant. Er hilft Ihnen bei der Auswahl des besten Transportmittels f\u00fcr Ihren Umzug und k\u00fcmmert sich um die Formalit\u00e4ten und Unterlagen, die f\u00fcr den Umzug ins Ausland erforderlich sind.<\/p>\n<p>Website: <a href=\"http:\/\/www.abcricardfl.com\" target=\"_blank\" rel=\"noopener\">http:\/\/www.abcricardfl.com<\/a><\/p>\n<h2><span class=\"ez-toc-section\" id=\"2_Beta_Moving\"><\/span><strong>2. Beta Bewegen<\/strong><span class=\"ez-toc-section-end\"><\/span><\/h2>\n<p><img loading=\"lazy\" decoding=\"async\" class=\"alignnone size-full wp-image-7419\" src=\"https:\/\/moverdb.com\/wp-content\/uploads\/Beta-Moving-international-moving-company.png\" alt=\"Beta Moving internationales Umzugsunternehmen\" width=\"1440\" height=\"679\" data-wp-pid=\"7419\" srcset=\"https:\/\/moverdb.com\/wp-content\/uploads\/Beta-Moving-international-moving-company.png 1440w, https:\/\/moverdb.com\/wp-content\/uploads\/Beta-Moving-international-moving-company-300x141.png 300w, https:\/\/moverdb.com\/wp-content\/uploads\/Beta-Moving-international-moving-company-1024x483.png 1024w, https:\/\/moverdb.com\/wp-content\/uploads\/Beta-Moving-international-moving-company-18x8.png 18w, https:\/\/moverdb.com\/wp-content\/uploads\/Beta-Moving-international-moving-company-600x283.png 600w\" sizes=\"auto, (max-width: 1440px) 100vw, 1440px\" \/><\/p>\n<ul>\n<li>Nationale Umz\u00fcge<\/li>\n<li>Internationale Umz\u00fcge<\/li>\n<li>Umzugsservice<\/li>\n<li>Umz\u00fcge von Haushalten und B\u00fcros<\/li>\n<li>Umzugsdienst von T\u00fcr zu T\u00fcr<\/li>\n<li>Verpackungsservice<\/li>\n<li>Stra\u00dfen-, See- und Luftverkehr<\/li>\n<li>Zollabfertigung<\/li>\n<li>Versicherung<\/li>\n<li>Lagereinrichtungen<\/li>\n<\/ul>\n<p>Beta Moving ist ein internationales Umzugsunternehmen, das 2016 in Budapest gegr\u00fcndet wurde und nationale und internationale Umz\u00fcge und Relocation Services anbietet. Sie arbeiten mit internationalen Partnern zusammen, um Umz\u00fcge und Umzugsdienstleistungen auf der ganzen Welt anzubieten. Das Unternehmen ist seit sieben Jahren Mitglied der IAM.<\/p>\n<p>Beta Moving bietet ma\u00dfgeschneiderte Umzugsl\u00f6sungen mit einem Haus-zu-Haus-Service, der das Verpacken, den Transport auf der Stra\u00dfe, auf dem Luft- oder Seeweg, die Zollabfertigung, das Auspacken und die Beseitigung von Tr\u00fcmmern umfasst. Der Umzugsservice umfasst auch die Arbeitserlaubnis und die Anmeldung des Arbeitsplatzes. Dar\u00fcber hinaus bietet Beta Moving zus\u00e4tzliche Dienstleistungen wie den Umzug von Haustieren, den Transport von Fahrzeugen, Handwerkerdienste, Versicherungen und Lagerm\u00f6glichkeiten an.<\/p>\n<p>Website: <a href=\"https:\/\/www.betamoving.com\" target=\"_blank\" rel=\"noopener\">https:\/\/www.betamoving.com<\/a><\/p>\n<h2><span class=\"ez-toc-section\" id=\"3_DB_Schenker\"><\/span><strong>3. DB Schenker<\/strong><span class=\"ez-toc-section-end\"><\/span><\/h2>\n<p><img loading=\"lazy\" decoding=\"async\" class=\"alignnone size-full wp-image-7433\" src=\"https:\/\/moverdb.com\/wp-content\/uploads\/DB-Schenker-Hungary-international-moving-company.png\" alt=\"DB Schenker Ungarn internationales Umzugsunternehmen\" width=\"1440\" height=\"664\" data-wp-pid=\"7433\" srcset=\"https:\/\/moverdb.com\/wp-content\/uploads\/DB-Schenker-Hungary-international-moving-company.png 1440w, https:\/\/moverdb.com\/wp-content\/uploads\/DB-Schenker-Hungary-international-moving-company-300x138.png 300w, https:\/\/moverdb.com\/wp-content\/uploads\/DB-Schenker-Hungary-international-moving-company-1024x472.png 1024w, https:\/\/moverdb.com\/wp-content\/uploads\/DB-Schenker-Hungary-international-moving-company-18x8.png 18w, https:\/\/moverdb.com\/wp-content\/uploads\/DB-Schenker-Hungary-international-moving-company-600x277.png 600w\" sizes=\"auto, (max-width: 1440px) 100vw, 1440px\" \/><\/p>\n<ul>\n<li>Nationale Umz\u00fcge<\/li>\n<li>Internationale Umz\u00fcge<\/li>\n<li>Wohnsitzverlagerung<\/li>\n<li>B\u00fcroumzug<\/li>\n<li>Hochwertige Verpackungsmaterialien<\/li>\n<li>Land-, See- und Luftverkehr<\/li>\n<li>Unterst\u00fctzung durch den Zoll<\/li>\n<li>Fahrzeugtransport<\/li>\n<li>Transport von Haustieren<\/li>\n<li>Lagereinrichtungen<\/li>\n<\/ul>\n<p>DB Schenker ist ein globaler Logistikdienstleister, der seit \u00fcber 140 Jahren t\u00e4tig ist und in Wien gegr\u00fcndet wurde. Das Unternehmen hat Niederlassungen in der ganzen Welt, darunter auch in Ungarn, wo 1874 eine Niederlassung in Budapest gegr\u00fcndet wurde. Das Unternehmen ist Mitglied der IAM und hat Zugang zu deren internationalem Netzwerk.<\/p>\n<p>DB Schenker bietet eine erste Beratung und eine Besichtigung vor Ort, um Ihren Umzug zu planen. DB Schenker stellt hochwertiges Verpackungsmaterial zum Schutz Ihres Eigentums zur Verf\u00fcgung und bietet Ihnen die M\u00f6glichkeit, Ihre Sendung \u00fcber einen Online-Tracker zu verfolgen. Dar\u00fcber hinaus bietet DB Schenker zus\u00e4tzliche Dienstleistungen wie Fahrzeugtransport, Transport von Haustieren, Lieferung von Kunstwerken, Versicherung und Lagerung.<\/p>\n<p>Website: <a href=\"http:\/\/www.dbschenker.hu\" target=\"_blank\" rel=\"noopener\">http:\/\/www.dbschenker.hu<\/a><\/p>\n<h2><span class=\"ez-toc-section\" id=\"4_Euromove\"><\/span><strong>4. Euromove<\/strong><span class=\"ez-toc-section-end\"><\/span><\/h2>\n<p><img loading=\"lazy\" decoding=\"async\" class=\"alignnone size-full wp-image-7439\" src=\"https:\/\/moverdb.com\/wp-content\/uploads\/Euromove-international-moving-company.png\" alt=\"Euromove internationales Umzugsunternehmen\" width=\"1440\" height=\"683\" data-wp-pid=\"7439\" srcset=\"https:\/\/moverdb.com\/wp-content\/uploads\/Euromove-international-moving-company.png 1440w, https:\/\/moverdb.com\/wp-content\/uploads\/Euromove-international-moving-company-300x142.png 300w, https:\/\/moverdb.com\/wp-content\/uploads\/Euromove-international-moving-company-1024x486.png 1024w, https:\/\/moverdb.com\/wp-content\/uploads\/Euromove-international-moving-company-18x9.png 18w, https:\/\/moverdb.com\/wp-content\/uploads\/Euromove-international-moving-company-600x285.png 600w\" sizes=\"auto, (max-width: 1440px) 100vw, 1440px\" \/><\/p>\n<ul>\n<li>Nationale Umz\u00fcge<\/li>\n<li>Internationale Umz\u00fcge<\/li>\n<li>Umzugs-Pakete<\/li>\n<li>Umz\u00fcge von Haushalten<\/li>\n<li>B\u00fcroumz\u00fcge<\/li>\n<li>Verpackungsservice<\/li>\n<li>Stra\u00dfen-, See- oder Lufttransport<\/li>\n<li>Zollabfertigung<\/li>\n<li>Versand von Spezialartikeln<\/li>\n<li>Lagereinrichtungen<\/li>\n<\/ul>\n<p>Euromove ist ein internationales Umzugsunternehmen mit Sitz in Budapest, das 1998 gegr\u00fcndet wurde. Das Unternehmen verf\u00fcgt \u00fcber ein gro\u00dfes Netzwerk von Partnern, die es ihm erm\u00f6glichen, Umzugsdienstleistungen \u00fcberall auf der Welt anzubieten. Euromove ist seit 25 Jahren Mitglied der IAM und ist von der FIDI akkreditiert.<\/p>\n<p>Euromove bietet personalisierte Umzugsdienstleistungen und Umzugspakete an, die auch spezielle Gegenst\u00e4nde wie Kunstgegenst\u00e4nde, Autos oder Haustiere umfassen k\u00f6nnen. Sie bieten ihre Dienstleistungen nach internationalen Standards an, einschlie\u00dflich ihres Verpackungsservices. Sie arrangieren den Transport auf der Stra\u00dfe, per Flugzeug oder auf dem Seeweg, einschlie\u00dflich Sammelgutoptionen, und bieten Unterst\u00fctzung bei der Zollabfertigung.<\/p>\n<p>Website: <a href=\"https:\/\/www.euromove.hu\/en\" target=\"_blank\" rel=\"noopener\">https:\/\/www.euromove.hu\/en<\/a><\/p>\n<h2><span class=\"ez-toc-section\" id=\"5_Gosselin\"><\/span><strong>5. Gosselin<\/strong><span class=\"ez-toc-section-end\"><\/span><\/h2>\n<p><img loading=\"lazy\" decoding=\"async\" class=\"alignnone size-full wp-image-7447\" src=\"https:\/\/moverdb.com\/wp-content\/uploads\/Gosselin-Hungary-international-moving-company.png\" alt=\"Gosselin Ungarn internationales Umzugsunternehmen\" width=\"1440\" height=\"678\" data-wp-pid=\"7447\" srcset=\"https:\/\/moverdb.com\/wp-content\/uploads\/Gosselin-Hungary-international-moving-company.png 1440w, https:\/\/moverdb.com\/wp-content\/uploads\/Gosselin-Hungary-international-moving-company-300x141.png 300w, https:\/\/moverdb.com\/wp-content\/uploads\/Gosselin-Hungary-international-moving-company-1024x482.png 1024w, https:\/\/moverdb.com\/wp-content\/uploads\/Gosselin-Hungary-international-moving-company-18x8.png 18w, https:\/\/moverdb.com\/wp-content\/uploads\/Gosselin-Hungary-international-moving-company-600x283.png 600w\" sizes=\"auto, (max-width: 1440px) 100vw, 1440px\" \/><\/p>\n<ul>\n<li>Nationale Umz\u00fcge<\/li>\n<li>Internationale Umz\u00fcge<\/li>\n<li>Umz\u00fcge im Haushalt<\/li>\n<li>B\u00fcroumz\u00fcge<\/li>\n<li>Verpackungsservice<\/li>\n<li>Organisation des Transports<\/li>\n<li>Transport von Kunstwerken<\/li>\n<li>Umsiedlung von Haustieren<\/li>\n<li>Fahrzeugtransport<\/li>\n<li>Kurz- bis langfristige Lagerung<\/li>\n<\/ul>\n<p>Gosselin ist ein internationales Umzugs- und Logistikunternehmen, das 1930 in Berlin gegr\u00fcndet wurde. <a href=\"https:\/\/moverdb.com\/de\/moving-to-belgium\/\" data-internallinksmanager029f6b8e52c=\"323\" title=\"Umzug nach Belgien? 2026 Lebenshaltungskosten &amp; Umzugstipps\">Belgien<\/a> und hat Niederlassungen in ganz Europa, darunter eine in Budapest, Ungarn. Das Unternehmen ist Mitglied der IAM und kann auf 24 Jahre Erfahrung zur\u00fcckblicken. Sie nutzen ihre Niederlassungen und internationalen Netzwerke, um Umz\u00fcge \u00fcberall auf der Welt anzubieten.<\/p>\n<p>Gosselin bietet einen professionellen Verpackungsservice, um Ihr Hab und Gut mit hochwertigem Verpackungsmaterial, einer Vielzahl von Spezialkartons und ma\u00dfgeschneiderten Kisten zu sch\u00fctzen. Sie treffen alle Vorkehrungen f\u00fcr Ihren Umzug und helfen bei der Dokumentation. Sie bieten auch spezielle Transportdienste an, die den Transport von Kunstgegenst\u00e4nden, Haustieren und Fahrzeugen umfassen.<\/p>\n<p>Website: <a href=\"https:\/\/gosselin-moving.com\/en\/hungary-slovakia\" target=\"_blank\" rel=\"noopener\">https:\/\/gosselin-moving.com\/en\/hungary-slovakia<\/a><\/p>\n<h2><span class=\"ez-toc-section\" id=\"6_MoveArtis\"><\/span><strong>6. MoveArtis<\/strong><span class=\"ez-toc-section-end\"><\/span><\/h2>\n<p><img loading=\"lazy\" decoding=\"async\" class=\"alignnone size-full wp-image-7468\" src=\"https:\/\/moverdb.com\/wp-content\/uploads\/MoveArtis-international-moving-company.png\" alt=\"MoveArtis internationales Umzugsunternehmen\" width=\"1440\" height=\"682\" data-wp-pid=\"7468\" srcset=\"https:\/\/moverdb.com\/wp-content\/uploads\/MoveArtis-international-moving-company.png 1440w, https:\/\/moverdb.com\/wp-content\/uploads\/MoveArtis-international-moving-company-300x142.png 300w, https:\/\/moverdb.com\/wp-content\/uploads\/MoveArtis-international-moving-company-1024x485.png 1024w, https:\/\/moverdb.com\/wp-content\/uploads\/MoveArtis-international-moving-company-18x9.png 18w, https:\/\/moverdb.com\/wp-content\/uploads\/MoveArtis-international-moving-company-600x284.png 600w\" sizes=\"auto, (max-width: 1440px) 100vw, 1440px\" \/><\/p>\n<ul>\n<li>Nationale Umz\u00fcge<\/li>\n<li>Internationale Umz\u00fcge<\/li>\n<li>Umz\u00fcge in Wohnungen<\/li>\n<li>B\u00fcroverlagerungen<\/li>\n<li>Haus-zu-Haus-Dienst<\/li>\n<li>Verpackungsoptionen<\/li>\n<li>Stra\u00dfen-, See- und Luftverkehr<\/li>\n<li>Zollabfertigung<\/li>\n<li>Versicherung<\/li>\n<li>Lagereinrichtungen<\/li>\n<\/ul>\n<p>MoveArtis ist ein ungarisches internationales Umzugsunternehmen in Familienbesitz mit Sitz in Budapest. Sie haben ein internationales Netzwerk von Partnern auf der ganzen Welt, die sie bei Umz\u00fcgen \u00fcberall unterst\u00fctzen. Sie sind Mitglied der IAM mit 12 Jahren Erfahrung.<\/p>\n<p>MoveArtis bietet eine ma\u00dfgeschneiderte Umzugsl\u00f6sung, die einen T\u00fcr-zu-T\u00fcr-Service f\u00fcr internationale Umz\u00fcge bietet. MoveArtis bietet eine Reihe von Verpackungsmaterialien an, die f\u00fcr eine Vielzahl von Gegenst\u00e4nden geeignet sind, darunter auch speziell entwickelte Kartons. Sie helfen beim Transport, einschlie\u00dflich Luftfracht und Seefracht, wie z.B. volle Containerladungen und weniger als Containerladungen, und sie helfen bei der Zollabfertigung.<\/p>\n<p>Website: <a href=\"http:\/\/www.moveartis.com\" target=\"_blank\" rel=\"noopener\">http:\/\/www.moveartis.com<\/a><\/p>\n<h2><span class=\"ez-toc-section\" id=\"7_NSEW_Mobility\"><\/span><strong>7. NSEW Mobilit\u00e4t<\/strong><span class=\"ez-toc-section-end\"><\/span><\/h2>\n<p><img loading=\"lazy\" decoding=\"async\" class=\"alignnone size-full wp-image-7473\" src=\"https:\/\/moverdb.com\/wp-content\/uploads\/NSEW-Mobility-international-moving-company.png\" alt=\"NSEW Mobility internationales Umzugsunternehmen\" width=\"1440\" height=\"681\" data-wp-pid=\"7473\" srcset=\"https:\/\/moverdb.com\/wp-content\/uploads\/NSEW-Mobility-international-moving-company.png 1440w, https:\/\/moverdb.com\/wp-content\/uploads\/NSEW-Mobility-international-moving-company-300x142.png 300w, https:\/\/moverdb.com\/wp-content\/uploads\/NSEW-Mobility-international-moving-company-1024x484.png 1024w, https:\/\/moverdb.com\/wp-content\/uploads\/NSEW-Mobility-international-moving-company-18x9.png 18w, https:\/\/moverdb.com\/wp-content\/uploads\/NSEW-Mobility-international-moving-company-600x284.png 600w\" sizes=\"auto, (max-width: 1440px) 100vw, 1440px\" \/><\/p>\n<ul>\n<li>Nationale Umz\u00fcge<\/li>\n<li>Internationale Umz\u00fcge<\/li>\n<li>Umzugsdienste<\/li>\n<li>Haus-zu-Haus-Dienst<\/li>\n<li>Verpackungsdienstleistungen<\/li>\n<li>Stra\u00dfen-, Luft- und Seetransport<\/li>\n<li>Zollabfertigung<\/li>\n<li><a href=\"https:\/\/moverdb.com\/de\/car-transport-shipping\/\" data-internallinksmanager029f6b8e52c=\"2\" title=\"2026 Internationale Autotransporte &amp; Angebote f\u00fcr Fahrzeugtransporte\">Transport von Fahrzeugen<\/a><\/li>\n<li>Versicherung<\/li>\n<li>Sichere kurz- bis langfristige Lagerm\u00f6glichkeiten<\/li>\n<\/ul>\n<p>NSEW Mobility ist ein unabh\u00e4ngiges Umzugs- und Relocation-Unternehmen mit Sitz in Budapest. Sie bieten Umzugsdienstleistungen in Ungarn an, <a href=\"https:\/\/moverdb.com\/de\/moving-to-austria\/\" data-internallinksmanager029f6b8e52c=\"343\" title=\"Umzug nach \u00d6sterreich? 2026 Lebenshaltungskosten &amp; Umzugstipps\">\u00d6sterreich<\/a>, <a href=\"https:\/\/moverdb.com\/de\/moving-to-croatia\/\" data-internallinksmanager029f6b8e52c=\"428\" title=\"Umzug nach Kroatien? 2026 Lebenshaltungskosten &amp; Umzugstipps\">Kroatien<\/a>, <a href=\"https:\/\/moverdb.com\/de\/moving-to-germany\/\" data-internallinksmanager029f6b8e52c=\"321\" title=\"Umzug nach Deutschland? 2026 Lebenshaltungskosten &amp; Umzugstipps\">Deutschland<\/a>, Rum\u00e4nien, <a href=\"https:\/\/moverdb.com\/de\/moving-to-slovakia\/\" data-internallinksmanager029f6b8e52c=\"338\" title=\"Umzug in die Slowakei? 2026 Lebenshaltungskosten &amp; Umzugstipps\">Slowakei<\/a>, <a href=\"https:\/\/moverdb.com\/de\/moving-to-slovenia\/\" data-internallinksmanager029f6b8e52c=\"392\" title=\"Umzug nach Slowenien? 2026 Lebenshaltungskosten &amp; Umzugstipps\">Slowenien<\/a> und <a href=\"https:\/\/moverdb.com\/de\/moving-to-switzerland\/\" data-internallinksmanager029f6b8e52c=\"327\" title=\"Umzug in die Schweiz? 2026 Lebenshaltungskosten &amp; Umzugstipps\">Schweiz<\/a>und arbeiten mit internationalen Partnern zusammen, um Umz\u00fcge in Europa und weltweit durchzuf\u00fchren. Das Unternehmen bietet seit \u00fcber 20 Jahren Umzugsdienstleistungen an und ist Mitglied der IAM.<\/p>\n<p>NSEW Mobility bietet kostenlose Besichtigungen vor Ort, erstellt Kostenvoranschl\u00e4ge und stellt einen Umzugskoordinator zur Verf\u00fcgung. Sie bieten einen T\u00fcr-zu-T\u00fcr-Service f\u00fcr Umz\u00fcge und Verlagerungen an, der das Verpacken Ihrer Wohnung und die Abwicklung Ihres Transports auf dem Land-, Luft- und Seeweg mit Zollabfertigung umfasst. Der Umzugsservice umfasst auch Visa- und Einwanderungsangelegenheiten, die Suche nach einer Wohnung und einer Schule sowie Eingew\u00f6hnungsservice.<\/p>\n<p>Website: <a href=\"https:\/\/nsew-mobility.com\/\" target=\"_blank\" rel=\"noopener\">https:\/\/nsew-mobility.com\/<\/a><\/p>\n<h2><span class=\"ez-toc-section\" id=\"8_Santa_Fe_Relocation\"><\/span><strong>8. Santa Fe Verlegung<\/strong><span class=\"ez-toc-section-end\"><\/span><\/h2>\n<p><img loading=\"lazy\" decoding=\"async\" class=\"alignnone size-full wp-image-7483\" src=\"https:\/\/moverdb.com\/wp-content\/uploads\/Santa-Fe-Hungary-international-moving-company.png\" alt=\"Internationales Umzugsunternehmen Santa Fe Hungary\" width=\"1440\" height=\"652\" data-wp-pid=\"7483\" srcset=\"https:\/\/moverdb.com\/wp-content\/uploads\/Santa-Fe-Hungary-international-moving-company.png 1440w, https:\/\/moverdb.com\/wp-content\/uploads\/Santa-Fe-Hungary-international-moving-company-300x136.png 300w, https:\/\/moverdb.com\/wp-content\/uploads\/Santa-Fe-Hungary-international-moving-company-1024x464.png 1024w, https:\/\/moverdb.com\/wp-content\/uploads\/Santa-Fe-Hungary-international-moving-company-18x8.png 18w, https:\/\/moverdb.com\/wp-content\/uploads\/Santa-Fe-Hungary-international-moving-company-600x272.png 600w\" sizes=\"auto, (max-width: 1440px) 100vw, 1440px\" \/><\/p>\n<ul>\n<li>Nationale Umz\u00fcge<\/li>\n<li>Internationale Umz\u00fcge<\/li>\n<li>Umz\u00fcge von Haushalten<\/li>\n<li>Unternehmensverlagerungen<\/li>\n<li>Verpackungsservice<\/li>\n<li>Transport auf der Stra\u00dfe, zur See oder in der Luft<\/li>\n<li>Zollabfertigung<\/li>\n<li>Transport von Haustieren und Fahrzeugen<\/li>\n<li>Schutz der Sendungen<\/li>\n<li>Kurz- bis langfristige Lagerung<\/li>\n<\/ul>\n<p>Santa Fe Relocation ist ein internationales Umzugs- und Relocation-Unternehmen mit 64 Niederlassungen in 38 L\u00e4ndern. Ihre ungarische Niederlassung in Budapest er\u00f6ffnete sie 1993. Santa Fe Relocation ist seit 30 Jahren Mitglied der IAM und ist von der FIDI akkreditiert.<\/p>\n<p>Santa Fe Relocation bietet eine Beratung vor dem Umzug und eine Besichtigung Ihrer Wohnung an, um Ihre Bed\u00fcrfnisse zu ermitteln. Sie verpacken Ihr Hab und Gut und organisieren den Transport auf dem Land-, See- oder Luftweg und helfen bei der Zollabfertigung. Das Unternehmen bietet eine Reihe von Zusatzleistungen an, darunter Transportschutz, Umzug von Haustieren, Fahrzeugtransport, Lagerung, Wohnungs- und Schulsuche, Eingew\u00f6hnung, Unterst\u00fctzung bei der Abreise und Visa.<\/p>\n<p>Website: <a href=\"https:\/\/www.santaferelo.com\/en\/contact\/our-offices\/hungary-budapest\/\" target=\"_blank\" rel=\"noopener\">https:\/\/www.santaferelo.com\/en\/contact\/our-offices\/hungary-budapest\/<\/a><\/p>","protected":false},"excerpt":{"rendered":"<p>If you are planning a move then you may want to enlist the services of a moving company as they can help with packing, transportation and customs regulations. If you are moving to, from or within Hungary, we have compiled a list of removal companies below that are members of the International Association of Movers [&hellip;]<\/p>\n","protected":false},"author":4,"featured_media":0,"parent":190,"menu_order":0,"comment_status":"closed","ping_status":"closed","template":"","meta":{"_genesis_hide_title":false,"_genesis_hide_breadcrumbs":false,"_genesis_hide_singular_image":false,"_genesis_hide_footer_widgets":false,"_genesis_custom_body_class":"","_genesis_custom_post_class":"","_genesis_layout":"","footnotes":""},"class_list":{"0":"post-7520","1":"page","2":"type-page","3":"status-publish","5":"entry","6":"has-post-thumbnail"},"_links":{"self":[{"href":"https:\/\/moverdb.com\/de\/wp-json\/wp\/v2\/pages\/7520","targetHints":{"allow":["GET"]}}],"collection":[{"href":"https:\/\/moverdb.com\/de\/wp-json\/wp\/v2\/pages"}],"about":[{"href":"https:\/\/moverdb.com\/de\/wp-json\/wp\/v2\/types\/page"}],"author":[{"embeddable":true,"href":"https:\/\/moverdb.com\/de\/wp-json\/wp\/v2\/users\/4"}],"replies":[{"embeddable":true,"href":"https:\/\/moverdb.com\/de\/wp-json\/wp\/v2\/comments?post=7520"}],"version-history":[{"count":1,"href":"https:\/\/moverdb.com\/de\/wp-json\/wp\/v2\/pages\/7520\/revisions"}],"predecessor-version":[{"id":7521,"href":"https:\/\/moverdb.com\/de\/wp-json\/wp\/v2\/pages\/7520\/revisions\/7521"}],"up":[{"embeddable":true,"href":"https:\/\/moverdb.com\/de\/wp-json\/wp\/v2\/pages\/190"}],"wp:attachment":[{"href":"https:\/\/moverdb.com\/de\/wp-json\/wp\/v2\/media?parent=7520"}],"curies":[{"name":"wp","href":"https:\/\/api.w.org\/{rel}","templated":true}]}}