{"id":7516,"date":"2023-02-01T14:01:04","date_gmt":"2023-02-01T14:01:04","guid":{"rendered":"https:\/\/moverdb.com\/?page_id=7516"},"modified":"2026-01-08T15:29:56","modified_gmt":"2026-01-08T15:29:56","slug":"umzugsunternehmen-guyana","status":"publish","type":"page","link":"https:\/\/moverdb.com\/de\/moving-companies\/moving-companies-guyana\/","title":{"rendered":"Die besten internationalen Umzugsunternehmen in Guyana"},"content":{"rendered":"<p>Wenn Sie einen Umzug nach oder von Guyana oder innerhalb Guyanas planen, ben\u00f6tigen Sie vielleicht Hilfe bei Ihrem Umzug. Professionell <a href=\"https:\/\/moverdb.com\/de\/moving-companies\/\" data-internallinksmanager029f6b8e52c=\"79\" title=\"Top 25 Internationale Umzugsunternehmen Online\">Umzugsunternehmen<\/a> k\u00f6nnen den Arbeitsaufwand beim Packen, Planen und Organisieren Ihres Umzugs verringern. Nachfolgend haben wir eine Liste von Umzugsunternehmen in Guyana zusammengestellt <a href=\"https:\/\/moverdb.com\/de\/international-removals\/\" data-internallinksmanager029f6b8e52c=\"27\" title=\"36 Beste internationale Umzugsunternehmen in Gro\u00dfbritannien\">Umzugsunternehmen<\/a> die Mitglieder der <a href=\"https:\/\/moverdb.com\/de\/iam\/\" data-internallinksmanager029f6b8e52c=\"23\" title=\"International Association of Movers (IAM) erkl\u00e4rt\">Internationaler Verband der M\u00f6belspediteure<\/a> (IAM) und\/oder <a href=\"https:\/\/moverdb.com\/de\/fidi-faim\/\" data-internallinksmanager029f6b8e52c=\"16\" title=\"FIDI &amp; FAIM (FIDI Accredited International Mover) Erl\u00e4utert\">FIDI<\/a> Accredited International Mover (FAIM), die Sie bei Ihrem Umzug unterst\u00fctzen k\u00f6nnen.<\/p>\n<p><strong>Guywillship<\/strong><\/p>\n<p><img loading=\"lazy\" decoding=\"async\" class=\"alignnone size-full wp-image-7448\" src=\"https:\/\/moverdb.com\/wp-content\/uploads\/Guywillship-international-moving-company.png\" alt=\"Guywillship internationales Umzugsunternehmen\" width=\"1440\" height=\"679\" data-wp-pid=\"7448\" srcset=\"https:\/\/moverdb.com\/wp-content\/uploads\/Guywillship-international-moving-company.png 1440w, https:\/\/moverdb.com\/wp-content\/uploads\/Guywillship-international-moving-company-300x141.png 300w, https:\/\/moverdb.com\/wp-content\/uploads\/Guywillship-international-moving-company-1024x483.png 1024w, https:\/\/moverdb.com\/wp-content\/uploads\/Guywillship-international-moving-company-18x8.png 18w, https:\/\/moverdb.com\/wp-content\/uploads\/Guywillship-international-moving-company-600x283.png 600w\" sizes=\"auto, (max-width: 1440px) 100vw, 1440px\" \/><\/p>\n<ul>\n<li>Bietet nur Abhol- und Lieferdienste an<\/li>\n<li>Spezialisiert auf <a href=\"https:\/\/moverdb.com\/de\/moving-to-the-united-states\/\" data-internallinksmanager029f6b8e52c=\"94\" title=\"Umzug in die Vereinigten Staaten? 2026 Lebenshaltungskosten &amp; Umzugstipps\">US<\/a> zu den Karibik-Lieferungen<\/li>\n<li>Umz\u00fcge nach \u00dcbersee<\/li>\n<li>Umz\u00fcge im Haushalt<\/li>\n<li>Kommerzielle Fracht<\/li>\n<li>Haus-zu-Haus-Dienst<\/li>\n<li>Stra\u00dfen-, See- und Luftverkehr<\/li>\n<li>Intelligente Verfolgung<\/li>\n<li>Konsolidierung von Sendungen<\/li>\n<li>Mitglied der IAM<\/li>\n<\/ul>\n<p>Guywillship ist ein Speditions- und Logistikunternehmen, das sich auf den Transport von Waren zwischen den USA und der Karibik spezialisiert hat. Das Unternehmen verf\u00fcgt \u00fcber mehr als 30 Jahre Erfahrung im G\u00fctertransport. Guywillship ist Mitglied der IAM und hat dadurch Zugang zu einem Netz von internationalen Umzugsunternehmen, die ihre Dienstleistungen anbieten.<\/p>\n<p>Guywillship bietet Abhol- und Zustelldienste von T\u00fcr zu T\u00fcr an, die f\u00fcr Umziehende geeignet sind. Sie bieten Luft- und Seefrachttransporte an, von denen sie bereits \u00fcber 200.000 durchgef\u00fchrt haben. Sie bieten pr\u00e4zise Tracking-Einrichtungen mit einer speziellen Cloud-Infrastruktur, die Sie \u00fcber Ihre Sendung auf dem Laufenden h\u00e4lt.<\/p>\n<p>Website: <a href=\"http:\/\/www.guywillship.com\" target=\"_blank\" rel=\"noopener\">http:\/\/www.guywillship.com<\/a><\/p>","protected":false},"excerpt":{"rendered":"<p>If you are planning a move to or from Guyana, or within Guyana, you may want some help with your move. Professional moving companies can reduce the work needed by packing, planning and organising your move. Below we have compiled a list of Guyana based removal companies that are members of the International Association of [&hellip;]<\/p>\n","protected":false},"author":4,"featured_media":0,"parent":190,"menu_order":0,"comment_status":"closed","ping_status":"closed","template":"","meta":{"_genesis_hide_title":false,"_genesis_hide_breadcrumbs":false,"_genesis_hide_singular_image":false,"_genesis_hide_footer_widgets":false,"_genesis_custom_body_class":"","_genesis_custom_post_class":"","_genesis_layout":"","footnotes":""},"class_list":{"0":"post-7516","1":"page","2":"type-page","3":"status-publish","5":"entry","6":"has-post-thumbnail"},"_links":{"self":[{"href":"https:\/\/moverdb.com\/de\/wp-json\/wp\/v2\/pages\/7516","targetHints":{"allow":["GET"]}}],"collection":[{"href":"https:\/\/moverdb.com\/de\/wp-json\/wp\/v2\/pages"}],"about":[{"href":"https:\/\/moverdb.com\/de\/wp-json\/wp\/v2\/types\/page"}],"author":[{"embeddable":true,"href":"https:\/\/moverdb.com\/de\/wp-json\/wp\/v2\/users\/4"}],"replies":[{"embeddable":true,"href":"https:\/\/moverdb.com\/de\/wp-json\/wp\/v2\/comments?post=7516"}],"version-history":[{"count":1,"href":"https:\/\/moverdb.com\/de\/wp-json\/wp\/v2\/pages\/7516\/revisions"}],"predecessor-version":[{"id":7517,"href":"https:\/\/moverdb.com\/de\/wp-json\/wp\/v2\/pages\/7516\/revisions\/7517"}],"up":[{"embeddable":true,"href":"https:\/\/moverdb.com\/de\/wp-json\/wp\/v2\/pages\/190"}],"wp:attachment":[{"href":"https:\/\/moverdb.com\/de\/wp-json\/wp\/v2\/media?parent=7516"}],"curies":[{"name":"wp","href":"https:\/\/api.w.org\/{rel}","templated":true}]}}