{"id":7514,"date":"2023-02-01T14:00:27","date_gmt":"2023-02-01T14:00:27","guid":{"rendered":"https:\/\/moverdb.com\/?page_id=7514"},"modified":"2026-01-08T15:23:43","modified_gmt":"2026-01-08T15:23:43","slug":"umzugsunternehmen-guinea","status":"publish","type":"page","link":"https:\/\/moverdb.com\/de\/moving-companies\/moving-companies-guinea\/","title":{"rendered":"Die 2 besten internationalen Umzugsunternehmen in Guinea"},"content":{"rendered":"<p>Wenn Sie einen Umzug planen, sei es zu Hause oder im B\u00fcro, kann dies eine stressige Zeit sein, in der viel Logistik und Papierkram zu erledigen sind. Dies ist, wo die Besch\u00e4ftigung eines <a href=\"https:\/\/moverdb.com\/de\/moving-companies\/\" data-internallinksmanager029f6b8e52c=\"79\" title=\"Top 25 Internationale Umzugsunternehmen Online\">Umzugsunternehmen<\/a> k\u00f6nnen helfen, die Belastung zu verringern. Im Folgenden haben wir eine Liste von Guinea-basierten <a href=\"https:\/\/moverdb.com\/de\/international-removals\/\" data-internallinksmanager029f6b8e52c=\"27\" title=\"36 Beste internationale Umzugsunternehmen in Gro\u00dfbritannien\">Umzugsunternehmen<\/a> die Mitglieder der <a href=\"https:\/\/moverdb.com\/de\/iam\/\" data-internallinksmanager029f6b8e52c=\"23\" title=\"International Association of Movers (IAM) erkl\u00e4rt\">Internationaler Verband der M\u00f6belspediteure<\/a> (IAM) und\/oder <a href=\"https:\/\/moverdb.com\/de\/fidi-faim\/\" data-internallinksmanager029f6b8e52c=\"16\" title=\"FIDI &amp; FAIM (FIDI Accredited International Mover) Erl\u00e4utert\">FIDI<\/a> Accredited International Mover (FAIM), die Ihnen bei Ihrem Umzug helfen k\u00f6nnten.<\/p>\n<h2><strong>1. Soguifret<\/strong><\/h2>\n<p><img loading=\"lazy\" decoding=\"async\" class=\"alignnone size-full wp-image-7489\" src=\"https:\/\/moverdb.com\/wp-content\/uploads\/Soguifret-international-moving-company.png\" alt=\"Soguifret internationales Umzugsunternehmen\" width=\"1440\" height=\"679\" data-wp-pid=\"7489\" srcset=\"https:\/\/moverdb.com\/wp-content\/uploads\/Soguifret-international-moving-company.png 1440w, https:\/\/moverdb.com\/wp-content\/uploads\/Soguifret-international-moving-company-300x141.png 300w, https:\/\/moverdb.com\/wp-content\/uploads\/Soguifret-international-moving-company-1024x483.png 1024w, https:\/\/moverdb.com\/wp-content\/uploads\/Soguifret-international-moving-company-18x8.png 18w, https:\/\/moverdb.com\/wp-content\/uploads\/Soguifret-international-moving-company-600x283.png 600w\" sizes=\"auto, (max-width: 1440px) 100vw, 1440px\" \/><\/p>\n<ul>\n<li>Nationale Umz\u00fcge<\/li>\n<li>Internationale Umz\u00fcge<\/li>\n<li>Umz\u00fcge im Haushalt<\/li>\n<li>B\u00fcroumz\u00fcge<\/li>\n<li>Haus-zu-Haus-Dienst<\/li>\n<li>Verpackungsservice<\/li>\n<li>Auswahl an Containeroptionen<\/li>\n<li>Organisation des Transports<\/li>\n<li>Zollabfertigung<\/li>\n<li>Internationale Netzwerke<\/li>\n<\/ul>\n<p>Soguifret ist ein 1989 in Guinea gegr\u00fcndetes Transport- und Speditionsunternehmen. Sie ist Teil der Universal Freight Organisation, die 120 L\u00e4nder abdeckt, und Mitglied der IAM, die seit 34 Jahren in 170 L\u00e4ndern t\u00e4tig ist. \u00dcber ihre Netzwerke arbeiten sie mit internationalen Umzugskunden zusammen.<\/p>\n<p>Soguifret bietet nationale und internationale Umzugsdienste von T\u00fcr zu T\u00fcr f\u00fcr Haushalte und B\u00fcros an. Das Unternehmen ist f\u00fcr eine Vielzahl von Personen t\u00e4tig, darunter Botschaften und das Friedenskorps. Sie bieten eine Auswahl an Containern an, die weniger als Containerladungen und volle Containerladungen umfassen. Das Unternehmen organisiert den Transport Ihrer G\u00fcter und f\u00fchrt die Zollabfertigung durch.<\/p>\n<p>Website: <a href=\"http:\/\/www.soguifret.com\" target=\"_blank\" rel=\"noopener\">http:\/\/www.soguifret.com<\/a><\/p>\n<h2><strong>2. JVK<\/strong><\/h2>\n<p><img loading=\"lazy\" decoding=\"async\" class=\"alignnone size-full wp-image-7459\" src=\"https:\/\/moverdb.com\/wp-content\/uploads\/JVK-Guinea-international-moving-company.png\" alt=\"JVK Guinea internationales Umzugsunternehmen\" width=\"1440\" height=\"680\" data-wp-pid=\"7459\" srcset=\"https:\/\/moverdb.com\/wp-content\/uploads\/JVK-Guinea-international-moving-company.png 1440w, https:\/\/moverdb.com\/wp-content\/uploads\/JVK-Guinea-international-moving-company-300x142.png 300w, https:\/\/moverdb.com\/wp-content\/uploads\/JVK-Guinea-international-moving-company-1024x484.png 1024w, https:\/\/moverdb.com\/wp-content\/uploads\/JVK-Guinea-international-moving-company-18x9.png 18w, https:\/\/moverdb.com\/wp-content\/uploads\/JVK-Guinea-international-moving-company-600x283.png 600w\" sizes=\"auto, (max-width: 1440px) 100vw, 1440px\" \/><\/p>\n<ul>\n<li>Nationale Umz\u00fcge<\/li>\n<li>Internationale Umz\u00fcge<\/li>\n<li>Umzugsservice<\/li>\n<li>Umz\u00fcge im Haushalt<\/li>\n<li>B\u00fcroumz\u00fcge<\/li>\n<li>Verpackungsservice<\/li>\n<li>Hochwertige Verpackungsmaterialien<\/li>\n<li>Stra\u00dfen-, See- und Luftverkehr<\/li>\n<li>Zollformalit\u00e4ten<\/li>\n<li>Kurz- bis langfristige Lagereinrichtungen<\/li>\n<\/ul>\n<p>JVK ist ein internationales Umzugsunternehmen, das \u00fcber ein Netz von Niederlassungen in Afrika, Asien und dem Pazifik verf\u00fcgt. Das Unternehmen hat ein B\u00fcro in Conakry, Guinea, wurde aber in <a href=\"https:\/\/moverdb.com\/de\/moving-to-thailand\/\" data-internallinksmanager029f6b8e52c=\"318\" title=\"Umzug nach Thailand? 2026 Lebenshaltungskosten &amp; Umzugstipps\">Thailand<\/a> im Jahr 1979. Das Unternehmen ist Mitglied der IAM und verf\u00fcgt \u00fcber ein Netz von internationalen Umzugsagenten, die dort helfen, wo sie nicht vertreten sind.<\/p>\n<p>JVK bietet eine Vorabbesichtigung an, um Ihren Umzugsbedarf zu ermitteln, ein Umzugsangebot zu erstellen und Ihren Umzug zu planen. Sie bieten einen T\u00fcr-zu-T\u00fcr-Service an, der das sichere Verpacken Ihrer Sachen mit hochwertigen Materialien und speziellen Kisten f\u00fcr zerbrechliche Gegenst\u00e4nde umfasst. Sie arrangieren den Transport per Stra\u00dfe, Schiff oder Flugzeug und koordinieren die Zollformalit\u00e4ten.<\/p>\n<p>Website: <a href=\"http:\/\/www.jvkpacific.com\" target=\"_blank\" rel=\"noopener\">http:\/\/www.jvkpacific.com<\/a><\/p>","protected":false},"excerpt":{"rendered":"<p>When you are planning a move whether that is your home or office, it can be stressful time with a lot of logistics to manage and paperwork. This is where employing a moving company can help to ease the burden. Below we have compiled a list of Guinea based removal companies that are members of [&hellip;]<\/p>\n","protected":false},"author":4,"featured_media":0,"parent":190,"menu_order":0,"comment_status":"closed","ping_status":"closed","template":"","meta":{"_genesis_hide_title":false,"_genesis_hide_breadcrumbs":false,"_genesis_hide_singular_image":false,"_genesis_hide_footer_widgets":false,"_genesis_custom_body_class":"","_genesis_custom_post_class":"","_genesis_layout":"","footnotes":""},"class_list":{"0":"post-7514","1":"page","2":"type-page","3":"status-publish","5":"entry","6":"has-post-thumbnail"},"_links":{"self":[{"href":"https:\/\/moverdb.com\/de\/wp-json\/wp\/v2\/pages\/7514","targetHints":{"allow":["GET"]}}],"collection":[{"href":"https:\/\/moverdb.com\/de\/wp-json\/wp\/v2\/pages"}],"about":[{"href":"https:\/\/moverdb.com\/de\/wp-json\/wp\/v2\/types\/page"}],"author":[{"embeddable":true,"href":"https:\/\/moverdb.com\/de\/wp-json\/wp\/v2\/users\/4"}],"replies":[{"embeddable":true,"href":"https:\/\/moverdb.com\/de\/wp-json\/wp\/v2\/comments?post=7514"}],"version-history":[{"count":1,"href":"https:\/\/moverdb.com\/de\/wp-json\/wp\/v2\/pages\/7514\/revisions"}],"predecessor-version":[{"id":7515,"href":"https:\/\/moverdb.com\/de\/wp-json\/wp\/v2\/pages\/7514\/revisions\/7515"}],"up":[{"embeddable":true,"href":"https:\/\/moverdb.com\/de\/wp-json\/wp\/v2\/pages\/190"}],"wp:attachment":[{"href":"https:\/\/moverdb.com\/de\/wp-json\/wp\/v2\/media?parent=7514"}],"curies":[{"name":"wp","href":"https:\/\/api.w.org\/{rel}","templated":true}]}}