{"id":7512,"date":"2023-02-01T13:59:57","date_gmt":"2023-02-01T13:59:57","guid":{"rendered":"https:\/\/moverdb.com\/?page_id=7512"},"modified":"2026-01-08T15:24:16","modified_gmt":"2026-01-08T15:24:16","slug":"umzugsunternehmen-guatemala","status":"publish","type":"page","link":"https:\/\/moverdb.com\/de\/moving-companies\/moving-companies-guatemala\/","title":{"rendered":"Die 3 besten internationalen Umzugsunternehmen in Guatemala"},"content":{"rendered":"<p>Ziehen Sie nach, von oder innerhalb Guatemalas um? Dann sind Sie vielleicht an den Dienstleistungen eines <a href=\"https:\/\/moverdb.com\/de\/moving-companies\/\" data-internallinksmanager029f6b8e52c=\"79\" title=\"Top 25 Internationale Umzugsunternehmen Online\">Umzugsunternehmen<\/a> die bei Verpackung, Transport und Zollformalit\u00e4ten helfen k\u00f6nnen. Im Folgenden haben wir eine Liste der in Guatemala ans\u00e4ssigen <a href=\"https:\/\/moverdb.com\/de\/international-removals\/\" data-internallinksmanager029f6b8e52c=\"27\" title=\"36 Beste internationale Umzugsunternehmen in Gro\u00dfbritannien\">Umzugsunternehmen<\/a> die Mitglieder der <a href=\"https:\/\/moverdb.com\/de\/iam\/\" data-internallinksmanager029f6b8e52c=\"23\" title=\"International Association of Movers (IAM) erkl\u00e4rt\">Internationaler Verband der M\u00f6belspediteure<\/a> (IAM) und\/oder <a href=\"https:\/\/moverdb.com\/de\/fidi-faim\/\" data-internallinksmanager029f6b8e52c=\"16\" title=\"FIDI &amp; FAIM (FIDI Accredited International Mover) Erl\u00e4utert\">FIDI<\/a> Accredited International Mover (FAIM), die Sie bei Ihrem Umzug unterst\u00fctzen k\u00f6nnen.<\/p>\n<h2><strong>1. Brizmud<\/strong><\/h2>\n<p><img loading=\"lazy\" decoding=\"async\" class=\"alignnone size-full wp-image-7422\" src=\"https:\/\/moverdb.com\/wp-content\/uploads\/Brizmud-international-moving-company.png\" alt=\"Brizmud internationales Umzugsunternehmen\" width=\"1440\" height=\"686\" data-wp-pid=\"7422\" srcset=\"https:\/\/moverdb.com\/wp-content\/uploads\/Brizmud-international-moving-company.png 1440w, https:\/\/moverdb.com\/wp-content\/uploads\/Brizmud-international-moving-company-300x143.png 300w, https:\/\/moverdb.com\/wp-content\/uploads\/Brizmud-international-moving-company-1024x488.png 1024w, https:\/\/moverdb.com\/wp-content\/uploads\/Brizmud-international-moving-company-18x9.png 18w, https:\/\/moverdb.com\/wp-content\/uploads\/Brizmud-international-moving-company-600x286.png 600w\" sizes=\"auto, (max-width: 1440px) 100vw, 1440px\" \/><\/p>\n<ul>\n<li>Nationale Umz\u00fcge<\/li>\n<li>Internationale Umz\u00fcge<\/li>\n<li>Umzugsdienste<\/li>\n<li>Umz\u00fcge im Haushalt<\/li>\n<li>Verpackungsdienstleistungen<\/li>\n<li>Stra\u00dfen-, See- und Luftverkehr<\/li>\n<li>Zollpapiere<\/li>\n<li>Transport von Kunstwerken<\/li>\n<li>Netzwerk von internationalen Agenten<\/li>\n<li>Lagereinrichtungen<\/li>\n<\/ul>\n<p>Brizmud ist ein lokales und internationales Umzugsunternehmen mit Sitz in Guatemala. Das Unternehmen bietet Umzugsdienstleistungen f\u00fcr Haushalte an. Sie verf\u00fcgen \u00fcber ein Netz von qualifizierten Lieferanten und Agenten, die es ihnen erm\u00f6glichen, in anderen L\u00e4ndern t\u00e4tig zu werden. Das Unternehmen ist seit f\u00fcnf Jahren Mitglied der IAM.<\/p>\n<p>Brizmud bietet seinen Kunden eine pers\u00f6nliche Betreuung und passt sein Umzugsangebot an die Bed\u00fcrfnisse der Kunden an. Das Unternehmen bietet eine Reihe von Umzugsdienstleistungen an, darunter das sichere Verpacken Ihrer Sachen, die Organisation des Stra\u00dfen-, See- oder Lufttransports und die Unterst\u00fctzung bei der Erledigung der Zollformalit\u00e4ten. Bei Bedarf bietet das Unternehmen auch Lagerm\u00f6glichkeiten an.<\/p>\n<p>Website: <a href=\"https:\/\/brizmud.com\/\" target=\"_blank\" rel=\"noopener\">https:\/\/brizmud.com\/<\/a><\/p>\n<h2><strong>2. Intermud<\/strong><\/h2>\n<p><img loading=\"lazy\" decoding=\"async\" class=\"alignnone size-full wp-image-7457\" src=\"https:\/\/moverdb.com\/wp-content\/uploads\/Intermud-international-moving-company.png\" alt=\"Intermud Internationales Umzugsunternehmen\" width=\"1440\" height=\"683\" data-wp-pid=\"7457\" srcset=\"https:\/\/moverdb.com\/wp-content\/uploads\/Intermud-international-moving-company.png 1440w, https:\/\/moverdb.com\/wp-content\/uploads\/Intermud-international-moving-company-300x142.png 300w, https:\/\/moverdb.com\/wp-content\/uploads\/Intermud-international-moving-company-1024x486.png 1024w, https:\/\/moverdb.com\/wp-content\/uploads\/Intermud-international-moving-company-18x9.png 18w, https:\/\/moverdb.com\/wp-content\/uploads\/Intermud-international-moving-company-600x285.png 600w\" sizes=\"auto, (max-width: 1440px) 100vw, 1440px\" \/><\/p>\n<ul>\n<li>Nationale Umz\u00fcge<\/li>\n<li>Internationale Umz\u00fcge<\/li>\n<li>Umz\u00fcge in Wohnungen<\/li>\n<li>B\u00fcroumz\u00fcge<\/li>\n<li>Umzugsberatung<\/li>\n<li>Verpackungsdienstleistungen<\/li>\n<li>Demontage und Montage von M\u00f6beln<\/li>\n<li>Transport auf dem Land-, See- und Luftweg<\/li>\n<li>Unterst\u00fctzung durch den Zoll<\/li>\n<li>Lagereinrichtungen<\/li>\n<\/ul>\n<p>Intermud ist ein in Guatemala ans\u00e4ssiges Umzugs- und Logistikunternehmen mit \u00fcber 35 Jahren Erfahrung in der Personenbef\u00f6rderung. Das Unternehmen ist seit 40 Jahren Mitglied der IAM und ist von der FIDI akkreditiert. Durch ihre Mitgliedschaften haben sie Zugang zu einem internationalen Netzwerk von Umzugsagenten, die sie bei Umz\u00fcgen ins Ausland unterst\u00fctzen.<\/p>\n<p>Intermud bietet sowohl Wohn- als auch B\u00fcroumz\u00fcge im In- und Ausland an. F\u00fcr Privatkunden bietet das Unternehmen Ein- und Auspackservice, vor\u00fcbergehende M\u00f6belvermietung und Lagerm\u00f6glichkeiten. F\u00fcr B\u00fcroumz\u00fcge bietet Intermud von kleinen B\u00fcros bis hin zu gro\u00dfen Geb\u00e4uden einen Ein- und Auspackservice, die Demontage und Montage von M\u00f6beln und die sichere Verpackung von elektronischen Ger\u00e4ten.<\/p>\n<p>Website: <a href=\"http:\/\/www.intermud.com\" target=\"_blank\" rel=\"noopener\">http:\/\/www.intermud.com<\/a><\/p>\n<h2><strong>3. Schweizer Global Movers<\/strong><\/h2>\n<p><img loading=\"lazy\" decoding=\"async\" class=\"alignnone size-full wp-image-7493\" src=\"https:\/\/moverdb.com\/wp-content\/uploads\/Swiss-Global-Movers-international-moving-company.png\" alt=\"Swiss Global Movers internationales Umzugsunternehmen\" width=\"1440\" height=\"683\" data-wp-pid=\"7493\" srcset=\"https:\/\/moverdb.com\/wp-content\/uploads\/Swiss-Global-Movers-international-moving-company.png 1440w, https:\/\/moverdb.com\/wp-content\/uploads\/Swiss-Global-Movers-international-moving-company-300x142.png 300w, https:\/\/moverdb.com\/wp-content\/uploads\/Swiss-Global-Movers-international-moving-company-1024x486.png 1024w, https:\/\/moverdb.com\/wp-content\/uploads\/Swiss-Global-Movers-international-moving-company-18x9.png 18w, https:\/\/moverdb.com\/wp-content\/uploads\/Swiss-Global-Movers-international-moving-company-600x285.png 600w\" sizes=\"auto, (max-width: 1440px) 100vw, 1440px\" \/><\/p>\n<ul>\n<li>Lokale Umz\u00fcge<\/li>\n<li>Internationale Umz\u00fcge<\/li>\n<li>Umz\u00fcge im Haushalt<\/li>\n<li>Firmenumz\u00fcge<\/li>\n<li>T\u00fcr-zu-T\u00fcr-L\u00f6sungen<\/li>\n<li>Qualifiziertes Personal<\/li>\n<li>Verpackungsservice<\/li>\n<li>Organisation des Transports<\/li>\n<li>Zolldienste<\/li>\n<li>Lagereinrichtungen<\/li>\n<\/ul>\n<p>Swiss Global Movers ist ein Umzugs- und Logistikdienstleister mit Sitz in Guatemala-Stadt, der auf \u00fcber 20 Jahre Erfahrung zur\u00fcckblicken kann. Sie arbeiten in Partnerschaft mit anderen Unternehmen, um einen umfassenden Service mit weltweiter Abdeckung zu bieten. Sie sind seit 42 Jahren Mitglied der IAM.<\/p>\n<p>Swiss Global Movers stellt qualifiziertes Personal zur Verf\u00fcgung, das Sie ber\u00e4t und bei der Planung Ihres Umzugs hilft. Sie bieten einen T\u00fcr-zu-T\u00fcr-Service an, der auch das Ein- und Auspacken umfasst, und k\u00f6nnen bei Bedarf eine Zwischenlagerung anbieten. Sie arrangieren den Transport Ihres Eigentums, einschlie\u00dflich der Abwicklung von Import- und Exportprozessen mit den Zolldiensten.<\/p>\n<p>Website: <a href=\"https:\/\/swissglobalmovers.com.gt\/\" target=\"_blank\" rel=\"noopener\">https:\/\/swissglobalmovers.com.gt\/<\/a><\/p>","protected":false},"excerpt":{"rendered":"<p>Are you moving to or from, or within Guatemala? Then you might be interested in the services of a moving company that can assist with packing, transportation and customs formalities. Below we have compiled a list of Guatemala based removal companies that are members of the International Association of Movers (IAM) and\/or FIDI Accredited International [&hellip;]<\/p>\n","protected":false},"author":4,"featured_media":0,"parent":190,"menu_order":0,"comment_status":"closed","ping_status":"closed","template":"","meta":{"_genesis_hide_title":false,"_genesis_hide_breadcrumbs":false,"_genesis_hide_singular_image":false,"_genesis_hide_footer_widgets":false,"_genesis_custom_body_class":"","_genesis_custom_post_class":"","_genesis_layout":"","footnotes":""},"class_list":{"0":"post-7512","1":"page","2":"type-page","3":"status-publish","5":"entry","6":"has-post-thumbnail"},"_links":{"self":[{"href":"https:\/\/moverdb.com\/de\/wp-json\/wp\/v2\/pages\/7512","targetHints":{"allow":["GET"]}}],"collection":[{"href":"https:\/\/moverdb.com\/de\/wp-json\/wp\/v2\/pages"}],"about":[{"href":"https:\/\/moverdb.com\/de\/wp-json\/wp\/v2\/types\/page"}],"author":[{"embeddable":true,"href":"https:\/\/moverdb.com\/de\/wp-json\/wp\/v2\/users\/4"}],"replies":[{"embeddable":true,"href":"https:\/\/moverdb.com\/de\/wp-json\/wp\/v2\/comments?post=7512"}],"version-history":[{"count":1,"href":"https:\/\/moverdb.com\/de\/wp-json\/wp\/v2\/pages\/7512\/revisions"}],"predecessor-version":[{"id":7513,"href":"https:\/\/moverdb.com\/de\/wp-json\/wp\/v2\/pages\/7512\/revisions\/7513"}],"up":[{"embeddable":true,"href":"https:\/\/moverdb.com\/de\/wp-json\/wp\/v2\/pages\/190"}],"wp:attachment":[{"href":"https:\/\/moverdb.com\/de\/wp-json\/wp\/v2\/media?parent=7512"}],"curies":[{"name":"wp","href":"https:\/\/api.w.org\/{rel}","templated":true}]}}